{"id":9779,"date":"2024-03-26T13:46:47","date_gmt":"2024-03-26T12:46:47","guid":{"rendered":"https:\/\/artapartamento.com\/?page_id=9779"},"modified":"2024-03-26T13:52:03","modified_gmt":"2024-03-26T12:52:03","slug":"%e5%a4%8d%e5%8e%9f-2%e3%80%8b%e7%b3%bb%e5%88%97%e4%b8%ad%e7%9a%84%e6%97%a0%e9%a2%98","status":"publish","type":"page","link":"https:\/\/artapartamento.com\/zh\/artistas\/arles-del-rio-2\/sin-titulo-de-la-serie-resilience-2\/","title":{"rendered":"\u65e0\u9898\uff0c\u9009\u81ea\u590d\u539f\u529b\u7cfb\u5217"},"content":{"rendered":"<div data-elementor-type=\"wp-page\" data-elementor-id=\"9779\" class=\"elementor elementor-9779\" data-elementor-post-type=\"page\">\n\t\t\t\t<div class=\"elementor-element elementor-element-4ae8e837 e-con-full e-flex e-con e-parent\" data-id=\"4ae8e837\" data-element_type=\"container\" data-e-type=\"container\" data-settings=\"{&quot;background_background&quot;:&quot;classic&quot;}\">\n\t\t<div class=\"elementor-element elementor-element-4353a983 e-con-full e-flex e-con e-child\" data-id=\"4353a983\" data-element_type=\"container\" data-e-type=\"container\">\n\t\t\t\t<div class=\"elementor-element elementor-element-17865056 elementor-widget elementor-widget-image-carousel\" data-id=\"17865056\" data-element_type=\"widget\" data-e-type=\"widget\" data-settings=\"{&quot;slides_to_show&quot;:&quot;1&quot;,&quot;navigation&quot;:&quot;none&quot;,&quot;autoplay&quot;:&quot;yes&quot;,&quot;pause_on_hover&quot;:&quot;yes&quot;,&quot;pause_on_interaction&quot;:&quot;yes&quot;,&quot;autoplay_speed&quot;:5000,&quot;infinite&quot;:&quot;yes&quot;,&quot;effect&quot;:&quot;slide&quot;,&quot;speed&quot;:500}\" data-widget_type=\"image-carousel.default\">\n\t\t\t\t<div class=\"elementor-widget-container\">\n\t\t\t\t\t\t\t<div class=\"elementor-image-carousel-wrapper swiper\" role=\"region\" aria-roledescription=\"carousel\" aria-label=\"\u56fe\u50cf\u65cb\u8f6c\u6728\u9a6c\" dir=\"ltr\">\n\t\t\t<div class=\"elementor-image-carousel swiper-wrapper swiper-image-stretch\" aria-live=\"off\">\n\t\t\t\t\t\t\t\t<div class=\"swiper-slide\" role=\"group\" aria-roledescription=\"slide\" aria-label=\"1 of 2\"><a data-elementor-open-lightbox=\"yes\" data-elementor-lightbox-slideshow=\"17865056\" data-e-action-hash=\"#elementor-action%3Aaction%3Dlightbox%26settings%3DeyJpZCI6OTc3NywidXJsIjoiaHR0cHM6XC9cL2FydGFwYXJ0YW1lbnRvLmNvbVwvd3AtY29udGVudFwvdXBsb2Fkc1wvMjAyNFwvMDNcL2NlcmEtZ3Jpcy1zY2FsZWQuanBnLndlYnAiLCJzbGlkZXNob3ciOiIxNzg2NTA1NiJ9\" href=\"https:\/\/artapartamento.com\/wp-content\/uploads\/2024\/03\/cera-gris-scaled.jpg.webp\"><figure class=\"swiper-slide-inner\"><img decoding=\"async\" class=\"swiper-slide-image\" src=\"https:\/\/artapartamento.com\/wp-content\/uploads\/2024\/03\/cera-gris-scaled.jpg.webp\" alt=\"\u963f\u5c14\u52d2-\u5fb7\u5c14\u91cc\u5965\" \/><\/figure><\/a><\/div><div class=\"swiper-slide\" role=\"group\" aria-roledescription=\"slide\" aria-label=\"2 of 2\"><a data-elementor-open-lightbox=\"yes\" data-elementor-lightbox-slideshow=\"17865056\" data-e-action-hash=\"#elementor-action%3Aaction%3Dlightbox%26settings%3DeyJpZCI6OTc4NiwidXJsIjoiaHR0cHM6XC9cL2FydGFwYXJ0YW1lbnRvLmNvbVwvd3AtY29udGVudFwvdXBsb2Fkc1wvMjAyNFwvMDNcL2NlcmEtZ3Jpc0IuanBnLndlYnAiLCJzbGlkZXNob3ciOiIxNzg2NTA1NiJ9\" href=\"https:\/\/artapartamento.com\/wp-content\/uploads\/2024\/03\/cera-grisB.jpg.webp\"><figure class=\"swiper-slide-inner\"><img decoding=\"async\" class=\"swiper-slide-image\" src=\"https:\/\/artapartamento.com\/wp-content\/uploads\/2024\/03\/cera-grisB.jpg.webp\" alt=\"\u963f\u5c14\u52d2-\u5fb7\u5c14\u91cc\u5965\" \/><\/figure><\/a><\/div>\t\t\t<\/div>\n\t\t\t\t\t\t\t\n\t\t\t\t\t\t\t\t\t<\/div>\n\t\t\t\t\t\t<\/div>\n\t\t\t\t<\/div>\n\t\t\t\t<\/div>\n\t\t<div class=\"elementor-element elementor-element-4f303b62 e-con-full e-flex e-con e-child\" data-id=\"4f303b62\" data-element_type=\"container\" data-e-type=\"container\">\n\t\t\t\t<div class=\"elementor-element elementor-element-61ebfd2d elementor-widget elementor-widget-heading\" data-id=\"61ebfd2d\" data-element_type=\"widget\" data-e-type=\"widget\" data-widget_type=\"heading.default\">\n\t\t\t\t<div class=\"elementor-widget-container\">\n\t\t\t\t\t<h2 class=\"elementor-heading-title elementor-size-default\"><a href=\"https:\/\/artapartamento.com\/zh\/category\/artistas\/arles-del-rio\/\" rel=\"tag\">\u963f\u5c14\u52d2-\u5fb7\u5c14\u91cc\u5965<\/a><\/h2>\t\t\t\t<\/div>\n\t\t\t\t<\/div>\n\t\t\t\t<div class=\"elementor-element elementor-element-cfbdd35 elementor-widget elementor-widget-text-editor\" data-id=\"cfbdd35\" data-element_type=\"widget\" data-e-type=\"widget\" data-widget_type=\"text-editor.default\">\n\t\t\t\t<div class=\"elementor-widget-container\">\n\t\t\t\t\t\t\t\t\t<p>\u65e0\u9898\u300b\uff0c\u9009\u81ea\u300a\u590d\u539f\u300b\u7cfb\u5217\uff0c2019 \u5e74 <br \/>\u77f3\u8721\u548c\u8702\u8721\u753b\u5e03 <br \/>130 x 90 \u5398\u7c73\uff0851 x 35.4 \u82f1\u5bf8\uff09<\/p>\t\t\t\t\t\t\t\t<\/div>\n\t\t\t\t<\/div>\n\t\t\t\t<div class=\"elementor-element elementor-element-50bd17ef elementor-widget elementor-widget-text-editor\" data-id=\"50bd17ef\" data-element_type=\"widget\" data-e-type=\"widget\" data-widget_type=\"text-editor.default\">\n\t\t\t\t<div class=\"elementor-widget-container\">\n\t\t\t\t\t\t\t\t\t<p>\u827a\u672f\u5bb6\u8c61\u5f81\u6027\u5730\u3001\u5ba1\u7f8e\u6027\u5730\u4f7f\u7528\u4e86\u878d\u5316\u7684\u8721\u70db\u8fd9\u4e00\u4e3b\u9898\uff0c\u5b83\u6307\u5411\u521b\u9020\u7684\u539f\u7406\uff08\u8574\u542b\u5728\u751f\u4e0e\u6b7b\u7684\u903b\u8f91\u4e2d\uff09\uff0c\u4ee5\u53ca\u897f\u65b9\u827a\u672f\u53f2\u4e0a\u7684\u4e0d\u540c\u5173\u952e\u65f6\u523b\u3002\u8721\u70db\u5728\u753b\u9762\u7a7a\u95f4\u4e2d\u83b7\u5f97\u4e86\u65b0\u7684\u751f\u547d\u3002\u8721\u4e0e\u8272\u5f69\u3001\u9057\u5fd8\u4e0e\u8bb0\u5fc6\u7684\u5e76\u7f6e\u6240\u4ea7\u751f\u7684\u9a6c\u8d5b\u514b\uff0c\u5c06\u827a\u672f\u4e0e\u751f\u6d3b\u7684\u5176\u4ed6\u7406\u89e3\u65b9\u5f0f\u5177\u4f53\u5316\u3002<\/p>\t\t\t\t\t\t\t\t<\/div>\n\t\t\t\t<\/div>\n\t\t\t\t<div class=\"elementor-element elementor-element-7a44abbc elementor-align-left elementor-widget elementor-widget-button\" data-id=\"7a44abbc\" data-element_type=\"widget\" data-e-type=\"widget\" data-widget_type=\"button.default\">\n\t\t\t\t<div class=\"elementor-widget-container\">\n\t\t\t\t\t\t\t\t\t<div class=\"elementor-button-wrapper\">\n\t\t\t\t\t<a class=\"elementor-button elementor-size-sm\" role=\"button\">\n\t\t\t\t\t\t<span class=\"elementor-button-content-wrapper\">\n\t\t\t\t\t\t\t\t\t<span class=\"elementor-button-text\">\u54a8\u8be2<\/span>\n\t\t\t\t\t<\/span>\n\t\t\t\t\t<\/a>\n\t\t\t\t<\/div>\n\t\t\t\t\t\t\t\t<\/div>\n\t\t\t\t<\/div>\n\t\t\t\t<\/div>\n\t\t\t\t<\/div>\n\t\t\t\t<\/div>","protected":false},"excerpt":{"rendered":"<p>Sin t\u00edtulo, de la serie Resilience, 2019 Parafina y cera de abeja sobre lienzo 130 x 90 cm (51 x 35.4 in) El artista utiliza simb\u00f3lica y est\u00e9ticamente el motivo de la vela derretida, que apunta hacia el principio mismo de la creaci\u00f3n (inserto en la l\u00f3gica del nacimiento y la muerte), as\u00ed como a [&hellip;]<\/p>\n","protected":false},"author":1,"featured_media":9777,"parent":3189,"menu_order":0,"comment_status":"closed","ping_status":"closed","template":"","meta":{"_acf_changed":false,"footnotes":"","_links_to":"","_links_to_target":""},"categories":[43],"tags":[65],"class_list":["post-9779","page","type-page","status-publish","has-post-thumbnail","hentry","category-arles-del-rio","tag-obra","post","post-with-thumbnail","post-with-thumbnail-large"],"acf":[],"aioseo_notices":[],"_links":{"self":[{"href":"https:\/\/artapartamento.com\/zh\/wp-json\/wp\/v2\/pages\/9779","targetHints":{"allow":["GET"]}}],"collection":[{"href":"https:\/\/artapartamento.com\/zh\/wp-json\/wp\/v2\/pages"}],"about":[{"href":"https:\/\/artapartamento.com\/zh\/wp-json\/wp\/v2\/types\/page"}],"author":[{"embeddable":true,"href":"https:\/\/artapartamento.com\/zh\/wp-json\/wp\/v2\/users\/1"}],"replies":[{"embeddable":true,"href":"https:\/\/artapartamento.com\/zh\/wp-json\/wp\/v2\/comments?post=9779"}],"version-history":[{"count":0,"href":"https:\/\/artapartamento.com\/zh\/wp-json\/wp\/v2\/pages\/9779\/revisions"}],"up":[{"embeddable":true,"href":"https:\/\/artapartamento.com\/zh\/wp-json\/wp\/v2\/pages\/3189"}],"wp:featuredmedia":[{"embeddable":true,"href":"https:\/\/artapartamento.com\/zh\/wp-json\/wp\/v2\/media\/9777"}],"wp:attachment":[{"href":"https:\/\/artapartamento.com\/zh\/wp-json\/wp\/v2\/media?parent=9779"}],"wp:term":[{"taxonomy":"category","embeddable":true,"href":"https:\/\/artapartamento.com\/zh\/wp-json\/wp\/v2\/categories?post=9779"},{"taxonomy":"post_tag","embeddable":true,"href":"https:\/\/artapartamento.com\/zh\/wp-json\/wp\/v2\/tags?post=9779"}],"curies":[{"name":"wp","href":"https:\/\/api.w.org\/{rel}","templated":true}]}}