{"id":7883,"date":"2024-01-16T13:34:10","date_gmt":"2024-01-16T12:34:10","guid":{"rendered":"https:\/\/artapartamento.com\/?page_id=7883"},"modified":"2024-01-16T14:03:40","modified_gmt":"2024-01-16T13:03:40","slug":"%e6%97%a0%e9%a2%98%e7%b3%bb%e5%88%97%e4%b9%8b%e4%b8%9c%e7%ba%bf-2","status":"publish","type":"page","link":"https:\/\/artapartamento.com\/zh\/artistas\/raul-diaz-reyes\/sin-titulo-de-la-serie-fronteira-oeste-2\/","title":{"rendered":"\u65e0\u9898\uff0c\u9009\u81ea\u300a\u897f\u90e8\u8fb9\u7586\u300b\uff08Fronteira Oeste\uff09\u7cfb\u5217"},"content":{"rendered":"<div data-elementor-type=\"wp-page\" data-elementor-id=\"7883\" class=\"elementor elementor-7883\" data-elementor-post-type=\"page\">\n\t\t\t\t<div class=\"elementor-element elementor-element-77e14e0a e-con-full e-flex e-con e-parent\" data-id=\"77e14e0a\" data-element_type=\"container\" data-e-type=\"container\" data-settings=\"{&quot;background_background&quot;:&quot;classic&quot;}\">\n\t\t<div class=\"elementor-element elementor-element-718a642f e-con-full e-flex e-con e-child\" data-id=\"718a642f\" data-element_type=\"container\" data-e-type=\"container\">\n\t\t\t\t<div class=\"elementor-element elementor-element-a34c1f8 elementor-widget elementor-widget-image-carousel\" data-id=\"a34c1f8\" data-element_type=\"widget\" data-e-type=\"widget\" data-settings=\"{&quot;slides_to_show&quot;:&quot;1&quot;,&quot;navigation&quot;:&quot;none&quot;,&quot;autoplay&quot;:&quot;yes&quot;,&quot;pause_on_hover&quot;:&quot;yes&quot;,&quot;pause_on_interaction&quot;:&quot;yes&quot;,&quot;autoplay_speed&quot;:5000,&quot;infinite&quot;:&quot;yes&quot;,&quot;effect&quot;:&quot;slide&quot;,&quot;speed&quot;:500}\" data-widget_type=\"image-carousel.default\">\n\t\t\t\t<div class=\"elementor-widget-container\">\n\t\t\t\t\t\t\t<div class=\"elementor-image-carousel-wrapper swiper\" role=\"region\" aria-roledescription=\"carousel\" aria-label=\"\u56fe\u50cf\u65cb\u8f6c\u6728\u9a6c\" dir=\"ltr\" data-no-translation-aria-label=\"\">\n\t\t\t<div class=\"elementor-image-carousel swiper-wrapper swiper-image-stretch\" aria-live=\"off\">\n\t\t\t\t\t\t\t\t<div class=\"swiper-slide\" role=\"group\" aria-roledescription=\"slide\" aria-label=\"3 \u7684 1\" data-no-translation-aria-label=\"\"><a data-elementor-open-lightbox=\"yes\" data-elementor-lightbox-slideshow=\"a34c1f8\" data-e-action-hash=\"#elementor-action%3Aaction%3Dlightbox%26settings%3DeyJpZCI6Nzg5NSwidXJsIjoiaHR0cHM6XC9cL2FydGFwYXJ0YW1lbnRvLmNvbVwvd3AtY29udGVudFwvdXBsb2Fkc1wvMjAyNFwvMDFcLzE1Qi5SQVVMLURJQVotUkVZRVMuanBnLndlYnAiLCJzbGlkZXNob3ciOiJhMzRjMWY4In0%3D\" href=\"https:\/\/artapartamento.com\/wp-content\/uploads\/2024\/01\/15B.RAUL-DIAZ-REYES.jpg.webp\"><figure class=\"swiper-slide-inner\"><img decoding=\"async\" class=\"swiper-slide-image\" src=\"https:\/\/artapartamento.com\/wp-content\/uploads\/2024\/01\/15B.RAUL-DIAZ-REYES.jpg.webp\" alt=\"\u52b3\u5c14-\u8fea\u4e9a\u65af-\u96f7\u8036\u65af\" \/><\/figure><\/a><\/div><div class=\"swiper-slide\" role=\"group\" aria-roledescription=\"slide\" aria-label=\"3 \u7684 2\" data-no-translation-aria-label=\"\"><a data-elementor-open-lightbox=\"yes\" data-elementor-lightbox-slideshow=\"a34c1f8\" data-e-action-hash=\"#elementor-action%3Aaction%3Dlightbox%26settings%3DeyJpZCI6Nzg3NiwidXJsIjoiaHR0cHM6XC9cL2FydGFwYXJ0YW1lbnRvLmNvbVwvd3AtY29udGVudFwvdXBsb2Fkc1wvMjAyNFwvMDFcLzE4LlJBVUwtRElBWi1SRVlFUy5qcGcud2VicCIsInNsaWRlc2hvdyI6ImEzNGMxZjgifQ%3D%3D\" href=\"https:\/\/artapartamento.com\/wp-content\/uploads\/2024\/01\/18.RAUL-DIAZ-REYES.jpg.webp\"><figure class=\"swiper-slide-inner\"><img decoding=\"async\" class=\"swiper-slide-image\" src=\"https:\/\/artapartamento.com\/wp-content\/uploads\/2024\/01\/18.RAUL-DIAZ-REYES.jpg.webp\" alt=\"\u52b3\u5c14-\u8fea\u4e9a\u65af-\u96f7\u8036\u65af\" \/><\/figure><\/a><\/div><div class=\"swiper-slide\" role=\"group\" aria-roledescription=\"slide\" aria-label=\"3 \u7684 3\" data-no-translation-aria-label=\"\"><a data-elementor-open-lightbox=\"yes\" data-elementor-lightbox-slideshow=\"a34c1f8\" data-e-action-hash=\"#elementor-action%3Aaction%3Dlightbox%26settings%3DeyJpZCI6Nzg3NSwidXJsIjoiaHR0cHM6XC9cL2FydGFwYXJ0YW1lbnRvLmNvbVwvd3AtY29udGVudFwvdXBsb2Fkc1wvMjAyNFwvMDFcLzE3LlJBVUwtRElBWi1SRVlFUy5qcGcud2VicCIsInNsaWRlc2hvdyI6ImEzNGMxZjgifQ%3D%3D\" href=\"https:\/\/artapartamento.com\/wp-content\/uploads\/2024\/01\/17.RAUL-DIAZ-REYES.jpg.webp\"><figure class=\"swiper-slide-inner\"><img decoding=\"async\" class=\"swiper-slide-image\" src=\"https:\/\/artapartamento.com\/wp-content\/uploads\/2024\/01\/17.RAUL-DIAZ-REYES.jpg.webp\" alt=\"\u52b3\u5c14-\u8fea\u4e9a\u65af-\u96f7\u8036\u65af\" \/><\/figure><\/a><\/div>\t\t\t<\/div>\n\t\t\t\t\t\t\t\n\t\t\t\t\t\t\t\t\t<\/div>\n\t\t\t\t\t\t<\/div>\n\t\t\t\t<\/div>\n\t\t\t\t<\/div>\n\t\t<div class=\"elementor-element elementor-element-6cd2014d e-con-full e-flex e-con e-child\" data-id=\"6cd2014d\" data-element_type=\"container\" data-e-type=\"container\">\n\t\t\t\t<div class=\"elementor-element elementor-element-7c42d183 elementor-widget elementor-widget-heading\" data-id=\"7c42d183\" data-element_type=\"widget\" data-e-type=\"widget\" data-widget_type=\"heading.default\">\n\t\t\t\t<div class=\"elementor-widget-container\">\n\t\t\t\t\t<h2 class=\"elementor-heading-title elementor-size-default\"><a href=\"https:\/\/artapartamento.com\/zh\/category\/artistas\/raul-diaz-reyes\/\" rel=\"tag\">\u52b3\u5c14-\u8fea\u4e9a\u65af-\u96f7\u8036\u65af<\/a><\/h2>\t\t\t\t<\/div>\n\t\t\t\t<\/div>\n\t\t\t\t<div class=\"elementor-element elementor-element-1526a682 elementor-widget elementor-widget-text-editor\" data-id=\"1526a682\" data-element_type=\"widget\" data-e-type=\"widget\" data-widget_type=\"text-editor.default\">\n\t\t\t\t<div class=\"elementor-widget-container\">\n\t\t\t\t\t\t\t\t\t<p>\u65e0\u9898\u300b\uff0c\u9009\u81ea\u300aFronteira Oeste\u300b\u7cfb\u5217\u3001 <br \/>2021\u3001\u63d0\u82b1\u88c5\u9970\u3001\u7f8a\u6bdb\u3001\u7f8e\u5229\u5974\u3001\u4e9a\u9ebb\u548c\u82f9\u679c\u9152\u3001<br \/>56 x 76 \u5398\u7c73\uff0822 x 30 \u82f1\u5bf8\uff09<\/p>\t\t\t\t\t\t\t\t<\/div>\n\t\t\t\t<\/div>\n\t\t\t\t<div class=\"elementor-element elementor-element-500d0654 elementor-widget elementor-widget-text-editor\" data-id=\"500d0654\" data-element_type=\"widget\" data-e-type=\"widget\" data-widget_type=\"text-editor.default\">\n\t\t\t\t<div class=\"elementor-widget-container\">\n\t\t\t\t\t\t\t\t\t<p>\u8be5\u9879\u76ee\u662f\u4e0e\u4f4d\u4e8e Textiel \u535a\u7269\u9986\uff08\u8377\u5170\uff09\u7684\u7eba\u7ec7\u54c1\u5b9e\u9a8c\u5ba4 TextielLab \u5408\u4f5c\u5f00\u5c55\u7684\uff1a\u9996\u5148\uff0c\u52b3\u5c14\u4ece\u62fc\u8d34\u753b\u4e2d\u5236\u4f5c\u4e86\u4e00\u7ec4\u6570\u5b57\u56fe\u50cf\uff0c\u5e76\u5c06\u56fe\u5f62\u7f16\u8f91\u6280\u672f\u5e94\u7528\u5230\u6570\u5b57\u7ed8\u753b\u4e2d\u3002\u7136\u540e\uff0c\u8fd9\u4e9b\u56fe\u50cf\u88ab\u8f6f\u4ef6\u89e3\u7801\u5e76\u5236\u4f5c\u6210\u7eba\u7ec7\u54c1\u3002<\/p>\t\t\t\t\t\t\t\t<\/div>\n\t\t\t\t<\/div>\n\t\t\t\t<div class=\"elementor-element elementor-element-517bd914 elementor-align-left elementor-widget elementor-widget-button\" data-id=\"517bd914\" data-element_type=\"widget\" data-e-type=\"widget\" data-widget_type=\"button.default\">\n\t\t\t\t<div class=\"elementor-widget-container\">\n\t\t\t\t\t\t\t\t\t<div class=\"elementor-button-wrapper\">\n\t\t\t\t\t<a class=\"elementor-button elementor-size-sm\" role=\"button\">\n\t\t\t\t\t\t<span class=\"elementor-button-content-wrapper\">\n\t\t\t\t\t\t\t\t\t<span class=\"elementor-button-text\">\u54a8\u8be2<\/span>\n\t\t\t\t\t<\/span>\n\t\t\t\t\t<\/a>\n\t\t\t\t<\/div>\n\t\t\t\t\t\t\t\t<\/div>\n\t\t\t\t<\/div>\n\t\t\t\t<\/div>\n\t\t\t\t<\/div>\n\t\t\t\t<\/div>","protected":false},"excerpt":{"rendered":"<p>Sin t\u00edtulo, de la serie Fronteira Oeste, 2021, tapicer\u00eda jacquard, lana, merino, lino y sidero ,56 x 76 cm (22 x 30 in) Proyecto realizado en colaboraci\u00f3n con TextielLab, laboratorio textil ubicado en Textiel Museum (Pa\u00edses Bajos): primeramente, Ra\u00fal produjo un conjunto de im\u00e1genes digitales a partir de collages donde aplica t\u00e9cnicas de edici\u00f3n gr\u00e1fica [&hellip;]<\/p>\n","protected":false},"author":1,"featured_media":7865,"parent":7549,"menu_order":0,"comment_status":"closed","ping_status":"closed","template":"","meta":{"_acf_changed":false,"footnotes":"","_links_to":"","_links_to_target":""},"categories":[68],"tags":[65],"class_list":["post-7883","page","type-page","status-publish","has-post-thumbnail","hentry","category-raul-diaz-reyes","tag-obra","post","post-with-thumbnail","post-with-thumbnail-large"],"acf":[],"aioseo_notices":[],"_links":{"self":[{"href":"https:\/\/artapartamento.com\/zh\/wp-json\/wp\/v2\/pages\/7883","targetHints":{"allow":["GET"]}}],"collection":[{"href":"https:\/\/artapartamento.com\/zh\/wp-json\/wp\/v2\/pages"}],"about":[{"href":"https:\/\/artapartamento.com\/zh\/wp-json\/wp\/v2\/types\/page"}],"author":[{"embeddable":true,"href":"https:\/\/artapartamento.com\/zh\/wp-json\/wp\/v2\/users\/1"}],"replies":[{"embeddable":true,"href":"https:\/\/artapartamento.com\/zh\/wp-json\/wp\/v2\/comments?post=7883"}],"version-history":[{"count":0,"href":"https:\/\/artapartamento.com\/zh\/wp-json\/wp\/v2\/pages\/7883\/revisions"}],"up":[{"embeddable":true,"href":"https:\/\/artapartamento.com\/zh\/wp-json\/wp\/v2\/pages\/7549"}],"wp:featuredmedia":[{"embeddable":true,"href":"https:\/\/artapartamento.com\/zh\/wp-json\/wp\/v2\/media\/7865"}],"wp:attachment":[{"href":"https:\/\/artapartamento.com\/zh\/wp-json\/wp\/v2\/media?parent=7883"}],"wp:term":[{"taxonomy":"category","embeddable":true,"href":"https:\/\/artapartamento.com\/zh\/wp-json\/wp\/v2\/categories?post=7883"},{"taxonomy":"post_tag","embeddable":true,"href":"https:\/\/artapartamento.com\/zh\/wp-json\/wp\/v2\/tags?post=7883"}],"curies":[{"name":"wp","href":"https:\/\/api.w.org\/{rel}","templated":true}]}}