{"id":7533,"date":"2024-01-05T17:18:40","date_gmt":"2024-01-05T16:18:40","guid":{"rendered":"https:\/\/artapartamento.com\/?page_id=7533"},"modified":"2024-01-05T18:06:23","modified_gmt":"2024-01-05T17:06:23","slug":"%e6%9c%aa%e5%ae%8c%e6%88%90%e6%83%85%e8%8a%82%e7%b3%bb%e5%88%97%e7%9a%84%e5%90%8c%e8%a1%8c","status":"publish","type":"page","link":"https:\/\/artapartamento.com\/zh\/artistas\/alex-hernandez-2\/contrapuestos-de-la-serie-trama-inconclusa\/","title":{"rendered":"Contrapuestos\uff0c\u9009\u81ea \"Trama inconclusa\"\uff08\u672a\u5b8c\u6210\u7684\u60c5\u8282\uff09\u7cfb\u5217\u3002"},"content":{"rendered":"<div data-elementor-type=\"wp-page\" data-elementor-id=\"7533\" class=\"elementor elementor-7533\" data-elementor-post-type=\"page\">\n\t\t\t\t<div class=\"elementor-element elementor-element-82e73de e-con-full e-flex e-con e-parent\" data-id=\"82e73de\" data-element_type=\"container\" data-e-type=\"container\" data-settings=\"{&quot;background_background&quot;:&quot;classic&quot;}\">\n\t\t<div class=\"elementor-element elementor-element-36b8548f e-con-full e-flex e-con e-child\" data-id=\"36b8548f\" data-element_type=\"container\" data-e-type=\"container\">\n\t\t\t\t<div class=\"elementor-element elementor-element-663cc756 elementor-widget elementor-widget-image-carousel\" data-id=\"663cc756\" data-element_type=\"widget\" data-e-type=\"widget\" data-settings=\"{&quot;slides_to_show&quot;:&quot;1&quot;,&quot;navigation&quot;:&quot;none&quot;,&quot;autoplay&quot;:&quot;yes&quot;,&quot;pause_on_hover&quot;:&quot;yes&quot;,&quot;pause_on_interaction&quot;:&quot;yes&quot;,&quot;autoplay_speed&quot;:5000,&quot;infinite&quot;:&quot;yes&quot;,&quot;effect&quot;:&quot;slide&quot;,&quot;speed&quot;:500}\" data-widget_type=\"image-carousel.default\">\n\t\t\t\t<div class=\"elementor-widget-container\">\n\t\t\t\t\t\t\t<div class=\"elementor-image-carousel-wrapper swiper\" role=\"region\" aria-roledescription=\"carousel\" aria-label=\"\u56fe\u50cf\u65cb\u8f6c\u6728\u9a6c\" dir=\"ltr\" data-no-translation-aria-label=\"\">\n\t\t\t<div class=\"elementor-image-carousel swiper-wrapper swiper-image-stretch\" aria-live=\"off\">\n\t\t\t\t\t\t\t\t<div class=\"swiper-slide\" role=\"group\" aria-roledescription=\"slide\" aria-label=\"3 \u7684 1\" data-no-translation-aria-label=\"\"><a data-elementor-open-lightbox=\"yes\" data-elementor-lightbox-slideshow=\"663cc756\" data-e-action-hash=\"#elementor-action%3Aaction%3Dlightbox%26settings%3DeyJpZCI6NzQ1NiwidXJsIjoiaHR0cHM6XC9cL2FydGFwYXJ0YW1lbnRvLmNvbVwvd3AtY29udGVudFwvdXBsb2Fkc1wvMjAyNFwvMDFcLzQuQWxleC1IZXJuYW5kZXouanBnLndlYnAiLCJzbGlkZXNob3ciOiI2NjNjYzc1NiJ9\" href=\"https:\/\/artapartamento.com\/wp-content\/uploads\/2024\/01\/4.Alex-Hernandez.jpg.webp\"><figure class=\"swiper-slide-inner\"><img decoding=\"async\" class=\"swiper-slide-image\" src=\"https:\/\/artapartamento.com\/wp-content\/uploads\/2024\/01\/4.Alex-Hernandez.jpg.webp\" alt=\"\u4e9a\u5386\u514b\u65af-\u57c3\u5c14\u5357\u5fb7\u65af\" \/><\/figure><\/a><\/div><div class=\"swiper-slide\" role=\"group\" aria-roledescription=\"slide\" aria-label=\"3 \u7684 2\" data-no-translation-aria-label=\"\"><a data-elementor-open-lightbox=\"yes\" data-elementor-lightbox-slideshow=\"663cc756\" data-e-action-hash=\"#elementor-action%3Aaction%3Dlightbox%26settings%3DeyJpZCI6NzU0MSwidXJsIjoiaHR0cHM6XC9cL2FydGFwYXJ0YW1lbnRvLmNvbVwvd3AtY29udGVudFwvdXBsb2Fkc1wvMjAyNFwvMDFcLzI1LkFsZXgtSGVybmFuZGV6LmpwZy53ZWJwIiwic2xpZGVzaG93IjoiNjYzY2M3NTYifQ%3D%3D\" href=\"https:\/\/artapartamento.com\/wp-content\/uploads\/2024\/01\/25.Alex-Hernandez.jpg.webp\"><figure class=\"swiper-slide-inner\"><img decoding=\"async\" class=\"swiper-slide-image\" src=\"https:\/\/artapartamento.com\/wp-content\/uploads\/2024\/01\/25.Alex-Hernandez.jpg.webp\" alt=\"\u4e9a\u5386\u514b\u65af-\u57c3\u5c14\u5357\u5fb7\u65af\" \/><\/figure><\/a><\/div><div class=\"swiper-slide\" role=\"group\" aria-roledescription=\"slide\" aria-label=\"3 \u7684 3\" data-no-translation-aria-label=\"\"><a data-elementor-open-lightbox=\"yes\" data-elementor-lightbox-slideshow=\"663cc756\" data-e-action-hash=\"#elementor-action%3Aaction%3Dlightbox%26settings%3DeyJpZCI6NzU0MiwidXJsIjoiaHR0cHM6XC9cL2FydGFwYXJ0YW1lbnRvLmNvbVwvd3AtY29udGVudFwvdXBsb2Fkc1wvMjAyNFwvMDFcLzI2LkFsZXgtSGVybmFuZGV6LXNjYWxlZC5qcGcud2VicCIsInNsaWRlc2hvdyI6IjY2M2NjNzU2In0%3D\" href=\"https:\/\/artapartamento.com\/wp-content\/uploads\/2024\/01\/26.Alex-Hernandez-scaled.jpg.webp\"><figure class=\"swiper-slide-inner\"><img decoding=\"async\" class=\"swiper-slide-image\" src=\"https:\/\/artapartamento.com\/wp-content\/uploads\/2024\/01\/26.Alex-Hernandez-scaled.jpg.webp\" alt=\"\u4e9a\u5386\u514b\u65af-\u57c3\u5c14\u5357\u5fb7\u65af\" \/><\/figure><\/a><\/div>\t\t\t<\/div>\n\t\t\t\t\t\t\t\n\t\t\t\t\t\t\t\t\t<\/div>\n\t\t\t\t\t\t<\/div>\n\t\t\t\t<\/div>\n\t\t\t\t<\/div>\n\t\t<div class=\"elementor-element elementor-element-4a21c0cf e-con-full e-flex e-con e-child\" data-id=\"4a21c0cf\" data-element_type=\"container\" data-e-type=\"container\">\n\t\t\t\t<div class=\"elementor-element elementor-element-5684fe34 elementor-widget elementor-widget-heading\" data-id=\"5684fe34\" data-element_type=\"widget\" data-e-type=\"widget\" data-widget_type=\"heading.default\">\n\t\t\t\t<div class=\"elementor-widget-container\">\n\t\t\t\t\t<h2 class=\"elementor-heading-title elementor-size-default\"><a href=\"https:\/\/artapartamento.com\/zh\/category\/artistas\/alex-hernandez\/\" rel=\"tag\">\u4e9a\u5386\u514b\u65af-\u57c3\u5c14\u5357\u5fb7\u65af<\/a><\/h2>\t\t\t\t<\/div>\n\t\t\t\t<\/div>\n\t\t\t\t<div class=\"elementor-element elementor-element-11f56ad5 elementor-widget elementor-widget-text-editor\" data-id=\"11f56ad5\" data-element_type=\"widget\" data-e-type=\"widget\" data-widget_type=\"text-editor.default\">\n\t\t\t\t<div class=\"elementor-widget-container\">\n\t\t\t\t\t\t\t\t\t<p>\u4e9a\u5386\u514b\u65af-\u57c3\u5c14\u5357\u5fb7\u65af<br \/>Contrapuestos\uff0c\u9009\u81ea \"Trama inconclusa \"\u7cfb\u5217\u3001<br \/>2023,<br \/>\u6208\u96c5\u4e9a\u9ebb\u5e03\u4e0a\u7684\u5145\u6c14\u4e1d\u7f51\u5370\u5237\u753b\u3001<br \/>190 x 190 \u5398\u7c73\uff0875 x 75 \u82f1\u5bf8\uff09<\/p>\t\t\t\t\t\t\t\t<\/div>\n\t\t\t\t<\/div>\n\t\t\t\t<div class=\"elementor-element elementor-element-5c8ed1c2 elementor-widget elementor-widget-text-editor\" data-id=\"5c8ed1c2\" data-element_type=\"widget\" data-e-type=\"widget\" data-widget_type=\"text-editor.default\">\n\t\t\t\t<div class=\"elementor-widget-container\">\n\t\t\t\t\t\t\t\t\t<p>\u827a\u672f\u5bb6\u4ece\u8272\u8c03\u548c\u8c10\u7406\u8bba\u51fa\u53d1\uff0c\u5206\u6790\u4e0d\u540c\u989c\u8272\u4e4b\u95f4\u7684\u5173\u7cfb\uff0c\u4ee5\u53ca\u8fd9\u79cd\u5173\u7cfb\u5982\u4f55\u9075\u5faa\u4e00\u79cd\u6709\u65f6\u662f\u65e0\u610f\u8bc6\u7684\u3001\u6709\u65f6\u662f\u6709\u6761\u4ef6\u7684\u8bed\u8a00\u3002\u4e3a\u6b64\uff0c\u4ed6\u632a\u7528\u4e86\u53cd\u6620\u4e0d\u540c\u8bae\u4f1a\u6216\u56fd\u4f1a\u653f\u6cbb\u6784\u6210\u7684\u7edf\u8ba1\u6570\u636e\u7247\u6bb5\u3002\u6bcf\u4e2a\u5706\u5708\u4ee3\u8868\u4e00\u4e2a\u8bae\u4f1a\u90e8\u5206\u4e2d\u7684\u4e00\u79cd \"\u653f\u6cbb\u8272\u5f69\"\u3002\u827a\u672f\u5bb6\u5c06\u8fd9\u4e9b\u7edf\u8ba1\u6570\u636e\u653e\u5927\u5230\u8fd1\u4e4e\u5de8\u5927\u7684\u89c4\u6a21\u3002<br \/>\u6bcf\u4ef6\u4f5c\u54c1\u90fd\u662f\u4e00\u6b21\u5b9e\u9a8c\uff0c\u5176\u4e2d\u534a\u97f3\u548c\u58f0\u7684\u62bd\u8c61\u884c\u4e3a\u5177\u6709\u53cc\u91cd\u89e3\u8bfb\uff0c\u6307\u7684\u662f\u5f53\u4ee3\u4e16\u754c\u7684\u653f\u6cbb\u548c\u8c10\u6216\u4e0d\u548c\u8c10\u3002\u4e24\u6781\u5206\u5316\u3001\u6df7\u5408\u3001\u540c\u6b65\u3001\u4e0d\u548c\u8c10\u3001\u5c16\u9510\u662f\u8fd9\u90e8\u4f5c\u54c1\u4e2d\u51fa\u73b0\u7684\u4e00\u4e9b\u6982\u5ff5\uff0c\u8fd9\u65e0\u7591\u662f\u5bf9\u5f53\u4ee3\u6c11\u4e3b\u56fd\u5bb6\u5065\u5eb7\u72b6\u51b5\u7684\u4e00\u79cd\u975e\u5e38\u6124\u4e16\u5ac9\u4fd7\u7684\u5206\u6790\u3002<\/p>\t\t\t\t\t\t\t\t<\/div>\n\t\t\t\t<\/div>\n\t\t\t\t<div class=\"elementor-element elementor-element-1b4ee08b elementor-align-left elementor-widget elementor-widget-button\" data-id=\"1b4ee08b\" data-element_type=\"widget\" data-e-type=\"widget\" data-widget_type=\"button.default\">\n\t\t\t\t<div class=\"elementor-widget-container\">\n\t\t\t\t\t\t\t\t\t<div class=\"elementor-button-wrapper\">\n\t\t\t\t\t<a class=\"elementor-button elementor-size-sm\" role=\"button\">\n\t\t\t\t\t\t<span class=\"elementor-button-content-wrapper\">\n\t\t\t\t\t\t\t\t\t<span class=\"elementor-button-text\">\u54a8\u8be2<\/span>\n\t\t\t\t\t<\/span>\n\t\t\t\t\t<\/a>\n\t\t\t\t<\/div>\n\t\t\t\t\t\t\t\t<\/div>\n\t\t\t\t<\/div>\n\t\t\t\t<\/div>\n\t\t\t\t<\/div>\n\t\t\t\t<\/div>","protected":false},"excerpt":{"rendered":"<p>Alex Hern\u00e1ndezContrapuestos, de la serie \u00abTrama inconclusa\u00bb,2023,pintura serigr\u00e1fica inflable sobre lino Goya,190 x 190 cm (75 x 75 in) El artista parte de las teor\u00edas de la armon\u00eda crom\u00e1tica para analizar las relaciones entre los diferentes colores y c\u00f3mo esta relaci\u00f3n obedece a un lenguaje a veces inconsciente, a veces condicionado. Para ello, se apropia [&hellip;]<\/p>\n","protected":false},"author":1,"featured_media":7456,"parent":3183,"menu_order":0,"comment_status":"closed","ping_status":"closed","template":"","meta":{"_acf_changed":false,"footnotes":"","_links_to":"","_links_to_target":""},"categories":[40],"tags":[65],"class_list":["post-7533","page","type-page","status-publish","has-post-thumbnail","hentry","category-alex-hernandez","tag-obra","post","post-with-thumbnail","post-with-thumbnail-large"],"acf":[],"aioseo_notices":[],"_links":{"self":[{"href":"https:\/\/artapartamento.com\/zh\/wp-json\/wp\/v2\/pages\/7533","targetHints":{"allow":["GET"]}}],"collection":[{"href":"https:\/\/artapartamento.com\/zh\/wp-json\/wp\/v2\/pages"}],"about":[{"href":"https:\/\/artapartamento.com\/zh\/wp-json\/wp\/v2\/types\/page"}],"author":[{"embeddable":true,"href":"https:\/\/artapartamento.com\/zh\/wp-json\/wp\/v2\/users\/1"}],"replies":[{"embeddable":true,"href":"https:\/\/artapartamento.com\/zh\/wp-json\/wp\/v2\/comments?post=7533"}],"version-history":[{"count":0,"href":"https:\/\/artapartamento.com\/zh\/wp-json\/wp\/v2\/pages\/7533\/revisions"}],"up":[{"embeddable":true,"href":"https:\/\/artapartamento.com\/zh\/wp-json\/wp\/v2\/pages\/3183"}],"wp:featuredmedia":[{"embeddable":true,"href":"https:\/\/artapartamento.com\/zh\/wp-json\/wp\/v2\/media\/7456"}],"wp:attachment":[{"href":"https:\/\/artapartamento.com\/zh\/wp-json\/wp\/v2\/media?parent=7533"}],"wp:term":[{"taxonomy":"category","embeddable":true,"href":"https:\/\/artapartamento.com\/zh\/wp-json\/wp\/v2\/categories?post=7533"},{"taxonomy":"post_tag","embeddable":true,"href":"https:\/\/artapartamento.com\/zh\/wp-json\/wp\/v2\/tags?post=7533"}],"curies":[{"name":"wp","href":"https:\/\/api.w.org\/{rel}","templated":true}]}}