{"id":7504,"date":"2024-01-05T16:11:00","date_gmt":"2024-01-05T15:11:00","guid":{"rendered":"https:\/\/artapartamento.com\/?page_id=7504"},"modified":"2024-01-08T20:10:58","modified_gmt":"2024-01-08T19:10:58","slug":"%e6%9d%a1%e4%bb%b6%e5%8f%8d%e5%b0%84-2","status":"publish","type":"page","link":"https:\/\/artapartamento.com\/zh\/artistas\/alex-hernandez-2\/reflejo-condicionado-2\/","title":{"rendered":"\u6761\u4ef6\u53cd\u5c04 #2"},"content":{"rendered":"<div data-elementor-type=\"wp-page\" data-elementor-id=\"7504\" class=\"elementor elementor-7504\" data-elementor-post-type=\"page\">\n\t\t\t\t<div class=\"elementor-element elementor-element-2fbb6519 e-con-full e-flex e-con e-parent\" data-id=\"2fbb6519\" data-element_type=\"container\" data-e-type=\"container\" data-settings=\"{&quot;background_background&quot;:&quot;classic&quot;}\">\n\t\t<div class=\"elementor-element elementor-element-77b8ce46 e-con-full e-flex e-con e-child\" data-id=\"77b8ce46\" data-element_type=\"container\" data-e-type=\"container\">\n\t\t\t\t<div class=\"elementor-element elementor-element-3e40e7b4 elementor-widget elementor-widget-image-carousel\" data-id=\"3e40e7b4\" data-element_type=\"widget\" data-e-type=\"widget\" data-settings=\"{&quot;slides_to_show&quot;:&quot;1&quot;,&quot;navigation&quot;:&quot;none&quot;,&quot;autoplay&quot;:&quot;yes&quot;,&quot;pause_on_hover&quot;:&quot;yes&quot;,&quot;pause_on_interaction&quot;:&quot;yes&quot;,&quot;autoplay_speed&quot;:5000,&quot;infinite&quot;:&quot;yes&quot;,&quot;effect&quot;:&quot;slide&quot;,&quot;speed&quot;:500}\" data-widget_type=\"image-carousel.default\">\n\t\t\t\t<div class=\"elementor-widget-container\">\n\t\t\t\t\t\t\t<div class=\"elementor-image-carousel-wrapper swiper\" role=\"region\" aria-roledescription=\"carousel\" aria-label=\"\u56fe\u50cf\u65cb\u8f6c\u6728\u9a6c\" dir=\"ltr\">\n\t\t\t<div class=\"elementor-image-carousel swiper-wrapper swiper-image-stretch\" aria-live=\"off\">\n\t\t\t\t\t\t\t\t<div class=\"swiper-slide\" role=\"group\" aria-roledescription=\"slide\" aria-label=\"1 of 4\"><a data-elementor-open-lightbox=\"yes\" data-elementor-lightbox-slideshow=\"3e40e7b4\" data-e-action-hash=\"#elementor-action%3Aaction%3Dlightbox%26settings%3DeyJpZCI6NzUxMiwidXJsIjoiaHR0cHM6XC9cL2FydGFwYXJ0YW1lbnRvLmNvbVwvd3AtY29udGVudFwvdXBsb2Fkc1wvMjAyNFwvMDFcLzIxLkFsZXgtSGVybmFuZGV6LmpwZy53ZWJwIiwic2xpZGVzaG93IjoiM2U0MGU3YjQifQ%3D%3D\" href=\"https:\/\/artapartamento.com\/wp-content\/uploads\/2024\/01\/21.Alex-Hernandez.jpg.webp\"><figure class=\"swiper-slide-inner\"><img decoding=\"async\" class=\"swiper-slide-image\" src=\"https:\/\/artapartamento.com\/wp-content\/uploads\/2024\/01\/21.Alex-Hernandez.jpg.webp\" alt=\"\u4e9a\u5386\u514b\u65af-\u57c3\u5c14\u5357\u5fb7\u65af\" \/><\/figure><\/a><\/div><div class=\"swiper-slide\" role=\"group\" aria-roledescription=\"slide\" aria-label=\"2 of 4\"><a data-elementor-open-lightbox=\"yes\" data-elementor-lightbox-slideshow=\"3e40e7b4\" data-e-action-hash=\"#elementor-action%3Aaction%3Dlightbox%26settings%3DeyJpZCI6NzUxMywidXJsIjoiaHR0cHM6XC9cL2FydGFwYXJ0YW1lbnRvLmNvbVwvd3AtY29udGVudFwvdXBsb2Fkc1wvMjAyNFwvMDFcLzIyLkFsZXgtSGVybmFuZGV6LmpwZy53ZWJwIiwic2xpZGVzaG93IjoiM2U0MGU3YjQifQ%3D%3D\" href=\"https:\/\/artapartamento.com\/wp-content\/uploads\/2024\/01\/22.Alex-Hernandez.jpg.webp\"><figure class=\"swiper-slide-inner\"><img decoding=\"async\" class=\"swiper-slide-image\" src=\"https:\/\/artapartamento.com\/wp-content\/uploads\/2024\/01\/22.Alex-Hernandez.jpg.webp\" alt=\"\u4e9a\u5386\u514b\u65af-\u57c3\u5c14\u5357\u5fb7\u65af\" \/><\/figure><\/a><\/div><div class=\"swiper-slide\" role=\"group\" aria-roledescription=\"slide\" aria-label=\"3 of 4\"><a data-elementor-open-lightbox=\"yes\" data-elementor-lightbox-slideshow=\"3e40e7b4\" data-e-action-hash=\"#elementor-action%3Aaction%3Dlightbox%26settings%3DeyJpZCI6NzUwMCwidXJsIjoiaHR0cHM6XC9cL2FydGFwYXJ0YW1lbnRvLmNvbVwvd3AtY29udGVudFwvdXBsb2Fkc1wvMjAyNFwvMDFcLzIwLkFsZXgtSGVybmFuZGV6LmpwZy53ZWJwIiwic2xpZGVzaG93IjoiM2U0MGU3YjQifQ%3D%3D\" href=\"https:\/\/artapartamento.com\/wp-content\/uploads\/2024\/01\/20.Alex-Hernandez.jpg.webp\"><figure class=\"swiper-slide-inner\"><img decoding=\"async\" class=\"swiper-slide-image\" src=\"https:\/\/artapartamento.com\/wp-content\/uploads\/2024\/01\/20.Alex-Hernandez.jpg.webp\" alt=\"\u4e9a\u5386\u514b\u65af-\u57c3\u5c14\u5357\u5fb7\u65af\" \/><\/figure><\/a><\/div><div class=\"swiper-slide\" role=\"group\" aria-roledescription=\"slide\" aria-label=\"4 of 4\"><a data-elementor-open-lightbox=\"yes\" data-elementor-lightbox-slideshow=\"3e40e7b4\" data-e-action-hash=\"#elementor-action%3Aaction%3Dlightbox%26settings%3DeyJpZCI6NzQ5NSwidXJsIjoiaHR0cHM6XC9cL2FydGFwYXJ0YW1lbnRvLmNvbVwvd3AtY29udGVudFwvdXBsb2Fkc1wvMjAyNFwvMDFcLzE3LkFsZXgtSGVybmFuZGV6LmpwZy53ZWJwIiwic2xpZGVzaG93IjoiM2U0MGU3YjQifQ%3D%3D\" href=\"https:\/\/artapartamento.com\/wp-content\/uploads\/2024\/01\/17.Alex-Hernandez.jpg.webp\"><figure class=\"swiper-slide-inner\"><img decoding=\"async\" class=\"swiper-slide-image\" src=\"https:\/\/artapartamento.com\/wp-content\/uploads\/2024\/01\/17.Alex-Hernandez.jpg.webp\" alt=\"\u4e9a\u5386\u514b\u65af-\u57c3\u5c14\u5357\u5fb7\u65af\" \/><\/figure><\/a><\/div>\t\t\t<\/div>\n\t\t\t\t\t\t\t\n\t\t\t\t\t\t\t\t\t<\/div>\n\t\t\t\t\t\t<\/div>\n\t\t\t\t<\/div>\n\t\t\t\t<\/div>\n\t\t<div class=\"elementor-element elementor-element-36e8f0bf e-con-full e-flex e-con e-child\" data-id=\"36e8f0bf\" data-element_type=\"container\" data-e-type=\"container\">\n\t\t\t\t<div class=\"elementor-element elementor-element-7a369640 elementor-widget elementor-widget-heading\" data-id=\"7a369640\" data-element_type=\"widget\" data-e-type=\"widget\" data-widget_type=\"heading.default\">\n\t\t\t\t<div class=\"elementor-widget-container\">\n\t\t\t\t\t<h2 class=\"elementor-heading-title elementor-size-default\"><a href=\"https:\/\/artapartamento.com\/zh\/category\/artistas\/alex-hernandez\/\" rel=\"tag\">\u4e9a\u5386\u514b\u65af-\u57c3\u5c14\u5357\u5fb7\u65af<\/a><\/h2>\t\t\t\t<\/div>\n\t\t\t\t<\/div>\n\t\t\t\t<div class=\"elementor-element elementor-element-cf39e29 elementor-widget elementor-widget-text-editor\" data-id=\"cf39e29\" data-element_type=\"widget\" data-e-type=\"widget\" data-widget_type=\"text-editor.default\">\n\t\t\t\t<div class=\"elementor-widget-container\">\n\t\t\t\t\t\t\t\t\t\u4e9a\u5386\u514b\u65af-\u57c3\u5c14\u5357\u5fb7\u65af<br>\n\n\u6761\u4ef6\u53cd\u5c04 #2\u3001<br>\n\n2023 \u5e74\uff0c\u8f7b\u6728\u3001\u5de5\u4e1a\u6f06\u548c\u94a2\u6750\u3001<br>\n30 x 30 \u5398\u7c73\uff0812 x 12 \u82f1\u5bf8\uff09\t\t\t\t\t\t\t\t<\/div>\n\t\t\t\t<\/div>\n\t\t\t\t<div class=\"elementor-element elementor-element-30c5cba8 elementor-widget elementor-widget-text-editor\" data-id=\"30c5cba8\" data-element_type=\"widget\" data-e-type=\"widget\" data-widget_type=\"text-editor.default\">\n\t\t\t\t<div class=\"elementor-widget-container\">\n\t\t\t\t\t\t\t\t\t<p>\u5728\u8fd9\u4e2a\u4fe1\u606f\u6cdb\u6ee5\u7684\u65f6\u4ee3\uff0c\u4e9a\u5386\u514b\u65af-\u57c3\u5c14\u5357\u5fb7\u65af\uff08Alex Hern\u00e1ndez\uff09\u53cd\u601d\u4e86\u6211\u4eec\u610f\u8bc6\u7684\u677e\u61c8\u3002Reflejo Condicionado\u300b\u662f\u4e00\u7bc7\u51c6\u79d1\u5b66\u8bba\u6587\uff0c\u9664\u5176\u4ed6\u4e3b\u9898\u5916\uff0c\u8fd8\u5206\u6790\u4e86\u793e\u4f1a\u5de5\u7a0b\u5728\u5f53\u4ee3\u4e16\u754c\u7684\u5e94\u7528\u3002\u4ed6\u7cbe\u9009\u7684\u6ce8\u91ca\u3001\u56fe\u50cf\u3001\u88c5\u7f6e\u548c\u5fae\u5999\u7684\u611f\u5b98\u5b9e\u9a8c\u56f4\u7ed5\u7740\u77e5\u8bc6\u548c\u611f\u5b98\u7684\u751f\u7269\u653f\u6cbb\u5b66\u5c55\u5f00\u3002\u4e9a\u5386\u514b\u65af\u5bf9\u827a\u672f\u8bed\u8a00\u8fdb\u884c\u4e86\u9519\u4f4d\u548c\u62c9\u4f38\uff0c\u518d\u6b21\u5229\u7528\u4e86\u8de8\u5b66\u79d1\u7684\u65b9\u6cd5\uff0c\u8fdb\u5165\u4e86\u6e38\u620f\u6027\u548c\u8868\u6f14\u6027\u7684\u9886\u57df\u3002\u4ed6\u907f\u514d\u4e86\u73a9\u4e16\u4e0d\u606d\u548c\u4e0d\u786e\u5b9a\u7684\u505a\u6cd5\uff1b\u4e0d\u7ed5\u5f2f\u5b50\uff0c\u4ee5\u5ba2\u89c2\u548c <br \/>\u524d\u7aef\u9080\u8bf7\u6211\u4eec\u7ad9\u51fa\u6765\u634d\u536b\u81ea\u5df1\u7684\u89c2\u5ff5\u3001\u4e2a\u6027\u548c\u826f\u77e5\u3002<\/p>\t\t\t\t\t\t\t\t<\/div>\n\t\t\t\t<\/div>\n\t\t\t\t<div class=\"elementor-element elementor-element-706dd8cf elementor-align-left elementor-widget elementor-widget-button\" data-id=\"706dd8cf\" data-element_type=\"widget\" data-e-type=\"widget\" data-widget_type=\"button.default\">\n\t\t\t\t<div class=\"elementor-widget-container\">\n\t\t\t\t\t\t\t\t\t<div class=\"elementor-button-wrapper\">\n\t\t\t\t\t<a class=\"elementor-button elementor-button-link elementor-size-sm\" href=\"mailto:info@artapartamento.com?subject=Inquiry%3A%20Alex%20Hern%C3%A1ndez%20(AH-202308)\">\n\t\t\t\t\t\t<span class=\"elementor-button-content-wrapper\">\n\t\t\t\t\t\t\t\t\t<span class=\"elementor-button-text\">\u54a8\u8be2<\/span>\n\t\t\t\t\t<\/span>\n\t\t\t\t\t<\/a>\n\t\t\t\t<\/div>\n\t\t\t\t\t\t\t\t<\/div>\n\t\t\t\t<\/div>\n\t\t\t\t<\/div>\n\t\t\t\t<\/div>\n\t\t\t\t<\/div>","protected":false},"excerpt":{"rendered":"<p>Alex Hern\u00e1ndez Reflejo condicionado #2, 2023, madera de balsa, pintura industrial y acero, 30 x 30 cm (12 x 12 in) En una \u00e9poca marcada por la voluptuosidad de la informaci\u00f3n, Alex Hern\u00e1ndez reflexiona sobre la laxitud de nuestra conciencia. Reflejo Condicionado es un ensayo paracient\u00edfico que, entre otros temas, analiza el uso de la [&hellip;]<\/p>\n","protected":false},"author":1,"featured_media":7450,"parent":3183,"menu_order":0,"comment_status":"closed","ping_status":"closed","template":"","meta":{"_acf_changed":false,"footnotes":"","_links_to":"","_links_to_target":""},"categories":[40],"tags":[65],"class_list":["post-7504","page","type-page","status-publish","has-post-thumbnail","hentry","category-alex-hernandez","tag-obra","post","post-with-thumbnail","post-with-thumbnail-large"],"acf":[],"aioseo_notices":[],"_links":{"self":[{"href":"https:\/\/artapartamento.com\/zh\/wp-json\/wp\/v2\/pages\/7504","targetHints":{"allow":["GET"]}}],"collection":[{"href":"https:\/\/artapartamento.com\/zh\/wp-json\/wp\/v2\/pages"}],"about":[{"href":"https:\/\/artapartamento.com\/zh\/wp-json\/wp\/v2\/types\/page"}],"author":[{"embeddable":true,"href":"https:\/\/artapartamento.com\/zh\/wp-json\/wp\/v2\/users\/1"}],"replies":[{"embeddable":true,"href":"https:\/\/artapartamento.com\/zh\/wp-json\/wp\/v2\/comments?post=7504"}],"version-history":[{"count":0,"href":"https:\/\/artapartamento.com\/zh\/wp-json\/wp\/v2\/pages\/7504\/revisions"}],"up":[{"embeddable":true,"href":"https:\/\/artapartamento.com\/zh\/wp-json\/wp\/v2\/pages\/3183"}],"wp:featuredmedia":[{"embeddable":true,"href":"https:\/\/artapartamento.com\/zh\/wp-json\/wp\/v2\/media\/7450"}],"wp:attachment":[{"href":"https:\/\/artapartamento.com\/zh\/wp-json\/wp\/v2\/media?parent=7504"}],"wp:term":[{"taxonomy":"category","embeddable":true,"href":"https:\/\/artapartamento.com\/zh\/wp-json\/wp\/v2\/categories?post=7504"},{"taxonomy":"post_tag","embeddable":true,"href":"https:\/\/artapartamento.com\/zh\/wp-json\/wp\/v2\/tags?post=7504"}],"curies":[{"name":"wp","href":"https:\/\/api.w.org\/{rel}","templated":true}]}}