{"id":7248,"date":"2023-12-12T18:08:05","date_gmt":"2023-12-12T17:08:05","guid":{"rendered":"https:\/\/artapartamento.com\/?page_id=7248"},"modified":"2023-12-13T22:54:08","modified_gmt":"2023-12-13T21:54:08","slug":"%e8%a7%a3%e6%94%be%e3%80%8b%e7%b3%bb%e5%88%97%e4%b8%ad%e7%9a%84%e6%97%a0%e9%a2%98","status":"publish","type":"page","link":"https:\/\/artapartamento.com\/zh\/artistas\/roberto-diago\/untitled-from-the-series-libertad\/","title":{"rendered":"\u65e0\u9898\u300b\uff0c\u9009\u81ea\u300a\u81ea\u7531\u300b\u7cfb\u5217"},"content":{"rendered":"<div data-elementor-type=\"wp-page\" data-elementor-id=\"7248\" class=\"elementor elementor-7248\" data-elementor-post-type=\"page\">\n\t\t\t\t<div class=\"elementor-element elementor-element-710f7371 e-con-full e-flex e-con e-parent\" data-id=\"710f7371\" data-element_type=\"container\" data-e-type=\"container\" data-settings=\"{&quot;background_background&quot;:&quot;classic&quot;}\">\n\t\t<div class=\"elementor-element elementor-element-71cf389f e-con-full e-flex e-con e-child\" data-id=\"71cf389f\" data-element_type=\"container\" data-e-type=\"container\">\n\t\t\t\t<div class=\"elementor-element elementor-element-39dbdb38 elementor-widget elementor-widget-image-carousel\" data-id=\"39dbdb38\" data-element_type=\"widget\" data-e-type=\"widget\" data-settings=\"{&quot;slides_to_show&quot;:&quot;1&quot;,&quot;navigation&quot;:&quot;none&quot;,&quot;autoplay&quot;:&quot;yes&quot;,&quot;pause_on_hover&quot;:&quot;yes&quot;,&quot;pause_on_interaction&quot;:&quot;yes&quot;,&quot;autoplay_speed&quot;:5000,&quot;infinite&quot;:&quot;yes&quot;,&quot;effect&quot;:&quot;slide&quot;,&quot;speed&quot;:500}\" data-widget_type=\"image-carousel.default\">\n\t\t\t\t<div class=\"elementor-widget-container\">\n\t\t\t\t\t\t\t<div class=\"elementor-image-carousel-wrapper swiper\" role=\"region\" aria-roledescription=\"carousel\" aria-label=\"\u56fe\u50cf\u65cb\u8f6c\u6728\u9a6c\" dir=\"ltr\">\n\t\t\t<div class=\"elementor-image-carousel swiper-wrapper swiper-image-stretch\" aria-live=\"off\">\n\t\t\t\t\t\t\t\t<div class=\"swiper-slide\" role=\"group\" aria-roledescription=\"slide\" aria-label=\"1 of 11\"><a data-elementor-open-lightbox=\"yes\" data-elementor-lightbox-slideshow=\"39dbdb38\" data-e-action-hash=\"#elementor-action%3Aaction%3Dlightbox%26settings%3DeyJpZCI6NzI1OCwidXJsIjoiaHR0cHM6XC9cL2FydGFwYXJ0YW1lbnRvLmNvbVwvd3AtY29udGVudFwvdXBsb2Fkc1wvMjAyM1wvMTJcL1JvYmVydG8tRGlhZ29fNy5qcGcud2VicCIsInNsaWRlc2hvdyI6IjM5ZGJkYjM4In0%3D\" href=\"https:\/\/artapartamento.com\/wp-content\/uploads\/2023\/12\/Roberto-Diago_7.jpg.webp\"><figure class=\"swiper-slide-inner\"><img decoding=\"async\" class=\"swiper-slide-image\" src=\"https:\/\/artapartamento.com\/wp-content\/uploads\/2023\/12\/Roberto-Diago_7.jpg.webp\" alt=\"\u7f57\u4f2f\u6258-\u8fea\u4e9a\u54e5\" \/><\/figure><\/a><\/div><div class=\"swiper-slide\" role=\"group\" aria-roledescription=\"slide\" aria-label=\"2 of 11\"><a data-elementor-open-lightbox=\"yes\" data-elementor-lightbox-slideshow=\"39dbdb38\" data-e-action-hash=\"#elementor-action%3Aaction%3Dlightbox%26settings%3DeyJpZCI6NzI1OSwidXJsIjoiaHR0cHM6XC9cL2FydGFwYXJ0YW1lbnRvLmNvbVwvd3AtY29udGVudFwvdXBsb2Fkc1wvMjAyM1wvMTJcL1JvYmVydG8tRGlhZ29fOC5qcGcud2VicCIsInNsaWRlc2hvdyI6IjM5ZGJkYjM4In0%3D\" href=\"https:\/\/artapartamento.com\/wp-content\/uploads\/2023\/12\/Roberto-Diago_8.jpg.webp\"><figure class=\"swiper-slide-inner\"><img decoding=\"async\" class=\"swiper-slide-image\" src=\"https:\/\/artapartamento.com\/wp-content\/uploads\/2023\/12\/Roberto-Diago_8.jpg.webp\" alt=\"\u7f57\u4f2f\u6258-\u8fea\u4e9a\u54e5\" \/><\/figure><\/a><\/div><div class=\"swiper-slide\" role=\"group\" aria-roledescription=\"slide\" aria-label=\"3 of 11\"><a data-elementor-open-lightbox=\"yes\" data-elementor-lightbox-slideshow=\"39dbdb38\" data-e-action-hash=\"#elementor-action%3Aaction%3Dlightbox%26settings%3DeyJpZCI6NzI2MCwidXJsIjoiaHR0cHM6XC9cL2FydGFwYXJ0YW1lbnRvLmNvbVwvd3AtY29udGVudFwvdXBsb2Fkc1wvMjAyM1wvMTJcL1JvYmVydG8tRGlhZ29fOS5qcGcud2VicCIsInNsaWRlc2hvdyI6IjM5ZGJkYjM4In0%3D\" href=\"https:\/\/artapartamento.com\/wp-content\/uploads\/2023\/12\/Roberto-Diago_9.jpg.webp\"><figure class=\"swiper-slide-inner\"><img decoding=\"async\" class=\"swiper-slide-image\" src=\"https:\/\/artapartamento.com\/wp-content\/uploads\/2023\/12\/Roberto-Diago_9.jpg.webp\" alt=\"\u7f57\u4f2f\u6258-\u8fea\u4e9a\u54e5\" \/><\/figure><\/a><\/div><div class=\"swiper-slide\" role=\"group\" aria-roledescription=\"slide\" aria-label=\"4 of 11\"><a data-elementor-open-lightbox=\"yes\" data-elementor-lightbox-slideshow=\"39dbdb38\" data-e-action-hash=\"#elementor-action%3Aaction%3Dlightbox%26settings%3DeyJpZCI6NzI2MSwidXJsIjoiaHR0cHM6XC9cL2FydGFwYXJ0YW1lbnRvLmNvbVwvd3AtY29udGVudFwvdXBsb2Fkc1wvMjAyM1wvMTJcL1JvYmVydG8tRGlhZ29fMTAuanBnLndlYnAiLCJzbGlkZXNob3ciOiIzOWRiZGIzOCJ9\" href=\"https:\/\/artapartamento.com\/wp-content\/uploads\/2023\/12\/Roberto-Diago_10.jpg.webp\"><figure class=\"swiper-slide-inner\"><img decoding=\"async\" class=\"swiper-slide-image\" src=\"https:\/\/artapartamento.com\/wp-content\/uploads\/2023\/12\/Roberto-Diago_10.jpg.webp\" alt=\"\u7f57\u4f2f\u6258-\u8fea\u4e9a\u54e5\" \/><\/figure><\/a><\/div><div class=\"swiper-slide\" role=\"group\" aria-roledescription=\"slide\" aria-label=\"5 of 11\"><a data-elementor-open-lightbox=\"yes\" data-elementor-lightbox-slideshow=\"39dbdb38\" data-e-action-hash=\"#elementor-action%3Aaction%3Dlightbox%26settings%3DeyJpZCI6NzI2MiwidXJsIjoiaHR0cHM6XC9cL2FydGFwYXJ0YW1lbnRvLmNvbVwvd3AtY29udGVudFwvdXBsb2Fkc1wvMjAyM1wvMTJcL1JvYmVydG8tRGlhZ29fMTEuanBnLndlYnAiLCJzbGlkZXNob3ciOiIzOWRiZGIzOCJ9\" href=\"https:\/\/artapartamento.com\/wp-content\/uploads\/2023\/12\/Roberto-Diago_11.jpg.webp\"><figure class=\"swiper-slide-inner\"><img decoding=\"async\" class=\"swiper-slide-image\" src=\"https:\/\/artapartamento.com\/wp-content\/uploads\/2023\/12\/Roberto-Diago_11.jpg.webp\" alt=\"\u7f57\u4f2f\u6258-\u8fea\u4e9a\u54e5\" \/><\/figure><\/a><\/div><div class=\"swiper-slide\" role=\"group\" aria-roledescription=\"slide\" aria-label=\"6 of 11\"><a data-elementor-open-lightbox=\"yes\" data-elementor-lightbox-slideshow=\"39dbdb38\" data-e-action-hash=\"#elementor-action%3Aaction%3Dlightbox%26settings%3DeyJpZCI6NzI2MywidXJsIjoiaHR0cHM6XC9cL2FydGFwYXJ0YW1lbnRvLmNvbVwvd3AtY29udGVudFwvdXBsb2Fkc1wvMjAyM1wvMTJcL1JvYmVydG8tRGlhZ29fMTIuanBnLndlYnAiLCJzbGlkZXNob3ciOiIzOWRiZGIzOCJ9\" href=\"https:\/\/artapartamento.com\/wp-content\/uploads\/2023\/12\/Roberto-Diago_12.jpg.webp\"><figure class=\"swiper-slide-inner\"><img decoding=\"async\" class=\"swiper-slide-image\" src=\"https:\/\/artapartamento.com\/wp-content\/uploads\/2023\/12\/Roberto-Diago_12.jpg.webp\" alt=\"\u7f57\u4f2f\u6258-\u8fea\u4e9a\u54e5\" \/><\/figure><\/a><\/div><div class=\"swiper-slide\" role=\"group\" aria-roledescription=\"slide\" aria-label=\"7 of 11\"><a data-elementor-open-lightbox=\"yes\" data-elementor-lightbox-slideshow=\"39dbdb38\" data-e-action-hash=\"#elementor-action%3Aaction%3Dlightbox%26settings%3DeyJpZCI6NzI2NCwidXJsIjoiaHR0cHM6XC9cL2FydGFwYXJ0YW1lbnRvLmNvbVwvd3AtY29udGVudFwvdXBsb2Fkc1wvMjAyM1wvMTJcL1JvYmVydG8tRGlhZ29fMTMuanBnLndlYnAiLCJzbGlkZXNob3ciOiIzOWRiZGIzOCJ9\" href=\"https:\/\/artapartamento.com\/wp-content\/uploads\/2023\/12\/Roberto-Diago_13.jpg.webp\"><figure class=\"swiper-slide-inner\"><img decoding=\"async\" class=\"swiper-slide-image\" src=\"https:\/\/artapartamento.com\/wp-content\/uploads\/2023\/12\/Roberto-Diago_13.jpg.webp\" alt=\"\u7f57\u4f2f\u6258-\u8fea\u4e9a\u54e5\" \/><\/figure><\/a><\/div><div class=\"swiper-slide\" role=\"group\" aria-roledescription=\"slide\" aria-label=\"8 of 11\"><a data-elementor-open-lightbox=\"yes\" data-elementor-lightbox-slideshow=\"39dbdb38\" data-e-action-hash=\"#elementor-action%3Aaction%3Dlightbox%26settings%3DeyJpZCI6NzI2NSwidXJsIjoiaHR0cHM6XC9cL2FydGFwYXJ0YW1lbnRvLmNvbVwvd3AtY29udGVudFwvdXBsb2Fkc1wvMjAyM1wvMTJcL1JvYmVydG8tRGlhZ29fMTQuanBnLndlYnAiLCJzbGlkZXNob3ciOiIzOWRiZGIzOCJ9\" href=\"https:\/\/artapartamento.com\/wp-content\/uploads\/2023\/12\/Roberto-Diago_14.jpg.webp\"><figure class=\"swiper-slide-inner\"><img decoding=\"async\" class=\"swiper-slide-image\" src=\"https:\/\/artapartamento.com\/wp-content\/uploads\/2023\/12\/Roberto-Diago_14.jpg.webp\" alt=\"\u7f57\u4f2f\u6258-\u8fea\u4e9a\u54e5\" \/><\/figure><\/a><\/div><div class=\"swiper-slide\" role=\"group\" aria-roledescription=\"slide\" aria-label=\"9 of 11\"><a data-elementor-open-lightbox=\"yes\" data-elementor-lightbox-slideshow=\"39dbdb38\" data-e-action-hash=\"#elementor-action%3Aaction%3Dlightbox%26settings%3DeyJpZCI6NzI2NiwidXJsIjoiaHR0cHM6XC9cL2FydGFwYXJ0YW1lbnRvLmNvbVwvd3AtY29udGVudFwvdXBsb2Fkc1wvMjAyM1wvMTJcL1JvYmVydG8tRGlhZ29fMTUuanBnLndlYnAiLCJzbGlkZXNob3ciOiIzOWRiZGIzOCJ9\" href=\"https:\/\/artapartamento.com\/wp-content\/uploads\/2023\/12\/Roberto-Diago_15.jpg.webp\"><figure class=\"swiper-slide-inner\"><img decoding=\"async\" class=\"swiper-slide-image\" src=\"https:\/\/artapartamento.com\/wp-content\/uploads\/2023\/12\/Roberto-Diago_15.jpg.webp\" alt=\"\u7f57\u4f2f\u6258-\u8fea\u4e9a\u54e5\" \/><\/figure><\/a><\/div><div class=\"swiper-slide\" role=\"group\" aria-roledescription=\"slide\" aria-label=\"10 of 11\"><a data-elementor-open-lightbox=\"yes\" data-elementor-lightbox-slideshow=\"39dbdb38\" data-e-action-hash=\"#elementor-action%3Aaction%3Dlightbox%26settings%3DeyJpZCI6NzI2NywidXJsIjoiaHR0cHM6XC9cL2FydGFwYXJ0YW1lbnRvLmNvbVwvd3AtY29udGVudFwvdXBsb2Fkc1wvMjAyM1wvMTJcL1JvYmVydG8tRGlhZ29fMTYuanBnLndlYnAiLCJzbGlkZXNob3ciOiIzOWRiZGIzOCJ9\" href=\"https:\/\/artapartamento.com\/wp-content\/uploads\/2023\/12\/Roberto-Diago_16.jpg.webp\"><figure class=\"swiper-slide-inner\"><img decoding=\"async\" class=\"swiper-slide-image\" src=\"https:\/\/artapartamento.com\/wp-content\/uploads\/2023\/12\/Roberto-Diago_16.jpg.webp\" alt=\"\u7f57\u4f2f\u6258-\u8fea\u4e9a\u54e5\" \/><\/figure><\/a><\/div><div class=\"swiper-slide\" role=\"group\" aria-roledescription=\"slide\" aria-label=\"11 of 11\"><a data-elementor-open-lightbox=\"yes\" data-elementor-lightbox-slideshow=\"39dbdb38\" data-e-action-hash=\"#elementor-action%3Aaction%3Dlightbox%26settings%3DeyJpZCI6NzI2OCwidXJsIjoiaHR0cHM6XC9cL2FydGFwYXJ0YW1lbnRvLmNvbVwvd3AtY29udGVudFwvdXBsb2Fkc1wvMjAyM1wvMTJcL1JvYmVydG8tRGlhZ29fMTcuanBnLndlYnAiLCJzbGlkZXNob3ciOiIzOWRiZGIzOCJ9\" href=\"https:\/\/artapartamento.com\/wp-content\/uploads\/2023\/12\/Roberto-Diago_17.jpg.webp\"><figure class=\"swiper-slide-inner\"><img decoding=\"async\" class=\"swiper-slide-image\" src=\"https:\/\/artapartamento.com\/wp-content\/uploads\/2023\/12\/Roberto-Diago_17.jpg.webp\" alt=\"\u7f57\u4f2f\u6258-\u8fea\u4e9a\u54e5\" \/><\/figure><\/a><\/div>\t\t\t<\/div>\n\t\t\t\t\t\t\t\n\t\t\t\t\t\t\t\t\t<\/div>\n\t\t\t\t\t\t<\/div>\n\t\t\t\t<\/div>\n\t\t\t\t<\/div>\n\t\t<div class=\"elementor-element elementor-element-31e742b0 e-con-full e-flex e-con e-child\" data-id=\"31e742b0\" data-element_type=\"container\" data-e-type=\"container\">\n\t\t\t\t<div class=\"elementor-element elementor-element-431b4bd9 elementor-widget elementor-widget-heading\" data-id=\"431b4bd9\" data-element_type=\"widget\" data-e-type=\"widget\" data-widget_type=\"heading.default\">\n\t\t\t\t<div class=\"elementor-widget-container\">\n\t\t\t\t\t<h2 class=\"elementor-heading-title elementor-size-default\"><a href=\"https:\/\/artapartamento.com\/zh\/category\/artistas\/roberto-diago\/\" rel=\"tag\">\u7f57\u4f2f\u6258-\u8fea\u4e9a\u54e5<\/a><\/h2>\t\t\t\t<\/div>\n\t\t\t\t<\/div>\n\t\t\t\t<div class=\"elementor-element elementor-element-72ba9b50 elementor-widget elementor-widget-text-editor\" data-id=\"72ba9b50\" data-element_type=\"widget\" data-e-type=\"widget\" data-widget_type=\"text-editor.default\">\n\t\t\t\t<div class=\"elementor-widget-container\">\n\t\t\t\t\t\t\t\t\t<p>\u65e0\u9898<br \/>\u7684\u300aLibertad\u300b\u7cfb\u5217\u3001<br \/>2022 \u6728\u5236\u7ec4\u88c5\uff0c62 x 43 x 28 \u5398\u7c73<\/p>\t\t\t\t\t\t\t\t<\/div>\n\t\t\t\t<\/div>\n\t\t\t\t<div class=\"elementor-element elementor-element-3ed2788c elementor-widget elementor-widget-text-editor\" data-id=\"3ed2788c\" data-element_type=\"widget\" data-e-type=\"widget\" data-widget_type=\"text-editor.default\">\n\t\t\t\t<div class=\"elementor-widget-container\">\n\t\t\t\t\t\t\t\t\t<p>Libertad \u7cfb\u5217\u5ef6\u7eed\u4e86\u7f57\u4f2f\u6258-\u8fea\u4e9a\u54e5\u4e4b\u524d\u521b\u4f5c\u7684 \"\u8d2b\u7a77 \"\u4f5c\u54c1\u3002\u8fd9\u4e00\u6b21\uff0c\u827a\u672f\u5bb6\u4f7f\u7528\u4e86\u66f4\u5e38\u89c1\u7684\u5bb6\u7528\u6750\u6599\uff0c\u5982\u6728\u6750\uff0c\u4f46\u4e5f\u52a0\u5165\u4e86\u4e0e\u897f\u65b9\u96d5\u5851\u4f20\u7edf\u76f8\u5173\u7684\u91d1\u5c5e\u9752\u94dc\u3002\u901a\u8fc7\u7ec4\u88c5\u6216\u94f8\u9020\uff0c\u8fea\u4e9a\u54e5\u5728\u5f53\u4ee3\u793e\u4f1a\u80cc\u666f\u4e0b\u91cd\u6e29\u4e86\u9ed1\u4eba\u7684\u5386\u53f2\u3002\u8fd9\u4e9b\u4eba\u88ab\u6392\u65a5\u5728\u5916\uff0c\u5386\u53f2\u4e0a\u4e0d\u65ad\u88ab\u8fb9\u7f18\u5316\u3002\u5728\u67d0\u79cd\u7a0b\u5ea6\u4e0a\uff0c\u8fd9\u4e9b\u4f5c\u54c1\u662f\u827a\u672f\u5bb6\u901a\u8fc7\u4e2a\u4eba\u53d9\u4e8b\u6fc0\u6d3b\u7684\u89e3\u653e\u88c5\u7f6e\u3002<\/p>\t\t\t\t\t\t\t\t<\/div>\n\t\t\t\t<\/div>\n\t\t\t\t<div class=\"elementor-element elementor-element-24310b6b elementor-align-left elementor-widget elementor-widget-button\" data-id=\"24310b6b\" data-element_type=\"widget\" data-e-type=\"widget\" data-widget_type=\"button.default\">\n\t\t\t\t<div class=\"elementor-widget-container\">\n\t\t\t\t\t\t\t\t\t<div class=\"elementor-button-wrapper\">\n\t\t\t\t\t<a class=\"elementor-button elementor-button-link elementor-size-sm\" href=\"mailto:info@artapartamento.com?subject=Inquiry%3A%20Roberto%20Diago%20(RD-202330)\">\n\t\t\t\t\t\t<span class=\"elementor-button-content-wrapper\">\n\t\t\t\t\t\t\t\t\t<span class=\"elementor-button-text\">\u54a8\u8be2<\/span>\n\t\t\t\t\t<\/span>\n\t\t\t\t\t<\/a>\n\t\t\t\t<\/div>\n\t\t\t\t\t\t\t\t<\/div>\n\t\t\t\t<\/div>\n\t\t\t\t<\/div>\n\t\t\t\t<\/div>\n\t\t\t\t<\/div>","protected":false},"excerpt":{"rendered":"<p>Untitled,de la series Libertad,2022 Assembled wood, 62 x 43 x 28 cm La serie Libertad es una continuaci\u00f3n del trabajo \u00abpovera\u00bb desarrollado por Roberto Diago en su obra anterior. En esta oportunidad, el artista utiliza materiales m\u00e1s comunes y dom\u00e9sticos como la madera, pero tambi\u00e9n incorpora el bronce, metal asociado a la tradici\u00f3n de la [&hellip;]<\/p>\n","protected":false},"author":1,"featured_media":7247,"parent":4390,"menu_order":0,"comment_status":"closed","ping_status":"closed","template":"","meta":{"_acf_changed":false,"footnotes":"","_links_to":"","_links_to_target":""},"categories":[58],"tags":[65],"class_list":["post-7248","page","type-page","status-publish","has-post-thumbnail","hentry","category-roberto-diago","tag-obra","post","post-with-thumbnail","post-with-thumbnail-large"],"acf":[],"aioseo_notices":[],"_links":{"self":[{"href":"https:\/\/artapartamento.com\/zh\/wp-json\/wp\/v2\/pages\/7248","targetHints":{"allow":["GET"]}}],"collection":[{"href":"https:\/\/artapartamento.com\/zh\/wp-json\/wp\/v2\/pages"}],"about":[{"href":"https:\/\/artapartamento.com\/zh\/wp-json\/wp\/v2\/types\/page"}],"author":[{"embeddable":true,"href":"https:\/\/artapartamento.com\/zh\/wp-json\/wp\/v2\/users\/1"}],"replies":[{"embeddable":true,"href":"https:\/\/artapartamento.com\/zh\/wp-json\/wp\/v2\/comments?post=7248"}],"version-history":[{"count":0,"href":"https:\/\/artapartamento.com\/zh\/wp-json\/wp\/v2\/pages\/7248\/revisions"}],"up":[{"embeddable":true,"href":"https:\/\/artapartamento.com\/zh\/wp-json\/wp\/v2\/pages\/4390"}],"wp:featuredmedia":[{"embeddable":true,"href":"https:\/\/artapartamento.com\/zh\/wp-json\/wp\/v2\/media\/7247"}],"wp:attachment":[{"href":"https:\/\/artapartamento.com\/zh\/wp-json\/wp\/v2\/media?parent=7248"}],"wp:term":[{"taxonomy":"category","embeddable":true,"href":"https:\/\/artapartamento.com\/zh\/wp-json\/wp\/v2\/categories?post=7248"},{"taxonomy":"post_tag","embeddable":true,"href":"https:\/\/artapartamento.com\/zh\/wp-json\/wp\/v2\/tags?post=7248"}],"curies":[{"name":"wp","href":"https:\/\/api.w.org\/{rel}","templated":true}]}}