{"id":6984,"date":"2023-12-08T16:02:45","date_gmt":"2023-12-08T15:02:45","guid":{"rendered":"https:\/\/artapartamento.com\/?page_id=6984"},"modified":"2023-12-08T19:32:40","modified_gmt":"2023-12-08T18:32:40","slug":"%e5%b9%bb%e8%a7%89","status":"publish","type":"page","link":"https:\/\/artapartamento.com\/zh\/artistas\/ariamna-contino\/espejismo\/","title":{"rendered":"\u5e7b\u5f71"},"content":{"rendered":"<div data-elementor-type=\"wp-page\" data-elementor-id=\"6984\" class=\"elementor elementor-6984\" data-elementor-post-type=\"page\">\n\t\t\t\t<div class=\"elementor-element elementor-element-35033178 e-con-full e-flex e-con e-parent\" data-id=\"35033178\" data-element_type=\"container\" data-e-type=\"container\" data-settings=\"{&quot;background_background&quot;:&quot;classic&quot;}\">\n\t\t<div class=\"elementor-element elementor-element-12cca30e e-con-full e-flex e-con e-child\" data-id=\"12cca30e\" data-element_type=\"container\" data-e-type=\"container\">\n\t\t\t\t<div class=\"elementor-element elementor-element-2151c41b elementor-widget elementor-widget-image-carousel\" data-id=\"2151c41b\" data-element_type=\"widget\" data-e-type=\"widget\" data-settings=\"{&quot;slides_to_show&quot;:&quot;1&quot;,&quot;navigation&quot;:&quot;none&quot;,&quot;autoplay&quot;:&quot;yes&quot;,&quot;pause_on_hover&quot;:&quot;yes&quot;,&quot;pause_on_interaction&quot;:&quot;yes&quot;,&quot;autoplay_speed&quot;:5000,&quot;infinite&quot;:&quot;yes&quot;,&quot;effect&quot;:&quot;slide&quot;,&quot;speed&quot;:500}\" data-widget_type=\"image-carousel.default\">\n\t\t\t\t<div class=\"elementor-widget-container\">\n\t\t\t\t\t\t\t<div class=\"elementor-image-carousel-wrapper swiper\" role=\"region\" aria-roledescription=\"carousel\" aria-label=\"\u56fe\u7247\u5e93\" dir=\"ltr\">\n\t\t\t<div class=\"elementor-image-carousel swiper-wrapper swiper-image-stretch\" aria-live=\"off\">\n\t\t\t\t\t\t\t\t<div class=\"swiper-slide\" role=\"group\" aria-roledescription=\"slide\" aria-label=\"1 di 6\" data-no-translation-aria-label=\"\"><a data-elementor-open-lightbox=\"yes\" data-elementor-lightbox-slideshow=\"2151c41b\" data-e-action-hash=\"#elementor-action%3Aaction%3Dlightbox%26settings%3DeyJpZCI6Njk5NCwidXJsIjoiaHR0cHM6XC9cL2FydGFwYXJ0YW1lbnRvLmNvbVwvd3AtY29udGVudFwvdXBsb2Fkc1wvMjAyM1wvMTJcL0FyaWFtbmEtQ29udGlub18zNy5qcGcud2VicCIsInNsaWRlc2hvdyI6IjIxNTFjNDFiIn0%3D\" href=\"https:\/\/artapartamento.com\/wp-content\/uploads\/2023\/12\/Ariamna-Contino_37.jpg.webp\"><figure class=\"swiper-slide-inner\"><img decoding=\"async\" class=\"swiper-slide-image\" src=\"https:\/\/artapartamento.com\/wp-content\/uploads\/2023\/12\/Ariamna-Contino_37.jpg.webp\" alt=\"\u963f\u91cc\u4e9a\u59c6\u5a1c-\u5b54\u8482\u8bfa\" \/><\/figure><\/a><\/div><div class=\"swiper-slide\" role=\"group\" aria-roledescription=\"slide\" aria-label=\"2 di 6\" data-no-translation-aria-label=\"\"><a data-elementor-open-lightbox=\"yes\" data-elementor-lightbox-slideshow=\"2151c41b\" data-e-action-hash=\"#elementor-action%3Aaction%3Dlightbox%26settings%3DeyJpZCI6Njk5NSwidXJsIjoiaHR0cHM6XC9cL2FydGFwYXJ0YW1lbnRvLmNvbVwvd3AtY29udGVudFwvdXBsb2Fkc1wvMjAyM1wvMTJcL0FyaWFtbmEtQ29udGlub18zOC5qcGcud2VicCIsInNsaWRlc2hvdyI6IjIxNTFjNDFiIn0%3D\" href=\"https:\/\/artapartamento.com\/wp-content\/uploads\/2023\/12\/Ariamna-Contino_38.jpg.webp\"><figure class=\"swiper-slide-inner\"><img decoding=\"async\" class=\"swiper-slide-image\" src=\"https:\/\/artapartamento.com\/wp-content\/uploads\/2023\/12\/Ariamna-Contino_38.jpg.webp\" alt=\"\u963f\u91cc\u4e9a\u59c6\u5a1c-\u5b54\u8482\u8bfa\" \/><\/figure><\/a><\/div><div class=\"swiper-slide\" role=\"group\" aria-roledescription=\"slide\" aria-label=\"3 di 6\" data-no-translation-aria-label=\"\"><a data-elementor-open-lightbox=\"yes\" data-elementor-lightbox-slideshow=\"2151c41b\" data-e-action-hash=\"#elementor-action%3Aaction%3Dlightbox%26settings%3DeyJpZCI6Njk5NiwidXJsIjoiaHR0cHM6XC9cL2FydGFwYXJ0YW1lbnRvLmNvbVwvd3AtY29udGVudFwvdXBsb2Fkc1wvMjAyM1wvMTJcL0FyaWFtbmEtQ29udGlub18zOS5qcGcud2VicCIsInNsaWRlc2hvdyI6IjIxNTFjNDFiIn0%3D\" href=\"https:\/\/artapartamento.com\/wp-content\/uploads\/2023\/12\/Ariamna-Contino_39.jpg.webp\"><figure class=\"swiper-slide-inner\"><img decoding=\"async\" class=\"swiper-slide-image\" src=\"https:\/\/artapartamento.com\/wp-content\/uploads\/2023\/12\/Ariamna-Contino_39.jpg.webp\" alt=\"\u963f\u91cc\u4e9a\u59c6\u5a1c-\u5b54\u8482\u8bfa\" \/><\/figure><\/a><\/div><div class=\"swiper-slide\" role=\"group\" aria-roledescription=\"slide\" aria-label=\"4 di 6\" data-no-translation-aria-label=\"\"><a data-elementor-open-lightbox=\"yes\" data-elementor-lightbox-slideshow=\"2151c41b\" data-e-action-hash=\"#elementor-action%3Aaction%3Dlightbox%26settings%3DeyJpZCI6Njk5NywidXJsIjoiaHR0cHM6XC9cL2FydGFwYXJ0YW1lbnRvLmNvbVwvd3AtY29udGVudFwvdXBsb2Fkc1wvMjAyM1wvMTJcL0FyaWFtbmEtQ29udGlub180MC5qcGcud2VicCIsInNsaWRlc2hvdyI6IjIxNTFjNDFiIn0%3D\" href=\"https:\/\/artapartamento.com\/wp-content\/uploads\/2023\/12\/Ariamna-Contino_40.jpg.webp\"><figure class=\"swiper-slide-inner\"><img decoding=\"async\" class=\"swiper-slide-image\" src=\"https:\/\/artapartamento.com\/wp-content\/uploads\/2023\/12\/Ariamna-Contino_40.jpg.webp\" alt=\"\u963f\u91cc\u4e9a\u59c6\u5a1c-\u5b54\u8482\u8bfa\" \/><\/figure><\/a><\/div><div class=\"swiper-slide\" role=\"group\" aria-roledescription=\"slide\" aria-label=\"5 di 6\" data-no-translation-aria-label=\"\"><a data-elementor-open-lightbox=\"yes\" data-elementor-lightbox-slideshow=\"2151c41b\" data-e-action-hash=\"#elementor-action%3Aaction%3Dlightbox%26settings%3DeyJpZCI6Njk5OCwidXJsIjoiaHR0cHM6XC9cL2FydGFwYXJ0YW1lbnRvLmNvbVwvd3AtY29udGVudFwvdXBsb2Fkc1wvMjAyM1wvMTJcL0FyaWFtbmEtQ29udGlub180MS5qcGcud2VicCIsInNsaWRlc2hvdyI6IjIxNTFjNDFiIn0%3D\" href=\"https:\/\/artapartamento.com\/wp-content\/uploads\/2023\/12\/Ariamna-Contino_41.jpg.webp\"><figure class=\"swiper-slide-inner\"><img decoding=\"async\" class=\"swiper-slide-image\" src=\"https:\/\/artapartamento.com\/wp-content\/uploads\/2023\/12\/Ariamna-Contino_41.jpg.webp\" alt=\"\u963f\u91cc\u4e9a\u59c6\u5a1c-\u5b54\u8482\u8bfa\" \/><\/figure><\/a><\/div><div class=\"swiper-slide\" role=\"group\" aria-roledescription=\"slide\" aria-label=\"6 di 6\" data-no-translation-aria-label=\"\"><a data-elementor-open-lightbox=\"yes\" data-elementor-lightbox-slideshow=\"2151c41b\" data-e-action-hash=\"#elementor-action%3Aaction%3Dlightbox%26settings%3DeyJpZCI6Njk5OSwidXJsIjoiaHR0cHM6XC9cL2FydGFwYXJ0YW1lbnRvLmNvbVwvd3AtY29udGVudFwvdXBsb2Fkc1wvMjAyM1wvMTJcL0FyaWFtbmEtQ29udGlub180Mi5qcGcud2VicCIsInNsaWRlc2hvdyI6IjIxNTFjNDFiIn0%3D\" href=\"https:\/\/artapartamento.com\/wp-content\/uploads\/2023\/12\/Ariamna-Contino_42.jpg.webp\"><figure class=\"swiper-slide-inner\"><img decoding=\"async\" class=\"swiper-slide-image\" src=\"https:\/\/artapartamento.com\/wp-content\/uploads\/2023\/12\/Ariamna-Contino_42.jpg.webp\" alt=\"\u963f\u91cc\u4e9a\u59c6\u5a1c-\u5b54\u8482\u8bfa\" \/><\/figure><\/a><\/div>\t\t\t<\/div>\n\t\t\t\t\t\t\t\n\t\t\t\t\t\t\t\t\t<\/div>\n\t\t\t\t\t\t<\/div>\n\t\t\t\t<\/div>\n\t\t\t\t<\/div>\n\t\t<div class=\"elementor-element elementor-element-53bbc588 e-con-full e-flex e-con e-child\" data-id=\"53bbc588\" data-element_type=\"container\" data-e-type=\"container\">\n\t\t\t\t<div class=\"elementor-element elementor-element-6fc93519 elementor-widget elementor-widget-heading\" data-id=\"6fc93519\" data-element_type=\"widget\" data-e-type=\"widget\" data-widget_type=\"heading.default\">\n\t\t\t\t<div class=\"elementor-widget-container\">\n\t\t\t\t\t<h2 class=\"elementor-heading-title elementor-size-default\"><a href=\"https:\/\/artapartamento.com\/zh\/category\/artistas\/ariamna-contino\/\" rel=\"tag\">\u963f\u91cc\u4e9a\u59c6\u5a1c-\u5b54\u8482\u8bfa<\/a><\/h2>\t\t\t\t<\/div>\n\t\t\t\t<\/div>\n\t\t\t\t<div class=\"elementor-element elementor-element-3b07233 elementor-widget elementor-widget-text-editor\" data-id=\"3b07233\" data-element_type=\"widget\" data-e-type=\"widget\" data-widget_type=\"text-editor.default\">\n\t\t\t\t<div class=\"elementor-widget-container\">\n\t\t\t\t\t\t\t\t\t<p>\u4e0e\u4e9a\u5386\u514b\u65af-\u57c3\u5c14\u5357\u5fb7\u65af\u5408\u4f5c<br \/>\u6d77\u5e02\u8703\u697c<br \/>2017, \u88c5\u7f6e<\/p>\t\t\t\t\t\t\t\t<\/div>\n\t\t\t\t<\/div>\n\t\t\t\t<div class=\"elementor-element elementor-element-1931231a elementor-widget elementor-widget-text-editor\" data-id=\"1931231a\" data-element_type=\"widget\" data-e-type=\"widget\" data-widget_type=\"text-editor.default\">\n\t\t\t\t<div class=\"elementor-widget-container\">\n\t\t\t\t\t\t\t\t\t<p>\u6587\u5b66\u4f5c\u54c1\u4e2d\u63cf\u8ff0\u7684\u4e4c\u6258\u90a6\u6216\u4e4c\u6258\u90a6\u56fd\u5bb6\u5e76\u4e0d\u4f4d\u4e8e\u67d0\u4e2a\u7279\u5b9a\u7684\u5730\u65b9\u3002\u56e0\u6b64\uff0c\u6211\u4eec\u4f7f\u7528\u4e86 \"\u5c9b\u5c7f \"\u8fd9\u4e00\u9690\u55bb\u3002\"\u5c9b\u5c7f \"\u662f\u4e00\u4e2a\u5730\u7406\u6982\u5ff5\uff0c\u6307\u88ab\u6c34\u73af\u7ed5\u7684\u9646\u5730\u3002\u4ece\u8fd9\u4e2a\u610f\u4e49\u4e0a\u8bf4\uff0c\u5c9b\u5c7f\u6784\u6210\u4e86\u5b55\u80b2 \"\u7406\u60f3 \"\u72b6\u6001\u7684\u7a7a\u95f4\uff0c\u4e5f\u5c31\u662f\u8bf4\uff0c\u5c9b\u5c7f\u56e0\u5176\u4e0e\u4e16\u9694\u7edd\u3001\u4e0e\u4e16\u9694\u7edd\u800c\u6210\u4e3a\u65e0\u53ef\u8fa9\u9a73\u7684\u4e4c\u6258\u90a6\u4e4b\u5730\u3002 <br \/>\u4f5c\u54c1\u300a\u6d77\u5e02\u8703\u697c\u300b\uff08Espejismo\uff09\u662f\u4e00\u5e45\u6c34\u6ce5\u6d6e\u96d5\uff0c\u63cf\u7ed8\u7684\u662f\u53e4\u5df4\u5357\u90e8\u7684\u4e00\u4e2a\u7901\u5c9b\uff08Cayo Blanco del Sur\uff09\u3002\u8fd9\u4e2a\u5c9b\u5c7f\u8c61\u5f81\u6027\u5730\u6784\u6210\u4e86\u4e00\u4e2a\u66f4\u5927\u5c9b\u5c7f\u5730\u7406\u7684\u4e00\u90e8\u5206\uff0c\u4e00\u76f4\u662f\u4eba\u4eec\u731c\u6d4b\u53e4\u5df4\u4e0e\u524d\u5fb7\u610f\u5fd7\u6c11\u4e3b\u5171\u548c\u56fd\u5916\u4ea4\u5173\u7cfb\u7684\u4e3b\u9898\u3002\u4e00\u4e9b\u6d88\u606f\u6765\u6e90\u79f0\uff0c1972 \u5e74 6 \u6708\uff0c\u83f2\u5fb7\u5c14-\u5361\u65af\u7279\u7f57\u8bbf\u95ee\u67cf\u6797\u65f6\uff0c\u8fd9\u4e2a\u5c0f\u7fa4\u5c9b\u4f5c\u4e3a\u793c\u7269\u9001\u7ed9\u4e86\u4ed6\uff0c\u5e76\u5c06\u5176\u6539\u540d\u4e3a Cayo Ernest Th\u00e4lmann\uff0c\u4ee5\u7eaa\u5ff5\u4e00\u4f4d\u5fb7\u56fd\u653f\u6cbb\u5bb6\u3002 <br \/>\u6c34\u6ce5\u7684\u4f7f\u7528\u6709\u5176\u5386\u53f2\u539f\u56e0\uff0c\u5f53\u5e74\u4e24\u56fd\u4e4b\u95f4\u8fbe\u6210\u4e86\u5728\u53e4\u5df4\u5efa\u9020\u6c34\u6ce5\u5382\u7684\u534f\u8bae\u3002\u53e6\u4e00\u65b9\u9762\uff0c\u7531\u4e8e\u5b83\u662f\u4e00\u4e2a\u7531\u6c34\u5f62\u6210\u7684\u5c9b\u5c7f\uff0c\u800c\u4e0d\u662f\u88ab\u6c34\u5305\u56f4\uff0c\u6240\u4ee5\u611f\u89c9\u662f\u98a0\u5012\u7684\u3002\u8fd9\u6837\u4e00\u6765\uff0c\u91cc\u9762\u7684\u6db2\u4f53\u5c31\u6210\u4e86 \"\u5176\u4ed6 \"\u73b0\u5b9e\u7684\u53cd\u6620\uff0c\u540c\u65f6\u4e5f\u8b66\u544a\u4eba\u4eec\uff0c\u5728\u52a0\u52d2\u6bd4\u6d77\u7684\u70ed\u5e26\u5730\u533a\u5b58\u5728\u7740\u4e00\u4e2a\u51e0\u4e4e\u96be\u4ee5\u7f6e\u4fe1\u7684\u4e1c\u5fb7\u788e\u7247\u3002\u5c31\u50cf\u6d77\u5e02\u8703\u697c\u6548\u5e94\u4e00\u6837\uff0c\u8fd9\u5ea7\u5c9b\u5c7f\u7684\u6df7\u51dd\u571f\u88c5\u7f6e\u518d\u73b0\u4e86\u8868\u9762\u4e0a\u770b\u4f3c\u771f\u5b9e\u4f46\u672a\u7ecf\u8bc1\u5b9e\u7684\u4e8b\u5b9e\u7684\u5047\u8c61\u3002 <br \/>\u8fd9\u4ef6\u4f5c\u54c1\u662f\u4e00\u6b21\u5931\u8d25\u5c1d\u8bd5\u7684\u5177\u4f53\u8868\u73b0\uff0c\u5176\u6807\u5fd7\u662f\u5efa\u7acb\u4e00\u4e2a\u65b0\u7cfb\u7edf\u7684\u4e4c\u6258\u90a6\u5f0f\u52aa\u529b\u3002<\/p>\t\t\t\t\t\t\t\t<\/div>\n\t\t\t\t<\/div>\n\t\t\t\t<div class=\"elementor-element elementor-element-47c7a5b1 elementor-align-left elementor-widget elementor-widget-button\" data-id=\"47c7a5b1\" data-element_type=\"widget\" data-e-type=\"widget\" data-widget_type=\"button.default\">\n\t\t\t\t<div class=\"elementor-widget-container\">\n\t\t\t\t\t\t\t\t\t<div class=\"elementor-button-wrapper\">\n\t\t\t\t\t<a class=\"elementor-button elementor-size-sm\" role=\"button\">\n\t\t\t\t\t\t<span class=\"elementor-button-content-wrapper\">\n\t\t\t\t\t\t\t\t\t<span class=\"elementor-button-text\">\u54a8\u8be2<\/span>\n\t\t\t\t\t<\/span>\n\t\t\t\t\t<\/a>\n\t\t\t\t<\/div>\n\t\t\t\t\t\t\t\t<\/div>\n\t\t\t\t<\/div>\n\t\t\t\t<\/div>\n\t\t\t\t<\/div>\n\t\t\t\t<\/div>","protected":false},"excerpt":{"rendered":"<p>En colaboraci\u00f3n con Alex Hern\u00e1ndezEspejismo,2017, Instalaci\u00f3n La utop\u00eda o los estados ut\u00f3picos descritos en la literatura no se ubican en un lugar espec\u00edfico. Por ello se recurre a la met\u00e1fora de la Isla, figura geogr\u00e1fica que se define como una porci\u00f3n de tierra rodeada de agua. En este sentido, la Isla constituye el espacio que [&hellip;]<\/p>\n","protected":false},"author":1,"featured_media":6983,"parent":4291,"menu_order":0,"comment_status":"closed","ping_status":"closed","template":"","meta":{"_acf_changed":false,"footnotes":"","_links_to":"","_links_to_target":""},"categories":[41],"tags":[65],"class_list":["post-6984","page","type-page","status-publish","has-post-thumbnail","hentry","category-ariamna-contino","tag-obra","post","post-with-thumbnail","post-with-thumbnail-large"],"acf":[],"aioseo_notices":[],"_links":{"self":[{"href":"https:\/\/artapartamento.com\/zh\/wp-json\/wp\/v2\/pages\/6984","targetHints":{"allow":["GET"]}}],"collection":[{"href":"https:\/\/artapartamento.com\/zh\/wp-json\/wp\/v2\/pages"}],"about":[{"href":"https:\/\/artapartamento.com\/zh\/wp-json\/wp\/v2\/types\/page"}],"author":[{"embeddable":true,"href":"https:\/\/artapartamento.com\/zh\/wp-json\/wp\/v2\/users\/1"}],"replies":[{"embeddable":true,"href":"https:\/\/artapartamento.com\/zh\/wp-json\/wp\/v2\/comments?post=6984"}],"version-history":[{"count":0,"href":"https:\/\/artapartamento.com\/zh\/wp-json\/wp\/v2\/pages\/6984\/revisions"}],"up":[{"embeddable":true,"href":"https:\/\/artapartamento.com\/zh\/wp-json\/wp\/v2\/pages\/4291"}],"wp:featuredmedia":[{"embeddable":true,"href":"https:\/\/artapartamento.com\/zh\/wp-json\/wp\/v2\/media\/6983"}],"wp:attachment":[{"href":"https:\/\/artapartamento.com\/zh\/wp-json\/wp\/v2\/media?parent=6984"}],"wp:term":[{"taxonomy":"category","embeddable":true,"href":"https:\/\/artapartamento.com\/zh\/wp-json\/wp\/v2\/categories?post=6984"},{"taxonomy":"post_tag","embeddable":true,"href":"https:\/\/artapartamento.com\/zh\/wp-json\/wp\/v2\/tags?post=6984"}],"curies":[{"name":"wp","href":"https:\/\/api.w.org\/{rel}","templated":true}]}}