{"id":6968,"date":"2023-12-08T15:39:48","date_gmt":"2023-12-08T14:39:48","guid":{"rendered":"https:\/\/artapartamento.com\/?page_id=6968"},"modified":"2023-12-08T19:32:50","modified_gmt":"2023-12-08T18:32:50","slug":"%e5%bf%8f%e6%82%94","status":"publish","type":"page","link":"https:\/\/artapartamento.com\/zh\/artistas\/ariamna-contino\/penitencia\/","title":{"rendered":"\u5fcf\u6094"},"content":{"rendered":"<div data-elementor-type=\"wp-page\" data-elementor-id=\"6968\" class=\"elementor elementor-6968\" data-elementor-post-type=\"page\">\n\t\t\t\t<div class=\"elementor-element elementor-element-9ebf67a e-con-full e-flex e-con e-parent\" data-id=\"9ebf67a\" data-element_type=\"container\" data-e-type=\"container\" data-settings=\"{&quot;background_background&quot;:&quot;classic&quot;}\">\n\t\t<div class=\"elementor-element elementor-element-1c69d9df e-con-full e-flex e-con e-child\" data-id=\"1c69d9df\" data-element_type=\"container\" data-e-type=\"container\">\n\t\t\t\t<div class=\"elementor-element elementor-element-6708c4e2 elementor-widget elementor-widget-image-carousel\" data-id=\"6708c4e2\" data-element_type=\"widget\" data-e-type=\"widget\" data-settings=\"{&quot;slides_to_show&quot;:&quot;1&quot;,&quot;navigation&quot;:&quot;none&quot;,&quot;autoplay&quot;:&quot;yes&quot;,&quot;pause_on_hover&quot;:&quot;yes&quot;,&quot;pause_on_interaction&quot;:&quot;yes&quot;,&quot;autoplay_speed&quot;:5000,&quot;infinite&quot;:&quot;yes&quot;,&quot;effect&quot;:&quot;slide&quot;,&quot;speed&quot;:500}\" data-widget_type=\"image-carousel.default\">\n\t\t\t\t<div class=\"elementor-widget-container\">\n\t\t\t\t\t\t\t<div class=\"elementor-image-carousel-wrapper swiper\" role=\"region\" aria-roledescription=\"carousel\" aria-label=\"\u56fe\u50cf\u65cb\u8f6c\u6728\u9a6c\" dir=\"ltr\">\n\t\t\t<div class=\"elementor-image-carousel swiper-wrapper swiper-image-stretch\" aria-live=\"off\">\n\t\t\t\t\t\t\t\t<div class=\"swiper-slide\" role=\"group\" aria-roledescription=\"slide\" aria-label=\"1 of 5\"><a data-elementor-open-lightbox=\"yes\" data-elementor-lightbox-slideshow=\"6708c4e2\" data-e-action-hash=\"#elementor-action%3Aaction%3Dlightbox%26settings%3DeyJpZCI6Njk3NSwidXJsIjoiaHR0cHM6XC9cL2FydGFwYXJ0YW1lbnRvLmNvbVwvd3AtY29udGVudFwvdXBsb2Fkc1wvMjAyM1wvMTJcL0FyaWFtbmEtQ29udGlub18zMS5qcGcud2VicCIsInNsaWRlc2hvdyI6IjY3MDhjNGUyIn0%3D\" href=\"https:\/\/artapartamento.com\/wp-content\/uploads\/2023\/12\/Ariamna-Contino_31.jpg.webp\"><figure class=\"swiper-slide-inner\"><img decoding=\"async\" class=\"swiper-slide-image\" src=\"https:\/\/artapartamento.com\/wp-content\/uploads\/2023\/12\/Ariamna-Contino_31.jpg.webp\" alt=\"\u963f\u91cc\u4e9a\u59c6\u5a1c-\u5b54\u8482\u8bfa\" \/><\/figure><\/a><\/div><div class=\"swiper-slide\" role=\"group\" aria-roledescription=\"slide\" aria-label=\"2 of 5\"><a data-elementor-open-lightbox=\"yes\" data-elementor-lightbox-slideshow=\"6708c4e2\" data-e-action-hash=\"#elementor-action%3Aaction%3Dlightbox%26settings%3DeyJpZCI6Njk3NiwidXJsIjoiaHR0cHM6XC9cL2FydGFwYXJ0YW1lbnRvLmNvbVwvd3AtY29udGVudFwvdXBsb2Fkc1wvMjAyM1wvMTJcL0FyaWFtbmEtQ29udGlub18zMi5qcGcud2VicCIsInNsaWRlc2hvdyI6IjY3MDhjNGUyIn0%3D\" href=\"https:\/\/artapartamento.com\/wp-content\/uploads\/2023\/12\/Ariamna-Contino_32.jpg.webp\"><figure class=\"swiper-slide-inner\"><img decoding=\"async\" class=\"swiper-slide-image\" src=\"https:\/\/artapartamento.com\/wp-content\/uploads\/2023\/12\/Ariamna-Contino_32.jpg.webp\" alt=\"\u963f\u91cc\u4e9a\u59c6\u5a1c-\u5b54\u8482\u8bfa\" \/><\/figure><\/a><\/div><div class=\"swiper-slide\" role=\"group\" aria-roledescription=\"slide\" aria-label=\"3 of 5\"><a data-elementor-open-lightbox=\"yes\" data-elementor-lightbox-slideshow=\"6708c4e2\" data-e-action-hash=\"#elementor-action%3Aaction%3Dlightbox%26settings%3DeyJpZCI6Njk3NywidXJsIjoiaHR0cHM6XC9cL2FydGFwYXJ0YW1lbnRvLmNvbVwvd3AtY29udGVudFwvdXBsb2Fkc1wvMjAyM1wvMTJcL0FyaWFtbmEtQ29udGlub18zMy5qcGcud2VicCIsInNsaWRlc2hvdyI6IjY3MDhjNGUyIn0%3D\" href=\"https:\/\/artapartamento.com\/wp-content\/uploads\/2023\/12\/Ariamna-Contino_33.jpg.webp\"><figure class=\"swiper-slide-inner\"><img decoding=\"async\" class=\"swiper-slide-image\" src=\"https:\/\/artapartamento.com\/wp-content\/uploads\/2023\/12\/Ariamna-Contino_33.jpg.webp\" alt=\"\u963f\u91cc\u4e9a\u59c6\u5a1c-\u5b54\u8482\u8bfa\" \/><\/figure><\/a><\/div><div class=\"swiper-slide\" role=\"group\" aria-roledescription=\"slide\" aria-label=\"4 of 5\"><a data-elementor-open-lightbox=\"yes\" data-elementor-lightbox-slideshow=\"6708c4e2\" data-e-action-hash=\"#elementor-action%3Aaction%3Dlightbox%26settings%3DeyJpZCI6Njk3OCwidXJsIjoiaHR0cHM6XC9cL2FydGFwYXJ0YW1lbnRvLmNvbVwvd3AtY29udGVudFwvdXBsb2Fkc1wvMjAyM1wvMTJcL0FyaWFtbmEtQ29udGlub18zNC5qcGcud2VicCIsInNsaWRlc2hvdyI6IjY3MDhjNGUyIn0%3D\" href=\"https:\/\/artapartamento.com\/wp-content\/uploads\/2023\/12\/Ariamna-Contino_34.jpg.webp\"><figure class=\"swiper-slide-inner\"><img decoding=\"async\" class=\"swiper-slide-image\" src=\"https:\/\/artapartamento.com\/wp-content\/uploads\/2023\/12\/Ariamna-Contino_34.jpg.webp\" alt=\"\u963f\u91cc\u4e9a\u59c6\u5a1c-\u5b54\u8482\u8bfa\" \/><\/figure><\/a><\/div><div class=\"swiper-slide\" role=\"group\" aria-roledescription=\"slide\" aria-label=\"5 of 5\"><a data-elementor-open-lightbox=\"yes\" data-elementor-lightbox-slideshow=\"6708c4e2\" data-e-action-hash=\"#elementor-action%3Aaction%3Dlightbox%26settings%3DeyJpZCI6Njk3OSwidXJsIjoiaHR0cHM6XC9cL2FydGFwYXJ0YW1lbnRvLmNvbVwvd3AtY29udGVudFwvdXBsb2Fkc1wvMjAyM1wvMTJcL0FyaWFtbmEtQ29udGlub18zNS5qcGcud2VicCIsInNsaWRlc2hvdyI6IjY3MDhjNGUyIn0%3D\" href=\"https:\/\/artapartamento.com\/wp-content\/uploads\/2023\/12\/Ariamna-Contino_35.jpg.webp\"><figure class=\"swiper-slide-inner\"><img decoding=\"async\" class=\"swiper-slide-image\" src=\"https:\/\/artapartamento.com\/wp-content\/uploads\/2023\/12\/Ariamna-Contino_35.jpg.webp\" alt=\"\u963f\u91cc\u4e9a\u59c6\u5a1c-\u5b54\u8482\u8bfa\" \/><\/figure><\/a><\/div>\t\t\t<\/div>\n\t\t\t\t\t\t\t\n\t\t\t\t\t\t\t\t\t<\/div>\n\t\t\t\t\t\t<\/div>\n\t\t\t\t<\/div>\n\t\t\t\t<\/div>\n\t\t<div class=\"elementor-element elementor-element-3b6952e1 e-con-full e-flex e-con e-child\" data-id=\"3b6952e1\" data-element_type=\"container\" data-e-type=\"container\">\n\t\t\t\t<div class=\"elementor-element elementor-element-4d53c408 elementor-widget elementor-widget-heading\" data-id=\"4d53c408\" data-element_type=\"widget\" data-e-type=\"widget\" data-widget_type=\"heading.default\">\n\t\t\t\t<div class=\"elementor-widget-container\">\n\t\t\t\t\t<h2 class=\"elementor-heading-title elementor-size-default\"><a href=\"https:\/\/artapartamento.com\/zh\/category\/artistas\/ariamna-contino\/\" rel=\"tag\">\u963f\u91cc\u4e9a\u59c6\u5a1c-\u5b54\u8482\u8bfa<\/a><\/h2>\t\t\t\t<\/div>\n\t\t\t\t<\/div>\n\t\t\t\t<div class=\"elementor-element elementor-element-303ba461 elementor-widget elementor-widget-text-editor\" data-id=\"303ba461\" data-element_type=\"widget\" data-e-type=\"widget\" data-widget_type=\"text-editor.default\">\n\t\t\t\t<div class=\"elementor-widget-container\">\n\t\t\t\t\t\t\t\t\t\u5fcf\u6094\u3001<br>\n2019,\n\u5b89\u88c5<br>\n<strong>58 \u56fd\u9645\u827a\u672f\u5c55<br>\u5a01\u5c3c\u65af\u53cc\u5e74\u5c55<\/strong>\t\t\t\t\t\t\t\t<\/div>\n\t\t\t\t<\/div>\n\t\t\t\t<div class=\"elementor-element elementor-element-230f5d8b elementor-widget elementor-widget-text-editor\" data-id=\"230f5d8b\" data-element_type=\"widget\" data-e-type=\"widget\" data-widget_type=\"text-editor.default\">\n\t\t\t\t<div class=\"elementor-widget-container\">\n\t\t\t\t\t\t\t\t\t<p>\u7eb8\u5f20\u53ef\u4ee5\u8bf4\u662f\u6211\u4eec\u793e\u4f1a\u4e2d\u4e0d\u53ef\u6216\u7f3a\u7684\u6750\u6599\u3002\u5373\u4f7f\u5728\u6570\u5b57\u65f6\u4ee3\u7684\u63a8\u52a8\u4e0b\uff0c\u7eb8\u5f20\u5728\u5404\u4e2a\u9886\u57df\u7684\u5e7f\u6cdb\u5e94\u7528\u4ecd\u5728\u5168\u7403\u8303\u56f4\u5185\u5f15\u53d1\u4e86\u4e25\u91cd\u7684\u53d8\u5316\u548c\u590d\u6742\u7684\u653f\u6cbb\u95ee\u9898\u3002\u56e0\u6b64\uff0c\"Penitencia \"\u662f\u4e00\u4e2a\u4ece\u7eb8\u8fd9\u79cd\u539f\u6750\u6599\u7684\u81ea\u7136\u8d77\u6e90\u3001\u8f6c\u5316\u548c\u4f7f\u7528\u51fa\u53d1\u7684\u88c5\u7f6e\u548c\u8fc7\u7a0b\u9879\u76ee\u3002\u5b83\u901a\u8fc7\u8c61\u5f81\u6027\u5730\u548c\u5b9e\u9645\u5730\u91cd\u65b0\u79cd\u690d\u4e00\u7247\u68ee\u6797\u7684\u59ff\u6001\uff0c\u5728\u4e24\u4e2a\u7269\u7406\u548c\u9690\u55bb\u5c42\u9762\u4e0a\u6784\u5efa\u4e86\u7d27\u5bc6\u7684\u8054\u7cfb\u3002\u901a\u8fc7\u8fd9\u79cd\u65b9\u5f0f\uff0c\u4e24\u4e2a\u7ed3\u6784\u4e4b\u95f4\u5f62\u6210\u4e86\u4e00\u4e2a\u95ed\u5408\u56de\u8def\u3002\u5728\u751f\u7269\u548c\u5de5\u4e1a\u4e4b\u95f4\u5f62\u6210\u4e86\u4e00\u4e2a\u5b8c\u7f8e\u7684\u5faa\u73af\uff0c\u5728\u8fd9\u4e2a\u5faa\u73af\u4e2d\uff0c\u68ee\u6797\u88ab\u9690\u55bb\u4e3a\u88ab\u593a\u8d70\u7684\u4e1c\u897f\u53c8\u88ab\u91cd\u65b0\u593a\u56de\u3002\u5f53\u6bcf\u4e2a\u5c0f\u704c\u6728\u4e1b\u90fd\u88ab\u4ea4\u7ed9\u4e0d\u540c\u7684\u53c2\u89c2\u8005\u65f6\uff0c\u8fd9\u4e2a\u88c5\u7f6e\u5f00\u59cb\u7684\u8fc7\u7a0b\u5c06\u8fbe\u5230\u9ad8\u6f6e\u3002\u68ee\u6797\u5c31\u8fd9\u6837\u8513\u5ef6\u5f00\u6765\uff0c\u81ea\u53d1\u751f\u957f\uff0c\u4e0d\u53d7\u63a7\u5236\uff0c\u5c31\u50cf\u5927\u81ea\u7136\u672c\u8eab\u4e00\u6837\u3002\u6bcf\u4e2a\u4eba\u4e0d\u4ec5\u53ef\u4ee5\u62e5\u6709\u81ea\u5df1\u7684\u6811\uff0c\u8fd8\u53ef\u4ee5\u53c2\u4e0e\u5176\u4e2d\uff0c\u4e3a\u8fd9\u4e00\u73b0\u5b9e\u505a\u51fa\u8d21\u732e\u3002\u56e0\u6b64\uff0c\u6700\u521d\u53ea\u662f\u827a\u672f\u5bb6\u4e2a\u4eba\u7684\u59ff\u6001\uff0c\u73b0\u5728\u5374\u6269\u5c55\u5230\u4e86\u96c6\u4f53\u3002<\/p>\t\t\t\t\t\t\t\t<\/div>\n\t\t\t\t<\/div>\n\t\t\t\t<div class=\"elementor-element elementor-element-6c4320fa elementor-align-left elementor-widget elementor-widget-button\" data-id=\"6c4320fa\" data-element_type=\"widget\" data-e-type=\"widget\" data-widget_type=\"button.default\">\n\t\t\t\t<div class=\"elementor-widget-container\">\n\t\t\t\t\t\t\t\t\t<div class=\"elementor-button-wrapper\">\n\t\t\t\t\t<a class=\"elementor-button elementor-size-sm\" role=\"button\">\n\t\t\t\t\t\t<span class=\"elementor-button-content-wrapper\">\n\t\t\t\t\t\t\t\t\t<span class=\"elementor-button-text\">\u54a8\u8be2<\/span>\n\t\t\t\t\t<\/span>\n\t\t\t\t\t<\/a>\n\t\t\t\t<\/div>\n\t\t\t\t\t\t\t\t<\/div>\n\t\t\t\t<\/div>\n\t\t\t\t<\/div>\n\t\t\t\t<\/div>\n\t\t\t\t<\/div>","protected":false},"excerpt":{"rendered":"<p>Penitencia, 2019, Instalaci\u00f3n 58 Esposizione Internazionale d\u2019 ArteBiennale di Venezia El papel puede ser considerado como un material indispensable en nuestra sociedad. A\u00fan con el empuje de la era digital, su uso extensivo en las m\u00e1s variadas esferas contin\u00faa siendo motivo de alteraciones severas y complejidades pol\u00edticas a nivel global. Penitencia es, entonces, un proyecto [&hellip;]<\/p>\n","protected":false},"author":1,"featured_media":6966,"parent":4291,"menu_order":0,"comment_status":"closed","ping_status":"closed","template":"","meta":{"_acf_changed":false,"footnotes":"","_links_to":"","_links_to_target":""},"categories":[41],"tags":[65],"class_list":["post-6968","page","type-page","status-publish","has-post-thumbnail","hentry","category-ariamna-contino","tag-obra","post","post-with-thumbnail","post-with-thumbnail-large"],"acf":[],"aioseo_notices":[],"_links":{"self":[{"href":"https:\/\/artapartamento.com\/zh\/wp-json\/wp\/v2\/pages\/6968","targetHints":{"allow":["GET"]}}],"collection":[{"href":"https:\/\/artapartamento.com\/zh\/wp-json\/wp\/v2\/pages"}],"about":[{"href":"https:\/\/artapartamento.com\/zh\/wp-json\/wp\/v2\/types\/page"}],"author":[{"embeddable":true,"href":"https:\/\/artapartamento.com\/zh\/wp-json\/wp\/v2\/users\/1"}],"replies":[{"embeddable":true,"href":"https:\/\/artapartamento.com\/zh\/wp-json\/wp\/v2\/comments?post=6968"}],"version-history":[{"count":0,"href":"https:\/\/artapartamento.com\/zh\/wp-json\/wp\/v2\/pages\/6968\/revisions"}],"up":[{"embeddable":true,"href":"https:\/\/artapartamento.com\/zh\/wp-json\/wp\/v2\/pages\/4291"}],"wp:featuredmedia":[{"embeddable":true,"href":"https:\/\/artapartamento.com\/zh\/wp-json\/wp\/v2\/media\/6966"}],"wp:attachment":[{"href":"https:\/\/artapartamento.com\/zh\/wp-json\/wp\/v2\/media?parent=6968"}],"wp:term":[{"taxonomy":"category","embeddable":true,"href":"https:\/\/artapartamento.com\/zh\/wp-json\/wp\/v2\/categories?post=6968"},{"taxonomy":"post_tag","embeddable":true,"href":"https:\/\/artapartamento.com\/zh\/wp-json\/wp\/v2\/tags?post=6968"}],"curies":[{"name":"wp","href":"https:\/\/api.w.org\/{rel}","templated":true}]}}