{"id":6949,"date":"2023-12-08T15:26:58","date_gmt":"2023-12-08T14:26:58","guid":{"rendered":"https:\/\/artapartamento.com\/?page_id=6949"},"modified":"2023-12-08T19:33:05","modified_gmt":"2023-12-08T18:33:05","slug":"%e7%ba%a2%e6%a0%91%e6%9e%97%e7%b3%bb%e5%88%97%e7%81%8c%e4%b8%9b%e5%9c%b0","status":"publish","type":"page","link":"https:\/\/artapartamento.com\/zh\/artistas\/ariamna-contino\/matorral-de-la-serie-manigua\/","title":{"rendered":"\u9a6c\u6258\u62c9\u5c14\u300b\uff0c\u9009\u81ea\u300a\u9a6c\u5c3c\u74dc\u300b\u7cfb\u5217"},"content":{"rendered":"<div data-elementor-type=\"wp-page\" data-elementor-id=\"6949\" class=\"elementor elementor-6949\" data-elementor-post-type=\"page\">\n\t\t\t\t<div class=\"elementor-element elementor-element-64288e4c e-con-full e-flex e-con e-parent\" data-id=\"64288e4c\" data-element_type=\"container\" data-e-type=\"container\" data-settings=\"{&quot;background_background&quot;:&quot;classic&quot;}\">\n\t\t<div class=\"elementor-element elementor-element-6c12a6d7 e-con-full e-flex e-con e-child\" data-id=\"6c12a6d7\" data-element_type=\"container\" data-e-type=\"container\">\n\t\t\t\t<div class=\"elementor-element elementor-element-1ac1172f elementor-widget elementor-widget-image-carousel\" data-id=\"1ac1172f\" data-element_type=\"widget\" data-e-type=\"widget\" data-settings=\"{&quot;slides_to_show&quot;:&quot;1&quot;,&quot;navigation&quot;:&quot;none&quot;,&quot;autoplay&quot;:&quot;yes&quot;,&quot;pause_on_hover&quot;:&quot;yes&quot;,&quot;pause_on_interaction&quot;:&quot;yes&quot;,&quot;autoplay_speed&quot;:5000,&quot;infinite&quot;:&quot;yes&quot;,&quot;effect&quot;:&quot;slide&quot;,&quot;speed&quot;:500}\" data-widget_type=\"image-carousel.default\">\n\t\t\t\t<div class=\"elementor-widget-container\">\n\t\t\t\t\t\t\t<div class=\"elementor-image-carousel-wrapper swiper\" role=\"region\" aria-roledescription=\"carousel\" aria-label=\"\u56fe\u50cf\u65cb\u8f6c\u6728\u9a6c\" dir=\"ltr\">\n\t\t\t<div class=\"elementor-image-carousel swiper-wrapper swiper-image-stretch\" aria-live=\"off\">\n\t\t\t\t\t\t\t\t<div class=\"swiper-slide\" role=\"group\" aria-roledescription=\"slide\" aria-label=\"1 of 3\" data-no-translation-aria-label=\"\"><a data-elementor-open-lightbox=\"yes\" data-elementor-lightbox-slideshow=\"1ac1172f\" data-e-action-hash=\"#elementor-action%3Aaction%3Dlightbox%26settings%3DeyJpZCI6Njk1NiwidXJsIjoiaHR0cHM6XC9cL2FydGFwYXJ0YW1lbnRvLmNvbVwvd3AtY29udGVudFwvdXBsb2Fkc1wvMjAyM1wvMTJcL0FyaWFtbmEtQ29udGlub18yNy5qcGcud2VicCIsInNsaWRlc2hvdyI6IjFhYzExNzJmIn0%3D\" href=\"https:\/\/artapartamento.com\/wp-content\/uploads\/2023\/12\/Ariamna-Contino_27.jpg.webp\"><figure class=\"swiper-slide-inner\"><img decoding=\"async\" class=\"swiper-slide-image\" src=\"https:\/\/artapartamento.com\/wp-content\/uploads\/2023\/12\/Ariamna-Contino_27.jpg.webp\" alt=\"\u963f\u91cc\u4e9a\u59c6\u5a1c-\u5b54\u8482\u8bfa\" \/><\/figure><\/a><\/div><div class=\"swiper-slide\" role=\"group\" aria-roledescription=\"slide\" aria-label=\"2 of 3\" data-no-translation-aria-label=\"\"><a data-elementor-open-lightbox=\"yes\" data-elementor-lightbox-slideshow=\"1ac1172f\" data-e-action-hash=\"#elementor-action%3Aaction%3Dlightbox%26settings%3DeyJpZCI6Njk1NywidXJsIjoiaHR0cHM6XC9cL2FydGFwYXJ0YW1lbnRvLmNvbVwvd3AtY29udGVudFwvdXBsb2Fkc1wvMjAyM1wvMTJcL0FyaWFtbmEtQ29udGlub18yOC5qcGcud2VicCIsInNsaWRlc2hvdyI6IjFhYzExNzJmIn0%3D\" href=\"https:\/\/artapartamento.com\/wp-content\/uploads\/2023\/12\/Ariamna-Contino_28.jpg.webp\"><figure class=\"swiper-slide-inner\"><img decoding=\"async\" class=\"swiper-slide-image\" src=\"https:\/\/artapartamento.com\/wp-content\/uploads\/2023\/12\/Ariamna-Contino_28.jpg.webp\" alt=\"\u963f\u91cc\u4e9a\u59c6\u5a1c-\u5b54\u8482\u8bfa\" \/><\/figure><\/a><\/div><div class=\"swiper-slide\" role=\"group\" aria-roledescription=\"slide\" aria-label=\"3 of 3\" data-no-translation-aria-label=\"\"><a data-elementor-open-lightbox=\"yes\" data-elementor-lightbox-slideshow=\"1ac1172f\" data-e-action-hash=\"#elementor-action%3Aaction%3Dlightbox%26settings%3DeyJpZCI6Njk1OCwidXJsIjoiaHR0cHM6XC9cL2FydGFwYXJ0YW1lbnRvLmNvbVwvd3AtY29udGVudFwvdXBsb2Fkc1wvMjAyM1wvMTJcL0FyaWFtbmEtQ29udGlub18yOS5qcGcud2VicCIsInNsaWRlc2hvdyI6IjFhYzExNzJmIn0%3D\" href=\"https:\/\/artapartamento.com\/wp-content\/uploads\/2023\/12\/Ariamna-Contino_29.jpg.webp\"><figure class=\"swiper-slide-inner\"><img decoding=\"async\" class=\"swiper-slide-image\" src=\"https:\/\/artapartamento.com\/wp-content\/uploads\/2023\/12\/Ariamna-Contino_29.jpg.webp\" alt=\"\u963f\u91cc\u4e9a\u59c6\u5a1c-\u5b54\u8482\u8bfa\" \/><\/figure><\/a><\/div>\t\t\t<\/div>\n\t\t\t\t\t\t\t\n\t\t\t\t\t\t\t\t\t<\/div>\n\t\t\t\t\t\t<\/div>\n\t\t\t\t<\/div>\n\t\t\t\t<\/div>\n\t\t<div class=\"elementor-element elementor-element-297a57cd e-con-full e-flex e-con e-child\" data-id=\"297a57cd\" data-element_type=\"container\" data-e-type=\"container\">\n\t\t\t\t<div class=\"elementor-element elementor-element-f15b142 elementor-widget elementor-widget-heading\" data-id=\"f15b142\" data-element_type=\"widget\" data-e-type=\"widget\" data-widget_type=\"heading.default\">\n\t\t\t\t<div class=\"elementor-widget-container\">\n\t\t\t\t\t<h2 class=\"elementor-heading-title elementor-size-default\"><a href=\"https:\/\/artapartamento.com\/zh\/category\/artistas\/ariamna-contino\/\" rel=\"tag\">\u963f\u91cc\u4e9a\u59c6\u5a1c-\u5b54\u8482\u8bfa<\/a><\/h2>\t\t\t\t<\/div>\n\t\t\t\t<\/div>\n\t\t\t\t<div class=\"elementor-element elementor-element-67875afb elementor-widget elementor-widget-text-editor\" data-id=\"67875afb\" data-element_type=\"widget\" data-e-type=\"widget\" data-widget_type=\"text-editor.default\">\n\t\t\t\t<div class=\"elementor-widget-container\">\n\t\t\t\t\t\t\t\t\t<p>Matorral\uff0c\u6765\u81ea Manigua \u7cfb\u5217\u3001<br \/>2023\uff0c\u624b\u5de5\u526a\u7eb8\uff08Stramore \u51b7\u538b\u5361\u7eb8 300 \u514b\/\u5e73\u65b9\u7c73\uff09\uff0c125 x 125 \u5398\u7c73<\/p>\t\t\t\t\t\t\t\t<\/div>\n\t\t\t\t<\/div>\n\t\t\t\t<div class=\"elementor-element elementor-element-36b841cc elementor-widget elementor-widget-text-editor\" data-id=\"36b841cc\" data-element_type=\"widget\" data-e-type=\"widget\" data-widget_type=\"text-editor.default\">\n\t\t\t\t<div class=\"elementor-widget-container\">\n\t\t\t\t\t\t\t\t\t<p>\u4ece\u8bcd\u6e90\u5b66\u7684\u89d2\u5ea6\u6765\u770b\uff0c\"manigua \"\u4e00\u8bcd\u7684\u8d77\u6e90\u53ef\u4ee5\u8ffd\u6eaf\u5230\u6cf0\u8bfa\u8bed\u3002\u5728\u6cf0\u8bfa\u4eba\u7684\u4e16\u754c\u91cc\uff0c\u5b83\u6307\u7684\u662f\u5927\u81ea\u7136\u901a\u5e38\u8352\u829c\u3001\u4e30\u5bcc\u3001\u7e41\u76db\u3001\u6709\u65f6\u96be\u4ee5\u7a7f\u8d8a\u7684\u7a7a\u95f4\u3002\u8fd9\u4e2a\u8bcd\u4e5f\u88ab\u5f52\u7ed3\u4e3a\u4e00\u7cfb\u5217\u8d85\u81ea\u7136\u7684\u4fe1\u4ef0\u3002\u5728\u6587\u5316\u610f\u4e49\u4e0a\uff0c\"manigua \"\u662f\u4eea\u5f0f\u3001\u878d\u5408\u548c\u795e\u8bdd\uff1b\"manigua \"\u662f\u53cd\u53db\u548c\u81ea\u7531\u3002\u5728\u8fd9\u4e2a\u7a7a\u95f4\u91cc\uff0c\u7b2c\u4e00\u6279\u5b9a\u5c45\u8005\u53d1\u5c55\u4e86\u4ed6\u4eec\u7684\u65e5\u5e38\u751f\u6d3b\uff0c\u800c\u540e\u6765\u7684\u975e\u6d32\u5974\u96b6\u5219\u56de\u987e\u4e86\u4ed6\u4eec\u6c11\u65cf\u7684\u5b97\u6559\u4fe1\u4ef0\u3002\u5728\u8fd9\u4e24\u79cd\u60c5\u51b5\u4e0b\uff0c\u4eba\u4eec\u90fd\u4ece\u7cbe\u795e\u7684\u89d2\u5ea6\u6765\u770b\u5f85\u5927\u81ea\u7136\uff0c\u5728\u8fd9\u91cc\uff0ccem\u00edes \u548c\u5723\u5f92\u90fd\u80fd\u627e\u5230\u5b8c\u7f8e\u7684\u6816\u606f\u5730\u3002\u6218\u4e89\u671f\u95f4\uff0c\u9a6c\u5c3c\u74dc\u662f\u907f\u96be\u6240\uff0c\u5b83\u7684\u77e5\u8bc6\u88ab\u7528\u6765\u6cbb\u7597\u4f24\u5458\u3002\u8349\u836f\u5b66\u5bb6\u548c \"yerberos \"\u5c06\u6240\u6709\u8fd9\u4e9b\u7956\u5148\u7684\u77e5\u8bc6\u4fdd\u5b58\u5728\u5927\u4f17\u6587\u5316\u4e2d\uff0c\u4ed6\u4eec\u70ed\u8877\u4e8e\u634d\u536b\u66fe\u7ecf\u4ece\u53e4\u5df4\u9a6c\u5c3c\u74dc\u4e2d\u63d0\u53d6\u7684\u690d\u7269\u7684\u6cbb\u7597\u548c\u796d\u7940\u6f5c\u529b\u3002<\/p>\t\t\t\t\t\t\t\t<\/div>\n\t\t\t\t<\/div>\n\t\t\t\t<div class=\"elementor-element elementor-element-d5f887f elementor-align-left elementor-widget elementor-widget-button\" data-id=\"d5f887f\" data-element_type=\"widget\" data-e-type=\"widget\" data-widget_type=\"button.default\">\n\t\t\t\t<div class=\"elementor-widget-container\">\n\t\t\t\t\t\t\t\t\t<div class=\"elementor-button-wrapper\">\n\t\t\t\t\t<a class=\"elementor-button elementor-size-sm\" role=\"button\">\n\t\t\t\t\t\t<span class=\"elementor-button-content-wrapper\">\n\t\t\t\t\t\t\t\t\t<span class=\"elementor-button-text\">\u54a8\u8be2<\/span>\n\t\t\t\t\t<\/span>\n\t\t\t\t\t<\/a>\n\t\t\t\t<\/div>\n\t\t\t\t\t\t\t\t<\/div>\n\t\t\t\t<\/div>\n\t\t\t\t<\/div>\n\t\t\t\t<\/div>\n\t\t\t\t<\/div>","protected":false},"excerpt":{"rendered":"<p>Matorral, de la serie Manigua,2023, papel cortado a mano (Stramore Cold Press cardboard 300 gsm), 125 x 125 cm Desde un punto de vista etimol\u00f3gico, los or\u00edgenes de la palabra \u00abmanigua\u00bb se remonta a la lengua de los ta\u00ednos. En el universo ta\u00edno, se refer\u00eda al espacio donde la naturaleza suele ser salvaje, abundante, exuberante [&hellip;]<\/p>\n","protected":false},"author":1,"featured_media":6948,"parent":4291,"menu_order":0,"comment_status":"closed","ping_status":"closed","template":"","meta":{"_acf_changed":false,"footnotes":"","_links_to":"","_links_to_target":""},"categories":[41],"tags":[65],"class_list":["post-6949","page","type-page","status-publish","has-post-thumbnail","hentry","category-ariamna-contino","tag-obra","post","post-with-thumbnail","post-with-thumbnail-large"],"acf":[],"aioseo_notices":[],"_links":{"self":[{"href":"https:\/\/artapartamento.com\/zh\/wp-json\/wp\/v2\/pages\/6949","targetHints":{"allow":["GET"]}}],"collection":[{"href":"https:\/\/artapartamento.com\/zh\/wp-json\/wp\/v2\/pages"}],"about":[{"href":"https:\/\/artapartamento.com\/zh\/wp-json\/wp\/v2\/types\/page"}],"author":[{"embeddable":true,"href":"https:\/\/artapartamento.com\/zh\/wp-json\/wp\/v2\/users\/1"}],"replies":[{"embeddable":true,"href":"https:\/\/artapartamento.com\/zh\/wp-json\/wp\/v2\/comments?post=6949"}],"version-history":[{"count":0,"href":"https:\/\/artapartamento.com\/zh\/wp-json\/wp\/v2\/pages\/6949\/revisions"}],"up":[{"embeddable":true,"href":"https:\/\/artapartamento.com\/zh\/wp-json\/wp\/v2\/pages\/4291"}],"wp:featuredmedia":[{"embeddable":true,"href":"https:\/\/artapartamento.com\/zh\/wp-json\/wp\/v2\/media\/6948"}],"wp:attachment":[{"href":"https:\/\/artapartamento.com\/zh\/wp-json\/wp\/v2\/media?parent=6949"}],"wp:term":[{"taxonomy":"category","embeddable":true,"href":"https:\/\/artapartamento.com\/zh\/wp-json\/wp\/v2\/categories?post=6949"},{"taxonomy":"post_tag","embeddable":true,"href":"https:\/\/artapartamento.com\/zh\/wp-json\/wp\/v2\/tags?post=6949"}],"curies":[{"name":"wp","href":"https:\/\/api.w.org\/{rel}","templated":true}]}}