{"id":6334,"date":"2023-12-05T19:21:52","date_gmt":"2023-12-05T18:21:52","guid":{"rendered":"https:\/\/artapartamento.com\/?page_id=6334"},"modified":"2023-12-08T18:54:19","modified_gmt":"2023-12-08T17:54:19","slug":"%e9%a3%9e%e8%a1%8c%e9%9d%99%e7%89%a9-4","status":"publish","type":"page","link":"https:\/\/artapartamento.com\/zh\/artistas\/nacho-martin-silva\/flying-still-life-4\/","title":{"rendered":"\u98de\u884c\u9759\u7269 4"},"content":{"rendered":"<div data-elementor-type=\"wp-page\" data-elementor-id=\"6334\" class=\"elementor elementor-6334\" data-elementor-post-type=\"page\">\n\t\t\t\t<div class=\"elementor-element elementor-element-2ca4dde6 e-con-full e-flex e-con e-parent\" data-id=\"2ca4dde6\" data-element_type=\"container\" data-e-type=\"container\" data-settings=\"{&quot;background_background&quot;:&quot;classic&quot;}\">\n\t\t<div class=\"elementor-element elementor-element-70c68a e-con-full e-flex e-con e-child\" data-id=\"70c68a\" data-element_type=\"container\" data-e-type=\"container\">\n\t\t\t\t<div class=\"elementor-element elementor-element-4be1ecd6 elementor-widget elementor-widget-image-carousel\" data-id=\"4be1ecd6\" data-element_type=\"widget\" data-e-type=\"widget\" data-settings=\"{&quot;slides_to_show&quot;:&quot;1&quot;,&quot;navigation&quot;:&quot;none&quot;,&quot;autoplay&quot;:&quot;yes&quot;,&quot;pause_on_hover&quot;:&quot;yes&quot;,&quot;pause_on_interaction&quot;:&quot;yes&quot;,&quot;autoplay_speed&quot;:5000,&quot;infinite&quot;:&quot;yes&quot;,&quot;effect&quot;:&quot;slide&quot;,&quot;speed&quot;:500}\" data-widget_type=\"image-carousel.default\">\n\t\t\t\t<div class=\"elementor-widget-container\">\n\t\t\t\t\t\t\t<div class=\"elementor-image-carousel-wrapper swiper\" role=\"region\" aria-roledescription=\"carousel\" aria-label=\"\u56fe\u50cf\u65cb\u8f6c\u6728\u9a6c\" dir=\"ltr\" data-no-translation-aria-label=\"\">\n\t\t\t<div class=\"elementor-image-carousel swiper-wrapper swiper-image-stretch\" aria-live=\"off\">\n\t\t\t\t\t\t\t\t<div class=\"swiper-slide\" role=\"group\" aria-roledescription=\"slide\" aria-label=\"5 \u7684 1\" data-no-translation-aria-label=\"\"><a data-elementor-open-lightbox=\"yes\" data-elementor-lightbox-slideshow=\"4be1ecd6\" data-e-action-hash=\"#elementor-action%3Aaction%3Dlightbox%26settings%3DeyJpZCI6NjIwMCwidXJsIjoiaHR0cHM6XC9cL2FydGFwYXJ0YW1lbnRvLmNvbVwvd3AtY29udGVudFwvdXBsb2Fkc1wvMjAyM1wvMTJcL05hY2hvLU1hcnRpbi1TaWx2YV84LmpwZy53ZWJwIiwic2xpZGVzaG93IjoiNGJlMWVjZDYifQ%3D%3D\" href=\"https:\/\/artapartamento.com\/wp-content\/uploads\/2023\/12\/Nacho-Martin-Silva_8.jpg.webp\"><figure class=\"swiper-slide-inner\"><img decoding=\"async\" class=\"swiper-slide-image\" src=\"https:\/\/artapartamento.com\/wp-content\/uploads\/2023\/12\/Nacho-Martin-Silva_8.jpg.webp\" alt=\"\u7eb3\u4e54-\u9a6c\u4e01-\u5e2d\u5c14\u74e6\" \/><\/figure><\/a><\/div><div class=\"swiper-slide\" role=\"group\" aria-roledescription=\"slide\" aria-label=\"5 \u7684 2\" data-no-translation-aria-label=\"\"><a data-elementor-open-lightbox=\"yes\" data-elementor-lightbox-slideshow=\"4be1ecd6\" data-e-action-hash=\"#elementor-action%3Aaction%3Dlightbox%26settings%3DeyJpZCI6NjM0MiwidXJsIjoiaHR0cHM6XC9cL2FydGFwYXJ0YW1lbnRvLmNvbVwvd3AtY29udGVudFwvdXBsb2Fkc1wvMjAyM1wvMTJcL05hY2hvLU1hcnRpbi1TaWx2YV8xOS5qcGcud2VicCIsInNsaWRlc2hvdyI6IjRiZTFlY2Q2In0%3D\" href=\"https:\/\/artapartamento.com\/wp-content\/uploads\/2023\/12\/Nacho-Martin-Silva_19.jpg.webp\"><figure class=\"swiper-slide-inner\"><img decoding=\"async\" class=\"swiper-slide-image\" src=\"https:\/\/artapartamento.com\/wp-content\/uploads\/2023\/12\/Nacho-Martin-Silva_19.jpg.webp\" alt=\"\u7eb3\u4e54-\u9a6c\u4e01-\u5e2d\u5c14\u74e6\" \/><\/figure><\/a><\/div><div class=\"swiper-slide\" role=\"group\" aria-roledescription=\"slide\" aria-label=\"5 \u7684 3\" data-no-translation-aria-label=\"\"><a data-elementor-open-lightbox=\"yes\" data-elementor-lightbox-slideshow=\"4be1ecd6\" data-e-action-hash=\"#elementor-action%3Aaction%3Dlightbox%26settings%3DeyJpZCI6NjM0MywidXJsIjoiaHR0cHM6XC9cL2FydGFwYXJ0YW1lbnRvLmNvbVwvd3AtY29udGVudFwvdXBsb2Fkc1wvMjAyM1wvMTJcL05hY2hvLU1hcnRpbi1TaWx2YV8yMC5qcGcud2VicCIsInNsaWRlc2hvdyI6IjRiZTFlY2Q2In0%3D\" href=\"https:\/\/artapartamento.com\/wp-content\/uploads\/2023\/12\/Nacho-Martin-Silva_20.jpg.webp\"><figure class=\"swiper-slide-inner\"><img decoding=\"async\" class=\"swiper-slide-image\" src=\"https:\/\/artapartamento.com\/wp-content\/uploads\/2023\/12\/Nacho-Martin-Silva_20.jpg.webp\" alt=\"\u7eb3\u4e54-\u9a6c\u4e01-\u5e2d\u5c14\u74e6\" \/><\/figure><\/a><\/div><div class=\"swiper-slide\" role=\"group\" aria-roledescription=\"slide\" aria-label=\"5 \u7684 4\" data-no-translation-aria-label=\"\"><a data-elementor-open-lightbox=\"yes\" data-elementor-lightbox-slideshow=\"4be1ecd6\" data-e-action-hash=\"#elementor-action%3Aaction%3Dlightbox%26settings%3DeyJpZCI6NjM0NCwidXJsIjoiaHR0cHM6XC9cL2FydGFwYXJ0YW1lbnRvLmNvbVwvd3AtY29udGVudFwvdXBsb2Fkc1wvMjAyM1wvMTJcL05hY2hvLU1hcnRpbi1TaWx2YV8yMS5qcGcud2VicCIsInNsaWRlc2hvdyI6IjRiZTFlY2Q2In0%3D\" href=\"https:\/\/artapartamento.com\/wp-content\/uploads\/2023\/12\/Nacho-Martin-Silva_21.jpg.webp\"><figure class=\"swiper-slide-inner\"><img decoding=\"async\" class=\"swiper-slide-image\" src=\"https:\/\/artapartamento.com\/wp-content\/uploads\/2023\/12\/Nacho-Martin-Silva_21.jpg.webp\" alt=\"\u7eb3\u4e54-\u9a6c\u4e01-\u5e2d\u5c14\u74e6\" \/><\/figure><\/a><\/div><div class=\"swiper-slide\" role=\"group\" aria-roledescription=\"slide\" aria-label=\"5 \u7684 5\" data-no-translation-aria-label=\"\"><a data-elementor-open-lightbox=\"yes\" data-elementor-lightbox-slideshow=\"4be1ecd6\" data-e-action-hash=\"#elementor-action%3Aaction%3Dlightbox%26settings%3DeyJpZCI6NjM0NSwidXJsIjoiaHR0cHM6XC9cL2FydGFwYXJ0YW1lbnRvLmNvbVwvd3AtY29udGVudFwvdXBsb2Fkc1wvMjAyM1wvMTJcL05hY2hvLU1hcnRpbi1TaWx2YV8yMi5qcGcud2VicCIsInNsaWRlc2hvdyI6IjRiZTFlY2Q2In0%3D\" href=\"https:\/\/artapartamento.com\/wp-content\/uploads\/2023\/12\/Nacho-Martin-Silva_22.jpg.webp\"><figure class=\"swiper-slide-inner\"><img decoding=\"async\" class=\"swiper-slide-image\" src=\"https:\/\/artapartamento.com\/wp-content\/uploads\/2023\/12\/Nacho-Martin-Silva_22.jpg.webp\" alt=\"\u7eb3\u4e54-\u9a6c\u4e01-\u5e2d\u5c14\u74e6\" \/><\/figure><\/a><\/div>\t\t\t<\/div>\n\t\t\t\t\t\t\t\n\t\t\t\t\t\t\t\t\t<\/div>\n\t\t\t\t\t\t<\/div>\n\t\t\t\t<\/div>\n\t\t\t\t<\/div>\n\t\t<div class=\"elementor-element elementor-element-739c7838 e-con-full e-flex e-con e-child\" data-id=\"739c7838\" data-element_type=\"container\" data-e-type=\"container\">\n\t\t\t\t<div class=\"elementor-element elementor-element-13a87884 elementor-widget elementor-widget-heading\" data-id=\"13a87884\" data-element_type=\"widget\" data-e-type=\"widget\" data-widget_type=\"heading.default\">\n\t\t\t\t<div class=\"elementor-widget-container\">\n\t\t\t\t\t<h2 class=\"elementor-heading-title elementor-size-default\"><a href=\"https:\/\/artapartamento.com\/zh\/category\/artistas\/nacho-martin-silva\/\" rel=\"tag\">\u7eb3\u4e54-\u9a6c\u4e01-\u5e2d\u5c14\u74e6<\/a><\/h2>\t\t\t\t<\/div>\n\t\t\t\t<\/div>\n\t\t\t\t<div class=\"elementor-element elementor-element-156772db elementor-widget elementor-widget-text-editor\" data-id=\"156772db\" data-element_type=\"widget\" data-e-type=\"widget\" data-widget_type=\"text-editor.default\">\n\t\t\t\t<div class=\"elementor-widget-container\">\n\t\t\t\t\t\t\t\t\t<p>\u98de\u884c\u9759\u7269 4\u3001 <br \/>2023, <br \/>\u4e9a\u9ebb\u5e03\u6cb9\u753b\uff0c122 x 122 \u5398\u7c73<\/p>\t\t\t\t\t\t\t\t<\/div>\n\t\t\t\t<\/div>\n\t\t\t\t<div class=\"elementor-element elementor-element-7706a44e elementor-widget elementor-widget-text-editor\" data-id=\"7706a44e\" data-element_type=\"widget\" data-e-type=\"widget\" data-widget_type=\"text-editor.default\">\n\t\t\t\t<div class=\"elementor-widget-container\">\n\t\t\t\t\t\t\t\t\t<p>\u4ed6\u4ee5\u4e16\u754c\u5404\u5730\u7684\u81ea\u7136\u79d1\u5b66\u535a\u7269\u9986\u548c\u52a8\u7269\u6807\u672c\u5de5\u4f5c\u5ba4\u6536\u85cf\u7684\u586b\u5145\u9e1f\u7c7b\u56fe\u50cf\u4e3a\u6a21\u578b\u3002  \u827a\u672f\u5bb6\u5f3a\u8c03\u4e86\u8fd9\u4e9b\u9e1f\u7c7b\u88ab\u4fdd\u5b58\u7684\u4f18\u7f8e\u8fd0\u52a8\u59ff\u52bf\u4e0e\u5b83\u4eec\u7684\u5185\u5728\u72b6\u51b5\u4e4b\u95f4\u7684\u9690\u542b\u77db\u76fe\u3002\u8fd9\u5e45\u4f5c\u54c1\u8be6\u7ec6\u5206\u6790\u4e86\u9759\u7269\u4f5c\u4e3a\u4e00\u79cd\u7ed8\u753b\u4f53\u88c1\u548c\u6587\u5316\u4e60\u60ef\u7684\u7279\u70b9\u3002<\/p>\t\t\t\t\t\t\t\t<\/div>\n\t\t\t\t<\/div>\n\t\t\t\t<div class=\"elementor-element elementor-element-221f192e elementor-align-left elementor-widget elementor-widget-button\" data-id=\"221f192e\" data-element_type=\"widget\" data-e-type=\"widget\" data-widget_type=\"button.default\">\n\t\t\t\t<div class=\"elementor-widget-container\">\n\t\t\t\t\t\t\t\t\t<div class=\"elementor-button-wrapper\">\n\t\t\t\t\t<a class=\"elementor-button elementor-size-sm\" role=\"button\">\n\t\t\t\t\t\t<span class=\"elementor-button-content-wrapper\">\n\t\t\t\t\t\t\t\t\t<span class=\"elementor-button-text\">\u54a8\u8be2<\/span>\n\t\t\t\t\t<\/span>\n\t\t\t\t\t<\/a>\n\t\t\t\t<\/div>\n\t\t\t\t\t\t\t\t<\/div>\n\t\t\t\t<\/div>\n\t\t\t\t<\/div>\n\t\t\t\t<\/div>\n\t\t\t\t<\/div>","protected":false},"excerpt":{"rendered":"<p>Flying Still Life 4, 2023, \u00d3leo sobre lino, 122 x 122 cm Se toma como modelo im\u00e1genes de aves disecadas pertenecientes a\u00a0 las colecciones de diferentes Museos de Ciencias Naturales y estudios de taxidermia del mundo. \u00a0El artista destaca la contradicci\u00f3n impl\u00edcita entre el movimiento gr\u00e1cil de las poses en que han sido conservadas estas [&hellip;]<\/p>\n","protected":false},"author":1,"featured_media":6200,"parent":4377,"menu_order":0,"comment_status":"closed","ping_status":"closed","template":"","meta":{"_acf_changed":false,"footnotes":"","_links_to":"","_links_to_target":""},"categories":[55],"tags":[65],"class_list":["post-6334","page","type-page","status-publish","has-post-thumbnail","hentry","category-nacho-martin-silva","tag-obra","post","post-with-thumbnail","post-with-thumbnail-large"],"acf":[],"aioseo_notices":[],"_links":{"self":[{"href":"https:\/\/artapartamento.com\/zh\/wp-json\/wp\/v2\/pages\/6334","targetHints":{"allow":["GET"]}}],"collection":[{"href":"https:\/\/artapartamento.com\/zh\/wp-json\/wp\/v2\/pages"}],"about":[{"href":"https:\/\/artapartamento.com\/zh\/wp-json\/wp\/v2\/types\/page"}],"author":[{"embeddable":true,"href":"https:\/\/artapartamento.com\/zh\/wp-json\/wp\/v2\/users\/1"}],"replies":[{"embeddable":true,"href":"https:\/\/artapartamento.com\/zh\/wp-json\/wp\/v2\/comments?post=6334"}],"version-history":[{"count":0,"href":"https:\/\/artapartamento.com\/zh\/wp-json\/wp\/v2\/pages\/6334\/revisions"}],"up":[{"embeddable":true,"href":"https:\/\/artapartamento.com\/zh\/wp-json\/wp\/v2\/pages\/4377"}],"wp:featuredmedia":[{"embeddable":true,"href":"https:\/\/artapartamento.com\/zh\/wp-json\/wp\/v2\/media\/6200"}],"wp:attachment":[{"href":"https:\/\/artapartamento.com\/zh\/wp-json\/wp\/v2\/media?parent=6334"}],"wp:term":[{"taxonomy":"category","embeddable":true,"href":"https:\/\/artapartamento.com\/zh\/wp-json\/wp\/v2\/categories?post=6334"},{"taxonomy":"post_tag","embeddable":true,"href":"https:\/\/artapartamento.com\/zh\/wp-json\/wp\/v2\/tags?post=6334"}],"curies":[{"name":"wp","href":"https:\/\/api.w.org\/{rel}","templated":true}]}}