{"id":6311,"date":"2023-12-05T18:43:49","date_gmt":"2023-12-05T17:43:49","guid":{"rendered":"https:\/\/artapartamento.com\/?page_id=6311"},"modified":"2023-12-08T18:54:42","modified_gmt":"2023-12-08T17:54:42","slug":"%e5%b0%8f%e5%a4%a9%e4%bd%bf","status":"publish","type":"page","link":"https:\/\/artapartamento.com\/zh\/artistas\/nacho-martin-silva\/querubin\/","title":{"rendered":"Cherub"},"content":{"rendered":"<div data-elementor-type=\"wp-page\" data-elementor-id=\"6311\" class=\"elementor elementor-6311\" data-elementor-post-type=\"page\">\n\t\t\t\t<div class=\"elementor-element elementor-element-439dfe61 e-con-full e-flex e-con e-parent\" data-id=\"439dfe61\" data-element_type=\"container\" data-e-type=\"container\" data-settings=\"{&quot;background_background&quot;:&quot;classic&quot;}\">\n\t\t<div class=\"elementor-element elementor-element-5abebee6 e-con-full e-flex e-con e-child\" data-id=\"5abebee6\" data-element_type=\"container\" data-e-type=\"container\">\n\t\t\t\t<div class=\"elementor-element elementor-element-fedd32c elementor-widget elementor-widget-image-carousel\" data-id=\"fedd32c\" data-element_type=\"widget\" data-e-type=\"widget\" data-settings=\"{&quot;slides_to_show&quot;:&quot;1&quot;,&quot;navigation&quot;:&quot;none&quot;,&quot;autoplay&quot;:&quot;yes&quot;,&quot;pause_on_hover&quot;:&quot;yes&quot;,&quot;pause_on_interaction&quot;:&quot;yes&quot;,&quot;autoplay_speed&quot;:5000,&quot;infinite&quot;:&quot;yes&quot;,&quot;effect&quot;:&quot;slide&quot;,&quot;speed&quot;:500}\" data-widget_type=\"image-carousel.default\">\n\t\t\t\t<div class=\"elementor-widget-container\">\n\t\t\t\t\t\t\t<div class=\"elementor-image-carousel-wrapper swiper\" role=\"region\" aria-roledescription=\"carousel\" aria-label=\"Carrossel de imagens\" dir=\"ltr\" data-no-translation-aria-label=\"\">\n\t\t\t<div class=\"elementor-image-carousel swiper-wrapper swiper-image-stretch\" aria-live=\"off\">\n\t\t\t\t\t\t\t\t<div class=\"swiper-slide\" role=\"group\" aria-roledescription=\"slide\" aria-label=\"1 de 3\" data-no-translation-aria-label=\"\"><a data-elementor-open-lightbox=\"yes\" data-elementor-lightbox-slideshow=\"fedd32c\" data-e-action-hash=\"#elementor-action%3Aaction%3Dlightbox%26settings%3DeyJpZCI6NjE5OCwidXJsIjoiaHR0cHM6XC9cL2FydGFwYXJ0YW1lbnRvLmNvbVwvd3AtY29udGVudFwvdXBsb2Fkc1wvMjAyM1wvMTJcL05hY2hvLU1hcnRpbi1TaWx2YV82LmpwZy53ZWJwIiwic2xpZGVzaG93IjoiZmVkZDMyYyJ9\" href=\"https:\/\/artapartamento.com\/wp-content\/uploads\/2023\/12\/Nacho-Martin-Silva_6.jpg.webp\"><figure class=\"swiper-slide-inner\"><img decoding=\"async\" class=\"swiper-slide-image\" src=\"https:\/\/artapartamento.com\/wp-content\/uploads\/2023\/12\/Nacho-Martin-Silva_6.jpg.webp\" alt=\"\u7eb3\u4e54-\u9a6c\u4e01-\u5e2d\u5c14\u74e6\" \/><\/figure><\/a><\/div><div class=\"swiper-slide\" role=\"group\" aria-roledescription=\"slide\" aria-label=\"2 de 3\" data-no-translation-aria-label=\"\"><a data-elementor-open-lightbox=\"yes\" data-elementor-lightbox-slideshow=\"fedd32c\" data-e-action-hash=\"#elementor-action%3Aaction%3Dlightbox%26settings%3DeyJpZCI6NjMxNCwidXJsIjoiaHR0cHM6XC9cL2FydGFwYXJ0YW1lbnRvLmNvbVwvd3AtY29udGVudFwvdXBsb2Fkc1wvMjAyM1wvMTJcL05BQ0hPLU1BUlRJTi1TSUxWQV8xMy5qcGcud2VicCIsInNsaWRlc2hvdyI6ImZlZGQzMmMifQ%3D%3D\" href=\"https:\/\/artapartamento.com\/wp-content\/uploads\/2023\/12\/NACHO-MARTIN-SILVA_13.jpg.webp\"><figure class=\"swiper-slide-inner\"><img decoding=\"async\" class=\"swiper-slide-image\" src=\"https:\/\/artapartamento.com\/wp-content\/uploads\/2023\/12\/NACHO-MARTIN-SILVA_13.jpg.webp\" alt=\"\u7eb3\u4e54-\u9a6c\u4e01-\u5e2d\u5c14\u74e6\" \/><\/figure><\/a><\/div><div class=\"swiper-slide\" role=\"group\" aria-roledescription=\"slide\" aria-label=\"3 de 3\" data-no-translation-aria-label=\"\"><a data-elementor-open-lightbox=\"yes\" data-elementor-lightbox-slideshow=\"fedd32c\" data-e-action-hash=\"#elementor-action%3Aaction%3Dlightbox%26settings%3DeyJpZCI6NjMxNSwidXJsIjoiaHR0cHM6XC9cL2FydGFwYXJ0YW1lbnRvLmNvbVwvd3AtY29udGVudFwvdXBsb2Fkc1wvMjAyM1wvMTJcL05BQ0hPLU1BUlRJTi1TSUxWQV8xNC5qcGcud2VicCIsInNsaWRlc2hvdyI6ImZlZGQzMmMifQ%3D%3D\" href=\"https:\/\/artapartamento.com\/wp-content\/uploads\/2023\/12\/NACHO-MARTIN-SILVA_14.jpg.webp\"><figure class=\"swiper-slide-inner\"><img decoding=\"async\" class=\"swiper-slide-image\" src=\"https:\/\/artapartamento.com\/wp-content\/uploads\/2023\/12\/NACHO-MARTIN-SILVA_14.jpg.webp\" alt=\"\u7eb3\u4e54-\u9a6c\u4e01-\u5e2d\u5c14\u74e6\" \/><\/figure><\/a><\/div>\t\t\t<\/div>\n\t\t\t\t\t\t\t\n\t\t\t\t\t\t\t\t\t<\/div>\n\t\t\t\t\t\t<\/div>\n\t\t\t\t<\/div>\n\t\t\t\t<\/div>\n\t\t<div class=\"elementor-element elementor-element-7da1075e e-con-full e-flex e-con e-child\" data-id=\"7da1075e\" data-element_type=\"container\" data-e-type=\"container\">\n\t\t\t\t<div class=\"elementor-element elementor-element-2bc1683f elementor-widget elementor-widget-heading\" data-id=\"2bc1683f\" data-element_type=\"widget\" data-e-type=\"widget\" data-widget_type=\"heading.default\">\n\t\t\t\t<div class=\"elementor-widget-container\">\n\t\t\t\t\t<h2 class=\"elementor-heading-title elementor-size-default\"><a href=\"https:\/\/artapartamento.com\/zh\/category\/artistas\/nacho-martin-silva\/\" rel=\"tag\">\u7eb3\u4e54-\u9a6c\u4e01-\u5e2d\u5c14\u74e6<\/a><\/h2>\t\t\t\t<\/div>\n\t\t\t\t<\/div>\n\t\t\t\t<div class=\"elementor-element elementor-element-10a523a4 elementor-widget elementor-widget-text-editor\" data-id=\"10a523a4\" data-element_type=\"widget\" data-e-type=\"widget\" data-widget_type=\"text-editor.default\">\n\t\t\t\t<div class=\"elementor-widget-container\">\n\t\t\t\t\t\t\t\t\t<p>Cherub\u3001 <br \/>2023, <br \/>\u4e9a\u9ebb\u5e03\u4e0a\u7684\u6cb9\u5f69\uff0c30 x 33 \u5398\u7c73<\/p>\t\t\t\t\t\t\t\t<\/div>\n\t\t\t\t<\/div>\n\t\t\t\t<div class=\"elementor-element elementor-element-40e57bdb elementor-widget elementor-widget-text-editor\" data-id=\"40e57bdb\" data-element_type=\"widget\" data-e-type=\"widget\" data-widget_type=\"text-editor.default\">\n\t\t\t\t<div class=\"elementor-widget-container\">\n\t\t\t\t\t\t\t\t\t<p>\u753b\u5bb6\u7b2c\u4e00\u6b21\u8d70\u8fd1\u81ea\u7136\u4e16\u754c\u548c\u5916\u90e8\u666f\u89c2\uff1b\u4ed6\u6784\u5efa\u4e86\u4e00\u4e2a\u6a21\u68f1\u4e24\u53ef\u7684\u7a7a\u95f4\uff0c\u4e0d\u4e4f\u67d0\u79cd\u620f\u5267\u6027\u3002\u00a0<br \/>\u4f5c\u4e3a\u7eb3\u4e54\u7ed8\u753b\u7684\u8d77\u70b9\uff0c\u5bf9\u56fe\u50cf\u7684\u9009\u62e9\u4e3a\u6211\u4eec\u66f4\u597d\u5730\u7406\u89e3\u7ed8\u753b\u6240\u8bb2\u8ff0\u7684\u6545\u4e8b\u63d0\u4f9b\u4e86\u57fa\u7840\u6570\u636e\u3002\u5728\u8fd9\u4e00\u7cfb\u5217\u753b\u4f5c\u4e2d\uff0c\u827a\u672f\u5bb6\u4f7f\u7528\u4e86\u8bb0\u5f55\u4f1f\u5927\u52a8\u7269\u6807\u672c\u5236\u4f5c\u5e08\u5386\u53f2\u7684\u6863\u6848\u56fe\u7247\uff0c\u4ee5\u53ca\u4ece\u6cd5\u56fd\u827a\u672f\u5bb6\u4ea8\u5229-\u5362\u68ad\u753b\u4f5c\u590d\u5236\u54c1\u4e2d\u63d0\u53d6\u7684\u7247\u6bb5\u3002\u52a8\u7269\u6807\u672c\u5265\u5236\u5e08\u4eec\u5236\u4f5c\u7684\u7acb\u4f53\u6a21\u578b\u5982\u4eca \"\u5c55\u793a \"\u7740\u81ea\u7136\u5386\u53f2\u535a\u7269\u9986\u7684\u5404\u4e2a\u5c55\u533a\u548c\u5c55\u5ba4\u3002  \u5362\u68ad\u5219\u5728\u6ca1\u6709\u79bb\u5f00\u6cd5\u56fd\u7684\u60c5\u51b5\u4e0b\uff0c\u753b\u4e86\u5927\u91cf\u690d\u88ab\u8302\u76db\u7684\u5f02\u56fd\u4e1b\u6797\u3002\u4ed6\u901a\u8fc7\u53c2\u89c2\u5df4\u9ece\u81ea\u7136\u79d1\u5b66\u535a\u7269\u9986\u7684\u690d\u7269\u56ed\u6216\u9605\u8bfb\u624b\u4e2d\u7684\u4efb\u4f55\u79d1\u5b66\u51fa\u7248\u7269\u6765\u8bb0\u5f55\u81ea\u5df1\u7684\u521b\u4f5c\u3002<\/p>\t\t\t\t\t\t\t\t<\/div>\n\t\t\t\t<\/div>\n\t\t\t\t<div class=\"elementor-element elementor-element-750949dd elementor-align-left elementor-widget elementor-widget-button\" data-id=\"750949dd\" data-element_type=\"widget\" data-e-type=\"widget\" data-widget_type=\"button.default\">\n\t\t\t\t<div class=\"elementor-widget-container\">\n\t\t\t\t\t\t\t\t\t<div class=\"elementor-button-wrapper\">\n\t\t\t\t\t<a class=\"elementor-button elementor-size-sm\" role=\"button\">\n\t\t\t\t\t\t<span class=\"elementor-button-content-wrapper\">\n\t\t\t\t\t\t\t\t\t<span class=\"elementor-button-text\">\u54a8\u8be2<\/span>\n\t\t\t\t\t<\/span>\n\t\t\t\t\t<\/a>\n\t\t\t\t<\/div>\n\t\t\t\t\t\t\t\t<\/div>\n\t\t\t\t<\/div>\n\t\t\t\t<\/div>\n\t\t\t\t<\/div>\n\t\t\t\t<\/div>","protected":false},"excerpt":{"rendered":"<p>Querub\u00edn, 2023, \u00d3leo sobre lino, 30 x 33 cm El pintor, por primera vez, se acerca al mundo de la naturaleza y al paisaje exterior;\u00a0construye un espacio ambiguo, no exento de cierta teatralidad.\u00a0La selecci\u00f3n de las im\u00e1genes que sirve de punto de partida para las pinturas de Nacho aporta datos fundamentales para una mayor comprensi\u00f3n [&hellip;]<\/p>\n","protected":false},"author":1,"featured_media":6198,"parent":4377,"menu_order":0,"comment_status":"closed","ping_status":"closed","template":"","meta":{"_acf_changed":false,"footnotes":"","_links_to":"","_links_to_target":""},"categories":[55],"tags":[65],"class_list":["post-6311","page","type-page","status-publish","has-post-thumbnail","hentry","category-nacho-martin-silva","tag-obra","post","post-with-thumbnail","post-with-thumbnail-large"],"acf":[],"aioseo_notices":[],"_links":{"self":[{"href":"https:\/\/artapartamento.com\/zh\/wp-json\/wp\/v2\/pages\/6311","targetHints":{"allow":["GET"]}}],"collection":[{"href":"https:\/\/artapartamento.com\/zh\/wp-json\/wp\/v2\/pages"}],"about":[{"href":"https:\/\/artapartamento.com\/zh\/wp-json\/wp\/v2\/types\/page"}],"author":[{"embeddable":true,"href":"https:\/\/artapartamento.com\/zh\/wp-json\/wp\/v2\/users\/1"}],"replies":[{"embeddable":true,"href":"https:\/\/artapartamento.com\/zh\/wp-json\/wp\/v2\/comments?post=6311"}],"version-history":[{"count":0,"href":"https:\/\/artapartamento.com\/zh\/wp-json\/wp\/v2\/pages\/6311\/revisions"}],"up":[{"embeddable":true,"href":"https:\/\/artapartamento.com\/zh\/wp-json\/wp\/v2\/pages\/4377"}],"wp:featuredmedia":[{"embeddable":true,"href":"https:\/\/artapartamento.com\/zh\/wp-json\/wp\/v2\/media\/6198"}],"wp:attachment":[{"href":"https:\/\/artapartamento.com\/zh\/wp-json\/wp\/v2\/media?parent=6311"}],"wp:term":[{"taxonomy":"category","embeddable":true,"href":"https:\/\/artapartamento.com\/zh\/wp-json\/wp\/v2\/categories?post=6311"},{"taxonomy":"post_tag","embeddable":true,"href":"https:\/\/artapartamento.com\/zh\/wp-json\/wp\/v2\/tags?post=6311"}],"curies":[{"name":"wp","href":"https:\/\/api.w.org\/{rel}","templated":true}]}}