{"id":6237,"date":"2023-12-05T16:14:27","date_gmt":"2023-12-05T15:14:27","guid":{"rendered":"https:\/\/artapartamento.com\/?page_id=6237"},"modified":"2023-12-08T18:56:59","modified_gmt":"2023-12-08T17:56:59","slug":"%e5%a5%87%e6%80%aa%e7%9a%84%e5%a4%a9%e5%a0%82-2","status":"publish","type":"page","link":"https:\/\/artapartamento.com\/zh\/artistas\/nacho-martin-silva\/extrano-paraiso-2\/","title":{"rendered":"\u5947\u5f02\u4e50\u56ed 2"},"content":{"rendered":"<div data-elementor-type=\"wp-page\" data-elementor-id=\"6237\" class=\"elementor elementor-6237\" data-elementor-post-type=\"page\">\n\t\t\t\t<div class=\"elementor-element elementor-element-5e6dddb3 e-con-full e-flex e-con e-parent\" data-id=\"5e6dddb3\" data-element_type=\"container\" data-e-type=\"container\" data-settings=\"{&quot;background_background&quot;:&quot;classic&quot;}\">\n\t\t<div class=\"elementor-element elementor-element-1973e40b e-con-full e-flex e-con e-child\" data-id=\"1973e40b\" data-element_type=\"container\" data-e-type=\"container\">\n\t\t\t\t<div class=\"elementor-element elementor-element-4607071c elementor-widget elementor-widget-image-carousel\" data-id=\"4607071c\" data-element_type=\"widget\" data-e-type=\"widget\" data-settings=\"{&quot;slides_to_show&quot;:&quot;1&quot;,&quot;navigation&quot;:&quot;none&quot;,&quot;autoplay&quot;:&quot;yes&quot;,&quot;pause_on_hover&quot;:&quot;yes&quot;,&quot;pause_on_interaction&quot;:&quot;yes&quot;,&quot;autoplay_speed&quot;:5000,&quot;infinite&quot;:&quot;yes&quot;,&quot;effect&quot;:&quot;slide&quot;,&quot;speed&quot;:500}\" data-widget_type=\"image-carousel.default\">\n\t\t\t\t<div class=\"elementor-widget-container\">\n\t\t\t\t\t\t\t<div class=\"elementor-image-carousel-wrapper swiper\" role=\"region\" aria-roledescription=\"carousel\" aria-label=\"\u56fe\u50cf\u5c55\u5385\" dir=\"ltr\">\n\t\t\t<div class=\"elementor-image-carousel swiper-wrapper swiper-image-stretch\" aria-live=\"off\">\n\t\t\t\t\t\t\t\t<div class=\"swiper-slide\" role=\"group\" aria-roledescription=\"slide\" aria-label=\"1\/9\"><a data-elementor-open-lightbox=\"yes\" data-elementor-lightbox-slideshow=\"4607071c\" data-e-action-hash=\"#elementor-action%3Aaction%3Dlightbox%26settings%3DeyJpZCI6NjE5MywidXJsIjoiaHR0cHM6XC9cL2FydGFwYXJ0YW1lbnRvLmNvbVwvd3AtY29udGVudFwvdXBsb2Fkc1wvMjAyM1wvMTJcL05hY2hvLU1hcnRpbi1TaWx2YV8yLmpwZy53ZWJwIiwic2xpZGVzaG93IjoiNDYwNzA3MWMifQ%3D%3D\" href=\"https:\/\/artapartamento.com\/wp-content\/uploads\/2023\/12\/Nacho-Martin-Silva_2.jpg.webp\"><figure class=\"swiper-slide-inner\"><img decoding=\"async\" class=\"swiper-slide-image\" src=\"https:\/\/artapartamento.com\/wp-content\/uploads\/2023\/12\/Nacho-Martin-Silva_2.jpg.webp\" alt=\"\u7eb3\u4e54-\u9a6c\u4e01-\u5e2d\u5c14\u74e6\" \/><\/figure><\/a><\/div><div class=\"swiper-slide\" role=\"group\" aria-roledescription=\"slide\" aria-label=\"2\/9\"><a data-elementor-open-lightbox=\"yes\" data-elementor-lightbox-slideshow=\"4607071c\" data-e-action-hash=\"#elementor-action%3Aaction%3Dlightbox%26settings%3DeyJpZCI6NjI0NSwidXJsIjoiaHR0cHM6XC9cL2FydGFwYXJ0YW1lbnRvLmNvbVwvd3AtY29udGVudFwvdXBsb2Fkc1wvMjAyM1wvMTJcL05BQ0hPLU1BUlRJTi1TSUxWQV8xLmpwZy53ZWJwIiwic2xpZGVzaG93IjoiNDYwNzA3MWMifQ%3D%3D\" href=\"https:\/\/artapartamento.com\/wp-content\/uploads\/2023\/12\/NACHO-MARTIN-SILVA_1.jpg.webp\"><figure class=\"swiper-slide-inner\"><img decoding=\"async\" class=\"swiper-slide-image\" src=\"https:\/\/artapartamento.com\/wp-content\/uploads\/2023\/12\/NACHO-MARTIN-SILVA_1.jpg.webp\" alt=\"\u7eb3\u4e54-\u9a6c\u4e01-\u5e2d\u5c14\u74e6\" \/><\/figure><\/a><\/div><div class=\"swiper-slide\" role=\"group\" aria-roledescription=\"slide\" aria-label=\"3\/9\"><a data-elementor-open-lightbox=\"yes\" data-elementor-lightbox-slideshow=\"4607071c\" data-e-action-hash=\"#elementor-action%3Aaction%3Dlightbox%26settings%3DeyJpZCI6NjI0NiwidXJsIjoiaHR0cHM6XC9cL2FydGFwYXJ0YW1lbnRvLmNvbVwvd3AtY29udGVudFwvdXBsb2Fkc1wvMjAyM1wvMTJcL05BQ0hPLU1BUlRJTi1TSUxWQV8yLmpwZy53ZWJwIiwic2xpZGVzaG93IjoiNDYwNzA3MWMifQ%3D%3D\" href=\"https:\/\/artapartamento.com\/wp-content\/uploads\/2023\/12\/NACHO-MARTIN-SILVA_2.jpg.webp\"><figure class=\"swiper-slide-inner\"><img decoding=\"async\" class=\"swiper-slide-image\" src=\"https:\/\/artapartamento.com\/wp-content\/uploads\/2023\/12\/NACHO-MARTIN-SILVA_2.jpg.webp\" alt=\"\u7eb3\u4e54-\u9a6c\u4e01-\u5e2d\u5c14\u74e6\" \/><\/figure><\/a><\/div><div class=\"swiper-slide\" role=\"group\" aria-roledescription=\"slide\" aria-label=\"4\/9\"><a data-elementor-open-lightbox=\"yes\" data-elementor-lightbox-slideshow=\"4607071c\" data-e-action-hash=\"#elementor-action%3Aaction%3Dlightbox%26settings%3DeyJpZCI6NjI0NywidXJsIjoiaHR0cHM6XC9cL2FydGFwYXJ0YW1lbnRvLmNvbVwvd3AtY29udGVudFwvdXBsb2Fkc1wvMjAyM1wvMTJcL05BQ0hPLU1BUlRJTi1TSUxWQV8zLTEuanBnLndlYnAiLCJzbGlkZXNob3ciOiI0NjA3MDcxYyJ9\" href=\"https:\/\/artapartamento.com\/wp-content\/uploads\/2023\/12\/NACHO-MARTIN-SILVA_3-1.jpg.webp\"><figure class=\"swiper-slide-inner\"><img decoding=\"async\" class=\"swiper-slide-image\" src=\"https:\/\/artapartamento.com\/wp-content\/uploads\/2023\/12\/NACHO-MARTIN-SILVA_3-1.jpg.webp\" alt=\"\u7eb3\u4e54-\u9a6c\u4e01-\u5e2d\u5c14\u74e6\" \/><\/figure><\/a><\/div><div class=\"swiper-slide\" role=\"group\" aria-roledescription=\"slide\" aria-label=\"5\/9\"><a data-elementor-open-lightbox=\"yes\" data-elementor-lightbox-slideshow=\"4607071c\" data-e-action-hash=\"#elementor-action%3Aaction%3Dlightbox%26settings%3DeyJpZCI6NjI0OCwidXJsIjoiaHR0cHM6XC9cL2FydGFwYXJ0YW1lbnRvLmNvbVwvd3AtY29udGVudFwvdXBsb2Fkc1wvMjAyM1wvMTJcL05BQ0hPLU1BUlRJTi1TSUxWQV80LmpwZy53ZWJwIiwic2xpZGVzaG93IjoiNDYwNzA3MWMifQ%3D%3D\" href=\"https:\/\/artapartamento.com\/wp-content\/uploads\/2023\/12\/NACHO-MARTIN-SILVA_4.jpg.webp\"><figure class=\"swiper-slide-inner\"><img decoding=\"async\" class=\"swiper-slide-image\" src=\"https:\/\/artapartamento.com\/wp-content\/uploads\/2023\/12\/NACHO-MARTIN-SILVA_4.jpg.webp\" alt=\"\u7eb3\u4e54-\u9a6c\u4e01-\u5e2d\u5c14\u74e6\" \/><\/figure><\/a><\/div><div class=\"swiper-slide\" role=\"group\" aria-roledescription=\"slide\" aria-label=\"6\/9\"><a data-elementor-open-lightbox=\"yes\" data-elementor-lightbox-slideshow=\"4607071c\" data-e-action-hash=\"#elementor-action%3Aaction%3Dlightbox%26settings%3DeyJpZCI6NjI0OSwidXJsIjoiaHR0cHM6XC9cL2FydGFwYXJ0YW1lbnRvLmNvbVwvd3AtY29udGVudFwvdXBsb2Fkc1wvMjAyM1wvMTJcL05BQ0hPLU1BUlRJTi1TSUxWQV81LmpwZy53ZWJwIiwic2xpZGVzaG93IjoiNDYwNzA3MWMifQ%3D%3D\" href=\"https:\/\/artapartamento.com\/wp-content\/uploads\/2023\/12\/NACHO-MARTIN-SILVA_5.jpg.webp\"><figure class=\"swiper-slide-inner\"><img decoding=\"async\" class=\"swiper-slide-image\" src=\"https:\/\/artapartamento.com\/wp-content\/uploads\/2023\/12\/NACHO-MARTIN-SILVA_5.jpg.webp\" alt=\"\u7eb3\u4e54-\u9a6c\u4e01-\u5e2d\u5c14\u74e6\" \/><\/figure><\/a><\/div><div class=\"swiper-slide\" role=\"group\" aria-roledescription=\"slide\" aria-label=\"7\/9\"><a data-elementor-open-lightbox=\"yes\" data-elementor-lightbox-slideshow=\"4607071c\" data-e-action-hash=\"#elementor-action%3Aaction%3Dlightbox%26settings%3DeyJpZCI6NjI1MCwidXJsIjoiaHR0cHM6XC9cL2FydGFwYXJ0YW1lbnRvLmNvbVwvd3AtY29udGVudFwvdXBsb2Fkc1wvMjAyM1wvMTJcL05BQ0hPLU1BUlRJTi1TSUxWQV82LmpwZy53ZWJwIiwic2xpZGVzaG93IjoiNDYwNzA3MWMifQ%3D%3D\" href=\"https:\/\/artapartamento.com\/wp-content\/uploads\/2023\/12\/NACHO-MARTIN-SILVA_6.jpg.webp\"><figure class=\"swiper-slide-inner\"><img decoding=\"async\" class=\"swiper-slide-image\" src=\"https:\/\/artapartamento.com\/wp-content\/uploads\/2023\/12\/NACHO-MARTIN-SILVA_6.jpg.webp\" alt=\"\u7eb3\u4e54-\u9a6c\u4e01-\u5e2d\u5c14\u74e6\" \/><\/figure><\/a><\/div><div class=\"swiper-slide\" role=\"group\" aria-roledescription=\"slide\" aria-label=\"8\/9\"><a data-elementor-open-lightbox=\"yes\" data-elementor-lightbox-slideshow=\"4607071c\" data-e-action-hash=\"#elementor-action%3Aaction%3Dlightbox%26settings%3DeyJpZCI6NjEyMCwidXJsIjoiaHR0cHM6XC9cL2FydGFwYXJ0YW1lbnRvLmNvbVwvd3AtY29udGVudFwvdXBsb2Fkc1wvMjAyM1wvMTJcLzI0MTEyMDIzLV9EU0M5NTYxLU1lam9yYWRvXzMuanBnLndlYnAiLCJzbGlkZXNob3ciOiI0NjA3MDcxYyJ9\" href=\"https:\/\/artapartamento.com\/wp-content\/uploads\/2023\/12\/24112023-_DSC9561-Mejorado_3.jpg.webp\"><figure class=\"swiper-slide-inner\"><img decoding=\"async\" class=\"swiper-slide-image\" src=\"https:\/\/artapartamento.com\/wp-content\/uploads\/2023\/12\/24112023-_DSC9561-Mejorado_3.jpg.webp\" alt=\"\u7eb3\u4e54-\u9a6c\u4e01-\u5e2d\u5c14\u74e6\" \/><\/figure><\/a><\/div><div class=\"swiper-slide\" role=\"group\" aria-roledescription=\"slide\" aria-label=\"9\u80dc9\u8d1f\"><a data-elementor-open-lightbox=\"yes\" data-elementor-lightbox-slideshow=\"4607071c\" data-e-action-hash=\"#elementor-action%3Aaction%3Dlightbox%26settings%3DeyJpZCI6NjI1MSwidXJsIjoiaHR0cHM6XC9cL2FydGFwYXJ0YW1lbnRvLmNvbVwvd3AtY29udGVudFwvdXBsb2Fkc1wvMjAyM1wvMTJcL05BQ0hPLU1BUlRJTi1TSUxWQS0xLmpwZy53ZWJwIiwic2xpZGVzaG93IjoiNDYwNzA3MWMifQ%3D%3D\" href=\"https:\/\/artapartamento.com\/wp-content\/uploads\/2023\/12\/NACHO-MARTIN-SILVA-1.jpg.webp\"><figure class=\"swiper-slide-inner\"><img decoding=\"async\" class=\"swiper-slide-image\" src=\"https:\/\/artapartamento.com\/wp-content\/uploads\/2023\/12\/NACHO-MARTIN-SILVA-1.jpg.webp\" alt=\"\u7eb3\u4e54-\u9a6c\u4e01-\u5e2d\u5c14\u74e6\" \/><\/figure><\/a><\/div>\t\t\t<\/div>\n\t\t\t\t\t\t\t\n\t\t\t\t\t\t\t\t\t<\/div>\n\t\t\t\t\t\t<\/div>\n\t\t\t\t<\/div>\n\t\t\t\t<\/div>\n\t\t<div class=\"elementor-element elementor-element-4e1583cd e-con-full e-flex e-con e-child\" data-id=\"4e1583cd\" data-element_type=\"container\" data-e-type=\"container\">\n\t\t\t\t<div class=\"elementor-element elementor-element-1b71a1fd elementor-widget elementor-widget-heading\" data-id=\"1b71a1fd\" data-element_type=\"widget\" data-e-type=\"widget\" data-widget_type=\"heading.default\">\n\t\t\t\t<div class=\"elementor-widget-container\">\n\t\t\t\t\t<h2 class=\"elementor-heading-title elementor-size-default\">\u7eb3\u4e54-\u9a6c\u4e01-\u5e2d\u5c14\u74e6<\/h2>\t\t\t\t<\/div>\n\t\t\t\t<\/div>\n\t\t\t\t<div class=\"elementor-element elementor-element-4cd87283 elementor-widget elementor-widget-text-editor\" data-id=\"4cd87283\" data-element_type=\"widget\" data-e-type=\"widget\" data-widget_type=\"text-editor.default\">\n\t\t\t\t<div class=\"elementor-widget-container\">\n\t\t\t\t\t\t\t\t\t<p>\u5947\u5f02\u5929\u5802 2 <br \/>2023, <br \/>\u4e9a\u9ebb\u5e03\u4e0a\u7684\u6cb9\u5f69\uff0c196 x 220 \u5398\u7c73<\/p>\t\t\t\t\t\t\t\t<\/div>\n\t\t\t\t<\/div>\n\t\t\t\t<div class=\"elementor-element elementor-element-7c9897f2 elementor-widget elementor-widget-text-editor\" data-id=\"7c9897f2\" data-element_type=\"widget\" data-e-type=\"widget\" data-widget_type=\"text-editor.default\">\n\t\t\t\t<div class=\"elementor-widget-container\">\n\t\t\t\t\t\t\t\t\t<p>\u753b\u5bb6\u7b2c\u4e00\u6b21\u8d70\u8fd1\u81ea\u7136\u4e16\u754c\u548c\u5916\u90e8\u666f\u89c2\uff1b\u4ed6\u6784\u5efa\u4e86\u4e00\u4e2a\u6a21\u68f1\u4e24\u53ef\u7684\u7a7a\u95f4\uff0c\u4e0d\u4e4f\u67d0\u79cd\u620f\u5267\u6027\u3002\u00a0<br \/>\u4f5c\u4e3a\u7eb3\u4e54\u7ed8\u753b\u7684\u8d77\u70b9\uff0c\u5bf9\u56fe\u50cf\u7684\u9009\u62e9\u4e3a\u6211\u4eec\u66f4\u597d\u5730\u7406\u89e3\u7ed8\u753b\u6240\u8bb2\u8ff0\u7684\u6545\u4e8b\u63d0\u4f9b\u4e86\u57fa\u7840\u6570\u636e\u3002\u5728\u8fd9\u4e00\u7cfb\u5217\u753b\u4f5c\u4e2d\uff0c\u827a\u672f\u5bb6\u4f7f\u7528\u4e86\u8bb0\u5f55\u4f1f\u5927\u52a8\u7269\u6807\u672c\u5236\u4f5c\u5e08\u5386\u53f2\u7684\u6863\u6848\u56fe\u7247\uff0c\u4ee5\u53ca\u4ece\u6cd5\u56fd\u827a\u672f\u5bb6\u4ea8\u5229-\u5362\u68ad\u753b\u4f5c\u590d\u5236\u54c1\u4e2d\u63d0\u53d6\u7684\u7247\u6bb5\u3002\u52a8\u7269\u6807\u672c\u5265\u5236\u5e08\u4eec\u5236\u4f5c\u7684\u7acb\u4f53\u6a21\u578b\u5982\u4eca \"\u5c55\u793a \"\u7740\u81ea\u7136\u5386\u53f2\u535a\u7269\u9986\u7684\u5404\u4e2a\u5c55\u533a\u548c\u5c55\u5ba4\u3002  \u5362\u68ad\u5219\u5728\u6ca1\u6709\u79bb\u5f00\u6cd5\u56fd\u7684\u60c5\u51b5\u4e0b\uff0c\u753b\u4e86\u5927\u91cf\u690d\u88ab\u8302\u76db\u7684\u5f02\u56fd\u4e1b\u6797\u3002\u4ed6\u901a\u8fc7\u53c2\u89c2\u5df4\u9ece\u81ea\u7136\u79d1\u5b66\u535a\u7269\u9986\u7684\u690d\u7269\u56ed\u6216\u9605\u8bfb\u624b\u4e2d\u7684\u4efb\u4f55\u79d1\u5b66\u51fa\u7248\u7269\u6765\u8bb0\u5f55\u81ea\u5df1\u7684\u521b\u4f5c\u3002<\/p>\t\t\t\t\t\t\t\t<\/div>\n\t\t\t\t<\/div>\n\t\t\t\t<div class=\"elementor-element elementor-element-c126d96 elementor-align-left elementor-widget elementor-widget-button\" data-id=\"c126d96\" data-element_type=\"widget\" data-e-type=\"widget\" data-widget_type=\"button.default\">\n\t\t\t\t<div class=\"elementor-widget-container\">\n\t\t\t\t\t\t\t\t\t<div class=\"elementor-button-wrapper\">\n\t\t\t\t\t<a class=\"elementor-button elementor-size-sm\" role=\"button\">\n\t\t\t\t\t\t<span class=\"elementor-button-content-wrapper\">\n\t\t\t\t\t\t\t\t\t<span class=\"elementor-button-text\">\u54a8\u8be2<\/span>\n\t\t\t\t\t<\/span>\n\t\t\t\t\t<\/a>\n\t\t\t\t<\/div>\n\t\t\t\t\t\t\t\t<\/div>\n\t\t\t\t<\/div>\n\t\t\t\t<\/div>\n\t\t\t\t<\/div>\n\t\t\t\t<\/div>","protected":false},"excerpt":{"rendered":"<p>Nacho Mart\u00edn Silva Extra\u00f1o Para\u00edso 2, 2023, \u00d3leo sobre lino,\u00a0 196\u00a0 x 220 cm El pintor, por primera vez, se acerca al mundo de la naturaleza y al paisaje exterior;\u00a0construye un espacio ambiguo, no exento de cierta teatralidad.\u00a0La selecci\u00f3n de las im\u00e1genes que sirve de punto de partida para las pinturas de Nacho aporta datos [&hellip;]<\/p>\n","protected":false},"author":1,"featured_media":6193,"parent":4377,"menu_order":0,"comment_status":"closed","ping_status":"closed","template":"","meta":{"_acf_changed":false,"footnotes":"","_links_to":"","_links_to_target":""},"categories":[55],"tags":[65],"class_list":["post-6237","page","type-page","status-publish","has-post-thumbnail","hentry","category-nacho-martin-silva","tag-obra","post","post-with-thumbnail","post-with-thumbnail-large"],"acf":[],"aioseo_notices":[],"_links":{"self":[{"href":"https:\/\/artapartamento.com\/zh\/wp-json\/wp\/v2\/pages\/6237","targetHints":{"allow":["GET"]}}],"collection":[{"href":"https:\/\/artapartamento.com\/zh\/wp-json\/wp\/v2\/pages"}],"about":[{"href":"https:\/\/artapartamento.com\/zh\/wp-json\/wp\/v2\/types\/page"}],"author":[{"embeddable":true,"href":"https:\/\/artapartamento.com\/zh\/wp-json\/wp\/v2\/users\/1"}],"replies":[{"embeddable":true,"href":"https:\/\/artapartamento.com\/zh\/wp-json\/wp\/v2\/comments?post=6237"}],"version-history":[{"count":0,"href":"https:\/\/artapartamento.com\/zh\/wp-json\/wp\/v2\/pages\/6237\/revisions"}],"up":[{"embeddable":true,"href":"https:\/\/artapartamento.com\/zh\/wp-json\/wp\/v2\/pages\/4377"}],"wp:featuredmedia":[{"embeddable":true,"href":"https:\/\/artapartamento.com\/zh\/wp-json\/wp\/v2\/media\/6193"}],"wp:attachment":[{"href":"https:\/\/artapartamento.com\/zh\/wp-json\/wp\/v2\/media?parent=6237"}],"wp:term":[{"taxonomy":"category","embeddable":true,"href":"https:\/\/artapartamento.com\/zh\/wp-json\/wp\/v2\/categories?post=6237"},{"taxonomy":"post_tag","embeddable":true,"href":"https:\/\/artapartamento.com\/zh\/wp-json\/wp\/v2\/tags?post=6237"}],"curies":[{"name":"wp","href":"https:\/\/api.w.org\/{rel}","templated":true}]}}