{"id":5908,"date":"2023-11-29T19:59:06","date_gmt":"2023-11-29T18:59:06","guid":{"rendered":"https:\/\/artapartamento.com\/?page_id=5908"},"modified":"2023-12-08T19:21:38","modified_gmt":"2023-12-08T18:21:38","slug":"%e6%a2%a6%e4%b8%ad%e7%9a%84%e5%80%92%e5%bd%b1","status":"publish","type":"page","link":"https:\/\/artapartamento.com\/zh\/artistas\/los-bravu\/de-suenos-que-bien-podrian-ser-reflejos\/","title":{"rendered":"\u68a6\u5883\u4e5f\u53ef\u80fd\u662f\u5012\u5f71"},"content":{"rendered":"<div data-elementor-type=\"wp-page\" data-elementor-id=\"5908\" class=\"elementor elementor-5908\" data-elementor-post-type=\"page\">\n\t\t\t\t<div class=\"elementor-element elementor-element-430d6e88 e-con-full e-flex e-con e-parent\" data-id=\"430d6e88\" data-element_type=\"container\" data-e-type=\"container\" data-settings=\"{&quot;background_background&quot;:&quot;classic&quot;}\">\n\t\t<div class=\"elementor-element elementor-element-48fb77d5 e-con-full e-flex e-con e-child\" data-id=\"48fb77d5\" data-element_type=\"container\" data-e-type=\"container\">\n\t\t\t\t<div class=\"elementor-element elementor-element-56e63a17 elementor-widget elementor-widget-image-carousel\" data-id=\"56e63a17\" data-element_type=\"widget\" data-e-type=\"widget\" data-settings=\"{&quot;slides_to_show&quot;:&quot;1&quot;,&quot;navigation&quot;:&quot;none&quot;,&quot;autoplay&quot;:&quot;yes&quot;,&quot;pause_on_hover&quot;:&quot;yes&quot;,&quot;pause_on_interaction&quot;:&quot;yes&quot;,&quot;autoplay_speed&quot;:5000,&quot;infinite&quot;:&quot;yes&quot;,&quot;effect&quot;:&quot;slide&quot;,&quot;speed&quot;:500}\" data-widget_type=\"image-carousel.default\">\n\t\t\t\t<div class=\"elementor-widget-container\">\n\t\t\t\t\t\t\t<div class=\"elementor-image-carousel-wrapper swiper\" role=\"region\" aria-roledescription=\"carousel\" aria-label=\"\u56fe\u50cf\u65cb\u8f6c\u6728\u9a6c\" dir=\"ltr\" data-no-translation-aria-label=\"\">\n\t\t\t<div class=\"elementor-image-carousel swiper-wrapper swiper-image-stretch\" aria-live=\"off\">\n\t\t\t\t\t\t\t\t<div class=\"swiper-slide\" role=\"group\" aria-roledescription=\"slide\" aria-label=\"8 \u7684 1\" data-no-translation-aria-label=\"\"><a data-elementor-open-lightbox=\"yes\" data-elementor-lightbox-slideshow=\"56e63a17\" data-e-action-hash=\"#elementor-action%3Aaction%3Dlightbox%26settings%3DeyJpZCI6NTgyNCwidXJsIjoiaHR0cHM6XC9cL2FydGFwYXJ0YW1lbnRvLmNvbVwvd3AtY29udGVudFwvdXBsb2Fkc1wvMjAyM1wvMTFcL09icmEtMy5qcGcud2VicCIsInNsaWRlc2hvdyI6IjU2ZTYzYTE3In0%3D\" href=\"https:\/\/artapartamento.com\/wp-content\/uploads\/2023\/11\/Obra-3.jpg.webp\"><figure class=\"swiper-slide-inner\"><img decoding=\"async\" class=\"swiper-slide-image\" src=\"https:\/\/artapartamento.com\/wp-content\/uploads\/2023\/11\/Obra-3.jpg.webp\" alt=\"\u5e03\u62c9\u6b66\" \/><\/figure><\/a><\/div><div class=\"swiper-slide\" role=\"group\" aria-roledescription=\"slide\" aria-label=\"8 \u7684 2\" data-no-translation-aria-label=\"\"><a data-elementor-open-lightbox=\"yes\" data-elementor-lightbox-slideshow=\"56e63a17\" data-e-action-hash=\"#elementor-action%3Aaction%3Dlightbox%26settings%3DeyJpZCI6NTkyMCwidXJsIjoiaHR0cHM6XC9cL2FydGFwYXJ0YW1lbnRvLmNvbVwvd3AtY29udGVudFwvdXBsb2Fkc1wvMjAyM1wvMTFcLzU4M0U4QzE4LTRCQkYtNEU0Ny1BQ0FGLURBOTZGRDI0RjQyRC5qcGcud2VicCIsInNsaWRlc2hvdyI6IjU2ZTYzYTE3In0%3D\" href=\"https:\/\/artapartamento.com\/wp-content\/uploads\/2023\/11\/583E8C18-4BBF-4E47-ACAF-DA96FD24F42D.jpg.webp\"><figure class=\"swiper-slide-inner\"><img decoding=\"async\" class=\"swiper-slide-image\" src=\"https:\/\/artapartamento.com\/wp-content\/uploads\/2023\/11\/583E8C18-4BBF-4E47-ACAF-DA96FD24F42D.jpg.webp\" alt=\"\u5e03\u62c9\u6b66\" \/><\/figure><\/a><\/div><div class=\"swiper-slide\" role=\"group\" aria-roledescription=\"slide\" aria-label=\"8 \u7684 3\" data-no-translation-aria-label=\"\"><a data-elementor-open-lightbox=\"yes\" data-elementor-lightbox-slideshow=\"56e63a17\" data-e-action-hash=\"#elementor-action%3Aaction%3Dlightbox%26settings%3DeyJpZCI6NTkyMSwidXJsIjoiaHR0cHM6XC9cL2FydGFwYXJ0YW1lbnRvLmNvbVwvd3AtY29udGVudFwvdXBsb2Fkc1wvMjAyM1wvMTFcLzEzOTM1OUU1LTA5M0UtNEQxQi04N0NGLTcwMkIwQjAxNEMwNi5qcGcud2VicCIsInNsaWRlc2hvdyI6IjU2ZTYzYTE3In0%3D\" href=\"https:\/\/artapartamento.com\/wp-content\/uploads\/2023\/11\/139359E5-093E-4D1B-87CF-702B0B014C06.jpg.webp\"><figure class=\"swiper-slide-inner\"><img decoding=\"async\" class=\"swiper-slide-image\" src=\"https:\/\/artapartamento.com\/wp-content\/uploads\/2023\/11\/139359E5-093E-4D1B-87CF-702B0B014C06.jpg.webp\" alt=\"\u5e03\u62c9\u6b66\" \/><\/figure><\/a><\/div><div class=\"swiper-slide\" role=\"group\" aria-roledescription=\"slide\" aria-label=\"8 \u7684 4\" data-no-translation-aria-label=\"\"><a data-elementor-open-lightbox=\"yes\" data-elementor-lightbox-slideshow=\"56e63a17\" data-e-action-hash=\"#elementor-action%3Aaction%3Dlightbox%26settings%3DeyJpZCI6NTkyMiwidXJsIjoiaHR0cHM6XC9cL2FydGFwYXJ0YW1lbnRvLmNvbVwvd3AtY29udGVudFwvdXBsb2Fkc1wvMjAyM1wvMTFcLzAzNTIzMzUxLUIwRTEtNDExMi04NTM4LTNBQTQyQTQ2NjE2Qi5qcGcud2VicCIsInNsaWRlc2hvdyI6IjU2ZTYzYTE3In0%3D\" href=\"https:\/\/artapartamento.com\/wp-content\/uploads\/2023\/11\/03523351-B0E1-4112-8538-3AA42A46616B.jpg.webp\"><figure class=\"swiper-slide-inner\"><img decoding=\"async\" class=\"swiper-slide-image\" src=\"https:\/\/artapartamento.com\/wp-content\/uploads\/2023\/11\/03523351-B0E1-4112-8538-3AA42A46616B.jpg.webp\" alt=\"\u5e03\u62c9\u6b66\" \/><\/figure><\/a><\/div><div class=\"swiper-slide\" role=\"group\" aria-roledescription=\"slide\" aria-label=\"8 \u7684 5\" data-no-translation-aria-label=\"\"><a data-elementor-open-lightbox=\"yes\" data-elementor-lightbox-slideshow=\"56e63a17\" data-e-action-hash=\"#elementor-action%3Aaction%3Dlightbox%26settings%3DeyJpZCI6NTkyMywidXJsIjoiaHR0cHM6XC9cL2FydGFwYXJ0YW1lbnRvLmNvbVwvd3AtY29udGVudFwvdXBsb2Fkc1wvMjAyM1wvMTFcL0lNR18xNzY5LXNjYWxlZC5qcGcud2VicCIsInNsaWRlc2hvdyI6IjU2ZTYzYTE3In0%3D\" href=\"https:\/\/artapartamento.com\/wp-content\/uploads\/2023\/11\/IMG_1769-scaled.jpg.webp\"><figure class=\"swiper-slide-inner\"><img decoding=\"async\" class=\"swiper-slide-image\" src=\"https:\/\/artapartamento.com\/wp-content\/uploads\/2023\/11\/IMG_1769-scaled.jpg.webp\" alt=\"\u5e03\u62c9\u6b66\" \/><\/figure><\/a><\/div><div class=\"swiper-slide\" role=\"group\" aria-roledescription=\"slide\" aria-label=\"8 \u7684 6\" data-no-translation-aria-label=\"\"><a data-elementor-open-lightbox=\"yes\" data-elementor-lightbox-slideshow=\"56e63a17\" data-e-action-hash=\"#elementor-action%3Aaction%3Dlightbox%26settings%3DeyJpZCI6NTkyNCwidXJsIjoiaHR0cHM6XC9cL2FydGFwYXJ0YW1lbnRvLmNvbVwvd3AtY29udGVudFwvdXBsb2Fkc1wvMjAyM1wvMTFcL0lNR18xNzcwLXNjYWxlZC5qcGcud2VicCIsInNsaWRlc2hvdyI6IjU2ZTYzYTE3In0%3D\" href=\"https:\/\/artapartamento.com\/wp-content\/uploads\/2023\/11\/IMG_1770-scaled.jpg.webp\"><figure class=\"swiper-slide-inner\"><img decoding=\"async\" class=\"swiper-slide-image\" src=\"https:\/\/artapartamento.com\/wp-content\/uploads\/2023\/11\/IMG_1770-scaled.jpg.webp\" alt=\"\u5e03\u62c9\u6b66\" \/><\/figure><\/a><\/div><div class=\"swiper-slide\" role=\"group\" aria-roledescription=\"slide\" aria-label=\"8 \u7684 7\" data-no-translation-aria-label=\"\"><a data-elementor-open-lightbox=\"yes\" data-elementor-lightbox-slideshow=\"56e63a17\" data-e-action-hash=\"#elementor-action%3Aaction%3Dlightbox%26settings%3DeyJpZCI6NTkyNSwidXJsIjoiaHR0cHM6XC9cL2FydGFwYXJ0YW1lbnRvLmNvbVwvd3AtY29udGVudFwvdXBsb2Fkc1wvMjAyM1wvMTFcL0lNR18xNzc0LXNjYWxlZC5qcGcud2VicCIsInNsaWRlc2hvdyI6IjU2ZTYzYTE3In0%3D\" href=\"https:\/\/artapartamento.com\/wp-content\/uploads\/2023\/11\/IMG_1774-scaled.jpg.webp\"><figure class=\"swiper-slide-inner\"><img decoding=\"async\" class=\"swiper-slide-image\" src=\"https:\/\/artapartamento.com\/wp-content\/uploads\/2023\/11\/IMG_1774-scaled.jpg.webp\" alt=\"\u5e03\u62c9\u6b66\" \/><\/figure><\/a><\/div><div class=\"swiper-slide\" role=\"group\" aria-roledescription=\"slide\" aria-label=\"8 \u7684 8\" data-no-translation-aria-label=\"\"><a data-elementor-open-lightbox=\"yes\" data-elementor-lightbox-slideshow=\"56e63a17\" data-e-action-hash=\"#elementor-action%3Aaction%3Dlightbox%26settings%3DeyJpZCI6NTkyNiwidXJsIjoiaHR0cHM6XC9cL2FydGFwYXJ0YW1lbnRvLmNvbVwvd3AtY29udGVudFwvdXBsb2Fkc1wvMjAyM1wvMTFcL0lNR18xNzc1LXNjYWxlZC5qcGcud2VicCIsInNsaWRlc2hvdyI6IjU2ZTYzYTE3In0%3D\" href=\"https:\/\/artapartamento.com\/wp-content\/uploads\/2023\/11\/IMG_1775-scaled.jpg.webp\"><figure class=\"swiper-slide-inner\"><img decoding=\"async\" class=\"swiper-slide-image\" src=\"https:\/\/artapartamento.com\/wp-content\/uploads\/2023\/11\/IMG_1775-scaled.jpg.webp\" alt=\"\u5e03\u62c9\u6b66\" \/><\/figure><\/a><\/div>\t\t\t<\/div>\n\t\t\t\t\t\t\t\n\t\t\t\t\t\t\t\t\t<\/div>\n\t\t\t\t\t\t<\/div>\n\t\t\t\t<\/div>\n\t\t\t\t<\/div>\n\t\t<div class=\"elementor-element elementor-element-575ad0ce e-con-full e-flex e-con e-child\" data-id=\"575ad0ce\" data-element_type=\"container\" data-e-type=\"container\">\n\t\t\t\t<div class=\"elementor-element elementor-element-4066d882 elementor-widget elementor-widget-heading\" data-id=\"4066d882\" data-element_type=\"widget\" data-e-type=\"widget\" data-widget_type=\"heading.default\">\n\t\t\t\t<div class=\"elementor-widget-container\">\n\t\t\t\t\t<h2 class=\"elementor-heading-title elementor-size-default\"><a href=\"https:\/\/artapartamento.com\/zh\/category\/artistas\/los-bravu\/\" rel=\"tag\">\u5e03\u62c9\u6b66<\/a><\/h2>\t\t\t\t<\/div>\n\t\t\t\t<\/div>\n\t\t\t\t<div class=\"elementor-element elementor-element-161cfdb8 elementor-widget elementor-widget-text-editor\" data-id=\"161cfdb8\" data-element_type=\"widget\" data-e-type=\"widget\" data-widget_type=\"text-editor.default\">\n\t\t\t\t<div class=\"elementor-widget-container\">\n\t\t\t\t\t\t\t\t\t\u68a6\u5883\u4e5f\u53ef\u80fd\u662f\u5012\u5f71\u3001<br>2023<br>\u6df7\u5408\u5a92\u4ecb\u753b\u5e03\uff0c60.00 \u5398\u7c73 \u00d7 80.00 \u5398\u7c73\t\t\t\t\t\t\t\t<\/div>\n\t\t\t\t<\/div>\n\t\t\t\t<div class=\"elementor-element elementor-element-5d32a850 elementor-widget elementor-widget-text-editor\" data-id=\"5d32a850\" data-element_type=\"widget\" data-e-type=\"widget\" data-widget_type=\"text-editor.default\">\n\t\t\t\t<div class=\"elementor-widget-container\">\n\t\t\t\t\t\t\t\t\t<p>Los Brav\u00fa \u7684\u7ed8\u753b\u8bed\u8a00\u72ec\u7279\uff0c\u98ce\u683c\u5177\u8c61\uff0c\u7565\u5e26\u8d85\u73b0\u5b9e\u4e3b\u4e49\u7684\u5e7b\u60f3\u548c\u65b0\u6587\u827a\u590d\u5174\u65f6\u671f\u7684\u7cbe\u6e5b\u6280\u827a\u3002\u4ed6\u4eec\u6df7\u5408\u4e86\u5f53\u4ee3\u8bbe\u8ba1\u3001\u7c89\u4e1d\u6742\u5fd7\u3001\u5927\u4f17\u5a92\u4f53\u548c\u5b66\u672f\u7f8e\u5b66\u7684\u5143\u7d20\uff0c\u8ba9\u4eba\u60f3\u8d77\u610f\u5927\u5229\u6587\u827a\u590d\u5174\u65f6\u671f\uff0815 \u548c 16 \u4e16\u7eaa\uff09\u548c\u9b54\u5e7b\u73b0\u5b9e\u4e3b\u4e49\u65f6\u671f\uff0820 \u4e16\u7eaa\u4e0a\u534a\u53f6\uff09\u7684\u5927\u5e08\u4eec\u3002\u4ed6\u4eec\u5728\u540c\u4e00\u5e45\u753b\u4e2d\u6df7\u5408\u4e86\u4e0d\u540c\u7684\u7ed8\u753b\u65b9\u5f0f\uff0c\u56e0\u6b64\u573a\u666f\u4e2d\u7684\u6bcf\u4e2a\u5143\u7d20\u90fd\u5177\u6709\u4e0d\u53ef\u8f6c\u79fb\u7684\u7279\u6027\u3002\u4ed6\u4eec\u6df7\u5408\u4e86\u57ce\u5e02\u6587\u5316\u548c\u4e61\u571f\u6587\u5316\u3002\u4ed6\u4eec\u6df7\u5408\u4e86\u9b45\u529b\u548c\u8bbd\u523a\u3002<\/p>\t\t\t\t\t\t\t\t<\/div>\n\t\t\t\t<\/div>\n\t\t\t\t<div class=\"elementor-element elementor-element-3a12c2c0 elementor-align-left elementor-widget elementor-widget-button\" data-id=\"3a12c2c0\" data-element_type=\"widget\" data-e-type=\"widget\" data-widget_type=\"button.default\">\n\t\t\t\t<div class=\"elementor-widget-container\">\n\t\t\t\t\t\t\t\t\t<div class=\"elementor-button-wrapper\">\n\t\t\t\t\t<a class=\"elementor-button elementor-button-link elementor-size-sm\" href=\"mailto:info@artapartamento.com?subject=Inquiry:%20Los%20Bravu%20LB-223\">\n\t\t\t\t\t\t<span class=\"elementor-button-content-wrapper\">\n\t\t\t\t\t\t\t\t\t<span class=\"elementor-button-text\">\u54a8\u8be2<\/span>\n\t\t\t\t\t<\/span>\n\t\t\t\t\t<\/a>\n\t\t\t\t<\/div>\n\t\t\t\t\t\t\t\t<\/div>\n\t\t\t\t<\/div>\n\t\t\t\t<\/div>\n\t\t\t\t<\/div>\n\t\t\t\t<\/div>","protected":false},"excerpt":{"rendered":"<p>De sue\u00f1os que bien podr\u00edan ser reflejos,2023Mixta sobre tela, 60.00cm \u00d7 80.00cm El peculiar lenguaje pict\u00f3rico de Los Brav\u00fa; de corte figurativo, aromatizado con fantas\u00edas levemente surrealistas y un virtuosismo neomanierista; destaca por el uso met\u00f3dico del collage y la fusi\u00f3n. Mezclan elementos del dise\u00f1o contempor\u00e1neo, los fanzines, los mass media y una est\u00e9tica de [&hellip;]<\/p>\n","protected":false},"author":1,"featured_media":5824,"parent":5816,"menu_order":0,"comment_status":"closed","ping_status":"closed","template":"","meta":{"_acf_changed":false,"footnotes":"","_links_to":"","_links_to_target":""},"categories":[63],"tags":[65],"class_list":["post-5908","page","type-page","status-publish","has-post-thumbnail","hentry","category-los-bravu","tag-obra","post","post-with-thumbnail","post-with-thumbnail-large"],"acf":[],"aioseo_notices":[],"_links":{"self":[{"href":"https:\/\/artapartamento.com\/zh\/wp-json\/wp\/v2\/pages\/5908","targetHints":{"allow":["GET"]}}],"collection":[{"href":"https:\/\/artapartamento.com\/zh\/wp-json\/wp\/v2\/pages"}],"about":[{"href":"https:\/\/artapartamento.com\/zh\/wp-json\/wp\/v2\/types\/page"}],"author":[{"embeddable":true,"href":"https:\/\/artapartamento.com\/zh\/wp-json\/wp\/v2\/users\/1"}],"replies":[{"embeddable":true,"href":"https:\/\/artapartamento.com\/zh\/wp-json\/wp\/v2\/comments?post=5908"}],"version-history":[{"count":0,"href":"https:\/\/artapartamento.com\/zh\/wp-json\/wp\/v2\/pages\/5908\/revisions"}],"up":[{"embeddable":true,"href":"https:\/\/artapartamento.com\/zh\/wp-json\/wp\/v2\/pages\/5816"}],"wp:featuredmedia":[{"embeddable":true,"href":"https:\/\/artapartamento.com\/zh\/wp-json\/wp\/v2\/media\/5824"}],"wp:attachment":[{"href":"https:\/\/artapartamento.com\/zh\/wp-json\/wp\/v2\/media?parent=5908"}],"wp:term":[{"taxonomy":"category","embeddable":true,"href":"https:\/\/artapartamento.com\/zh\/wp-json\/wp\/v2\/categories?post=5908"},{"taxonomy":"post_tag","embeddable":true,"href":"https:\/\/artapartamento.com\/zh\/wp-json\/wp\/v2\/tags?post=5908"}],"curies":[{"name":"wp","href":"https:\/\/api.w.org\/{rel}","templated":true}]}}