{"id":5517,"date":"2023-11-20T00:23:06","date_gmt":"2023-11-19T23:23:06","guid":{"rendered":"https:\/\/artapartamento.com\/?page_id=5517"},"modified":"2023-12-08T19:05:45","modified_gmt":"2023-12-08T18:05:45","slug":"%e5%86%8d%e8%a7%81%ef%bc%8c%e8%a5%bf%e7%8f%ad%e7%89%99","status":"publish","type":"page","link":"https:\/\/artapartamento.com\/zh\/artistas\/levi-orta\/adios-espana\/","title":{"rendered":"Adi\u00f3s Espa\u00f1a"},"content":{"rendered":"<div data-elementor-type=\"wp-page\" data-elementor-id=\"5517\" class=\"elementor elementor-5517\" data-elementor-post-type=\"page\">\n\t\t\t\t<div class=\"elementor-element elementor-element-44211a2a e-con-full e-flex e-con e-parent\" data-id=\"44211a2a\" data-element_type=\"container\" data-e-type=\"container\" data-settings=\"{&quot;background_background&quot;:&quot;classic&quot;}\">\n\t\t<div class=\"elementor-element elementor-element-7c221bd3 e-con-full e-flex e-con e-child\" data-id=\"7c221bd3\" data-element_type=\"container\" data-e-type=\"container\">\n\t\t\t\t<div class=\"elementor-element elementor-element-1e059a12 elementor-widget elementor-widget-image-carousel\" data-id=\"1e059a12\" data-element_type=\"widget\" data-e-type=\"widget\" data-settings=\"{&quot;slides_to_show&quot;:&quot;1&quot;,&quot;navigation&quot;:&quot;none&quot;,&quot;autoplay&quot;:&quot;yes&quot;,&quot;pause_on_hover&quot;:&quot;yes&quot;,&quot;pause_on_interaction&quot;:&quot;yes&quot;,&quot;autoplay_speed&quot;:5000,&quot;infinite&quot;:&quot;yes&quot;,&quot;effect&quot;:&quot;slide&quot;,&quot;speed&quot;:500}\" data-widget_type=\"image-carousel.default\">\n\t\t\t\t<div class=\"elementor-widget-container\">\n\t\t\t\t\t\t\t<div class=\"elementor-image-carousel-wrapper swiper\" role=\"region\" aria-roledescription=\"carousel\" aria-label=\"\u56fe\u50cf\u8f66\" dir=\"ltr\">\n\t\t\t<div class=\"elementor-image-carousel swiper-wrapper swiper-image-stretch\" aria-live=\"off\">\n\t\t\t\t\t\t\t\t<div class=\"swiper-slide\" role=\"group\" aria-roledescription=\"slide\" aria-label=\"1 de 22\" data-no-translation-aria-label=\"\"><a data-elementor-open-lightbox=\"yes\" data-elementor-lightbox-slideshow=\"1e059a12\" data-e-action-hash=\"#elementor-action%3Aaction%3Dlightbox%26settings%3DeyJpZCI6NTMyMiwidXJsIjoiaHR0cHM6XC9cL2FydGFwYXJ0YW1lbnRvLmNvbVwvd3AtY29udGVudFwvdXBsb2Fkc1wvMjAyM1wvMTFcL0RTQzg1MjYtMS1jb3B5XzIuanBnLndlYnAiLCJzbGlkZXNob3ciOiIxZTA1OWExMiJ9\" href=\"https:\/\/artapartamento.com\/wp-content\/uploads\/2023\/11\/DSC8526-1-copy_2.jpg.webp\"><figure class=\"swiper-slide-inner\"><img decoding=\"async\" class=\"swiper-slide-image\" src=\"https:\/\/artapartamento.com\/wp-content\/uploads\/2023\/11\/DSC8526-1-copy_2.jpg.webp\" alt=\"_DSC8526-1\u526f\u672c_2\" \/><\/figure><\/a><\/div><div class=\"swiper-slide\" role=\"group\" aria-roledescription=\"slide\" aria-label=\"2 de 22\" data-no-translation-aria-label=\"\"><a data-elementor-open-lightbox=\"yes\" data-elementor-lightbox-slideshow=\"1e059a12\" data-e-action-hash=\"#elementor-action%3Aaction%3Dlightbox%26settings%3DeyJpZCI6NTI5MywidXJsIjoiaHR0cHM6XC9cL2FydGFwYXJ0YW1lbnRvLmNvbVwvd3AtY29udGVudFwvdXBsb2Fkc1wvMjAyM1wvMTFcL0RTQzgyOTMtMS1jb3B5LmpwZy53ZWJwIiwic2xpZGVzaG93IjoiMWUwNTlhMTIifQ%3D%3D\" href=\"https:\/\/artapartamento.com\/wp-content\/uploads\/2023\/11\/DSC8293-1-copy.jpg.webp\"><figure class=\"swiper-slide-inner\"><img decoding=\"async\" class=\"swiper-slide-image\" src=\"https:\/\/artapartamento.com\/wp-content\/uploads\/2023\/11\/DSC8293-1-copy.jpg.webp\" alt=\"\u5217\u7ef4-\u5965\u5c14\u5854\" \/><\/figure><\/a><\/div><div class=\"swiper-slide\" role=\"group\" aria-roledescription=\"slide\" aria-label=\"3 de 22\" data-no-translation-aria-label=\"\"><a data-elementor-open-lightbox=\"yes\" data-elementor-lightbox-slideshow=\"1e059a12\" data-e-action-hash=\"#elementor-action%3Aaction%3Dlightbox%26settings%3DeyJpZCI6NTMyMCwidXJsIjoiaHR0cHM6XC9cL2FydGFwYXJ0YW1lbnRvLmNvbVwvd3AtY29udGVudFwvdXBsb2Fkc1wvMjAyM1wvMTFcL0RTQzgzMTgtMS1jb3B5XzIuanBnLndlYnAiLCJzbGlkZXNob3ciOiIxZTA1OWExMiJ9\" href=\"https:\/\/artapartamento.com\/wp-content\/uploads\/2023\/11\/DSC8318-1-copy_2.jpg.webp\"><figure class=\"swiper-slide-inner\"><img decoding=\"async\" class=\"swiper-slide-image\" src=\"https:\/\/artapartamento.com\/wp-content\/uploads\/2023\/11\/DSC8318-1-copy_2.jpg.webp\" alt=\"\u5217\u7ef4-\u5965\u5c14\u5854\" \/><\/figure><\/a><\/div><div class=\"swiper-slide\" role=\"group\" aria-roledescription=\"slide\" aria-label=\"4 de 22\" data-no-translation-aria-label=\"\"><a data-elementor-open-lightbox=\"yes\" data-elementor-lightbox-slideshow=\"1e059a12\" data-e-action-hash=\"#elementor-action%3Aaction%3Dlightbox%26settings%3DeyJpZCI6NTcyNiwidXJsIjoiaHR0cHM6XC9cL2FydGFwYXJ0YW1lbnRvLmNvbVwvd3AtY29udGVudFwvdXBsb2Fkc1wvMjAyM1wvMTFcL0RTQzc2NzktMS1jb3B5LXNjYWxlZC5qcGcud2VicCIsInNsaWRlc2hvdyI6IjFlMDU5YTEyIn0%3D\" href=\"https:\/\/artapartamento.com\/wp-content\/uploads\/2023\/11\/DSC7679-1-copy-scaled.jpg.webp\"><figure class=\"swiper-slide-inner\"><img decoding=\"async\" class=\"swiper-slide-image\" src=\"https:\/\/artapartamento.com\/wp-content\/uploads\/2023\/11\/DSC7679-1-copy-scaled.jpg.webp\" alt=\"\u5217\u7ef4-\u5965\u5c14\u5854\" \/><\/figure><\/a><\/div><div class=\"swiper-slide\" role=\"group\" aria-roledescription=\"slide\" aria-label=\"5 de 22\" data-no-translation-aria-label=\"\"><a data-elementor-open-lightbox=\"yes\" data-elementor-lightbox-slideshow=\"1e059a12\" data-e-action-hash=\"#elementor-action%3Aaction%3Dlightbox%26settings%3DeyJpZCI6NTcyNywidXJsIjoiaHR0cHM6XC9cL2FydGFwYXJ0YW1lbnRvLmNvbVwvd3AtY29udGVudFwvdXBsb2Fkc1wvMjAyM1wvMTFcL0RTQzc2ODAtMS1jb3B5LXNjYWxlZC5qcGcud2VicCIsInNsaWRlc2hvdyI6IjFlMDU5YTEyIn0%3D\" href=\"https:\/\/artapartamento.com\/wp-content\/uploads\/2023\/11\/DSC7680-1-copy-scaled.jpg.webp\"><figure class=\"swiper-slide-inner\"><img decoding=\"async\" class=\"swiper-slide-image\" src=\"https:\/\/artapartamento.com\/wp-content\/uploads\/2023\/11\/DSC7680-1-copy-scaled.jpg.webp\" alt=\"\u5217\u7ef4-\u5965\u5c14\u5854\" \/><\/figure><\/a><\/div><div class=\"swiper-slide\" role=\"group\" aria-roledescription=\"slide\" aria-label=\"6 de 22\" data-no-translation-aria-label=\"\"><a data-elementor-open-lightbox=\"yes\" data-elementor-lightbox-slideshow=\"1e059a12\" data-e-action-hash=\"#elementor-action%3Aaction%3Dlightbox%26settings%3DeyJpZCI6NTcyOCwidXJsIjoiaHR0cHM6XC9cL2FydGFwYXJ0YW1lbnRvLmNvbVwvd3AtY29udGVudFwvdXBsb2Fkc1wvMjAyM1wvMTFcL0RTQzc2ODEtMS1jb3B5LmpwZy53ZWJwIiwic2xpZGVzaG93IjoiMWUwNTlhMTIifQ%3D%3D\" href=\"https:\/\/artapartamento.com\/wp-content\/uploads\/2023\/11\/DSC7681-1-copy.jpg.webp\"><figure class=\"swiper-slide-inner\"><img decoding=\"async\" class=\"swiper-slide-image\" src=\"https:\/\/artapartamento.com\/wp-content\/uploads\/2023\/11\/DSC7681-1-copy.jpg.webp\" alt=\"\u5217\u7ef4-\u5965\u5c14\u5854\" \/><\/figure><\/a><\/div><div class=\"swiper-slide\" role=\"group\" aria-roledescription=\"slide\" aria-label=\"7 de 22\" data-no-translation-aria-label=\"\"><a data-elementor-open-lightbox=\"yes\" data-elementor-lightbox-slideshow=\"1e059a12\" data-e-action-hash=\"#elementor-action%3Aaction%3Dlightbox%26settings%3DeyJpZCI6NTcyOSwidXJsIjoiaHR0cHM6XC9cL2FydGFwYXJ0YW1lbnRvLmNvbVwvd3AtY29udGVudFwvdXBsb2Fkc1wvMjAyM1wvMTFcL0RTQzc2ODItMS1jb3B5LmpwZy53ZWJwIiwic2xpZGVzaG93IjoiMWUwNTlhMTIifQ%3D%3D\" href=\"https:\/\/artapartamento.com\/wp-content\/uploads\/2023\/11\/DSC7682-1-copy.jpg.webp\"><figure class=\"swiper-slide-inner\"><img decoding=\"async\" class=\"swiper-slide-image\" src=\"https:\/\/artapartamento.com\/wp-content\/uploads\/2023\/11\/DSC7682-1-copy.jpg.webp\" alt=\"\u5217\u7ef4-\u5965\u5c14\u5854\" \/><\/figure><\/a><\/div><div class=\"swiper-slide\" role=\"group\" aria-roledescription=\"slide\" aria-label=\"8 de 22\" data-no-translation-aria-label=\"\"><a data-elementor-open-lightbox=\"yes\" data-elementor-lightbox-slideshow=\"1e059a12\" data-e-action-hash=\"#elementor-action%3Aaction%3Dlightbox%26settings%3DeyJpZCI6NTczMCwidXJsIjoiaHR0cHM6XC9cL2FydGFwYXJ0YW1lbnRvLmNvbVwvd3AtY29udGVudFwvdXBsb2Fkc1wvMjAyM1wvMTFcL0RTQzc2ODMtMS1jb3B5LmpwZy53ZWJwIiwic2xpZGVzaG93IjoiMWUwNTlhMTIifQ%3D%3D\" href=\"https:\/\/artapartamento.com\/wp-content\/uploads\/2023\/11\/DSC7683-1-copy.jpg.webp\"><figure class=\"swiper-slide-inner\"><img decoding=\"async\" class=\"swiper-slide-image\" src=\"https:\/\/artapartamento.com\/wp-content\/uploads\/2023\/11\/DSC7683-1-copy.jpg.webp\" alt=\"\u5217\u7ef4-\u5965\u5c14\u5854\" \/><\/figure><\/a><\/div><div class=\"swiper-slide\" role=\"group\" aria-roledescription=\"slide\" aria-label=\"9 de 22\" data-no-translation-aria-label=\"\"><a data-elementor-open-lightbox=\"yes\" data-elementor-lightbox-slideshow=\"1e059a12\" data-e-action-hash=\"#elementor-action%3Aaction%3Dlightbox%26settings%3DeyJpZCI6NTczMSwidXJsIjoiaHR0cHM6XC9cL2FydGFwYXJ0YW1lbnRvLmNvbVwvd3AtY29udGVudFwvdXBsb2Fkc1wvMjAyM1wvMTFcL0RTQzc2ODQtMS1jb3B5LmpwZy53ZWJwIiwic2xpZGVzaG93IjoiMWUwNTlhMTIifQ%3D%3D\" href=\"https:\/\/artapartamento.com\/wp-content\/uploads\/2023\/11\/DSC7684-1-copy.jpg.webp\"><figure class=\"swiper-slide-inner\"><img decoding=\"async\" class=\"swiper-slide-image\" src=\"https:\/\/artapartamento.com\/wp-content\/uploads\/2023\/11\/DSC7684-1-copy.jpg.webp\" alt=\"\u5217\u7ef4-\u5965\u5c14\u5854\" \/><\/figure><\/a><\/div><div class=\"swiper-slide\" role=\"group\" aria-roledescription=\"slide\" aria-label=\"10 de 22\" data-no-translation-aria-label=\"\"><a data-elementor-open-lightbox=\"yes\" data-elementor-lightbox-slideshow=\"1e059a12\" data-e-action-hash=\"#elementor-action%3Aaction%3Dlightbox%26settings%3DeyJpZCI6NTczMiwidXJsIjoiaHR0cHM6XC9cL2FydGFwYXJ0YW1lbnRvLmNvbVwvd3AtY29udGVudFwvdXBsb2Fkc1wvMjAyM1wvMTFcL0RTQzc2ODUtMS1jb3B5LmpwZy53ZWJwIiwic2xpZGVzaG93IjoiMWUwNTlhMTIifQ%3D%3D\" href=\"https:\/\/artapartamento.com\/wp-content\/uploads\/2023\/11\/DSC7685-1-copy.jpg.webp\"><figure class=\"swiper-slide-inner\"><img decoding=\"async\" class=\"swiper-slide-image\" src=\"https:\/\/artapartamento.com\/wp-content\/uploads\/2023\/11\/DSC7685-1-copy.jpg.webp\" alt=\"\u5217\u7ef4-\u5965\u5c14\u5854\" \/><\/figure><\/a><\/div><div class=\"swiper-slide\" role=\"group\" aria-roledescription=\"slide\" aria-label=\"11 de 22\" data-no-translation-aria-label=\"\"><a data-elementor-open-lightbox=\"yes\" data-elementor-lightbox-slideshow=\"1e059a12\" data-e-action-hash=\"#elementor-action%3Aaction%3Dlightbox%26settings%3DeyJpZCI6NTczMywidXJsIjoiaHR0cHM6XC9cL2FydGFwYXJ0YW1lbnRvLmNvbVwvd3AtY29udGVudFwvdXBsb2Fkc1wvMjAyM1wvMTFcL0RTQzc2ODYtMS1jb3B5LmpwZy53ZWJwIiwic2xpZGVzaG93IjoiMWUwNTlhMTIifQ%3D%3D\" href=\"https:\/\/artapartamento.com\/wp-content\/uploads\/2023\/11\/DSC7686-1-copy.jpg.webp\"><figure class=\"swiper-slide-inner\"><img decoding=\"async\" class=\"swiper-slide-image\" src=\"https:\/\/artapartamento.com\/wp-content\/uploads\/2023\/11\/DSC7686-1-copy.jpg.webp\" alt=\"\u5217\u7ef4-\u5965\u5c14\u5854\" \/><\/figure><\/a><\/div><div class=\"swiper-slide\" role=\"group\" aria-roledescription=\"slide\" aria-label=\"12 de 22\" data-no-translation-aria-label=\"\"><a data-elementor-open-lightbox=\"yes\" data-elementor-lightbox-slideshow=\"1e059a12\" data-e-action-hash=\"#elementor-action%3Aaction%3Dlightbox%26settings%3DeyJpZCI6NTczNCwidXJsIjoiaHR0cHM6XC9cL2FydGFwYXJ0YW1lbnRvLmNvbVwvd3AtY29udGVudFwvdXBsb2Fkc1wvMjAyM1wvMTFcL0RTQzc2ODctMS1jb3B5LmpwZy53ZWJwIiwic2xpZGVzaG93IjoiMWUwNTlhMTIifQ%3D%3D\" href=\"https:\/\/artapartamento.com\/wp-content\/uploads\/2023\/11\/DSC7687-1-copy.jpg.webp\"><figure class=\"swiper-slide-inner\"><img decoding=\"async\" class=\"swiper-slide-image\" src=\"https:\/\/artapartamento.com\/wp-content\/uploads\/2023\/11\/DSC7687-1-copy.jpg.webp\" alt=\"\u5217\u7ef4-\u5965\u5c14\u5854\" \/><\/figure><\/a><\/div><div class=\"swiper-slide\" role=\"group\" aria-roledescription=\"slide\" aria-label=\"13 de 22\" data-no-translation-aria-label=\"\"><a data-elementor-open-lightbox=\"yes\" data-elementor-lightbox-slideshow=\"1e059a12\" data-e-action-hash=\"#elementor-action%3Aaction%3Dlightbox%26settings%3DeyJpZCI6NTczNSwidXJsIjoiaHR0cHM6XC9cL2FydGFwYXJ0YW1lbnRvLmNvbVwvd3AtY29udGVudFwvdXBsb2Fkc1wvMjAyM1wvMTFcL0RTQzc2ODgtMS1jb3B5LmpwZy53ZWJwIiwic2xpZGVzaG93IjoiMWUwNTlhMTIifQ%3D%3D\" href=\"https:\/\/artapartamento.com\/wp-content\/uploads\/2023\/11\/DSC7688-1-copy.jpg.webp\"><figure class=\"swiper-slide-inner\"><img decoding=\"async\" class=\"swiper-slide-image\" src=\"https:\/\/artapartamento.com\/wp-content\/uploads\/2023\/11\/DSC7688-1-copy.jpg.webp\" alt=\"DSC7688-1 \u590d\u5236\u4ef6\" \/><\/figure><\/a><\/div><div class=\"swiper-slide\" role=\"group\" aria-roledescription=\"slide\" aria-label=\"14 de 22\" data-no-translation-aria-label=\"\"><a data-elementor-open-lightbox=\"yes\" data-elementor-lightbox-slideshow=\"1e059a12\" data-e-action-hash=\"#elementor-action%3Aaction%3Dlightbox%26settings%3DeyJpZCI6NTczNiwidXJsIjoiaHR0cHM6XC9cL2FydGFwYXJ0YW1lbnRvLmNvbVwvd3AtY29udGVudFwvdXBsb2Fkc1wvMjAyM1wvMTFcL0RTQzc2ODktMS1jb3B5LmpwZy53ZWJwIiwic2xpZGVzaG93IjoiMWUwNTlhMTIifQ%3D%3D\" href=\"https:\/\/artapartamento.com\/wp-content\/uploads\/2023\/11\/DSC7689-1-copy.jpg.webp\"><figure class=\"swiper-slide-inner\"><img decoding=\"async\" class=\"swiper-slide-image\" src=\"https:\/\/artapartamento.com\/wp-content\/uploads\/2023\/11\/DSC7689-1-copy.jpg.webp\" alt=\"\u5217\u7ef4-\u5965\u5c14\u5854\" \/><\/figure><\/a><\/div><div class=\"swiper-slide\" role=\"group\" aria-roledescription=\"slide\" aria-label=\"15 de 22\" data-no-translation-aria-label=\"\"><a data-elementor-open-lightbox=\"yes\" data-elementor-lightbox-slideshow=\"1e059a12\" data-e-action-hash=\"#elementor-action%3Aaction%3Dlightbox%26settings%3DeyJpZCI6NTc0MiwidXJsIjoiaHR0cHM6XC9cL2FydGFwYXJ0YW1lbnRvLmNvbVwvd3AtY29udGVudFwvdXBsb2Fkc1wvMjAyM1wvMTFcL0RTQzgzMDktMS1jb3B5LmpwZy53ZWJwIiwic2xpZGVzaG93IjoiMWUwNTlhMTIifQ%3D%3D\" href=\"https:\/\/artapartamento.com\/wp-content\/uploads\/2023\/11\/DSC8309-1-copy.jpg.webp\"><figure class=\"swiper-slide-inner\"><img decoding=\"async\" class=\"swiper-slide-image\" src=\"https:\/\/artapartamento.com\/wp-content\/uploads\/2023\/11\/DSC8309-1-copy.jpg.webp\" alt=\"\u5217\u7ef4-\u5965\u5c14\u5854\" \/><\/figure><\/a><\/div><div class=\"swiper-slide\" role=\"group\" aria-roledescription=\"slide\" aria-label=\"16 de 22\" data-no-translation-aria-label=\"\"><a data-elementor-open-lightbox=\"yes\" data-elementor-lightbox-slideshow=\"1e059a12\" data-e-action-hash=\"#elementor-action%3Aaction%3Dlightbox%26settings%3DeyJpZCI6NTc0NiwidXJsIjoiaHR0cHM6XC9cL2FydGFwYXJ0YW1lbnRvLmNvbVwvd3AtY29udGVudFwvdXBsb2Fkc1wvMjAyM1wvMTFcL0RTQzg1MjMtMS1jb3B5LmpwZy53ZWJwIiwic2xpZGVzaG93IjoiMWUwNTlhMTIifQ%3D%3D\" href=\"https:\/\/artapartamento.com\/wp-content\/uploads\/2023\/11\/DSC8523-1-copy.jpg.webp\"><figure class=\"swiper-slide-inner\"><img decoding=\"async\" class=\"swiper-slide-image\" src=\"https:\/\/artapartamento.com\/wp-content\/uploads\/2023\/11\/DSC8523-1-copy.jpg.webp\" alt=\"\u5217\u7ef4-\u5965\u5c14\u5854\" \/><\/figure><\/a><\/div><div class=\"swiper-slide\" role=\"group\" aria-roledescription=\"slide\" aria-label=\"17 de 22\" data-no-translation-aria-label=\"\"><a data-elementor-open-lightbox=\"yes\" data-elementor-lightbox-slideshow=\"1e059a12\" data-e-action-hash=\"#elementor-action%3Aaction%3Dlightbox%26settings%3DeyJpZCI6NTczNywidXJsIjoiaHR0cHM6XC9cL2FydGFwYXJ0YW1lbnRvLmNvbVwvd3AtY29udGVudFwvdXBsb2Fkc1wvMjAyM1wvMTFcL0RTQzc3MDktMS1jb3B5LmpwZy53ZWJwIiwic2xpZGVzaG93IjoiMWUwNTlhMTIifQ%3D%3D\" href=\"https:\/\/artapartamento.com\/wp-content\/uploads\/2023\/11\/DSC7709-1-copy.jpg.webp\"><figure class=\"swiper-slide-inner\"><img decoding=\"async\" class=\"swiper-slide-image\" src=\"https:\/\/artapartamento.com\/wp-content\/uploads\/2023\/11\/DSC7709-1-copy.jpg.webp\" alt=\"\u5217\u7ef4-\u5965\u5c14\u5854\" \/><\/figure><\/a><\/div><div class=\"swiper-slide\" role=\"group\" aria-roledescription=\"slide\" aria-label=\"18 de 22\" data-no-translation-aria-label=\"\"><a data-elementor-open-lightbox=\"yes\" data-elementor-lightbox-slideshow=\"1e059a12\" data-e-action-hash=\"#elementor-action%3Aaction%3Dlightbox%26settings%3DeyJpZCI6NTczOCwidXJsIjoiaHR0cHM6XC9cL2FydGFwYXJ0YW1lbnRvLmNvbVwvd3AtY29udGVudFwvdXBsb2Fkc1wvMjAyM1wvMTFcL0RTQzc3MTMtMS1jb3B5LmpwZy53ZWJwIiwic2xpZGVzaG93IjoiMWUwNTlhMTIifQ%3D%3D\" href=\"https:\/\/artapartamento.com\/wp-content\/uploads\/2023\/11\/DSC7713-1-copy.jpg.webp\"><figure class=\"swiper-slide-inner\"><img decoding=\"async\" class=\"swiper-slide-image\" src=\"https:\/\/artapartamento.com\/wp-content\/uploads\/2023\/11\/DSC7713-1-copy.jpg.webp\" alt=\"\u5217\u7ef4-\u5965\u5c14\u5854\" \/><\/figure><\/a><\/div><div class=\"swiper-slide\" role=\"group\" aria-roledescription=\"slide\" aria-label=\"19 de 22\" data-no-translation-aria-label=\"\"><a data-elementor-open-lightbox=\"yes\" data-elementor-lightbox-slideshow=\"1e059a12\" data-e-action-hash=\"#elementor-action%3Aaction%3Dlightbox%26settings%3DeyJpZCI6NTczOSwidXJsIjoiaHR0cHM6XC9cL2FydGFwYXJ0YW1lbnRvLmNvbVwvd3AtY29udGVudFwvdXBsb2Fkc1wvMjAyM1wvMTFcL0RTQzc3MTYtMS1jb3B5LmpwZy53ZWJwIiwic2xpZGVzaG93IjoiMWUwNTlhMTIifQ%3D%3D\" href=\"https:\/\/artapartamento.com\/wp-content\/uploads\/2023\/11\/DSC7716-1-copy.jpg.webp\"><figure class=\"swiper-slide-inner\"><img decoding=\"async\" class=\"swiper-slide-image\" src=\"https:\/\/artapartamento.com\/wp-content\/uploads\/2023\/11\/DSC7716-1-copy.jpg.webp\" alt=\"\u5217\u7ef4-\u5965\u5c14\u5854\" \/><\/figure><\/a><\/div><div class=\"swiper-slide\" role=\"group\" aria-roledescription=\"slide\" aria-label=\"20 de 22\" data-no-translation-aria-label=\"\"><a data-elementor-open-lightbox=\"yes\" data-elementor-lightbox-slideshow=\"1e059a12\" data-e-action-hash=\"#elementor-action%3Aaction%3Dlightbox%26settings%3DeyJpZCI6NTc0MCwidXJsIjoiaHR0cHM6XC9cL2FydGFwYXJ0YW1lbnRvLmNvbVwvd3AtY29udGVudFwvdXBsb2Fkc1wvMjAyM1wvMTFcL0RTQzc3MTctMS1jb3B5LmpwZy53ZWJwIiwic2xpZGVzaG93IjoiMWUwNTlhMTIifQ%3D%3D\" href=\"https:\/\/artapartamento.com\/wp-content\/uploads\/2023\/11\/DSC7717-1-copy.jpg.webp\"><figure class=\"swiper-slide-inner\"><img decoding=\"async\" class=\"swiper-slide-image\" src=\"https:\/\/artapartamento.com\/wp-content\/uploads\/2023\/11\/DSC7717-1-copy.jpg.webp\" alt=\"\u5217\u7ef4-\u5965\u5c14\u5854\" \/><\/figure><\/a><\/div><div class=\"swiper-slide\" role=\"group\" aria-roledescription=\"slide\" aria-label=\"21 de 22\" data-no-translation-aria-label=\"\"><a data-elementor-open-lightbox=\"yes\" data-elementor-lightbox-slideshow=\"1e059a12\" data-e-action-hash=\"#elementor-action%3Aaction%3Dlightbox%26settings%3DeyJpZCI6NTc0MSwidXJsIjoiaHR0cHM6XC9cL2FydGFwYXJ0YW1lbnRvLmNvbVwvd3AtY29udGVudFwvdXBsb2Fkc1wvMjAyM1wvMTFcL0RTQzc3MjAtMS1jb3B5LmpwZy53ZWJwIiwic2xpZGVzaG93IjoiMWUwNTlhMTIifQ%3D%3D\" href=\"https:\/\/artapartamento.com\/wp-content\/uploads\/2023\/11\/DSC7720-1-copy.jpg.webp\"><figure class=\"swiper-slide-inner\"><img decoding=\"async\" class=\"swiper-slide-image\" src=\"https:\/\/artapartamento.com\/wp-content\/uploads\/2023\/11\/DSC7720-1-copy.jpg.webp\" alt=\"\u5217\u7ef4-\u5965\u5c14\u5854\" \/><\/figure><\/a><\/div><div class=\"swiper-slide\" role=\"group\" aria-roledescription=\"slide\" aria-label=\"22 de 22\" data-no-translation-aria-label=\"\"><a data-elementor-open-lightbox=\"yes\" data-elementor-lightbox-slideshow=\"1e059a12\" data-e-action-hash=\"#elementor-action%3Aaction%3Dlightbox%26settings%3DeyJpZCI6NTc0NSwidXJsIjoiaHR0cHM6XC9cL2FydGFwYXJ0YW1lbnRvLmNvbVwvd3AtY29udGVudFwvdXBsb2Fkc1wvMjAyM1wvMTFcL0RTQzgzMTMtMS1jb3B5LXNjYWxlZC5qcGcud2VicCIsInNsaWRlc2hvdyI6IjFlMDU5YTEyIn0%3D\" href=\"https:\/\/artapartamento.com\/wp-content\/uploads\/2023\/11\/DSC8313-1-copy-scaled.jpg.webp\"><figure class=\"swiper-slide-inner\"><img decoding=\"async\" class=\"swiper-slide-image\" src=\"https:\/\/artapartamento.com\/wp-content\/uploads\/2023\/11\/DSC8313-1-copy-scaled.jpg.webp\" alt=\"\u5217\u7ef4-\u5965\u5c14\u5854\" \/><\/figure><\/a><\/div>\t\t\t<\/div>\n\t\t\t\t\t\t\t\n\t\t\t\t\t\t\t\t\t<\/div>\n\t\t\t\t\t\t<\/div>\n\t\t\t\t<\/div>\n\t\t\t\t<\/div>\n\t\t<div class=\"elementor-element elementor-element-2516c88b e-con-full e-flex e-con e-child\" data-id=\"2516c88b\" data-element_type=\"container\" data-e-type=\"container\">\n\t\t<div class=\"elementor-element elementor-element-1b74f2c6 e-con-full e-flex e-con e-child\" data-id=\"1b74f2c6\" data-element_type=\"container\" data-e-type=\"container\">\n\t\t\t\t<div class=\"elementor-element elementor-element-42dbab74 elementor-widget elementor-widget-heading\" data-id=\"42dbab74\" data-element_type=\"widget\" data-e-type=\"widget\" data-widget_type=\"heading.default\">\n\t\t\t\t<div class=\"elementor-widget-container\">\n\t\t\t\t\t<h2 class=\"elementor-heading-title elementor-size-default\"><a href=\"https:\/\/artapartamento.com\/zh\/category\/artistas\/levi-orta\/\" rel=\"tag\">\u5217\u7ef4-\u5965\u5c14\u5854<\/a><\/h2>\t\t\t\t<\/div>\n\t\t\t\t<\/div>\n\t\t\t\t<div class=\"elementor-element elementor-element-5635b6e5 elementor-widget elementor-widget-text-editor\" data-id=\"5635b6e5\" data-element_type=\"widget\" data-e-type=\"widget\" data-widget_type=\"text-editor.default\">\n\t\t\t\t<div class=\"elementor-widget-container\">\n\t\t\t\t\t\t\t\t\t<p>Adi\u00f3s Espa\u00f1a<br \/>2023,<br \/>\u88c5\u7f6e\uff08\u7ed8\u753b\u3001\u5f55\u50cf\u3001\u6444\u5f71\u300111 \u4ef6\u975e\u529f\u80fd\u6027\u5f53\u4ee3\u6b66\u5668\u590d\u5236\u54c1\uff09 <br \/><br \/><\/p>\t\t\t\t\t\t\t\t<\/div>\n\t\t\t\t<\/div>\n\t\t\t\t<div class=\"elementor-element elementor-element-18d3ac0 elementor-widget elementor-widget-text-editor\" data-id=\"18d3ac0\" data-element_type=\"widget\" data-e-type=\"widget\" data-widget_type=\"text-editor.default\">\n\t\t\t\t<div class=\"elementor-widget-container\">\n\t\t\t\t\t\t\t\t\t<p><br \/>\u611f\u8c22 N\u00faria G\u00fcell\u3001Luis G\u00f3mez \u548c \"Todo por La Praxis \"\u96c6\u4f53\u3002<\/p>\t\t\t\t\t\t\t\t<\/div>\n\t\t\t\t<\/div>\n\t\t\t\t<\/div>\n\t\t\t\t<div class=\"elementor-element elementor-element-154fcf99 elementor-widget elementor-widget-text-editor\" data-id=\"154fcf99\" data-element_type=\"widget\" data-e-type=\"widget\" data-widget_type=\"text-editor.default\">\n\t\t\t\t<div class=\"elementor-widget-container\">\n\t\t\t\t\t\t\t\t\t\u9762\u5bf9\u65e0\u6cd5\u53d6\u60a6\u6216\u5b8c\u6210\u7236\u6743\u5236\u9057\u4ea7\u7684\u632b\u8d25\u611f\uff0c\u6211\u9700\u8981\u4e00\u79cd\u6b66\u5668\u3002\n\u6211\u5728\u897f\u73ed\u7259\u751f\u6d3b\u4e86 15 \u5e74\uff0c\u76ee\u524d\u6b63\u642c\u56de\u54c8\u74e6\u90a3\uff0c\"Adi\u00f3s Espa\u00f1a \"\u662f\u4e00\u4e2a\u4f5c\u4e3a\u544a\u522b\u7684\u9879\u76ee\u3002\u6211\u6709\u5174\u8da3\u521b\u4f5c\u4e00\u4e2a\u4ee4\u4eba\u4e0d\u5b89\u7684\u3001\u7535\u5f71\u5316\u7684\u3001\u4fcf\u76ae\u7684\u3001\u8fd1\u4e4e\u5e7c\u7a1a\u7684\u5f62\u8c61\uff0c\u4f46\u5177\u6709\u591a\u4e2a\u6982\u5ff5\u5c42\u9762\uff0c\u56de\u987e\u4e86\u793e\u4f1a\u548c\u6587\u5316\u5bf9\u7537\u6027\u7684\u6784\u5efa\uff1b\u5f3a\u58ee\u3001\u66b4\u529b\u7684\u7537\u4eba\uff0c\u517b\u5bb6\u7cca\u53e3\u7684\u4eba\u548c\u6210\u529f\u7684\u7236\u4eb2\u3002\u540c\u65f6\u4e5f\u662f\u5bf9\u6587\u5316\u653f\u7b56\u65bd\u52a0\u4e8e\u827a\u672f\u5bb6\u8eab\u4e0a\u7684\u88ab\u52a8\u66b4\u529b\u7684\u56de\u987e\u3002\n\u8be5\u9879\u76ee\u7531\u516d\u4e2a\u5143\u7d20\u7ec4\u6210\uff0c\u4ee5\u7247\u6bb5\u7684\u65b9\u5f0f\u6784\u5efa\u5e76\u6fc0\u6d3b\u4e86\u4e00\u4e2a\u53d9\u4e8b\u3002\u9879\u76ee\u7684\u6838\u5fc3\u662f\u6211\u6536\u96c6\u7684\u653f\u6cbb\u9886\u8896\u548c\u597d\u83b1\u575e\u6f14\u5458\u4e2a\u4eba\u6b66\u5668\u7684\u590d\u5236\u54c1\uff1b\u4e00\u5e45\u5386\u53f2\u4e0a\u7b2c\u4e00\u4ef6\u6b66\u5668\u7684\u753b\u4f5c\uff0c\u8be5\u9690\u6740\u6b7b\u4e9a\u4f2f\u7684\u6b66\u5668\uff1b\u4e00\u4e9b\u8457\u540d\u653f\u6cbb\u5bb6\u6301\u67aa\u7684\u56fe\u7247\uff1b\u4e00\u6bb5\u4e09\u9891\u9053\u7684\u89c6\u9891\uff0c\u5176\u4e2d\u8bb2\u8ff0\u4e86\u6211\u7684\u5bb6\u65cf\u65cf\u957f\u4e0e\u6b66\u5668\u7684\u5173\u7cfb\uff1b\u6700\u540e\u4e00\u4e2a\u5143\u7d20\u662f\u89c2\u4f17\u81ea\u5df1\u4e0e\u6211\u6536\u96c6\u7684\u6b66\u5668\u7684\u4e92\u52a8\u3002 <br> <br>\n\u6ce8\uff1a\u6211\u6536\u85cf\u7684\u6b66\u5668\u90fd\u662f\u65e0\u6cd5\u4f7f\u7528\u7684\u590d\u5236\u54c1\uff0c\u56e0\u6b64\u5b8c\u5168\u5408\u6cd5\uff0c\u4e0d\u4f1a\u9020\u6210\u5371\u9669\u3002\t\t\t\t\t\t\t\t<\/div>\n\t\t\t\t<\/div>\n\t\t\t\t<div class=\"elementor-element elementor-element-4f2a2f26 elementor-align-left elementor-widget elementor-widget-button\" data-id=\"4f2a2f26\" data-element_type=\"widget\" data-e-type=\"widget\" data-widget_type=\"button.default\">\n\t\t\t\t<div class=\"elementor-widget-container\">\n\t\t\t\t\t\t\t\t\t<div class=\"elementor-button-wrapper\">\n\t\t\t\t\t<a class=\"elementor-button elementor-size-sm\" role=\"button\">\n\t\t\t\t\t\t<span class=\"elementor-button-content-wrapper\">\n\t\t\t\t\t\t\t\t\t<span class=\"elementor-button-text\">\u54a8\u8be2<\/span>\n\t\t\t\t\t<\/span>\n\t\t\t\t\t<\/a>\n\t\t\t\t<\/div>\n\t\t\t\t\t\t\t\t<\/div>\n\t\t\t\t<\/div>\n\t\t\t\t<\/div>\n\t\t\t\t<\/div>\n\t\t\t\t<\/div>","protected":false},"excerpt":{"rendered":"<p>Adi\u00f3s Espa\u00f1a2023,Instalaci\u00f3n (Pintura, v\u00eddeo, fotograf\u00eda, 11 r\u00e9plicas no funcionales de armas contempor\u00e1neas) Agradecimientos a N\u00faria G\u00fcell, Luis G\u00f3mez y al Colectivo \u00abTodo por La Praxis\u00bb. La necesidad de un arma aparece ante la frustraci\u00f3n de no poder complacer o cumplir el legado patriarcal. He vivido en Espa\u00f1a por quince a\u00f1os y actualmente me estoy mudado [&hellip;]<\/p>\n","protected":false},"author":1,"featured_media":5300,"parent":4345,"menu_order":0,"comment_status":"closed","ping_status":"closed","template":"","meta":{"_acf_changed":false,"footnotes":"","_links_to":"","_links_to_target":""},"categories":[37],"tags":[65],"class_list":["post-5517","page","type-page","status-publish","has-post-thumbnail","hentry","category-levi-orta","tag-obra","post","post-with-thumbnail","post-with-thumbnail-large"],"acf":[],"aioseo_notices":[],"_links":{"self":[{"href":"https:\/\/artapartamento.com\/zh\/wp-json\/wp\/v2\/pages\/5517","targetHints":{"allow":["GET"]}}],"collection":[{"href":"https:\/\/artapartamento.com\/zh\/wp-json\/wp\/v2\/pages"}],"about":[{"href":"https:\/\/artapartamento.com\/zh\/wp-json\/wp\/v2\/types\/page"}],"author":[{"embeddable":true,"href":"https:\/\/artapartamento.com\/zh\/wp-json\/wp\/v2\/users\/1"}],"replies":[{"embeddable":true,"href":"https:\/\/artapartamento.com\/zh\/wp-json\/wp\/v2\/comments?post=5517"}],"version-history":[{"count":0,"href":"https:\/\/artapartamento.com\/zh\/wp-json\/wp\/v2\/pages\/5517\/revisions"}],"up":[{"embeddable":true,"href":"https:\/\/artapartamento.com\/zh\/wp-json\/wp\/v2\/pages\/4345"}],"wp:featuredmedia":[{"embeddable":true,"href":"https:\/\/artapartamento.com\/zh\/wp-json\/wp\/v2\/media\/5300"}],"wp:attachment":[{"href":"https:\/\/artapartamento.com\/zh\/wp-json\/wp\/v2\/media?parent=5517"}],"wp:term":[{"taxonomy":"category","embeddable":true,"href":"https:\/\/artapartamento.com\/zh\/wp-json\/wp\/v2\/categories?post=5517"},{"taxonomy":"post_tag","embeddable":true,"href":"https:\/\/artapartamento.com\/zh\/wp-json\/wp\/v2\/tags?post=5517"}],"curies":[{"name":"wp","href":"https:\/\/api.w.org\/{rel}","templated":true}]}}