{"id":5488,"date":"2023-11-20T00:15:19","date_gmt":"2023-11-19T23:15:19","guid":{"rendered":"https:\/\/artapartamento.com\/?page_id=5488"},"modified":"2023-12-08T19:06:05","modified_gmt":"2023-12-08T18:06:05","slug":"%e5%85%a8%e5%9b%bd%e7%ba%aa%e5%bd%95","status":"publish","type":"page","link":"https:\/\/artapartamento.com\/zh\/artistas\/levi-orta\/national-record\/","title":{"rendered":"\u56fd\u5bb6\u8bb0\u5f55"},"content":{"rendered":"<div data-elementor-type=\"wp-page\" data-elementor-id=\"5488\" class=\"elementor elementor-5488\" data-elementor-post-type=\"page\">\n\t\t\t\t<div class=\"elementor-element elementor-element-632c6993 e-con-full e-flex e-con e-parent\" data-id=\"632c6993\" data-element_type=\"container\" data-e-type=\"container\" data-settings=\"{&quot;background_background&quot;:&quot;classic&quot;}\">\n\t\t<div class=\"elementor-element elementor-element-210437a3 e-con-full e-flex e-con e-child\" data-id=\"210437a3\" data-element_type=\"container\" data-e-type=\"container\">\n\t\t\t\t<div class=\"elementor-element elementor-element-439e38e9 elementor-widget elementor-widget-image-carousel\" data-id=\"439e38e9\" data-element_type=\"widget\" data-e-type=\"widget\" data-settings=\"{&quot;slides_to_show&quot;:&quot;1&quot;,&quot;navigation&quot;:&quot;none&quot;,&quot;autoplay&quot;:&quot;yes&quot;,&quot;pause_on_hover&quot;:&quot;yes&quot;,&quot;pause_on_interaction&quot;:&quot;yes&quot;,&quot;autoplay_speed&quot;:5000,&quot;infinite&quot;:&quot;yes&quot;,&quot;effect&quot;:&quot;slide&quot;,&quot;speed&quot;:500}\" data-widget_type=\"image-carousel.default\">\n\t\t\t\t<div class=\"elementor-widget-container\">\n\t\t\t\t\t\t\t<div class=\"elementor-image-carousel-wrapper swiper\" role=\"region\" aria-roledescription=\"carousel\" aria-label=\"\u56fe\u50cf\u8f66\" dir=\"ltr\">\n\t\t\t<div class=\"elementor-image-carousel swiper-wrapper swiper-image-stretch\" aria-live=\"off\">\n\t\t\t\t\t\t\t\t<div class=\"swiper-slide\" role=\"group\" aria-roledescription=\"slide\" aria-label=\"1 de 10\" data-no-translation-aria-label=\"\"><a data-elementor-open-lightbox=\"yes\" data-elementor-lightbox-slideshow=\"439e38e9\" data-e-action-hash=\"#elementor-action%3Aaction%3Dlightbox%26settings%3DeyJpZCI6NTI5OCwidXJsIjoiaHR0cHM6XC9cL2FydGFwYXJ0YW1lbnRvLmNvbVwvd3AtY29udGVudFwvdXBsb2Fkc1wvMjAyM1wvMTFcL0RTQzgyNzItMS1jb3B5XzIuanBnIiwic2xpZGVzaG93IjoiNDM5ZTM4ZTkifQ%3D%3D\" href=\"https:\/\/artapartamento.com\/wp-content\/uploads\/2023\/11\/DSC8272-1-copy_2.jpg\"><figure class=\"swiper-slide-inner\"><img decoding=\"async\" class=\"swiper-slide-image\" src=\"https:\/\/artapartamento.com\/wp-content\/uploads\/2023\/11\/DSC8272-1-copy_2.jpg\" alt=\"\u5217\u7ef4-\u5965\u5c14\u5854\" \/><\/figure><\/a><\/div><div class=\"swiper-slide\" role=\"group\" aria-roledescription=\"slide\" aria-label=\"2 de 10\" data-no-translation-aria-label=\"\"><a data-elementor-open-lightbox=\"yes\" data-elementor-lightbox-slideshow=\"439e38e9\" data-e-action-hash=\"#elementor-action%3Aaction%3Dlightbox%26settings%3DeyJpZCI6NTc1MywidXJsIjoiaHR0cHM6XC9cL2FydGFwYXJ0YW1lbnRvLmNvbVwvd3AtY29udGVudFwvdXBsb2Fkc1wvMjAyM1wvMTFcL0RTQzg1MTAtMS1jb3B5LmpwZy53ZWJwIiwic2xpZGVzaG93IjoiNDM5ZTM4ZTkifQ%3D%3D\" href=\"https:\/\/artapartamento.com\/wp-content\/uploads\/2023\/11\/DSC8510-1-copy.jpg.webp\"><figure class=\"swiper-slide-inner\"><img decoding=\"async\" class=\"swiper-slide-image\" src=\"https:\/\/artapartamento.com\/wp-content\/uploads\/2023\/11\/DSC8510-1-copy.jpg.webp\" alt=\"\u5217\u7ef4-\u5965\u5c14\u5854\" \/><\/figure><\/a><\/div><div class=\"swiper-slide\" role=\"group\" aria-roledescription=\"slide\" aria-label=\"3 de 10\" data-no-translation-aria-label=\"\"><a data-elementor-open-lightbox=\"yes\" data-elementor-lightbox-slideshow=\"439e38e9\" data-e-action-hash=\"#elementor-action%3Aaction%3Dlightbox%26settings%3DeyJpZCI6NTMxMywidXJsIjoiaHR0cHM6XC9cL2FydGFwYXJ0YW1lbnRvLmNvbVwvd3AtY29udGVudFwvdXBsb2Fkc1wvMjAyM1wvMTFcL0RTQzgyNTctMS1jb3B5XzIuanBnLndlYnAiLCJzbGlkZXNob3ciOiI0MzllMzhlOSJ9\" href=\"https:\/\/artapartamento.com\/wp-content\/uploads\/2023\/11\/DSC8257-1-copy_2.jpg.webp\"><figure class=\"swiper-slide-inner\"><img decoding=\"async\" class=\"swiper-slide-image\" src=\"https:\/\/artapartamento.com\/wp-content\/uploads\/2023\/11\/DSC8257-1-copy_2.jpg.webp\" alt=\"\u5217\u7ef4-\u5965\u5c14\u5854\" \/><\/figure><\/a><\/div><div class=\"swiper-slide\" role=\"group\" aria-roledescription=\"slide\" aria-label=\"4 de 10\" data-no-translation-aria-label=\"\"><a data-elementor-open-lightbox=\"yes\" data-elementor-lightbox-slideshow=\"439e38e9\" data-e-action-hash=\"#elementor-action%3Aaction%3Dlightbox%26settings%3DeyJpZCI6NTMxNywidXJsIjoiaHR0cHM6XC9cL2FydGFwYXJ0YW1lbnRvLmNvbVwvd3AtY29udGVudFwvdXBsb2Fkc1wvMjAyM1wvMTFcL0RTQzgyNzgtMS1jb3B5XzIuanBnLndlYnAiLCJzbGlkZXNob3ciOiI0MzllMzhlOSJ9\" href=\"https:\/\/artapartamento.com\/wp-content\/uploads\/2023\/11\/DSC8278-1-copy_2.jpg.webp\"><figure class=\"swiper-slide-inner\"><img decoding=\"async\" class=\"swiper-slide-image\" src=\"https:\/\/artapartamento.com\/wp-content\/uploads\/2023\/11\/DSC8278-1-copy_2.jpg.webp\" alt=\"\u5217\u7ef4-\u5965\u5c14\u5854\" \/><\/figure><\/a><\/div><div class=\"swiper-slide\" role=\"group\" aria-roledescription=\"slide\" aria-label=\"5 de 10\" data-no-translation-aria-label=\"\"><a data-elementor-open-lightbox=\"yes\" data-elementor-lightbox-slideshow=\"439e38e9\" data-e-action-hash=\"#elementor-action%3Aaction%3Dlightbox%26settings%3DeyJpZCI6NTMxNCwidXJsIjoiaHR0cHM6XC9cL2FydGFwYXJ0YW1lbnRvLmNvbVwvd3AtY29udGVudFwvdXBsb2Fkc1wvMjAyM1wvMTFcL0RTQzgyNTktMS1jb3B5XzIuanBnLndlYnAiLCJzbGlkZXNob3ciOiI0MzllMzhlOSJ9\" href=\"https:\/\/artapartamento.com\/wp-content\/uploads\/2023\/11\/DSC8259-1-copy_2.jpg.webp\"><figure class=\"swiper-slide-inner\"><img decoding=\"async\" class=\"swiper-slide-image\" src=\"https:\/\/artapartamento.com\/wp-content\/uploads\/2023\/11\/DSC8259-1-copy_2.jpg.webp\" alt=\"\u5217\u7ef4-\u5965\u5c14\u5854\" \/><\/figure><\/a><\/div><div class=\"swiper-slide\" role=\"group\" aria-roledescription=\"slide\" aria-label=\"6 de 10\" data-no-translation-aria-label=\"\"><a data-elementor-open-lightbox=\"yes\" data-elementor-lightbox-slideshow=\"439e38e9\" data-e-action-hash=\"#elementor-action%3Aaction%3Dlightbox%26settings%3DeyJpZCI6NTMxNSwidXJsIjoiaHR0cHM6XC9cL2FydGFwYXJ0YW1lbnRvLmNvbVwvd3AtY29udGVudFwvdXBsb2Fkc1wvMjAyM1wvMTFcL0RTQzgyNzAtMS1jb3B5XzIuanBnLndlYnAiLCJzbGlkZXNob3ciOiI0MzllMzhlOSJ9\" href=\"https:\/\/artapartamento.com\/wp-content\/uploads\/2023\/11\/DSC8270-1-copy_2.jpg.webp\"><figure class=\"swiper-slide-inner\"><img decoding=\"async\" class=\"swiper-slide-image\" src=\"https:\/\/artapartamento.com\/wp-content\/uploads\/2023\/11\/DSC8270-1-copy_2.jpg.webp\" alt=\"\u5217\u7ef4-\u5965\u5c14\u5854\" \/><\/figure><\/a><\/div><div class=\"swiper-slide\" role=\"group\" aria-roledescription=\"slide\" aria-label=\"7 de 10\" data-no-translation-aria-label=\"\"><a data-elementor-open-lightbox=\"yes\" data-elementor-lightbox-slideshow=\"439e38e9\" data-e-action-hash=\"#elementor-action%3Aaction%3Dlightbox%26settings%3DeyJpZCI6NTc1NSwidXJsIjoiaHR0cHM6XC9cL2FydGFwYXJ0YW1lbnRvLmNvbVwvd3AtY29udGVudFwvdXBsb2Fkc1wvMjAyM1wvMTFcL0RTQzgyNjMtMS1jb3B5LmpwZy53ZWJwIiwic2xpZGVzaG93IjoiNDM5ZTM4ZTkifQ%3D%3D\" href=\"https:\/\/artapartamento.com\/wp-content\/uploads\/2023\/11\/DSC8263-1-copy.jpg.webp\"><figure class=\"swiper-slide-inner\"><img decoding=\"async\" class=\"swiper-slide-image\" src=\"https:\/\/artapartamento.com\/wp-content\/uploads\/2023\/11\/DSC8263-1-copy.jpg.webp\" alt=\"\u5217\u7ef4-\u5965\u5c14\u5854\" \/><\/figure><\/a><\/div><div class=\"swiper-slide\" role=\"group\" aria-roledescription=\"slide\" aria-label=\"8 de 10\" data-no-translation-aria-label=\"\"><a data-elementor-open-lightbox=\"yes\" data-elementor-lightbox-slideshow=\"439e38e9\" data-e-action-hash=\"#elementor-action%3Aaction%3Dlightbox%26settings%3DeyJpZCI6NTc1NiwidXJsIjoiaHR0cHM6XC9cL2FydGFwYXJ0YW1lbnRvLmNvbVwvd3AtY29udGVudFwvdXBsb2Fkc1wvMjAyM1wvMTFcL0RTQzgyNjQtMS1jb3B5LmpwZy53ZWJwIiwic2xpZGVzaG93IjoiNDM5ZTM4ZTkifQ%3D%3D\" href=\"https:\/\/artapartamento.com\/wp-content\/uploads\/2023\/11\/DSC8264-1-copy.jpg.webp\"><figure class=\"swiper-slide-inner\"><img decoding=\"async\" class=\"swiper-slide-image\" src=\"https:\/\/artapartamento.com\/wp-content\/uploads\/2023\/11\/DSC8264-1-copy.jpg.webp\" alt=\"\u5217\u7ef4-\u5965\u5c14\u5854\" \/><\/figure><\/a><\/div><div class=\"swiper-slide\" role=\"group\" aria-roledescription=\"slide\" aria-label=\"9 de 10\" data-no-translation-aria-label=\"\"><a data-elementor-open-lightbox=\"yes\" data-elementor-lightbox-slideshow=\"439e38e9\" data-e-action-hash=\"#elementor-action%3Aaction%3Dlightbox%26settings%3DeyJpZCI6NTc1NywidXJsIjoiaHR0cHM6XC9cL2FydGFwYXJ0YW1lbnRvLmNvbVwvd3AtY29udGVudFwvdXBsb2Fkc1wvMjAyM1wvMTFcL0RTQzgyNjYtMS1jb3B5LmpwZy53ZWJwIiwic2xpZGVzaG93IjoiNDM5ZTM4ZTkifQ%3D%3D\" href=\"https:\/\/artapartamento.com\/wp-content\/uploads\/2023\/11\/DSC8266-1-copy.jpg.webp\"><figure class=\"swiper-slide-inner\"><img decoding=\"async\" class=\"swiper-slide-image\" src=\"https:\/\/artapartamento.com\/wp-content\/uploads\/2023\/11\/DSC8266-1-copy.jpg.webp\" alt=\"\u5217\u7ef4-\u5965\u5c14\u5854\" \/><\/figure><\/a><\/div><div class=\"swiper-slide\" role=\"group\" aria-roledescription=\"slide\" aria-label=\"10 de 10\" data-no-translation-aria-label=\"\"><a data-elementor-open-lightbox=\"yes\" data-elementor-lightbox-slideshow=\"439e38e9\" data-e-action-hash=\"#elementor-action%3Aaction%3Dlightbox%26settings%3DeyJpZCI6NTc1NCwidXJsIjoiaHR0cHM6XC9cL2FydGFwYXJ0YW1lbnRvLmNvbVwvd3AtY29udGVudFwvdXBsb2Fkc1wvMjAyM1wvMTFcL0RTQzg1MTUtMS1jb3B5LmpwZy53ZWJwIiwic2xpZGVzaG93IjoiNDM5ZTM4ZTkifQ%3D%3D\" href=\"https:\/\/artapartamento.com\/wp-content\/uploads\/2023\/11\/DSC8515-1-copy.jpg.webp\"><figure class=\"swiper-slide-inner\"><img decoding=\"async\" class=\"swiper-slide-image\" src=\"https:\/\/artapartamento.com\/wp-content\/uploads\/2023\/11\/DSC8515-1-copy.jpg.webp\" alt=\"\u5217\u7ef4-\u5965\u5c14\u5854\" \/><\/figure><\/a><\/div>\t\t\t<\/div>\n\t\t\t\t\t\t\t\n\t\t\t\t\t\t\t\t\t<\/div>\n\t\t\t\t\t\t<\/div>\n\t\t\t\t<\/div>\n\t\t\t\t<\/div>\n\t\t<div class=\"elementor-element elementor-element-4065e303 e-con-full e-flex e-con e-child\" data-id=\"4065e303\" data-element_type=\"container\" data-e-type=\"container\">\n\t\t\t\t<div class=\"elementor-element elementor-element-8849531 elementor-widget elementor-widget-heading\" data-id=\"8849531\" data-element_type=\"widget\" data-e-type=\"widget\" data-widget_type=\"heading.default\">\n\t\t\t\t<div class=\"elementor-widget-container\">\n\t\t\t\t\t<h2 class=\"elementor-heading-title elementor-size-default\"><a href=\"https:\/\/artapartamento.com\/zh\/category\/artistas\/levi-orta\/\" rel=\"tag\">\u5217\u7ef4-\u5965\u5c14\u5854<\/a><\/h2>\t\t\t\t<\/div>\n\t\t\t\t<\/div>\n\t\t\t\t<div class=\"elementor-element elementor-element-3c066add elementor-widget elementor-widget-text-editor\" data-id=\"3c066add\" data-element_type=\"widget\" data-e-type=\"widget\" data-widget_type=\"text-editor.default\">\n\t\t\t\t<div class=\"elementor-widget-container\">\n\t\t\t\t\t\t\t\t\t\u56fd\u5bb6\u8bb0\u5f55 <br>\n2020-2022, <br>\n\u88c5\u7f6e\uff08\u62fc\u56fe\u548c\u62fc\u8d34\u753b\u96c6\uff09\t\t\t\t\t\t\t\t<\/div>\n\t\t\t\t<\/div>\n\t\t\t\t<div class=\"elementor-element elementor-element-35a0ec91 elementor-widget elementor-widget-text-editor\" data-id=\"35a0ec91\" data-element_type=\"widget\" data-e-type=\"widget\" data-widget_type=\"text-editor.default\">\n\t\t\t\t<div class=\"elementor-widget-container\">\n\t\t\t\t\t\t\t\t\t\u56fd\u5bb6\u8bb0\u5f55\u300b\u662f\u6211\u5bf9\u53e4\u5df4\u5171\u548c\u56fd\u6587\u5316\u90e8\u6700\u8fd1\u5b9e\u65bd\u7684\u5ba1\u67e5\u548c\u63a7\u5236\u653f\u7b56\u7684\u56de\u5e94\uff1b\u8fd9\u4e9b\u653f\u7b56\u6495\u88c2\u4e86\u827a\u672f\u548c\u667a\u529b\u521b\u4f5c\u7684\u81ea\u7531\u3002\u51fa\u4e8e\u8fd9\u4e2a\u539f\u56e0\uff0c\u6211\u51b3\u5b9a\u653e\u5f03\u653f\u5e9c\u9881\u53d1\u7684\u827a\u672f\u5bb6\u8bc1\u4e66\uff0c\u4e5f\u5c31\u653e\u5f03\u4e86\u6211\u7684\u8ba4\u53ef\u548c\u7279\u6743\uff0c\u5168\u8eab\u5fc3\u5730\u3001\u65e0\u9650\u671f\u5730\u6295\u5165\u5230\u5728\u6700\u77ed\u65f6\u95f4\u5185\u89e3\u5f00\u9b54\u65b9\u7684\u7cbe\u795e\u6311\u6218\u4e2d\uff0c\u76ee\u524d\u6211\u5728\u8fd9\u9879\u8fd0\u52a8\u4e2d\u4fdd\u6301\u7740\u516b\u9879\u5168\u56fd\u7eaa\u5f55\u3002\u5728\u6781\u6743\u56fd\u5bb6\uff0c\u79fb\u52a8\u5f62\u72b6\u548c\u989c\u8272\u53ef\u4ee5\u662f\u4e00\u79cd\u653f\u6cbb\u5ba3\u8a00\u3002\t\t\t\t\t\t\t\t<\/div>\n\t\t\t\t<\/div>\n\t\t\t\t<div class=\"elementor-element elementor-element-31522ce2 elementor-align-left elementor-widget elementor-widget-button\" data-id=\"31522ce2\" data-element_type=\"widget\" data-e-type=\"widget\" data-widget_type=\"button.default\">\n\t\t\t\t<div class=\"elementor-widget-container\">\n\t\t\t\t\t\t\t\t\t<div class=\"elementor-button-wrapper\">\n\t\t\t\t\t<a class=\"elementor-button elementor-size-sm\" role=\"button\">\n\t\t\t\t\t\t<span class=\"elementor-button-content-wrapper\">\n\t\t\t\t\t\t\t\t\t<span class=\"elementor-button-text\">\u54a8\u8be2<\/span>\n\t\t\t\t\t<\/span>\n\t\t\t\t\t<\/a>\n\t\t\t\t<\/div>\n\t\t\t\t\t\t\t\t<\/div>\n\t\t\t\t<\/div>\n\t\t\t\t<\/div>\n\t\t\t\t<\/div>\n\t\t\t\t<\/div>","protected":false},"excerpt":{"rendered":"<p>National Record 2020-2022, Instalaci\u00f3n (Colecci\u00f3n de puzzles y collages)National Record es mi respuesta a las recientes pol\u00edti- cas de censura y control aplicadas por el Ministerio de Cultura de la Rep\u00fablica de Cuba; pol\u00edticas que laceran la libertad de creaci\u00f3n art\u00edstica e intelectual. Por ello, decid\u00ed renunciar a mis credenciales de artista que otorga el [&hellip;]<\/p>\n","protected":false},"author":1,"featured_media":5316,"parent":4345,"menu_order":0,"comment_status":"closed","ping_status":"closed","template":"","meta":{"_acf_changed":false,"footnotes":"","_links_to":"","_links_to_target":""},"categories":[37],"tags":[65],"class_list":["post-5488","page","type-page","status-publish","has-post-thumbnail","hentry","category-levi-orta","tag-obra","post","post-with-thumbnail","post-with-thumbnail-large"],"acf":[],"aioseo_notices":[],"_links":{"self":[{"href":"https:\/\/artapartamento.com\/zh\/wp-json\/wp\/v2\/pages\/5488","targetHints":{"allow":["GET"]}}],"collection":[{"href":"https:\/\/artapartamento.com\/zh\/wp-json\/wp\/v2\/pages"}],"about":[{"href":"https:\/\/artapartamento.com\/zh\/wp-json\/wp\/v2\/types\/page"}],"author":[{"embeddable":true,"href":"https:\/\/artapartamento.com\/zh\/wp-json\/wp\/v2\/users\/1"}],"replies":[{"embeddable":true,"href":"https:\/\/artapartamento.com\/zh\/wp-json\/wp\/v2\/comments?post=5488"}],"version-history":[{"count":0,"href":"https:\/\/artapartamento.com\/zh\/wp-json\/wp\/v2\/pages\/5488\/revisions"}],"up":[{"embeddable":true,"href":"https:\/\/artapartamento.com\/zh\/wp-json\/wp\/v2\/pages\/4345"}],"wp:featuredmedia":[{"embeddable":true,"href":"https:\/\/artapartamento.com\/zh\/wp-json\/wp\/v2\/media\/5316"}],"wp:attachment":[{"href":"https:\/\/artapartamento.com\/zh\/wp-json\/wp\/v2\/media?parent=5488"}],"wp:term":[{"taxonomy":"category","embeddable":true,"href":"https:\/\/artapartamento.com\/zh\/wp-json\/wp\/v2\/categories?post=5488"},{"taxonomy":"post_tag","embeddable":true,"href":"https:\/\/artapartamento.com\/zh\/wp-json\/wp\/v2\/tags?post=5488"}],"curies":[{"name":"wp","href":"https:\/\/api.w.org\/{rel}","templated":true}]}}