{"id":5465,"date":"2023-11-19T23:59:13","date_gmt":"2023-11-19T22:59:13","guid":{"rendered":"https:\/\/artapartamento.com\/?page_id=5465"},"modified":"2023-12-08T19:07:37","modified_gmt":"2023-12-08T18:07:37","slug":"%e8%a5%bf%e8%a7%92%e5%b1%8b%e7%9a%84%e8%af%85%e5%92%92-2022","status":"publish","type":"page","link":"https:\/\/artapartamento.com\/zh\/artistas\/levi-orta\/la-maldicion-de-la-casa-de-la-esquina-oeste-2022\/","title":{"rendered":"\u89d2\u697c\u7684\u8bc5\u5492 \u897f\u533a 2022"},"content":{"rendered":"<div data-elementor-type=\"wp-page\" data-elementor-id=\"5465\" class=\"elementor elementor-5465\" data-elementor-post-type=\"page\">\n\t\t\t\t<div class=\"elementor-element elementor-element-12cc76ba e-con-full e-flex e-con e-parent\" data-id=\"12cc76ba\" data-element_type=\"container\" data-e-type=\"container\" data-settings=\"{&quot;background_background&quot;:&quot;classic&quot;}\">\n\t\t<div class=\"elementor-element elementor-element-1c4c7105 e-con-full e-flex e-con e-child\" data-id=\"1c4c7105\" data-element_type=\"container\" data-e-type=\"container\">\n\t\t\t\t<div class=\"elementor-element elementor-element-1073a2c elementor-widget elementor-widget-image-carousel\" data-id=\"1073a2c\" data-element_type=\"widget\" data-e-type=\"widget\" data-settings=\"{&quot;slides_to_show&quot;:&quot;1&quot;,&quot;navigation&quot;:&quot;none&quot;,&quot;autoplay&quot;:&quot;yes&quot;,&quot;pause_on_hover&quot;:&quot;yes&quot;,&quot;pause_on_interaction&quot;:&quot;yes&quot;,&quot;autoplay_speed&quot;:5000,&quot;infinite&quot;:&quot;yes&quot;,&quot;effect&quot;:&quot;slide&quot;,&quot;speed&quot;:500}\" data-widget_type=\"image-carousel.default\">\n\t\t\t\t<div class=\"elementor-widget-container\">\n\t\t\t\t\t\t\t<div class=\"elementor-image-carousel-wrapper swiper\" role=\"region\" aria-roledescription=\"carousel\" aria-label=\"\u56fe\u50cf\u65cb\u8f6c\u6728\u9a6c\" dir=\"ltr\">\n\t\t\t<div class=\"elementor-image-carousel swiper-wrapper swiper-image-stretch\" aria-live=\"off\">\n\t\t\t\t\t\t\t\t<div class=\"swiper-slide\" role=\"group\" aria-roledescription=\"slide\" aria-label=\"1 of 7\"><a data-elementor-open-lightbox=\"yes\" data-elementor-lightbox-slideshow=\"1073a2c\" data-e-action-hash=\"#elementor-action%3Aaction%3Dlightbox%26settings%3DeyJpZCI6NTY2OCwidXJsIjoiaHR0cHM6XC9cL2FydGFwYXJ0YW1lbnRvLmNvbVwvd3AtY29udGVudFwvdXBsb2Fkc1wvMjAyM1wvMTFcL0RTQzgwNTYtMS1jb3B5LmpwZyIsInNsaWRlc2hvdyI6IjEwNzNhMmMifQ%3D%3D\" href=\"https:\/\/artapartamento.com\/wp-content\/uploads\/2023\/11\/DSC8056-1-copy.jpg\"><figure class=\"swiper-slide-inner\"><img decoding=\"async\" class=\"swiper-slide-image\" src=\"https:\/\/artapartamento.com\/wp-content\/uploads\/2023\/11\/DSC8056-1-copy.jpg\" alt=\"DSC8056-1 \u590d\u5236\u4ef6\" \/><\/figure><\/a><\/div><div class=\"swiper-slide\" role=\"group\" aria-roledescription=\"slide\" aria-label=\"2 of 7\"><a data-elementor-open-lightbox=\"yes\" data-elementor-lightbox-slideshow=\"1073a2c\" data-e-action-hash=\"#elementor-action%3Aaction%3Dlightbox%26settings%3DeyJpZCI6NTI4OSwidXJsIjoiaHR0cHM6XC9cL2FydGFwYXJ0YW1lbnRvLmNvbVwvd3AtY29udGVudFwvdXBsb2Fkc1wvMjAyM1wvMTFcL0RTQzgwNjYtMS1jb3B5LmpwZy53ZWJwIiwic2xpZGVzaG93IjoiMTA3M2EyYyJ9\" href=\"https:\/\/artapartamento.com\/wp-content\/uploads\/2023\/11\/DSC8066-1-copy.jpg.webp\"><figure class=\"swiper-slide-inner\"><img decoding=\"async\" class=\"swiper-slide-image\" src=\"https:\/\/artapartamento.com\/wp-content\/uploads\/2023\/11\/DSC8066-1-copy.jpg.webp\" alt=\"\u5217\u7ef4-\u5965\u5c14\u5854\" \/><\/figure><\/a><\/div><div class=\"swiper-slide\" role=\"group\" aria-roledescription=\"slide\" aria-label=\"3 of 7\"><a data-elementor-open-lightbox=\"yes\" data-elementor-lightbox-slideshow=\"1073a2c\" data-e-action-hash=\"#elementor-action%3Aaction%3Dlightbox%26settings%3DeyJpZCI6NTY2NiwidXJsIjoiaHR0cHM6XC9cL2FydGFwYXJ0YW1lbnRvLmNvbVwvd3AtY29udGVudFwvdXBsb2Fkc1wvMjAyM1wvMTFcL0RTQzgwNjMtMS1jb3B5LmpwZy53ZWJwIiwic2xpZGVzaG93IjoiMTA3M2EyYyJ9\" href=\"https:\/\/artapartamento.com\/wp-content\/uploads\/2023\/11\/DSC8063-1-copy.jpg.webp\"><figure class=\"swiper-slide-inner\"><img decoding=\"async\" class=\"swiper-slide-image\" src=\"https:\/\/artapartamento.com\/wp-content\/uploads\/2023\/11\/DSC8063-1-copy.jpg.webp\" alt=\"DSC8063-1 \u590d\u5236\u4ef6\" \/><\/figure><\/a><\/div><div class=\"swiper-slide\" role=\"group\" aria-roledescription=\"slide\" aria-label=\"4 of 7\"><a data-elementor-open-lightbox=\"yes\" data-elementor-lightbox-slideshow=\"1073a2c\" data-e-action-hash=\"#elementor-action%3Aaction%3Dlightbox%26settings%3DeyJpZCI6NTY3MCwidXJsIjoiaHR0cHM6XC9cL2FydGFwYXJ0YW1lbnRvLmNvbVwvd3AtY29udGVudFwvdXBsb2Fkc1wvMjAyM1wvMTFcL0RTQzgwNjQtMS1jb3B5LmpwZy53ZWJwIiwic2xpZGVzaG93IjoiMTA3M2EyYyJ9\" href=\"https:\/\/artapartamento.com\/wp-content\/uploads\/2023\/11\/DSC8064-1-copy.jpg.webp\"><figure class=\"swiper-slide-inner\"><img decoding=\"async\" class=\"swiper-slide-image\" src=\"https:\/\/artapartamento.com\/wp-content\/uploads\/2023\/11\/DSC8064-1-copy.jpg.webp\" alt=\"DSC8064-1 \u590d\u5236\u4ef6\" \/><\/figure><\/a><\/div><div class=\"swiper-slide\" role=\"group\" aria-roledescription=\"slide\" aria-label=\"5 of 7\"><a data-elementor-open-lightbox=\"yes\" data-elementor-lightbox-slideshow=\"1073a2c\" data-e-action-hash=\"#elementor-action%3Aaction%3Dlightbox%26settings%3DeyJpZCI6NTY3MiwidXJsIjoiaHR0cHM6XC9cL2FydGFwYXJ0YW1lbnRvLmNvbVwvd3AtY29udGVudFwvdXBsb2Fkc1wvMjAyM1wvMTFcL0RTQzgyODAtMS1jb3B5LmpwZy53ZWJwIiwic2xpZGVzaG93IjoiMTA3M2EyYyJ9\" href=\"https:\/\/artapartamento.com\/wp-content\/uploads\/2023\/11\/DSC8280-1-copy.jpg.webp\"><figure class=\"swiper-slide-inner\"><img decoding=\"async\" class=\"swiper-slide-image\" src=\"https:\/\/artapartamento.com\/wp-content\/uploads\/2023\/11\/DSC8280-1-copy.jpg.webp\" alt=\"DSC8280-1 \u590d\u5236\u4ef6\" \/><\/figure><\/a><\/div><div class=\"swiper-slide\" role=\"group\" aria-roledescription=\"slide\" aria-label=\"6 of 7\"><a data-elementor-open-lightbox=\"yes\" data-elementor-lightbox-slideshow=\"1073a2c\" data-e-action-hash=\"#elementor-action%3Aaction%3Dlightbox%26settings%3DeyJpZCI6NTY3MSwidXJsIjoiaHR0cHM6XC9cL2FydGFwYXJ0YW1lbnRvLmNvbVwvd3AtY29udGVudFwvdXBsb2Fkc1wvMjAyM1wvMTFcL0RTQzgwOTktMS1jb3B5LmpwZy53ZWJwIiwic2xpZGVzaG93IjoiMTA3M2EyYyJ9\" href=\"https:\/\/artapartamento.com\/wp-content\/uploads\/2023\/11\/DSC8099-1-copy.jpg.webp\"><figure class=\"swiper-slide-inner\"><img decoding=\"async\" class=\"swiper-slide-image\" src=\"https:\/\/artapartamento.com\/wp-content\/uploads\/2023\/11\/DSC8099-1-copy.jpg.webp\" alt=\"DSC8099-1 \u590d\u5236\u4ef6\" \/><\/figure><\/a><\/div><div class=\"swiper-slide\" role=\"group\" aria-roledescription=\"slide\" aria-label=\"7 of 7\"><a data-elementor-open-lightbox=\"yes\" data-elementor-lightbox-slideshow=\"1073a2c\" data-e-action-hash=\"#elementor-action%3Aaction%3Dlightbox%26settings%3DeyJpZCI6NTY2NywidXJsIjoiaHR0cHM6XC9cL2FydGFwYXJ0YW1lbnRvLmNvbVwvd3AtY29udGVudFwvdXBsb2Fkc1wvMjAyM1wvMTFcL0RTQzgwNTUtMS1jb3B5LmpwZy53ZWJwIiwic2xpZGVzaG93IjoiMTA3M2EyYyJ9\" href=\"https:\/\/artapartamento.com\/wp-content\/uploads\/2023\/11\/DSC8055-1-copy.jpg.webp\"><figure class=\"swiper-slide-inner\"><img decoding=\"async\" class=\"swiper-slide-image\" src=\"https:\/\/artapartamento.com\/wp-content\/uploads\/2023\/11\/DSC8055-1-copy.jpg.webp\" alt=\"DSC8055-1 \u590d\u5236\u4ef6\" \/><\/figure><\/a><\/div>\t\t\t<\/div>\n\t\t\t\t\t\t\t\n\t\t\t\t\t\t\t\t\t<\/div>\n\t\t\t\t\t\t<\/div>\n\t\t\t\t<\/div>\n\t\t\t\t<\/div>\n\t\t<div class=\"elementor-element elementor-element-7c970984 e-con-full e-flex e-con e-child\" data-id=\"7c970984\" data-element_type=\"container\" data-e-type=\"container\">\n\t\t\t\t<div class=\"elementor-element elementor-element-320ec9ad elementor-widget elementor-widget-heading\" data-id=\"320ec9ad\" data-element_type=\"widget\" data-e-type=\"widget\" data-widget_type=\"heading.default\">\n\t\t\t\t<div class=\"elementor-widget-container\">\n\t\t\t\t\t<h2 class=\"elementor-heading-title elementor-size-default\"><a href=\"https:\/\/artapartamento.com\/zh\/category\/artistas\/levi-orta\/\" rel=\"tag\">\u5217\u7ef4-\u5965\u5c14\u5854<\/a><\/h2>\t\t\t\t<\/div>\n\t\t\t\t<\/div>\n\t\t\t\t<div class=\"elementor-element elementor-element-294f3b92 elementor-widget elementor-widget-text-editor\" data-id=\"294f3b92\" data-element_type=\"widget\" data-e-type=\"widget\" data-widget_type=\"text-editor.default\">\n\t\t\t\t<div class=\"elementor-widget-container\">\n\t\t\t\t\t\t\t\t\t<p>\u897f\u89d2\u623f\u5b50\u7684\u8bc5\u5492 <br \/>2022, <br \/>\u884c\u52a8\u88c5\u7f6e\uff0810 \u5e45\u62fc\u8d34\u753b\u3001\u6a21\u578b\u30011960 \u5e74\u4ee3 100 \u4e07\u53e4\u5df4\u6bd4\u7d22\u7684\u590d\u5236\u54c1\uff09<\/p>\t\t\t\t\t\t\t\t<\/div>\n\t\t\t\t<\/div>\n\t\t\t\t<div class=\"elementor-element elementor-element-14fd0c69 elementor-widget elementor-widget-text-editor\" data-id=\"14fd0c69\" data-element_type=\"widget\" data-e-type=\"widget\" data-widget_type=\"text-editor.default\">\n\t\t\t\t<div class=\"elementor-widget-container\">\n\t\t\t\t\t\t\t\t\t\u6309\u7167 B \u7ea7\u7247\u4e2d\u88ab\u8bc5\u5492\u7684\u623f\u5b50\u7684\u98ce\u683c\uff0c\u672c\u9879\u76ee\u5c06\u6211\u5bb6\u6700\u8fd1\u5728\u53e4\u5df4\u54c8\u74e6\u90a3\u51fa\u552e\u7684\u623f\u5b50\u4f5c\u4e3a\u5206\u6790\u7d20\u6750\u3002\u6211\u628a\u6211\u4eec\u5728\u90a3\u6240\u623f\u5b50\u91cc\u7684\u751f\u6d3b\u53d8\u6210\u4e86\u6211\u4eec\u8bd5\u56fe\u53c2\u4e0e\u7684\u9769\u547d\u7684\u9690\u55bb\u3002\u53e4\u5df4\u5f53\u524d\u7684\u5371\u673a\u4f7f\u51fa\u552e\u623f\u5b50\u6210\u4e3a\u6211\u5bb6\u552f\u4e00\u53ef\u80fd\u7684\u51fa\u8def\u3002\n\u5728\u6211\u4eec\u5c45\u4f4f\u7684\u8fd9\u4e9b\u5e74\u91cc\uff0c\u6211\u4eec\u53d1\u73b0\u623f\u5b50\u91cc\u85cf\u7740\u7ea6 100 \u4e07\u6bd4\u7d22\uff0c\u4e0a\u9762\u6709\u5207-\u683c\u74e6\u62c9\u4f5c\u4e3a\u53e4\u5df4\u56fd\u5bb6\u94f6\u884c\u884c\u957f\u7684\u7b7e\u540d\u3002\u5f53\u6211\u4eec\u53d1\u73b0\u65f6\uff0c\u8fd9\u4e9b\u94b1\u5df2\u7ecf\u4e00\u6587\u4e0d\u503c\u4e86\u3002\n\u8fd9\u7ec4 10 \u5e45\u62fc\u8d34\u753b\u8bb2\u8ff0\u4e86\u6211\u4eec\u5bb6\u7684\u6545\u4e8b\u3001\u6211\u4eec\u4e0e\u9769\u547d\u9886\u8896\u7684\u8054\u7cfb\u3001\u6211\u4f5c\u4e3a\u653f\u6cbb\u827a\u672f\u5bb6\u6240\u63a5\u53d7\u7684\u57f9\u8bad\u4ee5\u53ca\u53d1\u73b0\u8fc7\u671f\u949e\u7968\u7684\u8fc7\u7a0b\u3002\t\t\t\t\t\t\t\t<\/div>\n\t\t\t\t<\/div>\n\t\t\t\t<div class=\"elementor-element elementor-element-3646fca6 elementor-align-left elementor-widget elementor-widget-button\" data-id=\"3646fca6\" data-element_type=\"widget\" data-e-type=\"widget\" data-widget_type=\"button.default\">\n\t\t\t\t<div class=\"elementor-widget-container\">\n\t\t\t\t\t\t\t\t\t<div class=\"elementor-button-wrapper\">\n\t\t\t\t\t<a class=\"elementor-button elementor-size-sm\" role=\"button\">\n\t\t\t\t\t\t<span class=\"elementor-button-content-wrapper\">\n\t\t\t\t\t\t\t\t\t<span class=\"elementor-button-text\">\u54a8\u8be2<\/span>\n\t\t\t\t\t<\/span>\n\t\t\t\t\t<\/a>\n\t\t\t\t<\/div>\n\t\t\t\t\t\t\t\t<\/div>\n\t\t\t\t<\/div>\n\t\t\t\t<\/div>\n\t\t\t\t<\/div>\n\t\t\t\t<\/div>","protected":false},"excerpt":{"rendered":"<p>La maldici\u00f3n de la casa de la esquina Oeste 2022, Acci\u00f3n-instalaci\u00f3n (10 collages, maqueta, reproducci\u00f3n de 1 mill\u00f3n de pesos cubanos de los 1960) Al estilo de las casas malditas de las pel\u00edculas de serie-B, este proyecto usa como material de an\u00e1lisis la reciente venta de la casa de mi familia en La Habana, Cuba. [&hellip;]<\/p>\n","protected":false},"author":1,"featured_media":5291,"parent":4345,"menu_order":0,"comment_status":"closed","ping_status":"closed","template":"","meta":{"_acf_changed":false,"footnotes":"","_links_to":"","_links_to_target":""},"categories":[37],"tags":[65],"class_list":["post-5465","page","type-page","status-publish","has-post-thumbnail","hentry","category-levi-orta","tag-obra","post","post-with-thumbnail","post-with-thumbnail-large"],"acf":[],"aioseo_notices":[],"_links":{"self":[{"href":"https:\/\/artapartamento.com\/zh\/wp-json\/wp\/v2\/pages\/5465","targetHints":{"allow":["GET"]}}],"collection":[{"href":"https:\/\/artapartamento.com\/zh\/wp-json\/wp\/v2\/pages"}],"about":[{"href":"https:\/\/artapartamento.com\/zh\/wp-json\/wp\/v2\/types\/page"}],"author":[{"embeddable":true,"href":"https:\/\/artapartamento.com\/zh\/wp-json\/wp\/v2\/users\/1"}],"replies":[{"embeddable":true,"href":"https:\/\/artapartamento.com\/zh\/wp-json\/wp\/v2\/comments?post=5465"}],"version-history":[{"count":0,"href":"https:\/\/artapartamento.com\/zh\/wp-json\/wp\/v2\/pages\/5465\/revisions"}],"up":[{"embeddable":true,"href":"https:\/\/artapartamento.com\/zh\/wp-json\/wp\/v2\/pages\/4345"}],"wp:featuredmedia":[{"embeddable":true,"href":"https:\/\/artapartamento.com\/zh\/wp-json\/wp\/v2\/media\/5291"}],"wp:attachment":[{"href":"https:\/\/artapartamento.com\/zh\/wp-json\/wp\/v2\/media?parent=5465"}],"wp:term":[{"taxonomy":"category","embeddable":true,"href":"https:\/\/artapartamento.com\/zh\/wp-json\/wp\/v2\/categories?post=5465"},{"taxonomy":"post_tag","embeddable":true,"href":"https:\/\/artapartamento.com\/zh\/wp-json\/wp\/v2\/tags?post=5465"}],"curies":[{"name":"wp","href":"https:\/\/api.w.org\/{rel}","templated":true}]}}