{"id":18856,"date":"2026-02-18T17:56:53","date_gmt":"2026-02-18T16:56:53","guid":{"rendered":"https:\/\/artapartamento.com\/?page_id=18856"},"modified":"2026-02-18T18:00:24","modified_gmt":"2026-02-18T17:00:24","slug":"%e6%89%be%e5%88%b0%e7%9a%84%e5%8d%a1%e7%89%87","status":"publish","type":"page","link":"https:\/\/artapartamento.com\/zh\/naipes-encontrados\/","title":{"rendered":"\u53d1\u73b0\u7684\u6251\u514b\u724c"},"content":{"rendered":"<div data-elementor-type=\"wp-page\" data-elementor-id=\"18856\" class=\"elementor elementor-18856\" data-elementor-post-type=\"page\">\n\t\t\t\t<div class=\"elementor-element elementor-element-5df43cb7 e-con-full e-flex e-con e-parent\" data-id=\"5df43cb7\" data-element_type=\"container\" data-e-type=\"container\" data-settings=\"{&quot;background_background&quot;:&quot;classic&quot;}\">\n\t\t<div class=\"elementor-element elementor-element-6f687d41 e-con-full e-flex e-con e-child\" data-id=\"6f687d41\" data-element_type=\"container\" data-e-type=\"container\">\n\t\t\t\t<div class=\"elementor-element elementor-element-7eac4e19 elementor-widget elementor-widget-image-carousel\" data-id=\"7eac4e19\" data-element_type=\"widget\" data-e-type=\"widget\" data-settings=\"{&quot;slides_to_show&quot;:&quot;1&quot;,&quot;navigation&quot;:&quot;none&quot;,&quot;autoplay&quot;:&quot;yes&quot;,&quot;pause_on_hover&quot;:&quot;yes&quot;,&quot;pause_on_interaction&quot;:&quot;yes&quot;,&quot;autoplay_speed&quot;:5000,&quot;infinite&quot;:&quot;yes&quot;,&quot;effect&quot;:&quot;slide&quot;,&quot;speed&quot;:500}\" data-widget_type=\"image-carousel.default\">\n\t\t\t\t<div class=\"elementor-widget-container\">\n\t\t\t\t\t\t\t<div class=\"elementor-image-carousel-wrapper swiper\" role=\"region\" aria-roledescription=\"carousel\" aria-label=\"\u56fe\u50cf\u65cb\u8f6c\u6728\u9a6c\" dir=\"ltr\">\n\t\t\t<div class=\"elementor-image-carousel swiper-wrapper swiper-image-stretch\" aria-live=\"off\">\n\t\t\t\t\t\t\t\t<div class=\"swiper-slide\" role=\"group\" aria-roledescription=\"slide\" aria-label=\"1 of 1\"><a data-elementor-open-lightbox=\"yes\" data-elementor-lightbox-slideshow=\"7eac4e19\" data-e-action-hash=\"#elementor-action%3Aaction%3Dlightbox%26settings%3DeyJpZCI6MTg4MDIsInVybCI6Imh0dHBzOlwvXC9hcnRhcGFydGFtZW50by5jb21cL3dwLWNvbnRlbnRcL3VwbG9hZHNcLzIwMjZcLzAyXC8xMC4tTmFpcGVzLWVuY29udHJhZG9zLXNjYWxlZC5qcGcud2VicCIsInNsaWRlc2hvdyI6IjdlYWM0ZTE5In0%3D\" href=\"https:\/\/artapartamento.com\/wp-content\/uploads\/2026\/02\/10.-Naipes-encontrados-scaled.jpg.webp\"><figure class=\"swiper-slide-inner\"><img decoding=\"async\" class=\"swiper-slide-image\" src=\"https:\/\/artapartamento.com\/wp-content\/uploads\/2026\/02\/10.-Naipes-encontrados-scaled.jpg.webp\" alt=\"\u4f55\u585e-\u66fc\u52aa\u57c3\u5c14-\u6885\u897f\u4e9a\u65af\" \/><\/figure><\/a><\/div>\t\t\t<\/div>\n\t\t\t\t\t<\/div>\n\t\t\t\t\t\t<\/div>\n\t\t\t\t<\/div>\n\t\t\t\t<\/div>\n\t\t<div class=\"elementor-element elementor-element-45c1cd54 e-con-full e-flex e-con e-child\" data-id=\"45c1cd54\" data-element_type=\"container\" data-e-type=\"container\">\n\t\t\t\t<div class=\"elementor-element elementor-element-7dfef69f elementor-widget elementor-widget-heading\" data-id=\"7dfef69f\" data-element_type=\"widget\" data-e-type=\"widget\" data-widget_type=\"heading.default\">\n\t\t\t\t<div class=\"elementor-widget-container\">\n\t\t\t\t\t<h2 class=\"elementor-heading-title elementor-size-default\"><a href=\"https:\/\/artapartamento.com\/zh\/category\/artistas\/jose-manuel-mesias\/\" rel=\"tag\">\u4f55\u585e-\u66fc\u52aa\u57c3\u5c14-\u6885\u897f\u4e9a\u65af<\/a><\/h2>\t\t\t\t<\/div>\n\t\t\t\t<\/div>\n\t\t\t\t<div class=\"elementor-element elementor-element-3366b323 elementor-widget elementor-widget-text-editor\" data-id=\"3366b323\" data-element_type=\"widget\" data-e-type=\"widget\" data-widget_type=\"text-editor.default\">\n\t\t\t\t<div class=\"elementor-widget-container\">\n\t\t\t\t\t\t\t\t\t<p><i>\u53d1\u73b0\u7684\u6251\u514b\u724c<\/i>, 2014 - 2022<\/p><p><br \/>\u5e26\u73bb\u7483\u548c\u955c\u5b50\u7684\u6728\u8d28\u6251\u514b\u724c\u3002.<\/p><p>\u6bcf\u5e45\u796d\u575b\u753b\uff1a100 x 126 \u5398\u7c73<\/p>\t\t\t\t\t\t\t\t<\/div>\n\t\t\t\t<\/div>\n\t\t\t\t<div class=\"elementor-element elementor-element-9262fb2 elementor-widget elementor-widget-text-editor\" data-id=\"9262fb2\" data-element_type=\"widget\" data-e-type=\"widget\" data-widget_type=\"text-editor.default\">\n\t\t\t\t<div class=\"elementor-widget-container\">\n\t\t\t\t\t\t\t\t\t<p>\u8fd9\u4e9b\u6251\u514b\u724c\u662f\u5728\u4e5d\u5e74\u7684\u65f6\u95f4\u91cc\u627e\u5230\u7684\uff0c\u4f46\u5176\u4e2d\u5927\u90e8\u5206\u662f\u5728\u5927\u6d41\u884c\u75c5\u671f\u95f4\u6536\u96c6\u7684\uff0c\u90a3\u4e00\u523b\u6211\u660e\u767d\u4e86\u90a3\u79cd\u547d\u8fd0\uff0c\u5b83\u610f\u5473\u7740\u5728\u65f6\u95f4\u4e2d\u5236\u4f5c\u4e00\u4ef6\u4f5c\u54c1\uff0c\u5b8c\u5168\u53d7\u5236\u4e8e\u5076\u7136\u6027\u3002\u5e78\u8fd0\u7684\u662f\uff0c\u5728\u7b2c\u4e00\u526f\u590d\u523b\u7248\u4e2d\uff0c\u82f1\u6587\u7248\u662f\u5b8c\u6574\u7684\uff0c\u897f\u73ed\u7259\u6587\u7248\u53ea\u7f3a\u4e24\u5f20\u724c\u3002.<\/p><p>\u6bcf\u4e00\u6b21\u53d1\u73b0\u6216\u91cd\u590d\u51fa\u73b0\u540c\u4e00\u5f20\u724c\uff08\u4f8b\u5982\uff0c\u9ed1\u6843 7 \u548c\u9ed1\u6843\u738b\u3001\u7ea2\u6843 4 \u548c\u7ea2\u6843 5\uff0c\u4ee5\u53ca\u51fa\u73b0\u8fc7\u4e03\u6b21\u7684\u5c0f\u4e11\uff09\uff0c\u90fd\u4e3a \u201c\u8bfb\u724c \u201d\u63d0\u4f9b\u4e86\u53ef\u80fd\uff0c\u8fd9\u4e00\u4e8b\u5b9e\u8d4b\u4e88\u4e86\u8fd9\u5e45\u4f5c\u54c1\u795e\u79d8\u7684\u8272\u5f69\u3002.<\/p>\t\t\t\t\t\t\t\t<\/div>\n\t\t\t\t<\/div>\n\t\t\t\t<div class=\"elementor-element elementor-element-f46770f elementor-align-left elementor-widget elementor-widget-button\" data-id=\"f46770f\" data-element_type=\"widget\" data-e-type=\"widget\" data-widget_type=\"button.default\">\n\t\t\t\t<div class=\"elementor-widget-container\">\n\t\t\t\t\t\t\t\t\t<div class=\"elementor-button-wrapper\">\n\t\t\t\t\t<a class=\"elementor-button elementor-size-sm\" role=\"button\">\n\t\t\t\t\t\t<span class=\"elementor-button-content-wrapper\">\n\t\t\t\t\t\t\t\t\t<span class=\"elementor-button-text\">\u54a8\u8be2<\/span>\n\t\t\t\t\t<\/span>\n\t\t\t\t\t<\/a>\n\t\t\t\t<\/div>\n\t\t\t\t\t\t\t\t<\/div>\n\t\t\t\t<\/div>\n\t\t\t\t<\/div>\n\t\t\t\t<\/div>\n\t\t\t\t<\/div>","protected":false},"excerpt":{"rendered":"<p>Naipes encontrados, 2014 &#8211; 2022 Naipes sobre maderamen con vidrio y espejo. Cada retablo: 100 x 126 cm Las barajas han sido encontradas a lo largo de nueve a\u00f1os, aunque la mayor\u00eda fueron recolectadas durante la pandemia, momento en que comprend\u00ed esa suerte de destino que implicaba construir una obra en el tiempo y completamente [&hellip;]<\/p>\n","protected":false},"author":1,"featured_media":18802,"parent":0,"menu_order":0,"comment_status":"closed","ping_status":"closed","template":"","meta":{"_acf_changed":false,"footnotes":"","_links_to":"","_links_to_target":""},"categories":[47],"tags":[65],"class_list":["post-18856","page","type-page","status-publish","has-post-thumbnail","hentry","category-jose-manuel-mesias","tag-obra","post","post-with-thumbnail","post-with-thumbnail-large"],"acf":[],"aioseo_notices":[],"_links":{"self":[{"href":"https:\/\/artapartamento.com\/zh\/wp-json\/wp\/v2\/pages\/18856","targetHints":{"allow":["GET"]}}],"collection":[{"href":"https:\/\/artapartamento.com\/zh\/wp-json\/wp\/v2\/pages"}],"about":[{"href":"https:\/\/artapartamento.com\/zh\/wp-json\/wp\/v2\/types\/page"}],"author":[{"embeddable":true,"href":"https:\/\/artapartamento.com\/zh\/wp-json\/wp\/v2\/users\/1"}],"replies":[{"embeddable":true,"href":"https:\/\/artapartamento.com\/zh\/wp-json\/wp\/v2\/comments?post=18856"}],"version-history":[{"count":0,"href":"https:\/\/artapartamento.com\/zh\/wp-json\/wp\/v2\/pages\/18856\/revisions"}],"wp:featuredmedia":[{"embeddable":true,"href":"https:\/\/artapartamento.com\/zh\/wp-json\/wp\/v2\/media\/18802"}],"wp:attachment":[{"href":"https:\/\/artapartamento.com\/zh\/wp-json\/wp\/v2\/media?parent=18856"}],"wp:term":[{"taxonomy":"category","embeddable":true,"href":"https:\/\/artapartamento.com\/zh\/wp-json\/wp\/v2\/categories?post=18856"},{"taxonomy":"post_tag","embeddable":true,"href":"https:\/\/artapartamento.com\/zh\/wp-json\/wp\/v2\/tags?post=18856"}],"curies":[{"name":"wp","href":"https:\/\/api.w.org\/{rel}","templated":true}]}}