{"id":18844,"date":"2026-02-18T17:50:04","date_gmt":"2026-02-18T16:50:04","guid":{"rendered":"https:\/\/artapartamento.com\/?page_id=18844"},"modified":"2026-02-18T17:54:37","modified_gmt":"2026-02-18T16:54:37","slug":"%e5%a1%9e%e6%96%af%e4%bd%a9%e4%bb%a3%e6%96%af%e7%9a%84%e7%8b%ac%e7%99%bd","status":"publish","type":"page","link":"https:\/\/artapartamento.com\/zh\/los-soliloquios-de-cespedes\/","title":{"rendered":"\u585e\u65af\u4f69\u5fb7\u65af\u7684\u72ec\u767d"},"content":{"rendered":"<div data-elementor-type=\"wp-page\" data-elementor-id=\"18844\" class=\"elementor elementor-18844\" data-elementor-post-type=\"page\">\n\t\t\t\t<div class=\"elementor-element elementor-element-5b29bcc1 e-con-full e-flex e-con e-parent\" data-id=\"5b29bcc1\" data-element_type=\"container\" data-e-type=\"container\" data-settings=\"{&quot;background_background&quot;:&quot;classic&quot;}\">\n\t\t<div class=\"elementor-element elementor-element-395bce27 e-con-full e-flex e-con e-child\" data-id=\"395bce27\" data-element_type=\"container\" data-e-type=\"container\">\n\t\t\t\t<div class=\"elementor-element elementor-element-31efb736 elementor-widget elementor-widget-image-carousel\" data-id=\"31efb736\" data-element_type=\"widget\" data-e-type=\"widget\" data-settings=\"{&quot;slides_to_show&quot;:&quot;1&quot;,&quot;navigation&quot;:&quot;none&quot;,&quot;autoplay&quot;:&quot;yes&quot;,&quot;pause_on_hover&quot;:&quot;yes&quot;,&quot;pause_on_interaction&quot;:&quot;yes&quot;,&quot;autoplay_speed&quot;:5000,&quot;infinite&quot;:&quot;yes&quot;,&quot;effect&quot;:&quot;slide&quot;,&quot;speed&quot;:500}\" data-widget_type=\"image-carousel.default\">\n\t\t\t\t<div class=\"elementor-widget-container\">\n\t\t\t\t\t\t\t<div class=\"elementor-image-carousel-wrapper swiper\" role=\"region\" aria-roledescription=\"carousel\" aria-label=\"\u56fe\u50cf\u65cb\u8f6c\u6728\u9a6c\" dir=\"ltr\">\n\t\t\t<div class=\"elementor-image-carousel swiper-wrapper swiper-image-stretch\" aria-live=\"off\">\n\t\t\t\t\t\t\t\t<div class=\"swiper-slide\" role=\"group\" aria-roledescription=\"slide\" aria-label=\"1 di 1\" data-no-translation-aria-label=\"\"><a data-elementor-open-lightbox=\"yes\" data-elementor-lightbox-slideshow=\"31efb736\" data-e-action-hash=\"#elementor-action%3Aaction%3Dlightbox%26settings%3DeyJpZCI6MTg4MTMsInVybCI6Imh0dHBzOlwvXC9hcnRhcGFydGFtZW50by5jb21cL3dwLWNvbnRlbnRcL3VwbG9hZHNcLzIwMjZcLzAyXC82Li1Mb3Mtc29saWxvcXVpb3MtZGUtQ2VzcGVkZXMuanBnLndlYnAiLCJzbGlkZXNob3ciOiIzMWVmYjczNiJ9\" href=\"https:\/\/artapartamento.com\/wp-content\/uploads\/2026\/02\/6.-Los-soliloquios-de-Cespedes.jpg.webp\"><figure class=\"swiper-slide-inner\"><img decoding=\"async\" class=\"swiper-slide-image\" src=\"https:\/\/artapartamento.com\/wp-content\/uploads\/2026\/02\/6.-Los-soliloquios-de-Cespedes.jpg.webp\" alt=\"\u4f55\u585e-\u66fc\u52aa\u57c3\u5c14-\u6885\u897f\u4e9a\u65af\" \/><\/figure><\/a><\/div>\t\t\t<\/div>\n\t\t\t\t\t<\/div>\n\t\t\t\t\t\t<\/div>\n\t\t\t\t<\/div>\n\t\t\t\t<\/div>\n\t\t<div class=\"elementor-element elementor-element-76d14c6a e-con-full e-flex e-con e-child\" data-id=\"76d14c6a\" data-element_type=\"container\" data-e-type=\"container\">\n\t\t\t\t<div class=\"elementor-element elementor-element-34aa1745 elementor-widget elementor-widget-heading\" data-id=\"34aa1745\" data-element_type=\"widget\" data-e-type=\"widget\" data-widget_type=\"heading.default\">\n\t\t\t\t<div class=\"elementor-widget-container\">\n\t\t\t\t\t<h2 class=\"elementor-heading-title elementor-size-default\"><a href=\"https:\/\/artapartamento.com\/zh\/category\/artistas\/jose-manuel-mesias\/\" rel=\"tag\">\u4f55\u585e-\u66fc\u52aa\u57c3\u5c14-\u6885\u897f\u4e9a\u65af<\/a><\/h2>\t\t\t\t<\/div>\n\t\t\t\t<\/div>\n\t\t\t\t<div class=\"elementor-element elementor-element-5763e13b elementor-widget elementor-widget-text-editor\" data-id=\"5763e13b\" data-element_type=\"widget\" data-e-type=\"widget\" data-widget_type=\"text-editor.default\">\n\t\t\t\t<div class=\"elementor-widget-container\">\n\t\t\t\t\t\t\t\t\t<p><i>\u585e\u65af\u4f69\u5fb7\u65af\u7684\u72ec\u767d<\/i>. .\u6765\u81ea\u8be5\u7cfb\u5217\uff1a <i>\u7d22\u5f15 <\/i><\/p><p><i>\u56fe\u7247<\/i>.<\/p><p>\u9aa1\u5b50\u6807\u672c\u3001\u8c61\u68cb\u548c\u5e26\u5b50\u3002.<\/p><p>135 x 75 x 181 \u5398\u7c73<\/p>\t\t\t\t\t\t\t\t<\/div>\n\t\t\t\t<\/div>\n\t\t\t\t<div class=\"elementor-element elementor-element-4f3461f6 elementor-widget elementor-widget-text-editor\" data-id=\"4f3461f6\" data-element_type=\"widget\" data-e-type=\"widget\" data-widget_type=\"text-editor.default\">\n\t\t\t\t<div class=\"elementor-widget-container\">\n\t\t\t\t\t\t\t\t\t<ul><li>\u5c5e\u4e8e\u8d39\u5c14\u5357\u591a-\u83f2\u683c\u96f7\u591a-\u7d22\u5361\u62c9\u65af\u7684\u68cb\u76d8\u548c\u68cb\u5b50\uff0c\u7531\u5361\u6d1b\u65af-\u66fc\u52aa\u57c3\u5c14-\u5fb7-\u585e\u65af\u4f69\u5fb7\u65af-\u5fb7\u5c14\u5361\u65af\u8482\u7565\u6350\u8d60\u3002.<\/li><li>\u7531\u5f17\u6717\u897f\u65af\u79d1-\u54c8\u7ef4\u5c14-\u585e\u65af\u4f69\u5fb7\u65af\u5c11\u5c06\u59d4\u6258\u533b\u751f\u517c\u4e1a\u4f59\u751f\u7269\u5b66\u5bb6\u3001\u585e\u65af\u4f69\u5fb7\u65af\u7684\u524d\u79d8\u4e66\u7c73\u683c\u5c14-\u5e03\u62c9\u6c83-\u6851\u8482\u57c3\u65af\uff08Miguel Bravo Sant\u00edes\uff09\u5236\u4f5c\u7684\u52a8\u7269\u6807\u672c\uff1b\u7528\u5723\u6d1b\u4f26\u7d22\u5e84\u56ed\u7684\u4e24\u5934\u9aa1\u5b50\u8e44\u8fdb\u884c\u5236\u4f5c\u3002.<\/li><\/ul><p>\u8fd9\u7bc7\u5947\u6587\u53d6\u6750\u4e8e\u585e\u65af\u4f69\u5fb7\u65af\u7684\u4e00\u5219\u8f76\u4e8b\uff0c\u4ed6\u8bb2\u8ff0\u4e86\u81ea\u5df1\u4eb2\u773c\u770b\u5230\u81ea\u5df1\u7684\u4e00\u5934\u9aa1\u5b50\u574e\u5fb7\u62c9\u751f\u4e0b\u4e86\u4e00\u5934\u7578\u5f62\u7684\u66b9\u7f57\u5c0f\u725b\uff0c\u4ee4\u4eba\u60ca\u8bb6\u7684\u662f\uff0c\u8fd9\u5934\u5c0f\u725b\u751f\u4e0b\u6765\u65f6\u8fd8\u6d3b\u7740\uff0c\u8d70\u4e86\u51e0\u6b65\u8def\u540e\u5c31\u6b7b\u4e86\u3002\u8fd9\u5934\u9aa1\u5b50\u663e\u7136\u662f\u88ab\u9a74\u5b50 Mas\u00f3n \u9a91\u8fc7\u7684\uff0c\u585e\u65af\u4f69\u5fb7\u65af\u7528\u9a74\u5b50\u9a6e\u8fd0\u4ed6\u7684\u79c1\u4eba\u7269\u54c1\u3002\u7531\u4e8e\u9aa1\u5b50\u901a\u5e38\u4e0d\u80fd\u751f\u80b2\uff0c\u6240\u4ee5\u5f53\u5b83\u4eec\u5206\u5a29\u65f6\uff0c\u5b83\u4eec\u7684\u540e\u4ee3\u901a\u5e38\u5f88\u865a\u5f31\u6216\u6709\u7578\u5f62\uff0c\u65e0\u6cd5\u5b58\u6d3b\u4e0b\u6765\u3002.<\/p><p>\u8be5\u7269\u4f53\u7684\u56fe\u50cf\u88ab\u5e03\u62c9\u6c83\u7ec4\u7ec7\u4f7f\u7528\u3001, <em>\u6c89\u9ed8\u7684\u5144\u5f1f<\/em>, \u8fd9\u5c06\u5f15\u53d1\u62c9\u53e4\u7eb3\u65af-\u5fb7-\u74e6\u7f57\u7eb3\uff08Lagunas de Varona\uff09\u4e0d\u660e\u667a\u7684\u53db\u4e71\u3002\u4e3a\u8fd9\u4e2a\u79d8\u5bc6\u7684 \u201cCespedista \u515a \u201d\u8bbe\u8ba1\u7684\u5fbd\u7ae0\u5728\u52a8\u7269\u7684\u81c0\u90e8\u4e0a\u6709\u4e00\u4e2a\u68cb\u76d8\uff0c\u68cb\u76d8\u4e0a\u6709\u4e00\u4e2a\u767d\u8272\u7684\u56fd\u738b\uff0c\u4ed6\u7684\u6240\u6709\u68cb\u5b50\u90fd\u805a\u96c6\u5728\u68cb\u76d8\u7684\u53e6\u4e00\u7aef\u3002\u7528\u5e03\u62c9\u6c83\u7684\u8bdd\u6765\u8bf4\uff0c\u4ed6\u9610\u8ff0\u4e86\u81ea\u5df1\u9634\u8c0b\u7684\u539f\u56e0\uff1a<\/p><p><em>\u201c\u4e00\u4e2a\u65e0\u5934\u7684\u5171\u548c\u56fd\uff0c\u540c\u7c7b\u4e0d\u518d\u8bf4\u540c\u4e00\u79cd\u8bed\u8a00\uff0c\u5f7c\u6b64\u4e0d\u7406\u89e3\uff08......\uff09\u68cb\u76d8\u662f\u53e4\u5df4\u4eba\u80cc\u53db\u5171\u548c\u56fd\u5408\u6cd5\u9886\u5bfc\u4eba\u7684\u9690\u55bb\uff0c\u800c\u5171\u548c\u56fd\u5408\u6cd5\u9886\u5bfc\u4eba\u662f\u68cb\u827a\u9ad8\u624b\uff0c\u662f\u519b\u4e8b\u601d\u60f3\u7684\u5bd3\u8a00\u201d\u3002\u201d<\/em><\/p><p>\u53e4\u5df4\u56fd\u7236\u5361\u6d1b\u65af-\u66fc\u52aa\u57c3\u5c14-\u5fb7\u585e\u65af\u4f69\u5fb7\u65af\u5728\u300a\u6b66\u5668\u300b\u4e00\u4e66\u4e2d\u88ab\u975e\u6cd5\u7f62\u514d\u5171\u548c\u56fd\u603b\u7edf\u804c\u52a1\u540e\uff0c\u5728\u53e4\u5df4\u4e1c\u90e8\u5c71\u533a\u5ea6\u8fc7\u4e86\u4ed6\u6700\u540e\u7684\u65f6\u5149\u3002\u5728\u4ed6\u7684\u65e5\u8bb0\u4e2d\uff0c\u5145\u6ee1\u4e86\u5bf9\u4ed6\u7684\u4e00\u751f\u3001\u4ed6\u5728\u5386\u53f2\u4e0a\u7684\u89d2\u8272\u3001\u4ed6\u7684\u654c\u4eba\u3001\u9769\u547d\u7684\u6fc0\u60c5\u53cd\u601d\uff0c\u4ee5\u53ca\u65e0\u6570\u8c61\u5f81\u6027\u7684\u753b\u9762\uff0c\u6697\u793a\u7740\u5373\u5c06\u5230\u6765\u7684\u60b2\u60e8\u7ed3\u5c40\u3002.<\/p><p>\u8fd9\u90e8\u4f5c\u54c1\u9690\u55bb\u4e86\u4e3b\u4eba\u516c\u7684\u75db\u82e6\u548c\u5b64\u72ec\uff0c\u4e5f\u9690\u55bb\u4e86\u6211\u4eec\u7684\u5386\u53f2\u4e2d\u56e0\u5185\u5728\u90aa\u6076\u800c\u5bfc\u81f4\u7684\u4e00\u518d\u5931\u8d25\u3002\u4f5c\u4e3a\u5386\u53f2\u6587\u7269\u7684\u66b9\u7f57\u9aa1\u5b50\uff0c\u5b8c\u5168\u53ef\u4ee5\u4ece\u4e3b\u4eba\u516c\u7684\u5669\u68a6\u4e2d\u63d0\u53d6\u51fa\u6765\uff1a\u5728\u6b96\u6c11\u4e3b\u4e49\u7684\u6700\u5927\u7f6a\u6076\u4e4b\u4e0b\uff0c\u4e00\u4e2a\u56fd\u5bb6\u56db\u5206\u4e94\u88c2\u3002\u5728\u68cb\u76d8\u5c3e\u90e8\uff0c\u767d\u738b\u5728\u81ea\u5df1\u7684\u68cb\u5b50\u524d\u5b64\u519b\u594b\u6218\uff0c\u8fd9\u662f\u4e00\u4e2a\u5947\u602a\u7684\u68cb\u6b65\uff0c\u6697\u6307\u585e\u65af\u4f69\u5fb7\u65af\u5982\u4f55\u88ab\u53e4\u5df4\u4eba\u629b\u5f03\uff0c\u4efb\u7531\u897f\u73ed\u7259\u4eba\u6446\u5e03\u3002.<\/p>\t\t\t\t\t\t\t\t<\/div>\n\t\t\t\t<\/div>\n\t\t\t\t<div class=\"elementor-element elementor-element-3bfd19e4 elementor-align-left elementor-widget elementor-widget-button\" data-id=\"3bfd19e4\" data-element_type=\"widget\" data-e-type=\"widget\" data-widget_type=\"button.default\">\n\t\t\t\t<div class=\"elementor-widget-container\">\n\t\t\t\t\t\t\t\t\t<div class=\"elementor-button-wrapper\">\n\t\t\t\t\t<a class=\"elementor-button elementor-size-sm\" role=\"button\">\n\t\t\t\t\t\t<span class=\"elementor-button-content-wrapper\">\n\t\t\t\t\t\t\t\t\t<span class=\"elementor-button-text\">\u54a8\u8be2<\/span>\n\t\t\t\t\t<\/span>\n\t\t\t\t\t<\/a>\n\t\t\t\t<\/div>\n\t\t\t\t\t\t\t\t<\/div>\n\t\t\t\t<\/div>\n\t\t\t\t<\/div>\n\t\t\t\t<\/div>\n\t\t\t\t<\/div>","protected":false},"excerpt":{"rendered":"<p>Los soliloquios de C\u00e9spedes. De la serie: \u00cdndice de Im\u00e1genes. Taxidermia de mula, juego de ajedrez y correas. 135 x 75 x 181 cm Tablero y fichas de ajedrez pertenecientes a Fernando Figueredo Socarr\u00e1s, donados por Carlos Manuel de C\u00e9spedes del Castillo. Trabajo de taxidermia encomendado por el Mayor General Francisco Javier C\u00e9spedes a Miguel [&hellip;]<\/p>\n","protected":false},"author":1,"featured_media":18813,"parent":0,"menu_order":0,"comment_status":"closed","ping_status":"closed","template":"","meta":{"_acf_changed":false,"footnotes":"","_links_to":"","_links_to_target":""},"categories":[47],"tags":[65],"class_list":["post-18844","page","type-page","status-publish","has-post-thumbnail","hentry","category-jose-manuel-mesias","tag-obra","post","post-with-thumbnail","post-with-thumbnail-large"],"acf":[],"aioseo_notices":[],"_links":{"self":[{"href":"https:\/\/artapartamento.com\/zh\/wp-json\/wp\/v2\/pages\/18844","targetHints":{"allow":["GET"]}}],"collection":[{"href":"https:\/\/artapartamento.com\/zh\/wp-json\/wp\/v2\/pages"}],"about":[{"href":"https:\/\/artapartamento.com\/zh\/wp-json\/wp\/v2\/types\/page"}],"author":[{"embeddable":true,"href":"https:\/\/artapartamento.com\/zh\/wp-json\/wp\/v2\/users\/1"}],"replies":[{"embeddable":true,"href":"https:\/\/artapartamento.com\/zh\/wp-json\/wp\/v2\/comments?post=18844"}],"version-history":[{"count":0,"href":"https:\/\/artapartamento.com\/zh\/wp-json\/wp\/v2\/pages\/18844\/revisions"}],"wp:featuredmedia":[{"embeddable":true,"href":"https:\/\/artapartamento.com\/zh\/wp-json\/wp\/v2\/media\/18813"}],"wp:attachment":[{"href":"https:\/\/artapartamento.com\/zh\/wp-json\/wp\/v2\/media?parent=18844"}],"wp:term":[{"taxonomy":"category","embeddable":true,"href":"https:\/\/artapartamento.com\/zh\/wp-json\/wp\/v2\/categories?post=18844"},{"taxonomy":"post_tag","embeddable":true,"href":"https:\/\/artapartamento.com\/zh\/wp-json\/wp\/v2\/tags?post=18844"}],"curies":[{"name":"wp","href":"https:\/\/api.w.org\/{rel}","templated":true}]}}