{"id":18827,"date":"2026-02-18T17:30:33","date_gmt":"2026-02-18T16:30:33","guid":{"rendered":"https:\/\/artapartamento.com\/?page_id=18827"},"modified":"2026-02-18T17:47:38","modified_gmt":"2026-02-18T16:47:38","slug":"%e5%af%b9%e9%98%bf%e6%9b%bc%e5%a4%9a-%e6%a2%85%e8%af%ba%e5%8d%a1%e4%bd%9c%e5%93%81%e7%9a%84%e4%bf%ae%e6%ad%a3","status":"publish","type":"page","link":"https:\/\/artapartamento.com\/zh\/rectificaciones-a-la-obra-de-armando-menocal\/","title":{"rendered":"\u5bf9\u963f\u66fc\u591a-\u6885\u8bfa\u5361\u4f5c\u54c1\u7684\u4fee\u6539"},"content":{"rendered":"<div data-elementor-type=\"wp-page\" data-elementor-id=\"18827\" class=\"elementor elementor-18827\" data-elementor-post-type=\"page\">\n\t\t\t\t<div class=\"elementor-element elementor-element-1a193545 e-con-full e-flex e-con e-parent\" data-id=\"1a193545\" data-element_type=\"container\" data-e-type=\"container\" data-settings=\"{&quot;background_background&quot;:&quot;classic&quot;}\">\n\t\t<div class=\"elementor-element elementor-element-1888dc24 e-con-full e-flex e-con e-child\" data-id=\"1888dc24\" data-element_type=\"container\" data-e-type=\"container\">\n\t\t\t\t<div class=\"elementor-element elementor-element-413888d9 elementor-widget elementor-widget-image-carousel\" data-id=\"413888d9\" data-element_type=\"widget\" data-e-type=\"widget\" data-settings=\"{&quot;slides_to_show&quot;:&quot;1&quot;,&quot;navigation&quot;:&quot;none&quot;,&quot;autoplay&quot;:&quot;yes&quot;,&quot;pause_on_hover&quot;:&quot;yes&quot;,&quot;pause_on_interaction&quot;:&quot;yes&quot;,&quot;autoplay_speed&quot;:5000,&quot;infinite&quot;:&quot;yes&quot;,&quot;effect&quot;:&quot;slide&quot;,&quot;speed&quot;:500}\" data-widget_type=\"image-carousel.default\">\n\t\t\t\t<div class=\"elementor-widget-container\">\n\t\t\t\t\t\t\t<div class=\"elementor-image-carousel-wrapper swiper\" role=\"region\" aria-roledescription=\"carousel\" aria-label=\"\u56fe\u50cf\u65cb\u8f6c\u6728\u9a6c\" dir=\"ltr\">\n\t\t\t<div class=\"elementor-image-carousel swiper-wrapper swiper-image-stretch\" aria-live=\"off\">\n\t\t\t\t\t\t\t\t<div class=\"swiper-slide\" role=\"group\" aria-roledescription=\"slide\" aria-label=\"1 di 3\" data-no-translation-aria-label=\"\"><a data-elementor-open-lightbox=\"yes\" data-elementor-lightbox-slideshow=\"413888d9\" data-e-action-hash=\"#elementor-action%3Aaction%3Dlightbox%26settings%3DeyJpZCI6MTg4MzMsInVybCI6Imh0dHBzOlwvXC9hcnRhcGFydGFtZW50by5jb21cL3dwLWNvbnRlbnRcL3VwbG9hZHNcLzIwMjZcLzAyXC9Ib3J0dXMtY29uY2x1c3VzLi1Fc3R1ZGlvLWRlLXBsYW50YXMtZGUtbGEtbWl0YWQtaW5mZXJpb3ItZGVsLWN1YWRyby1iYXNlLXNjYWxlZC5qcGcud2VicCIsInNsaWRlc2hvdyI6IjQxMzg4OGQ5In0%3D\" href=\"https:\/\/artapartamento.com\/wp-content\/uploads\/2026\/02\/Hortus-conclusus.-Estudio-de-plantas-de-la-mitad-inferior-del-cuadro-base-scaled.jpg.webp\"><figure class=\"swiper-slide-inner\"><img decoding=\"async\" class=\"swiper-slide-image\" src=\"https:\/\/artapartamento.com\/wp-content\/uploads\/2026\/02\/Hortus-conclusus.-Estudio-de-plantas-de-la-mitad-inferior-del-cuadro-base-scaled.jpg.webp\" alt=\"\u4f55\u585e-\u66fc\u52aa\u57c3\u5c14-\u6885\u897f\u4e9a\u65af\" \/><\/figure><\/a><\/div><div class=\"swiper-slide\" role=\"group\" aria-roledescription=\"slide\" aria-label=\"2 di 3\" data-no-translation-aria-label=\"\"><a data-elementor-open-lightbox=\"yes\" data-elementor-lightbox-slideshow=\"413888d9\" data-e-action-hash=\"#elementor-action%3Aaction%3Dlightbox%26settings%3DeyJpZCI6MTg4MzQsInVybCI6Imh0dHBzOlwvXC9hcnRhcGFydGFtZW50by5jb21cL3dwLWNvbnRlbnRcL3VwbG9hZHNcLzIwMjZcLzAyXC9SZWN0aWZpY2F0aW9ucy10by1Bcm1hbmRvLU1lbm9jYWxzLXdvay1UaGUtZGVhdGgtb2YtTWFjZW8uLVZpZXctb2YtcGFuZWwtMi1zY2FsZWQuanBnLndlYnAiLCJzbGlkZXNob3ciOiI0MTM4ODhkOSJ9\" href=\"https:\/\/artapartamento.com\/wp-content\/uploads\/2026\/02\/Rectifications-to-Armando-Menocals-wok-The-death-of-Maceo.-View-of-panel-2-scaled.jpg.webp\"><figure class=\"swiper-slide-inner\"><img decoding=\"async\" class=\"swiper-slide-image\" src=\"https:\/\/artapartamento.com\/wp-content\/uploads\/2026\/02\/Rectifications-to-Armando-Menocals-wok-The-death-of-Maceo.-View-of-panel-2-scaled.jpg.webp\" alt=\"\u4f55\u585e-\u66fc\u52aa\u57c3\u5c14-\u6885\u897f\u4e9a\u65af\" \/><\/figure><\/a><\/div><div class=\"swiper-slide\" role=\"group\" aria-roledescription=\"slide\" aria-label=\"3 di 3\" data-no-translation-aria-label=\"\"><a data-elementor-open-lightbox=\"yes\" data-elementor-lightbox-slideshow=\"413888d9\" data-e-action-hash=\"#elementor-action%3Aaction%3Dlightbox%26settings%3DeyJpZCI6MTg4MzUsInVybCI6Imh0dHBzOlwvXC9hcnRhcGFydGFtZW50by5jb21cL3dwLWNvbnRlbnRcL3VwbG9hZHNcLzIwMjZcLzAyXC8xLVJlY3RpZmljYXRpb25zLXRvLUFybWFuZG8tTWVub2NhbHMtd29rLVRoZS1kZWF0aC1vZi1NYWNlby1zY2FsZWQuanBnIiwic2xpZGVzaG93IjoiNDEzODg4ZDkifQ%3D%3D\" href=\"https:\/\/artapartamento.com\/wp-content\/uploads\/2026\/02\/1-Rectifications-to-Armando-Menocals-wok-The-death-of-Maceo-scaled.jpg\"><figure class=\"swiper-slide-inner\"><img decoding=\"async\" class=\"swiper-slide-image\" src=\"https:\/\/artapartamento.com\/wp-content\/uploads\/2026\/02\/1-Rectifications-to-Armando-Menocals-wok-The-death-of-Maceo-scaled.jpg\" alt=\"\u4f55\u585e-\u66fc\u52aa\u57c3\u5c14-\u6885\u897f\u4e9a\u65af\" \/><\/figure><\/a><\/div>\t\t\t<\/div>\n\t\t\t\t\t\t\t\n\t\t\t\t\t\t\t\t\t<\/div>\n\t\t\t\t\t\t<\/div>\n\t\t\t\t<\/div>\n\t\t\t\t<\/div>\n\t\t<div class=\"elementor-element elementor-element-72e116a5 e-con-full e-flex e-con e-child\" data-id=\"72e116a5\" data-element_type=\"container\" data-e-type=\"container\">\n\t\t\t\t<div class=\"elementor-element elementor-element-262c076 elementor-widget elementor-widget-heading\" data-id=\"262c076\" data-element_type=\"widget\" data-e-type=\"widget\" data-widget_type=\"heading.default\">\n\t\t\t\t<div class=\"elementor-widget-container\">\n\t\t\t\t\t<h2 class=\"elementor-heading-title elementor-size-default\"><a href=\"https:\/\/artapartamento.com\/zh\/category\/artistas\/jose-manuel-mesias\/\" rel=\"tag\">\u4f55\u585e-\u66fc\u52aa\u57c3\u5c14-\u6885\u897f\u4e9a\u65af<\/a><\/h2>\t\t\t\t<\/div>\n\t\t\t\t<\/div>\n\t\t\t\t<div class=\"elementor-element elementor-element-7b592032 elementor-widget elementor-widget-text-editor\" data-id=\"7b592032\" data-element_type=\"widget\" data-e-type=\"widget\" data-widget_type=\"text-editor.default\">\n\t\t\t\t<div class=\"elementor-widget-container\">\n\t\t\t\t\t\t\t\t\t<p><i>\u5bf9\u963f\u66fc\u591a-\u6885\u8bfa\u5361\u4f5c\u54c1\u7684\u4fee\u6539<\/i>, 2013 - 2017 <\/p><p>\u5e03\u9762\u6cb9\u753b.<br \/><br \/>\u5b89\u88c5<\/p>\t\t\t\t\t\t\t\t<\/div>\n\t\t\t\t<\/div>\n\t\t\t\t<div class=\"elementor-element elementor-element-4d414232 elementor-widget elementor-widget-text-editor\" data-id=\"4d414232\" data-element_type=\"widget\" data-e-type=\"widget\" data-widget_type=\"text-editor.default\">\n\t\t\t\t<div class=\"elementor-widget-container\">\n\t\t\t\t\t\t\t\t\t<p>\u5bf9\u8bb8\u591a\u4eba\u6765\u8bf4\uff0c\u5b89\u4e1c\u5c3c\u5965-\u9a6c\u585e\u5965\u7684\u5012\u53f0\u662f\u53e4\u5df4\u5c9b\u5728 19 \u4e16\u7eaa\u672b\u5b9e\u73b0\u72ec\u7acb\u7684\u6700\u540e\u4e00\u6b21\u5c1d\u8bd5\u4e2d\u51fa\u73b0\u7684\u6df1\u523b\u88c2\u75d5\u3002\u4e00\u4f4d\u6218\u4e89\u8001\u5175\u53d7\u8fd9\u4e2a\u5e74\u8f7b\u56fd\u5bb6\u65b0\u51fa\u73b0\u7684\u6c11\u65cf\u4e3b\u4e49\u7cbe\u82f1\u4e4b\u6258\uff0c\u5728\u4e00\u5e45\u753b\u4e2d\u8bb0\u5f55\u4e86\u8fd9\u4e00\u65f6\u523b\u3002\u8fd9\u662f\u53e4\u5df4\u7b2c\u4e00\u6279\u64cd\u7eb5\u5386\u53f2\u7684\u4e8b\u4ef6\u4e4b\u4e00\uff0c\u6807\u5fd7\u7740\u4e00\u4e2a\u4e3a\u4f7f\u6743\u529b\u5408\u6cd5\u5316\u800c\u5e72\u9884\u5bf9\u8fc7\u53bb\u7684\u63cf\u8ff0\u7684\u65f6\u4ee3\u7684\u5f00\u59cb\u3002.<\/p><p>\u8be5\u9879\u76ee\u901a\u8fc7\u56f4\u7ed5\u8fd9\u5e45\u540d\u753b\u7684\u4e89\u8bae\u6765\u63a2\u8ba8\u8fd9\u4e00\u4e8b\u4ef6\u3002. <em>\u6574\u6539...<\/em> \u8fd9\u7ec4\u4f5c\u54c1\u5728\u4e0d\u540c\u5c42\u9762\u4e0a\u5bf9\u53e4\u5df4\u7684\u539f\u578b\u63d0\u51fa\u4e86\u8d28\u7591\uff0c\u5305\u62ec\u5176\u6700\u521d\u7684\u89c6\u89c9\u5f62\u5f0f\u3001\u5386\u53f2\u7684\u6784\u5efa\u53ca\u5176\u64cd\u7eb5\u673a\u5236\uff0c\u4ee5\u53ca\u4f5c\u4e3a\u5386\u53f2\u53d9\u4e8b\u80cc\u666f\u7684\u666f\u89c2\u53ca\u5176\u8bd7\u610f\u7ef4\u5ea6\u3002.<\/p>\t\t\t\t\t\t\t\t<\/div>\n\t\t\t\t<\/div>\n\t\t\t\t<div class=\"elementor-element elementor-element-6e5de509 elementor-align-left elementor-widget elementor-widget-button\" data-id=\"6e5de509\" data-element_type=\"widget\" data-e-type=\"widget\" data-widget_type=\"button.default\">\n\t\t\t\t<div class=\"elementor-widget-container\">\n\t\t\t\t\t\t\t\t\t<div class=\"elementor-button-wrapper\">\n\t\t\t\t\t<a class=\"elementor-button elementor-size-sm\" role=\"button\">\n\t\t\t\t\t\t<span class=\"elementor-button-content-wrapper\">\n\t\t\t\t\t\t\t\t\t<span class=\"elementor-button-text\">\u54a8\u8be2<\/span>\n\t\t\t\t\t<\/span>\n\t\t\t\t\t<\/a>\n\t\t\t\t<\/div>\n\t\t\t\t\t\t\t\t<\/div>\n\t\t\t\t<\/div>\n\t\t\t\t<\/div>\n\t\t\t\t<\/div>\n\t\t\t\t<\/div>","protected":false},"excerpt":{"rendered":"<p>Rectificaciones a la obra de Armando Menocal, 2013 &#8211; 2017 \u00d3leo sobre tela. Instalaci\u00f3n La ca\u00edda de Antonio Maceo supuso una profunda fractura para muchos en el marco del \u00faltimo intento por alcanzar la independencia de la Isla de Cuba a finales del siglo XIX. Aquel momento fue plasmado en una pintura realizada por un [&hellip;]<\/p>\n","protected":false},"author":1,"featured_media":18812,"parent":0,"menu_order":0,"comment_status":"closed","ping_status":"closed","template":"","meta":{"_acf_changed":false,"footnotes":"","_links_to":"","_links_to_target":""},"categories":[47],"tags":[65],"class_list":["post-18827","page","type-page","status-publish","has-post-thumbnail","hentry","category-jose-manuel-mesias","tag-obra","post","post-with-thumbnail","post-with-thumbnail-large"],"acf":[],"aioseo_notices":[],"_links":{"self":[{"href":"https:\/\/artapartamento.com\/zh\/wp-json\/wp\/v2\/pages\/18827","targetHints":{"allow":["GET"]}}],"collection":[{"href":"https:\/\/artapartamento.com\/zh\/wp-json\/wp\/v2\/pages"}],"about":[{"href":"https:\/\/artapartamento.com\/zh\/wp-json\/wp\/v2\/types\/page"}],"author":[{"embeddable":true,"href":"https:\/\/artapartamento.com\/zh\/wp-json\/wp\/v2\/users\/1"}],"replies":[{"embeddable":true,"href":"https:\/\/artapartamento.com\/zh\/wp-json\/wp\/v2\/comments?post=18827"}],"version-history":[{"count":0,"href":"https:\/\/artapartamento.com\/zh\/wp-json\/wp\/v2\/pages\/18827\/revisions"}],"wp:featuredmedia":[{"embeddable":true,"href":"https:\/\/artapartamento.com\/zh\/wp-json\/wp\/v2\/media\/18812"}],"wp:attachment":[{"href":"https:\/\/artapartamento.com\/zh\/wp-json\/wp\/v2\/media?parent=18827"}],"wp:term":[{"taxonomy":"category","embeddable":true,"href":"https:\/\/artapartamento.com\/zh\/wp-json\/wp\/v2\/categories?post=18827"},{"taxonomy":"post_tag","embeddable":true,"href":"https:\/\/artapartamento.com\/zh\/wp-json\/wp\/v2\/tags?post=18827"}],"curies":[{"name":"wp","href":"https:\/\/api.w.org\/{rel}","templated":true}]}}