{"id":18733,"date":"2026-01-24T12:27:38","date_gmt":"2026-01-24T11:27:38","guid":{"rendered":"https:\/\/artapartamento.com\/?page_id=18733"},"modified":"2026-01-24T12:44:07","modified_gmt":"2026-01-24T11:44:07","slug":"%e6%9a%b4%e9%a3%8e%e9%9b%a8%e3%80%81%e6%b1%a0%e5%a1%98%e5%92%8c%e6%9e%9c%e7%9b%98-2","status":"publish","type":"page","link":"https:\/\/artapartamento.com\/zh\/la-tormenta-el-estanque-y-el-frutero-2\/","title":{"rendered":"\u78e8\u635f\u9020\u6210\u7684\u5dee\u5f02"},"content":{"rendered":"<div data-elementor-type=\"wp-page\" data-elementor-id=\"18733\" class=\"elementor elementor-18733\" data-elementor-post-type=\"page\">\n\t\t\t\t<div class=\"elementor-element elementor-element-7710d976 e-con-full e-flex e-con e-parent\" data-id=\"7710d976\" data-element_type=\"container\" data-e-type=\"container\" data-settings=\"{&quot;background_background&quot;:&quot;classic&quot;}\">\n\t\t<div class=\"elementor-element elementor-element-894a75e e-con-full e-flex e-con e-child\" data-id=\"894a75e\" data-element_type=\"container\" data-e-type=\"container\">\n\t\t\t\t<div class=\"elementor-element elementor-element-506cc38c elementor-widget elementor-widget-image-carousel\" data-id=\"506cc38c\" data-element_type=\"widget\" data-e-type=\"widget\" data-settings=\"{&quot;slides_to_show&quot;:&quot;1&quot;,&quot;navigation&quot;:&quot;none&quot;,&quot;autoplay&quot;:&quot;yes&quot;,&quot;pause_on_hover&quot;:&quot;yes&quot;,&quot;pause_on_interaction&quot;:&quot;yes&quot;,&quot;autoplay_speed&quot;:5000,&quot;infinite&quot;:&quot;yes&quot;,&quot;effect&quot;:&quot;slide&quot;,&quot;speed&quot;:500}\" data-widget_type=\"image-carousel.default\">\n\t\t\t\t<div class=\"elementor-widget-container\">\n\t\t\t\t\t\t\t<div class=\"elementor-image-carousel-wrapper swiper\" role=\"region\" aria-roledescription=\"carousel\" aria-label=\"\u56fe\u50cf\u65cb\u8f6c\u6728\u9a6c\" dir=\"ltr\">\n\t\t\t<div class=\"elementor-image-carousel swiper-wrapper swiper-image-stretch\" aria-live=\"off\">\n\t\t\t\t\t\t\t\t<div class=\"swiper-slide\" role=\"group\" aria-roledescription=\"slide\" aria-label=\"2 \u7684 1\" data-no-translation-aria-label=\"\"><a data-elementor-open-lightbox=\"yes\" data-elementor-lightbox-slideshow=\"506cc38c\" data-e-action-hash=\"#elementor-action%3Aaction%3Dlightbox%26settings%3DeyJpZCI6MTg3MDYsInVybCI6Imh0dHBzOlwvXC9hcnRhcGFydGFtZW50by5jb21cL3dwLWNvbnRlbnRcL3VwbG9hZHNcLzIwMjZcLzAxXC9lbm1hcmNhZG9fZWRpY2lvbmVzLXNjYWxlZC5qcGcud2VicCIsInNsaWRlc2hvdyI6IjUwNmNjMzhjIn0%3D\" href=\"https:\/\/artapartamento.com\/wp-content\/uploads\/2026\/01\/enmarcado_ediciones-scaled.jpg.webp\"><figure class=\"swiper-slide-inner\"><img decoding=\"async\" class=\"swiper-slide-image\" src=\"https:\/\/artapartamento.com\/wp-content\/uploads\/2026\/01\/enmarcado_ediciones-scaled.jpg.webp\" alt=\"Eloy_Editions\" \/><\/figure><\/a><\/div><div class=\"swiper-slide\" role=\"group\" aria-roledescription=\"slide\" aria-label=\"2 \u7684 2\" data-no-translation-aria-label=\"\"><a data-elementor-open-lightbox=\"yes\" data-elementor-lightbox-slideshow=\"506cc38c\" data-e-action-hash=\"#elementor-action%3Aaction%3Dlightbox%26settings%3DeyJpZCI6MTg3MDcsInVybCI6Imh0dHBzOlwvXC9hcnRhcGFydGFtZW50by5jb21cL3dwLWNvbnRlbnRcL3VwbG9hZHNcLzIwMjZcLzAxXC9lbm1hcmNhZG9fZWRpY2lvbmVzMi1zY2FsZWQuanBnLndlYnAiLCJzbGlkZXNob3ciOiI1MDZjYzM4YyJ9\" href=\"https:\/\/artapartamento.com\/wp-content\/uploads\/2026\/01\/enmarcado_ediciones2-scaled.jpg.webp\"><figure class=\"swiper-slide-inner\"><img decoding=\"async\" class=\"swiper-slide-image\" src=\"https:\/\/artapartamento.com\/wp-content\/uploads\/2026\/01\/enmarcado_ediciones2-scaled.jpg.webp\" alt=\"Eloy_Editions\" \/><\/figure><\/a><\/div>\t\t\t<\/div>\n\t\t\t\t\t\t\t\n\t\t\t\t\t\t\t\t\t<\/div>\n\t\t\t\t\t\t<\/div>\n\t\t\t\t<\/div>\n\t\t\t\t<\/div>\n\t\t<div class=\"elementor-element elementor-element-5128bbbc e-con-full e-flex e-con e-child\" data-id=\"5128bbbc\" data-element_type=\"container\" data-e-type=\"container\">\n\t\t\t\t<div class=\"elementor-element elementor-element-1b0167f4 elementor-widget elementor-widget-heading\" data-id=\"1b0167f4\" data-element_type=\"widget\" data-e-type=\"widget\" data-widget_type=\"heading.default\">\n\t\t\t\t<div class=\"elementor-widget-container\">\n\t\t\t\t\t<h2 class=\"elementor-heading-title elementor-size-default\">\u57c3\u6d1b\u4f0a-\u963f\u91cc\u5df4\u65af<\/h2>\t\t\t\t<\/div>\n\t\t\t\t<\/div>\n\t\t\t\t<div class=\"elementor-element elementor-element-77621653 elementor-widget elementor-widget-text-editor\" data-id=\"77621653\" data-element_type=\"widget\" data-e-type=\"widget\" data-widget_type=\"text-editor.default\">\n\t\t\t\t<div class=\"elementor-widget-container\">\n\t\t\t\t\t\t\t\t\t<p><i>\u78e8\u635f\u9020\u6210\u7684\u5dee\u5f02\u3001,<\/i> 2026<br \/><span lang=\"ES-AR\">\u5728 320 \u514b\u7eb8\u4e0a\u8fdb\u884c\u624b\u5de5\u4e1d\u7f51\u5370\u5237\u548c\u4e19\u70ef\u9178\u5b9e\u9a8c\u3002<\/span><br \/>50 \u00d7 35 \u5398\u7c73\uff0819.69 \u00d7 13.78 \u82f1\u5bf8\uff09<br \/>\u7248\u672c 50 + 27 P\/A<\/p><p><b><span lang=\"ES-AR\">\u4e3b\u6253\u5370\u673a\uff1a <\/span><\/b>\u7eb3\u4e54-\u62c9\u83ab\u65af<\/p>\t\t\t\t\t\t\t\t<\/div>\n\t\t\t\t<\/div>\n\t\t\t\t<div class=\"elementor-element elementor-element-5e8e671a elementor-widget elementor-widget-text-editor\" data-id=\"5e8e671a\" data-element_type=\"widget\" data-e-type=\"widget\" data-widget_type=\"text-editor.default\">\n\t\t\t\t<div class=\"elementor-widget-container\">\n\t\t\t\t\t\t\t\t\t<div><h6><strong>\u8fc7\u7a0b\u6982\u5ff5\uff1a\u8bb0\u5f55\u65f6\u95f4\u548c\u884c\u52a8<\/strong><\/h6><\/div><div><p><span lang=\"ES-AR\">\u8be5\u7248\u672c\u88ab\u89c6\u4e3a\u4e00\u4ef6\u8fc7\u7a0b\u6027\u4f5c\u54c1\uff0c\u6bcf\u4efd\u526f\u672c\u90fd\u662f\u5370\u5237\u8fc7\u7a0b\u4e2d\u7279\u5b9a\u65f6\u523b\u7684\u7269\u8d28\u89c1\u8bc1\u3002\u4e0d\u540c\u7248\u672c\u4e4b\u95f4\u7684\u5dee\u5f02\u4e0d\u662f\u6280\u672f\u4e0a\u7684\u504f\u5dee\uff0c\u800c\u662f\u4f5c\u54c1\u7684\u6982\u5ff5\u6838\u5fc3\u3002.<\/span><\/p><\/div><div><p><span lang=\"ES-AR\">\u8fd9\u79cd\u65b9\u6cd5\u5e76\u4e0d\u8ffd\u6c42\u7edf\u4e00\u6216\u673a\u68b0\u7684\u91cd\u590d\uff0c\u800c\u662f\u8981\u5c55\u793a\u52a8\u4f5c\u3001\u65f6\u95f4\u7684\u6d41\u901d\u548c\u652f\u6491\u7269\u7684\u9010\u6e10\u53d8\u5316\u3002\u4e0e\u57c3\u6d1b\u4f0a-\u963f\u91cc\u5df4\u65af\uff08Eloy Arribas\uff09\u7684\u7ed8\u753b\u4e2d\u6839\u636e\u624b\u52bf\u7684\u8282\u594f\u6784\u5efa\u548c\u6539\u53d8\u5f62\u5f0f\u7684\u65b9\u5f0f\u76f8\u540c\uff0c\u5728\u8fd9\u4e2a\u4e1d\u7f51\u5370\u5237\u7cfb\u5217\u4e2d\uff0c\u6bcf\u5e45\u5370\u5237\u54c1\u90fd\u5305\u542b\u4e86\u4e00\u4e2a\u72ec\u7279\u7684\u5370\u8bb0\uff1a\u827a\u672f\u5bb6\u548c\u5370\u5237\u5546\u5171\u540c\u7684\u51b3\u5b9a\u4ee5\u53ca\u77e9\u9635\u7684\u6d3b\u751f\u751f\u7684\u53cd\u5e94\u3002.<\/span><\/p><\/div><div><p><span lang=\"ES-AR\">\u5c4f\u5e55\u7684\u78e8\u635f--\u7531\u66b4\u9732\u3001\u6f6e\u6e7f\u548c\u673a\u68b0\u91cd\u590d\u9020\u6210--\u5e76\u4e0d\u88ab\u7406\u89e3\u4e3a\u5931\u8d25\uff0c\u800c\u662f\u4e00\u4e2a\u89c6\u89c9\u548c\u6982\u5ff5\u4e8b\u4ef6\u3002\u7531\u6b64\u4ea7\u751f\u7684\u56fe\u50cf\u672c\u8eab\u5c31\u662f\u521b\u4f5c\u884c\u4e3a\u7684\u8bb0\u5f55\u3002.<\/span><\/p><h6><strong>\u6240\u7528\u7eb8\u5f20\u7684\u6280\u672f\u6570\u636e\u8868<\/strong><\/h6><p style=\"font-weight: 400;\">\u8be5\u7248\u672c\u4e0a\u5370\u6709 <strong>Freelife Vellum 320 \u514b\u7eb8<\/strong>, \u662f\u4e00\u79cd\u7531 55% \u7ecf FSC\u00ae \u8ba4\u8bc1\u7684\u7eaf\u7ea4\u7ef4\u7d20\u300140% \u7ecf FSC\u00ae \u8ba4\u8bc1\u7684\u518d\u751f\u7ea4\u7ef4\u548c 5% \u68c9\u7ea4\u7ef4\u7ec4\u6210\u7684\u4f18\u8d28\u7eb8\u5f20\u3002\u8fd9\u79cd\u6210\u5206\u5728\u63d0\u4f9b\u7ed3\u6784\u7a33\u5b9a\u6027\u3001\u5f3a\u5ea6\u548c\u7eb8\u8eab\u7684\u540c\u65f6\uff0c\u4e5f\u5e26\u6765\u4e86\u9ad8\u56de\u6536\u6210\u5206\u7eb8\u5f20\u7279\u6709\u7684\u8f7b\u5fae\u8272\u8c03\u53d8\u5316\u548c\u7ec6\u5c0f\u7684\u4e0d\u89c4\u5219\u6027\u3002.<\/p><p style=\"font-weight: 400;\">\u5176\u5927\u5b54\u548c\u7565\u5e26\u725b\u76ae\u7eb8\u7684\u8868\u9762\u6709\u5229\u4e8e\u6c34\u6027\u4e1d\u7f51\u5370\u5237\u6cb9\u58a8\u7684\u826f\u597d\u63a5\u6536\uff0c\u4f7f\u5176\u5177\u6709\u826f\u597d\u7684\u7535\u8377\u91cf\u3001\u5bf9\u6bd4\u5ea6\u548c\u6df1\u5ea6\uff0c\u540c\u65f6\u53c8\u4e0d\u5931\u6e05\u6670\u5ea6\u3002\u9009\u62e9\u8fd9\u79cd\u886c\u57ab\u589e\u5f3a\u4e86\u8be5\u7cfb\u5217\u7684\u5de5\u827a\u7279\u5f81\uff0c\u5e76\u5728\u56fe\u50cf\u3001\u6280\u672f\u548c\u6982\u5ff5\u4e4b\u95f4\u5efa\u7acb\u4e86\u6750\u6599\u7684\u4e00\u81f4\u6027\u3002.<\/p><h6><strong>\u65b9\u6cd5\u6570\u636e\u8868\uff08\u5c4f\u5e55\u548c\u5370\u5237\uff09<\/strong><\/h6><p style=\"font-weight: 400;\">\u4e1d\u7f51\u7248\u753b\u5171 50 \u5e45\uff0c\u6bcf\u5e45\u4f5c\u54c1\u90fd\u662f\u72ec\u4e00\u65e0\u4e8c\u7684\uff0c\u6bcf\u5e45\u4f5c\u54c1\u4e4b\u95f4\u7684\u5dee\u5f02\u90fd\u662f\u4f5c\u54c1\u7684\u7ec4\u6210\u90e8\u5206\u3002\u77e9\u9635\u7684\u9010\u6e10\u78e8\u635f\u88ab\u7528\u4f5c\u4e00\u79cd\u7f8e\u5b66\u548c\u6982\u5ff5\u8d44\u6e90\u3002.<\/p><h6><strong>\u6750\u6599<\/strong><\/h6><p style=\"font-weight: 400;\"><strong>\u58a8\u6c34<\/strong> \u6c34\u6027<\/p><p style=\"font-weight: 400;\"><strong>\u663e\u793a<\/strong> 62\u3001100 \u548c 120 \u652f\u7eb1\/\u5398\u7c73\u7f51\u773c<\/p><p style=\"font-weight: 400;\"><strong>\u4e73\u6db2\uff1a<\/strong> \u8010\u6eb6\u5242\u4e73\u5242\uff0c\u4ee5\u6545\u610f\u66dd\u5149\u4e0d\u8db3\u7684\u5f62\u5f0f\u4f7f\u7528<\/p><p style=\"font-weight: 400;\"><strong>\u62c9\u514b\u83b1\u5854<\/strong> \u4e2d\u7b49\u786c\u5ea6\uff08\u7ea6 75 \u90b5\u6c0f\u786c\u5ea6\uff09<\/p><p style=\"font-weight: 400;\"><strong>\u5c4f\u5e55\u536b\u751f<\/strong> \u4e24\u4efd\u4e4b\u95f4\u65e0\u9700\u6e05\u6d17\uff1b\u70b9\u72b6\u8868\u9762\u6e05\u6d01<\/p><h6><strong>\u7f51\u683c\u6218\u7565<\/strong><\/h6><p style=\"font-weight: 400;\"><strong>62 \u7ebf\/\u5398\u7c73\uff1a<\/strong> \u7cfb\u5217\u7684\u5f00\u59cb\u3002\u58a8\u8ff9\u6c89\u79ef\u548c\u5f00\u5c4f\u8f83\u5927\uff0c\u78e8\u635f\u8f83\u5feb\uff0c\u4ece\u7b2c\u4e00\u5370\u8c61\u5f00\u59cb\u5c31\u6709\u660e\u663e\u7684\u7eb9\u7406\u3002.<\/p><p style=\"font-weight: 400;\"><strong>100 \u7ebf\/\u5398\u7c73\uff1a<\/strong> \u4e2d\u95f4\u9636\u6bb5\u3002\u5728\u6e05\u6670\u5ea6\u548c\u8870\u51cf\u4e4b\u95f4\u53d6\u5f97\u5e73\u8861\uff0c\u4f7f\u56fe\u50cf\u9010\u6b65\u8fc7\u6e21\u3002.<\/p><p style=\"font-weight: 400;\"><strong>120 \u7ebf\/\u5398\u7c73\uff1a<\/strong> \u6700\u540e\u9636\u6bb5\u3002\u7ec6\u8282\u66f4\u7cbe\u7ec6\uff0c\u78e8\u635f\u66f4\u53ef\u63a7\uff0c\u56fe\u50cf\u9010\u6e10\u53d8\u6de1\u3002.<\/p><h6><strong>\u5370\u5237\u5de5\u827a<\/strong><\/h6><p style=\"font-weight: 400;\">\u8fd0\u884c\u8fc7\u7a0b\u5206\u9636\u6bb5\u8fdb\u884c\uff0c\u6539\u53d8\u538b\u529b\u3001\u522e\u5200\u89d2\u5ea6\u548c\u6e7f\u5ea6\u6c34\u5e73\uff0c\u4ee5\u52a0\u5f3a\u6216\u51cf\u7f13\u57fa\u4f53\u7684\u964d\u89e3\u3002\u5728\u5927\u90e8\u5206\u8fc7\u7a0b\u4e2d\uff0c\u94a2\u7f51\u90fd\u4fdd\u6301\u5fae\u6e7f\u72b6\u6001\uff0c\u4ee5\u4fc3\u8fdb\u6301\u7eed\u964d\u89e3\uff0c\u907f\u514d\u8fc7\u65e9\u584c\u9677\u3002.<\/p><\/div>\t\t\t\t\t\t\t\t<\/div>\n\t\t\t\t<\/div>\n\t\t\t\t<div class=\"elementor-element elementor-element-1deddafe elementor-align-left elementor-widget elementor-widget-button\" data-id=\"1deddafe\" data-element_type=\"widget\" data-e-type=\"widget\" data-widget_type=\"button.default\">\n\t\t\t\t<div class=\"elementor-widget-container\">\n\t\t\t\t\t\t\t\t\t<div class=\"elementor-button-wrapper\">\n\t\t\t\t\t<a class=\"elementor-button elementor-size-sm\" role=\"button\">\n\t\t\t\t\t\t<span class=\"elementor-button-content-wrapper\">\n\t\t\t\t\t\t\t\t\t<span class=\"elementor-button-text\">\u54a8\u8be2<\/span>\n\t\t\t\t\t<\/span>\n\t\t\t\t\t<\/a>\n\t\t\t\t<\/div>\n\t\t\t\t\t\t\t\t<\/div>\n\t\t\t\t<\/div>\n\t\t\t\t<\/div>\n\t\t\t\t<\/div>\n\t\t\t\t<\/div>","protected":false},"excerpt":{"rendered":"<p>Eloy Arribas Variaciones por desgaste, 2026Serigraf\u00eda manual experimental y acr\u00edlico sobre papel 320 gr50 \u00d7 35 cm (19,69 \u00d7 13,78 in)Edici\u00f3n de 50 + 27 P\/A Maestro impresor: Nacho Ramos Concepto del proceso: registro del tiempo y de la acci\u00f3n Esta edici\u00f3n se concibe como una obra procesual en la que cada ejemplar funciona como [&hellip;]<\/p>\n","protected":false},"author":1,"featured_media":18706,"parent":0,"menu_order":0,"comment_status":"closed","ping_status":"closed","template":"","meta":{"_acf_changed":false,"footnotes":"","_links_to":"","_links_to_target":""},"categories":[95,90],"tags":[65],"class_list":["post-18733","page","type-page","status-publish","has-post-thumbnail","hentry","category-ediciones","category-eloy-arribas","tag-obra","post","post-with-thumbnail","post-with-thumbnail-large"],"acf":[],"aioseo_notices":[],"_links":{"self":[{"href":"https:\/\/artapartamento.com\/zh\/wp-json\/wp\/v2\/pages\/18733","targetHints":{"allow":["GET"]}}],"collection":[{"href":"https:\/\/artapartamento.com\/zh\/wp-json\/wp\/v2\/pages"}],"about":[{"href":"https:\/\/artapartamento.com\/zh\/wp-json\/wp\/v2\/types\/page"}],"author":[{"embeddable":true,"href":"https:\/\/artapartamento.com\/zh\/wp-json\/wp\/v2\/users\/1"}],"replies":[{"embeddable":true,"href":"https:\/\/artapartamento.com\/zh\/wp-json\/wp\/v2\/comments?post=18733"}],"version-history":[{"count":0,"href":"https:\/\/artapartamento.com\/zh\/wp-json\/wp\/v2\/pages\/18733\/revisions"}],"wp:featuredmedia":[{"embeddable":true,"href":"https:\/\/artapartamento.com\/zh\/wp-json\/wp\/v2\/media\/18706"}],"wp:attachment":[{"href":"https:\/\/artapartamento.com\/zh\/wp-json\/wp\/v2\/media?parent=18733"}],"wp:term":[{"taxonomy":"category","embeddable":true,"href":"https:\/\/artapartamento.com\/zh\/wp-json\/wp\/v2\/categories?post=18733"},{"taxonomy":"post_tag","embeddable":true,"href":"https:\/\/artapartamento.com\/zh\/wp-json\/wp\/v2\/tags?post=18733"}],"curies":[{"name":"wp","href":"https:\/\/api.w.org\/{rel}","templated":true}]}}