{"id":18722,"date":"2026-01-24T12:14:12","date_gmt":"2026-01-24T11:14:12","guid":{"rendered":"https:\/\/artapartamento.com\/?page_id=18722"},"modified":"2026-01-24T12:49:12","modified_gmt":"2026-01-24T11:49:12","slug":"%e6%ac%a2%e5%a4%a9%e5%96%9c%e5%9c%b0","status":"publish","type":"page","link":"https:\/\/artapartamento.com\/zh\/a-happy-day\/","title":{"rendered":"\u5feb\u4e50\u7684\u4e00\u5929"},"content":{"rendered":"<div data-elementor-type=\"wp-page\" data-elementor-id=\"18722\" class=\"elementor elementor-18722\" data-elementor-post-type=\"page\">\n\t\t\t\t<div class=\"elementor-element elementor-element-68a62ff1 e-con-full e-flex e-con e-parent\" data-id=\"68a62ff1\" data-element_type=\"container\" data-e-type=\"container\" data-settings=\"{&quot;background_background&quot;:&quot;classic&quot;}\">\n\t\t<div class=\"elementor-element elementor-element-75feb5d5 e-con-full e-flex e-con e-child\" data-id=\"75feb5d5\" data-element_type=\"container\" data-e-type=\"container\">\n\t\t\t\t<div class=\"elementor-element elementor-element-5cea6dbd elementor-widget elementor-widget-image-carousel\" data-id=\"5cea6dbd\" data-element_type=\"widget\" data-e-type=\"widget\" data-settings=\"{&quot;slides_to_show&quot;:&quot;1&quot;,&quot;navigation&quot;:&quot;none&quot;,&quot;autoplay&quot;:&quot;yes&quot;,&quot;pause_on_hover&quot;:&quot;yes&quot;,&quot;pause_on_interaction&quot;:&quot;yes&quot;,&quot;autoplay_speed&quot;:5000,&quot;infinite&quot;:&quot;yes&quot;,&quot;effect&quot;:&quot;slide&quot;,&quot;speed&quot;:500}\" data-widget_type=\"image-carousel.default\">\n\t\t\t\t<div class=\"elementor-widget-container\">\n\t\t\t\t\t\t\t<div class=\"elementor-image-carousel-wrapper swiper\" role=\"region\" aria-roledescription=\"carousel\" aria-label=\"\u56fe\u50cf\u65cb\u8f6c\u6728\u9a6c\" dir=\"ltr\">\n\t\t\t<div class=\"elementor-image-carousel swiper-wrapper swiper-image-stretch\" aria-live=\"off\">\n\t\t\t\t\t\t\t\t<div class=\"swiper-slide\" role=\"group\" aria-roledescription=\"slide\" aria-label=\"1 de 1\" data-no-translation-aria-label=\"\"><a data-elementor-open-lightbox=\"yes\" data-elementor-lightbox-slideshow=\"5cea6dbd\" data-e-action-hash=\"#elementor-action%3Aaction%3Dlightbox%26settings%3DeyJpZCI6MTg3MDksInVybCI6Imh0dHBzOlwvXC9hcnRhcGFydGFtZW50by5jb21cL3dwLWNvbnRlbnRcL3VwbG9hZHNcLzIwMjZcLzAxXC9lbm1hcmNhZG9fZWRpY2lvbmVzNC1zY2FsZWQuanBnLndlYnAiLCJzbGlkZXNob3ciOiI1Y2VhNmRiZCJ9\" href=\"https:\/\/artapartamento.com\/wp-content\/uploads\/2026\/01\/enmarcado_ediciones4-scaled.jpg.webp\"><figure class=\"swiper-slide-inner\"><img decoding=\"async\" class=\"swiper-slide-image\" src=\"https:\/\/artapartamento.com\/wp-content\/uploads\/2026\/01\/enmarcado_ediciones4-scaled.jpg.webp\" alt=\"Novo_Editions\" \/><\/figure><\/a><\/div>\t\t\t<\/div>\n\t\t\t\t\t<\/div>\n\t\t\t\t\t\t<\/div>\n\t\t\t\t<\/div>\n\t\t\t\t<\/div>\n\t\t<div class=\"elementor-element elementor-element-356a719e e-con-full e-flex e-con e-child\" data-id=\"356a719e\" data-element_type=\"container\" data-e-type=\"container\">\n\t\t\t\t<div class=\"elementor-element elementor-element-1cbe5d31 elementor-widget elementor-widget-heading\" data-id=\"1cbe5d31\" data-element_type=\"widget\" data-e-type=\"widget\" data-widget_type=\"heading.default\">\n\t\t\t\t<div class=\"elementor-widget-container\">\n\t\t\t\t\t<h2 class=\"elementor-heading-title elementor-size-default\">\u96f7\u5c3c\u8036-\u83b1\u74e6-\u8bfa\u6c83<\/h2>\t\t\t\t<\/div>\n\t\t\t\t<\/div>\n\t\t\t\t<div class=\"elementor-element elementor-element-3c06db77 elementor-widget elementor-widget-text-editor\" data-id=\"3c06db77\" data-element_type=\"widget\" data-e-type=\"widget\" data-widget_type=\"text-editor.default\">\n\t\t\t\t<div class=\"elementor-widget-container\">\n\t\t\t\t\t\t\t\t\t<p><i>\u5feb\u4e50\u7684\u4e00\u5929,<\/i> 2025<br \/><span lang=\"ES-AR\">\u5728 320 \u514b\u7eb8\u4e0a\u624b\u5de5\u4e1d\u7f51\u5370\u5237<\/span><br \/>50 \u00d7 35 \u5398\u7c73\uff0819.69 \u00d7 13.78 \u82f1\u5bf8\uff09<br \/>50 \u7248 + 2 P\/A<\/p><p><b><span lang=\"ES-AR\">\u4e3b\u6253\u5370\u673a\uff1a <\/span><\/b>\u7eb3\u4e54-\u62c9\u83ab\u65af<\/p>\t\t\t\t\t\t\t\t<\/div>\n\t\t\t\t<\/div>\n\t\t\t\t<div class=\"elementor-element elementor-element-b964ca1 elementor-widget elementor-widget-text-editor\" data-id=\"b964ca1\" data-element_type=\"widget\" data-e-type=\"widget\" data-widget_type=\"text-editor.default\">\n\t\t\t\t<div class=\"elementor-widget-container\">\n\t\t\t\t\t\t\t\t\t<h6>\u6240\u7528\u7eb8\u5f20\u7684\u6280\u672f\u6570\u636e\u8868<\/h6><p>\u8be5\u7248\u672c\u4e0a\u5370\u6709 <strong>Freelife Vellum 320 \u514b\u7eb8<\/strong>, \u662f\u4e00\u79cd\u7531 55% \u7ecf FSC\u00ae \u8ba4\u8bc1\u7684\u7eaf\u7ea4\u7ef4\u7d20\u300140% \u7ecf FSC\u00ae \u8ba4\u8bc1\u7684\u518d\u751f\u7ea4\u7ef4\u548c 5% \u68c9\u7ea4\u7ef4\u7ec4\u6210\u7684\u4f18\u8d28\u7eb8\u5f20\u3002\u8fd9\u79cd\u6210\u5206\u5728\u63d0\u4f9b\u7ed3\u6784\u7a33\u5b9a\u6027\u3001\u5f3a\u5ea6\u548c\u7eb8\u8eab\u7684\u540c\u65f6\uff0c\u4e5f\u5e26\u6765\u4e86\u9ad8\u56de\u6536\u6210\u5206\u7eb8\u5f20\u7279\u6709\u7684\u8f7b\u5fae\u8272\u8c03\u53d8\u5316\u548c\u7ec6\u5c0f\u7684\u4e0d\u89c4\u5219\u6027\u3002.<\/p><p style=\"font-weight: 400;\">\u5176\u5927\u5b54\u548c\u7565\u5e26\u725b\u76ae\u7eb8\u7684\u8868\u9762\u6709\u5229\u4e8e\u6c34\u6027\u4e1d\u7f51\u5370\u5237\u6cb9\u58a8\u7684\u826f\u597d\u63a5\u6536\uff0c\u4f7f\u5176\u5177\u6709\u826f\u597d\u7684\u7535\u8377\u91cf\u3001\u5bf9\u6bd4\u5ea6\u548c\u6df1\u5ea6\uff0c\u540c\u65f6\u53c8\u4e0d\u5931\u6e05\u6670\u5ea6\u3002\u9009\u62e9\u8fd9\u79cd\u886c\u57ab\u589e\u5f3a\u4e86\u8be5\u7cfb\u5217\u7684\u5de5\u827a\u7279\u5f81\uff0c\u5e76\u5728\u56fe\u50cf\u3001\u6280\u672f\u548c\u6982\u5ff5\u4e4b\u95f4\u5efa\u7acb\u4e86\u6750\u6599\u7684\u4e00\u81f4\u6027\u3002.<\/p><h6><strong>\u65b9\u6cd5\u6570\u636e\u8868\uff08\u5c4f\u5e55\u548c\u5370\u5237\uff09<\/strong><\/h6><p style=\"font-weight: 400;\">\u4e1d\u7f51\u7248 50 \u518c\uff0c\u4ee5\u6280\u672f\u63a7\u5236\u3001\u652f\u6301\u7a33\u5b9a\u6027\u548c\u5f62\u5f0f\u5b9a\u4e49\u4e3a\u6807\u51c6\u8fdb\u884c\u6784\u601d\u3002\u8be5\u65b9\u6cd5\u4ee5\u7cbe\u786e\u7684\u56fe\u5f62\u4e3a\u5bfc\u5411\uff0c\u4e0d\u540c\u7248\u672c\u4e4b\u95f4\u4e0d\u5b58\u5728\u4f5c\u4e3a\u5ba1\u7f8e\u8d44\u6e90\u7684\u5dee\u5f02\u3002.<\/p><h6><strong>\u6750\u6599<\/strong><\/h6><p><strong>\u58a8\u6c34<\/strong> \u6c34\u6027<br \/><strong>\u663e\u793a<\/strong> 120 \u548c 100 \u76ee\/\u5398\u7c73<br \/><strong>\u4e73\u6db2\uff1a<\/strong> \u9ad8\u6e05\u611f\u5149\u4e73\u5242<br \/><strong>\u62c9\u514b\u83b1\u5854<\/strong> \u4e2d\u7b49\u786c\u5ea6\uff08\u7ea6 75 \u90b5\u6c0f\u786c\u5ea6\uff09<\/p><h6><strong>\u5370\u5237\u5de5\u827a<\/strong><\/h6><p style=\"font-weight: 400;\">\u5370\u5237\u4e00\u6b21\u5b8c\u6210\u3002\u5bf9\u538b\u529b\u3001\u522e\u5200\u89d2\u5ea6\u548c\u6e7f\u5ea6\u8fdb\u884c\u4e86\u63a7\u5236\uff0c\u4ee5\u786e\u4fdd\u8272\u5f69\u7684\u4e00\u81f4\u6027\u3001\u7eb8\u5f20\u5c3a\u5bf8\u7684\u7a33\u5b9a\u6027\u4ee5\u53ca\u4e0d\u540c\u526f\u672c\u4e4b\u95f4\u7684\u5747\u5300\u6027\u3002.<br \/>\u8fd9\u4e00\u8fc7\u7a0b\u5c06\u5f62\u5f0f\u6e05\u6670\u3001\u5f62\u8c61\u7b80\u6d01\u548c\u6280\u672f\u63a7\u5236\u4f5c\u4e3a\u4f5c\u54c1\u7684\u7ed3\u6784\u4ef7\u503c\u3002.<\/p>\t\t\t\t\t\t\t\t<\/div>\n\t\t\t\t<\/div>\n\t\t\t\t<div class=\"elementor-element elementor-element-92df0c9 elementor-align-left elementor-widget elementor-widget-button\" data-id=\"92df0c9\" data-element_type=\"widget\" data-e-type=\"widget\" data-widget_type=\"button.default\">\n\t\t\t\t<div class=\"elementor-widget-container\">\n\t\t\t\t\t\t\t\t\t<div class=\"elementor-button-wrapper\">\n\t\t\t\t\t<a class=\"elementor-button elementor-size-sm\" role=\"button\">\n\t\t\t\t\t\t<span class=\"elementor-button-content-wrapper\">\n\t\t\t\t\t\t\t\t\t<span class=\"elementor-button-text\">\u54a8\u8be2<\/span>\n\t\t\t\t\t<\/span>\n\t\t\t\t\t<\/a>\n\t\t\t\t<\/div>\n\t\t\t\t\t\t\t\t<\/div>\n\t\t\t\t<\/div>\n\t\t\t\t<\/div>\n\t\t\t\t<\/div>\n\t\t\t\t<\/div>","protected":false},"excerpt":{"rendered":"<p>Reynier Leyva Novo A Happy Day, 2025Serigraf\u00eda manual sobre papel 320 gr50 \u00d7 35 cm (19,69 \u00d7 13,78 in)Edici\u00f3n de 50 + 2 P\/A Maestro impresor: Nacho Ramos Ficha t\u00e9cnica del papel utilizado La edici\u00f3n ha sido estampada sobre papel Freelife Vellum de 320 g\/m\u00b2, un papel de alta calidad compuesto por 55% de pura [&hellip;]<\/p>\n","protected":false},"author":1,"featured_media":18709,"parent":0,"menu_order":0,"comment_status":"closed","ping_status":"closed","template":"","meta":{"_acf_changed":false,"footnotes":"","_links_to":"","_links_to_target":""},"categories":[95],"tags":[65],"class_list":["post-18722","page","type-page","status-publish","has-post-thumbnail","hentry","category-ediciones","tag-obra","post","post-with-thumbnail","post-with-thumbnail-large"],"acf":[],"aioseo_notices":[],"_links":{"self":[{"href":"https:\/\/artapartamento.com\/zh\/wp-json\/wp\/v2\/pages\/18722","targetHints":{"allow":["GET"]}}],"collection":[{"href":"https:\/\/artapartamento.com\/zh\/wp-json\/wp\/v2\/pages"}],"about":[{"href":"https:\/\/artapartamento.com\/zh\/wp-json\/wp\/v2\/types\/page"}],"author":[{"embeddable":true,"href":"https:\/\/artapartamento.com\/zh\/wp-json\/wp\/v2\/users\/1"}],"replies":[{"embeddable":true,"href":"https:\/\/artapartamento.com\/zh\/wp-json\/wp\/v2\/comments?post=18722"}],"version-history":[{"count":0,"href":"https:\/\/artapartamento.com\/zh\/wp-json\/wp\/v2\/pages\/18722\/revisions"}],"wp:featuredmedia":[{"embeddable":true,"href":"https:\/\/artapartamento.com\/zh\/wp-json\/wp\/v2\/media\/18709"}],"wp:attachment":[{"href":"https:\/\/artapartamento.com\/zh\/wp-json\/wp\/v2\/media?parent=18722"}],"wp:term":[{"taxonomy":"category","embeddable":true,"href":"https:\/\/artapartamento.com\/zh\/wp-json\/wp\/v2\/categories?post=18722"},{"taxonomy":"post_tag","embeddable":true,"href":"https:\/\/artapartamento.com\/zh\/wp-json\/wp\/v2\/tags?post=18722"}],"curies":[{"name":"wp","href":"https:\/\/api.w.org\/{rel}","templated":true}]}}