{"id":12344,"date":"2024-07-30T17:31:15","date_gmt":"2024-07-30T15:31:15","guid":{"rendered":"https:\/\/artapartamento.com\/?page_id=12344"},"modified":"2024-07-30T17:34:13","modified_gmt":"2024-07-30T15:34:13","slug":"10-%e6%9c%88%e8%b0%9c%e9%a2%98%e7%b3%bb%e5%88%97","status":"publish","type":"page","link":"https:\/\/artapartamento.com\/zh\/10-de-octubre-de-la-serie-puzzles\/","title":{"rendered":"10 \u6708 10 \u65e5\uff0c\u6765\u81ea\u8c1c\u9898\u7cfb\u5217"},"content":{"rendered":"<div data-elementor-type=\"wp-page\" data-elementor-id=\"12344\" class=\"elementor elementor-12344\" data-elementor-post-type=\"page\">\n\t\t\t\t<div class=\"elementor-element elementor-element-2b4f66ac e-con-full e-flex e-con e-parent\" data-id=\"2b4f66ac\" data-element_type=\"container\" data-e-type=\"container\" data-settings=\"{&quot;background_background&quot;:&quot;classic&quot;}\">\n\t\t<div class=\"elementor-element elementor-element-72ad283e e-con-full e-flex e-con e-child\" data-id=\"72ad283e\" data-element_type=\"container\" data-e-type=\"container\">\n\t\t\t\t<div class=\"elementor-element elementor-element-23cc3412 elementor-widget elementor-widget-image-carousel\" data-id=\"23cc3412\" data-element_type=\"widget\" data-e-type=\"widget\" data-settings=\"{&quot;slides_to_show&quot;:&quot;1&quot;,&quot;navigation&quot;:&quot;none&quot;,&quot;autoplay&quot;:&quot;yes&quot;,&quot;pause_on_hover&quot;:&quot;yes&quot;,&quot;pause_on_interaction&quot;:&quot;yes&quot;,&quot;autoplay_speed&quot;:5000,&quot;infinite&quot;:&quot;yes&quot;,&quot;effect&quot;:&quot;slide&quot;,&quot;speed&quot;:500}\" data-widget_type=\"image-carousel.default\">\n\t\t\t\t<div class=\"elementor-widget-container\">\n\t\t\t\t\t\t\t<div class=\"elementor-image-carousel-wrapper swiper\" role=\"region\" aria-roledescription=\"carousel\" aria-label=\"\u56fe\u50cf\u8f6e\u64ad\" dir=\"ltr\">\n\t\t\t<div class=\"elementor-image-carousel swiper-wrapper swiper-image-stretch\" aria-live=\"off\">\n\t\t\t\t\t\t\t\t<div class=\"swiper-slide\" role=\"group\" aria-roledescription=\"slide\" aria-label=\"4 \u7684 1\" data-no-translation-aria-label=\"\"><a data-elementor-open-lightbox=\"yes\" data-elementor-lightbox-slideshow=\"23cc3412\" data-e-action-hash=\"#elementor-action%3Aaction%3Dlightbox%26settings%3DeyJpZCI6MTIzMzMsInVybCI6Imh0dHBzOlwvXC9hcnRhcGFydGFtZW50by5jb21cL3dwLWNvbnRlbnRcL3VwbG9hZHNcLzIwMjRcLzA3XC9QdXp6bGUtMTAtZGUtb2N0dWJyZV9PQUstc2NhbGVkLmpwZy53ZWJwIiwic2xpZGVzaG93IjoiMjNjYzM0MTIifQ%3D%3D\" href=\"https:\/\/artapartamento.com\/wp-content\/uploads\/2024\/07\/Puzzle-10-de-octubre_OAK-scaled.jpg.webp\"><figure class=\"swiper-slide-inner\"><img decoding=\"async\" class=\"swiper-slide-image\" src=\"https:\/\/artapartamento.com\/wp-content\/uploads\/2024\/07\/Puzzle-10-de-octubre_OAK-scaled.jpg.webp\" alt=\"\u5361\u6d1b\u65af-\u52a0\u8d56\u79d1\u963f\" \/><\/figure><\/a><\/div><div class=\"swiper-slide\" role=\"group\" aria-roledescription=\"slide\" aria-label=\"4 \u7684 2\" data-no-translation-aria-label=\"\"><a data-elementor-open-lightbox=\"yes\" data-elementor-lightbox-slideshow=\"23cc3412\" data-e-action-hash=\"#elementor-action%3Aaction%3Dlightbox%26settings%3DeyJpZCI6MTIzMzAsInVybCI6Imh0dHBzOlwvXC9hcnRhcGFydGFtZW50by5jb21cL3dwLWNvbnRlbnRcL3VwbG9hZHNcLzIwMjRcLzA3XC9QdXp6bGUtMTAtZGUtb2N0dWJyZV9EZXRhbGxlLTFfT0FLLV9zbS5qcGcud2VicCIsInNsaWRlc2hvdyI6IjIzY2MzNDEyIn0%3D\" href=\"https:\/\/artapartamento.com\/wp-content\/uploads\/2024\/07\/Puzzle-10-de-octubre_Detalle-1_OAK-_sm.jpg.webp\"><figure class=\"swiper-slide-inner\"><img decoding=\"async\" class=\"swiper-slide-image\" src=\"https:\/\/artapartamento.com\/wp-content\/uploads\/2024\/07\/Puzzle-10-de-octubre_Detalle-1_OAK-_sm.jpg.webp\" alt=\"\u5361\u6d1b\u65af-\u52a0\u8d56\u79d1\u963f\" \/><\/figure><\/a><\/div><div class=\"swiper-slide\" role=\"group\" aria-roledescription=\"slide\" aria-label=\"4 \u7684 3\" data-no-translation-aria-label=\"\"><a data-elementor-open-lightbox=\"yes\" data-elementor-lightbox-slideshow=\"23cc3412\" data-e-action-hash=\"#elementor-action%3Aaction%3Dlightbox%26settings%3DeyJpZCI6MTIzMjksInVybCI6Imh0dHBzOlwvXC9hcnRhcGFydGFtZW50by5jb21cL3dwLWNvbnRlbnRcL3VwbG9hZHNcLzIwMjRcLzA3XC8xNy5qcGcud2VicCIsInNsaWRlc2hvdyI6IjIzY2MzNDEyIn0%3D\" href=\"https:\/\/artapartamento.com\/wp-content\/uploads\/2024\/07\/17.jpg.webp\"><figure class=\"swiper-slide-inner\"><img decoding=\"async\" class=\"swiper-slide-image\" src=\"https:\/\/artapartamento.com\/wp-content\/uploads\/2024\/07\/17.jpg.webp\" alt=\"\u5361\u6d1b\u65af-\u52a0\u8d56\u79d1\u963f\" \/><\/figure><\/a><\/div><div class=\"swiper-slide\" role=\"group\" aria-roledescription=\"slide\" aria-label=\"4 \u7684 4\" data-no-translation-aria-label=\"\"><a data-elementor-open-lightbox=\"yes\" data-elementor-lightbox-slideshow=\"23cc3412\" data-e-action-hash=\"#elementor-action%3Aaction%3Dlightbox%26settings%3DeyJpZCI6MTIzMjgsInVybCI6Imh0dHBzOlwvXC9hcnRhcGFydGFtZW50by5jb21cL3dwLWNvbnRlbnRcL3VwbG9hZHNcLzIwMjRcLzA3XC8xNi5qcGcud2VicCIsInNsaWRlc2hvdyI6IjIzY2MzNDEyIn0%3D\" href=\"https:\/\/artapartamento.com\/wp-content\/uploads\/2024\/07\/16.jpg.webp\"><figure class=\"swiper-slide-inner\"><img decoding=\"async\" class=\"swiper-slide-image\" src=\"https:\/\/artapartamento.com\/wp-content\/uploads\/2024\/07\/16.jpg.webp\" alt=\"\u5361\u6d1b\u65af-\u52a0\u8d56\u79d1\u963f\" \/><\/figure><\/a><\/div>\t\t\t<\/div>\n\t\t\t\t\t\t\t\n\t\t\t\t\t\t\t\t\t<\/div>\n\t\t\t\t\t\t<\/div>\n\t\t\t\t<\/div>\n\t\t\t\t<\/div>\n\t\t<div class=\"elementor-element elementor-element-2e0e4b0c e-con-full e-flex e-con e-child\" data-id=\"2e0e4b0c\" data-element_type=\"container\" data-e-type=\"container\">\n\t\t\t\t<div class=\"elementor-element elementor-element-5ff64cbf elementor-widget elementor-widget-heading\" data-id=\"5ff64cbf\" data-element_type=\"widget\" data-e-type=\"widget\" data-widget_type=\"heading.default\">\n\t\t\t\t<div class=\"elementor-widget-container\">\n\t\t\t\t\t<h2 class=\"elementor-heading-title elementor-size-default\"><a href=\"https:\/\/artapartamento.com\/zh\/category\/artistas\/carlos-garaicoa\/\" rel=\"tag\">\u5361\u6d1b\u65af-\u52a0\u8d56\u79d1\u963f<\/a><\/h2>\t\t\t\t<\/div>\n\t\t\t\t<\/div>\n\t\t\t\t<div class=\"elementor-element elementor-element-5a0f2493 elementor-widget elementor-widget-text-editor\" data-id=\"5a0f2493\" data-element_type=\"widget\" data-e-type=\"widget\" data-widget_type=\"text-editor.default\">\n\t\t\t\t<div class=\"elementor-widget-container\">\n\t\t\t\t\t\t\t\t\t<p>10 \u6708 10 \u65e5\uff0c\u9009\u81ea\u300a\u8c1c\u9898\u300b\u7cfb\u5217\uff0c2022 \u5e74<br \/>\u9ed1\u767d\u7167\u7247\u5370\u5728\u62fc\u56fe\u4e0a\uff0c\u7167\u7247\u5c42\u538b\u5728 Dibond\u3001\u6728\u6750\u548c\u6709\u673a\u73bb\u7483\u4e0a\u3002<br \/>\u00a068 x 96 x 12.5 \u5398\u7c73\uff0826.8 x 37.8 x 5 \u82f1\u5bf8\uff09<\/p>\t\t\t\t\t\t\t\t<\/div>\n\t\t\t\t<\/div>\n\t\t\t\t<div class=\"elementor-element elementor-element-7bec31aa elementor-widget elementor-widget-text-editor\" data-id=\"7bec31aa\" data-element_type=\"widget\" data-e-type=\"widget\" data-widget_type=\"text-editor.default\">\n\t\t\t\t<div class=\"elementor-widget-container\">\n\t\t\t\t\t\t\t\t\t<p>\u5361\u6d1b\u65af-\u52a0\u8d56\u79d1\u4e9a\u7684\u4f5c\u54c1\u5728\u827a\u672f\u548c\u57ce\u5e02\u7a7a\u95f4\u4e4b\u95f4\u5c55\u5f00\u5bf9\u8bdd\uff0c\u5e76\u901a\u8fc7\u8fd9\u79cd\u5bf9\u8bdd\u7814\u7a76\u5f53\u4ee3\u57ce\u5e02\u7684\u7ed3\u6784\u3002Garaicoa \u91c7\u7528\u591a\u5b66\u79d1\u65b9\u6cd5\uff0c\u901a\u8fc7\u5bf9\u5efa\u7b51\u3001\u57ce\u5e02\u89c4\u5212\u548c\u5386\u53f2\u7684\u7814\u7a76\u6765\u63a2\u8ba8\u6587\u5316\u548c\u653f\u6cbb\u95ee\u9898\u3002\u4ed6\u7684\u4e3b\u8981\u4e13\u9898\u4e2d\u5fc3\u4e4b\u4e00\u4e00\u76f4\u662f\u9769\u547d\u540e\u7684\u54c8\u74e6\u90a3\uff0c\u4ed6\u7684\u5927\u90e8\u5206\u4f5c\u54c1\u90fd\u662f\u5728\u90a3\u91cc\u521b\u4f5c\u7684\uff0c\u4ed6\u4eb2\u773c\u76ee\u7779\u4e86\u54c8\u74e6\u90a3\u7684\u57ce\u5e02\u6076\u5316\u3002\u901a\u8fc7\u96d5\u5851\u3001\u7ed8\u753b\u3001\u5f55\u50cf\u3001\u6444\u5f71\u548c\u88c5\u7f6e\u827a\u672f\uff0c\u827a\u672f\u5bb6\u4ee5\u53d9\u8ff0\u548c\u6279\u5224\u7684\u65b9\u5f0f\u63a2\u8ba8\u4e86\u73b0\u4ee3\u4e3b\u4e49\u4e4c\u6258\u90a6\u5efa\u7b51\u548c 20 \u4e16\u7eaa\u4e3b\u8981\u610f\u8bc6\u5f62\u6001\u7684\u5d29\u6e83\u3002<\/p>\t\t\t\t\t\t\t\t<\/div>\n\t\t\t\t<\/div>\n\t\t\t\t<div class=\"elementor-element elementor-element-4530038b elementor-align-left elementor-widget elementor-widget-button\" data-id=\"4530038b\" data-element_type=\"widget\" data-e-type=\"widget\" data-widget_type=\"button.default\">\n\t\t\t\t<div class=\"elementor-widget-container\">\n\t\t\t\t\t\t\t\t\t<div class=\"elementor-button-wrapper\">\n\t\t\t\t\t<a class=\"elementor-button elementor-size-sm\" role=\"button\">\n\t\t\t\t\t\t<span class=\"elementor-button-content-wrapper\">\n\t\t\t\t\t\t\t\t\t<span class=\"elementor-button-text\">\u54a8\u8be2<\/span>\n\t\t\t\t\t<\/span>\n\t\t\t\t\t<\/a>\n\t\t\t\t<\/div>\n\t\t\t\t\t\t\t\t<\/div>\n\t\t\t\t<\/div>\n\t\t\t\t<\/div>\n\t\t\t\t<\/div>\n\t\t\t\t<\/div>","protected":false},"excerpt":{"rendered":"<p>10 de octubre, de la serie Puzzles, 2022Foto B\/N impresa en puzzle, foto laminada en Dibond, madera, plexigl\u00e1s.\u00a068 x 96 x 12.5 cm (26.8 x 37.8 x 5 in) La obra de Carlos Garaicoa desarrolla un di\u00e1logo entre arte y espacio urbano a trav\u00e9s del cual investiga la estructura de las ciudades contempor\u00e1neas. Desde un [&hellip;]<\/p>\n","protected":false},"author":1,"featured_media":12333,"parent":0,"menu_order":0,"comment_status":"closed","ping_status":"closed","template":"","meta":{"_acf_changed":false,"footnotes":"","_links_to":"","_links_to_target":""},"categories":[87],"tags":[65],"class_list":["post-12344","page","type-page","status-publish","has-post-thumbnail","hentry","category-carlos-garaicoa","tag-obra","post","post-with-thumbnail","post-with-thumbnail-large"],"acf":[],"aioseo_notices":[],"_links":{"self":[{"href":"https:\/\/artapartamento.com\/zh\/wp-json\/wp\/v2\/pages\/12344","targetHints":{"allow":["GET"]}}],"collection":[{"href":"https:\/\/artapartamento.com\/zh\/wp-json\/wp\/v2\/pages"}],"about":[{"href":"https:\/\/artapartamento.com\/zh\/wp-json\/wp\/v2\/types\/page"}],"author":[{"embeddable":true,"href":"https:\/\/artapartamento.com\/zh\/wp-json\/wp\/v2\/users\/1"}],"replies":[{"embeddable":true,"href":"https:\/\/artapartamento.com\/zh\/wp-json\/wp\/v2\/comments?post=12344"}],"version-history":[{"count":0,"href":"https:\/\/artapartamento.com\/zh\/wp-json\/wp\/v2\/pages\/12344\/revisions"}],"wp:featuredmedia":[{"embeddable":true,"href":"https:\/\/artapartamento.com\/zh\/wp-json\/wp\/v2\/media\/12333"}],"wp:attachment":[{"href":"https:\/\/artapartamento.com\/zh\/wp-json\/wp\/v2\/media?parent=12344"}],"wp:term":[{"taxonomy":"category","embeddable":true,"href":"https:\/\/artapartamento.com\/zh\/wp-json\/wp\/v2\/categories?post=12344"},{"taxonomy":"post_tag","embeddable":true,"href":"https:\/\/artapartamento.com\/zh\/wp-json\/wp\/v2\/tags?post=12344"}],"curies":[{"name":"wp","href":"https:\/\/api.w.org\/{rel}","templated":true}]}}