{"id":12079,"date":"2024-06-15T15:54:53","date_gmt":"2024-06-15T13:54:53","guid":{"rendered":"https:\/\/artapartamento.com\/?page_id=12079"},"modified":"2024-06-15T16:06:30","modified_gmt":"2024-06-15T14:06:30","slug":"%e7%86%a0%e7%86%a0%e7%94%9f%e8%be%89","status":"publish","type":"page","link":"https:\/\/artapartamento.com\/zh\/artistas\/los-bravu\/resplandor-de-resplandores\/","title":{"rendered":"\u5149\u8292\u56db\u5c04"},"content":{"rendered":"<div data-elementor-type=\"wp-page\" data-elementor-id=\"12079\" class=\"elementor elementor-12079\" data-elementor-post-type=\"page\">\n\t\t\t\t<div class=\"elementor-element elementor-element-9198e6e e-con-full e-flex e-con e-parent\" data-id=\"9198e6e\" data-element_type=\"container\" data-e-type=\"container\" data-settings=\"{&quot;background_background&quot;:&quot;classic&quot;}\">\n\t\t<div class=\"elementor-element elementor-element-69ffa627 e-con-full e-flex e-con e-child\" data-id=\"69ffa627\" data-element_type=\"container\" data-e-type=\"container\">\n\t\t\t\t<div class=\"elementor-element elementor-element-2b710b00 elementor-widget elementor-widget-image-carousel\" data-id=\"2b710b00\" data-element_type=\"widget\" data-e-type=\"widget\" data-settings=\"{&quot;slides_to_show&quot;:&quot;1&quot;,&quot;navigation&quot;:&quot;none&quot;,&quot;autoplay&quot;:&quot;yes&quot;,&quot;pause_on_hover&quot;:&quot;yes&quot;,&quot;pause_on_interaction&quot;:&quot;yes&quot;,&quot;autoplay_speed&quot;:5000,&quot;infinite&quot;:&quot;yes&quot;,&quot;effect&quot;:&quot;slide&quot;,&quot;speed&quot;:500}\" data-widget_type=\"image-carousel.default\">\n\t\t\t\t<div class=\"elementor-widget-container\">\n\t\t\t\t\t\t\t<div class=\"elementor-image-carousel-wrapper swiper\" role=\"region\" aria-roledescription=\"carousel\" aria-label=\"\u56fe\u50cf\u8f66\" dir=\"ltr\">\n\t\t\t<div class=\"elementor-image-carousel swiper-wrapper swiper-image-stretch\" aria-live=\"off\">\n\t\t\t\t\t\t\t\t<div class=\"swiper-slide\" role=\"group\" aria-roledescription=\"slide\" aria-label=\"1 de 19\" data-no-translation-aria-label=\"\"><a data-elementor-open-lightbox=\"yes\" data-elementor-lightbox-slideshow=\"2b710b00\" data-e-action-hash=\"#elementor-action%3Aaction%3Dlightbox%26settings%3DeyJpZCI6MTIxMzIsInVybCI6Imh0dHBzOlwvXC9hcnRhcGFydGFtZW50by5jb21cL3dwLWNvbnRlbnRcL3VwbG9hZHNcLzIwMjRcLzA2XC8wLkxPUy1CUkFWVV9BTE1FUklBLmpwZyIsInNsaWRlc2hvdyI6IjJiNzEwYjAwIn0%3D\" href=\"https:\/\/artapartamento.com\/wp-content\/uploads\/2024\/06\/0.LOS-BRAVU_ALMERIA.jpg\"><figure class=\"swiper-slide-inner\"><img decoding=\"async\" class=\"swiper-slide-image\" src=\"https:\/\/artapartamento.com\/wp-content\/uploads\/2024\/06\/0.LOS-BRAVU_ALMERIA.jpg\" alt=\"\u5e03\u62c9\u6b66-\u963f\u5c14\u6885\u91cc\u4e9a\u9879\u76ee\" \/><\/figure><\/a><\/div><div class=\"swiper-slide\" role=\"group\" aria-roledescription=\"slide\" aria-label=\"2 de 19\" data-no-translation-aria-label=\"\"><a data-elementor-open-lightbox=\"yes\" data-elementor-lightbox-slideshow=\"2b710b00\" data-e-action-hash=\"#elementor-action%3Aaction%3Dlightbox%26settings%3DeyJpZCI6MTIxMzMsInVybCI6Imh0dHBzOlwvXC9hcnRhcGFydGFtZW50by5jb21cL3dwLWNvbnRlbnRcL3VwbG9hZHNcLzIwMjRcLzA2XC8xLkxPUy1CUkFWVV9BTE1FUklBLmpwZyIsInNsaWRlc2hvdyI6IjJiNzEwYjAwIn0%3D\" href=\"https:\/\/artapartamento.com\/wp-content\/uploads\/2024\/06\/1.LOS-BRAVU_ALMERIA.jpg\"><figure class=\"swiper-slide-inner\"><img decoding=\"async\" class=\"swiper-slide-image\" src=\"https:\/\/artapartamento.com\/wp-content\/uploads\/2024\/06\/1.LOS-BRAVU_ALMERIA.jpg\" alt=\"\u5e03\u62c9\u6b66-\u963f\u5c14\u6885\u91cc\u4e9a\u9879\u76ee\" \/><\/figure><\/a><\/div><div class=\"swiper-slide\" role=\"group\" aria-roledescription=\"slide\" aria-label=\"3 de 19\" data-no-translation-aria-label=\"\"><a data-elementor-open-lightbox=\"yes\" data-elementor-lightbox-slideshow=\"2b710b00\" data-e-action-hash=\"#elementor-action%3Aaction%3Dlightbox%26settings%3DeyJpZCI6MTIxMzQsInVybCI6Imh0dHBzOlwvXC9hcnRhcGFydGFtZW50by5jb21cL3dwLWNvbnRlbnRcL3VwbG9hZHNcLzIwMjRcLzA2XC8yLkxPUy1CUkFWVV9BTE1FUklBLmpwZy53ZWJwIiwic2xpZGVzaG93IjoiMmI3MTBiMDAifQ%3D%3D\" href=\"https:\/\/artapartamento.com\/wp-content\/uploads\/2024\/06\/2.LOS-BRAVU_ALMERIA.jpg.webp\"><figure class=\"swiper-slide-inner\"><img decoding=\"async\" class=\"swiper-slide-image\" src=\"https:\/\/artapartamento.com\/wp-content\/uploads\/2024\/06\/2.LOS-BRAVU_ALMERIA.jpg.webp\" alt=\"\u5e03\u62c9\u6b66-\u963f\u5c14\u6885\u91cc\u4e9a\u9879\u76ee\" \/><\/figure><\/a><\/div><div class=\"swiper-slide\" role=\"group\" aria-roledescription=\"slide\" aria-label=\"4 de 19\" data-no-translation-aria-label=\"\"><a data-elementor-open-lightbox=\"yes\" data-elementor-lightbox-slideshow=\"2b710b00\" data-e-action-hash=\"#elementor-action%3Aaction%3Dlightbox%26settings%3DeyJpZCI6MTIxMzUsInVybCI6Imh0dHBzOlwvXC9hcnRhcGFydGFtZW50by5jb21cL3dwLWNvbnRlbnRcL3VwbG9hZHNcLzIwMjRcLzA2XC8zLkxPUy1CUkFWVV9BTE1FUklBLmpwZy53ZWJwIiwic2xpZGVzaG93IjoiMmI3MTBiMDAifQ%3D%3D\" href=\"https:\/\/artapartamento.com\/wp-content\/uploads\/2024\/06\/3.LOS-BRAVU_ALMERIA.jpg.webp\"><figure class=\"swiper-slide-inner\"><img decoding=\"async\" class=\"swiper-slide-image\" src=\"https:\/\/artapartamento.com\/wp-content\/uploads\/2024\/06\/3.LOS-BRAVU_ALMERIA.jpg.webp\" alt=\"\u5e03\u62c9\u6b66-\u963f\u5c14\u6885\u91cc\u4e9a\u9879\u76ee\" \/><\/figure><\/a><\/div><div class=\"swiper-slide\" role=\"group\" aria-roledescription=\"slide\" aria-label=\"5 de 19\" data-no-translation-aria-label=\"\"><a data-elementor-open-lightbox=\"yes\" data-elementor-lightbox-slideshow=\"2b710b00\" data-e-action-hash=\"#elementor-action%3Aaction%3Dlightbox%26settings%3DeyJpZCI6MTIxMzYsInVybCI6Imh0dHBzOlwvXC9hcnRhcGFydGFtZW50by5jb21cL3dwLWNvbnRlbnRcL3VwbG9hZHNcLzIwMjRcLzA2XC80LkxPUy1CUkFWVV9BTE1FUklBLmpwZy53ZWJwIiwic2xpZGVzaG93IjoiMmI3MTBiMDAifQ%3D%3D\" href=\"https:\/\/artapartamento.com\/wp-content\/uploads\/2024\/06\/4.LOS-BRAVU_ALMERIA.jpg.webp\"><figure class=\"swiper-slide-inner\"><img decoding=\"async\" class=\"swiper-slide-image\" src=\"https:\/\/artapartamento.com\/wp-content\/uploads\/2024\/06\/4.LOS-BRAVU_ALMERIA.jpg.webp\" alt=\"\u5e03\u62c9\u6b66-\u963f\u5c14\u6885\u91cc\u4e9a\u9879\u76ee\" \/><\/figure><\/a><\/div><div class=\"swiper-slide\" role=\"group\" aria-roledescription=\"slide\" aria-label=\"6 de 19\" data-no-translation-aria-label=\"\"><a data-elementor-open-lightbox=\"yes\" data-elementor-lightbox-slideshow=\"2b710b00\" data-e-action-hash=\"#elementor-action%3Aaction%3Dlightbox%26settings%3DeyJpZCI6MTIxMzcsInVybCI6Imh0dHBzOlwvXC9hcnRhcGFydGFtZW50by5jb21cL3dwLWNvbnRlbnRcL3VwbG9hZHNcLzIwMjRcLzA2XC81LkxPUy1CUkFWVV9BTE1FUklBLmpwZy53ZWJwIiwic2xpZGVzaG93IjoiMmI3MTBiMDAifQ%3D%3D\" href=\"https:\/\/artapartamento.com\/wp-content\/uploads\/2024\/06\/5.LOS-BRAVU_ALMERIA.jpg.webp\"><figure class=\"swiper-slide-inner\"><img decoding=\"async\" class=\"swiper-slide-image\" src=\"https:\/\/artapartamento.com\/wp-content\/uploads\/2024\/06\/5.LOS-BRAVU_ALMERIA.jpg.webp\" alt=\"\u5e03\u62c9\u6b66-\u963f\u5c14\u6885\u91cc\u4e9a\u9879\u76ee\" \/><\/figure><\/a><\/div><div class=\"swiper-slide\" role=\"group\" aria-roledescription=\"slide\" aria-label=\"7 de 19\" data-no-translation-aria-label=\"\"><a data-elementor-open-lightbox=\"yes\" data-elementor-lightbox-slideshow=\"2b710b00\" data-e-action-hash=\"#elementor-action%3Aaction%3Dlightbox%26settings%3DeyJpZCI6MTIxMzgsInVybCI6Imh0dHBzOlwvXC9hcnRhcGFydGFtZW50by5jb21cL3dwLWNvbnRlbnRcL3VwbG9hZHNcLzIwMjRcLzA2XC82LkxPUy1CUkFWVV9BTE1FUklBLmpwZy53ZWJwIiwic2xpZGVzaG93IjoiMmI3MTBiMDAifQ%3D%3D\" href=\"https:\/\/artapartamento.com\/wp-content\/uploads\/2024\/06\/6.LOS-BRAVU_ALMERIA.jpg.webp\"><figure class=\"swiper-slide-inner\"><img decoding=\"async\" class=\"swiper-slide-image\" src=\"https:\/\/artapartamento.com\/wp-content\/uploads\/2024\/06\/6.LOS-BRAVU_ALMERIA.jpg.webp\" alt=\"\u5e03\u62c9\u6b66-\u963f\u5c14\u6885\u91cc\u4e9a\u9879\u76ee\" \/><\/figure><\/a><\/div><div class=\"swiper-slide\" role=\"group\" aria-roledescription=\"slide\" aria-label=\"8 de 19\" data-no-translation-aria-label=\"\"><a data-elementor-open-lightbox=\"yes\" data-elementor-lightbox-slideshow=\"2b710b00\" data-e-action-hash=\"#elementor-action%3Aaction%3Dlightbox%26settings%3DeyJpZCI6MTIxMzksInVybCI6Imh0dHBzOlwvXC9hcnRhcGFydGFtZW50by5jb21cL3dwLWNvbnRlbnRcL3VwbG9hZHNcLzIwMjRcLzA2XC83LkxPUy1CUkFWVV9BTE1FUklBLmpwZy53ZWJwIiwic2xpZGVzaG93IjoiMmI3MTBiMDAifQ%3D%3D\" href=\"https:\/\/artapartamento.com\/wp-content\/uploads\/2024\/06\/7.LOS-BRAVU_ALMERIA.jpg.webp\"><figure class=\"swiper-slide-inner\"><img decoding=\"async\" class=\"swiper-slide-image\" src=\"https:\/\/artapartamento.com\/wp-content\/uploads\/2024\/06\/7.LOS-BRAVU_ALMERIA.jpg.webp\" alt=\"\u5e03\u62c9\u6b66-\u963f\u5c14\u6885\u91cc\u4e9a\u9879\u76ee\" \/><\/figure><\/a><\/div><div class=\"swiper-slide\" role=\"group\" aria-roledescription=\"slide\" aria-label=\"9 de 19\" data-no-translation-aria-label=\"\"><a data-elementor-open-lightbox=\"yes\" data-elementor-lightbox-slideshow=\"2b710b00\" data-e-action-hash=\"#elementor-action%3Aaction%3Dlightbox%26settings%3DeyJpZCI6MTIxNDAsInVybCI6Imh0dHBzOlwvXC9hcnRhcGFydGFtZW50by5jb21cL3dwLWNvbnRlbnRcL3VwbG9hZHNcLzIwMjRcLzA2XC84LkxPUy1CUkFWVV9BTE1FUklBLmpwZyIsInNsaWRlc2hvdyI6IjJiNzEwYjAwIn0%3D\" href=\"https:\/\/artapartamento.com\/wp-content\/uploads\/2024\/06\/8.LOS-BRAVU_ALMERIA.jpg\"><figure class=\"swiper-slide-inner\"><img decoding=\"async\" class=\"swiper-slide-image\" src=\"https:\/\/artapartamento.com\/wp-content\/uploads\/2024\/06\/8.LOS-BRAVU_ALMERIA.jpg\" alt=\"\u5e03\u62c9\u6b66-\u963f\u5c14\u6885\u91cc\u4e9a\u9879\u76ee\" \/><\/figure><\/a><\/div><div class=\"swiper-slide\" role=\"group\" aria-roledescription=\"slide\" aria-label=\"10 de 19\" data-no-translation-aria-label=\"\"><a data-elementor-open-lightbox=\"yes\" data-elementor-lightbox-slideshow=\"2b710b00\" data-e-action-hash=\"#elementor-action%3Aaction%3Dlightbox%26settings%3DeyJpZCI6MTIxNDEsInVybCI6Imh0dHBzOlwvXC9hcnRhcGFydGFtZW50by5jb21cL3dwLWNvbnRlbnRcL3VwbG9hZHNcLzIwMjRcLzA2XC85LkxPUy1CUkFWVV9BTE1FUklBLmpwZyIsInNsaWRlc2hvdyI6IjJiNzEwYjAwIn0%3D\" href=\"https:\/\/artapartamento.com\/wp-content\/uploads\/2024\/06\/9.LOS-BRAVU_ALMERIA.jpg\"><figure class=\"swiper-slide-inner\"><img decoding=\"async\" class=\"swiper-slide-image\" src=\"https:\/\/artapartamento.com\/wp-content\/uploads\/2024\/06\/9.LOS-BRAVU_ALMERIA.jpg\" alt=\"\u5e03\u62c9\u6b66-\u963f\u5c14\u6885\u91cc\u4e9a\u9879\u76ee\" \/><\/figure><\/a><\/div><div class=\"swiper-slide\" role=\"group\" aria-roledescription=\"slide\" aria-label=\"11 de 19\" data-no-translation-aria-label=\"\"><a data-elementor-open-lightbox=\"yes\" data-elementor-lightbox-slideshow=\"2b710b00\" data-e-action-hash=\"#elementor-action%3Aaction%3Dlightbox%26settings%3DeyJpZCI6MTIxNDIsInVybCI6Imh0dHBzOlwvXC9hcnRhcGFydGFtZW50by5jb21cL3dwLWNvbnRlbnRcL3VwbG9hZHNcLzIwMjRcLzA2XC8xMC5MT1MtQlJBVlVfQUxNRVJJQS5qcGcud2VicCIsInNsaWRlc2hvdyI6IjJiNzEwYjAwIn0%3D\" href=\"https:\/\/artapartamento.com\/wp-content\/uploads\/2024\/06\/10.LOS-BRAVU_ALMERIA.jpg.webp\"><figure class=\"swiper-slide-inner\"><img decoding=\"async\" class=\"swiper-slide-image\" src=\"https:\/\/artapartamento.com\/wp-content\/uploads\/2024\/06\/10.LOS-BRAVU_ALMERIA.jpg.webp\" alt=\"\u5e03\u62c9\u6b66-\u963f\u5c14\u6885\u91cc\u4e9a\u9879\u76ee\" \/><\/figure><\/a><\/div><div class=\"swiper-slide\" role=\"group\" aria-roledescription=\"slide\" aria-label=\"12 de 19\" data-no-translation-aria-label=\"\"><a data-elementor-open-lightbox=\"yes\" data-elementor-lightbox-slideshow=\"2b710b00\" data-e-action-hash=\"#elementor-action%3Aaction%3Dlightbox%26settings%3DeyJpZCI6MTIxNDMsInVybCI6Imh0dHBzOlwvXC9hcnRhcGFydGFtZW50by5jb21cL3dwLWNvbnRlbnRcL3VwbG9hZHNcLzIwMjRcLzA2XC8xMS5MT1MtQlJBVlVfQUxNRVJJQS5qcGcud2VicCIsInNsaWRlc2hvdyI6IjJiNzEwYjAwIn0%3D\" href=\"https:\/\/artapartamento.com\/wp-content\/uploads\/2024\/06\/11.LOS-BRAVU_ALMERIA.jpg.webp\"><figure class=\"swiper-slide-inner\"><img decoding=\"async\" class=\"swiper-slide-image\" src=\"https:\/\/artapartamento.com\/wp-content\/uploads\/2024\/06\/11.LOS-BRAVU_ALMERIA.jpg.webp\" alt=\"\u5e03\u62c9\u6b66-\u963f\u5c14\u6885\u91cc\u4e9a\u9879\u76ee\" \/><\/figure><\/a><\/div><div class=\"swiper-slide\" role=\"group\" aria-roledescription=\"slide\" aria-label=\"13 de 19\" data-no-translation-aria-label=\"\"><a data-elementor-open-lightbox=\"yes\" data-elementor-lightbox-slideshow=\"2b710b00\" data-e-action-hash=\"#elementor-action%3Aaction%3Dlightbox%26settings%3DeyJpZCI6MTIxNDQsInVybCI6Imh0dHBzOlwvXC9hcnRhcGFydGFtZW50by5jb21cL3dwLWNvbnRlbnRcL3VwbG9hZHNcLzIwMjRcLzA2XC8xMi5MT1MtQlJBVlVfQUxNRVJJQS5qcGcud2VicCIsInNsaWRlc2hvdyI6IjJiNzEwYjAwIn0%3D\" href=\"https:\/\/artapartamento.com\/wp-content\/uploads\/2024\/06\/12.LOS-BRAVU_ALMERIA.jpg.webp\"><figure class=\"swiper-slide-inner\"><img decoding=\"async\" class=\"swiper-slide-image\" src=\"https:\/\/artapartamento.com\/wp-content\/uploads\/2024\/06\/12.LOS-BRAVU_ALMERIA.jpg.webp\" alt=\"\u5e03\u62c9\u6b66-\u963f\u5c14\u6885\u91cc\u4e9a\u9879\u76ee\" \/><\/figure><\/a><\/div><div class=\"swiper-slide\" role=\"group\" aria-roledescription=\"slide\" aria-label=\"14 de 19\" data-no-translation-aria-label=\"\"><a data-elementor-open-lightbox=\"yes\" data-elementor-lightbox-slideshow=\"2b710b00\" data-e-action-hash=\"#elementor-action%3Aaction%3Dlightbox%26settings%3DeyJpZCI6MTIxNDUsInVybCI6Imh0dHBzOlwvXC9hcnRhcGFydGFtZW50by5jb21cL3dwLWNvbnRlbnRcL3VwbG9hZHNcLzIwMjRcLzA2XC8xMy5MT1MtQlJBVlVfQUxNRVJJQS5qcGcud2VicCIsInNsaWRlc2hvdyI6IjJiNzEwYjAwIn0%3D\" href=\"https:\/\/artapartamento.com\/wp-content\/uploads\/2024\/06\/13.LOS-BRAVU_ALMERIA.jpg.webp\"><figure class=\"swiper-slide-inner\"><img decoding=\"async\" class=\"swiper-slide-image\" src=\"https:\/\/artapartamento.com\/wp-content\/uploads\/2024\/06\/13.LOS-BRAVU_ALMERIA.jpg.webp\" alt=\"\u5e03\u62c9\u6b66-\u963f\u5c14\u6885\u91cc\u4e9a\u9879\u76ee\" \/><\/figure><\/a><\/div><div class=\"swiper-slide\" role=\"group\" aria-roledescription=\"slide\" aria-label=\"15 de 19\" data-no-translation-aria-label=\"\"><a data-elementor-open-lightbox=\"yes\" data-elementor-lightbox-slideshow=\"2b710b00\" data-e-action-hash=\"#elementor-action%3Aaction%3Dlightbox%26settings%3DeyJpZCI6MTIxNDYsInVybCI6Imh0dHBzOlwvXC9hcnRhcGFydGFtZW50by5jb21cL3dwLWNvbnRlbnRcL3VwbG9hZHNcLzIwMjRcLzA2XC8xNC5MT1MtQlJBVlVfQUxNRVJJQS5qcGcud2VicCIsInNsaWRlc2hvdyI6IjJiNzEwYjAwIn0%3D\" href=\"https:\/\/artapartamento.com\/wp-content\/uploads\/2024\/06\/14.LOS-BRAVU_ALMERIA.jpg.webp\"><figure class=\"swiper-slide-inner\"><img decoding=\"async\" class=\"swiper-slide-image\" src=\"https:\/\/artapartamento.com\/wp-content\/uploads\/2024\/06\/14.LOS-BRAVU_ALMERIA.jpg.webp\" alt=\"\u5e03\u62c9\u6b66-\u963f\u5c14\u6885\u91cc\u4e9a\u9879\u76ee\" \/><\/figure><\/a><\/div><div class=\"swiper-slide\" role=\"group\" aria-roledescription=\"slide\" aria-label=\"16 de 19\" data-no-translation-aria-label=\"\"><a data-elementor-open-lightbox=\"yes\" data-elementor-lightbox-slideshow=\"2b710b00\" data-e-action-hash=\"#elementor-action%3Aaction%3Dlightbox%26settings%3DeyJpZCI6MTIxNDcsInVybCI6Imh0dHBzOlwvXC9hcnRhcGFydGFtZW50by5jb21cL3dwLWNvbnRlbnRcL3VwbG9hZHNcLzIwMjRcLzA2XC8xNS5MT1MtQlJBVlVfQUxNRVJJQS5qcGcud2VicCIsInNsaWRlc2hvdyI6IjJiNzEwYjAwIn0%3D\" href=\"https:\/\/artapartamento.com\/wp-content\/uploads\/2024\/06\/15.LOS-BRAVU_ALMERIA.jpg.webp\"><figure class=\"swiper-slide-inner\"><img decoding=\"async\" class=\"swiper-slide-image\" src=\"https:\/\/artapartamento.com\/wp-content\/uploads\/2024\/06\/15.LOS-BRAVU_ALMERIA.jpg.webp\" alt=\"\u5e03\u62c9\u6b66-\u963f\u5c14\u6885\u91cc\u4e9a\u9879\u76ee\" \/><\/figure><\/a><\/div><div class=\"swiper-slide\" role=\"group\" aria-roledescription=\"slide\" aria-label=\"17 de 19\" data-no-translation-aria-label=\"\"><a data-elementor-open-lightbox=\"yes\" data-elementor-lightbox-slideshow=\"2b710b00\" data-e-action-hash=\"#elementor-action%3Aaction%3Dlightbox%26settings%3DeyJpZCI6MTIxNDgsInVybCI6Imh0dHBzOlwvXC9hcnRhcGFydGFtZW50by5jb21cL3dwLWNvbnRlbnRcL3VwbG9hZHNcLzIwMjRcLzA2XC8xNi5MT1MtQlJBVlVfQUxNRVJJQS5qcGcud2VicCIsInNsaWRlc2hvdyI6IjJiNzEwYjAwIn0%3D\" href=\"https:\/\/artapartamento.com\/wp-content\/uploads\/2024\/06\/16.LOS-BRAVU_ALMERIA.jpg.webp\"><figure class=\"swiper-slide-inner\"><img decoding=\"async\" class=\"swiper-slide-image\" src=\"https:\/\/artapartamento.com\/wp-content\/uploads\/2024\/06\/16.LOS-BRAVU_ALMERIA.jpg.webp\" alt=\"\u5e03\u62c9\u6b66-\u963f\u5c14\u6885\u91cc\u4e9a\u9879\u76ee\" \/><\/figure><\/a><\/div><div class=\"swiper-slide\" role=\"group\" aria-roledescription=\"slide\" aria-label=\"18 de 19\" data-no-translation-aria-label=\"\"><a data-elementor-open-lightbox=\"yes\" data-elementor-lightbox-slideshow=\"2b710b00\" data-e-action-hash=\"#elementor-action%3Aaction%3Dlightbox%26settings%3DeyJpZCI6MTIxNDksInVybCI6Imh0dHBzOlwvXC9hcnRhcGFydGFtZW50by5jb21cL3dwLWNvbnRlbnRcL3VwbG9hZHNcLzIwMjRcLzA2XC8xNy5MT1MtQlJBVlVfQUxNRVJJQS5qcGcud2VicCIsInNsaWRlc2hvdyI6IjJiNzEwYjAwIn0%3D\" href=\"https:\/\/artapartamento.com\/wp-content\/uploads\/2024\/06\/17.LOS-BRAVU_ALMERIA.jpg.webp\"><figure class=\"swiper-slide-inner\"><img decoding=\"async\" class=\"swiper-slide-image\" src=\"https:\/\/artapartamento.com\/wp-content\/uploads\/2024\/06\/17.LOS-BRAVU_ALMERIA.jpg.webp\" alt=\"\u5e03\u62c9\u6b66-\u963f\u5c14\u6885\u91cc\u4e9a\u9879\u76ee\" \/><\/figure><\/a><\/div><div class=\"swiper-slide\" role=\"group\" aria-roledescription=\"slide\" aria-label=\"19 de 19\" data-no-translation-aria-label=\"\"><a data-elementor-open-lightbox=\"yes\" data-elementor-lightbox-slideshow=\"2b710b00\" data-e-action-hash=\"#elementor-action%3Aaction%3Dlightbox%26settings%3DeyJpZCI6MTIxNTAsInVybCI6Imh0dHBzOlwvXC9hcnRhcGFydGFtZW50by5jb21cL3dwLWNvbnRlbnRcL3VwbG9hZHNcLzIwMjRcLzA2XC8xOC5MT1MtQlJBVlVfQUxNRVJJQS5qcGcud2VicCIsInNsaWRlc2hvdyI6IjJiNzEwYjAwIn0%3D\" href=\"https:\/\/artapartamento.com\/wp-content\/uploads\/2024\/06\/18.LOS-BRAVU_ALMERIA.jpg.webp\"><figure class=\"swiper-slide-inner\"><img decoding=\"async\" class=\"swiper-slide-image\" src=\"https:\/\/artapartamento.com\/wp-content\/uploads\/2024\/06\/18.LOS-BRAVU_ALMERIA.jpg.webp\" alt=\"\u5e03\u62c9\u6b66-\u963f\u5c14\u6885\u91cc\u4e9a\u9879\u76ee\" \/><\/figure><\/a><\/div>\t\t\t<\/div>\n\t\t\t\t\t\t\t\n\t\t\t\t\t\t\t\t\t<\/div>\n\t\t\t\t\t\t<\/div>\n\t\t\t\t<\/div>\n\t\t\t\t<\/div>\n\t\t<div class=\"elementor-element elementor-element-5a00ce5c e-con-full e-flex e-con e-child\" data-id=\"5a00ce5c\" data-element_type=\"container\" data-e-type=\"container\">\n\t\t\t\t<div class=\"elementor-element elementor-element-339bed46 elementor-widget elementor-widget-heading\" data-id=\"339bed46\" data-element_type=\"widget\" data-e-type=\"widget\" data-widget_type=\"heading.default\">\n\t\t\t\t<div class=\"elementor-widget-container\">\n\t\t\t\t\t<h2 class=\"elementor-heading-title elementor-size-default\"><a href=\"https:\/\/artapartamento.com\/zh\/category\/artistas\/los-bravu\/\" rel=\"tag\">\u5e03\u62c9\u6b66<\/a><\/h2>\t\t\t\t<\/div>\n\t\t\t\t<\/div>\n\t\t\t\t<div class=\"elementor-element elementor-element-747e44d8 elementor-widget elementor-widget-text-editor\" data-id=\"747e44d8\" data-element_type=\"widget\" data-e-type=\"widget\" data-widget_type=\"text-editor.default\">\n\t\t\t\t<div class=\"elementor-widget-container\">\n\t\t\t\t\t\t\t\t\t<p>\u5149\u8292\u56db\u5c04\u00a0<br \/>\u5e72\u9884\u63aa\u65bd<br \/>\u963f\u5c14\u6885\u91cc\u4e9a\u74dc\u8fea\u4e9a\u57ce\u5821\u3002<\/p>\t\t\t\t\t\t\t\t<\/div>\n\t\t\t\t<\/div>\n\t\t\t\t<div class=\"elementor-element elementor-element-7b281aeb elementor-widget elementor-widget-text-editor\" data-id=\"7b281aeb\" data-element_type=\"widget\" data-e-type=\"widget\" data-widget_type=\"text-editor.default\">\n\t\t\t\t<div class=\"elementor-widget-container\">\n\t\t\t\t\t\t\t\t\t<p class=\"mce\">\u8be5\u9879\u76ee\u7684\u91cd\u70b9\u662f\u4e00\u7cfb\u5217\u7ed8\u753b\u4f5c\u54c1\uff0c\u5176\u4e3b\u9898\u56f4\u7ed5\u7f57\u9a6c\u795e\u8bdd\u3001\u5386\u53f2\u548c\u827a\u672f\u3002\u901a\u8fc7\u8fd9\u79cd\u65b9\u5f0f\uff0c\u827a\u672f\u5bb6\u4eec\u5f71\u5c04\u4e86\u57c3\u5c14\u57c3\u5e0c\u591a\uff08\u963f\u5c14\u6885\u91cc\u4e9a\uff09\u4f5c\u4e3a\u7a46\u5c14\u5409\u57ce\u7684\u8fc7\u53bb\u3002\u5728\u8fd9\u5ea7 13 \u4e16\u7eaa\u519b\u4e8b\u70ae\u53f0\u7684\u4e0d\u540c\u7a7a\u95f4\u91cc\uff0c\u827a\u672f\u5bb6\u4eec\u7528\u4e0d\u540c\u7684\u827a\u672f\u5a92\u4ecb\u521b\u4f5c\u4e86\u4e0d\u540c\u7684\u4f5c\u54c1\u3002Brav\u00fa \u592b\u5987\u5bf9\u4f20\u7edf\u5de5\u827a\u7279\u522b\u611f\u5174\u8da3\uff0c\u5e76\u5e0c\u671b\u5728\u624b\u5de5\u827a\u3001\u9057\u4ea7\u548c\u6700\u65b0\u521b\u610f\u6280\u672f\u4e4b\u95f4\u4fc3\u8fdb\u6d41\u7545\u7684\u5bf9\u8bdd\u3002\u00a0<\/p><p class=\"mce\">\u4f5c\u8005\u4eec\u5728\u5c55\u89c8\u5f00\u5e55\u5f0f\u4e0a\u8bf4\uff0c\"\u80fd\u5728\u74dc\u5c14\u8fea\u4e9a\u65af-\u7ef4\u57c3\u54c8\u65af\u57ce\u5821\u8fd9\u6837\u4e00\u5757\u7530\u56ed\u8bd7\u822c\u7684\u98de\u5730\u4e3e\u529e\u5c55\u89c8\u662f\u6211\u4eec\u7684\u8363\u5e78\uff0c\u4eff\u4f5b\u6253\u5f00\u4e86\u623f\u95f4\u7684\u5927\u95e8\uff0c\u6211\u4eec\u53d1\u73b0\u4e86\u9690\u85cf\u5df2\u4e45\u7684\u5404\u79cd\u73cd\u5b9d\"\u3002<\/p>\t\t\t\t\t\t\t\t<\/div>\n\t\t\t\t<\/div>\n\t\t\t\t<div class=\"elementor-element elementor-element-1fcc8e83 elementor-align-left elementor-widget elementor-widget-button\" data-id=\"1fcc8e83\" data-element_type=\"widget\" data-e-type=\"widget\" data-widget_type=\"button.default\">\n\t\t\t\t<div class=\"elementor-widget-container\">\n\t\t\t\t\t\t\t\t\t<div class=\"elementor-button-wrapper\">\n\t\t\t\t\t<a class=\"elementor-button elementor-size-sm\" role=\"button\">\n\t\t\t\t\t\t<span class=\"elementor-button-content-wrapper\">\n\t\t\t\t\t\t\t\t\t<span class=\"elementor-button-text\">\u54a8\u8be2<\/span>\n\t\t\t\t\t<\/span>\n\t\t\t\t\t<\/a>\n\t\t\t\t<\/div>\n\t\t\t\t\t\t\t\t<\/div>\n\t\t\t\t<\/div>\n\t\t\t\t<\/div>\n\t\t\t\t<\/div>\n\t\t\t\t<\/div>","protected":false},"excerpt":{"rendered":"<p>Resplandor de resplandores,\u00a0Intervenci\u00f3nCastillo de las Viejas Guardias, Almer\u00eda. El centro fundamental de este proyecto es una serie de pinturas, cuyo tema principal gira en torno a la mitolog\u00eda, historia y arte romano. Los artistas de esta manera hacen una alusi\u00f3n al pasado de El Ejido (Almer\u00eda) como ciudad de Murgi. Los distintos espacios de esta [&hellip;]<\/p>\n","protected":false},"author":1,"featured_media":12040,"parent":5816,"menu_order":0,"comment_status":"closed","ping_status":"closed","template":"","meta":{"_acf_changed":false,"footnotes":"","_links_to":"","_links_to_target":""},"categories":[63],"tags":[65],"class_list":["post-12079","page","type-page","status-publish","has-post-thumbnail","hentry","category-los-bravu","tag-obra","post","post-with-thumbnail","post-with-thumbnail-large"],"acf":[],"aioseo_notices":[],"_links":{"self":[{"href":"https:\/\/artapartamento.com\/zh\/wp-json\/wp\/v2\/pages\/12079","targetHints":{"allow":["GET"]}}],"collection":[{"href":"https:\/\/artapartamento.com\/zh\/wp-json\/wp\/v2\/pages"}],"about":[{"href":"https:\/\/artapartamento.com\/zh\/wp-json\/wp\/v2\/types\/page"}],"author":[{"embeddable":true,"href":"https:\/\/artapartamento.com\/zh\/wp-json\/wp\/v2\/users\/1"}],"replies":[{"embeddable":true,"href":"https:\/\/artapartamento.com\/zh\/wp-json\/wp\/v2\/comments?post=12079"}],"version-history":[{"count":0,"href":"https:\/\/artapartamento.com\/zh\/wp-json\/wp\/v2\/pages\/12079\/revisions"}],"up":[{"embeddable":true,"href":"https:\/\/artapartamento.com\/zh\/wp-json\/wp\/v2\/pages\/5816"}],"wp:featuredmedia":[{"embeddable":true,"href":"https:\/\/artapartamento.com\/zh\/wp-json\/wp\/v2\/media\/12040"}],"wp:attachment":[{"href":"https:\/\/artapartamento.com\/zh\/wp-json\/wp\/v2\/media?parent=12079"}],"wp:term":[{"taxonomy":"category","embeddable":true,"href":"https:\/\/artapartamento.com\/zh\/wp-json\/wp\/v2\/categories?post=12079"},{"taxonomy":"post_tag","embeddable":true,"href":"https:\/\/artapartamento.com\/zh\/wp-json\/wp\/v2\/tags?post=12079"}],"curies":[{"name":"wp","href":"https:\/\/api.w.org\/{rel}","templated":true}]}}