{"id":11441,"date":"2024-06-06T17:50:37","date_gmt":"2024-06-06T15:50:37","guid":{"rendered":"https:\/\/artapartamento.com\/?page_id=11441"},"modified":"2024-06-06T17:57:42","modified_gmt":"2024-06-06T15:57:42","slug":"%e5%a5%a5%e6%96%af%e9%99%86%e6%96%b0%e8%92%99%e5%85%8b%e5%8d%9a%e7%89%a9%e9%a6%86%e7%ab%9e%e8%b5%9b%e6%a8%a1%e5%9e%8b","status":"publish","type":"page","link":"https:\/\/artapartamento.com\/zh\/exposiciones\/tectonica\/maqueta-de-concurso-del-nuevo-museo-munch-de-oslo\/","title":{"rendered":"\u5965\u65af\u9646\u8499\u514b\u65b0\u535a\u7269\u9986\u7ade\u8d5b\u6a21\u578b"},"content":{"rendered":"<div data-elementor-type=\"wp-page\" data-elementor-id=\"11441\" class=\"elementor elementor-11441\" data-elementor-post-type=\"page\">\n\t\t\t\t<div class=\"elementor-element elementor-element-559abea3 e-con-full e-flex e-con e-parent\" data-id=\"559abea3\" data-element_type=\"container\" data-e-type=\"container\" data-settings=\"{&quot;background_background&quot;:&quot;classic&quot;}\">\n\t\t<div class=\"elementor-element elementor-element-6c6d9953 e-con-full e-flex e-con e-child\" data-id=\"6c6d9953\" data-element_type=\"container\" data-e-type=\"container\">\n\t\t\t\t<div class=\"elementor-element elementor-element-26df2bc elementor-widget elementor-widget-image-carousel\" data-id=\"26df2bc\" data-element_type=\"widget\" data-e-type=\"widget\" data-settings=\"{&quot;slides_to_show&quot;:&quot;1&quot;,&quot;navigation&quot;:&quot;none&quot;,&quot;autoplay&quot;:&quot;yes&quot;,&quot;pause_on_hover&quot;:&quot;yes&quot;,&quot;pause_on_interaction&quot;:&quot;yes&quot;,&quot;autoplay_speed&quot;:5000,&quot;infinite&quot;:&quot;yes&quot;,&quot;effect&quot;:&quot;slide&quot;,&quot;speed&quot;:500}\" data-widget_type=\"image-carousel.default\">\n\t\t\t\t<div class=\"elementor-widget-container\">\n\t\t\t\t\t\t\t<div class=\"elementor-image-carousel-wrapper swiper\" role=\"region\" aria-roledescription=\"carousel\" aria-label=\"\u56fe\u50cf\u8f6e\u64ad\" dir=\"ltr\">\n\t\t\t<div class=\"elementor-image-carousel swiper-wrapper swiper-image-stretch\" aria-live=\"off\">\n\t\t\t\t\t\t\t\t<div class=\"swiper-slide\" role=\"group\" aria-roledescription=\"slide\" aria-label=\"9 \u7684 1\" data-no-translation-aria-label=\"\"><a data-elementor-open-lightbox=\"yes\" data-elementor-lightbox-slideshow=\"26df2bc\" data-e-action-hash=\"#elementor-action%3Aaction%3Dlightbox%26settings%3DeyJpZCI6MTE0NDgsInVybCI6Imh0dHBzOlwvXC9hcnRhcGFydGFtZW50by5jb21cL3dwLWNvbnRlbnRcL3VwbG9hZHNcLzIwMjRcLzA2XC9EU0M2NzE5LXNjYWxlZC5qcGVnLndlYnAiLCJzbGlkZXNob3ciOiIyNmRmMmJjIn0%3D\" href=\"https:\/\/artapartamento.com\/wp-content\/uploads\/2024\/06\/DSC6719-scaled.jpeg.webp\"><figure class=\"swiper-slide-inner\"><img decoding=\"async\" class=\"swiper-slide-image\" src=\"https:\/\/artapartamento.com\/wp-content\/uploads\/2024\/06\/DSC6719-scaled.jpeg.webp\" alt=\"\u57c3\u96f7\u7f57\u65af\u5de5\u4f5c\u5ba4_\u6784\u9020\u5b66\" \/><\/figure><\/a><\/div><div class=\"swiper-slide\" role=\"group\" aria-roledescription=\"slide\" aria-label=\"9 \u7684 2\" data-no-translation-aria-label=\"\"><a data-elementor-open-lightbox=\"yes\" data-elementor-lightbox-slideshow=\"26df2bc\" data-e-action-hash=\"#elementor-action%3Aaction%3Dlightbox%26settings%3DeyJpZCI6MTE0NDksInVybCI6Imh0dHBzOlwvXC9hcnRhcGFydGFtZW50by5jb21cL3dwLWNvbnRlbnRcL3VwbG9hZHNcLzIwMjRcLzA2XC9EU0M2NzIzLXNjYWxlZC5qcGVnLndlYnAiLCJzbGlkZXNob3ciOiIyNmRmMmJjIn0%3D\" href=\"https:\/\/artapartamento.com\/wp-content\/uploads\/2024\/06\/DSC6723-scaled.jpeg.webp\"><figure class=\"swiper-slide-inner\"><img decoding=\"async\" class=\"swiper-slide-image\" src=\"https:\/\/artapartamento.com\/wp-content\/uploads\/2024\/06\/DSC6723-scaled.jpeg.webp\" alt=\"\u57c3\u96f7\u7f57\u65af\u5de5\u4f5c\u5ba4_\u6784\u9020\u5b66\" \/><\/figure><\/a><\/div><div class=\"swiper-slide\" role=\"group\" aria-roledescription=\"slide\" aria-label=\"9 \u7684 3\" data-no-translation-aria-label=\"\"><a data-elementor-open-lightbox=\"yes\" data-elementor-lightbox-slideshow=\"26df2bc\" data-e-action-hash=\"#elementor-action%3Aaction%3Dlightbox%26settings%3DeyJpZCI6MTE0NTAsInVybCI6Imh0dHBzOlwvXC9hcnRhcGFydGFtZW50by5jb21cL3dwLWNvbnRlbnRcL3VwbG9hZHNcLzIwMjRcLzA2XC9EU0M2NzQyLXNjYWxlZC5qcGVnLndlYnAiLCJzbGlkZXNob3ciOiIyNmRmMmJjIn0%3D\" href=\"https:\/\/artapartamento.com\/wp-content\/uploads\/2024\/06\/DSC6742-scaled.jpeg.webp\"><figure class=\"swiper-slide-inner\"><img decoding=\"async\" class=\"swiper-slide-image\" src=\"https:\/\/artapartamento.com\/wp-content\/uploads\/2024\/06\/DSC6742-scaled.jpeg.webp\" alt=\"\u57c3\u96f7\u7f57\u65af\u5de5\u4f5c\u5ba4_\u6784\u9020\u5b66\" \/><\/figure><\/a><\/div><div class=\"swiper-slide\" role=\"group\" aria-roledescription=\"slide\" aria-label=\"9 \u7684 4\" data-no-translation-aria-label=\"\"><a data-elementor-open-lightbox=\"yes\" data-elementor-lightbox-slideshow=\"26df2bc\" data-e-action-hash=\"#elementor-action%3Aaction%3Dlightbox%26settings%3DeyJpZCI6MTE0NTEsInVybCI6Imh0dHBzOlwvXC9hcnRhcGFydGFtZW50by5jb21cL3dwLWNvbnRlbnRcL3VwbG9hZHNcLzIwMjRcLzA2XC9EU0M2NzQ2LXNjYWxlZC5qcGVnIiwic2xpZGVzaG93IjoiMjZkZjJiYyJ9\" href=\"https:\/\/artapartamento.com\/wp-content\/uploads\/2024\/06\/DSC6746-scaled.jpeg\"><figure class=\"swiper-slide-inner\"><img decoding=\"async\" class=\"swiper-slide-image\" src=\"https:\/\/artapartamento.com\/wp-content\/uploads\/2024\/06\/DSC6746-scaled.jpeg\" alt=\"\u57c3\u96f7\u7f57\u65af\u5de5\u4f5c\u5ba4_\u6784\u9020\u5b66\" \/><\/figure><\/a><\/div><div class=\"swiper-slide\" role=\"group\" aria-roledescription=\"slide\" aria-label=\"9 \u7684 5\" data-no-translation-aria-label=\"\"><a data-elementor-open-lightbox=\"yes\" data-elementor-lightbox-slideshow=\"26df2bc\" data-e-action-hash=\"#elementor-action%3Aaction%3Dlightbox%26settings%3DeyJpZCI6MTE0NTIsInVybCI6Imh0dHBzOlwvXC9hcnRhcGFydGFtZW50by5jb21cL3dwLWNvbnRlbnRcL3VwbG9hZHNcLzIwMjRcLzA2XC9EU0M2NzYwLXNjYWxlZC5qcGVnLndlYnAiLCJzbGlkZXNob3ciOiIyNmRmMmJjIn0%3D\" href=\"https:\/\/artapartamento.com\/wp-content\/uploads\/2024\/06\/DSC6760-scaled.jpeg.webp\"><figure class=\"swiper-slide-inner\"><img decoding=\"async\" class=\"swiper-slide-image\" src=\"https:\/\/artapartamento.com\/wp-content\/uploads\/2024\/06\/DSC6760-scaled.jpeg.webp\" alt=\"\u57c3\u96f7\u7f57\u65af\u5de5\u4f5c\u5ba4_\u6784\u9020\u5b66\" \/><\/figure><\/a><\/div><div class=\"swiper-slide\" role=\"group\" aria-roledescription=\"slide\" aria-label=\"9 \u7684 6\" data-no-translation-aria-label=\"\"><a data-elementor-open-lightbox=\"yes\" data-elementor-lightbox-slideshow=\"26df2bc\" data-e-action-hash=\"#elementor-action%3Aaction%3Dlightbox%26settings%3DeyJpZCI6MTE0NTMsInVybCI6Imh0dHBzOlwvXC9hcnRhcGFydGFtZW50by5jb21cL3dwLWNvbnRlbnRcL3VwbG9hZHNcLzIwMjRcLzA2XC9EU0M2NzYzLXNjYWxlZC5qcGVnLndlYnAiLCJzbGlkZXNob3ciOiIyNmRmMmJjIn0%3D\" href=\"https:\/\/artapartamento.com\/wp-content\/uploads\/2024\/06\/DSC6763-scaled.jpeg.webp\"><figure class=\"swiper-slide-inner\"><img decoding=\"async\" class=\"swiper-slide-image\" src=\"https:\/\/artapartamento.com\/wp-content\/uploads\/2024\/06\/DSC6763-scaled.jpeg.webp\" alt=\"\u57c3\u96f7\u7f57\u65af\u5de5\u4f5c\u5ba4_\u6784\u9020\u5b66\" \/><\/figure><\/a><\/div><div class=\"swiper-slide\" role=\"group\" aria-roledescription=\"slide\" aria-label=\"9 \u7684 7\" data-no-translation-aria-label=\"\"><a data-elementor-open-lightbox=\"yes\" data-elementor-lightbox-slideshow=\"26df2bc\" data-e-action-hash=\"#elementor-action%3Aaction%3Dlightbox%26settings%3DeyJpZCI6MTE0NTQsInVybCI6Imh0dHBzOlwvXC9hcnRhcGFydGFtZW50by5jb21cL3dwLWNvbnRlbnRcL3VwbG9hZHNcLzIwMjRcLzA2XC9EU0M2NzY0LXNjYWxlZC5qcGVnLndlYnAiLCJzbGlkZXNob3ciOiIyNmRmMmJjIn0%3D\" href=\"https:\/\/artapartamento.com\/wp-content\/uploads\/2024\/06\/DSC6764-scaled.jpeg.webp\"><figure class=\"swiper-slide-inner\"><img decoding=\"async\" class=\"swiper-slide-image\" src=\"https:\/\/artapartamento.com\/wp-content\/uploads\/2024\/06\/DSC6764-scaled.jpeg.webp\" alt=\"\u57c3\u96f7\u7f57\u65af\u5de5\u4f5c\u5ba4_\u6784\u9020\u5b66\" \/><\/figure><\/a><\/div><div class=\"swiper-slide\" role=\"group\" aria-roledescription=\"slide\" aria-label=\"9 \u7684 8\" data-no-translation-aria-label=\"\"><a data-elementor-open-lightbox=\"yes\" data-elementor-lightbox-slideshow=\"26df2bc\" data-e-action-hash=\"#elementor-action%3Aaction%3Dlightbox%26settings%3DeyJpZCI6MTE0NTUsInVybCI6Imh0dHBzOlwvXC9hcnRhcGFydGFtZW50by5jb21cL3dwLWNvbnRlbnRcL3VwbG9hZHNcLzIwMjRcLzA2XC9EU0M2NjM5LTEtc2NhbGVkLmpwZWcud2VicCIsInNsaWRlc2hvdyI6IjI2ZGYyYmMifQ%3D%3D\" href=\"https:\/\/artapartamento.com\/wp-content\/uploads\/2024\/06\/DSC6639-1-scaled.jpeg.webp\"><figure class=\"swiper-slide-inner\"><img decoding=\"async\" class=\"swiper-slide-image\" src=\"https:\/\/artapartamento.com\/wp-content\/uploads\/2024\/06\/DSC6639-1-scaled.jpeg.webp\" alt=\"\u57c3\u96f7\u7f57\u65af\u5de5\u4f5c\u5ba4_\u6784\u9020\u5b66\" \/><\/figure><\/a><\/div><div class=\"swiper-slide\" role=\"group\" aria-roledescription=\"slide\" aria-label=\"9 \u7684 9\" data-no-translation-aria-label=\"\"><a data-elementor-open-lightbox=\"yes\" data-elementor-lightbox-slideshow=\"26df2bc\" data-e-action-hash=\"#elementor-action%3Aaction%3Dlightbox%26settings%3DeyJpZCI6MTE0NTYsInVybCI6Imh0dHBzOlwvXC9hcnRhcGFydGFtZW50by5jb21cL3dwLWNvbnRlbnRcL3VwbG9hZHNcLzIwMjRcLzA2XC9EU0M2NjU3LXNjYWxlZC5qcGVnIiwic2xpZGVzaG93IjoiMjZkZjJiYyJ9\" href=\"https:\/\/artapartamento.com\/wp-content\/uploads\/2024\/06\/DSC6657-scaled.jpeg\"><figure class=\"swiper-slide-inner\"><img decoding=\"async\" class=\"swiper-slide-image\" src=\"https:\/\/artapartamento.com\/wp-content\/uploads\/2024\/06\/DSC6657-scaled.jpeg\" alt=\"\u57c3\u96f7\u7f57\u65af\u5de5\u4f5c\u5ba4_\u6784\u9020\u5b66\" \/><\/figure><\/a><\/div>\t\t\t<\/div>\n\t\t\t\t\t\t\t\n\t\t\t\t\t\t\t\t\t<\/div>\n\t\t\t\t\t\t<\/div>\n\t\t\t\t<\/div>\n\t\t\t\t<\/div>\n\t\t<div class=\"elementor-element elementor-element-5a692f8f e-con-full e-flex e-con e-child\" data-id=\"5a692f8f\" data-element_type=\"container\" data-e-type=\"container\">\n\t\t\t\t<div class=\"elementor-element elementor-element-7f5a2b22 elementor-widget elementor-widget-heading\" data-id=\"7f5a2b22\" data-element_type=\"widget\" data-e-type=\"widget\" data-widget_type=\"heading.default\">\n\t\t\t\t<div class=\"elementor-widget-container\">\n\t\t\t\t\t<h2 class=\"elementor-heading-title elementor-size-default\"><a href=\"https:\/\/artapartamento.com\/zh\/category\/artistas\/estudio-herreros\/\" rel=\"tag\">\u57c3\u96f7\u7f57\u65af\u5de5\u4f5c\u5ba4<\/a><\/h2>\t\t\t\t<\/div>\n\t\t\t\t<\/div>\n\t\t\t\t<div class=\"elementor-element elementor-element-5dc07215 elementor-widget elementor-widget-text-editor\" data-id=\"5dc07215\" data-element_type=\"widget\" data-e-type=\"widget\" data-widget_type=\"text-editor.default\">\n\t\t\t\t<div class=\"elementor-widget-container\">\n\t\t\t\t\t\t\t\t\t<p>\u5965\u65af\u9646\u8499\u514b\u65b0\u535a\u7269\u9986\u7ade\u8d5b\u6a21\u578b\uff0c2009 \u5e74<br \/>24.5 x 16.1 x 13.3 \u5398\u7c73\uff089.4 x 6.3 x 5.2 \u82f1\u5bf8\uff09<br \/>\u7248\u672c 5<\/p>\t\t\t\t\t\t\t\t<\/div>\n\t\t\t\t<\/div>\n\t\t\t\t<div class=\"elementor-element elementor-element-44f7e8 elementor-widget elementor-widget-text-editor\" data-id=\"44f7e8\" data-element_type=\"widget\" data-e-type=\"widget\" data-widget_type=\"text-editor.default\">\n\t\t\t\t<div class=\"elementor-widget-container\">\n\t\t\t\t\t\t\t\t\t<p>2009 \u5e74\u5965\u65af\u9646\u8499\u514b\u65b0\u535a\u7269\u9986\u8bbe\u8ba1\u548c\u5efa\u9020\u521b\u610f\u5927\u8d5b\u4e2d\u4f7f\u7528\u7684 1:500 \u6bd4\u4f8b\u6a21\u578b\u3002<br \/>\u6a21\u578b\u7531\u4e0d\u540c\u539a\u5ea6\u7684\u4e0a\u6f06\u548c\u6e05\u6f06\u7532\u57fa\u4e19\u70ef\u9178\u7532\u916f\u5236\u6210\uff0c\u5b89\u88c5\u5728 10 \u6beb\u7c73\u539a\u7684\u55b7\u6f06\u767d\u8272\u53d1\u6ce1 PVC \u5e95\u5ea7\u4e0a\u3002\u8be5\u6a21\u578b\u9650\u91cf 5 \u4e2a\u3002<\/p>\t\t\t\t\t\t\t\t<\/div>\n\t\t\t\t<\/div>\n\t\t\t\t<div class=\"elementor-element elementor-element-22938b5b elementor-align-left elementor-widget elementor-widget-button\" data-id=\"22938b5b\" data-element_type=\"widget\" data-e-type=\"widget\" data-widget_type=\"button.default\">\n\t\t\t\t<div class=\"elementor-widget-container\">\n\t\t\t\t\t\t\t\t\t<div class=\"elementor-button-wrapper\">\n\t\t\t\t\t<a class=\"elementor-button elementor-size-sm\" role=\"button\">\n\t\t\t\t\t\t<span class=\"elementor-button-content-wrapper\">\n\t\t\t\t\t\t\t\t\t<span class=\"elementor-button-text\">\u54a8\u8be2<\/span>\n\t\t\t\t\t<\/span>\n\t\t\t\t\t<\/a>\n\t\t\t\t<\/div>\n\t\t\t\t\t\t\t\t<\/div>\n\t\t\t\t<\/div>\n\t\t\t\t<\/div>\n\t\t\t\t<\/div>\n\t\t\t\t<\/div>","protected":false},"excerpt":{"rendered":"<p>Maqueta de concurso del nuevo Museo Munch de Oslo, 200924,5 x 16,1 x 13,3 cm (9.4 x 6.3 x 5.2 in)Edici\u00f3n de 5 Maqueta a escala 1:500 utilizada en el concurso de ideas del a\u00f1o 2009 para el dise\u00f1o y construcci\u00f3n del nuevo Museo Munch de Oslo.La maqueta est\u00e1 construida en metacrilato de diferente espesores [&hellip;]<\/p>\n","protected":false},"author":1,"featured_media":11439,"parent":10649,"menu_order":0,"comment_status":"closed","ping_status":"closed","template":"","meta":{"_acf_changed":false,"footnotes":"","_links_to":"","_links_to_target":""},"categories":[85],"tags":[65],"class_list":["post-11441","page","type-page","status-publish","has-post-thumbnail","hentry","category-estudio-herreros","tag-obra","post","post-with-thumbnail","post-with-thumbnail-large"],"acf":[],"aioseo_notices":[],"_links":{"self":[{"href":"https:\/\/artapartamento.com\/zh\/wp-json\/wp\/v2\/pages\/11441","targetHints":{"allow":["GET"]}}],"collection":[{"href":"https:\/\/artapartamento.com\/zh\/wp-json\/wp\/v2\/pages"}],"about":[{"href":"https:\/\/artapartamento.com\/zh\/wp-json\/wp\/v2\/types\/page"}],"author":[{"embeddable":true,"href":"https:\/\/artapartamento.com\/zh\/wp-json\/wp\/v2\/users\/1"}],"replies":[{"embeddable":true,"href":"https:\/\/artapartamento.com\/zh\/wp-json\/wp\/v2\/comments?post=11441"}],"version-history":[{"count":0,"href":"https:\/\/artapartamento.com\/zh\/wp-json\/wp\/v2\/pages\/11441\/revisions"}],"up":[{"embeddable":true,"href":"https:\/\/artapartamento.com\/zh\/wp-json\/wp\/v2\/pages\/10649"}],"wp:featuredmedia":[{"embeddable":true,"href":"https:\/\/artapartamento.com\/zh\/wp-json\/wp\/v2\/media\/11439"}],"wp:attachment":[{"href":"https:\/\/artapartamento.com\/zh\/wp-json\/wp\/v2\/media?parent=11441"}],"wp:term":[{"taxonomy":"category","embeddable":true,"href":"https:\/\/artapartamento.com\/zh\/wp-json\/wp\/v2\/categories?post=11441"},{"taxonomy":"post_tag","embeddable":true,"href":"https:\/\/artapartamento.com\/zh\/wp-json\/wp\/v2\/tags?post=11441"}],"curies":[{"name":"wp","href":"https:\/\/api.w.org\/{rel}","templated":true}]}}