{"id":11425,"date":"2024-06-06T17:33:48","date_gmt":"2024-06-06T15:33:48","guid":{"rendered":"https:\/\/artapartamento.com\/?page_id=11425"},"modified":"2024-06-06T17:40:42","modified_gmt":"2024-06-06T15:40:42","slug":"%e8%8a%92%e5%a5%87%e5%bb%ba%e7%ad%91%e5%b7%a5%e5%9c%b0-2-%e5%a5%a5%e6%96%af%e9%99%86-2019-%e5%b9%b4-2-%e6%9c%88-%e9%98%bf%e5%be%b7%e9%87%8c%e4%ba%9a-%e5%8f%a4%e6%8b%89","status":"publish","type":"page","link":"https:\/\/artapartamento.com\/zh\/exposiciones\/tectonica\/munch-construction-site-2-oslo-febrero-2019-adria-goula\/","title":{"rendered":"\u5965\u65af\u9646\uff0c2019 \u5e74 2 \u6708\u3002\u963f\u5fb7\u91cc\u5b89-\u53e4\u62c9"},"content":{"rendered":"<div data-elementor-type=\"wp-page\" data-elementor-id=\"11425\" class=\"elementor elementor-11425\" data-elementor-post-type=\"page\">\n\t\t\t\t<div class=\"elementor-element elementor-element-169fcac2 e-con-full e-flex e-con e-parent\" data-id=\"169fcac2\" data-element_type=\"container\" data-e-type=\"container\" data-settings=\"{&quot;background_background&quot;:&quot;classic&quot;}\">\n\t\t<div class=\"elementor-element elementor-element-5cc085fd e-con-full e-flex e-con e-child\" data-id=\"5cc085fd\" data-element_type=\"container\" data-e-type=\"container\">\n\t\t\t\t<div class=\"elementor-element elementor-element-3ab67160 elementor-widget elementor-widget-image-carousel\" data-id=\"3ab67160\" data-element_type=\"widget\" data-e-type=\"widget\" data-settings=\"{&quot;slides_to_show&quot;:&quot;1&quot;,&quot;navigation&quot;:&quot;none&quot;,&quot;autoplay&quot;:&quot;yes&quot;,&quot;pause_on_hover&quot;:&quot;yes&quot;,&quot;pause_on_interaction&quot;:&quot;yes&quot;,&quot;autoplay_speed&quot;:5000,&quot;infinite&quot;:&quot;yes&quot;,&quot;effect&quot;:&quot;slide&quot;,&quot;speed&quot;:500}\" data-widget_type=\"image-carousel.default\">\n\t\t\t\t<div class=\"elementor-widget-container\">\n\t\t\t\t\t\t\t<div class=\"elementor-image-carousel-wrapper swiper\" role=\"region\" aria-roledescription=\"carousel\" aria-label=\"\u56fe\u50cf\u5c55\u5385\" dir=\"ltr\">\n\t\t\t<div class=\"elementor-image-carousel swiper-wrapper swiper-image-stretch\" aria-live=\"off\">\n\t\t\t\t\t\t\t\t<div class=\"swiper-slide\" role=\"group\" aria-roledescription=\"slide\" aria-label=\"1 de 4\" data-no-translation-aria-label=\"\"><a data-elementor-open-lightbox=\"yes\" data-elementor-lightbox-slideshow=\"3ab67160\" data-e-action-hash=\"#elementor-action%3Aaction%3Dlightbox%26settings%3DeyJpZCI6MTE0MzIsInVybCI6Imh0dHBzOlwvXC9hcnRhcGFydGFtZW50by5jb21cL3dwLWNvbnRlbnRcL3VwbG9hZHNcLzIwMjRcLzA2XC9EU0M2NjkzLXNjYWxlZC5qcGVnLndlYnAiLCJzbGlkZXNob3ciOiIzYWI2NzE2MCJ9\" href=\"https:\/\/artapartamento.com\/wp-content\/uploads\/2024\/06\/DSC6693-scaled.jpeg.webp\"><figure class=\"swiper-slide-inner\"><img decoding=\"async\" class=\"swiper-slide-image\" src=\"https:\/\/artapartamento.com\/wp-content\/uploads\/2024\/06\/DSC6693-scaled.jpeg.webp\" alt=\"\u57c3\u96f7\u7f57\u65af\u5de5\u4f5c\u5ba4_\u6784\u9020\u5b66\" \/><\/figure><\/a><\/div><div class=\"swiper-slide\" role=\"group\" aria-roledescription=\"slide\" aria-label=\"2 de 4\" data-no-translation-aria-label=\"\"><a data-elementor-open-lightbox=\"yes\" data-elementor-lightbox-slideshow=\"3ab67160\" data-e-action-hash=\"#elementor-action%3Aaction%3Dlightbox%26settings%3DeyJpZCI6MTE0MjksInVybCI6Imh0dHBzOlwvXC9hcnRhcGFydGFtZW50by5jb21cL3dwLWNvbnRlbnRcL3VwbG9hZHNcLzIwMjRcLzA2XC8xOC5IRVJSRVJPU19URUNUT05JQ0EuanBnLndlYnAiLCJzbGlkZXNob3ciOiIzYWI2NzE2MCJ9\" href=\"https:\/\/artapartamento.com\/wp-content\/uploads\/2024\/06\/18.HERREROS_TECTONICA.jpg.webp\"><figure class=\"swiper-slide-inner\"><img decoding=\"async\" class=\"swiper-slide-image\" src=\"https:\/\/artapartamento.com\/wp-content\/uploads\/2024\/06\/18.HERREROS_TECTONICA.jpg.webp\" alt=\"\u57c3\u96f7\u7f57\u65af\u5de5\u4f5c\u5ba4_\u6784\u9020\u5b66\" \/><\/figure><\/a><\/div><div class=\"swiper-slide\" role=\"group\" aria-roledescription=\"slide\" aria-label=\"3 de 4\" data-no-translation-aria-label=\"\"><a data-elementor-open-lightbox=\"yes\" data-elementor-lightbox-slideshow=\"3ab67160\" data-e-action-hash=\"#elementor-action%3Aaction%3Dlightbox%26settings%3DeyJpZCI6MTE0MzEsInVybCI6Imh0dHBzOlwvXC9hcnRhcGFydGFtZW50by5jb21cL3dwLWNvbnRlbnRcL3VwbG9hZHNcLzIwMjRcLzA2XC9EU0M2NjM5LXNjYWxlZC5qcGVnIiwic2xpZGVzaG93IjoiM2FiNjcxNjAifQ%3D%3D\" href=\"https:\/\/artapartamento.com\/wp-content\/uploads\/2024\/06\/DSC6639-scaled.jpeg\"><figure class=\"swiper-slide-inner\"><img decoding=\"async\" class=\"swiper-slide-image\" src=\"https:\/\/artapartamento.com\/wp-content\/uploads\/2024\/06\/DSC6639-scaled.jpeg\" alt=\"\u57c3\u96f7\u7f57\u65af\u5de5\u4f5c\u5ba4_\u6784\u9020\u5b66\" \/><\/figure><\/a><\/div><div class=\"swiper-slide\" role=\"group\" aria-roledescription=\"slide\" aria-label=\"4 de 4\" data-no-translation-aria-label=\"\"><a data-elementor-open-lightbox=\"yes\" data-elementor-lightbox-slideshow=\"3ab67160\" data-e-action-hash=\"#elementor-action%3Aaction%3Dlightbox%26settings%3DeyJpZCI6MTE0MTQsInVybCI6Imh0dHBzOlwvXC9hcnRhcGFydGFtZW50by5jb21cL3dwLWNvbnRlbnRcL3VwbG9hZHNcLzIwMjRcLzA2XC9EU0M2NjU3LXNjYWxlZC5qcGVnLndlYnAiLCJzbGlkZXNob3ciOiIzYWI2NzE2MCJ9\" href=\"https:\/\/artapartamento.com\/wp-content\/uploads\/2024\/06\/DSC6657-scaled.jpeg.webp\"><figure class=\"swiper-slide-inner\"><img decoding=\"async\" class=\"swiper-slide-image\" src=\"https:\/\/artapartamento.com\/wp-content\/uploads\/2024\/06\/DSC6657-scaled.jpeg.webp\" alt=\"\u57c3\u96f7\u7f57\u65af\u5de5\u4f5c\u5ba4_\u6784\u9020\u5b66\" \/><\/figure><\/a><\/div>\t\t\t<\/div>\n\t\t\t\t\t\t\t\n\t\t\t\t\t\t\t\t\t<\/div>\n\t\t\t\t\t\t<\/div>\n\t\t\t\t<\/div>\n\t\t\t\t<\/div>\n\t\t<div class=\"elementor-element elementor-element-4775bf50 e-con-full e-flex e-con e-child\" data-id=\"4775bf50\" data-element_type=\"container\" data-e-type=\"container\">\n\t\t\t\t<div class=\"elementor-element elementor-element-4cd4f9fb elementor-widget elementor-widget-heading\" data-id=\"4cd4f9fb\" data-element_type=\"widget\" data-e-type=\"widget\" data-widget_type=\"heading.default\">\n\t\t\t\t<div class=\"elementor-widget-container\">\n\t\t\t\t\t<h2 class=\"elementor-heading-title elementor-size-default\"><a href=\"https:\/\/artapartamento.com\/zh\/category\/artistas\/estudio-herreros\/\" rel=\"tag\">\u57c3\u96f7\u7f57\u65af\u5de5\u4f5c\u5ba4<\/a><\/h2>\t\t\t\t<\/div>\n\t\t\t\t<\/div>\n\t\t\t\t<div class=\"elementor-element elementor-element-2a9540dd elementor-widget elementor-widget-text-editor\" data-id=\"2a9540dd\" data-element_type=\"widget\" data-e-type=\"widget\" data-widget_type=\"text-editor.default\">\n\t\t\t\t<div class=\"elementor-widget-container\">\n\t\t\t\t\t\t\t\t\t<p>\u5965\u65af\u9646\uff0c2019 \u5e74 2 \u6708\u3002\u963f\u5fb7\u91cc\u5b89-\u53e4\u62c9<br \/>\u8fea\u90a6\u5370\u7248\u5370\u5237<br \/>60 x 120 \u5398\u7c73\uff0823.6 x 47.2 \u82f1\u5bf8\uff09<\/p>\t\t\t\t\t\t\t\t<\/div>\n\t\t\t\t<\/div>\n\t\t\t\t<div class=\"elementor-element elementor-element-cceb90f elementor-widget elementor-widget-text-editor\" data-id=\"cceb90f\" data-element_type=\"widget\" data-e-type=\"widget\" data-widget_type=\"text-editor.default\">\n\t\t\t\t<div class=\"elementor-widget-container\">\n\t\t\t\t\t\t\t\t\t<p>\u52a0\u6cf0\u7f57\u5c3c\u4e9a\u6444\u5f71\u5e08\u963f\u5fb7\u91cc\u4e9a-\u53e4\u62c9\uff08Adri\u00e0 Goula\uff09\u4e8e 2019 \u5e74 2 \u6708\u62cd\u6444\u7684\u5965\u65af\u9646\u65b0\u8499\u514b\u535a\u7269\u9986\u5efa\u8bbe\u8fc7\u7a0b\u4e2d\u7684\u7167\u7247\u3002<\/p>\t\t\t\t\t\t\t\t<\/div>\n\t\t\t\t<\/div>\n\t\t\t\t<div class=\"elementor-element elementor-element-7d372b7a elementor-align-left elementor-widget elementor-widget-button\" data-id=\"7d372b7a\" data-element_type=\"widget\" data-e-type=\"widget\" data-widget_type=\"button.default\">\n\t\t\t\t<div class=\"elementor-widget-container\">\n\t\t\t\t\t\t\t\t\t<div class=\"elementor-button-wrapper\">\n\t\t\t\t\t<a class=\"elementor-button elementor-size-sm\" role=\"button\">\n\t\t\t\t\t\t<span class=\"elementor-button-content-wrapper\">\n\t\t\t\t\t\t\t\t\t<span class=\"elementor-button-text\">\u54a8\u8be2<\/span>\n\t\t\t\t\t<\/span>\n\t\t\t\t\t<\/a>\n\t\t\t\t<\/div>\n\t\t\t\t\t\t\t\t<\/div>\n\t\t\t\t<\/div>\n\t\t\t\t<\/div>\n\t\t\t\t<\/div>\n\t\t\t\t<\/div>","protected":false},"excerpt":{"rendered":"<p>MUNCH Construction Site 2. Oslo, Febrero 2019. Adri\u00e0 GoulaImpresi\u00f3n sobre plancha Dibond60 x 120 cm (23.6 x 47.2 in) Fotograf\u00eda del nuevo Museo Munch de Oslo durante su proceso de construcci\u00f3n realizada por el fot\u00f3grafo catal\u00e1n Adri\u00e0 Goula en febrero de 2019. Inquiry<\/p>","protected":false},"author":1,"featured_media":11426,"parent":10649,"menu_order":0,"comment_status":"closed","ping_status":"closed","template":"","meta":{"_acf_changed":false,"footnotes":"","_links_to":"","_links_to_target":""},"categories":[85],"tags":[65],"class_list":["post-11425","page","type-page","status-publish","has-post-thumbnail","hentry","category-estudio-herreros","tag-obra","post","post-with-thumbnail","post-with-thumbnail-large"],"acf":[],"aioseo_notices":[],"_links":{"self":[{"href":"https:\/\/artapartamento.com\/zh\/wp-json\/wp\/v2\/pages\/11425","targetHints":{"allow":["GET"]}}],"collection":[{"href":"https:\/\/artapartamento.com\/zh\/wp-json\/wp\/v2\/pages"}],"about":[{"href":"https:\/\/artapartamento.com\/zh\/wp-json\/wp\/v2\/types\/page"}],"author":[{"embeddable":true,"href":"https:\/\/artapartamento.com\/zh\/wp-json\/wp\/v2\/users\/1"}],"replies":[{"embeddable":true,"href":"https:\/\/artapartamento.com\/zh\/wp-json\/wp\/v2\/comments?post=11425"}],"version-history":[{"count":0,"href":"https:\/\/artapartamento.com\/zh\/wp-json\/wp\/v2\/pages\/11425\/revisions"}],"up":[{"embeddable":true,"href":"https:\/\/artapartamento.com\/zh\/wp-json\/wp\/v2\/pages\/10649"}],"wp:featuredmedia":[{"embeddable":true,"href":"https:\/\/artapartamento.com\/zh\/wp-json\/wp\/v2\/media\/11426"}],"wp:attachment":[{"href":"https:\/\/artapartamento.com\/zh\/wp-json\/wp\/v2\/media?parent=11425"}],"wp:term":[{"taxonomy":"category","embeddable":true,"href":"https:\/\/artapartamento.com\/zh\/wp-json\/wp\/v2\/categories?post=11425"},{"taxonomy":"post_tag","embeddable":true,"href":"https:\/\/artapartamento.com\/zh\/wp-json\/wp\/v2\/tags?post=11425"}],"curies":[{"name":"wp","href":"https:\/\/api.w.org\/{rel}","templated":true}]}}