{"id":11280,"date":"2024-06-06T13:53:12","date_gmt":"2024-06-06T11:53:12","guid":{"rendered":"https:\/\/artapartamento.com\/?page_id=11280"},"modified":"2024-06-06T15:55:42","modified_gmt":"2024-06-06T13:55:42","slug":"%e6%97%a0%e6%a0%87%e9%a2%98_12-%e8%b5%9b%e9%a9%ac%e5%9c%ba","status":"publish","type":"page","link":"https:\/\/artapartamento.com\/zh\/exposiciones\/tectonica\/sin-titulo_12-hipodromo\/","title":{"rendered":"\u65e0\u9898_12\uff0c\u5e0c\u6ce2\u675c\u59c6\u5267\u9662"},"content":{"rendered":"<div data-elementor-type=\"wp-page\" data-elementor-id=\"11280\" class=\"elementor elementor-11280\" data-elementor-post-type=\"page\">\n\t\t\t\t<div class=\"elementor-element elementor-element-6339ab85 e-con-full e-flex e-con e-parent\" data-id=\"6339ab85\" data-element_type=\"container\" data-e-type=\"container\" data-settings=\"{&quot;background_background&quot;:&quot;classic&quot;}\">\n\t\t<div class=\"elementor-element elementor-element-5dde6d59 e-con-full e-flex e-con e-child\" data-id=\"5dde6d59\" data-element_type=\"container\" data-e-type=\"container\">\n\t\t\t\t<div class=\"elementor-element elementor-element-5853fd45 elementor-widget elementor-widget-image-carousel\" data-id=\"5853fd45\" data-element_type=\"widget\" data-e-type=\"widget\" data-settings=\"{&quot;slides_to_show&quot;:&quot;1&quot;,&quot;navigation&quot;:&quot;none&quot;,&quot;autoplay&quot;:&quot;yes&quot;,&quot;pause_on_hover&quot;:&quot;yes&quot;,&quot;pause_on_interaction&quot;:&quot;yes&quot;,&quot;autoplay_speed&quot;:5000,&quot;infinite&quot;:&quot;yes&quot;,&quot;effect&quot;:&quot;slide&quot;,&quot;speed&quot;:500}\" data-widget_type=\"image-carousel.default\">\n\t\t\t\t<div class=\"elementor-widget-container\">\n\t\t\t\t\t\t\t<div class=\"elementor-image-carousel-wrapper swiper\" role=\"region\" aria-roledescription=\"carousel\" aria-label=\"\u56fe\u50cf\u8f6e\u64ad\" dir=\"ltr\">\n\t\t\t<div class=\"elementor-image-carousel swiper-wrapper swiper-image-stretch\" aria-live=\"off\">\n\t\t\t\t\t\t\t\t<div class=\"swiper-slide\" role=\"group\" aria-roledescription=\"slide\" aria-label=\"4 \u7684 1\" data-no-translation-aria-label=\"\"><a data-elementor-open-lightbox=\"yes\" data-elementor-lightbox-slideshow=\"5853fd45\" data-e-action-hash=\"#elementor-action%3Aaction%3Dlightbox%26settings%3DeyJpZCI6MTEyODcsInVybCI6Imh0dHBzOlwvXC9hcnRhcGFydGFtZW50by5jb21cL3dwLWNvbnRlbnRcL3VwbG9hZHNcLzIwMjRcLzA2XC84LlRFQ1RPTklDQV9KVUFOLUJBUkFKQS5qcGcud2VicCIsInNsaWRlc2hvdyI6IjU4NTNmZDQ1In0%3D\" href=\"https:\/\/artapartamento.com\/wp-content\/uploads\/2024\/06\/8.TECTONICA_JUAN-BARAJA.jpg.webp\"><figure class=\"swiper-slide-inner\"><img decoding=\"async\" class=\"swiper-slide-image\" src=\"https:\/\/artapartamento.com\/wp-content\/uploads\/2024\/06\/8.TECTONICA_JUAN-BARAJA.jpg.webp\" alt=\"8.TECTONICA_JUAN BARAJA\" \/><\/figure><\/a><\/div><div class=\"swiper-slide\" role=\"group\" aria-roledescription=\"slide\" aria-label=\"4 \u7684 2\" data-no-translation-aria-label=\"\"><a data-elementor-open-lightbox=\"yes\" data-elementor-lightbox-slideshow=\"5853fd45\" data-e-action-hash=\"#elementor-action%3Aaction%3Dlightbox%26settings%3DeyJpZCI6MTEyODgsInVybCI6Imh0dHBzOlwvXC9hcnRhcGFydGFtZW50by5jb21cL3dwLWNvbnRlbnRcL3VwbG9hZHNcLzIwMjRcLzA2XC84Qi5URUNUT05JQ0FfSlVBTi1CQVJBSkEuanBnLndlYnAiLCJzbGlkZXNob3ciOiI1ODUzZmQ0NSJ9\" href=\"https:\/\/artapartamento.com\/wp-content\/uploads\/2024\/06\/8B.TECTONICA_JUAN-BARAJA.jpg.webp\"><figure class=\"swiper-slide-inner\"><img decoding=\"async\" class=\"swiper-slide-image\" src=\"https:\/\/artapartamento.com\/wp-content\/uploads\/2024\/06\/8B.TECTONICA_JUAN-BARAJA.jpg.webp\" alt=\"\u80e1\u5b89-\u5df4\u62c9\u54c8_\u65e0\u9898_12\uff0cHippodrome_Tectonics\" \/><\/figure><\/a><\/div><div class=\"swiper-slide\" role=\"group\" aria-roledescription=\"slide\" aria-label=\"4 \u7684 3\" data-no-translation-aria-label=\"\"><a data-elementor-open-lightbox=\"yes\" data-elementor-lightbox-slideshow=\"5853fd45\" data-e-action-hash=\"#elementor-action%3Aaction%3Dlightbox%26settings%3DeyJpZCI6MTEyODksInVybCI6Imh0dHBzOlwvXC9hcnRhcGFydGFtZW50by5jb21cL3dwLWNvbnRlbnRcL3VwbG9hZHNcLzIwMjRcLzA2XC9EU0M2NTg2LWNvcHktc2NhbGVkLmpwZy53ZWJwIiwic2xpZGVzaG93IjoiNTg1M2ZkNDUifQ%3D%3D\" href=\"https:\/\/artapartamento.com\/wp-content\/uploads\/2024\/06\/DSC6586-copy-scaled.jpg.webp\"><figure class=\"swiper-slide-inner\"><img decoding=\"async\" class=\"swiper-slide-image\" src=\"https:\/\/artapartamento.com\/wp-content\/uploads\/2024\/06\/DSC6586-copy-scaled.jpg.webp\" alt=\"\u80e1\u5b89-\u5df4\u62c9\u54c8_\u65e0\u9898_12\uff0cHippodrome_Tectonics\" \/><\/figure><\/a><\/div><div class=\"swiper-slide\" role=\"group\" aria-roledescription=\"slide\" aria-label=\"4 \u7684 4\" data-no-translation-aria-label=\"\"><a data-elementor-open-lightbox=\"yes\" data-elementor-lightbox-slideshow=\"5853fd45\" data-e-action-hash=\"#elementor-action%3Aaction%3Dlightbox%26settings%3DeyJpZCI6MTEyOTAsInVybCI6Imh0dHBzOlwvXC9hcnRhcGFydGFtZW50by5jb21cL3dwLWNvbnRlbnRcL3VwbG9hZHNcLzIwMjRcLzA2XC9EU0M2NTg5LWNvcHktc2NhbGVkLmpwZy53ZWJwIiwic2xpZGVzaG93IjoiNTg1M2ZkNDUifQ%3D%3D\" href=\"https:\/\/artapartamento.com\/wp-content\/uploads\/2024\/06\/DSC6589-copy-scaled.jpg.webp\"><figure class=\"swiper-slide-inner\"><img decoding=\"async\" class=\"swiper-slide-image\" src=\"https:\/\/artapartamento.com\/wp-content\/uploads\/2024\/06\/DSC6589-copy-scaled.jpg.webp\" alt=\"\u80e1\u5b89-\u5df4\u62c9\u54c8_\u65e0\u9898_12\uff0cHippodrome_Tectonics\" \/><\/figure><\/a><\/div>\t\t\t<\/div>\n\t\t\t\t\t\t\t\n\t\t\t\t\t\t\t\t\t<\/div>\n\t\t\t\t\t\t<\/div>\n\t\t\t\t<\/div>\n\t\t\t\t<\/div>\n\t\t<div class=\"elementor-element elementor-element-6c30c7ad e-con-full e-flex e-con e-child\" data-id=\"6c30c7ad\" data-element_type=\"container\" data-e-type=\"container\">\n\t\t\t\t<div class=\"elementor-element elementor-element-57ca5535 elementor-widget elementor-widget-heading\" data-id=\"57ca5535\" data-element_type=\"widget\" data-e-type=\"widget\" data-widget_type=\"heading.default\">\n\t\t\t\t<div class=\"elementor-widget-container\">\n\t\t\t\t\t<h2 class=\"elementor-heading-title elementor-size-default\"><a href=\"https:\/\/artapartamento.com\/zh\/category\/artistas\/juan-baraja\/\" rel=\"tag\">\u80e1\u5b89-\u5df4\u62c9\u54c8<\/a><\/h2>\t\t\t\t<\/div>\n\t\t\t\t<\/div>\n\t\t\t\t<div class=\"elementor-element elementor-element-840cc11 elementor-widget elementor-widget-text-editor\" data-id=\"840cc11\" data-element_type=\"widget\" data-e-type=\"widget\" data-widget_type=\"text-editor.default\">\n\t\t\t\t<div class=\"elementor-widget-container\">\n\t\t\t\t\t\t\t\t\t<p>\u65e0\u9898_12\u300b\uff0c\u5e0c\u6ce2\u5fb7\u59c6\uff0c2014 \u5e74<br \/>\u7eaf\u68c9\u7eb8\u5f20\u4e0a\u7684\u77ff\u7269\u989c\u6599\u5370\u5237<br \/>\u8d85\u5149\u6ed1\u7167\u7247\u62b9\u5e03<br \/>156 x 125 \u5398\u7c73\uff0861.4 x 49.2 \u82f1\u5bf8\uff09<br \/>\u7248\u672c 5 + 1 P\/A<\/p>\t\t\t\t\t\t\t\t<\/div>\n\t\t\t\t<\/div>\n\t\t\t\t<div class=\"elementor-element elementor-element-6a29408 elementor-widget elementor-widget-text-editor\" data-id=\"6a29408\" data-element_type=\"widget\" data-e-type=\"widget\" data-widget_type=\"text-editor.default\">\n\t\t\t\t<div class=\"elementor-widget-container\">\n\t\t\t\t\t\t\t\t\t<p>\u80e1\u5b89-\u5df4\u62c9\u54c8\u4f5c\u54c1\u4e2d\u7684\u4e00\u4e2a\u5e38\u91cf\u4e0e\u4ed6\u5728\u7f8e\u672f\u4e13\u4e1a\u5b66\u4e60\u671f\u95f4\u5728\u6a21\u62df\u663e\u5f71\u5b9e\u9a8c\u5ba4\u63a5\u53d7\u7684\u57f9\u8bad\u4ee5\u53ca\u5bf9\u5149\u7ebf\u7684\u7814\u7a76\u6709\u5173\u3002\u5728\u4ed6\u5bf9\u6444\u5f71\u548c\u5efa\u7b51\u7684\u601d\u8003\u4e2d\uff0c\u5149\u83b7\u5f97\u4e86\u4e00\u79cd\u5efa\u8bbe\u6027\u6750\u6599\u7684\u6761\u4ef6\u3002\u57fa\u4e8e\u8fd9\u4e00\u524d\u63d0\uff0c\u4ed6\u5728 2014 \u5e74\u4f5c\u4e3a\u6444\u5f71\u5e08\u5f00\u5c55\u804c\u4e1a\u6d3b\u52a8\u7684\u7b2c\u4e00\u9636\u6bb5\u521b\u4f5c\u4e86\u300aHip\u00f3dromo\u300b\u7cfb\u5217\u4f5c\u54c1\uff0c\u4ee5\u53ca\u300a\u00c1guas Livres\u300b\u3002\u5728\u8fd9\u91cc\uff0c\u4ed6\u7684\u6ce8\u610f\u529b\u96c6\u4e2d\u5728\u4f4d\u4e8e\u9a6c\u5fb7\u91cc\u9644\u8fd1\u8428\u5c14\u82cf\u57c3\u62c9\u5c71\u4e0a\u7684\u8428\u5c14\u82cf\u57c3\u62c9\u8d5b\u9a6c\u573a\uff08Hip\u00f3dromo de la Zarzuela\uff09\u7684\u7406\u6027\u4e3b\u4e49\u5efa\u7b51\u4e0a\uff0c\u8be5\u8d5b\u9a6c\u573a\u5efa\u4e8e 1931 \u5e74\u3002\u8d5b\u9a6c\u573a\u7684\u4e3b\u8981\u8bbe\u65bd\u7531\u5efa\u7b51\u5e08\u5361\u6d1b\u65af-\u963f\u5c14\u5c3c\u5207\u65af-\u83ab\u5c14\u6258\uff08Carlos Arniches Molt\u00f3\uff09\u548c\u9a6c\u4e01-\u591a\u660e\u683c\u65af\uff08Mart\u00edn Dom\u00ednguez\uff09\u8bbe\u8ba1\uff0c\u5e76\u5f97\u5230\u4e86\u5de5\u7a0b\u5e08\u7231\u5fb7\u534e\u591a-\u6258\u7f57\u54c8\uff08Eduardo Torroja\uff09\u7684\u5408\u4f5c\u3002<br \/><br \/>\u8be5\u5efa\u7b51\u7fa4\uff0c\u5c24\u5176\u662f\u5176\u62a4\u6c11\u5b98\uff081980 \u5e74\u88ab\u5ba3\u5e03\u4e3a\u5386\u53f2\u827a\u672f\u7eaa\u5ff5\u7891\uff0c2009 \u5e74\u88ab\u5ba3\u5e03\u4e3a\u5177\u6709\u6587\u5316\u4ef7\u503c\u7684\u8d44\u4ea7\uff09\u7684\u5353\u8d8a\u5efa\u7b51\u54c1\u8d28\uff0c\u5728\u5176\u8dcc\u5b95\u8d77\u4f0f\u7684\u53d1\u5c55\u5386\u7a0b\u4e2d\u663e\u5f97\u5c24\u4e3a\u7a81\u51fa\u3002<br \/>\u7ba1\u7406\u548c\u8fd0\u8425\u3002\u5728\u5f81\u7528\u524d Hip\u00f3dromo de la Castellana \u4ee5\u5efa\u9020\u65b0\u90e8\u59d4\u5927\u697c\u4e4b\u540e\uff0c\u5f17\u6717\u897f\u65af\u79d1-\u4f5b\u6717\u54e5\u5c06\u519b\u7684\u653f\u6743\u6700\u7ec8\u901a\u8fc7 1940 \u5e74\u7684\u4e00\u9879\u6cd5\u4ee4\uff0c\u5c06\u8fd9\u5757\u571f\u5730\u548c\u8fd1\u5341\u5e74\u524d\u5f00\u59cb\u5efa\u9020\u7684\u5927\u697c\u8ba9\u7ed9\u4e86\u897f\u73ed\u7259\u5361\u74e6\u62c9\u4fc3\u8fdb\u548c\u53d1\u5c55\u516c\u53f8\u30021992 \u5e74\uff0c\u8be5\u516c\u53f8\u7834\u4ea7\uff0c\u4e4b\u540e\u53c8\u8fdb\u884c\u4e86\u591a\u6b21\u62db\u6807\u3001\u5173\u95ed\u548c\u91cd\u65b0\u5206\u914d\uff0c\u76f4\u5230 2005 \u5e74\u624d\u91cd\u65b0\u5f00\u5f20\uff0c\u7531\u56fd\u5bb6\u9057\u4ea7\u516c\u53f8\uff08Patrimonio Nacional\uff09\u3001Hip\u00f3dromo de la Zarzuela, S.A.\u516c\u53f8\u548c\u897f\u73ed\u7259\u7535\u529b\u516c\u53f8\uff08SEPI\uff09\u7ba1\u7406\u5e76\u53c2\u4e0e\u884c\u653f\u548c\u57fa\u7840\u8bbe\u65bd\u5efa\u8bbe\u3002<\/p><p style=\"text-align: right;\">\u963f\u5c14\u5f17\u96f7\u591a-\u666e\u6069\u7279\uff0cFCAYC<\/p>\t\t\t\t\t\t\t\t<\/div>\n\t\t\t\t<\/div>\n\t\t\t\t<div class=\"elementor-element elementor-element-5b3bebd5 elementor-align-left elementor-widget elementor-widget-button\" data-id=\"5b3bebd5\" data-element_type=\"widget\" data-e-type=\"widget\" data-widget_type=\"button.default\">\n\t\t\t\t<div class=\"elementor-widget-container\">\n\t\t\t\t\t\t\t\t\t<div class=\"elementor-button-wrapper\">\n\t\t\t\t\t<a class=\"elementor-button elementor-size-sm\" role=\"button\">\n\t\t\t\t\t\t<span class=\"elementor-button-content-wrapper\">\n\t\t\t\t\t\t\t\t\t<span class=\"elementor-button-text\">\u54a8\u8be2<\/span>\n\t\t\t\t\t<\/span>\n\t\t\t\t\t<\/a>\n\t\t\t\t<\/div>\n\t\t\t\t\t\t\t\t<\/div>\n\t\t\t\t<\/div>\n\t\t\t\t<\/div>\n\t\t\t\t<\/div>\n\t\t\t\t<\/div>","protected":false},"excerpt":{"rendered":"<p>Sin t\u00edtulo_12, Hip\u00f3dromo, 2014Impresi\u00f3n de pigmentos minerales sobre papel algod\u00f3nPhoto Rag Ultra Smooth156 x 125 cm (61.4 x 49.2 in)Edici\u00f3n de 5 + 1 P\/A Una de las constantes en el trabajo de Juan Baraja est\u00e1 asociada a la formaci\u00f3n que recibe en el laboratorio de revelado anal\u00f3gico durante sus estudios de Bellas Artes y [&hellip;]<\/p>\n","protected":false},"author":1,"featured_media":11283,"parent":10649,"menu_order":0,"comment_status":"closed","ping_status":"closed","template":"","meta":{"_acf_changed":false,"footnotes":"","_links_to":"","_links_to_target":""},"categories":[82],"tags":[65],"class_list":["post-11280","page","type-page","status-publish","has-post-thumbnail","hentry","category-juan-baraja","tag-obra","post","post-with-thumbnail","post-with-thumbnail-large"],"acf":[],"aioseo_notices":[],"_links":{"self":[{"href":"https:\/\/artapartamento.com\/zh\/wp-json\/wp\/v2\/pages\/11280","targetHints":{"allow":["GET"]}}],"collection":[{"href":"https:\/\/artapartamento.com\/zh\/wp-json\/wp\/v2\/pages"}],"about":[{"href":"https:\/\/artapartamento.com\/zh\/wp-json\/wp\/v2\/types\/page"}],"author":[{"embeddable":true,"href":"https:\/\/artapartamento.com\/zh\/wp-json\/wp\/v2\/users\/1"}],"replies":[{"embeddable":true,"href":"https:\/\/artapartamento.com\/zh\/wp-json\/wp\/v2\/comments?post=11280"}],"version-history":[{"count":0,"href":"https:\/\/artapartamento.com\/zh\/wp-json\/wp\/v2\/pages\/11280\/revisions"}],"up":[{"embeddable":true,"href":"https:\/\/artapartamento.com\/zh\/wp-json\/wp\/v2\/pages\/10649"}],"wp:featuredmedia":[{"embeddable":true,"href":"https:\/\/artapartamento.com\/zh\/wp-json\/wp\/v2\/media\/11283"}],"wp:attachment":[{"href":"https:\/\/artapartamento.com\/zh\/wp-json\/wp\/v2\/media?parent=11280"}],"wp:term":[{"taxonomy":"category","embeddable":true,"href":"https:\/\/artapartamento.com\/zh\/wp-json\/wp\/v2\/categories?post=11280"},{"taxonomy":"post_tag","embeddable":true,"href":"https:\/\/artapartamento.com\/zh\/wp-json\/wp\/v2\/tags?post=11280"}],"curies":[{"name":"wp","href":"https:\/\/api.w.org\/{rel}","templated":true}]}}