{"id":11029,"date":"2024-06-05T14:14:34","date_gmt":"2024-06-05T12:14:34","guid":{"rendered":"https:\/\/artapartamento.com\/?page_id=11029"},"modified":"2024-06-05T14:33:25","modified_gmt":"2024-06-05T12:33:25","slug":"%e5%bd%a9%e8%89%b2%e7%9a%84%e4%bc%8a%e8%8e%b2%e5%a8%9c-%e4%b8%bd%e8%8e%8e%e5%92%8c%e6%b3%a2%e6%96%af%e8%be%be%e9%bb%98-%e6%99%ae%e6%8b%89%e8%8c%a8","status":"publish","type":"page","link":"https:\/\/artapartamento.com\/zh\/artistas\/leandro-feal\/elena-lisa-y-postdamer-platz-a-color\/","title":{"rendered":"\u5f69\u8272\u7684\u57c3\u7433\u5a1c\u3001\u4e3d\u838e\u548c\u6ce2\u8328\u5766\u5e7f\u573a"},"content":{"rendered":"<div data-elementor-type=\"wp-page\" data-elementor-id=\"11029\" class=\"elementor elementor-11029\" data-elementor-post-type=\"page\">\n\t\t\t\t<div class=\"elementor-element elementor-element-654349ae e-con-full e-flex e-con e-parent\" data-id=\"654349ae\" data-element_type=\"container\" data-e-type=\"container\" data-settings=\"{&quot;background_background&quot;:&quot;classic&quot;}\">\n\t\t<div class=\"elementor-element elementor-element-20c57d52 e-con-full e-flex e-con e-child\" data-id=\"20c57d52\" data-element_type=\"container\" data-e-type=\"container\">\n\t\t\t\t<div class=\"elementor-element elementor-element-1ab37a1 elementor-widget elementor-widget-image-carousel\" data-id=\"1ab37a1\" data-element_type=\"widget\" data-e-type=\"widget\" data-settings=\"{&quot;slides_to_show&quot;:&quot;1&quot;,&quot;navigation&quot;:&quot;none&quot;,&quot;autoplay&quot;:&quot;yes&quot;,&quot;pause_on_hover&quot;:&quot;yes&quot;,&quot;pause_on_interaction&quot;:&quot;yes&quot;,&quot;autoplay_speed&quot;:5000,&quot;infinite&quot;:&quot;yes&quot;,&quot;effect&quot;:&quot;slide&quot;,&quot;speed&quot;:500}\" data-widget_type=\"image-carousel.default\">\n\t\t\t\t<div class=\"elementor-widget-container\">\n\t\t\t\t\t\t\t<div class=\"elementor-image-carousel-wrapper swiper\" role=\"region\" aria-roledescription=\"carousel\" aria-label=\"Image Carousel\" dir=\"ltr\" data-no-translation-aria-label=\"\">\n\t\t\t<div class=\"elementor-image-carousel swiper-wrapper swiper-image-stretch\" aria-live=\"off\">\n\t\t\t\t\t\t\t\t<div class=\"swiper-slide\" role=\"group\" aria-roledescription=\"slide\" aria-label=\"1 of 2\" data-no-translation-aria-label=\"\"><a data-elementor-open-lightbox=\"yes\" data-elementor-lightbox-slideshow=\"1ab37a1\" data-e-action-hash=\"#elementor-action%3Aaction%3Dlightbox%26settings%3DeyJpZCI6MTEwMzAsInVybCI6Imh0dHBzOlwvXC9hcnRhcGFydGFtZW50by5jb21cL3dwLWNvbnRlbnRcL3VwbG9hZHNcLzIwMjRcLzA2XC9EU0M1OTE2LXNjYWxlZC5qcGVnLndlYnAiLCJzbGlkZXNob3ciOiIxYWIzN2ExIn0%3D\" href=\"https:\/\/artapartamento.com\/wp-content\/uploads\/2024\/06\/DSC5916-scaled.jpeg.webp\"><figure class=\"swiper-slide-inner\"><img decoding=\"async\" class=\"swiper-slide-image\" src=\"https:\/\/artapartamento.com\/wp-content\/uploads\/2024\/06\/DSC5916-scaled.jpeg.webp\" alt=\"\u7eff\u8272\u54c8\u74e6\u90a3_\u83b1\u6602\u5fb7\u7f57-\u8d39\u5c14\" \/><\/figure><\/a><\/div><div class=\"swiper-slide\" role=\"group\" aria-roledescription=\"slide\" aria-label=\"2 of 2\" data-no-translation-aria-label=\"\"><a data-elementor-open-lightbox=\"yes\" data-elementor-lightbox-slideshow=\"1ab37a1\" data-e-action-hash=\"#elementor-action%3Aaction%3Dlightbox%26settings%3DeyJpZCI6MTEwMzgsInVybCI6Imh0dHBzOlwvXC9hcnRhcGFydGFtZW50by5jb21cL3dwLWNvbnRlbnRcL3VwbG9hZHNcLzIwMjRcLzA2XC9EU0M2MDY2LWNvcHktc2NhbGVkLmpwZy53ZWJwIiwic2xpZGVzaG93IjoiMWFiMzdhMSJ9\" href=\"https:\/\/artapartamento.com\/wp-content\/uploads\/2024\/06\/DSC6066-copy-scaled.jpg.webp\"><figure class=\"swiper-slide-inner\"><img decoding=\"async\" class=\"swiper-slide-image\" src=\"https:\/\/artapartamento.com\/wp-content\/uploads\/2024\/06\/DSC6066-copy-scaled.jpg.webp\" alt=\"\u7eff\u8272\u54c8\u74e6\u90a3_\u83b1\u6602\u5fb7\u7f57-\u8d39\u5c14\" \/><\/figure><\/a><\/div>\t\t\t<\/div>\n\t\t\t\t\t\t\t\n\t\t\t\t\t\t\t\t\t<\/div>\n\t\t\t\t\t\t<\/div>\n\t\t\t\t<\/div>\n\t\t\t\t<\/div>\n\t\t<div class=\"elementor-element elementor-element-4d01a53a e-con-full e-flex e-con e-child\" data-id=\"4d01a53a\" data-element_type=\"container\" data-e-type=\"container\">\n\t\t\t\t<div class=\"elementor-element elementor-element-6bfbd680 elementor-widget elementor-widget-heading\" data-id=\"6bfbd680\" data-element_type=\"widget\" data-e-type=\"widget\" data-widget_type=\"heading.default\">\n\t\t\t\t<div class=\"elementor-widget-container\">\n\t\t\t\t\t<h2 class=\"elementor-heading-title elementor-size-default\"><a href=\"https:\/\/artapartamento.com\/zh\/category\/artistas\/leandro-feal\/\" rel=\"tag\">\u83b1\u5b89\u5fb7\u7f57-\u8d39\u5c14<\/a><\/h2>\t\t\t\t<\/div>\n\t\t\t\t<\/div>\n\t\t\t\t<div class=\"elementor-element elementor-element-24c0771e elementor-widget elementor-widget-text-editor\" data-id=\"24c0771e\" data-element_type=\"widget\" data-e-type=\"widget\" data-widget_type=\"text-editor.default\">\n\t\t\t\t<div class=\"elementor-widget-container\">\n\t\t\t\t\t\t\t\t\t<p>2023-2024\u5e74\u5f69\u8272\u7684\u57c3\u7433\u5a1c\u3001\u4e3d\u838e\u548c\u6ce2\u8328\u5766\u5e7f\u573a<br \/>\u4f7f\u7528 310 \u514b Baryta \u7eb8\u6253\u5370\u7684 UltraChrome \u7167\u7247\u3002<br \/>\u5f69\u8272\u6444\u5f71\u3001\u9ed1\u767d\u5e95\u7247\u6444\u5f71\u548c<br \/>\u6570\u7801\u7167\u4eae\u7684\u9ed1\u767d\u7167\u7247\u3002<br \/>\u4e09\u8054\u753b<br \/>180 x 112 \u5398\u7c73\uff0831.5 x 47.2 \u82f1\u5bf8\uff09\uff08\u6bcf\u4e2a\uff09<br \/>2 + 1AP<\/p>\t\t\t\t\t\t\t\t<\/div>\n\t\t\t\t<\/div>\n\t\t\t\t<div class=\"elementor-element elementor-element-28ea9479 elementor-align-left elementor-widget elementor-widget-button\" data-id=\"28ea9479\" data-element_type=\"widget\" data-e-type=\"widget\" data-widget_type=\"button.default\">\n\t\t\t\t<div class=\"elementor-widget-container\">\n\t\t\t\t\t\t\t\t\t<div class=\"elementor-button-wrapper\">\n\t\t\t\t\t<a class=\"elementor-button elementor-size-sm\" role=\"button\">\n\t\t\t\t\t\t<span class=\"elementor-button-content-wrapper\">\n\t\t\t\t\t\t\t\t\t<span class=\"elementor-button-text\">\u54a8\u8be2<\/span>\n\t\t\t\t\t<\/span>\n\t\t\t\t\t<\/a>\n\t\t\t\t<\/div>\n\t\t\t\t\t\t\t\t<\/div>\n\t\t\t\t<\/div>\n\t\t\t\t<\/div>\n\t\t\t\t<\/div>\n\t\t\t\t<\/div>","protected":false},"excerpt":{"rendered":"<p>Elena, Lisa y Postdamer Platz a color, 2023 &#8211; 2024Impresi\u00f3n UltraChrome sobre papel Baryta 310 g.Fotograf\u00eda a color, Fotograf\u00eda B\/N en negativo yFotograf\u00eda B\/N iluminada digitalmente.Tr\u00edptico.180 x 112 cm (31.5 x 47.2 in) (c\/u)Ed. 2 + 1AP Inquiry<\/p>","protected":false},"author":1,"featured_media":11030,"parent":3212,"menu_order":0,"comment_status":"closed","ping_status":"closed","template":"","meta":{"_acf_changed":false,"footnotes":"","_links_to":"","_links_to_target":""},"categories":[51],"tags":[65],"class_list":["post-11029","page","type-page","status-publish","has-post-thumbnail","hentry","category-leandro-feal","tag-obra","post","post-with-thumbnail","post-with-thumbnail-large"],"acf":[],"aioseo_notices":[],"_links":{"self":[{"href":"https:\/\/artapartamento.com\/zh\/wp-json\/wp\/v2\/pages\/11029","targetHints":{"allow":["GET"]}}],"collection":[{"href":"https:\/\/artapartamento.com\/zh\/wp-json\/wp\/v2\/pages"}],"about":[{"href":"https:\/\/artapartamento.com\/zh\/wp-json\/wp\/v2\/types\/page"}],"author":[{"embeddable":true,"href":"https:\/\/artapartamento.com\/zh\/wp-json\/wp\/v2\/users\/1"}],"replies":[{"embeddable":true,"href":"https:\/\/artapartamento.com\/zh\/wp-json\/wp\/v2\/comments?post=11029"}],"version-history":[{"count":0,"href":"https:\/\/artapartamento.com\/zh\/wp-json\/wp\/v2\/pages\/11029\/revisions"}],"up":[{"embeddable":true,"href":"https:\/\/artapartamento.com\/zh\/wp-json\/wp\/v2\/pages\/3212"}],"wp:featuredmedia":[{"embeddable":true,"href":"https:\/\/artapartamento.com\/zh\/wp-json\/wp\/v2\/media\/11030"}],"wp:attachment":[{"href":"https:\/\/artapartamento.com\/zh\/wp-json\/wp\/v2\/media?parent=11029"}],"wp:term":[{"taxonomy":"category","embeddable":true,"href":"https:\/\/artapartamento.com\/zh\/wp-json\/wp\/v2\/categories?post=11029"},{"taxonomy":"post_tag","embeddable":true,"href":"https:\/\/artapartamento.com\/zh\/wp-json\/wp\/v2\/tags?post=11029"}],"curies":[{"name":"wp","href":"https:\/\/api.w.org\/{rel}","templated":true}]}}