{"id":10074,"date":"2024-03-27T18:19:17","date_gmt":"2024-03-27T17:19:17","guid":{"rendered":"https:\/\/artapartamento.com\/?page_id=10074"},"modified":"2024-03-27T18:21:03","modified_gmt":"2024-03-27T17:21:03","slug":"%e7%8e%b0%e4%bb%a3%e6%80%a7%e7%bb%88%e7%bb%93","status":"publish","type":"page","link":"https:\/\/artapartamento.com\/zh\/artistas\/los-bravu\/la-modernidad-se-ha-terminado\/","title":{"rendered":"\u73b0\u4ee3\u5316\u5df2\u7ecf\u7ed3\u675f"},"content":{"rendered":"<div data-elementor-type=\"wp-page\" data-elementor-id=\"10074\" class=\"elementor elementor-10074\" data-elementor-post-type=\"page\">\n\t\t\t\t<div class=\"elementor-element elementor-element-2a30a574 e-con-full e-flex e-con e-parent\" data-id=\"2a30a574\" data-element_type=\"container\" data-e-type=\"container\" data-settings=\"{&quot;background_background&quot;:&quot;classic&quot;}\">\n\t\t<div class=\"elementor-element elementor-element-2d79ff90 e-con-full e-flex e-con e-child\" data-id=\"2d79ff90\" data-element_type=\"container\" data-e-type=\"container\">\n\t\t\t\t<div class=\"elementor-element elementor-element-b27a616 elementor-widget elementor-widget-image-carousel\" data-id=\"b27a616\" data-element_type=\"widget\" data-e-type=\"widget\" data-settings=\"{&quot;slides_to_show&quot;:&quot;1&quot;,&quot;navigation&quot;:&quot;none&quot;,&quot;autoplay&quot;:&quot;yes&quot;,&quot;pause_on_hover&quot;:&quot;yes&quot;,&quot;pause_on_interaction&quot;:&quot;yes&quot;,&quot;autoplay_speed&quot;:5000,&quot;infinite&quot;:&quot;yes&quot;,&quot;effect&quot;:&quot;slide&quot;,&quot;speed&quot;:500}\" data-widget_type=\"image-carousel.default\">\n\t\t\t\t<div class=\"elementor-widget-container\">\n\t\t\t\t\t\t\t<div class=\"elementor-image-carousel-wrapper swiper\" role=\"region\" aria-roledescription=\"carousel\" aria-label=\"\u56fe\u50cf\u8f66\" dir=\"ltr\">\n\t\t\t<div class=\"elementor-image-carousel swiper-wrapper swiper-image-stretch\" aria-live=\"off\">\n\t\t\t\t\t\t\t\t<div class=\"swiper-slide\" role=\"group\" aria-roledescription=\"slide\" aria-label=\"1 de 1\" data-no-translation-aria-label=\"\"><a data-elementor-open-lightbox=\"yes\" data-elementor-lightbox-slideshow=\"b27a616\" data-e-action-hash=\"#elementor-action%3Aaction%3Dlightbox%26settings%3DeyJpZCI6MTAwNDYsInVybCI6Imh0dHBzOlwvXC9hcnRhcGFydGFtZW50by5jb21cL3dwLWNvbnRlbnRcL3VwbG9hZHNcLzIwMjRcLzAzXC9PYnJhLUJyYXZ1XHUyNTYwdS1jb3B5LXNjYWxlZC5qcGcud2VicCIsInNsaWRlc2hvdyI6ImIyN2E2MTYifQ%3D%3D\" href=\"https:\/\/artapartamento.com\/wp-content\/uploads\/2024\/03\/Obra-Bravu\u2560u-copy-scaled.jpg.webp\"><figure class=\"swiper-slide-inner\"><img decoding=\"async\" class=\"swiper-slide-image\" src=\"https:\/\/artapartamento.com\/wp-content\/uploads\/2024\/03\/Obra-Bravu\u2560u-copy-scaled.jpg.webp\" alt=\"\u5e03\u62c9\u6b66\" \/><\/figure><\/a><\/div>\t\t\t<\/div>\n\t\t\t\t\t<\/div>\n\t\t\t\t\t\t<\/div>\n\t\t\t\t<\/div>\n\t\t\t\t<\/div>\n\t\t<div class=\"elementor-element elementor-element-710a3877 e-con-full e-flex e-con e-child\" data-id=\"710a3877\" data-element_type=\"container\" data-e-type=\"container\">\n\t\t\t\t<div class=\"elementor-element elementor-element-4579dc0d elementor-widget elementor-widget-heading\" data-id=\"4579dc0d\" data-element_type=\"widget\" data-e-type=\"widget\" data-widget_type=\"heading.default\">\n\t\t\t\t<div class=\"elementor-widget-container\">\n\t\t\t\t\t<h2 class=\"elementor-heading-title elementor-size-default\"><a href=\"https:\/\/artapartamento.com\/zh\/category\/artistas\/los-bravu\/\" rel=\"tag\">\u5e03\u62c9\u6b66<\/a><\/h2>\t\t\t\t<\/div>\n\t\t\t\t<\/div>\n\t\t\t\t<div class=\"elementor-element elementor-element-2a3f7e66 elementor-widget elementor-widget-text-editor\" data-id=\"2a3f7e66\" data-element_type=\"widget\" data-e-type=\"widget\" data-widget_type=\"text-editor.default\">\n\t\t\t\t<div class=\"elementor-widget-container\">\n\t\t\t\t\t\t\t\t\t<p>\u73b0\u4ee3\u6027\u7ec8\u7ed3\uff0c2024 \u5e74 <br \/>\u4e19\u70ef\u9178\u753b\u5e03<br \/>120 x 150 \u5398\u7c73<\/p>\t\t\t\t\t\t\t\t<\/div>\n\t\t\t\t<\/div>\n\t\t\t\t<div class=\"elementor-element elementor-element-2afcae6c elementor-widget elementor-widget-text-editor\" data-id=\"2afcae6c\" data-element_type=\"widget\" data-e-type=\"widget\" data-widget_type=\"text-editor.default\">\n\t\t\t\t<div class=\"elementor-widget-container\">\n\t\t\t\t\t\t\t\t\t<p>\u6cd5\u56fd\u54f2\u5b66\u5bb6\u5e03\u9c81\u8bfa-\u62c9\u56fe\u5c14\uff08Bruno Latour\uff09\u8bf4\u8fc7\u4e00\u53e5\u8bdd\uff1a\"\u73b0\u4ee3\u6027\u5df2\u7ecf\u7ed3\u675f\"\uff0c\u4ed6\u8ba4\u4e3a\uff0c\u5982\u679c\u8bf4\u73b0\u4ee3\u6027\u7684\u7406\u5ff5\u63a8\u52a8\u4e86\u4eba\u7c7b\u7684\u667a\u6167\u548c\u53d1\u5c55\uff0c\u90a3\u4e48\u5b83\u7684\u57fa\u672c\u7406\u5ff5--\u81ea\u7136\u548c\u793e\u4f1a\u662f\u4e24\u4e2a\u72ec\u7acb\u7684\u573a\u666f--\u5219\u5e94\u8be5\u88ab\u629b\u5f03\u3002\u8fd9\u79cd\u89c2\u70b9\u4e00\u76f4\u5b58\u5728\u4e8e Los Brav\u00fa \u7684\u4f5c\u54c1\u4e2d\uff0c\u8fd9\u662f\u4e00\u79cd\u59cb\u7ec8\u76f8\u4e92\u91cd\u53e0\u7684\u7406\u5ff5\u7684\u79ef\u7d2f\uff0c\u5728\u8fd9\u91cc\uff0c\u4e00\u5207\u90fd\u76f8\u4e92\u4ea4\u9519\uff0c\u548c\u8c10\u5171\u5b58\u3002\u5728\u6211\u4eec\u7684\u6587\u660e\u89c2\u5ff5\u4e2d\uff0c\u4e00\u4e2a\u53e4\u8001\u7684\u4ed3\u5e93\u88ab\u4fdd\u7559\u4e86\u4e0b\u6765\uff0c\u663e\u793a\u51fa\u67d0\u79cd\u60b2\u6006\u548c\u9893\u5e9f\uff0c\u4f46\u4ece\u5176\u88c2\u7f1d\u4e2d\u53c8\u53ef\u4ee5\u770b\u5230\u65b0\u7684\u7eff\u82bd\u3002<\/p>\t\t\t\t\t\t\t\t<\/div>\n\t\t\t\t<\/div>\n\t\t\t\t<div class=\"elementor-element elementor-element-681c14a5 elementor-align-left elementor-widget elementor-widget-button\" data-id=\"681c14a5\" data-element_type=\"widget\" data-e-type=\"widget\" data-widget_type=\"button.default\">\n\t\t\t\t<div class=\"elementor-widget-container\">\n\t\t\t\t\t\t\t\t\t<div class=\"elementor-button-wrapper\">\n\t\t\t\t\t<a class=\"elementor-button elementor-size-sm\" role=\"button\">\n\t\t\t\t\t\t<span class=\"elementor-button-content-wrapper\">\n\t\t\t\t\t\t\t\t\t<span class=\"elementor-button-text\">\u54a8\u8be2<\/span>\n\t\t\t\t\t<\/span>\n\t\t\t\t\t<\/a>\n\t\t\t\t<\/div>\n\t\t\t\t\t\t\t\t<\/div>\n\t\t\t\t<\/div>\n\t\t\t\t<\/div>\n\t\t\t\t<\/div>\n\t\t<div class=\"elementor-element elementor-element-c67fa31 e-con-full elementor-hidden-mobile e-flex e-con e-parent\" data-id=\"c67fa31\" data-element_type=\"container\" data-e-type=\"container\" data-settings=\"{&quot;background_background&quot;:&quot;classic&quot;}\">\n\t\t<div class=\"elementor-element elementor-element-d9a7366 e-flex e-con-boxed elementor-invisible e-con e-child\" data-id=\"d9a7366\" data-element_type=\"container\" data-e-type=\"container\" data-settings=\"{&quot;animation&quot;:&quot;fadeIn&quot;}\">\n\t\t\t\t\t<div class=\"e-con-inner\">\n\t\t\t\t<div class=\"elementor-element elementor-element-220ddc7 elementor-widget elementor-widget-text-editor\" data-id=\"220ddc7\" data-element_type=\"widget\" data-e-type=\"widget\" data-widget_type=\"text-editor.default\">\n\t\t\t\t<div class=\"elementor-widget-container\">\n\t\t\t\t\t\t\t\t\t\u5e03\u62c9\u6b66<br>\n\u8bfe\u7a0b\u4e07\u5c81<br>\n2023<br>\n\u4e19\u70ef\u9178\u753b\u5e03\u3001\n80 x 100 \u5398\u7c73\t\t\t\t\t\t\t\t<\/div>\n\t\t\t\t<\/div>\n\t\t\t\t\t<\/div>\n\t\t\t\t<\/div>\n\t\t<div class=\"elementor-element elementor-element-1d92d1c e-flex e-con-boxed elementor-invisible e-con e-child\" data-id=\"1d92d1c\" data-element_type=\"container\" data-e-type=\"container\" data-settings=\"{&quot;animation&quot;:&quot;fadeIn&quot;}\">\n\t\t\t\t\t<div class=\"e-con-inner\">\n\t\t\t\t<div class=\"elementor-element elementor-element-949e975 elementor-widget elementor-widget-text-editor\" data-id=\"949e975\" data-element_type=\"widget\" data-e-type=\"widget\" data-widget_type=\"text-editor.default\">\n\t\t\t\t<div class=\"elementor-widget-container\">\n\t\t\t\t\t\t\t\t\t\u5e03\u62c9\u6b66<br>\n\u76ae\u80a4\u82b1\u74f6<br>\n2023<br>\n\u4e19\u70ef\u9178\u753b\u5e03\u3001\n80 x 100 \u5398\u7c73\t\t\t\t\t\t\t\t<\/div>\n\t\t\t\t<\/div>\n\t\t\t\t\t<\/div>\n\t\t\t\t<\/div>\n\t\t<div class=\"elementor-element elementor-element-5a0f5da e-flex e-con-boxed elementor-invisible e-con e-child\" data-id=\"5a0f5da\" data-element_type=\"container\" data-e-type=\"container\" data-settings=\"{&quot;animation&quot;:&quot;fadeIn&quot;}\">\n\t\t\t\t\t<div class=\"e-con-inner\">\n\t\t\t\t<div class=\"elementor-element elementor-element-52fcb73 elementor-widget elementor-widget-text-editor\" data-id=\"52fcb73\" data-element_type=\"widget\" data-e-type=\"widget\" data-widget_type=\"text-editor.default\">\n\t\t\t\t<div class=\"elementor-widget-container\">\n\t\t\t\t\t\t\t\t\t\u5e03\u62c9\u6b66<br>\n\u68a6\u5883\u4e5f\u53ef\u80fd\u662f\u5012\u5f71\u3001<br>\n2023<br>\n\u4e19\u70ef\u9178\u753b\u5e03\u3001\n160 x 130 \u5398\u7c73\t\t\t\t\t\t\t\t<\/div>\n\t\t\t\t<\/div>\n\t\t\t\t\t<\/div>\n\t\t\t\t<\/div>\n\t\t\t\t<\/div>\n\t\t\t\t<\/div>","protected":false},"excerpt":{"rendered":"<p>La modernidad se ha terminado, 2024 Acr\u00edlico sobre lienzo120 x 150 cm Con la sentencia \u201cLa modernidad se ha terminado\u201d el fil\u00f3sofo franc\u00e9s Bruno Latour afirm\u00f3 que si la idea de modernidad empuj\u00f3 el ingenio humano y nuestro desarrollo, su fundamental idea de que naturaleza y sociedad son escenarios separados deb\u00eda ser desterrada. Este planteamiento [&hellip;]<\/p>\n","protected":false},"author":1,"featured_media":10046,"parent":5816,"menu_order":0,"comment_status":"closed","ping_status":"closed","template":"","meta":{"_acf_changed":false,"footnotes":"","_links_to":"","_links_to_target":""},"categories":[63],"tags":[65],"class_list":["post-10074","page","type-page","status-publish","has-post-thumbnail","hentry","category-los-bravu","tag-obra","post","post-with-thumbnail","post-with-thumbnail-large"],"acf":[],"aioseo_notices":[],"_links":{"self":[{"href":"https:\/\/artapartamento.com\/zh\/wp-json\/wp\/v2\/pages\/10074","targetHints":{"allow":["GET"]}}],"collection":[{"href":"https:\/\/artapartamento.com\/zh\/wp-json\/wp\/v2\/pages"}],"about":[{"href":"https:\/\/artapartamento.com\/zh\/wp-json\/wp\/v2\/types\/page"}],"author":[{"embeddable":true,"href":"https:\/\/artapartamento.com\/zh\/wp-json\/wp\/v2\/users\/1"}],"replies":[{"embeddable":true,"href":"https:\/\/artapartamento.com\/zh\/wp-json\/wp\/v2\/comments?post=10074"}],"version-history":[{"count":0,"href":"https:\/\/artapartamento.com\/zh\/wp-json\/wp\/v2\/pages\/10074\/revisions"}],"up":[{"embeddable":true,"href":"https:\/\/artapartamento.com\/zh\/wp-json\/wp\/v2\/pages\/5816"}],"wp:featuredmedia":[{"embeddable":true,"href":"https:\/\/artapartamento.com\/zh\/wp-json\/wp\/v2\/media\/10046"}],"wp:attachment":[{"href":"https:\/\/artapartamento.com\/zh\/wp-json\/wp\/v2\/media?parent=10074"}],"wp:term":[{"taxonomy":"category","embeddable":true,"href":"https:\/\/artapartamento.com\/zh\/wp-json\/wp\/v2\/categories?post=10074"},{"taxonomy":"post_tag","embeddable":true,"href":"https:\/\/artapartamento.com\/zh\/wp-json\/wp\/v2\/tags?post=10074"}],"curies":[{"name":"wp","href":"https:\/\/api.w.org\/{rel}","templated":true}]}}