{"id":10050,"date":"2024-03-27T18:03:05","date_gmt":"2024-03-27T17:03:05","guid":{"rendered":"https:\/\/artapartamento.com\/?page_id=10050"},"modified":"2024-03-27T18:17:04","modified_gmt":"2024-03-27T17:17:04","slug":"%e5%9b%9e%e5%a3%b0%e4%b8%8e%e9%98%b4%e5%bd%b1-2","status":"publish","type":"page","link":"https:\/\/artapartamento.com\/zh\/artistas\/los-bravu\/el-eco-y-la-sombra-2\/","title":{"rendered":"\u56de\u58f0\u4e0e\u9634\u5f71"},"content":{"rendered":"<div data-elementor-type=\"wp-page\" data-elementor-id=\"10050\" class=\"elementor elementor-10050\" data-elementor-post-type=\"page\">\n\t\t\t\t<div class=\"elementor-element elementor-element-ccd766c e-con-full e-flex e-con e-parent\" data-id=\"ccd766c\" data-element_type=\"container\" data-e-type=\"container\" data-settings=\"{&quot;background_background&quot;:&quot;classic&quot;}\">\n\t\t<div class=\"elementor-element elementor-element-2ce548f e-con-full e-flex e-con e-child\" data-id=\"2ce548f\" data-element_type=\"container\" data-e-type=\"container\">\n\t\t\t\t<div class=\"elementor-element elementor-element-7bc8187e elementor-widget elementor-widget-image-carousel\" data-id=\"7bc8187e\" data-element_type=\"widget\" data-e-type=\"widget\" data-settings=\"{&quot;slides_to_show&quot;:&quot;1&quot;,&quot;navigation&quot;:&quot;none&quot;,&quot;autoplay&quot;:&quot;yes&quot;,&quot;pause_on_hover&quot;:&quot;yes&quot;,&quot;pause_on_interaction&quot;:&quot;yes&quot;,&quot;autoplay_speed&quot;:5000,&quot;infinite&quot;:&quot;yes&quot;,&quot;effect&quot;:&quot;slide&quot;,&quot;speed&quot;:500}\" data-widget_type=\"image-carousel.default\">\n\t\t\t\t<div class=\"elementor-widget-container\">\n\t\t\t\t\t\t\t<div class=\"elementor-image-carousel-wrapper swiper\" role=\"region\" aria-roledescription=\"carousel\" aria-label=\"\u56fe\u50cf\u8f6e\u64ad\" dir=\"ltr\">\n\t\t\t<div class=\"elementor-image-carousel swiper-wrapper swiper-image-stretch\" aria-live=\"off\">\n\t\t\t\t\t\t\t\t<div class=\"swiper-slide\" role=\"group\" aria-roledescription=\"slide\" aria-label=\"9 \u7684 1\" data-no-translation-aria-label=\"\"><a data-elementor-open-lightbox=\"yes\" data-elementor-lightbox-slideshow=\"7bc8187e\" data-e-action-hash=\"#elementor-action%3Aaction%3Dlightbox%26settings%3DeyJpZCI6MTAwNDQsInVybCI6Imh0dHBzOlwvXC9hcnRhcGFydGFtZW50by5jb21cL3dwLWNvbnRlbnRcL3VwbG9hZHNcLzIwMjRcLzAzXC9FbC1lY28teS1sYS1zb21icmEtc2NhbGVkLmpwZy53ZWJwIiwic2xpZGVzaG93IjoiN2JjODE4N2UifQ%3D%3D\" href=\"https:\/\/artapartamento.com\/wp-content\/uploads\/2024\/03\/El-eco-y-la-sombra-scaled.jpg.webp\"><figure class=\"swiper-slide-inner\"><img decoding=\"async\" class=\"swiper-slide-image\" src=\"https:\/\/artapartamento.com\/wp-content\/uploads\/2024\/03\/El-eco-y-la-sombra-scaled.jpg.webp\" alt=\"\u5e03\u62c9\u6b66\" \/><\/figure><\/a><\/div><div class=\"swiper-slide\" role=\"group\" aria-roledescription=\"slide\" aria-label=\"9 \u7684 2\" data-no-translation-aria-label=\"\"><a data-elementor-open-lightbox=\"yes\" data-elementor-lightbox-slideshow=\"7bc8187e\" data-e-action-hash=\"#elementor-action%3Aaction%3Dlightbox%26settings%3DeyJpZCI6MTAwNjAsInVybCI6Imh0dHBzOlwvXC9hcnRhcGFydGFtZW50by5jb21cL3dwLWNvbnRlbnRcL3VwbG9hZHNcLzIwMjRcLzAzXC80LTQuanBnLndlYnAiLCJzbGlkZXNob3ciOiI3YmM4MTg3ZSJ9\" href=\"https:\/\/artapartamento.com\/wp-content\/uploads\/2024\/03\/4-4.jpg.webp\"><figure class=\"swiper-slide-inner\"><img decoding=\"async\" class=\"swiper-slide-image\" src=\"https:\/\/artapartamento.com\/wp-content\/uploads\/2024\/03\/4-4.jpg.webp\" alt=\"\u5e03\u62c9\u6b66\" \/><\/figure><\/a><\/div><div class=\"swiper-slide\" role=\"group\" aria-roledescription=\"slide\" aria-label=\"9 \u7684 3\" data-no-translation-aria-label=\"\"><a data-elementor-open-lightbox=\"yes\" data-elementor-lightbox-slideshow=\"7bc8187e\" data-e-action-hash=\"#elementor-action%3Aaction%3Dlightbox%26settings%3DeyJpZCI6MTAwNjEsInVybCI6Imh0dHBzOlwvXC9hcnRhcGFydGFtZW50by5jb21cL3dwLWNvbnRlbnRcL3VwbG9hZHNcLzIwMjRcLzAzXC81LTMuanBnIiwic2xpZGVzaG93IjoiN2JjODE4N2UifQ%3D%3D\" href=\"https:\/\/artapartamento.com\/wp-content\/uploads\/2024\/03\/5-3.jpg\"><figure class=\"swiper-slide-inner\"><img decoding=\"async\" class=\"swiper-slide-image\" src=\"https:\/\/artapartamento.com\/wp-content\/uploads\/2024\/03\/5-3.jpg\" alt=\"\u5e03\u62c9\u6b66\" \/><\/figure><\/a><\/div><div class=\"swiper-slide\" role=\"group\" aria-roledescription=\"slide\" aria-label=\"9 \u7684 4\" data-no-translation-aria-label=\"\"><a data-elementor-open-lightbox=\"yes\" data-elementor-lightbox-slideshow=\"7bc8187e\" data-e-action-hash=\"#elementor-action%3Aaction%3Dlightbox%26settings%3DeyJpZCI6MTAwNjIsInVybCI6Imh0dHBzOlwvXC9hcnRhcGFydGFtZW50by5jb21cL3dwLWNvbnRlbnRcL3VwbG9hZHNcLzIwMjRcLzAzXC82LTMuanBnIiwic2xpZGVzaG93IjoiN2JjODE4N2UifQ%3D%3D\" href=\"https:\/\/artapartamento.com\/wp-content\/uploads\/2024\/03\/6-3.jpg\"><figure class=\"swiper-slide-inner\"><img decoding=\"async\" class=\"swiper-slide-image\" src=\"https:\/\/artapartamento.com\/wp-content\/uploads\/2024\/03\/6-3.jpg\" alt=\"\u5e03\u62c9\u6b66\" \/><\/figure><\/a><\/div><div class=\"swiper-slide\" role=\"group\" aria-roledescription=\"slide\" aria-label=\"9 \u7684 5\" data-no-translation-aria-label=\"\"><a data-elementor-open-lightbox=\"yes\" data-elementor-lightbox-slideshow=\"7bc8187e\" data-e-action-hash=\"#elementor-action%3Aaction%3Dlightbox%26settings%3DeyJpZCI6MTAwNjMsInVybCI6Imh0dHBzOlwvXC9hcnRhcGFydGFtZW50by5jb21cL3dwLWNvbnRlbnRcL3VwbG9hZHNcLzIwMjRcLzAzXC83LTMuanBnIiwic2xpZGVzaG93IjoiN2JjODE4N2UifQ%3D%3D\" href=\"https:\/\/artapartamento.com\/wp-content\/uploads\/2024\/03\/7-3.jpg\"><figure class=\"swiper-slide-inner\"><img decoding=\"async\" class=\"swiper-slide-image\" src=\"https:\/\/artapartamento.com\/wp-content\/uploads\/2024\/03\/7-3.jpg\" alt=\"\u5e03\u62c9\u6b66\" \/><\/figure><\/a><\/div><div class=\"swiper-slide\" role=\"group\" aria-roledescription=\"slide\" aria-label=\"9 \u7684 6\" data-no-translation-aria-label=\"\"><a data-elementor-open-lightbox=\"yes\" data-elementor-lightbox-slideshow=\"7bc8187e\" data-e-action-hash=\"#elementor-action%3Aaction%3Dlightbox%26settings%3DeyJpZCI6MTAwNjQsInVybCI6Imh0dHBzOlwvXC9hcnRhcGFydGFtZW50by5jb21cL3dwLWNvbnRlbnRcL3VwbG9hZHNcLzIwMjRcLzAzXC84LTMuanBnLndlYnAiLCJzbGlkZXNob3ciOiI3YmM4MTg3ZSJ9\" href=\"https:\/\/artapartamento.com\/wp-content\/uploads\/2024\/03\/8-3.jpg.webp\"><figure class=\"swiper-slide-inner\"><img decoding=\"async\" class=\"swiper-slide-image\" src=\"https:\/\/artapartamento.com\/wp-content\/uploads\/2024\/03\/8-3.jpg.webp\" alt=\"\u5e03\u62c9\u6b66\" \/><\/figure><\/a><\/div><div class=\"swiper-slide\" role=\"group\" aria-roledescription=\"slide\" aria-label=\"9 \u7684 7\" data-no-translation-aria-label=\"\"><a data-elementor-open-lightbox=\"yes\" data-elementor-lightbox-slideshow=\"7bc8187e\" data-e-action-hash=\"#elementor-action%3Aaction%3Dlightbox%26settings%3DeyJpZCI6MTAwNjUsInVybCI6Imh0dHBzOlwvXC9hcnRhcGFydGFtZW50by5jb21cL3dwLWNvbnRlbnRcL3VwbG9hZHNcLzIwMjRcLzAzXC85LTIuanBnIiwic2xpZGVzaG93IjoiN2JjODE4N2UifQ%3D%3D\" href=\"https:\/\/artapartamento.com\/wp-content\/uploads\/2024\/03\/9-2.jpg\"><figure class=\"swiper-slide-inner\"><img decoding=\"async\" class=\"swiper-slide-image\" src=\"https:\/\/artapartamento.com\/wp-content\/uploads\/2024\/03\/9-2.jpg\" alt=\"\u5e03\u62c9\u6b66\" \/><\/figure><\/a><\/div><div class=\"swiper-slide\" role=\"group\" aria-roledescription=\"slide\" aria-label=\"9 \u7684 8\" data-no-translation-aria-label=\"\"><a data-elementor-open-lightbox=\"yes\" data-elementor-lightbox-slideshow=\"7bc8187e\" data-e-action-hash=\"#elementor-action%3Aaction%3Dlightbox%26settings%3DeyJpZCI6MTAwNjYsInVybCI6Imh0dHBzOlwvXC9hcnRhcGFydGFtZW50by5jb21cL3dwLWNvbnRlbnRcL3VwbG9hZHNcLzIwMjRcLzAzXC8xMC0yLmpwZy53ZWJwIiwic2xpZGVzaG93IjoiN2JjODE4N2UifQ%3D%3D\" href=\"https:\/\/artapartamento.com\/wp-content\/uploads\/2024\/03\/10-2.jpg.webp\"><figure class=\"swiper-slide-inner\"><img decoding=\"async\" class=\"swiper-slide-image\" src=\"https:\/\/artapartamento.com\/wp-content\/uploads\/2024\/03\/10-2.jpg.webp\" alt=\"\u5e03\u62c9\u6b66\" \/><\/figure><\/a><\/div><div class=\"swiper-slide\" role=\"group\" aria-roledescription=\"slide\" aria-label=\"9 \u7684 9\" data-no-translation-aria-label=\"\"><a data-elementor-open-lightbox=\"yes\" data-elementor-lightbox-slideshow=\"7bc8187e\" data-e-action-hash=\"#elementor-action%3Aaction%3Dlightbox%26settings%3DeyJpZCI6MTAwNjcsInVybCI6Imh0dHBzOlwvXC9hcnRhcGFydGFtZW50by5jb21cL3dwLWNvbnRlbnRcL3VwbG9hZHNcLzIwMjRcLzAzXC8xMS0yLmpwZy53ZWJwIiwic2xpZGVzaG93IjoiN2JjODE4N2UifQ%3D%3D\" href=\"https:\/\/artapartamento.com\/wp-content\/uploads\/2024\/03\/11-2.jpg.webp\"><figure class=\"swiper-slide-inner\"><img decoding=\"async\" class=\"swiper-slide-image\" src=\"https:\/\/artapartamento.com\/wp-content\/uploads\/2024\/03\/11-2.jpg.webp\" alt=\"11\" \/><\/figure><\/a><\/div>\t\t\t<\/div>\n\t\t\t\t\t\t\t\n\t\t\t\t\t\t\t\t\t<\/div>\n\t\t\t\t\t\t<\/div>\n\t\t\t\t<\/div>\n\t\t\t\t<\/div>\n\t\t<div class=\"elementor-element elementor-element-47ead113 e-con-full e-flex e-con e-child\" data-id=\"47ead113\" data-element_type=\"container\" data-e-type=\"container\">\n\t\t\t\t<div class=\"elementor-element elementor-element-7aed7537 elementor-widget elementor-widget-heading\" data-id=\"7aed7537\" data-element_type=\"widget\" data-e-type=\"widget\" data-widget_type=\"heading.default\">\n\t\t\t\t<div class=\"elementor-widget-container\">\n\t\t\t\t\t<h2 class=\"elementor-heading-title elementor-size-default\"><a href=\"https:\/\/artapartamento.com\/zh\/category\/artistas\/los-bravu\/\" rel=\"tag\">\u5e03\u62c9\u6b66<\/a><\/h2>\t\t\t\t<\/div>\n\t\t\t\t<\/div>\n\t\t\t\t<div class=\"elementor-element elementor-element-346aeba elementor-widget elementor-widget-text-editor\" data-id=\"346aeba\" data-element_type=\"widget\" data-e-type=\"widget\" data-widget_type=\"text-editor.default\">\n\t\t\t\t<div class=\"elementor-widget-container\">\n\t\t\t\t\t\t\t\t\t\u56de\u58f0\u548c\u5f71\u5b50 <br>2023<br>\n\u4e19\u70ef\u9178\u753b\u5e03 <br>200 x 190 \u5398\u7c73\t\t\t\t\t\t\t\t<\/div>\n\t\t\t\t<\/div>\n\t\t\t\t<div class=\"elementor-element elementor-element-44eba394 elementor-widget elementor-widget-text-editor\" data-id=\"44eba394\" data-element_type=\"widget\" data-e-type=\"widget\" data-widget_type=\"text-editor.default\">\n\t\t\t\t<div class=\"elementor-widget-container\">\n\t\t\t\t\t\t\t\t\t<p>\u5728\u6d1b\u65af-\u5e03\u62c9\u6b66\u7684\u753b\u4f5c\u4e2d\uff0c\u6211\u4eec\u7ecf\u5e38\u53ef\u4ee5\u770b\u5230\u5bf9\u7acb\u7684\u7406\u5ff5\u548c\u5143\u7d20\uff0c\u53e4\u5178\u827a\u672f\u4e0e\u73b0\u4ee3\u5f62\u5f0f\u7684\u7ed3\u5408\uff0c\u88ab\u6bc1\u574f\u7684\u5730\u65b9\uff0c\u5927\u81ea\u7136\u518d\u6b21\u51fa\u73b0\uff0c\u800c\u4e14\u603b\u662f\u53d6\u5f97\u80dc\u5229\u3002<br \/>\u5728\u300a\u56de\u58f0\u4e0e\u5f71\u5b50\u300b\u4e2d\uff0c\u4e24\u4e2a\u4eba\u7269\u50cf\u955c\u5b50\u4e2d\u7684\u5012\u5f71\u4e00\u6837\u4ea4\u7ec7\u5728\u4e00\u8d77\uff0c\u4ed6\u4eec\u4f3c\u4e4e\u5728\u4e89\u6597\uff0c\u53c8\u4f3c\u4e4e\u5728\u62e5\u62b1\u5bf9\u65b9\u3002\u4f5c\u54c1\u7684\u6807\u9898\u5f3a\u8c03\u4e86\u8fd9\u79cd\u53cc\u91cd\u6027\uff0c\"\u56de\u58f0 \"\u548c \"\u5f71\u5b50 \"\u90fd\u662f\u6211\u4eec\u81ea\u5df1\u8eab\u4f53\u7684\u7269\u7406\u8868\u8fbe\uff0c\u6211\u4eec\u627f\u8ba4\u5b83\u4eec\u662f\u6211\u4eec\u81ea\u5df1\u7684\u8eab\u4f53\uff0c\u4f46\u6211\u4eec\u5e38\u5e38\u89c9\u5f97\u5b83\u4eec\u4e0e\u6211\u4eec\u683c\u683c\u4e0d\u5165\u3002<\/p>\t\t\t\t\t\t\t\t<\/div>\n\t\t\t\t<\/div>\n\t\t\t\t<div class=\"elementor-element elementor-element-2d32cc1d elementor-align-left elementor-widget elementor-widget-button\" data-id=\"2d32cc1d\" data-element_type=\"widget\" data-e-type=\"widget\" data-widget_type=\"button.default\">\n\t\t\t\t<div class=\"elementor-widget-container\">\n\t\t\t\t\t\t\t\t\t<div class=\"elementor-button-wrapper\">\n\t\t\t\t\t<a class=\"elementor-button elementor-size-sm\" role=\"button\">\n\t\t\t\t\t\t<span class=\"elementor-button-content-wrapper\">\n\t\t\t\t\t\t\t\t\t<span class=\"elementor-button-text\">\u54a8\u8be2<\/span>\n\t\t\t\t\t<\/span>\n\t\t\t\t\t<\/a>\n\t\t\t\t<\/div>\n\t\t\t\t\t\t\t\t<\/div>\n\t\t\t\t<\/div>\n\t\t\t\t<\/div>\n\t\t\t\t<\/div>\n\t\t\t\t<\/div>","protected":false},"excerpt":{"rendered":"<p>El eco y la sombra, 2023 Acr\u00edlico sobre lienzo 200 x 190 cm Es habitual encontrar en las pinturas de Los Brav\u00fa ideas y elementos que se contraponen, referencias al arte cl\u00e1sico junto con formas contempor\u00e1neas, lugares en ruinas de los que de nuevo aparece la naturaleza siempre triunfante.En \u201cEl eco y la sombra\u201d dos [&hellip;]<\/p>\n","protected":false},"author":1,"featured_media":10044,"parent":5816,"menu_order":0,"comment_status":"closed","ping_status":"closed","template":"","meta":{"_acf_changed":false,"footnotes":"","_links_to":"","_links_to_target":""},"categories":[63],"tags":[65],"class_list":["post-10050","page","type-page","status-publish","has-post-thumbnail","hentry","category-los-bravu","tag-obra","post","post-with-thumbnail","post-with-thumbnail-large"],"acf":[],"aioseo_notices":[],"_links":{"self":[{"href":"https:\/\/artapartamento.com\/zh\/wp-json\/wp\/v2\/pages\/10050","targetHints":{"allow":["GET"]}}],"collection":[{"href":"https:\/\/artapartamento.com\/zh\/wp-json\/wp\/v2\/pages"}],"about":[{"href":"https:\/\/artapartamento.com\/zh\/wp-json\/wp\/v2\/types\/page"}],"author":[{"embeddable":true,"href":"https:\/\/artapartamento.com\/zh\/wp-json\/wp\/v2\/users\/1"}],"replies":[{"embeddable":true,"href":"https:\/\/artapartamento.com\/zh\/wp-json\/wp\/v2\/comments?post=10050"}],"version-history":[{"count":0,"href":"https:\/\/artapartamento.com\/zh\/wp-json\/wp\/v2\/pages\/10050\/revisions"}],"up":[{"embeddable":true,"href":"https:\/\/artapartamento.com\/zh\/wp-json\/wp\/v2\/pages\/5816"}],"wp:featuredmedia":[{"embeddable":true,"href":"https:\/\/artapartamento.com\/zh\/wp-json\/wp\/v2\/media\/10044"}],"wp:attachment":[{"href":"https:\/\/artapartamento.com\/zh\/wp-json\/wp\/v2\/media?parent=10050"}],"wp:term":[{"taxonomy":"category","embeddable":true,"href":"https:\/\/artapartamento.com\/zh\/wp-json\/wp\/v2\/categories?post=10050"},{"taxonomy":"post_tag","embeddable":true,"href":"https:\/\/artapartamento.com\/zh\/wp-json\/wp\/v2\/tags?post=10050"}],"curies":[{"name":"wp","href":"https:\/\/api.w.org\/{rel}","templated":true}]}}