{"id":9963,"date":"2024-03-27T14:56:28","date_gmt":"2024-03-27T13:56:28","guid":{"rendered":"https:\/\/artapartamento.com\/?page_id=9963"},"modified":"2024-03-27T15:00:07","modified_gmt":"2024-03-27T14:00:07","slug":"postkard-9-2","status":"publish","type":"page","link":"https:\/\/artapartamento.com\/pt\/artistas\/nacho-martin-silva\/postkard-9-2\/","title":{"rendered":"'p\u014ds(t)k\u00e4rd 9"},"content":{"rendered":"<div data-elementor-type=\"wp-page\" data-elementor-id=\"9963\" class=\"elementor elementor-9963\" data-elementor-post-type=\"page\">\n\t\t\t\t<div class=\"elementor-element elementor-element-6deebb30 e-con-full e-flex e-con e-parent\" data-id=\"6deebb30\" data-element_type=\"container\" data-e-type=\"container\" data-settings=\"{&quot;background_background&quot;:&quot;classic&quot;}\">\n\t\t<div class=\"elementor-element elementor-element-e2f1ce8 e-con-full e-flex e-con e-child\" data-id=\"e2f1ce8\" data-element_type=\"container\" data-e-type=\"container\">\n\t\t\t\t<div class=\"elementor-element elementor-element-408aadc6 elementor-widget elementor-widget-image-carousel\" data-id=\"408aadc6\" data-element_type=\"widget\" data-e-type=\"widget\" data-settings=\"{&quot;slides_to_show&quot;:&quot;1&quot;,&quot;navigation&quot;:&quot;none&quot;,&quot;autoplay&quot;:&quot;yes&quot;,&quot;pause_on_hover&quot;:&quot;yes&quot;,&quot;pause_on_interaction&quot;:&quot;yes&quot;,&quot;autoplay_speed&quot;:5000,&quot;infinite&quot;:&quot;yes&quot;,&quot;effect&quot;:&quot;slide&quot;,&quot;speed&quot;:500}\" data-widget_type=\"image-carousel.default\">\n\t\t\t\t<div class=\"elementor-widget-container\">\n\t\t\t\t\t\t\t<div class=\"elementor-image-carousel-wrapper swiper\" role=\"region\" aria-roledescription=\"carousel\" aria-label=\"Carrossel de imagens\" dir=\"ltr\">\n\t\t\t<div class=\"elementor-image-carousel swiper-wrapper swiper-image-stretch\" aria-live=\"off\">\n\t\t\t\t\t\t\t\t<div class=\"swiper-slide\" role=\"group\" aria-roledescription=\"slide\" aria-label=\"1 de 4\"><a data-elementor-open-lightbox=\"yes\" data-elementor-lightbox-slideshow=\"408aadc6\" data-e-action-hash=\"#elementor-action%3Aaction%3Dlightbox%26settings%3DeyJpZCI6OTk3MCwidXJsIjoiaHR0cHM6XC9cL2FydGFwYXJ0YW1lbnRvLmNvbVwvd3AtY29udGVudFwvdXBsb2Fkc1wvMjAyNFwvMDNcL3Bvc3RjYXJkXzktc2NhbGVkLmpwZyIsInNsaWRlc2hvdyI6IjQwOGFhZGM2In0%3D\" href=\"https:\/\/artapartamento.com\/wp-content\/uploads\/2024\/03\/postcard_9-scaled.jpg\"><figure class=\"swiper-slide-inner\"><img decoding=\"async\" class=\"swiper-slide-image\" src=\"https:\/\/artapartamento.com\/wp-content\/uploads\/2024\/03\/postcard_9-scaled.jpg\" alt=\"Nacho Mart\u00edn Silva\" \/><\/figure><\/a><\/div><div class=\"swiper-slide\" role=\"group\" aria-roledescription=\"slide\" aria-label=\"2 de 4\"><a data-elementor-open-lightbox=\"yes\" data-elementor-lightbox-slideshow=\"408aadc6\" data-e-action-hash=\"#elementor-action%3Aaction%3Dlightbox%26settings%3DeyJpZCI6OTk3MSwidXJsIjoiaHR0cHM6XC9cL2FydGFwYXJ0YW1lbnRvLmNvbVwvd3AtY29udGVudFwvdXBsb2Fkc1wvMjAyNFwvMDNcL3Bvc3RjYXJkXzlfMS1zY2FsZWQuanBnLndlYnAiLCJzbGlkZXNob3ciOiI0MDhhYWRjNiJ9\" href=\"https:\/\/artapartamento.com\/wp-content\/uploads\/2024\/03\/postcard_9_1-scaled.jpg.webp\"><figure class=\"swiper-slide-inner\"><img decoding=\"async\" class=\"swiper-slide-image\" src=\"https:\/\/artapartamento.com\/wp-content\/uploads\/2024\/03\/postcard_9_1-scaled.jpg.webp\" alt=\"Nacho Mart\u00edn Silva\" \/><\/figure><\/a><\/div><div class=\"swiper-slide\" role=\"group\" aria-roledescription=\"slide\" aria-label=\"3 de 4\"><a data-elementor-open-lightbox=\"yes\" data-elementor-lightbox-slideshow=\"408aadc6\" data-e-action-hash=\"#elementor-action%3Aaction%3Dlightbox%26settings%3DeyJpZCI6OTk3MiwidXJsIjoiaHR0cHM6XC9cL2FydGFwYXJ0YW1lbnRvLmNvbVwvd3AtY29udGVudFwvdXBsb2Fkc1wvMjAyNFwvMDNcL3Bvc3RjYXJkXzlfMy5qcGcud2VicCIsInNsaWRlc2hvdyI6IjQwOGFhZGM2In0%3D\" href=\"https:\/\/artapartamento.com\/wp-content\/uploads\/2024\/03\/postcard_9_3.jpg.webp\"><figure class=\"swiper-slide-inner\"><img decoding=\"async\" class=\"swiper-slide-image\" src=\"https:\/\/artapartamento.com\/wp-content\/uploads\/2024\/03\/postcard_9_3.jpg.webp\" alt=\"Nacho Mart\u00edn Silva\" \/><\/figure><\/a><\/div><div class=\"swiper-slide\" role=\"group\" aria-roledescription=\"slide\" aria-label=\"4 de 4\"><a data-elementor-open-lightbox=\"yes\" data-elementor-lightbox-slideshow=\"408aadc6\" data-e-action-hash=\"#elementor-action%3Aaction%3Dlightbox%26settings%3DeyJpZCI6OTk3MywidXJsIjoiaHR0cHM6XC9cL2FydGFwYXJ0YW1lbnRvLmNvbVwvd3AtY29udGVudFwvdXBsb2Fkc1wvMjAyNFwvMDNcL3Bvc3RjYXJkXzlfNC5qcGcud2VicCIsInNsaWRlc2hvdyI6IjQwOGFhZGM2In0%3D\" href=\"https:\/\/artapartamento.com\/wp-content\/uploads\/2024\/03\/postcard_9_4.jpg.webp\"><figure class=\"swiper-slide-inner\"><img decoding=\"async\" class=\"swiper-slide-image\" src=\"https:\/\/artapartamento.com\/wp-content\/uploads\/2024\/03\/postcard_9_4.jpg.webp\" alt=\"Nacho Mart\u00edn Silva\" \/><\/figure><\/a><\/div>\t\t\t<\/div>\n\t\t\t\t\t\t\t\n\t\t\t\t\t\t\t\t\t<\/div>\n\t\t\t\t\t\t<\/div>\n\t\t\t\t<\/div>\n\t\t\t\t<\/div>\n\t\t<div class=\"elementor-element elementor-element-63b7e111 e-con-full e-flex e-con e-child\" data-id=\"63b7e111\" data-element_type=\"container\" data-e-type=\"container\">\n\t\t\t\t<div class=\"elementor-element elementor-element-67f8e517 elementor-widget elementor-widget-heading\" data-id=\"67f8e517\" data-element_type=\"widget\" data-e-type=\"widget\" data-widget_type=\"heading.default\">\n\t\t\t\t<div class=\"elementor-widget-container\">\n\t\t\t\t\t<h2 class=\"elementor-heading-title elementor-size-default\"><a href=\"https:\/\/artapartamento.com\/pt\/category\/artistas\/nacho-martin-silva\/\" rel=\"tag\">Nacho Mart\u00edn Silva<\/a><\/h2>\t\t\t\t<\/div>\n\t\t\t\t<\/div>\n\t\t\t\t<div class=\"elementor-element elementor-element-1c2b4c9c elementor-widget elementor-widget-text-editor\" data-id=\"1c2b4c9c\" data-element_type=\"widget\" data-e-type=\"widget\" data-widget_type=\"text-editor.default\">\n\t\t\t\t<div class=\"elementor-widget-container\">\n\t\t\t\t\t\t\t\t\t<p>'p\u014ds(t)k\u00e4rd 9, 2022<br \/>Pol\u00edptico \/ \u00d3leo sobre linho<br \/>196 x 140 cm<\/p>\t\t\t\t\t\t\t\t<\/div>\n\t\t\t\t<\/div>\n\t\t\t\t<div class=\"elementor-element elementor-element-415727b6 elementor-widget elementor-widget-text-editor\" data-id=\"415727b6\" data-element_type=\"widget\" data-e-type=\"widget\" data-widget_type=\"text-editor.default\">\n\t\t\t\t<div class=\"elementor-widget-container\">\n\t\t\t\t\t\t\t\t\t<p>'p\u014ds(t)k\u00e4rd utiliza como refer\u00eancia v\u00e1rios postais que retratam o modelo de fam\u00edlia ideal que a Espanha, como muitos outros pa\u00edses, importou dos Estados Unidos ap\u00f3s a Segunda Guerra Mundial. A tradu\u00e7\u00e3o das imagens <br \/>destes postais para a minha pintura - que assume o suporte como um conjunto de pe\u00e7as independentes de natureza diferente que se articulam entre si, pondo em evid\u00eancia os problemas que implica olhar para uma imagem e, mais ainda, traduzi-la para a tornar pr\u00f3pria - traz \u00e0 luz quest\u00f5es relacionadas com a verosimilhan\u00e7a na pintura, a desconex\u00e3o geracional e, em suma, tudo o que \u00e9 artificial em qualquer c\u00e2none ou modelo que se pretenda oferecer como ideal.<br \/>O t\u00edtulo, escrito de acordo com a transcri\u00e7\u00e3o fon\u00e9tica da palavra inglesa postcard, remete para o complexo sistema de usos e costumes que \u00e9 necess\u00e1rio para tornar pr\u00f3prio qualquer significado. Neste caso, o de um modelo familiar alheio \u00e0s circunst\u00e2ncias e particularidades do local onde se pretende estabelecer.<\/p>\t\t\t\t\t\t\t\t<\/div>\n\t\t\t\t<\/div>\n\t\t\t\t<div class=\"elementor-element elementor-element-71f63c93 elementor-align-left elementor-widget elementor-widget-button\" data-id=\"71f63c93\" data-element_type=\"widget\" data-e-type=\"widget\" data-widget_type=\"button.default\">\n\t\t\t\t<div class=\"elementor-widget-container\">\n\t\t\t\t\t\t\t\t\t<div class=\"elementor-button-wrapper\">\n\t\t\t\t\t<a class=\"elementor-button elementor-size-sm\" role=\"button\">\n\t\t\t\t\t\t<span class=\"elementor-button-content-wrapper\">\n\t\t\t\t\t\t\t\t\t<span class=\"elementor-button-text\">Inqu\u00e9rito<\/span>\n\t\t\t\t\t<\/span>\n\t\t\t\t\t<\/a>\n\t\t\t\t<\/div>\n\t\t\t\t\t\t\t\t<\/div>\n\t\t\t\t<\/div>\n\t\t\t\t<\/div>\n\t\t\t\t<\/div>\n\t\t\t\t<\/div>","protected":false},"excerpt":{"rendered":"<p>&#8216;p\u014ds(t)k\u00e4rd 9, 2022Pol\u00edptico \/ \u00d3leo sobre lino196 x 140 cm &#8216;p\u014ds(t)k\u00e4rd utiliza como referencia varias postales en las que se representa el modelo de familia ideal que Espa\u00f1a, como muchos otros pa\u00edses, import\u00f3 de Estados Unidos tras la Segunda Guerra Mundial. La traslaci\u00f3n de las im\u00e1genes de estas postales a mi pintura -que asume el [&hellip;]<\/p>\n","protected":false},"author":1,"featured_media":9956,"parent":4377,"menu_order":0,"comment_status":"closed","ping_status":"closed","template":"","meta":{"_acf_changed":false,"footnotes":"","_links_to":"","_links_to_target":""},"categories":[55],"tags":[65],"class_list":["post-9963","page","type-page","status-publish","has-post-thumbnail","hentry","category-nacho-martin-silva","tag-obra","post","post-with-thumbnail","post-with-thumbnail-large"],"acf":[],"aioseo_notices":[],"_links":{"self":[{"href":"https:\/\/artapartamento.com\/pt\/wp-json\/wp\/v2\/pages\/9963","targetHints":{"allow":["GET"]}}],"collection":[{"href":"https:\/\/artapartamento.com\/pt\/wp-json\/wp\/v2\/pages"}],"about":[{"href":"https:\/\/artapartamento.com\/pt\/wp-json\/wp\/v2\/types\/page"}],"author":[{"embeddable":true,"href":"https:\/\/artapartamento.com\/pt\/wp-json\/wp\/v2\/users\/1"}],"replies":[{"embeddable":true,"href":"https:\/\/artapartamento.com\/pt\/wp-json\/wp\/v2\/comments?post=9963"}],"version-history":[{"count":0,"href":"https:\/\/artapartamento.com\/pt\/wp-json\/wp\/v2\/pages\/9963\/revisions"}],"up":[{"embeddable":true,"href":"https:\/\/artapartamento.com\/pt\/wp-json\/wp\/v2\/pages\/4377"}],"wp:featuredmedia":[{"embeddable":true,"href":"https:\/\/artapartamento.com\/pt\/wp-json\/wp\/v2\/media\/9956"}],"wp:attachment":[{"href":"https:\/\/artapartamento.com\/pt\/wp-json\/wp\/v2\/media?parent=9963"}],"wp:term":[{"taxonomy":"category","embeddable":true,"href":"https:\/\/artapartamento.com\/pt\/wp-json\/wp\/v2\/categories?post=9963"},{"taxonomy":"post_tag","embeddable":true,"href":"https:\/\/artapartamento.com\/pt\/wp-json\/wp\/v2\/tags?post=9963"}],"curies":[{"name":"wp","href":"https:\/\/api.w.org\/{rel}","templated":true}]}}