{"id":9731,"date":"2024-03-26T13:08:07","date_gmt":"2024-03-26T12:08:07","guid":{"rendered":"https:\/\/artapartamento.com\/?page_id=9731"},"modified":"2024-03-26T13:14:02","modified_gmt":"2024-03-26T12:14:02","slug":"sem-titulo-da-serie-cirurgia-plastica-3","status":"publish","type":"page","link":"https:\/\/artapartamento.com\/pt\/artistas\/arles-del-rio-2\/untitled-de-la-serie-plastic-surgery-3\/","title":{"rendered":"Sem t\u00edtulo, da s\u00e9rie Cirurgia Pl\u00e1stica"},"content":{"rendered":"<div data-elementor-type=\"wp-page\" data-elementor-id=\"9731\" class=\"elementor elementor-9731\" data-elementor-post-type=\"page\">\n\t\t\t\t<div class=\"elementor-element elementor-element-440da8b e-con-full e-flex e-con e-parent\" data-id=\"440da8b\" data-element_type=\"container\" data-e-type=\"container\" data-settings=\"{&quot;background_background&quot;:&quot;classic&quot;}\">\n\t\t<div class=\"elementor-element elementor-element-1fd478f3 e-con-full e-flex e-con e-child\" data-id=\"1fd478f3\" data-element_type=\"container\" data-e-type=\"container\">\n\t\t\t\t<div class=\"elementor-element elementor-element-319d7e9f elementor-widget elementor-widget-image-carousel\" data-id=\"319d7e9f\" data-element_type=\"widget\" data-e-type=\"widget\" data-settings=\"{&quot;slides_to_show&quot;:&quot;1&quot;,&quot;navigation&quot;:&quot;none&quot;,&quot;autoplay&quot;:&quot;yes&quot;,&quot;pause_on_hover&quot;:&quot;yes&quot;,&quot;pause_on_interaction&quot;:&quot;yes&quot;,&quot;autoplay_speed&quot;:5000,&quot;infinite&quot;:&quot;yes&quot;,&quot;effect&quot;:&quot;slide&quot;,&quot;speed&quot;:500}\" data-widget_type=\"image-carousel.default\">\n\t\t\t\t<div class=\"elementor-widget-container\">\n\t\t\t\t\t\t\t<div class=\"elementor-image-carousel-wrapper swiper\" role=\"region\" aria-roledescription=\"carousel\" aria-label=\"\u56fe\u50cf\u8f6e\u64ad\" dir=\"ltr\">\n\t\t\t<div class=\"elementor-image-carousel swiper-wrapper swiper-image-stretch\" aria-live=\"off\">\n\t\t\t\t\t\t\t\t<div class=\"swiper-slide\" role=\"group\" aria-roledescription=\"slide\" aria-label=\"2 \u7684 1\" data-no-translation-aria-label=\"\"><a data-elementor-open-lightbox=\"yes\" data-elementor-lightbox-slideshow=\"319d7e9f\" data-e-action-hash=\"#elementor-action%3Aaction%3Dlightbox%26settings%3DeyJpZCI6OTcyOSwidXJsIjoiaHR0cHM6XC9cL2FydGFwYXJ0YW1lbnRvLmNvbVwvd3AtY29udGVudFwvdXBsb2Fkc1wvMjAyNFwvMDNcL0NQLTIwMTktMTE1LXgtMTg1LmpwZy53ZWJwIiwic2xpZGVzaG93IjoiMzE5ZDdlOWYifQ%3D%3D\" href=\"https:\/\/artapartamento.com\/wp-content\/uploads\/2024\/03\/CP-2019-115-x-185.jpg.webp\"><figure class=\"swiper-slide-inner\"><img decoding=\"async\" class=\"swiper-slide-image\" src=\"https:\/\/artapartamento.com\/wp-content\/uploads\/2024\/03\/CP-2019-115-x-185.jpg.webp\" alt=\"Arles del Rio\" \/><\/figure><\/a><\/div><div class=\"swiper-slide\" role=\"group\" aria-roledescription=\"slide\" aria-label=\"2 \u7684 2\" data-no-translation-aria-label=\"\"><a data-elementor-open-lightbox=\"yes\" data-elementor-lightbox-slideshow=\"319d7e9f\" data-e-action-hash=\"#elementor-action%3Aaction%3Dlightbox%26settings%3DeyJpZCI6OTczNCwidXJsIjoiaHR0cHM6XC9cL2FydGFwYXJ0YW1lbnRvLmNvbVwvd3AtY29udGVudFwvdXBsb2Fkc1wvMjAyNFwvMDNcL0NQLTIwMTktMTE1LXgtMTg1Qi5qcGcud2VicCIsInNsaWRlc2hvdyI6IjMxOWQ3ZTlmIn0%3D\" href=\"https:\/\/artapartamento.com\/wp-content\/uploads\/2024\/03\/CP-2019-115-x-185B.jpg.webp\"><figure class=\"swiper-slide-inner\"><img decoding=\"async\" class=\"swiper-slide-image\" src=\"https:\/\/artapartamento.com\/wp-content\/uploads\/2024\/03\/CP-2019-115-x-185B.jpg.webp\" alt=\"Arles del Rio\" \/><\/figure><\/a><\/div>\t\t\t<\/div>\n\t\t\t\t\t\t\t\n\t\t\t\t\t\t\t\t\t<\/div>\n\t\t\t\t\t\t<\/div>\n\t\t\t\t<\/div>\n\t\t\t\t<\/div>\n\t\t<div class=\"elementor-element elementor-element-26a0ddad e-con-full e-flex e-con e-child\" data-id=\"26a0ddad\" data-element_type=\"container\" data-e-type=\"container\">\n\t\t\t\t<div class=\"elementor-element elementor-element-60d80fcc elementor-widget elementor-widget-heading\" data-id=\"60d80fcc\" data-element_type=\"widget\" data-e-type=\"widget\" data-widget_type=\"heading.default\">\n\t\t\t\t<div class=\"elementor-widget-container\">\n\t\t\t\t\t<h2 class=\"elementor-heading-title elementor-size-default\"><a href=\"https:\/\/artapartamento.com\/pt\/category\/artistas\/arles-del-rio\/\" rel=\"tag\">Arles del Rio<\/a><\/h2>\t\t\t\t<\/div>\n\t\t\t\t<\/div>\n\t\t\t\t<div class=\"elementor-element elementor-element-650719b elementor-widget elementor-widget-text-editor\" data-id=\"650719b\" data-element_type=\"widget\" data-e-type=\"widget\" data-widget_type=\"text-editor.default\">\n\t\t\t\t<div class=\"elementor-widget-container\">\n\t\t\t\t\t\t\t\t\t<p>Sem t\u00edtulo, da s\u00e9rie Cirurgia Pl\u00e1stica,<br \/>2019 <br \/>T\u00e9cnica mista sobre tela<br \/>115 x 185 cm (45,28 x 72,83 pol.)<\/p>\t\t\t\t\t\t\t\t<\/div>\n\t\t\t\t<\/div>\n\t\t\t\t<div class=\"elementor-element elementor-element-35626b61 elementor-widget elementor-widget-text-editor\" data-id=\"35626b61\" data-element_type=\"widget\" data-e-type=\"widget\" data-widget_type=\"text-editor.default\">\n\t\t\t\t<div class=\"elementor-widget-container\">\n\t\t\t\t\t\t\t\t\t<p>O artista interv\u00e9m num grupo de telas encontradas por acaso. Corta-as e desmembra-as, liga uma pe\u00e7a a outra e desenha um novo cen\u00e1rio sobre os restos f\u00edsicos que antes eram \"obras de arte\" aut\u00f3nomas. Este exerc\u00edcio de canibalismo e desmembramento remete, a partir da perspetiva material das obras, para a dimens\u00e3o endog\u00e2mica e intertextual da arte enquanto processo s\u00f3cio-cultural. Neste caso, o fragmento funciona como fio condutor de uma genealogia art\u00edstica que se v\u00ea a si pr\u00f3pria e ao seu passado. A arte nasce na arte.<\/p>\t\t\t\t\t\t\t\t<\/div>\n\t\t\t\t<\/div>\n\t\t\t\t<div class=\"elementor-element elementor-element-6ac0064 elementor-align-left elementor-widget elementor-widget-button\" data-id=\"6ac0064\" data-element_type=\"widget\" data-e-type=\"widget\" data-widget_type=\"button.default\">\n\t\t\t\t<div class=\"elementor-widget-container\">\n\t\t\t\t\t\t\t\t\t<div class=\"elementor-button-wrapper\">\n\t\t\t\t\t<a class=\"elementor-button elementor-size-sm\" role=\"button\">\n\t\t\t\t\t\t<span class=\"elementor-button-content-wrapper\">\n\t\t\t\t\t\t\t\t\t<span class=\"elementor-button-text\">Inqu\u00e9rito<\/span>\n\t\t\t\t\t<\/span>\n\t\t\t\t\t<\/a>\n\t\t\t\t<\/div>\n\t\t\t\t\t\t\t\t<\/div>\n\t\t\t\t<\/div>\n\t\t\t\t<\/div>\n\t\t\t\t<\/div>\n\t\t\t\t<\/div>","protected":false},"excerpt":{"rendered":"<p>Untitled, de la serie Plastic Surgery,2019 T\u00e9cnica mixta sobre tela115 x 185 cm (45,28 x 72.83 in) El artista interviene un grupo de lienzos encontrados por casualidad. Los corta y desmembra, conecta una pieza con otra y dibuja un nuevo escenario sobre los restos f\u00edsicos que antes hab\u00edan sido \u00abobras de arte\u00bb aut\u00f3nomas. Tal ejercicio [&hellip;]<\/p>\n","protected":false},"author":1,"featured_media":9729,"parent":3189,"menu_order":0,"comment_status":"closed","ping_status":"closed","template":"","meta":{"_acf_changed":false,"footnotes":"","_links_to":"","_links_to_target":""},"categories":[43],"tags":[],"class_list":["post-9731","page","type-page","status-publish","has-post-thumbnail","hentry","category-arles-del-rio","post","post-with-thumbnail","post-with-thumbnail-large"],"acf":[],"aioseo_notices":[],"_links":{"self":[{"href":"https:\/\/artapartamento.com\/pt\/wp-json\/wp\/v2\/pages\/9731","targetHints":{"allow":["GET"]}}],"collection":[{"href":"https:\/\/artapartamento.com\/pt\/wp-json\/wp\/v2\/pages"}],"about":[{"href":"https:\/\/artapartamento.com\/pt\/wp-json\/wp\/v2\/types\/page"}],"author":[{"embeddable":true,"href":"https:\/\/artapartamento.com\/pt\/wp-json\/wp\/v2\/users\/1"}],"replies":[{"embeddable":true,"href":"https:\/\/artapartamento.com\/pt\/wp-json\/wp\/v2\/comments?post=9731"}],"version-history":[{"count":0,"href":"https:\/\/artapartamento.com\/pt\/wp-json\/wp\/v2\/pages\/9731\/revisions"}],"up":[{"embeddable":true,"href":"https:\/\/artapartamento.com\/pt\/wp-json\/wp\/v2\/pages\/3189"}],"wp:featuredmedia":[{"embeddable":true,"href":"https:\/\/artapartamento.com\/pt\/wp-json\/wp\/v2\/media\/9729"}],"wp:attachment":[{"href":"https:\/\/artapartamento.com\/pt\/wp-json\/wp\/v2\/media?parent=9731"}],"wp:term":[{"taxonomy":"category","embeddable":true,"href":"https:\/\/artapartamento.com\/pt\/wp-json\/wp\/v2\/categories?post=9731"},{"taxonomy":"post_tag","embeddable":true,"href":"https:\/\/artapartamento.com\/pt\/wp-json\/wp\/v2\/tags?post=9731"}],"curies":[{"name":"wp","href":"https:\/\/api.w.org\/{rel}","templated":true}]}}