{"id":7778,"date":"2024-01-16T12:34:54","date_gmt":"2024-01-16T11:34:54","guid":{"rendered":"https:\/\/artapartamento.com\/?page_id=7778"},"modified":"2024-01-16T12:38:52","modified_gmt":"2024-01-16T11:38:52","slug":"viver-na-floresta","status":"publish","type":"page","link":"https:\/\/artapartamento.com\/pt\/artistas\/raul-diaz-reyes\/living-in-the-woods\/","title":{"rendered":"Viver na floresta"},"content":{"rendered":"<div data-elementor-type=\"wp-page\" data-elementor-id=\"7778\" class=\"elementor elementor-7778\" data-elementor-post-type=\"page\">\n\t\t\t\t<div class=\"elementor-element elementor-element-5b419f7e e-con-full e-flex e-con e-parent\" data-id=\"5b419f7e\" data-element_type=\"container\" data-e-type=\"container\" data-settings=\"{&quot;background_background&quot;:&quot;classic&quot;}\">\n\t\t<div class=\"elementor-element elementor-element-43fc2065 e-con-full e-flex e-con e-child\" data-id=\"43fc2065\" data-element_type=\"container\" data-e-type=\"container\">\n\t\t\t\t<div class=\"elementor-element elementor-element-28c2dea7 elementor-widget elementor-widget-image-carousel\" data-id=\"28c2dea7\" data-element_type=\"widget\" data-e-type=\"widget\" data-settings=\"{&quot;slides_to_show&quot;:&quot;1&quot;,&quot;navigation&quot;:&quot;none&quot;,&quot;autoplay&quot;:&quot;yes&quot;,&quot;pause_on_hover&quot;:&quot;yes&quot;,&quot;pause_on_interaction&quot;:&quot;yes&quot;,&quot;autoplay_speed&quot;:5000,&quot;infinite&quot;:&quot;yes&quot;,&quot;effect&quot;:&quot;slide&quot;,&quot;speed&quot;:500}\" data-widget_type=\"image-carousel.default\">\n\t\t\t\t<div class=\"elementor-widget-container\">\n\t\t\t\t\t\t\t<div class=\"elementor-image-carousel-wrapper swiper\" role=\"region\" aria-roledescription=\"carousel\" aria-label=\"Carrossel de imagens\" dir=\"ltr\">\n\t\t\t<div class=\"elementor-image-carousel swiper-wrapper swiper-image-stretch\" aria-live=\"off\">\n\t\t\t\t\t\t\t\t<div class=\"swiper-slide\" role=\"group\" aria-roledescription=\"slide\" aria-label=\"1 de 2\"><a data-elementor-open-lightbox=\"yes\" data-elementor-lightbox-slideshow=\"28c2dea7\" data-e-action-hash=\"#elementor-action%3Aaction%3Dlightbox%26settings%3DeyJpZCI6Nzc4OCwidXJsIjoiaHR0cHM6XC9cL2FydGFwYXJ0YW1lbnRvLmNvbVwvd3AtY29udGVudFwvdXBsb2Fkc1wvMjAyNFwvMDFcLzYuUkFVTC1ESUFaLVJFWUVTLTEucG5nLndlYnAiLCJzbGlkZXNob3ciOiIyOGMyZGVhNyJ9\" href=\"https:\/\/artapartamento.com\/wp-content\/uploads\/2024\/01\/6.RAUL-DIAZ-REYES-1.png.webp\"><figure class=\"swiper-slide-inner\"><img decoding=\"async\" class=\"swiper-slide-image\" src=\"https:\/\/artapartamento.com\/wp-content\/uploads\/2024\/01\/6.RAUL-DIAZ-REYES-1.png.webp\" alt=\"Ra\u00fal D\u00edaz Reyes\" \/><\/figure><\/a><\/div><div class=\"swiper-slide\" role=\"group\" aria-roledescription=\"slide\" aria-label=\"2 de 2\"><a data-elementor-open-lightbox=\"yes\" data-elementor-lightbox-slideshow=\"28c2dea7\" data-e-action-hash=\"#elementor-action%3Aaction%3Dlightbox%26settings%3DeyJpZCI6Nzc4OSwidXJsIjoiaHR0cHM6XC9cL2FydGFwYXJ0YW1lbnRvLmNvbVwvd3AtY29udGVudFwvdXBsb2Fkc1wvMjAyNFwvMDFcLzdCLlJBVUwtRElBWi1SRVlFUy5wbmciLCJzbGlkZXNob3ciOiIyOGMyZGVhNyJ9\" href=\"https:\/\/artapartamento.com\/wp-content\/uploads\/2024\/01\/7B.RAUL-DIAZ-REYES.png\"><figure class=\"swiper-slide-inner\"><img decoding=\"async\" class=\"swiper-slide-image\" src=\"https:\/\/artapartamento.com\/wp-content\/uploads\/2024\/01\/7B.RAUL-DIAZ-REYES.png\" alt=\"Ra\u00fal D\u00edaz Reyes\" \/><\/figure><\/a><\/div>\t\t\t<\/div>\n\t\t\t\t\t\t\t\n\t\t\t\t\t\t\t\t\t<\/div>\n\t\t\t\t\t\t<\/div>\n\t\t\t\t<\/div>\n\t\t\t\t<\/div>\n\t\t<div class=\"elementor-element elementor-element-2da14835 e-con-full e-flex e-con e-child\" data-id=\"2da14835\" data-element_type=\"container\" data-e-type=\"container\">\n\t\t\t\t<div class=\"elementor-element elementor-element-5a92b7b5 elementor-widget elementor-widget-heading\" data-id=\"5a92b7b5\" data-element_type=\"widget\" data-e-type=\"widget\" data-widget_type=\"heading.default\">\n\t\t\t\t<div class=\"elementor-widget-container\">\n\t\t\t\t\t<h2 class=\"elementor-heading-title elementor-size-default\"><a href=\"https:\/\/artapartamento.com\/pt\/category\/artistas\/raul-diaz-reyes\/\" rel=\"tag\">Ra\u00fal D\u00edaz Reyes<\/a><\/h2>\t\t\t\t<\/div>\n\t\t\t\t<\/div>\n\t\t\t\t<div class=\"elementor-element elementor-element-7d0d2444 elementor-widget elementor-widget-text-editor\" data-id=\"7d0d2444\" data-element_type=\"widget\" data-e-type=\"widget\" data-widget_type=\"text-editor.default\">\n\t\t\t\t<div class=\"elementor-widget-container\">\n\t\t\t\t\t\t\t\t\t<p>Viver no bosque, da s\u00e9rie Arka, <br \/>2023, acr\u00edlico sobre tela e madeira,<br \/>28 x 37 cm (11 x 14,5 in)<\/p>\t\t\t\t\t\t\t\t<\/div>\n\t\t\t\t<\/div>\n\t\t\t\t<div class=\"elementor-element elementor-element-51e12666 elementor-widget elementor-widget-text-editor\" data-id=\"51e12666\" data-element_type=\"widget\" data-e-type=\"widget\" data-widget_type=\"text-editor.default\">\n\t\t\t\t<div class=\"elementor-widget-container\">\n\t\t\t\t\t\t\t\t\t<p>Arka \u00e9 um trabalho em que convergem a pintura, a escultura e o t\u00eaxtil. Parto de formas simples que reinterpreto, ordeno e configuro atrav\u00e9s da montagem, adi\u00e7\u00e3o ou subtra\u00e7\u00e3o, bem como da geometria e da cor para criar novas composi\u00e7\u00f5es, como met\u00e1fora propositiva sobre outras formas de pensar o passado atrav\u00e9s do simb\u00f3lico. <br \/>Arka apresenta um micro-universo no qual uma s\u00e9rie de personagens teatrais estereotipadas se movem atrav\u00e9s de diferentes cen\u00e1rios, contando uma hist\u00f3ria sem uma narrativa linear.<\/p>\t\t\t\t\t\t\t\t<\/div>\n\t\t\t\t<\/div>\n\t\t\t\t<div class=\"elementor-element elementor-element-5a0e8ffe elementor-align-left elementor-widget elementor-widget-button\" data-id=\"5a0e8ffe\" data-element_type=\"widget\" data-e-type=\"widget\" data-widget_type=\"button.default\">\n\t\t\t\t<div class=\"elementor-widget-container\">\n\t\t\t\t\t\t\t\t\t<div class=\"elementor-button-wrapper\">\n\t\t\t\t\t<a class=\"elementor-button elementor-size-sm\" role=\"button\">\n\t\t\t\t\t\t<span class=\"elementor-button-content-wrapper\">\n\t\t\t\t\t\t\t\t\t<span class=\"elementor-button-text\">Inqu\u00e9rito<\/span>\n\t\t\t\t\t<\/span>\n\t\t\t\t\t<\/a>\n\t\t\t\t<\/div>\n\t\t\t\t\t\t\t\t<\/div>\n\t\t\t\t<\/div>\n\t\t\t\t<\/div>\n\t\t\t\t<\/div>\n\t\t\t\t<\/div>","protected":false},"excerpt":{"rendered":"<p>Living in the woods, de la serie Arka, 2023, acr\u00edlico sobre tela y madera,28 x 37 cm (11 x 14.5 in) Arka es una obra en la que convergen pintura, escultura y textil. Parto de formas simples que reinterpreto, ordeno y configuro ensamblando, sumando o restando, as\u00ed como de la geometr\u00eda y el color para [&hellip;]<\/p>\n","protected":false},"author":1,"featured_media":7776,"parent":7549,"menu_order":0,"comment_status":"closed","ping_status":"closed","template":"","meta":{"_acf_changed":false,"footnotes":"","_links_to":"","_links_to_target":""},"categories":[68],"tags":[65],"class_list":["post-7778","page","type-page","status-publish","has-post-thumbnail","hentry","category-raul-diaz-reyes","tag-obra","post","post-with-thumbnail","post-with-thumbnail-large"],"acf":[],"aioseo_notices":[],"_links":{"self":[{"href":"https:\/\/artapartamento.com\/pt\/wp-json\/wp\/v2\/pages\/7778","targetHints":{"allow":["GET"]}}],"collection":[{"href":"https:\/\/artapartamento.com\/pt\/wp-json\/wp\/v2\/pages"}],"about":[{"href":"https:\/\/artapartamento.com\/pt\/wp-json\/wp\/v2\/types\/page"}],"author":[{"embeddable":true,"href":"https:\/\/artapartamento.com\/pt\/wp-json\/wp\/v2\/users\/1"}],"replies":[{"embeddable":true,"href":"https:\/\/artapartamento.com\/pt\/wp-json\/wp\/v2\/comments?post=7778"}],"version-history":[{"count":0,"href":"https:\/\/artapartamento.com\/pt\/wp-json\/wp\/v2\/pages\/7778\/revisions"}],"up":[{"embeddable":true,"href":"https:\/\/artapartamento.com\/pt\/wp-json\/wp\/v2\/pages\/7549"}],"wp:featuredmedia":[{"embeddable":true,"href":"https:\/\/artapartamento.com\/pt\/wp-json\/wp\/v2\/media\/7776"}],"wp:attachment":[{"href":"https:\/\/artapartamento.com\/pt\/wp-json\/wp\/v2\/media?parent=7778"}],"wp:term":[{"taxonomy":"category","embeddable":true,"href":"https:\/\/artapartamento.com\/pt\/wp-json\/wp\/v2\/categories?post=7778"},{"taxonomy":"post_tag","embeddable":true,"href":"https:\/\/artapartamento.com\/pt\/wp-json\/wp\/v2\/tags?post=7778"}],"curies":[{"name":"wp","href":"https:\/\/api.w.org\/{rel}","templated":true}]}}