{"id":7533,"date":"2024-01-05T17:18:40","date_gmt":"2024-01-05T16:18:40","guid":{"rendered":"https:\/\/artapartamento.com\/?page_id=7533"},"modified":"2024-01-05T18:06:23","modified_gmt":"2024-01-05T17:06:23","slug":"contrapartes-da-serie-trama-inacabada","status":"publish","type":"page","link":"https:\/\/artapartamento.com\/pt\/artistas\/alex-hernandez-2\/contrapuestos-de-la-serie-trama-inconclusa\/","title":{"rendered":"Contrapuestos, da s\u00e9rie \"Trama inconclusa\" (Enredo inacabado)."},"content":{"rendered":"<div data-elementor-type=\"wp-page\" data-elementor-id=\"7533\" class=\"elementor elementor-7533\" data-elementor-post-type=\"page\">\n\t\t\t\t<div class=\"elementor-element elementor-element-82e73de e-con-full e-flex e-con e-parent\" data-id=\"82e73de\" data-element_type=\"container\" data-e-type=\"container\" data-settings=\"{&quot;background_background&quot;:&quot;classic&quot;}\">\n\t\t<div class=\"elementor-element elementor-element-36b8548f e-con-full e-flex e-con e-child\" data-id=\"36b8548f\" data-element_type=\"container\" data-e-type=\"container\">\n\t\t\t\t<div class=\"elementor-element elementor-element-663cc756 elementor-widget elementor-widget-image-carousel\" data-id=\"663cc756\" data-element_type=\"widget\" data-e-type=\"widget\" data-settings=\"{&quot;slides_to_show&quot;:&quot;1&quot;,&quot;navigation&quot;:&quot;none&quot;,&quot;autoplay&quot;:&quot;yes&quot;,&quot;pause_on_hover&quot;:&quot;yes&quot;,&quot;pause_on_interaction&quot;:&quot;yes&quot;,&quot;autoplay_speed&quot;:5000,&quot;infinite&quot;:&quot;yes&quot;,&quot;effect&quot;:&quot;slide&quot;,&quot;speed&quot;:500}\" data-widget_type=\"image-carousel.default\">\n\t\t\t\t<div class=\"elementor-widget-container\">\n\t\t\t\t\t\t\t<div class=\"elementor-image-carousel-wrapper swiper\" role=\"region\" aria-roledescription=\"carousel\" aria-label=\"Carrossel de imagens\" dir=\"ltr\">\n\t\t\t<div class=\"elementor-image-carousel swiper-wrapper swiper-image-stretch\" aria-live=\"off\">\n\t\t\t\t\t\t\t\t<div class=\"swiper-slide\" role=\"group\" aria-roledescription=\"slide\" aria-label=\"1 sul 3\"><a data-elementor-open-lightbox=\"yes\" data-elementor-lightbox-slideshow=\"663cc756\" data-e-action-hash=\"#elementor-action%3Aaction%3Dlightbox%26settings%3DeyJpZCI6NzQ1NiwidXJsIjoiaHR0cHM6XC9cL2FydGFwYXJ0YW1lbnRvLmNvbVwvd3AtY29udGVudFwvdXBsb2Fkc1wvMjAyNFwvMDFcLzQuQWxleC1IZXJuYW5kZXouanBnLndlYnAiLCJzbGlkZXNob3ciOiI2NjNjYzc1NiJ9\" href=\"https:\/\/artapartamento.com\/wp-content\/uploads\/2024\/01\/4.Alex-Hernandez.jpg.webp\"><figure class=\"swiper-slide-inner\"><img decoding=\"async\" class=\"swiper-slide-image\" src=\"https:\/\/artapartamento.com\/wp-content\/uploads\/2024\/01\/4.Alex-Hernandez.jpg.webp\" alt=\"Alex Hernandez\" \/><\/figure><\/a><\/div><div class=\"swiper-slide\" role=\"group\" aria-roledescription=\"slide\" aria-label=\"2 sul 3\"><a data-elementor-open-lightbox=\"yes\" data-elementor-lightbox-slideshow=\"663cc756\" data-e-action-hash=\"#elementor-action%3Aaction%3Dlightbox%26settings%3DeyJpZCI6NzU0MSwidXJsIjoiaHR0cHM6XC9cL2FydGFwYXJ0YW1lbnRvLmNvbVwvd3AtY29udGVudFwvdXBsb2Fkc1wvMjAyNFwvMDFcLzI1LkFsZXgtSGVybmFuZGV6LmpwZy53ZWJwIiwic2xpZGVzaG93IjoiNjYzY2M3NTYifQ%3D%3D\" href=\"https:\/\/artapartamento.com\/wp-content\/uploads\/2024\/01\/25.Alex-Hernandez.jpg.webp\"><figure class=\"swiper-slide-inner\"><img decoding=\"async\" class=\"swiper-slide-image\" src=\"https:\/\/artapartamento.com\/wp-content\/uploads\/2024\/01\/25.Alex-Hernandez.jpg.webp\" alt=\"Alex Hernandez\" \/><\/figure><\/a><\/div><div class=\"swiper-slide\" role=\"group\" aria-roledescription=\"slide\" aria-label=\"3 sul 3\"><a data-elementor-open-lightbox=\"yes\" data-elementor-lightbox-slideshow=\"663cc756\" data-e-action-hash=\"#elementor-action%3Aaction%3Dlightbox%26settings%3DeyJpZCI6NzU0MiwidXJsIjoiaHR0cHM6XC9cL2FydGFwYXJ0YW1lbnRvLmNvbVwvd3AtY29udGVudFwvdXBsb2Fkc1wvMjAyNFwvMDFcLzI2LkFsZXgtSGVybmFuZGV6LXNjYWxlZC5qcGcud2VicCIsInNsaWRlc2hvdyI6IjY2M2NjNzU2In0%3D\" href=\"https:\/\/artapartamento.com\/wp-content\/uploads\/2024\/01\/26.Alex-Hernandez-scaled.jpg.webp\"><figure class=\"swiper-slide-inner\"><img decoding=\"async\" class=\"swiper-slide-image\" src=\"https:\/\/artapartamento.com\/wp-content\/uploads\/2024\/01\/26.Alex-Hernandez-scaled.jpg.webp\" alt=\"Alex Hernandez\" \/><\/figure><\/a><\/div>\t\t\t<\/div>\n\t\t\t\t\t\t\t\n\t\t\t\t\t\t\t\t\t<\/div>\n\t\t\t\t\t\t<\/div>\n\t\t\t\t<\/div>\n\t\t\t\t<\/div>\n\t\t<div class=\"elementor-element elementor-element-4a21c0cf e-con-full e-flex e-con e-child\" data-id=\"4a21c0cf\" data-element_type=\"container\" data-e-type=\"container\">\n\t\t\t\t<div class=\"elementor-element elementor-element-5684fe34 elementor-widget elementor-widget-heading\" data-id=\"5684fe34\" data-element_type=\"widget\" data-e-type=\"widget\" data-widget_type=\"heading.default\">\n\t\t\t\t<div class=\"elementor-widget-container\">\n\t\t\t\t\t<h2 class=\"elementor-heading-title elementor-size-default\"><a href=\"https:\/\/artapartamento.com\/pt\/category\/artistas\/alex-hernandez\/\" rel=\"tag\">Alex Hernandez<\/a><\/h2>\t\t\t\t<\/div>\n\t\t\t\t<\/div>\n\t\t\t\t<div class=\"elementor-element elementor-element-11f56ad5 elementor-widget elementor-widget-text-editor\" data-id=\"11f56ad5\" data-element_type=\"widget\" data-e-type=\"widget\" data-widget_type=\"text-editor.default\">\n\t\t\t\t<div class=\"elementor-widget-container\">\n\t\t\t\t\t\t\t\t\t<p>Alex Hernandez<br \/>Contrapuestos, da s\u00e9rie \"Trama inconclusa\",<br \/>2023,<br \/>pintura serigr\u00e1fica insufl\u00e1vel sobre linho Goya,<br \/>190 x 190 cm (75 x 75 pol.)<\/p>\t\t\t\t\t\t\t\t<\/div>\n\t\t\t\t<\/div>\n\t\t\t\t<div class=\"elementor-element elementor-element-5c8ed1c2 elementor-widget elementor-widget-text-editor\" data-id=\"5c8ed1c2\" data-element_type=\"widget\" data-e-type=\"widget\" data-widget_type=\"text-editor.default\">\n\t\t\t\t<div class=\"elementor-widget-container\">\n\t\t\t\t\t\t\t\t\t<p>O artista parte das teorias da harmonia crom\u00e1tica para analisar as rela\u00e7\u00f5es entre as diferentes cores e como essa rela\u00e7\u00e3o obedece a uma linguagem por vezes inconsciente, por vezes condicionada. Para isso, apropria-se de fragmentos de estat\u00edsticas que reflectem a composi\u00e7\u00e3o pol\u00edtica de diferentes Parlamentos ou Congressos. Cada c\u00edrculo representa uma \"cor pol\u00edtica\" dentro de um segmento parlamentar. O artista sobredimensiona as estat\u00edsticas a uma escala quase colossal.<br \/>Cada obra \u00e9 uma experi\u00eancia onde o comportamento abstrato das harmonias crom\u00e1ticas tem uma dupla leitura e remete para as harmonias ou disson\u00e2ncias pol\u00edticas do mundo contempor\u00e2neo. Polariza\u00e7\u00e3o, mistura, sincronia, disson\u00e2ncia, estrid\u00eancia s\u00e3o alguns dos conceitos que surgem nesta obra que \u00e9, sem d\u00favida, uma an\u00e1lise muito c\u00ednica do estado de sa\u00fade das democracias contempor\u00e2neas.<\/p>\t\t\t\t\t\t\t\t<\/div>\n\t\t\t\t<\/div>\n\t\t\t\t<div class=\"elementor-element elementor-element-1b4ee08b elementor-align-left elementor-widget elementor-widget-button\" data-id=\"1b4ee08b\" data-element_type=\"widget\" data-e-type=\"widget\" data-widget_type=\"button.default\">\n\t\t\t\t<div class=\"elementor-widget-container\">\n\t\t\t\t\t\t\t\t\t<div class=\"elementor-button-wrapper\">\n\t\t\t\t\t<a class=\"elementor-button elementor-size-sm\" role=\"button\">\n\t\t\t\t\t\t<span class=\"elementor-button-content-wrapper\">\n\t\t\t\t\t\t\t\t\t<span class=\"elementor-button-text\">Inqu\u00e9rito<\/span>\n\t\t\t\t\t<\/span>\n\t\t\t\t\t<\/a>\n\t\t\t\t<\/div>\n\t\t\t\t\t\t\t\t<\/div>\n\t\t\t\t<\/div>\n\t\t\t\t<\/div>\n\t\t\t\t<\/div>\n\t\t\t\t<\/div>","protected":false},"excerpt":{"rendered":"<p>Alex Hern\u00e1ndezContrapuestos, de la serie \u00abTrama inconclusa\u00bb,2023,pintura serigr\u00e1fica inflable sobre lino Goya,190 x 190 cm (75 x 75 in) El artista parte de las teor\u00edas de la armon\u00eda crom\u00e1tica para analizar las relaciones entre los diferentes colores y c\u00f3mo esta relaci\u00f3n obedece a un lenguaje a veces inconsciente, a veces condicionado. Para ello, se apropia [&hellip;]<\/p>\n","protected":false},"author":1,"featured_media":7456,"parent":3183,"menu_order":0,"comment_status":"closed","ping_status":"closed","template":"","meta":{"_acf_changed":false,"footnotes":"","_links_to":"","_links_to_target":""},"categories":[40],"tags":[65],"class_list":["post-7533","page","type-page","status-publish","has-post-thumbnail","hentry","category-alex-hernandez","tag-obra","post","post-with-thumbnail","post-with-thumbnail-large"],"acf":[],"aioseo_notices":[],"_links":{"self":[{"href":"https:\/\/artapartamento.com\/pt\/wp-json\/wp\/v2\/pages\/7533","targetHints":{"allow":["GET"]}}],"collection":[{"href":"https:\/\/artapartamento.com\/pt\/wp-json\/wp\/v2\/pages"}],"about":[{"href":"https:\/\/artapartamento.com\/pt\/wp-json\/wp\/v2\/types\/page"}],"author":[{"embeddable":true,"href":"https:\/\/artapartamento.com\/pt\/wp-json\/wp\/v2\/users\/1"}],"replies":[{"embeddable":true,"href":"https:\/\/artapartamento.com\/pt\/wp-json\/wp\/v2\/comments?post=7533"}],"version-history":[{"count":0,"href":"https:\/\/artapartamento.com\/pt\/wp-json\/wp\/v2\/pages\/7533\/revisions"}],"up":[{"embeddable":true,"href":"https:\/\/artapartamento.com\/pt\/wp-json\/wp\/v2\/pages\/3183"}],"wp:featuredmedia":[{"embeddable":true,"href":"https:\/\/artapartamento.com\/pt\/wp-json\/wp\/v2\/media\/7456"}],"wp:attachment":[{"href":"https:\/\/artapartamento.com\/pt\/wp-json\/wp\/v2\/media?parent=7533"}],"wp:term":[{"taxonomy":"category","embeddable":true,"href":"https:\/\/artapartamento.com\/pt\/wp-json\/wp\/v2\/categories?post=7533"},{"taxonomy":"post_tag","embeddable":true,"href":"https:\/\/artapartamento.com\/pt\/wp-json\/wp\/v2\/tags?post=7533"}],"curies":[{"name":"wp","href":"https:\/\/api.w.org\/{rel}","templated":true}]}}