{"id":7004,"date":"2023-12-08T16:35:38","date_gmt":"2023-12-08T15:35:38","guid":{"rendered":"https:\/\/artapartamento.com\/?page_id=7004"},"modified":"2023-12-08T19:32:05","modified_gmt":"2023-12-08T18:32:05","slug":"paramo","status":"publish","type":"page","link":"https:\/\/artapartamento.com\/pt\/artistas\/ariamna-contino\/paramo\/","title":{"rendered":"P\u00e1ramo"},"content":{"rendered":"<div data-elementor-type=\"wp-page\" data-elementor-id=\"7004\" class=\"elementor elementor-7004\" data-elementor-post-type=\"page\">\n\t\t\t\t<div class=\"elementor-element elementor-element-3a7b54fb e-con-full e-flex e-con e-parent\" data-id=\"3a7b54fb\" data-element_type=\"container\" data-e-type=\"container\" data-settings=\"{&quot;background_background&quot;:&quot;classic&quot;}\">\n\t\t<div class=\"elementor-element elementor-element-1e05c766 e-con-full e-flex e-con e-child\" data-id=\"1e05c766\" data-element_type=\"container\" data-e-type=\"container\">\n\t\t\t\t<div class=\"elementor-element elementor-element-4462b95c elementor-widget elementor-widget-image-carousel\" data-id=\"4462b95c\" data-element_type=\"widget\" data-e-type=\"widget\" data-settings=\"{&quot;slides_to_show&quot;:&quot;1&quot;,&quot;navigation&quot;:&quot;none&quot;,&quot;autoplay&quot;:&quot;yes&quot;,&quot;pause_on_hover&quot;:&quot;yes&quot;,&quot;pause_on_interaction&quot;:&quot;yes&quot;,&quot;autoplay_speed&quot;:5000,&quot;infinite&quot;:&quot;yes&quot;,&quot;effect&quot;:&quot;slide&quot;,&quot;speed&quot;:500}\" data-widget_type=\"image-carousel.default\">\n\t\t\t\t<div class=\"elementor-widget-container\">\n\t\t\t\t\t\t\t<div class=\"elementor-image-carousel-wrapper swiper\" role=\"region\" aria-roledescription=\"carousel\" aria-label=\"Carrousel d&#039;images\" dir=\"ltr\" data-no-translation-aria-label=\"\">\n\t\t\t<div class=\"elementor-image-carousel swiper-wrapper swiper-image-stretch\" aria-live=\"off\">\n\t\t\t\t\t\t\t\t<div class=\"swiper-slide\" role=\"group\" aria-roledescription=\"slide\" aria-label=\"1 de 6\" data-no-translation-aria-label=\"\"><a data-elementor-open-lightbox=\"yes\" data-elementor-lightbox-slideshow=\"4462b95c\" data-e-action-hash=\"#elementor-action%3Aaction%3Dlightbox%26settings%3DeyJpZCI6NzAxMCwidXJsIjoiaHR0cHM6XC9cL2FydGFwYXJ0YW1lbnRvLmNvbVwvd3AtY29udGVudFwvdXBsb2Fkc1wvMjAyM1wvMTJcL0FyaWFtbmEtQ29udGlub180NC5qcGcud2VicCIsInNsaWRlc2hvdyI6IjQ0NjJiOTVjIn0%3D\" href=\"https:\/\/artapartamento.com\/wp-content\/uploads\/2023\/12\/Ariamna-Contino_44.jpg.webp\"><figure class=\"swiper-slide-inner\"><img decoding=\"async\" class=\"swiper-slide-image\" src=\"https:\/\/artapartamento.com\/wp-content\/uploads\/2023\/12\/Ariamna-Contino_44.jpg.webp\" alt=\"Ariamna Contino\" \/><\/figure><\/a><\/div><div class=\"swiper-slide\" role=\"group\" aria-roledescription=\"slide\" aria-label=\"2 de 6\" data-no-translation-aria-label=\"\"><a data-elementor-open-lightbox=\"yes\" data-elementor-lightbox-slideshow=\"4462b95c\" data-e-action-hash=\"#elementor-action%3Aaction%3Dlightbox%26settings%3DeyJpZCI6NzAxMSwidXJsIjoiaHR0cHM6XC9cL2FydGFwYXJ0YW1lbnRvLmNvbVwvd3AtY29udGVudFwvdXBsb2Fkc1wvMjAyM1wvMTJcL0FyaWFtbmEtQ29udGlub180NS5qcGcud2VicCIsInNsaWRlc2hvdyI6IjQ0NjJiOTVjIn0%3D\" href=\"https:\/\/artapartamento.com\/wp-content\/uploads\/2023\/12\/Ariamna-Contino_45.jpg.webp\"><figure class=\"swiper-slide-inner\"><img decoding=\"async\" class=\"swiper-slide-image\" src=\"https:\/\/artapartamento.com\/wp-content\/uploads\/2023\/12\/Ariamna-Contino_45.jpg.webp\" alt=\"Ariamna Contino\" \/><\/figure><\/a><\/div><div class=\"swiper-slide\" role=\"group\" aria-roledescription=\"slide\" aria-label=\"3 de 6\" data-no-translation-aria-label=\"\"><a data-elementor-open-lightbox=\"yes\" data-elementor-lightbox-slideshow=\"4462b95c\" data-e-action-hash=\"#elementor-action%3Aaction%3Dlightbox%26settings%3DeyJpZCI6NzAxMiwidXJsIjoiaHR0cHM6XC9cL2FydGFwYXJ0YW1lbnRvLmNvbVwvd3AtY29udGVudFwvdXBsb2Fkc1wvMjAyM1wvMTJcL0FyaWFtbmEtQ29udGlub180Ni5qcGcud2VicCIsInNsaWRlc2hvdyI6IjQ0NjJiOTVjIn0%3D\" href=\"https:\/\/artapartamento.com\/wp-content\/uploads\/2023\/12\/Ariamna-Contino_46.jpg.webp\"><figure class=\"swiper-slide-inner\"><img decoding=\"async\" class=\"swiper-slide-image\" src=\"https:\/\/artapartamento.com\/wp-content\/uploads\/2023\/12\/Ariamna-Contino_46.jpg.webp\" alt=\"Ariamna Contino\" \/><\/figure><\/a><\/div><div class=\"swiper-slide\" role=\"group\" aria-roledescription=\"slide\" aria-label=\"4 de 6\" data-no-translation-aria-label=\"\"><a data-elementor-open-lightbox=\"yes\" data-elementor-lightbox-slideshow=\"4462b95c\" data-e-action-hash=\"#elementor-action%3Aaction%3Dlightbox%26settings%3DeyJpZCI6NzAxMywidXJsIjoiaHR0cHM6XC9cL2FydGFwYXJ0YW1lbnRvLmNvbVwvd3AtY29udGVudFwvdXBsb2Fkc1wvMjAyM1wvMTJcL0FyaWFtbmEtQ29udGlub180Ny5qcGcud2VicCIsInNsaWRlc2hvdyI6IjQ0NjJiOTVjIn0%3D\" href=\"https:\/\/artapartamento.com\/wp-content\/uploads\/2023\/12\/Ariamna-Contino_47.jpg.webp\"><figure class=\"swiper-slide-inner\"><img decoding=\"async\" class=\"swiper-slide-image\" src=\"https:\/\/artapartamento.com\/wp-content\/uploads\/2023\/12\/Ariamna-Contino_47.jpg.webp\" alt=\"Ariamna Contino\" \/><\/figure><\/a><\/div><div class=\"swiper-slide\" role=\"group\" aria-roledescription=\"slide\" aria-label=\"5 de 6\" data-no-translation-aria-label=\"\"><a data-elementor-open-lightbox=\"yes\" data-elementor-lightbox-slideshow=\"4462b95c\" data-e-action-hash=\"#elementor-action%3Aaction%3Dlightbox%26settings%3DeyJpZCI6NzAxNCwidXJsIjoiaHR0cHM6XC9cL2FydGFwYXJ0YW1lbnRvLmNvbVwvd3AtY29udGVudFwvdXBsb2Fkc1wvMjAyM1wvMTJcL0FyaWFtbmEtQ29udGlub180OC5qcGcud2VicCIsInNsaWRlc2hvdyI6IjQ0NjJiOTVjIn0%3D\" href=\"https:\/\/artapartamento.com\/wp-content\/uploads\/2023\/12\/Ariamna-Contino_48.jpg.webp\"><figure class=\"swiper-slide-inner\"><img decoding=\"async\" class=\"swiper-slide-image\" src=\"https:\/\/artapartamento.com\/wp-content\/uploads\/2023\/12\/Ariamna-Contino_48.jpg.webp\" alt=\"Ariamna Contino\" \/><\/figure><\/a><\/div><div class=\"swiper-slide\" role=\"group\" aria-roledescription=\"slide\" aria-label=\"6 de 6\" data-no-translation-aria-label=\"\"><a data-elementor-open-lightbox=\"yes\" data-elementor-lightbox-slideshow=\"4462b95c\" data-e-action-hash=\"#elementor-action%3Aaction%3Dlightbox%26settings%3DeyJpZCI6NzAxNiwidXJsIjoiaHR0cHM6XC9cL2FydGFwYXJ0YW1lbnRvLmNvbVwvd3AtY29udGVudFwvdXBsb2Fkc1wvMjAyM1wvMTJcL0FyaWFtbmEtQ29udGlub180OS5qcGcud2VicCIsInNsaWRlc2hvdyI6IjQ0NjJiOTVjIn0%3D\" href=\"https:\/\/artapartamento.com\/wp-content\/uploads\/2023\/12\/Ariamna-Contino_49.jpg.webp\"><figure class=\"swiper-slide-inner\"><img decoding=\"async\" class=\"swiper-slide-image\" src=\"https:\/\/artapartamento.com\/wp-content\/uploads\/2023\/12\/Ariamna-Contino_49.jpg.webp\" alt=\"Ariamna Contino\" \/><\/figure><\/a><\/div>\t\t\t<\/div>\n\t\t\t\t\t\t\t\n\t\t\t\t\t\t\t\t\t<\/div>\n\t\t\t\t\t\t<\/div>\n\t\t\t\t<\/div>\n\t\t\t\t<\/div>\n\t\t<div class=\"elementor-element elementor-element-13a2f576 e-con-full e-flex e-con e-child\" data-id=\"13a2f576\" data-element_type=\"container\" data-e-type=\"container\">\n\t\t\t\t<div class=\"elementor-element elementor-element-6d4b558b elementor-widget elementor-widget-heading\" data-id=\"6d4b558b\" data-element_type=\"widget\" data-e-type=\"widget\" data-widget_type=\"heading.default\">\n\t\t\t\t<div class=\"elementor-widget-container\">\n\t\t\t\t\t<h2 class=\"elementor-heading-title elementor-size-default\"><a href=\"https:\/\/artapartamento.com\/pt\/category\/artistas\/ariamna-contino\/\" rel=\"tag\">Ariamna Contino<\/a><\/h2>\t\t\t\t<\/div>\n\t\t\t\t<\/div>\n\t\t\t\t<div class=\"elementor-element elementor-element-4a2c620e elementor-widget elementor-widget-text-editor\" data-id=\"4a2c620e\" data-element_type=\"widget\" data-e-type=\"widget\" data-widget_type=\"text-editor.default\">\n\t\t\t\t<div class=\"elementor-widget-container\">\n\t\t\t\t\t\t\t\t\t<p>P\u00e1ramo,<br \/>2019,<br \/>Instala\u00e7\u00e3o<\/p>\t\t\t\t\t\t\t\t<\/div>\n\t\t\t\t<\/div>\n\t\t\t\t<div class=\"elementor-element elementor-element-10f6c84 elementor-widget elementor-widget-text-editor\" data-id=\"10f6c84\" data-element_type=\"widget\" data-e-type=\"widget\" data-widget_type=\"text-editor.default\">\n\t\t\t\t<div class=\"elementor-widget-container\">\n\t\t\t\t\t\t\t\t\t<p>P\u00e1ramo \u00e9 um termo que se refere a um ecossistema onde o terreno \u00e9 geralmente plano, pouco f\u00e9rtil e des\u00e9rtico, onde predomina o matagal e os cursos de \u00e1gua s\u00e3o escassos. Por extens\u00e3o, alguns dicion\u00e1rios referem que o termo tamb\u00e9m se pode referir a locais que n\u00e3o oferecem abrigo ou prote\u00e7\u00e3o. <br \/>Neste sentido, os troncos de \u00e1rvores abatidos na cidade de Havana - improdutivos e abandonados - constituem a mat\u00e9ria-prima da pe\u00e7a P\u00e1ramo. Sobre eles foram colocados rolos de papel nos quais foram impressos os nomes de l\u00edderes sociais de todo o mundo que foram assassinados por defenderem diferentes causas. Embora velhos e truncados, estes fragmentos do que foi outrora uma \u00e1rvore parecem conservar alguma vida. \u00c9 por isso que os c\u00edrculos que descrevem os rolos de papel aludem metaforicamente aos an\u00e9is de crescimento que, num corte em \"fatia\", nos permitem conhecer a idade das \u00e1rvores. Assim, mais do que insistir numa vis\u00e3o fat\u00eddica destes processos, a obra evoca uma trama complexa que liga natureza-paisagem, pol\u00edtica e conflitos sociais, tema que se tornou um leitmotiv em alguns dos meus trabalhos recentes.<\/p>\t\t\t\t\t\t\t\t<\/div>\n\t\t\t\t<\/div>\n\t\t\t\t<div class=\"elementor-element elementor-element-46b732b4 elementor-align-left elementor-widget elementor-widget-button\" data-id=\"46b732b4\" data-element_type=\"widget\" data-e-type=\"widget\" data-widget_type=\"button.default\">\n\t\t\t\t<div class=\"elementor-widget-container\">\n\t\t\t\t\t\t\t\t\t<div class=\"elementor-button-wrapper\">\n\t\t\t\t\t<a class=\"elementor-button elementor-size-sm\" role=\"button\">\n\t\t\t\t\t\t<span class=\"elementor-button-content-wrapper\">\n\t\t\t\t\t\t\t\t\t<span class=\"elementor-button-text\">Inqu\u00e9rito<\/span>\n\t\t\t\t\t<\/span>\n\t\t\t\t\t<\/a>\n\t\t\t\t<\/div>\n\t\t\t\t\t\t\t\t<\/div>\n\t\t\t\t<\/div>\n\t\t\t\t<\/div>\n\t\t\t\t<\/div>\n\t\t\t\t<\/div>","protected":false},"excerpt":{"rendered":"<p>P\u00e1ramo,2019,Instalaci\u00f3n P\u00e1ramo es un vocablo que se refiere a un ecosistema donde el terreno suele ser de superficie llana, poco f\u00e9rtil y des\u00e9rtica donde predominan los matorrales y es escaza la presencia de cursos de agua. Por extensi\u00f3n, algunos diccionarios refieren, que el t\u00e9rmino tambi\u00e9n puede hacer alusi\u00f3n a los sitios que no brindan abrigo [&hellip;]<\/p>\n","protected":false},"author":1,"featured_media":7003,"parent":4291,"menu_order":0,"comment_status":"closed","ping_status":"closed","template":"","meta":{"_acf_changed":false,"footnotes":"","_links_to":"","_links_to_target":""},"categories":[41],"tags":[65],"class_list":["post-7004","page","type-page","status-publish","has-post-thumbnail","hentry","category-ariamna-contino","tag-obra","post","post-with-thumbnail","post-with-thumbnail-large"],"acf":[],"aioseo_notices":[],"_links":{"self":[{"href":"https:\/\/artapartamento.com\/pt\/wp-json\/wp\/v2\/pages\/7004","targetHints":{"allow":["GET"]}}],"collection":[{"href":"https:\/\/artapartamento.com\/pt\/wp-json\/wp\/v2\/pages"}],"about":[{"href":"https:\/\/artapartamento.com\/pt\/wp-json\/wp\/v2\/types\/page"}],"author":[{"embeddable":true,"href":"https:\/\/artapartamento.com\/pt\/wp-json\/wp\/v2\/users\/1"}],"replies":[{"embeddable":true,"href":"https:\/\/artapartamento.com\/pt\/wp-json\/wp\/v2\/comments?post=7004"}],"version-history":[{"count":0,"href":"https:\/\/artapartamento.com\/pt\/wp-json\/wp\/v2\/pages\/7004\/revisions"}],"up":[{"embeddable":true,"href":"https:\/\/artapartamento.com\/pt\/wp-json\/wp\/v2\/pages\/4291"}],"wp:featuredmedia":[{"embeddable":true,"href":"https:\/\/artapartamento.com\/pt\/wp-json\/wp\/v2\/media\/7003"}],"wp:attachment":[{"href":"https:\/\/artapartamento.com\/pt\/wp-json\/wp\/v2\/media?parent=7004"}],"wp:term":[{"taxonomy":"category","embeddable":true,"href":"https:\/\/artapartamento.com\/pt\/wp-json\/wp\/v2\/categories?post=7004"},{"taxonomy":"post_tag","embeddable":true,"href":"https:\/\/artapartamento.com\/pt\/wp-json\/wp\/v2\/tags?post=7004"}],"curies":[{"name":"wp","href":"https:\/\/api.w.org\/{rel}","templated":true}]}}