{"id":6968,"date":"2023-12-08T15:39:48","date_gmt":"2023-12-08T14:39:48","guid":{"rendered":"https:\/\/artapartamento.com\/?page_id=6968"},"modified":"2023-12-08T19:32:50","modified_gmt":"2023-12-08T18:32:50","slug":"penitencia","status":"publish","type":"page","link":"https:\/\/artapartamento.com\/pt\/artistas\/ariamna-contino\/penitencia\/","title":{"rendered":"Penit\u00eancia"},"content":{"rendered":"<div data-elementor-type=\"wp-page\" data-elementor-id=\"6968\" class=\"elementor elementor-6968\" data-elementor-post-type=\"page\">\n\t\t\t\t<div class=\"elementor-element elementor-element-9ebf67a e-con-full e-flex e-con e-parent\" data-id=\"9ebf67a\" data-element_type=\"container\" data-e-type=\"container\" data-settings=\"{&quot;background_background&quot;:&quot;classic&quot;}\">\n\t\t<div class=\"elementor-element elementor-element-1c69d9df e-con-full e-flex e-con e-child\" data-id=\"1c69d9df\" data-element_type=\"container\" data-e-type=\"container\">\n\t\t\t\t<div class=\"elementor-element elementor-element-6708c4e2 elementor-widget elementor-widget-image-carousel\" data-id=\"6708c4e2\" data-element_type=\"widget\" data-e-type=\"widget\" data-settings=\"{&quot;slides_to_show&quot;:&quot;1&quot;,&quot;navigation&quot;:&quot;none&quot;,&quot;autoplay&quot;:&quot;yes&quot;,&quot;pause_on_hover&quot;:&quot;yes&quot;,&quot;pause_on_interaction&quot;:&quot;yes&quot;,&quot;autoplay_speed&quot;:5000,&quot;infinite&quot;:&quot;yes&quot;,&quot;effect&quot;:&quot;slide&quot;,&quot;speed&quot;:500}\" data-widget_type=\"image-carousel.default\">\n\t\t\t\t<div class=\"elementor-widget-container\">\n\t\t\t\t\t\t\t<div class=\"elementor-image-carousel-wrapper swiper\" role=\"region\" aria-roledescription=\"carousel\" aria-label=\"Carrossel de imagens\" dir=\"ltr\">\n\t\t\t<div class=\"elementor-image-carousel swiper-wrapper swiper-image-stretch\" aria-live=\"off\">\n\t\t\t\t\t\t\t\t<div class=\"swiper-slide\" role=\"group\" aria-roledescription=\"slide\" aria-label=\"1 de 5\"><a data-elementor-open-lightbox=\"yes\" data-elementor-lightbox-slideshow=\"6708c4e2\" data-e-action-hash=\"#elementor-action%3Aaction%3Dlightbox%26settings%3DeyJpZCI6Njk3NSwidXJsIjoiaHR0cHM6XC9cL2FydGFwYXJ0YW1lbnRvLmNvbVwvd3AtY29udGVudFwvdXBsb2Fkc1wvMjAyM1wvMTJcL0FyaWFtbmEtQ29udGlub18zMS5qcGcud2VicCIsInNsaWRlc2hvdyI6IjY3MDhjNGUyIn0%3D\" href=\"https:\/\/artapartamento.com\/wp-content\/uploads\/2023\/12\/Ariamna-Contino_31.jpg.webp\"><figure class=\"swiper-slide-inner\"><img decoding=\"async\" class=\"swiper-slide-image\" src=\"https:\/\/artapartamento.com\/wp-content\/uploads\/2023\/12\/Ariamna-Contino_31.jpg.webp\" alt=\"Ariamna Contino\" \/><\/figure><\/a><\/div><div class=\"swiper-slide\" role=\"group\" aria-roledescription=\"slide\" aria-label=\"2 de 5\"><a data-elementor-open-lightbox=\"yes\" data-elementor-lightbox-slideshow=\"6708c4e2\" data-e-action-hash=\"#elementor-action%3Aaction%3Dlightbox%26settings%3DeyJpZCI6Njk3NiwidXJsIjoiaHR0cHM6XC9cL2FydGFwYXJ0YW1lbnRvLmNvbVwvd3AtY29udGVudFwvdXBsb2Fkc1wvMjAyM1wvMTJcL0FyaWFtbmEtQ29udGlub18zMi5qcGcud2VicCIsInNsaWRlc2hvdyI6IjY3MDhjNGUyIn0%3D\" href=\"https:\/\/artapartamento.com\/wp-content\/uploads\/2023\/12\/Ariamna-Contino_32.jpg.webp\"><figure class=\"swiper-slide-inner\"><img decoding=\"async\" class=\"swiper-slide-image\" src=\"https:\/\/artapartamento.com\/wp-content\/uploads\/2023\/12\/Ariamna-Contino_32.jpg.webp\" alt=\"Ariamna Contino\" \/><\/figure><\/a><\/div><div class=\"swiper-slide\" role=\"group\" aria-roledescription=\"slide\" aria-label=\"3 de 5\"><a data-elementor-open-lightbox=\"yes\" data-elementor-lightbox-slideshow=\"6708c4e2\" data-e-action-hash=\"#elementor-action%3Aaction%3Dlightbox%26settings%3DeyJpZCI6Njk3NywidXJsIjoiaHR0cHM6XC9cL2FydGFwYXJ0YW1lbnRvLmNvbVwvd3AtY29udGVudFwvdXBsb2Fkc1wvMjAyM1wvMTJcL0FyaWFtbmEtQ29udGlub18zMy5qcGcud2VicCIsInNsaWRlc2hvdyI6IjY3MDhjNGUyIn0%3D\" href=\"https:\/\/artapartamento.com\/wp-content\/uploads\/2023\/12\/Ariamna-Contino_33.jpg.webp\"><figure class=\"swiper-slide-inner\"><img decoding=\"async\" class=\"swiper-slide-image\" src=\"https:\/\/artapartamento.com\/wp-content\/uploads\/2023\/12\/Ariamna-Contino_33.jpg.webp\" alt=\"Ariamna Contino\" \/><\/figure><\/a><\/div><div class=\"swiper-slide\" role=\"group\" aria-roledescription=\"slide\" aria-label=\"4 de 5\"><a data-elementor-open-lightbox=\"yes\" data-elementor-lightbox-slideshow=\"6708c4e2\" data-e-action-hash=\"#elementor-action%3Aaction%3Dlightbox%26settings%3DeyJpZCI6Njk3OCwidXJsIjoiaHR0cHM6XC9cL2FydGFwYXJ0YW1lbnRvLmNvbVwvd3AtY29udGVudFwvdXBsb2Fkc1wvMjAyM1wvMTJcL0FyaWFtbmEtQ29udGlub18zNC5qcGcud2VicCIsInNsaWRlc2hvdyI6IjY3MDhjNGUyIn0%3D\" href=\"https:\/\/artapartamento.com\/wp-content\/uploads\/2023\/12\/Ariamna-Contino_34.jpg.webp\"><figure class=\"swiper-slide-inner\"><img decoding=\"async\" class=\"swiper-slide-image\" src=\"https:\/\/artapartamento.com\/wp-content\/uploads\/2023\/12\/Ariamna-Contino_34.jpg.webp\" alt=\"Ariamna Contino\" \/><\/figure><\/a><\/div><div class=\"swiper-slide\" role=\"group\" aria-roledescription=\"slide\" aria-label=\"5 de 5\"><a data-elementor-open-lightbox=\"yes\" data-elementor-lightbox-slideshow=\"6708c4e2\" data-e-action-hash=\"#elementor-action%3Aaction%3Dlightbox%26settings%3DeyJpZCI6Njk3OSwidXJsIjoiaHR0cHM6XC9cL2FydGFwYXJ0YW1lbnRvLmNvbVwvd3AtY29udGVudFwvdXBsb2Fkc1wvMjAyM1wvMTJcL0FyaWFtbmEtQ29udGlub18zNS5qcGcud2VicCIsInNsaWRlc2hvdyI6IjY3MDhjNGUyIn0%3D\" href=\"https:\/\/artapartamento.com\/wp-content\/uploads\/2023\/12\/Ariamna-Contino_35.jpg.webp\"><figure class=\"swiper-slide-inner\"><img decoding=\"async\" class=\"swiper-slide-image\" src=\"https:\/\/artapartamento.com\/wp-content\/uploads\/2023\/12\/Ariamna-Contino_35.jpg.webp\" alt=\"Ariamna Contino\" \/><\/figure><\/a><\/div>\t\t\t<\/div>\n\t\t\t\t\t\t\t\n\t\t\t\t\t\t\t\t\t<\/div>\n\t\t\t\t\t\t<\/div>\n\t\t\t\t<\/div>\n\t\t\t\t<\/div>\n\t\t<div class=\"elementor-element elementor-element-3b6952e1 e-con-full e-flex e-con e-child\" data-id=\"3b6952e1\" data-element_type=\"container\" data-e-type=\"container\">\n\t\t\t\t<div class=\"elementor-element elementor-element-4d53c408 elementor-widget elementor-widget-heading\" data-id=\"4d53c408\" data-element_type=\"widget\" data-e-type=\"widget\" data-widget_type=\"heading.default\">\n\t\t\t\t<div class=\"elementor-widget-container\">\n\t\t\t\t\t<h2 class=\"elementor-heading-title elementor-size-default\"><a href=\"https:\/\/artapartamento.com\/pt\/category\/artistas\/ariamna-contino\/\" rel=\"tag\">Ariamna Contino<\/a><\/h2>\t\t\t\t<\/div>\n\t\t\t\t<\/div>\n\t\t\t\t<div class=\"elementor-element elementor-element-303ba461 elementor-widget elementor-widget-text-editor\" data-id=\"303ba461\" data-element_type=\"widget\" data-e-type=\"widget\" data-widget_type=\"text-editor.default\">\n\t\t\t\t<div class=\"elementor-widget-container\">\n\t\t\t\t\t\t\t\t\tPenit\u00eancia,<br>\n2019,\nInstala\u00e7\u00e3o<br>\n<strong>58 Exposi\u00e7\u00e3o Internacional de Arte<br>Bienal de Veneza<\/strong>\t\t\t\t\t\t\t\t<\/div>\n\t\t\t\t<\/div>\n\t\t\t\t<div class=\"elementor-element elementor-element-230f5d8b elementor-widget elementor-widget-text-editor\" data-id=\"230f5d8b\" data-element_type=\"widget\" data-e-type=\"widget\" data-widget_type=\"text-editor.default\">\n\t\t\t\t<div class=\"elementor-widget-container\">\n\t\t\t\t\t\t\t\t\t<p>O papel pode ser considerado um material indispens\u00e1vel na nossa sociedade. Mesmo com o impulso da era digital, o seu uso extensivo nas mais variadas esferas continua a provocar graves altera\u00e7\u00f5es e complexidades pol\u00edticas a n\u00edvel global. Penit\u00eancia \u00e9, ent\u00e3o, uma instala\u00e7\u00e3o e um projeto processual que parte da origem natural, da transforma\u00e7\u00e3o e da utiliza\u00e7\u00e3o do papel como mat\u00e9ria-prima. Constr\u00f3i-se em dois n\u00edveis f\u00edsicos e metaf\u00f3ricos intimamente relacionados pelo gesto de replantar simb\u00f3lica e fisicamente uma floresta. Desta forma, est\u00e3o ligados num circuito fechado entre as duas estruturas. Um ciclo perfeito entre o biol\u00f3gico e o industrial onde a floresta recebe metaforicamente o que lhe foi retirado. O processo de que parte esta instala\u00e7\u00e3o atingir\u00e1 o seu cl\u00edmax quando cada pequeno arbusto for entregue a diferentes visitantes. A floresta espalha-se assim, cresce espontaneamente, sem controlo, como a pr\u00f3pria natureza. Cada pessoa pode n\u00e3o s\u00f3 ter a sua pr\u00f3pria \u00e1rvore, mas tamb\u00e9m tomar partido e contribuir para esta realidade. Assim, o que come\u00e7ou por ser um gesto individual do artista, expande-se para o coletivo.<\/p>\t\t\t\t\t\t\t\t<\/div>\n\t\t\t\t<\/div>\n\t\t\t\t<div class=\"elementor-element elementor-element-6c4320fa elementor-align-left elementor-widget elementor-widget-button\" data-id=\"6c4320fa\" data-element_type=\"widget\" data-e-type=\"widget\" data-widget_type=\"button.default\">\n\t\t\t\t<div class=\"elementor-widget-container\">\n\t\t\t\t\t\t\t\t\t<div class=\"elementor-button-wrapper\">\n\t\t\t\t\t<a class=\"elementor-button elementor-size-sm\" role=\"button\">\n\t\t\t\t\t\t<span class=\"elementor-button-content-wrapper\">\n\t\t\t\t\t\t\t\t\t<span class=\"elementor-button-text\">Inqu\u00e9rito<\/span>\n\t\t\t\t\t<\/span>\n\t\t\t\t\t<\/a>\n\t\t\t\t<\/div>\n\t\t\t\t\t\t\t\t<\/div>\n\t\t\t\t<\/div>\n\t\t\t\t<\/div>\n\t\t\t\t<\/div>\n\t\t\t\t<\/div>","protected":false},"excerpt":{"rendered":"<p>Penitencia, 2019, Instalaci\u00f3n 58 Esposizione Internazionale d\u2019 ArteBiennale di Venezia El papel puede ser considerado como un material indispensable en nuestra sociedad. A\u00fan con el empuje de la era digital, su uso extensivo en las m\u00e1s variadas esferas contin\u00faa siendo motivo de alteraciones severas y complejidades pol\u00edticas a nivel global. Penitencia es, entonces, un proyecto [&hellip;]<\/p>\n","protected":false},"author":1,"featured_media":6966,"parent":4291,"menu_order":0,"comment_status":"closed","ping_status":"closed","template":"","meta":{"_acf_changed":false,"footnotes":"","_links_to":"","_links_to_target":""},"categories":[41],"tags":[65],"class_list":["post-6968","page","type-page","status-publish","has-post-thumbnail","hentry","category-ariamna-contino","tag-obra","post","post-with-thumbnail","post-with-thumbnail-large"],"acf":[],"aioseo_notices":[],"_links":{"self":[{"href":"https:\/\/artapartamento.com\/pt\/wp-json\/wp\/v2\/pages\/6968","targetHints":{"allow":["GET"]}}],"collection":[{"href":"https:\/\/artapartamento.com\/pt\/wp-json\/wp\/v2\/pages"}],"about":[{"href":"https:\/\/artapartamento.com\/pt\/wp-json\/wp\/v2\/types\/page"}],"author":[{"embeddable":true,"href":"https:\/\/artapartamento.com\/pt\/wp-json\/wp\/v2\/users\/1"}],"replies":[{"embeddable":true,"href":"https:\/\/artapartamento.com\/pt\/wp-json\/wp\/v2\/comments?post=6968"}],"version-history":[{"count":0,"href":"https:\/\/artapartamento.com\/pt\/wp-json\/wp\/v2\/pages\/6968\/revisions"}],"up":[{"embeddable":true,"href":"https:\/\/artapartamento.com\/pt\/wp-json\/wp\/v2\/pages\/4291"}],"wp:featuredmedia":[{"embeddable":true,"href":"https:\/\/artapartamento.com\/pt\/wp-json\/wp\/v2\/media\/6966"}],"wp:attachment":[{"href":"https:\/\/artapartamento.com\/pt\/wp-json\/wp\/v2\/media?parent=6968"}],"wp:term":[{"taxonomy":"category","embeddable":true,"href":"https:\/\/artapartamento.com\/pt\/wp-json\/wp\/v2\/categories?post=6968"},{"taxonomy":"post_tag","embeddable":true,"href":"https:\/\/artapartamento.com\/pt\/wp-json\/wp\/v2\/tags?post=6968"}],"curies":[{"name":"wp","href":"https:\/\/api.w.org\/{rel}","templated":true}]}}