{"id":6844,"date":"2023-12-08T14:24:51","date_gmt":"2023-12-08T13:24:51","guid":{"rendered":"https:\/\/artapartamento.com\/?page_id=6844"},"modified":"2023-12-08T19:33:22","modified_gmt":"2023-12-08T18:33:22","slug":"salvia-divinorum-da-serie-jardim-das-delicias","status":"publish","type":"page","link":"https:\/\/artapartamento.com\/pt\/artistas\/ariamna-contino\/salvia-divinorum-de-la-serie-jardin-de-las-delicias\/","title":{"rendered":"Salvia divinorum, da s\u00e9rie Jardim das Del\u00edcias Terrenas"},"content":{"rendered":"<div data-elementor-type=\"wp-page\" data-elementor-id=\"6844\" class=\"elementor elementor-6844\" data-elementor-post-type=\"page\">\n\t\t\t\t<div class=\"elementor-element elementor-element-19951db5 e-con-full e-flex e-con e-parent\" data-id=\"19951db5\" data-element_type=\"container\" data-e-type=\"container\" data-settings=\"{&quot;background_background&quot;:&quot;classic&quot;}\">\n\t\t<div class=\"elementor-element elementor-element-76e5130e e-con-full e-flex e-con e-child\" data-id=\"76e5130e\" data-element_type=\"container\" data-e-type=\"container\">\n\t\t\t\t<div class=\"elementor-element elementor-element-4aa80590 elementor-widget elementor-widget-image-carousel\" data-id=\"4aa80590\" data-element_type=\"widget\" data-e-type=\"widget\" data-settings=\"{&quot;slides_to_show&quot;:&quot;1&quot;,&quot;navigation&quot;:&quot;none&quot;,&quot;autoplay&quot;:&quot;yes&quot;,&quot;pause_on_hover&quot;:&quot;yes&quot;,&quot;pause_on_interaction&quot;:&quot;yes&quot;,&quot;autoplay_speed&quot;:5000,&quot;infinite&quot;:&quot;yes&quot;,&quot;effect&quot;:&quot;slide&quot;,&quot;speed&quot;:500}\" data-widget_type=\"image-carousel.default\">\n\t\t\t\t<div class=\"elementor-widget-container\">\n\t\t\t\t\t\t\t<div class=\"elementor-image-carousel-wrapper swiper\" role=\"region\" aria-roledescription=\"carousel\" aria-label=\"\u56fe\u50cf\u65cb\u8f6c\u6728\u9a6c\" dir=\"ltr\" data-no-translation-aria-label=\"\">\n\t\t\t<div class=\"elementor-image-carousel swiper-wrapper swiper-image-stretch\" aria-live=\"off\">\n\t\t\t\t\t\t\t\t<div class=\"swiper-slide\" role=\"group\" aria-roledescription=\"slide\" aria-label=\"3 \u7684 1\" data-no-translation-aria-label=\"\"><a data-elementor-open-lightbox=\"yes\" data-elementor-lightbox-slideshow=\"4aa80590\" data-e-action-hash=\"#elementor-action%3Aaction%3Dlightbox%26settings%3DeyJpZCI6Njg4NywidXJsIjoiaHR0cHM6XC9cL2FydGFwYXJ0YW1lbnRvLmNvbVwvd3AtY29udGVudFwvdXBsb2Fkc1wvMjAyM1wvMTJcL0FyaWFtbmEtQ29udGlub18xOC5qcGcud2VicCIsInNsaWRlc2hvdyI6IjRhYTgwNTkwIn0%3D\" href=\"https:\/\/artapartamento.com\/wp-content\/uploads\/2023\/12\/Ariamna-Contino_18.jpg.webp\"><figure class=\"swiper-slide-inner\"><img decoding=\"async\" class=\"swiper-slide-image\" src=\"https:\/\/artapartamento.com\/wp-content\/uploads\/2023\/12\/Ariamna-Contino_18.jpg.webp\" alt=\"Ariamna Contino_18\" \/><\/figure><\/a><\/div><div class=\"swiper-slide\" role=\"group\" aria-roledescription=\"slide\" aria-label=\"3 \u7684 2\" data-no-translation-aria-label=\"\"><a data-elementor-open-lightbox=\"yes\" data-elementor-lightbox-slideshow=\"4aa80590\" data-e-action-hash=\"#elementor-action%3Aaction%3Dlightbox%26settings%3DeyJpZCI6Njg4OCwidXJsIjoiaHR0cHM6XC9cL2FydGFwYXJ0YW1lbnRvLmNvbVwvd3AtY29udGVudFwvdXBsb2Fkc1wvMjAyM1wvMTJcL0FyaWFtbmEtQ29udGlub18xOS5qcGcud2VicCIsInNsaWRlc2hvdyI6IjRhYTgwNTkwIn0%3D\" href=\"https:\/\/artapartamento.com\/wp-content\/uploads\/2023\/12\/Ariamna-Contino_19.jpg.webp\"><figure class=\"swiper-slide-inner\"><img decoding=\"async\" class=\"swiper-slide-image\" src=\"https:\/\/artapartamento.com\/wp-content\/uploads\/2023\/12\/Ariamna-Contino_19.jpg.webp\" alt=\"Ariamna Contino\" \/><\/figure><\/a><\/div><div class=\"swiper-slide\" role=\"group\" aria-roledescription=\"slide\" aria-label=\"3 \u7684 3\" data-no-translation-aria-label=\"\"><a data-elementor-open-lightbox=\"yes\" data-elementor-lightbox-slideshow=\"4aa80590\" data-e-action-hash=\"#elementor-action%3Aaction%3Dlightbox%26settings%3DeyJpZCI6Njg5MiwidXJsIjoiaHR0cHM6XC9cL2FydGFwYXJ0YW1lbnRvLmNvbVwvd3AtY29udGVudFwvdXBsb2Fkc1wvMjAyM1wvMTJcL0FyaWFtbmEtQ29udGlub18yMC5qcGctZTE3MDMwODY1NTIzNTIud2VicCIsInNsaWRlc2hvdyI6IjRhYTgwNTkwIn0%3D\" href=\"https:\/\/artapartamento.com\/wp-content\/uploads\/2023\/12\/Ariamna-Contino_20.jpg-e1703086552352.webp\"><figure class=\"swiper-slide-inner\"><img decoding=\"async\" class=\"swiper-slide-image\" src=\"https:\/\/artapartamento.com\/wp-content\/uploads\/2023\/12\/Ariamna-Contino_20.jpg-e1703086552352.webp\" alt=\"Ariamna Contino\" \/><\/figure><\/a><\/div>\t\t\t<\/div>\n\t\t\t\t\t\t\t\n\t\t\t\t\t\t\t\t\t<\/div>\n\t\t\t\t\t\t<\/div>\n\t\t\t\t<\/div>\n\t\t\t\t<\/div>\n\t\t<div class=\"elementor-element elementor-element-5e10e91 e-con-full e-flex e-con e-child\" data-id=\"5e10e91\" data-element_type=\"container\" data-e-type=\"container\">\n\t\t\t\t<div class=\"elementor-element elementor-element-3cea49f3 elementor-widget elementor-widget-heading\" data-id=\"3cea49f3\" data-element_type=\"widget\" data-e-type=\"widget\" data-widget_type=\"heading.default\">\n\t\t\t\t<div class=\"elementor-widget-container\">\n\t\t\t\t\t<h2 class=\"elementor-heading-title elementor-size-default\"><a href=\"https:\/\/artapartamento.com\/pt\/category\/artistas\/ariamna-contino\/\" rel=\"tag\">Ariamna Contino<\/a><\/h2>\t\t\t\t<\/div>\n\t\t\t\t<\/div>\n\t\t\t\t<div class=\"elementor-element elementor-element-e2f023 elementor-widget elementor-widget-text-editor\" data-id=\"e2f023\" data-element_type=\"widget\" data-e-type=\"widget\" data-widget_type=\"text-editor.default\">\n\t\t\t\t<div class=\"elementor-widget-container\">\n\t\t\t\t\t\t\t\t\t<p>Salvia divinorum, da s\u00e9rie \"Garden of Earthly Delights\",<br \/>2023, papel cortado \u00e0 m\u00e3o (cart\u00e3o Stramore Cold Press 300 g\/m\u00b2), 53 x 73 x 5 cm<\/p>\t\t\t\t\t\t\t\t<\/div>\n\t\t\t\t<\/div>\n\t\t\t\t<div class=\"elementor-element elementor-element-3e7eef44 elementor-widget elementor-widget-text-editor\" data-id=\"3e7eef44\" data-element_type=\"widget\" data-e-type=\"widget\" data-widget_type=\"text-editor.default\">\n\t\t\t\t<div class=\"elementor-widget-container\">\n\t\t\t\t\t\t\t\t\t<p>H\u00e1 um tipo de conhecimento fora do estandardizado, proveniente de fontes an\u00f3nimas e resultante da recolha de pequenas experi\u00eancias transmitidas de pessoa para pessoa, de aldeia para aldeia, de regi\u00e3o para regi\u00e3o. \u00c9 o conhecimento que se deposita como substrato da cultura dos lugares. Este tipo de processo motiva a s\u00e9rie Jardim das Del\u00edcias, um conjunto de obras inspiradas na sabedoria popular e na bot\u00e2nica de certas plantas e fungos. A Am\u00e9rica Latina \u00e9 uma regi\u00e3o rica neste sentido, fonte de conhecimentos ancestrais transmitidos de xam\u00e3 para xam\u00e3, desde as terras altas at\u00e9 \u00e0s Cara\u00edbas. A isto junta-se a riqueza de conhecimentos trazidos para o continente pelos muitos africanos trazidos como escravos. Nesta am\u00e1lgama, todas estas fontes prim\u00e1rias s\u00e3o dif\u00edceis de localizar pela academia, mas est\u00e3o ao alcance de qualquer pessoa interessada em ter uma experi\u00eancia lis\u00e9rgica com plantas alucinog\u00e9nias. \u00c9 justamente esta modalidade de conhecimento que Ariamna Contino tenta registar com a s\u00e9rie. Jardim das Del\u00edcias Terrenas, por outro lado, \u00e9 uma obra ic\u00f3nica dentro da tradi\u00e7\u00e3o pict\u00f3rica ocidental, e a sua estrutura permite a Contino estabelecer um paralelismo semi\u00f3tico com a sua s\u00e9rie, na medida em que o painel central da obra de Bosch faz uma alus\u00e3o espec\u00edfica ao para\u00edso terrestre.<\/p>\t\t\t\t\t\t\t\t<\/div>\n\t\t\t\t<\/div>\n\t\t\t\t<div class=\"elementor-element elementor-element-7f0caf72 elementor-align-left elementor-widget elementor-widget-button\" data-id=\"7f0caf72\" data-element_type=\"widget\" data-e-type=\"widget\" data-widget_type=\"button.default\">\n\t\t\t\t<div class=\"elementor-widget-container\">\n\t\t\t\t\t\t\t\t\t<div class=\"elementor-button-wrapper\">\n\t\t\t\t\t<a class=\"elementor-button elementor-size-sm\" role=\"button\">\n\t\t\t\t\t\t<span class=\"elementor-button-content-wrapper\">\n\t\t\t\t\t\t\t\t\t<span class=\"elementor-button-text\">Inqu\u00e9rito<\/span>\n\t\t\t\t\t<\/span>\n\t\t\t\t\t<\/a>\n\t\t\t\t<\/div>\n\t\t\t\t\t\t\t\t<\/div>\n\t\t\t\t<\/div>\n\t\t\t\t<\/div>\n\t\t\t\t<\/div>\n\t\t\t\t<\/div>","protected":false},"excerpt":{"rendered":"<p>Salvia divinorum, de la serie Jard\u00edn de las delicias,2023, papel cortado a mano (Stramore Cold Press cardboard 300 gsm), 53 x 73 x 5 cm Existe un tipo de conocimiento al margen de lo estandarizado, procedente de fuentes an\u00f3nimas y resultante del acervo de peque\u00f1as experiencias transmitidas de persona a persona, de pueblo a pueblo, [&hellip;]<\/p>\n","protected":false},"author":1,"featured_media":6843,"parent":4291,"menu_order":0,"comment_status":"closed","ping_status":"closed","template":"","meta":{"_acf_changed":false,"footnotes":"","_links_to":"","_links_to_target":""},"categories":[41],"tags":[65],"class_list":["post-6844","page","type-page","status-publish","has-post-thumbnail","hentry","category-ariamna-contino","tag-obra","post","post-with-thumbnail","post-with-thumbnail-large"],"acf":[],"aioseo_notices":[],"_links":{"self":[{"href":"https:\/\/artapartamento.com\/pt\/wp-json\/wp\/v2\/pages\/6844","targetHints":{"allow":["GET"]}}],"collection":[{"href":"https:\/\/artapartamento.com\/pt\/wp-json\/wp\/v2\/pages"}],"about":[{"href":"https:\/\/artapartamento.com\/pt\/wp-json\/wp\/v2\/types\/page"}],"author":[{"embeddable":true,"href":"https:\/\/artapartamento.com\/pt\/wp-json\/wp\/v2\/users\/1"}],"replies":[{"embeddable":true,"href":"https:\/\/artapartamento.com\/pt\/wp-json\/wp\/v2\/comments?post=6844"}],"version-history":[{"count":0,"href":"https:\/\/artapartamento.com\/pt\/wp-json\/wp\/v2\/pages\/6844\/revisions"}],"up":[{"embeddable":true,"href":"https:\/\/artapartamento.com\/pt\/wp-json\/wp\/v2\/pages\/4291"}],"wp:featuredmedia":[{"embeddable":true,"href":"https:\/\/artapartamento.com\/pt\/wp-json\/wp\/v2\/media\/6843"}],"wp:attachment":[{"href":"https:\/\/artapartamento.com\/pt\/wp-json\/wp\/v2\/media?parent=6844"}],"wp:term":[{"taxonomy":"category","embeddable":true,"href":"https:\/\/artapartamento.com\/pt\/wp-json\/wp\/v2\/categories?post=6844"},{"taxonomy":"post_tag","embeddable":true,"href":"https:\/\/artapartamento.com\/pt\/wp-json\/wp\/v2\/tags?post=6844"}],"curies":[{"name":"wp","href":"https:\/\/api.w.org\/{rel}","templated":true}]}}