{"id":6696,"date":"2023-12-07T17:12:11","date_gmt":"2023-12-07T16:12:11","guid":{"rendered":"https:\/\/artapartamento.com\/?page_id=6696"},"modified":"2023-12-08T18:46:27","modified_gmt":"2023-12-08T17:46:27","slug":"um-dia-de-folga-para-os-veteranos-da-serie-do-horario-de-verao","status":"publish","type":"page","link":"https:\/\/artapartamento.com\/pt\/artistas\/ariel-cabrera-2\/a-day-off-for-the-veterans-de-la-serie-summer-time\/","title":{"rendered":"Um dia de folga para os veteranos, da s\u00e9rie Summer Time"},"content":{"rendered":"<div data-elementor-type=\"wp-page\" data-elementor-id=\"6696\" class=\"elementor elementor-6696\" data-elementor-post-type=\"page\">\n\t\t\t\t<div class=\"elementor-element elementor-element-372d8998 e-con-full e-flex e-con e-parent\" data-id=\"372d8998\" data-element_type=\"container\" data-e-type=\"container\" data-settings=\"{&quot;background_background&quot;:&quot;classic&quot;}\">\n\t\t<div class=\"elementor-element elementor-element-7de9e512 e-con-full e-flex e-con e-child\" data-id=\"7de9e512\" data-element_type=\"container\" data-e-type=\"container\">\n\t\t\t\t<div class=\"elementor-element elementor-element-119dd7f7 elementor-widget elementor-widget-image-carousel\" data-id=\"119dd7f7\" data-element_type=\"widget\" data-e-type=\"widget\" data-settings=\"{&quot;slides_to_show&quot;:&quot;1&quot;,&quot;navigation&quot;:&quot;none&quot;,&quot;autoplay&quot;:&quot;yes&quot;,&quot;pause_on_hover&quot;:&quot;yes&quot;,&quot;pause_on_interaction&quot;:&quot;yes&quot;,&quot;autoplay_speed&quot;:5000,&quot;infinite&quot;:&quot;yes&quot;,&quot;effect&quot;:&quot;slide&quot;,&quot;speed&quot;:500}\" data-widget_type=\"image-carousel.default\">\n\t\t\t\t<div class=\"elementor-widget-container\">\n\t\t\t\t\t\t\t<div class=\"elementor-image-carousel-wrapper swiper\" role=\"region\" aria-roledescription=\"carousel\" aria-label=\"\u56fe\u50cf\u8f6e\u64ad\" dir=\"ltr\">\n\t\t\t<div class=\"elementor-image-carousel swiper-wrapper swiper-image-stretch\" aria-live=\"off\">\n\t\t\t\t\t\t\t\t<div class=\"swiper-slide\" role=\"group\" aria-roledescription=\"slide\" aria-label=\"2 \u7684 1\" data-no-translation-aria-label=\"\"><a data-elementor-open-lightbox=\"yes\" data-elementor-lightbox-slideshow=\"119dd7f7\" data-e-action-hash=\"#elementor-action%3Aaction%3Dlightbox%26settings%3DeyJpZCI6NjY1MiwidXJsIjoiaHR0cHM6XC9cL2FydGFwYXJ0YW1lbnRvLmNvbVwvd3AtY29udGVudFwvdXBsb2Fkc1wvMjAyM1wvMTJcL0FyaWVsLUNhYnJlcmFfNUIuanBnLndlYnAiLCJzbGlkZXNob3ciOiIxMTlkZDdmNyJ9\" href=\"https:\/\/artapartamento.com\/wp-content\/uploads\/2023\/12\/Ariel-Cabrera_5B.jpg.webp\"><figure class=\"swiper-slide-inner\"><img decoding=\"async\" class=\"swiper-slide-image\" src=\"https:\/\/artapartamento.com\/wp-content\/uploads\/2023\/12\/Ariel-Cabrera_5B.jpg.webp\" alt=\"Ariel Cabrera\" \/><\/figure><\/a><\/div><div class=\"swiper-slide\" role=\"group\" aria-roledescription=\"slide\" aria-label=\"2 \u7684 2\" data-no-translation-aria-label=\"\"><a data-elementor-open-lightbox=\"yes\" data-elementor-lightbox-slideshow=\"119dd7f7\" data-e-action-hash=\"#elementor-action%3Aaction%3Dlightbox%26settings%3DeyJpZCI6NjcwNywidXJsIjoiaHR0cHM6XC9cL2FydGFwYXJ0YW1lbnRvLmNvbVwvd3AtY29udGVudFwvdXBsb2Fkc1wvMjAyM1wvMTJcL0FyaWVsLUNhYnJlcmFfMTIuanBnLndlYnAiLCJzbGlkZXNob3ciOiIxMTlkZDdmNyJ9\" href=\"https:\/\/artapartamento.com\/wp-content\/uploads\/2023\/12\/Ariel-Cabrera_12.jpg.webp\"><figure class=\"swiper-slide-inner\"><img decoding=\"async\" class=\"swiper-slide-image\" src=\"https:\/\/artapartamento.com\/wp-content\/uploads\/2023\/12\/Ariel-Cabrera_12.jpg.webp\" alt=\"Ariel Cabrera\" \/><\/figure><\/a><\/div>\t\t\t<\/div>\n\t\t\t\t\t\t\t\n\t\t\t\t\t\t\t\t\t<\/div>\n\t\t\t\t\t\t<\/div>\n\t\t\t\t<\/div>\n\t\t\t\t<\/div>\n\t\t<div class=\"elementor-element elementor-element-129c00f6 e-con-full e-flex e-con e-child\" data-id=\"129c00f6\" data-element_type=\"container\" data-e-type=\"container\">\n\t\t\t\t<div class=\"elementor-element elementor-element-3d8c2ae8 elementor-widget elementor-widget-heading\" data-id=\"3d8c2ae8\" data-element_type=\"widget\" data-e-type=\"widget\" data-widget_type=\"heading.default\">\n\t\t\t\t<div class=\"elementor-widget-container\">\n\t\t\t\t\t<h2 class=\"elementor-heading-title elementor-size-default\"><a href=\"https:\/\/artapartamento.com\/pt\/category\/artistas\/ariel-cabrera\/\" rel=\"tag\">Ariel Cabrera<\/a><\/h2>\t\t\t\t<\/div>\n\t\t\t\t<\/div>\n\t\t\t\t<div class=\"elementor-element elementor-element-2f0a83c1 elementor-widget elementor-widget-text-editor\" data-id=\"2f0a83c1\" data-element_type=\"widget\" data-e-type=\"widget\" data-widget_type=\"text-editor.default\">\n\t\t\t\t<div class=\"elementor-widget-container\">\n\t\t\t\t\t\t\t\t\t<p>Ariel Cabrera<br \/>Um dia de folga para os veteranos,<br \/>da s\u00e9rie Summer Time,<br \/>2023<br \/>\u00f3leo sobre linho, 120 x 120 cm<\/p>\t\t\t\t\t\t\t\t<\/div>\n\t\t\t\t<\/div>\n\t\t\t\t<div class=\"elementor-element elementor-element-5755263e elementor-widget elementor-widget-text-editor\" data-id=\"5755263e\" data-element_type=\"widget\" data-e-type=\"widget\" data-widget_type=\"text-editor.default\">\n\t\t\t\t<div class=\"elementor-widget-container\">\n\t\t\t\t\t\t\t\t\t<p>Nas suas obras, Ariel Cabrera seleciona imagens retiradas de documentos patrimoniais para mergulhar em zonas agrestes e aspectos pouco abordados pela hist\u00f3ria cubana e norte-americana. Prop\u00f5e cen\u00e1rios imagin\u00e1rios baseados em acontecimentos militares das lutas pela independ\u00eancia, criando simultaneamente eventos e supostos di\u00e1logos historiogr\u00e1ficos que submetem a hist\u00f3ria em geral a um escrut\u00ednio, onde o sarcasmo, o er\u00f3tico-burlesco e o l\u00fadico est\u00e3o presentes. Geralmente, em cenas marcadas pela vida no campo ou pela pintura hist\u00f3rica, podemos encontrar disfar\u00e7ados acontecimentos \u00edntimos, lutas rom\u00e2nticas, epis\u00f3dios de lux\u00faria e erotismo.<\/p>\t\t\t\t\t\t\t\t<\/div>\n\t\t\t\t<\/div>\n\t\t\t\t<div class=\"elementor-element elementor-element-2b2282e1 elementor-align-left elementor-widget elementor-widget-button\" data-id=\"2b2282e1\" data-element_type=\"widget\" data-e-type=\"widget\" data-widget_type=\"button.default\">\n\t\t\t\t<div class=\"elementor-widget-container\">\n\t\t\t\t\t\t\t\t\t<div class=\"elementor-button-wrapper\">\n\t\t\t\t\t<a class=\"elementor-button elementor-size-sm\" role=\"button\">\n\t\t\t\t\t\t<span class=\"elementor-button-content-wrapper\">\n\t\t\t\t\t\t\t\t\t<span class=\"elementor-button-text\">Inqu\u00e9rito<\/span>\n\t\t\t\t\t<\/span>\n\t\t\t\t\t<\/a>\n\t\t\t\t<\/div>\n\t\t\t\t\t\t\t\t<\/div>\n\t\t\t\t<\/div>\n\t\t\t\t<\/div>\n\t\t\t\t<\/div>\n\t\t\t\t<\/div>","protected":false},"excerpt":{"rendered":"<p>Ariel CabreraA Day Off for the Veterans,de la serie Summer Time,2023\u00f3leo sobre lino, 120 x 120 cm En sus obras, Ariel Cabrera selecciona im\u00e1genes tomadas de documentos patrimoniales para adentrarse en zonas escabrosas y aspectos poco tocados por la historia cubana y norteamericana. Propone escenarios imaginarios basados en acontecimientos militares de las luchas por la [&hellip;]<\/p>\n","protected":false},"author":1,"featured_media":6652,"parent":4299,"menu_order":0,"comment_status":"closed","ping_status":"closed","template":"","meta":{"_acf_changed":false,"footnotes":"","_links_to":"","_links_to_target":""},"categories":[42],"tags":[65],"class_list":["post-6696","page","type-page","status-publish","has-post-thumbnail","hentry","category-ariel-cabrera","tag-obra","post","post-with-thumbnail","post-with-thumbnail-large"],"acf":[],"aioseo_notices":[],"_links":{"self":[{"href":"https:\/\/artapartamento.com\/pt\/wp-json\/wp\/v2\/pages\/6696","targetHints":{"allow":["GET"]}}],"collection":[{"href":"https:\/\/artapartamento.com\/pt\/wp-json\/wp\/v2\/pages"}],"about":[{"href":"https:\/\/artapartamento.com\/pt\/wp-json\/wp\/v2\/types\/page"}],"author":[{"embeddable":true,"href":"https:\/\/artapartamento.com\/pt\/wp-json\/wp\/v2\/users\/1"}],"replies":[{"embeddable":true,"href":"https:\/\/artapartamento.com\/pt\/wp-json\/wp\/v2\/comments?post=6696"}],"version-history":[{"count":0,"href":"https:\/\/artapartamento.com\/pt\/wp-json\/wp\/v2\/pages\/6696\/revisions"}],"up":[{"embeddable":true,"href":"https:\/\/artapartamento.com\/pt\/wp-json\/wp\/v2\/pages\/4299"}],"wp:featuredmedia":[{"embeddable":true,"href":"https:\/\/artapartamento.com\/pt\/wp-json\/wp\/v2\/media\/6652"}],"wp:attachment":[{"href":"https:\/\/artapartamento.com\/pt\/wp-json\/wp\/v2\/media?parent=6696"}],"wp:term":[{"taxonomy":"category","embeddable":true,"href":"https:\/\/artapartamento.com\/pt\/wp-json\/wp\/v2\/categories?post=6696"},{"taxonomy":"post_tag","embeddable":true,"href":"https:\/\/artapartamento.com\/pt\/wp-json\/wp\/v2\/tags?post=6696"}],"curies":[{"name":"wp","href":"https:\/\/api.w.org\/{rel}","templated":true}]}}