{"id":6500,"date":"2023-12-05T21:21:33","date_gmt":"2023-12-05T20:21:33","guid":{"rendered":"https:\/\/artapartamento.com\/?page_id=6500"},"modified":"2023-12-08T18:49:19","modified_gmt":"2023-12-08T17:49:19","slug":"natureza-morta-voadora-1","status":"publish","type":"page","link":"https:\/\/artapartamento.com\/pt\/artistas\/nacho-martin-silva\/flying-still-life-1\/","title":{"rendered":"Natureza morta voadora 1"},"content":{"rendered":"<div data-elementor-type=\"wp-page\" data-elementor-id=\"6500\" class=\"elementor elementor-6500\" data-elementor-post-type=\"page\">\n\t\t\t\t<div class=\"elementor-element elementor-element-2c2fe2b2 e-con-full e-flex e-con e-parent\" data-id=\"2c2fe2b2\" data-element_type=\"container\" data-e-type=\"container\" data-settings=\"{&quot;background_background&quot;:&quot;classic&quot;}\">\n\t\t<div class=\"elementor-element elementor-element-44c9ed8b e-con-full e-flex e-con e-child\" data-id=\"44c9ed8b\" data-element_type=\"container\" data-e-type=\"container\">\n\t\t\t\t<div class=\"elementor-element elementor-element-76a0ad30 elementor-widget elementor-widget-image-carousel\" data-id=\"76a0ad30\" data-element_type=\"widget\" data-e-type=\"widget\" data-settings=\"{&quot;slides_to_show&quot;:&quot;1&quot;,&quot;navigation&quot;:&quot;none&quot;,&quot;autoplay&quot;:&quot;yes&quot;,&quot;pause_on_hover&quot;:&quot;yes&quot;,&quot;pause_on_interaction&quot;:&quot;yes&quot;,&quot;autoplay_speed&quot;:5000,&quot;infinite&quot;:&quot;yes&quot;,&quot;effect&quot;:&quot;slide&quot;,&quot;speed&quot;:500}\" data-widget_type=\"image-carousel.default\">\n\t\t\t\t<div class=\"elementor-widget-container\">\n\t\t\t\t\t\t\t<div class=\"elementor-image-carousel-wrapper swiper\" role=\"region\" aria-roledescription=\"carousel\" aria-label=\"Carrossel de imagens\" dir=\"ltr\">\n\t\t\t<div class=\"elementor-image-carousel swiper-wrapper swiper-image-stretch\" aria-live=\"off\">\n\t\t\t\t\t\t\t\t<div class=\"swiper-slide\" role=\"group\" aria-roledescription=\"slide\" aria-label=\"1 de 4\"><a data-elementor-open-lightbox=\"yes\" data-elementor-lightbox-slideshow=\"76a0ad30\" data-e-action-hash=\"#elementor-action%3Aaction%3Dlightbox%26settings%3DeyJpZCI6NjIwOCwidXJsIjoiaHR0cHM6XC9cL2FydGFwYXJ0YW1lbnRvLmNvbVwvd3AtY29udGVudFwvdXBsb2Fkc1wvMjAyM1wvMTJcL05hY2hvLU1hcnRpbi1TaWx2YS5qcGciLCJzbGlkZXNob3ciOiI3NmEwYWQzMCJ9\" href=\"https:\/\/artapartamento.com\/wp-content\/uploads\/2023\/12\/Nacho-Martin-Silva.jpg\"><figure class=\"swiper-slide-inner\"><img decoding=\"async\" class=\"swiper-slide-image\" src=\"https:\/\/artapartamento.com\/wp-content\/uploads\/2023\/12\/Nacho-Martin-Silva.jpg\" alt=\"Nacho Mart\u00edn Silva\" \/><\/figure><\/a><\/div><div class=\"swiper-slide\" role=\"group\" aria-roledescription=\"slide\" aria-label=\"2 de 4\"><a data-elementor-open-lightbox=\"yes\" data-elementor-lightbox-slideshow=\"76a0ad30\" data-e-action-hash=\"#elementor-action%3Aaction%3Dlightbox%26settings%3DeyJpZCI6NjUwOCwidXJsIjoiaHR0cHM6XC9cL2FydGFwYXJ0YW1lbnRvLmNvbVwvd3AtY29udGVudFwvdXBsb2Fkc1wvMjAyM1wvMTJcL05hY2hvLU1hcnRpbi1TaWx2YV8zMy5qcGcud2VicCIsInNsaWRlc2hvdyI6Ijc2YTBhZDMwIn0%3D\" href=\"https:\/\/artapartamento.com\/wp-content\/uploads\/2023\/12\/Nacho-Martin-Silva_33.jpg.webp\"><figure class=\"swiper-slide-inner\"><img decoding=\"async\" class=\"swiper-slide-image\" src=\"https:\/\/artapartamento.com\/wp-content\/uploads\/2023\/12\/Nacho-Martin-Silva_33.jpg.webp\" alt=\"Nacho Mart\u00edn Silva\" \/><\/figure><\/a><\/div><div class=\"swiper-slide\" role=\"group\" aria-roledescription=\"slide\" aria-label=\"3 de 4\"><a data-elementor-open-lightbox=\"yes\" data-elementor-lightbox-slideshow=\"76a0ad30\" data-e-action-hash=\"#elementor-action%3Aaction%3Dlightbox%26settings%3DeyJpZCI6NjUwOSwidXJsIjoiaHR0cHM6XC9cL2FydGFwYXJ0YW1lbnRvLmNvbVwvd3AtY29udGVudFwvdXBsb2Fkc1wvMjAyM1wvMTJcL05hY2hvLU1hcnRpbi1TaWx2YV8zNC5qcGcud2VicCIsInNsaWRlc2hvdyI6Ijc2YTBhZDMwIn0%3D\" href=\"https:\/\/artapartamento.com\/wp-content\/uploads\/2023\/12\/Nacho-Martin-Silva_34.jpg.webp\"><figure class=\"swiper-slide-inner\"><img decoding=\"async\" class=\"swiper-slide-image\" src=\"https:\/\/artapartamento.com\/wp-content\/uploads\/2023\/12\/Nacho-Martin-Silva_34.jpg.webp\" alt=\"Nacho Mart\u00edn Silva\" \/><\/figure><\/a><\/div><div class=\"swiper-slide\" role=\"group\" aria-roledescription=\"slide\" aria-label=\"4 de 4\"><a data-elementor-open-lightbox=\"yes\" data-elementor-lightbox-slideshow=\"76a0ad30\" data-e-action-hash=\"#elementor-action%3Aaction%3Dlightbox%26settings%3DeyJpZCI6NjUxMCwidXJsIjoiaHR0cHM6XC9cL2FydGFwYXJ0YW1lbnRvLmNvbVwvd3AtY29udGVudFwvdXBsb2Fkc1wvMjAyM1wvMTJcL05hY2hvLU1hcnRpbi1TaWx2YV8zNS5qcGcud2VicCIsInNsaWRlc2hvdyI6Ijc2YTBhZDMwIn0%3D\" href=\"https:\/\/artapartamento.com\/wp-content\/uploads\/2023\/12\/Nacho-Martin-Silva_35.jpg.webp\"><figure class=\"swiper-slide-inner\"><img decoding=\"async\" class=\"swiper-slide-image\" src=\"https:\/\/artapartamento.com\/wp-content\/uploads\/2023\/12\/Nacho-Martin-Silva_35.jpg.webp\" alt=\"Nacho Mart\u00edn Silva\" \/><\/figure><\/a><\/div>\t\t\t<\/div>\n\t\t\t\t\t\t\t\n\t\t\t\t\t\t\t\t\t<\/div>\n\t\t\t\t\t\t<\/div>\n\t\t\t\t<\/div>\n\t\t\t\t<\/div>\n\t\t<div class=\"elementor-element elementor-element-45edd60f e-con-full e-flex e-con e-child\" data-id=\"45edd60f\" data-element_type=\"container\" data-e-type=\"container\">\n\t\t\t\t<div class=\"elementor-element elementor-element-6dd4c6f5 elementor-widget elementor-widget-heading\" data-id=\"6dd4c6f5\" data-element_type=\"widget\" data-e-type=\"widget\" data-widget_type=\"heading.default\">\n\t\t\t\t<div class=\"elementor-widget-container\">\n\t\t\t\t\t<h2 class=\"elementor-heading-title elementor-size-default\"><a href=\"https:\/\/artapartamento.com\/pt\/category\/artistas\/nacho-martin-silva\/\" rel=\"tag\">Nacho Mart\u00edn Silva<\/a><\/h2>\t\t\t\t<\/div>\n\t\t\t\t<\/div>\n\t\t\t\t<div class=\"elementor-element elementor-element-157eadc8 elementor-widget elementor-widget-text-editor\" data-id=\"157eadc8\" data-element_type=\"widget\" data-e-type=\"widget\" data-widget_type=\"text-editor.default\">\n\t\t\t\t<div class=\"elementor-widget-container\">\n\t\t\t\t\t\t\t\t\t<p>Natureza morta voadora 1,<br \/>2023, <br \/>\u00d3leo sobre linho, 122 x 122 cm<\/p>\t\t\t\t\t\t\t\t<\/div>\n\t\t\t\t<\/div>\n\t\t\t\t<div class=\"elementor-element elementor-element-5259aa71 elementor-widget elementor-widget-text-editor\" data-id=\"5259aa71\" data-element_type=\"widget\" data-e-type=\"widget\" data-widget_type=\"text-editor.default\">\n\t\t\t\t<div class=\"elementor-widget-container\">\n\t\t\t\t\t\t\t\t\t<p>Toma como modelo imagens de aves empalhadas das colec\u00e7\u00f5es de v\u00e1rios museus de ci\u00eancias naturais e est\u00fadios de taxidermia de todo o mundo.  O artista destaca a contradi\u00e7\u00e3o impl\u00edcita entre o movimento gracioso das poses em que estas aves foram preservadas e a sua condi\u00e7\u00e3o inerente. Esta obra \u00e9 uma an\u00e1lise detalhada da natureza-morta como g\u00e9nero pict\u00f3rico e como h\u00e1bito cultural.<\/p>\t\t\t\t\t\t\t\t<\/div>\n\t\t\t\t<\/div>\n\t\t\t\t<div class=\"elementor-element elementor-element-267d1df elementor-align-left elementor-widget elementor-widget-button\" data-id=\"267d1df\" data-element_type=\"widget\" data-e-type=\"widget\" data-widget_type=\"button.default\">\n\t\t\t\t<div class=\"elementor-widget-container\">\n\t\t\t\t\t\t\t\t\t<div class=\"elementor-button-wrapper\">\n\t\t\t\t\t<a class=\"elementor-button elementor-size-sm\" role=\"button\">\n\t\t\t\t\t\t<span class=\"elementor-button-content-wrapper\">\n\t\t\t\t\t\t\t\t\t<span class=\"elementor-button-text\">Inqu\u00e9rito<\/span>\n\t\t\t\t\t<\/span>\n\t\t\t\t\t<\/a>\n\t\t\t\t<\/div>\n\t\t\t\t\t\t\t\t<\/div>\n\t\t\t\t<\/div>\n\t\t\t\t<\/div>\n\t\t\t\t<\/div>\n\t\t\t\t<\/div>","protected":false},"excerpt":{"rendered":"<p>Flying Still Life 1,2023, \u00d3leo sobre lino, 122 x 122 cm Se toma como modelo im\u00e1genes de aves disecadas pertenecientes a\u00a0 las colecciones de diferentes Museos de Ciencias Naturales y estudios de taxidermia del mundo. \u00a0El artista destaca la contradicci\u00f3n impl\u00edcita entre el movimiento gr\u00e1cil de las poses en que han sido conservadas estas aves [&hellip;]<\/p>\n","protected":false},"author":1,"featured_media":6192,"parent":4377,"menu_order":0,"comment_status":"closed","ping_status":"closed","template":"","meta":{"_acf_changed":false,"footnotes":"","_links_to":"","_links_to_target":""},"categories":[55],"tags":[65],"class_list":["post-6500","page","type-page","status-publish","has-post-thumbnail","hentry","category-nacho-martin-silva","tag-obra","post","post-with-thumbnail","post-with-thumbnail-large"],"acf":[],"aioseo_notices":[],"_links":{"self":[{"href":"https:\/\/artapartamento.com\/pt\/wp-json\/wp\/v2\/pages\/6500","targetHints":{"allow":["GET"]}}],"collection":[{"href":"https:\/\/artapartamento.com\/pt\/wp-json\/wp\/v2\/pages"}],"about":[{"href":"https:\/\/artapartamento.com\/pt\/wp-json\/wp\/v2\/types\/page"}],"author":[{"embeddable":true,"href":"https:\/\/artapartamento.com\/pt\/wp-json\/wp\/v2\/users\/1"}],"replies":[{"embeddable":true,"href":"https:\/\/artapartamento.com\/pt\/wp-json\/wp\/v2\/comments?post=6500"}],"version-history":[{"count":0,"href":"https:\/\/artapartamento.com\/pt\/wp-json\/wp\/v2\/pages\/6500\/revisions"}],"up":[{"embeddable":true,"href":"https:\/\/artapartamento.com\/pt\/wp-json\/wp\/v2\/pages\/4377"}],"wp:featuredmedia":[{"embeddable":true,"href":"https:\/\/artapartamento.com\/pt\/wp-json\/wp\/v2\/media\/6192"}],"wp:attachment":[{"href":"https:\/\/artapartamento.com\/pt\/wp-json\/wp\/v2\/media?parent=6500"}],"wp:term":[{"taxonomy":"category","embeddable":true,"href":"https:\/\/artapartamento.com\/pt\/wp-json\/wp\/v2\/categories?post=6500"},{"taxonomy":"post_tag","embeddable":true,"href":"https:\/\/artapartamento.com\/pt\/wp-json\/wp\/v2\/tags?post=6500"}],"curies":[{"name":"wp","href":"https:\/\/api.w.org\/{rel}","templated":true}]}}