{"id":6311,"date":"2023-12-05T18:43:49","date_gmt":"2023-12-05T17:43:49","guid":{"rendered":"https:\/\/artapartamento.com\/?page_id=6311"},"modified":"2023-12-08T18:54:42","modified_gmt":"2023-12-08T17:54:42","slug":"querubim","status":"publish","type":"page","link":"https:\/\/artapartamento.com\/pt\/artistas\/nacho-martin-silva\/querubin\/","title":{"rendered":"Querubim"},"content":{"rendered":"<div data-elementor-type=\"wp-page\" data-elementor-id=\"6311\" class=\"elementor elementor-6311\" data-elementor-post-type=\"page\">\n\t\t\t\t<div class=\"elementor-element elementor-element-439dfe61 e-con-full e-flex e-con e-parent\" data-id=\"439dfe61\" data-element_type=\"container\" data-e-type=\"container\" data-settings=\"{&quot;background_background&quot;:&quot;classic&quot;}\">\n\t\t<div class=\"elementor-element elementor-element-5abebee6 e-con-full e-flex e-con e-child\" data-id=\"5abebee6\" data-element_type=\"container\" data-e-type=\"container\">\n\t\t\t\t<div class=\"elementor-element elementor-element-fedd32c elementor-widget elementor-widget-image-carousel\" data-id=\"fedd32c\" data-element_type=\"widget\" data-e-type=\"widget\" data-settings=\"{&quot;slides_to_show&quot;:&quot;1&quot;,&quot;navigation&quot;:&quot;none&quot;,&quot;autoplay&quot;:&quot;yes&quot;,&quot;pause_on_hover&quot;:&quot;yes&quot;,&quot;pause_on_interaction&quot;:&quot;yes&quot;,&quot;autoplay_speed&quot;:5000,&quot;infinite&quot;:&quot;yes&quot;,&quot;effect&quot;:&quot;slide&quot;,&quot;speed&quot;:500}\" data-widget_type=\"image-carousel.default\">\n\t\t\t\t<div class=\"elementor-widget-container\">\n\t\t\t\t\t\t\t<div class=\"elementor-image-carousel-wrapper swiper\" role=\"region\" aria-roledescription=\"carousel\" aria-label=\"Carrossel de imagens\" dir=\"ltr\" data-no-translation-aria-label=\"\">\n\t\t\t<div class=\"elementor-image-carousel swiper-wrapper swiper-image-stretch\" aria-live=\"off\">\n\t\t\t\t\t\t\t\t<div class=\"swiper-slide\" role=\"group\" aria-roledescription=\"slide\" aria-label=\"1 de 3\" data-no-translation-aria-label=\"\"><a data-elementor-open-lightbox=\"yes\" data-elementor-lightbox-slideshow=\"fedd32c\" data-e-action-hash=\"#elementor-action%3Aaction%3Dlightbox%26settings%3DeyJpZCI6NjE5OCwidXJsIjoiaHR0cHM6XC9cL2FydGFwYXJ0YW1lbnRvLmNvbVwvd3AtY29udGVudFwvdXBsb2Fkc1wvMjAyM1wvMTJcL05hY2hvLU1hcnRpbi1TaWx2YV82LmpwZy53ZWJwIiwic2xpZGVzaG93IjoiZmVkZDMyYyJ9\" href=\"https:\/\/artapartamento.com\/wp-content\/uploads\/2023\/12\/Nacho-Martin-Silva_6.jpg.webp\"><figure class=\"swiper-slide-inner\"><img decoding=\"async\" class=\"swiper-slide-image\" src=\"https:\/\/artapartamento.com\/wp-content\/uploads\/2023\/12\/Nacho-Martin-Silva_6.jpg.webp\" alt=\"Nacho Mart\u00edn Silva\" \/><\/figure><\/a><\/div><div class=\"swiper-slide\" role=\"group\" aria-roledescription=\"slide\" aria-label=\"2 de 3\" data-no-translation-aria-label=\"\"><a data-elementor-open-lightbox=\"yes\" data-elementor-lightbox-slideshow=\"fedd32c\" data-e-action-hash=\"#elementor-action%3Aaction%3Dlightbox%26settings%3DeyJpZCI6NjMxNCwidXJsIjoiaHR0cHM6XC9cL2FydGFwYXJ0YW1lbnRvLmNvbVwvd3AtY29udGVudFwvdXBsb2Fkc1wvMjAyM1wvMTJcL05BQ0hPLU1BUlRJTi1TSUxWQV8xMy5qcGcud2VicCIsInNsaWRlc2hvdyI6ImZlZGQzMmMifQ%3D%3D\" href=\"https:\/\/artapartamento.com\/wp-content\/uploads\/2023\/12\/NACHO-MARTIN-SILVA_13.jpg.webp\"><figure class=\"swiper-slide-inner\"><img decoding=\"async\" class=\"swiper-slide-image\" src=\"https:\/\/artapartamento.com\/wp-content\/uploads\/2023\/12\/NACHO-MARTIN-SILVA_13.jpg.webp\" alt=\"Nacho Mart\u00edn Silva\" \/><\/figure><\/a><\/div><div class=\"swiper-slide\" role=\"group\" aria-roledescription=\"slide\" aria-label=\"3 de 3\" data-no-translation-aria-label=\"\"><a data-elementor-open-lightbox=\"yes\" data-elementor-lightbox-slideshow=\"fedd32c\" data-e-action-hash=\"#elementor-action%3Aaction%3Dlightbox%26settings%3DeyJpZCI6NjMxNSwidXJsIjoiaHR0cHM6XC9cL2FydGFwYXJ0YW1lbnRvLmNvbVwvd3AtY29udGVudFwvdXBsb2Fkc1wvMjAyM1wvMTJcL05BQ0hPLU1BUlRJTi1TSUxWQV8xNC5qcGcud2VicCIsInNsaWRlc2hvdyI6ImZlZGQzMmMifQ%3D%3D\" href=\"https:\/\/artapartamento.com\/wp-content\/uploads\/2023\/12\/NACHO-MARTIN-SILVA_14.jpg.webp\"><figure class=\"swiper-slide-inner\"><img decoding=\"async\" class=\"swiper-slide-image\" src=\"https:\/\/artapartamento.com\/wp-content\/uploads\/2023\/12\/NACHO-MARTIN-SILVA_14.jpg.webp\" alt=\"Nacho Mart\u00edn Silva\" \/><\/figure><\/a><\/div>\t\t\t<\/div>\n\t\t\t\t\t\t\t\n\t\t\t\t\t\t\t\t\t<\/div>\n\t\t\t\t\t\t<\/div>\n\t\t\t\t<\/div>\n\t\t\t\t<\/div>\n\t\t<div class=\"elementor-element elementor-element-7da1075e e-con-full e-flex e-con e-child\" data-id=\"7da1075e\" data-element_type=\"container\" data-e-type=\"container\">\n\t\t\t\t<div class=\"elementor-element elementor-element-2bc1683f elementor-widget elementor-widget-heading\" data-id=\"2bc1683f\" data-element_type=\"widget\" data-e-type=\"widget\" data-widget_type=\"heading.default\">\n\t\t\t\t<div class=\"elementor-widget-container\">\n\t\t\t\t\t<h2 class=\"elementor-heading-title elementor-size-default\"><a href=\"https:\/\/artapartamento.com\/pt\/category\/artistas\/nacho-martin-silva\/\" rel=\"tag\">Nacho Mart\u00edn Silva<\/a><\/h2>\t\t\t\t<\/div>\n\t\t\t\t<\/div>\n\t\t\t\t<div class=\"elementor-element elementor-element-10a523a4 elementor-widget elementor-widget-text-editor\" data-id=\"10a523a4\" data-element_type=\"widget\" data-e-type=\"widget\" data-widget_type=\"text-editor.default\">\n\t\t\t\t<div class=\"elementor-widget-container\">\n\t\t\t\t\t\t\t\t\t<p>Querubim, <br \/>2023, <br \/>\u00d3leo sobre linho, 30 x 33 cm<\/p>\t\t\t\t\t\t\t\t<\/div>\n\t\t\t\t<\/div>\n\t\t\t\t<div class=\"elementor-element elementor-element-40e57bdb elementor-widget elementor-widget-text-editor\" data-id=\"40e57bdb\" data-element_type=\"widget\" data-e-type=\"widget\" data-widget_type=\"text-editor.default\">\n\t\t\t\t<div class=\"elementor-widget-container\">\n\t\t\t\t\t\t\t\t\t<p>Pela primeira vez, o pintor aproxima-se do mundo da natureza e da paisagem exterior; constr\u00f3i um espa\u00e7o amb\u00edguo, n\u00e3o isento de uma certa teatralidade.\u00a0<br \/>A sele\u00e7\u00e3o de imagens que servem de ponto de partida para as pinturas de Nacho fornece dados fundamentais para uma maior compreens\u00e3o da hist\u00f3ria que a pintura nos oferece. Para esta s\u00e9rie de pinturas o artista utilizou imagens de arquivo que documentam a hist\u00f3ria dos grandes taxidermistas e fragmentos retirados de reprodu\u00e7\u00f5es de pinturas do artista franc\u00eas Henri Rousseau. Os taxidermistas constru\u00edram os dioramas que hoje \"ilustram\" as diferentes sec\u00e7\u00f5es e salas dos museus de Hist\u00f3ria Natural.  Rousseau, por seu lado, pintou numerosos quadros de selvas ex\u00f3ticas com uma vegeta\u00e7\u00e3o exuberante, sem nunca ter sa\u00eddo de Fran\u00e7a. Documentava-se visitando o jardim bot\u00e2nico do Mus\u00e9e des Sciences Naturelles de Paris ou lendo qualquer publica\u00e7\u00e3o cient\u00edfica que lhe ca\u00edsse nas m\u00e3os.<\/p>\t\t\t\t\t\t\t\t<\/div>\n\t\t\t\t<\/div>\n\t\t\t\t<div class=\"elementor-element elementor-element-750949dd elementor-align-left elementor-widget elementor-widget-button\" data-id=\"750949dd\" data-element_type=\"widget\" data-e-type=\"widget\" data-widget_type=\"button.default\">\n\t\t\t\t<div class=\"elementor-widget-container\">\n\t\t\t\t\t\t\t\t\t<div class=\"elementor-button-wrapper\">\n\t\t\t\t\t<a class=\"elementor-button elementor-size-sm\" role=\"button\">\n\t\t\t\t\t\t<span class=\"elementor-button-content-wrapper\">\n\t\t\t\t\t\t\t\t\t<span class=\"elementor-button-text\">Inqu\u00e9rito<\/span>\n\t\t\t\t\t<\/span>\n\t\t\t\t\t<\/a>\n\t\t\t\t<\/div>\n\t\t\t\t\t\t\t\t<\/div>\n\t\t\t\t<\/div>\n\t\t\t\t<\/div>\n\t\t\t\t<\/div>\n\t\t\t\t<\/div>","protected":false},"excerpt":{"rendered":"<p>Querub\u00edn, 2023, \u00d3leo sobre lino, 30 x 33 cm El pintor, por primera vez, se acerca al mundo de la naturaleza y al paisaje exterior;\u00a0construye un espacio ambiguo, no exento de cierta teatralidad.\u00a0La selecci\u00f3n de las im\u00e1genes que sirve de punto de partida para las pinturas de Nacho aporta datos fundamentales para una mayor comprensi\u00f3n [&hellip;]<\/p>\n","protected":false},"author":1,"featured_media":6198,"parent":4377,"menu_order":0,"comment_status":"closed","ping_status":"closed","template":"","meta":{"_acf_changed":false,"footnotes":"","_links_to":"","_links_to_target":""},"categories":[55],"tags":[65],"class_list":["post-6311","page","type-page","status-publish","has-post-thumbnail","hentry","category-nacho-martin-silva","tag-obra","post","post-with-thumbnail","post-with-thumbnail-large"],"acf":[],"aioseo_notices":[],"_links":{"self":[{"href":"https:\/\/artapartamento.com\/pt\/wp-json\/wp\/v2\/pages\/6311","targetHints":{"allow":["GET"]}}],"collection":[{"href":"https:\/\/artapartamento.com\/pt\/wp-json\/wp\/v2\/pages"}],"about":[{"href":"https:\/\/artapartamento.com\/pt\/wp-json\/wp\/v2\/types\/page"}],"author":[{"embeddable":true,"href":"https:\/\/artapartamento.com\/pt\/wp-json\/wp\/v2\/users\/1"}],"replies":[{"embeddable":true,"href":"https:\/\/artapartamento.com\/pt\/wp-json\/wp\/v2\/comments?post=6311"}],"version-history":[{"count":0,"href":"https:\/\/artapartamento.com\/pt\/wp-json\/wp\/v2\/pages\/6311\/revisions"}],"up":[{"embeddable":true,"href":"https:\/\/artapartamento.com\/pt\/wp-json\/wp\/v2\/pages\/4377"}],"wp:featuredmedia":[{"embeddable":true,"href":"https:\/\/artapartamento.com\/pt\/wp-json\/wp\/v2\/media\/6198"}],"wp:attachment":[{"href":"https:\/\/artapartamento.com\/pt\/wp-json\/wp\/v2\/media?parent=6311"}],"wp:term":[{"taxonomy":"category","embeddable":true,"href":"https:\/\/artapartamento.com\/pt\/wp-json\/wp\/v2\/categories?post=6311"},{"taxonomy":"post_tag","embeddable":true,"href":"https:\/\/artapartamento.com\/pt\/wp-json\/wp\/v2\/tags?post=6311"}],"curies":[{"name":"wp","href":"https:\/\/api.w.org\/{rel}","templated":true}]}}