{"id":5908,"date":"2023-11-29T19:59:06","date_gmt":"2023-11-29T18:59:06","guid":{"rendered":"https:\/\/artapartamento.com\/?page_id=5908"},"modified":"2023-12-08T19:21:38","modified_gmt":"2023-12-08T18:21:38","slug":"de-sonhos-que-poderiam-muito-bem-ser-reflexos","status":"publish","type":"page","link":"https:\/\/artapartamento.com\/pt\/artistas\/los-bravu\/de-suenos-que-bien-podrian-ser-reflejos\/","title":{"rendered":"De sonhos que mais parecem reflexos"},"content":{"rendered":"<div data-elementor-type=\"wp-page\" data-elementor-id=\"5908\" class=\"elementor elementor-5908\" data-elementor-post-type=\"page\">\n\t\t\t\t<div class=\"elementor-element elementor-element-430d6e88 e-con-full e-flex e-con e-parent\" data-id=\"430d6e88\" data-element_type=\"container\" data-e-type=\"container\" data-settings=\"{&quot;background_background&quot;:&quot;classic&quot;}\">\n\t\t<div class=\"elementor-element elementor-element-48fb77d5 e-con-full e-flex e-con e-child\" data-id=\"48fb77d5\" data-element_type=\"container\" data-e-type=\"container\">\n\t\t\t\t<div class=\"elementor-element elementor-element-56e63a17 elementor-widget elementor-widget-image-carousel\" data-id=\"56e63a17\" data-element_type=\"widget\" data-e-type=\"widget\" data-settings=\"{&quot;slides_to_show&quot;:&quot;1&quot;,&quot;navigation&quot;:&quot;none&quot;,&quot;autoplay&quot;:&quot;yes&quot;,&quot;pause_on_hover&quot;:&quot;yes&quot;,&quot;pause_on_interaction&quot;:&quot;yes&quot;,&quot;autoplay_speed&quot;:5000,&quot;infinite&quot;:&quot;yes&quot;,&quot;effect&quot;:&quot;slide&quot;,&quot;speed&quot;:500}\" data-widget_type=\"image-carousel.default\">\n\t\t\t\t<div class=\"elementor-widget-container\">\n\t\t\t\t\t\t\t<div class=\"elementor-image-carousel-wrapper swiper\" role=\"region\" aria-roledescription=\"carousel\" aria-label=\"\u56fe\u50cf\u65cb\u8f6c\u6728\u9a6c\" dir=\"ltr\" data-no-translation-aria-label=\"\">\n\t\t\t<div class=\"elementor-image-carousel swiper-wrapper swiper-image-stretch\" aria-live=\"off\">\n\t\t\t\t\t\t\t\t<div class=\"swiper-slide\" role=\"group\" aria-roledescription=\"slide\" aria-label=\"8 \u7684 1\" data-no-translation-aria-label=\"\"><a data-elementor-open-lightbox=\"yes\" data-elementor-lightbox-slideshow=\"56e63a17\" data-e-action-hash=\"#elementor-action%3Aaction%3Dlightbox%26settings%3DeyJpZCI6NTgyNCwidXJsIjoiaHR0cHM6XC9cL2FydGFwYXJ0YW1lbnRvLmNvbVwvd3AtY29udGVudFwvdXBsb2Fkc1wvMjAyM1wvMTFcL09icmEtMy5qcGcud2VicCIsInNsaWRlc2hvdyI6IjU2ZTYzYTE3In0%3D\" href=\"https:\/\/artapartamento.com\/wp-content\/uploads\/2023\/11\/Obra-3.jpg.webp\"><figure class=\"swiper-slide-inner\"><img decoding=\"async\" class=\"swiper-slide-image\" src=\"https:\/\/artapartamento.com\/wp-content\/uploads\/2023\/11\/Obra-3.jpg.webp\" alt=\"O Brav\u00fa\" \/><\/figure><\/a><\/div><div class=\"swiper-slide\" role=\"group\" aria-roledescription=\"slide\" aria-label=\"8 \u7684 2\" data-no-translation-aria-label=\"\"><a data-elementor-open-lightbox=\"yes\" data-elementor-lightbox-slideshow=\"56e63a17\" data-e-action-hash=\"#elementor-action%3Aaction%3Dlightbox%26settings%3DeyJpZCI6NTkyMCwidXJsIjoiaHR0cHM6XC9cL2FydGFwYXJ0YW1lbnRvLmNvbVwvd3AtY29udGVudFwvdXBsb2Fkc1wvMjAyM1wvMTFcLzU4M0U4QzE4LTRCQkYtNEU0Ny1BQ0FGLURBOTZGRDI0RjQyRC5qcGcud2VicCIsInNsaWRlc2hvdyI6IjU2ZTYzYTE3In0%3D\" href=\"https:\/\/artapartamento.com\/wp-content\/uploads\/2023\/11\/583E8C18-4BBF-4E47-ACAF-DA96FD24F42D.jpg.webp\"><figure class=\"swiper-slide-inner\"><img decoding=\"async\" class=\"swiper-slide-image\" src=\"https:\/\/artapartamento.com\/wp-content\/uploads\/2023\/11\/583E8C18-4BBF-4E47-ACAF-DA96FD24F42D.jpg.webp\" alt=\"O Brav\u00fa\" \/><\/figure><\/a><\/div><div class=\"swiper-slide\" role=\"group\" aria-roledescription=\"slide\" aria-label=\"8 \u7684 3\" data-no-translation-aria-label=\"\"><a data-elementor-open-lightbox=\"yes\" data-elementor-lightbox-slideshow=\"56e63a17\" data-e-action-hash=\"#elementor-action%3Aaction%3Dlightbox%26settings%3DeyJpZCI6NTkyMSwidXJsIjoiaHR0cHM6XC9cL2FydGFwYXJ0YW1lbnRvLmNvbVwvd3AtY29udGVudFwvdXBsb2Fkc1wvMjAyM1wvMTFcLzEzOTM1OUU1LTA5M0UtNEQxQi04N0NGLTcwMkIwQjAxNEMwNi5qcGcud2VicCIsInNsaWRlc2hvdyI6IjU2ZTYzYTE3In0%3D\" href=\"https:\/\/artapartamento.com\/wp-content\/uploads\/2023\/11\/139359E5-093E-4D1B-87CF-702B0B014C06.jpg.webp\"><figure class=\"swiper-slide-inner\"><img decoding=\"async\" class=\"swiper-slide-image\" src=\"https:\/\/artapartamento.com\/wp-content\/uploads\/2023\/11\/139359E5-093E-4D1B-87CF-702B0B014C06.jpg.webp\" alt=\"O Brav\u00fa\" \/><\/figure><\/a><\/div><div class=\"swiper-slide\" role=\"group\" aria-roledescription=\"slide\" aria-label=\"8 \u7684 4\" data-no-translation-aria-label=\"\"><a data-elementor-open-lightbox=\"yes\" data-elementor-lightbox-slideshow=\"56e63a17\" data-e-action-hash=\"#elementor-action%3Aaction%3Dlightbox%26settings%3DeyJpZCI6NTkyMiwidXJsIjoiaHR0cHM6XC9cL2FydGFwYXJ0YW1lbnRvLmNvbVwvd3AtY29udGVudFwvdXBsb2Fkc1wvMjAyM1wvMTFcLzAzNTIzMzUxLUIwRTEtNDExMi04NTM4LTNBQTQyQTQ2NjE2Qi5qcGcud2VicCIsInNsaWRlc2hvdyI6IjU2ZTYzYTE3In0%3D\" href=\"https:\/\/artapartamento.com\/wp-content\/uploads\/2023\/11\/03523351-B0E1-4112-8538-3AA42A46616B.jpg.webp\"><figure class=\"swiper-slide-inner\"><img decoding=\"async\" class=\"swiper-slide-image\" src=\"https:\/\/artapartamento.com\/wp-content\/uploads\/2023\/11\/03523351-B0E1-4112-8538-3AA42A46616B.jpg.webp\" alt=\"O Brav\u00fa\" \/><\/figure><\/a><\/div><div class=\"swiper-slide\" role=\"group\" aria-roledescription=\"slide\" aria-label=\"8 \u7684 5\" data-no-translation-aria-label=\"\"><a data-elementor-open-lightbox=\"yes\" data-elementor-lightbox-slideshow=\"56e63a17\" data-e-action-hash=\"#elementor-action%3Aaction%3Dlightbox%26settings%3DeyJpZCI6NTkyMywidXJsIjoiaHR0cHM6XC9cL2FydGFwYXJ0YW1lbnRvLmNvbVwvd3AtY29udGVudFwvdXBsb2Fkc1wvMjAyM1wvMTFcL0lNR18xNzY5LXNjYWxlZC5qcGcud2VicCIsInNsaWRlc2hvdyI6IjU2ZTYzYTE3In0%3D\" href=\"https:\/\/artapartamento.com\/wp-content\/uploads\/2023\/11\/IMG_1769-scaled.jpg.webp\"><figure class=\"swiper-slide-inner\"><img decoding=\"async\" class=\"swiper-slide-image\" src=\"https:\/\/artapartamento.com\/wp-content\/uploads\/2023\/11\/IMG_1769-scaled.jpg.webp\" alt=\"O Brav\u00fa\" \/><\/figure><\/a><\/div><div class=\"swiper-slide\" role=\"group\" aria-roledescription=\"slide\" aria-label=\"8 \u7684 6\" data-no-translation-aria-label=\"\"><a data-elementor-open-lightbox=\"yes\" data-elementor-lightbox-slideshow=\"56e63a17\" data-e-action-hash=\"#elementor-action%3Aaction%3Dlightbox%26settings%3DeyJpZCI6NTkyNCwidXJsIjoiaHR0cHM6XC9cL2FydGFwYXJ0YW1lbnRvLmNvbVwvd3AtY29udGVudFwvdXBsb2Fkc1wvMjAyM1wvMTFcL0lNR18xNzcwLXNjYWxlZC5qcGcud2VicCIsInNsaWRlc2hvdyI6IjU2ZTYzYTE3In0%3D\" href=\"https:\/\/artapartamento.com\/wp-content\/uploads\/2023\/11\/IMG_1770-scaled.jpg.webp\"><figure class=\"swiper-slide-inner\"><img decoding=\"async\" class=\"swiper-slide-image\" src=\"https:\/\/artapartamento.com\/wp-content\/uploads\/2023\/11\/IMG_1770-scaled.jpg.webp\" alt=\"O Brav\u00fa\" \/><\/figure><\/a><\/div><div class=\"swiper-slide\" role=\"group\" aria-roledescription=\"slide\" aria-label=\"8 \u7684 7\" data-no-translation-aria-label=\"\"><a data-elementor-open-lightbox=\"yes\" data-elementor-lightbox-slideshow=\"56e63a17\" data-e-action-hash=\"#elementor-action%3Aaction%3Dlightbox%26settings%3DeyJpZCI6NTkyNSwidXJsIjoiaHR0cHM6XC9cL2FydGFwYXJ0YW1lbnRvLmNvbVwvd3AtY29udGVudFwvdXBsb2Fkc1wvMjAyM1wvMTFcL0lNR18xNzc0LXNjYWxlZC5qcGcud2VicCIsInNsaWRlc2hvdyI6IjU2ZTYzYTE3In0%3D\" href=\"https:\/\/artapartamento.com\/wp-content\/uploads\/2023\/11\/IMG_1774-scaled.jpg.webp\"><figure class=\"swiper-slide-inner\"><img decoding=\"async\" class=\"swiper-slide-image\" src=\"https:\/\/artapartamento.com\/wp-content\/uploads\/2023\/11\/IMG_1774-scaled.jpg.webp\" alt=\"O Brav\u00fa\" \/><\/figure><\/a><\/div><div class=\"swiper-slide\" role=\"group\" aria-roledescription=\"slide\" aria-label=\"8 \u7684 8\" data-no-translation-aria-label=\"\"><a data-elementor-open-lightbox=\"yes\" data-elementor-lightbox-slideshow=\"56e63a17\" data-e-action-hash=\"#elementor-action%3Aaction%3Dlightbox%26settings%3DeyJpZCI6NTkyNiwidXJsIjoiaHR0cHM6XC9cL2FydGFwYXJ0YW1lbnRvLmNvbVwvd3AtY29udGVudFwvdXBsb2Fkc1wvMjAyM1wvMTFcL0lNR18xNzc1LXNjYWxlZC5qcGcud2VicCIsInNsaWRlc2hvdyI6IjU2ZTYzYTE3In0%3D\" href=\"https:\/\/artapartamento.com\/wp-content\/uploads\/2023\/11\/IMG_1775-scaled.jpg.webp\"><figure class=\"swiper-slide-inner\"><img decoding=\"async\" class=\"swiper-slide-image\" src=\"https:\/\/artapartamento.com\/wp-content\/uploads\/2023\/11\/IMG_1775-scaled.jpg.webp\" alt=\"O Brav\u00fa\" \/><\/figure><\/a><\/div>\t\t\t<\/div>\n\t\t\t\t\t\t\t\n\t\t\t\t\t\t\t\t\t<\/div>\n\t\t\t\t\t\t<\/div>\n\t\t\t\t<\/div>\n\t\t\t\t<\/div>\n\t\t<div class=\"elementor-element elementor-element-575ad0ce e-con-full e-flex e-con e-child\" data-id=\"575ad0ce\" data-element_type=\"container\" data-e-type=\"container\">\n\t\t\t\t<div class=\"elementor-element elementor-element-4066d882 elementor-widget elementor-widget-heading\" data-id=\"4066d882\" data-element_type=\"widget\" data-e-type=\"widget\" data-widget_type=\"heading.default\">\n\t\t\t\t<div class=\"elementor-widget-container\">\n\t\t\t\t\t<h2 class=\"elementor-heading-title elementor-size-default\"><a href=\"https:\/\/artapartamento.com\/pt\/category\/artistas\/los-bravu\/\" rel=\"tag\">O Brav\u00fa<\/a><\/h2>\t\t\t\t<\/div>\n\t\t\t\t<\/div>\n\t\t\t\t<div class=\"elementor-element elementor-element-161cfdb8 elementor-widget elementor-widget-text-editor\" data-id=\"161cfdb8\" data-element_type=\"widget\" data-e-type=\"widget\" data-widget_type=\"text-editor.default\">\n\t\t\t\t<div class=\"elementor-widget-container\">\n\t\t\t\t\t\t\t\t\tDe sonhos que mais pareciam reflexos,<br>2023<br>T\u00e9cnica mista sobre tela, 60,00cm \u00d7 80,00cm\t\t\t\t\t\t\t\t<\/div>\n\t\t\t\t<\/div>\n\t\t\t\t<div class=\"elementor-element elementor-element-5d32a850 elementor-widget elementor-widget-text-editor\" data-id=\"5d32a850\" data-element_type=\"widget\" data-e-type=\"widget\" data-widget_type=\"text-editor.default\">\n\t\t\t\t<div class=\"elementor-widget-container\">\n\t\t\t\t\t\t\t\t\t<p>A peculiar linguagem pict\u00f3rica de Los Brav\u00fa, de estilo figurativo, temperada com fantasias ligeiramente surrealistas e virtuosismo neo-maneirista, destaca-se pelo uso met\u00f3dico da colagem e da fus\u00e3o. Misturam elementos de design contempor\u00e2neo, fanzines, meios de comunica\u00e7\u00e3o social e uma est\u00e9tica acad\u00e9mica que lembra os mestres do Renascimento italiano (s\u00e9culos XV e XVI) e do Realismo M\u00e1gico (primeira metade do s\u00e9culo XX). Misturam diferentes formas de pintar no mesmo quadro, de modo a que cada elemento das suas cenas tenha uma identidade intransmiss\u00edvel. Misturam cultura urbana e vernacular. Misturam o fasc\u00ednio e a ironia.<\/p>\t\t\t\t\t\t\t\t<\/div>\n\t\t\t\t<\/div>\n\t\t\t\t<div class=\"elementor-element elementor-element-3a12c2c0 elementor-align-left elementor-widget elementor-widget-button\" data-id=\"3a12c2c0\" data-element_type=\"widget\" data-e-type=\"widget\" data-widget_type=\"button.default\">\n\t\t\t\t<div class=\"elementor-widget-container\">\n\t\t\t\t\t\t\t\t\t<div class=\"elementor-button-wrapper\">\n\t\t\t\t\t<a class=\"elementor-button elementor-button-link elementor-size-sm\" href=\"mailto:info@artapartamento.com?subject=Inquiry:%20Los%20Bravu%20LB-223\">\n\t\t\t\t\t\t<span class=\"elementor-button-content-wrapper\">\n\t\t\t\t\t\t\t\t\t<span class=\"elementor-button-text\">Inqu\u00e9rito<\/span>\n\t\t\t\t\t<\/span>\n\t\t\t\t\t<\/a>\n\t\t\t\t<\/div>\n\t\t\t\t\t\t\t\t<\/div>\n\t\t\t\t<\/div>\n\t\t\t\t<\/div>\n\t\t\t\t<\/div>\n\t\t\t\t<\/div>","protected":false},"excerpt":{"rendered":"<p>De sue\u00f1os que bien podr\u00edan ser reflejos,2023Mixta sobre tela, 60.00cm \u00d7 80.00cm El peculiar lenguaje pict\u00f3rico de Los Brav\u00fa; de corte figurativo, aromatizado con fantas\u00edas levemente surrealistas y un virtuosismo neomanierista; destaca por el uso met\u00f3dico del collage y la fusi\u00f3n. Mezclan elementos del dise\u00f1o contempor\u00e1neo, los fanzines, los mass media y una est\u00e9tica de [&hellip;]<\/p>\n","protected":false},"author":1,"featured_media":5824,"parent":5816,"menu_order":0,"comment_status":"closed","ping_status":"closed","template":"","meta":{"_acf_changed":false,"footnotes":"","_links_to":"","_links_to_target":""},"categories":[63],"tags":[65],"class_list":["post-5908","page","type-page","status-publish","has-post-thumbnail","hentry","category-los-bravu","tag-obra","post","post-with-thumbnail","post-with-thumbnail-large"],"acf":[],"aioseo_notices":[],"_links":{"self":[{"href":"https:\/\/artapartamento.com\/pt\/wp-json\/wp\/v2\/pages\/5908","targetHints":{"allow":["GET"]}}],"collection":[{"href":"https:\/\/artapartamento.com\/pt\/wp-json\/wp\/v2\/pages"}],"about":[{"href":"https:\/\/artapartamento.com\/pt\/wp-json\/wp\/v2\/types\/page"}],"author":[{"embeddable":true,"href":"https:\/\/artapartamento.com\/pt\/wp-json\/wp\/v2\/users\/1"}],"replies":[{"embeddable":true,"href":"https:\/\/artapartamento.com\/pt\/wp-json\/wp\/v2\/comments?post=5908"}],"version-history":[{"count":0,"href":"https:\/\/artapartamento.com\/pt\/wp-json\/wp\/v2\/pages\/5908\/revisions"}],"up":[{"embeddable":true,"href":"https:\/\/artapartamento.com\/pt\/wp-json\/wp\/v2\/pages\/5816"}],"wp:featuredmedia":[{"embeddable":true,"href":"https:\/\/artapartamento.com\/pt\/wp-json\/wp\/v2\/media\/5824"}],"wp:attachment":[{"href":"https:\/\/artapartamento.com\/pt\/wp-json\/wp\/v2\/media?parent=5908"}],"wp:term":[{"taxonomy":"category","embeddable":true,"href":"https:\/\/artapartamento.com\/pt\/wp-json\/wp\/v2\/categories?post=5908"},{"taxonomy":"post_tag","embeddable":true,"href":"https:\/\/artapartamento.com\/pt\/wp-json\/wp\/v2\/tags?post=5908"}],"curies":[{"name":"wp","href":"https:\/\/api.w.org\/{rel}","templated":true}]}}