{"id":18844,"date":"2026-02-18T17:50:04","date_gmt":"2026-02-18T16:50:04","guid":{"rendered":"https:\/\/artapartamento.com\/?page_id=18844"},"modified":"2026-02-18T17:54:37","modified_gmt":"2026-02-18T16:54:37","slug":"os-soliloquios-de-cespedes","status":"publish","type":"page","link":"https:\/\/artapartamento.com\/pt\/los-soliloquios-de-cespedes\/","title":{"rendered":"Os solil\u00f3quios de C\u00e9spedes"},"content":{"rendered":"<div data-elementor-type=\"wp-page\" data-elementor-id=\"18844\" class=\"elementor elementor-18844\" data-elementor-post-type=\"page\">\n\t\t\t\t<div class=\"elementor-element elementor-element-5b29bcc1 e-con-full e-flex e-con e-parent\" data-id=\"5b29bcc1\" data-element_type=\"container\" data-e-type=\"container\" data-settings=\"{&quot;background_background&quot;:&quot;classic&quot;}\">\n\t\t<div class=\"elementor-element elementor-element-395bce27 e-con-full e-flex e-con e-child\" data-id=\"395bce27\" data-element_type=\"container\" data-e-type=\"container\">\n\t\t\t\t<div class=\"elementor-element elementor-element-31efb736 elementor-widget elementor-widget-image-carousel\" data-id=\"31efb736\" data-element_type=\"widget\" data-e-type=\"widget\" data-settings=\"{&quot;slides_to_show&quot;:&quot;1&quot;,&quot;navigation&quot;:&quot;none&quot;,&quot;autoplay&quot;:&quot;yes&quot;,&quot;pause_on_hover&quot;:&quot;yes&quot;,&quot;pause_on_interaction&quot;:&quot;yes&quot;,&quot;autoplay_speed&quot;:5000,&quot;infinite&quot;:&quot;yes&quot;,&quot;effect&quot;:&quot;slide&quot;,&quot;speed&quot;:500}\" data-widget_type=\"image-carousel.default\">\n\t\t\t\t<div class=\"elementor-widget-container\">\n\t\t\t\t\t\t\t<div class=\"elementor-image-carousel-wrapper swiper\" role=\"region\" aria-roledescription=\"carousel\" aria-label=\"Carrossel de imagens\" dir=\"ltr\">\n\t\t\t<div class=\"elementor-image-carousel swiper-wrapper swiper-image-stretch\" aria-live=\"off\">\n\t\t\t\t\t\t\t\t<div class=\"swiper-slide\" role=\"group\" aria-roledescription=\"slide\" aria-label=\"1 of 1\" data-no-translation-aria-label=\"\"><a data-elementor-open-lightbox=\"yes\" data-elementor-lightbox-slideshow=\"31efb736\" data-e-action-hash=\"#elementor-action%3Aaction%3Dlightbox%26settings%3DeyJpZCI6MTg4MTMsInVybCI6Imh0dHBzOlwvXC9hcnRhcGFydGFtZW50by5jb21cL3dwLWNvbnRlbnRcL3VwbG9hZHNcLzIwMjZcLzAyXC82Li1Mb3Mtc29saWxvcXVpb3MtZGUtQ2VzcGVkZXMuanBnLndlYnAiLCJzbGlkZXNob3ciOiIzMWVmYjczNiJ9\" href=\"https:\/\/artapartamento.com\/wp-content\/uploads\/2026\/02\/6.-Los-soliloquios-de-Cespedes.jpg.webp\"><figure class=\"swiper-slide-inner\"><img decoding=\"async\" class=\"swiper-slide-image\" src=\"https:\/\/artapartamento.com\/wp-content\/uploads\/2026\/02\/6.-Los-soliloquios-de-Cespedes.jpg.webp\" alt=\"Jos\u00e9 Manuel Mes\u00edas\" \/><\/figure><\/a><\/div>\t\t\t<\/div>\n\t\t\t\t\t<\/div>\n\t\t\t\t\t\t<\/div>\n\t\t\t\t<\/div>\n\t\t\t\t<\/div>\n\t\t<div class=\"elementor-element elementor-element-76d14c6a e-con-full e-flex e-con e-child\" data-id=\"76d14c6a\" data-element_type=\"container\" data-e-type=\"container\">\n\t\t\t\t<div class=\"elementor-element elementor-element-34aa1745 elementor-widget elementor-widget-heading\" data-id=\"34aa1745\" data-element_type=\"widget\" data-e-type=\"widget\" data-widget_type=\"heading.default\">\n\t\t\t\t<div class=\"elementor-widget-container\">\n\t\t\t\t\t<h2 class=\"elementor-heading-title elementor-size-default\"><a href=\"https:\/\/artapartamento.com\/pt\/category\/artistas\/jose-manuel-mesias\/\" rel=\"tag\">Jos\u00e9 Manuel Mes\u00edas<\/a><\/h2>\t\t\t\t<\/div>\n\t\t\t\t<\/div>\n\t\t\t\t<div class=\"elementor-element elementor-element-5763e13b elementor-widget elementor-widget-text-editor\" data-id=\"5763e13b\" data-element_type=\"widget\" data-e-type=\"widget\" data-widget_type=\"text-editor.default\">\n\t\t\t\t<div class=\"elementor-widget-container\">\n\t\t\t\t\t\t\t\t\t<p><i>Os solil\u00f3quios de C\u00e9spedes<\/i>. Da s\u00e9rie: <i>\u00cdndice de <\/i><\/p><p><i>Imagens<\/i>.<\/p><p>Taxidermia de mula, jogo de xadrez e correias.<\/p><p>135 x 75 x 181 cm<\/p>\t\t\t\t\t\t\t\t<\/div>\n\t\t\t\t<\/div>\n\t\t\t\t<div class=\"elementor-element elementor-element-4f3461f6 elementor-widget elementor-widget-text-editor\" data-id=\"4f3461f6\" data-element_type=\"widget\" data-e-type=\"widget\" data-widget_type=\"text-editor.default\">\n\t\t\t\t<div class=\"elementor-widget-container\">\n\t\t\t\t\t\t\t\t\t<ul><li>Tabuleiro e pe\u00e7as de xadrez pertencentes a Fernando Figueredo Socarr\u00e1s, doados por Carlos Manuel de C\u00e9spedes del Castillo.<\/li><li>Trabalho de taxidermia encomendado pelo major-general Francisco Javier C\u00e9spedes a Miguel Bravo Sant\u00edes, m\u00e9dico e bi\u00f3logo amador, antigo secret\u00e1rio de C\u00e9spedes; efectuado com duas ancas de mula da herdade de San Lorenzo.<\/li><\/ul><p>A curiosa pe\u00e7a baseia-se numa anedota de C\u00e9spedes, que conta ter visto uma das suas mulas, Candela, dar \u00e0 luz uma cria siamesa deformada que, surpreendentemente, nasceu viva e andou alguns passos antes de morrer apenas um minuto depois. Aparentemente, a mula tinha sido montada pelo burro Mas\u00f3n, no qual C\u00e9spedes transportava os seus pertences pessoais. Uma vez que as mulas s\u00e3o geralmente est\u00e9reis, quando d\u00e3o \u00e0 luz, os seus filhos s\u00e3o normalmente fracos ou t\u00eam anomalias que n\u00e3o sobrevivem ao nascimento.<\/p><p>A imagem do objeto foi utilizada pela organiza\u00e7\u00e3o de Bravo, <em>Irm\u00e3os do Sil\u00eancio<\/em>, que daria origem \u00e0 imprudente sedi\u00e7\u00e3o de Lagunas de Varona. O emblema concebido para o \u201cpartido cespedista\u201d secreto incorporava, na alcatra do animal, um tabuleiro de xadrez com um \u00fanico rei branco, com todas as suas pe\u00e7as reunidas no extremo oposto. Nas palavras de Bravo, ao expor as raz\u00f5es da sua conspira\u00e7\u00e3o:<\/p><p><em>\u201cUma Rep\u00fablica sem cabe\u00e7a onde os da mesma esp\u00e9cie j\u00e1 n\u00e3o falam a mesma l\u00edngua e n\u00e3o se entendem (...) o tabuleiro de xadrez \u00e9 uma met\u00e1fora da trai\u00e7\u00e3o dos cubanos ao leg\u00edtimo l\u00edder da Rep\u00fablica, que era um mestre do jogo de xadrez, uma alegoria do pensamento militar\u201d.\u201d<\/em><\/p><p>O Pai da Na\u00e7\u00e3o Cubana, Carlos Manuel de C\u00e9spedes, passou os seus \u00faltimos dias confinado nas montanhas do leste de Cuba, depois de ter sido ilegalmente deposto da presid\u00eancia da Rep\u00fablica em Armas. As p\u00e1ginas do seu di\u00e1rio est\u00e3o repletas de reflex\u00f5es apaixonadas sobre a sua vida, o seu papel na hist\u00f3ria, os seus inimigos, a revolu\u00e7\u00e3o e numerosas imagens simb\u00f3licas que sugerem a sensa\u00e7\u00e3o de um fim tr\u00e1gico iminente.<\/p><p>A pe\u00e7a funciona como uma met\u00e1fora da sua agonia e solid\u00e3o, bem como do fracasso recorrente na nossa hist\u00f3ria, causado por um mal que nasce do interior. As mulas siamesas, apresentadas como uma rel\u00edquia hist\u00f3rica, poderiam perfeitamente ser extra\u00eddas do pesadelo do her\u00f3i: o corpo de uma na\u00e7\u00e3o dividida sob o mal maior do colonialismo. No cume, numa estranha jogada de xadrez, o rei branco \u00e9 deixado sozinho em frente ao seu, uma alus\u00e3o \u00e0 forma como C\u00e9spedes foi abandonado pelos cubanos e deixado \u00e0 merc\u00ea dos espanh\u00f3is.<\/p>\t\t\t\t\t\t\t\t<\/div>\n\t\t\t\t<\/div>\n\t\t\t\t<div class=\"elementor-element elementor-element-3bfd19e4 elementor-align-left elementor-widget elementor-widget-button\" data-id=\"3bfd19e4\" data-element_type=\"widget\" data-e-type=\"widget\" data-widget_type=\"button.default\">\n\t\t\t\t<div class=\"elementor-widget-container\">\n\t\t\t\t\t\t\t\t\t<div class=\"elementor-button-wrapper\">\n\t\t\t\t\t<a class=\"elementor-button elementor-size-sm\" role=\"button\">\n\t\t\t\t\t\t<span class=\"elementor-button-content-wrapper\">\n\t\t\t\t\t\t\t\t\t<span class=\"elementor-button-text\">Inqu\u00e9rito<\/span>\n\t\t\t\t\t<\/span>\n\t\t\t\t\t<\/a>\n\t\t\t\t<\/div>\n\t\t\t\t\t\t\t\t<\/div>\n\t\t\t\t<\/div>\n\t\t\t\t<\/div>\n\t\t\t\t<\/div>\n\t\t\t\t<\/div>","protected":false},"excerpt":{"rendered":"<p>Los soliloquios de C\u00e9spedes. De la serie: \u00cdndice de Im\u00e1genes. Taxidermia de mula, juego de ajedrez y correas. 135 x 75 x 181 cm Tablero y fichas de ajedrez pertenecientes a Fernando Figueredo Socarr\u00e1s, donados por Carlos Manuel de C\u00e9spedes del Castillo. Trabajo de taxidermia encomendado por el Mayor General Francisco Javier C\u00e9spedes a Miguel [&hellip;]<\/p>\n","protected":false},"author":1,"featured_media":18813,"parent":0,"menu_order":0,"comment_status":"closed","ping_status":"closed","template":"","meta":{"_acf_changed":false,"footnotes":"","_links_to":"","_links_to_target":""},"categories":[47],"tags":[65],"class_list":["post-18844","page","type-page","status-publish","has-post-thumbnail","hentry","category-jose-manuel-mesias","tag-obra","post","post-with-thumbnail","post-with-thumbnail-large"],"acf":[],"aioseo_notices":[],"_links":{"self":[{"href":"https:\/\/artapartamento.com\/pt\/wp-json\/wp\/v2\/pages\/18844","targetHints":{"allow":["GET"]}}],"collection":[{"href":"https:\/\/artapartamento.com\/pt\/wp-json\/wp\/v2\/pages"}],"about":[{"href":"https:\/\/artapartamento.com\/pt\/wp-json\/wp\/v2\/types\/page"}],"author":[{"embeddable":true,"href":"https:\/\/artapartamento.com\/pt\/wp-json\/wp\/v2\/users\/1"}],"replies":[{"embeddable":true,"href":"https:\/\/artapartamento.com\/pt\/wp-json\/wp\/v2\/comments?post=18844"}],"version-history":[{"count":0,"href":"https:\/\/artapartamento.com\/pt\/wp-json\/wp\/v2\/pages\/18844\/revisions"}],"wp:featuredmedia":[{"embeddable":true,"href":"https:\/\/artapartamento.com\/pt\/wp-json\/wp\/v2\/media\/18813"}],"wp:attachment":[{"href":"https:\/\/artapartamento.com\/pt\/wp-json\/wp\/v2\/media?parent=18844"}],"wp:term":[{"taxonomy":"category","embeddable":true,"href":"https:\/\/artapartamento.com\/pt\/wp-json\/wp\/v2\/categories?post=18844"},{"taxonomy":"post_tag","embeddable":true,"href":"https:\/\/artapartamento.com\/pt\/wp-json\/wp\/v2\/tags?post=18844"}],"curies":[{"name":"wp","href":"https:\/\/api.w.org\/{rel}","templated":true}]}}