{"id":18722,"date":"2026-01-24T12:14:12","date_gmt":"2026-01-24T11:14:12","guid":{"rendered":"https:\/\/artapartamento.com\/?page_id=18722"},"modified":"2026-01-24T12:49:12","modified_gmt":"2026-01-24T11:49:12","slug":"um-dia-feliz","status":"publish","type":"page","link":"https:\/\/artapartamento.com\/pt\/a-happy-day\/","title":{"rendered":"Um dia feliz"},"content":{"rendered":"<div data-elementor-type=\"wp-page\" data-elementor-id=\"18722\" class=\"elementor elementor-18722\" data-elementor-post-type=\"page\">\n\t\t\t\t<div class=\"elementor-element elementor-element-68a62ff1 e-con-full e-flex e-con e-parent\" data-id=\"68a62ff1\" data-element_type=\"container\" data-e-type=\"container\" data-settings=\"{&quot;background_background&quot;:&quot;classic&quot;}\">\n\t\t<div class=\"elementor-element elementor-element-75feb5d5 e-con-full e-flex e-con e-child\" data-id=\"75feb5d5\" data-element_type=\"container\" data-e-type=\"container\">\n\t\t\t\t<div class=\"elementor-element elementor-element-5cea6dbd elementor-widget elementor-widget-image-carousel\" data-id=\"5cea6dbd\" data-element_type=\"widget\" data-e-type=\"widget\" data-settings=\"{&quot;slides_to_show&quot;:&quot;1&quot;,&quot;navigation&quot;:&quot;none&quot;,&quot;autoplay&quot;:&quot;yes&quot;,&quot;pause_on_hover&quot;:&quot;yes&quot;,&quot;pause_on_interaction&quot;:&quot;yes&quot;,&quot;autoplay_speed&quot;:5000,&quot;infinite&quot;:&quot;yes&quot;,&quot;effect&quot;:&quot;slide&quot;,&quot;speed&quot;:500}\" data-widget_type=\"image-carousel.default\">\n\t\t\t\t<div class=\"elementor-widget-container\">\n\t\t\t\t\t\t\t<div class=\"elementor-image-carousel-wrapper swiper\" role=\"region\" aria-roledescription=\"carousel\" aria-label=\"Carrossel de imagens\" dir=\"ltr\">\n\t\t\t<div class=\"elementor-image-carousel swiper-wrapper swiper-image-stretch\" aria-live=\"off\">\n\t\t\t\t\t\t\t\t<div class=\"swiper-slide\" role=\"group\" aria-roledescription=\"slide\" aria-label=\"1 de 1\" data-no-translation-aria-label=\"\"><a data-elementor-open-lightbox=\"yes\" data-elementor-lightbox-slideshow=\"5cea6dbd\" data-e-action-hash=\"#elementor-action%3Aaction%3Dlightbox%26settings%3DeyJpZCI6MTg3MDksInVybCI6Imh0dHBzOlwvXC9hcnRhcGFydGFtZW50by5jb21cL3dwLWNvbnRlbnRcL3VwbG9hZHNcLzIwMjZcLzAxXC9lbm1hcmNhZG9fZWRpY2lvbmVzNC1zY2FsZWQuanBnLndlYnAiLCJzbGlkZXNob3ciOiI1Y2VhNmRiZCJ9\" href=\"https:\/\/artapartamento.com\/wp-content\/uploads\/2026\/01\/enmarcado_ediciones4-scaled.jpg.webp\"><figure class=\"swiper-slide-inner\"><img decoding=\"async\" class=\"swiper-slide-image\" src=\"https:\/\/artapartamento.com\/wp-content\/uploads\/2026\/01\/enmarcado_ediciones4-scaled.jpg.webp\" alt=\"Novas_Edi\u00e7\u00f5es\" \/><\/figure><\/a><\/div>\t\t\t<\/div>\n\t\t\t\t\t<\/div>\n\t\t\t\t\t\t<\/div>\n\t\t\t\t<\/div>\n\t\t\t\t<\/div>\n\t\t<div class=\"elementor-element elementor-element-356a719e e-con-full e-flex e-con e-child\" data-id=\"356a719e\" data-element_type=\"container\" data-e-type=\"container\">\n\t\t\t\t<div class=\"elementor-element elementor-element-1cbe5d31 elementor-widget elementor-widget-heading\" data-id=\"1cbe5d31\" data-element_type=\"widget\" data-e-type=\"widget\" data-widget_type=\"heading.default\">\n\t\t\t\t<div class=\"elementor-widget-container\">\n\t\t\t\t\t<h2 class=\"elementor-heading-title elementor-size-default\">Reynier Leyva Novo<\/h2>\t\t\t\t<\/div>\n\t\t\t\t<\/div>\n\t\t\t\t<div class=\"elementor-element elementor-element-3c06db77 elementor-widget elementor-widget-text-editor\" data-id=\"3c06db77\" data-element_type=\"widget\" data-e-type=\"widget\" data-widget_type=\"text-editor.default\">\n\t\t\t\t<div class=\"elementor-widget-container\">\n\t\t\t\t\t\t\t\t\t<p><i>Um dia feliz,<\/i> 2025<br \/><span lang=\"ES-AR\">Serigrafia manual em papel de 320 g\/m\u00b2<\/span><br \/>50 \u00d7 35 cm (19,69 \u00d7 13,78 pol.)<br \/>Edi\u00e7\u00e3o de 50 + 2 P\/A<\/p><p><b><span lang=\"ES-AR\">Impressora principal: <\/span><\/b>Nacho Ramos<\/p>\t\t\t\t\t\t\t\t<\/div>\n\t\t\t\t<\/div>\n\t\t\t\t<div class=\"elementor-element elementor-element-b964ca1 elementor-widget elementor-widget-text-editor\" data-id=\"b964ca1\" data-element_type=\"widget\" data-e-type=\"widget\" data-widget_type=\"text-editor.default\">\n\t\t\t\t<div class=\"elementor-widget-container\">\n\t\t\t\t\t\t\t\t\t<h6>Ficha de dados t\u00e9cnicos do papel utilizado<\/h6><p>A edi\u00e7\u00e3o foi carimbada em <strong>Papel Freelife Vellum 320 g\/m\u00b2<\/strong>, um papel de alta qualidade composto por 55% de celulose pura certificada pelo FSC\u00ae, 40% de fibras recicladas certificadas pelo FSC\u00ae e 5% de fibras de algod\u00e3o. Esta composi\u00e7\u00e3o proporciona estabilidade estrutural, resist\u00eancia e corpo, ao mesmo tempo que introduz ligeiras varia\u00e7\u00f5es tonais e pequenas irregularidades t\u00edpicas dos pap\u00e9is com elevado conte\u00fado reciclado.<\/p><p style=\"font-weight: 400;\">A sua superf\u00edcie macroporosa e ligeiramente velada favorece uma excelente rece\u00e7\u00e3o da tinta de serigrafia \u00e0 base de \u00e1gua, permitindo uma boa carga, contraste e profundidade sem perda de defini\u00e7\u00e3o. A escolha deste suporte refor\u00e7a o car\u00e1cter processual da s\u00e9rie e estabelece uma coer\u00eancia material entre imagem, t\u00e9cnica e conceito.<\/p><h6><strong>Ficha de metodologia (ecr\u00e3s e impress\u00e3o)<\/strong><\/h6><p style=\"font-weight: 400;\">Edi\u00e7\u00e3o serigr\u00e1fica de 50 exemplares, concebida sob crit\u00e9rios de controlo t\u00e9cnico, estabilidade do suporte e defini\u00e7\u00e3o formal. A metodologia \u00e9 orientada para um grafismo preciso, sem varia\u00e7\u00e3o entre exemplares como recurso est\u00e9tico.<\/p><h6><strong>Materiais<\/strong><\/h6><p><strong>Tintas:<\/strong> \u00e0 base de \u00e1gua<br \/><strong>Apresenta:<\/strong> 120 e 100 malhas\/cm<br \/><strong>Emuls\u00e3o:<\/strong> emuls\u00e3o de fotopol\u00edmero de alta defini\u00e7\u00e3o<br \/><strong>Racleta:<\/strong> dureza m\u00e9dia (aprox. 75 shore)<\/p><h6><strong>Processo de impress\u00e3o<\/strong><\/h6><p style=\"font-weight: 400;\">A impress\u00e3o foi efectuada numa \u00fanica passagem. A press\u00e3o, o \u00e2ngulo do rodo e o n\u00edvel de humidade foram controlados para garantir a consist\u00eancia da cor, a estabilidade dimensional do papel e a uniformidade entre as c\u00f3pias.<br \/>O processo d\u00e1 prioridade \u00e0 clareza formal, \u00e0 imagem limpa e ao controlo t\u00e9cnico como valores estruturais do trabalho.<\/p>\t\t\t\t\t\t\t\t<\/div>\n\t\t\t\t<\/div>\n\t\t\t\t<div class=\"elementor-element elementor-element-92df0c9 elementor-align-left elementor-widget elementor-widget-button\" data-id=\"92df0c9\" data-element_type=\"widget\" data-e-type=\"widget\" data-widget_type=\"button.default\">\n\t\t\t\t<div class=\"elementor-widget-container\">\n\t\t\t\t\t\t\t\t\t<div class=\"elementor-button-wrapper\">\n\t\t\t\t\t<a class=\"elementor-button elementor-size-sm\" role=\"button\">\n\t\t\t\t\t\t<span class=\"elementor-button-content-wrapper\">\n\t\t\t\t\t\t\t\t\t<span class=\"elementor-button-text\">Inqu\u00e9rito<\/span>\n\t\t\t\t\t<\/span>\n\t\t\t\t\t<\/a>\n\t\t\t\t<\/div>\n\t\t\t\t\t\t\t\t<\/div>\n\t\t\t\t<\/div>\n\t\t\t\t<\/div>\n\t\t\t\t<\/div>\n\t\t\t\t<\/div>","protected":false},"excerpt":{"rendered":"<p>Reynier Leyva Novo A Happy Day, 2025Serigraf\u00eda manual sobre papel 320 gr50 \u00d7 35 cm (19,69 \u00d7 13,78 in)Edici\u00f3n de 50 + 2 P\/A Maestro impresor: Nacho Ramos Ficha t\u00e9cnica del papel utilizado La edici\u00f3n ha sido estampada sobre papel Freelife Vellum de 320 g\/m\u00b2, un papel de alta calidad compuesto por 55% de pura [&hellip;]<\/p>\n","protected":false},"author":1,"featured_media":18709,"parent":0,"menu_order":0,"comment_status":"closed","ping_status":"closed","template":"","meta":{"_acf_changed":false,"footnotes":"","_links_to":"","_links_to_target":""},"categories":[95],"tags":[65],"class_list":["post-18722","page","type-page","status-publish","has-post-thumbnail","hentry","category-ediciones","tag-obra","post","post-with-thumbnail","post-with-thumbnail-large"],"acf":[],"aioseo_notices":[],"_links":{"self":[{"href":"https:\/\/artapartamento.com\/pt\/wp-json\/wp\/v2\/pages\/18722","targetHints":{"allow":["GET"]}}],"collection":[{"href":"https:\/\/artapartamento.com\/pt\/wp-json\/wp\/v2\/pages"}],"about":[{"href":"https:\/\/artapartamento.com\/pt\/wp-json\/wp\/v2\/types\/page"}],"author":[{"embeddable":true,"href":"https:\/\/artapartamento.com\/pt\/wp-json\/wp\/v2\/users\/1"}],"replies":[{"embeddable":true,"href":"https:\/\/artapartamento.com\/pt\/wp-json\/wp\/v2\/comments?post=18722"}],"version-history":[{"count":0,"href":"https:\/\/artapartamento.com\/pt\/wp-json\/wp\/v2\/pages\/18722\/revisions"}],"wp:featuredmedia":[{"embeddable":true,"href":"https:\/\/artapartamento.com\/pt\/wp-json\/wp\/v2\/media\/18709"}],"wp:attachment":[{"href":"https:\/\/artapartamento.com\/pt\/wp-json\/wp\/v2\/media?parent=18722"}],"wp:term":[{"taxonomy":"category","embeddable":true,"href":"https:\/\/artapartamento.com\/pt\/wp-json\/wp\/v2\/categories?post=18722"},{"taxonomy":"post_tag","embeddable":true,"href":"https:\/\/artapartamento.com\/pt\/wp-json\/wp\/v2\/tags?post=18722"}],"curies":[{"name":"wp","href":"https:\/\/api.w.org\/{rel}","templated":true}]}}