{"id":17933,"date":"2025-12-10T14:53:19","date_gmt":"2025-12-10T13:53:19","guid":{"rendered":"https:\/\/artapartamento.com\/?page_id=17933"},"modified":"2025-12-10T15:00:49","modified_gmt":"2025-12-10T14:00:49","slug":"crescimento-do-pantano-da-serie-manigua","status":"publish","type":"page","link":"https:\/\/artapartamento.com\/pt\/crecida-del-pantano-de-la-serie-manigua\/","title":{"rendered":"Crescimento do p\u00e2ntano, da s\u00e9rie Manigua"},"content":{"rendered":"<div data-elementor-type=\"wp-page\" data-elementor-id=\"17933\" class=\"elementor elementor-17933\" data-elementor-post-type=\"page\">\n\t\t\t\t<div class=\"elementor-element elementor-element-2e524c19 e-con-full e-flex e-con e-parent\" data-id=\"2e524c19\" data-element_type=\"container\" data-e-type=\"container\" data-settings=\"{&quot;background_background&quot;:&quot;classic&quot;}\">\n\t\t<div class=\"elementor-element elementor-element-679bccc5 e-con-full e-flex e-con e-child\" data-id=\"679bccc5\" data-element_type=\"container\" data-e-type=\"container\">\n\t\t\t\t<div class=\"elementor-element elementor-element-1511304e elementor-widget elementor-widget-image-carousel\" data-id=\"1511304e\" data-element_type=\"widget\" data-e-type=\"widget\" data-settings=\"{&quot;slides_to_show&quot;:&quot;1&quot;,&quot;navigation&quot;:&quot;none&quot;,&quot;autoplay&quot;:&quot;yes&quot;,&quot;pause_on_hover&quot;:&quot;yes&quot;,&quot;pause_on_interaction&quot;:&quot;yes&quot;,&quot;autoplay_speed&quot;:5000,&quot;infinite&quot;:&quot;yes&quot;,&quot;effect&quot;:&quot;slide&quot;,&quot;speed&quot;:500}\" data-widget_type=\"image-carousel.default\">\n\t\t\t\t<div class=\"elementor-widget-container\">\n\t\t\t\t\t\t\t<div class=\"elementor-image-carousel-wrapper swiper\" role=\"region\" aria-roledescription=\"carousel\" aria-label=\"Carrossel de imagens\" dir=\"ltr\">\n\t\t\t<div class=\"elementor-image-carousel swiper-wrapper swiper-image-stretch\" aria-live=\"off\">\n\t\t\t\t\t\t\t\t<div class=\"swiper-slide\" role=\"group\" aria-roledescription=\"slide\" aria-label=\"1 de 8\" data-no-translation-aria-label=\"\"><a data-elementor-open-lightbox=\"yes\" data-elementor-lightbox-slideshow=\"1511304e\" data-e-action-hash=\"#elementor-action%3Aaction%3Dlightbox%26settings%3DeyJpZCI6MTc5MDAsInVybCI6Imh0dHBzOlwvXC9hcnRhcGFydGFtZW50by5jb21cL3dwLWNvbnRlbnRcL3VwbG9hZHNcLzIwMjVcLzEyXC8zMy1pbWFnZS1zY2FsZWQuanBnLndlYnAiLCJzbGlkZXNob3ciOiIxNTExMzA0ZSJ9\" href=\"https:\/\/artapartamento.com\/wp-content\/uploads\/2025\/12\/33-image-scaled.jpg.webp\"><figure class=\"swiper-slide-inner\"><img decoding=\"async\" class=\"swiper-slide-image\" src=\"https:\/\/artapartamento.com\/wp-content\/uploads\/2025\/12\/33-image-scaled.jpg.webp\" alt=\"Ariamna Contino\" \/><\/figure><\/a><\/div><div class=\"swiper-slide\" role=\"group\" aria-roledescription=\"slide\" aria-label=\"2 de 8\" data-no-translation-aria-label=\"\"><a data-elementor-open-lightbox=\"yes\" data-elementor-lightbox-slideshow=\"1511304e\" data-e-action-hash=\"#elementor-action%3Aaction%3Dlightbox%26settings%3DeyJpZCI6MTc4OTksInVybCI6Imh0dHBzOlwvXC9hcnRhcGFydGFtZW50by5jb21cL3dwLWNvbnRlbnRcL3VwbG9hZHNcLzIwMjVcLzEyXC8zMy1pbWFnZS0xLXNjYWxlZC5qcGcud2VicCIsInNsaWRlc2hvdyI6IjE1MTEzMDRlIn0%3D\" href=\"https:\/\/artapartamento.com\/wp-content\/uploads\/2025\/12\/33-image-1-scaled.jpg.webp\"><figure class=\"swiper-slide-inner\"><img decoding=\"async\" class=\"swiper-slide-image\" src=\"https:\/\/artapartamento.com\/wp-content\/uploads\/2025\/12\/33-image-1-scaled.jpg.webp\" alt=\"Ariamna Contino\" \/><\/figure><\/a><\/div><div class=\"swiper-slide\" role=\"group\" aria-roledescription=\"slide\" aria-label=\"3 de 8\" data-no-translation-aria-label=\"\"><a data-elementor-open-lightbox=\"yes\" data-elementor-lightbox-slideshow=\"1511304e\" data-e-action-hash=\"#elementor-action%3Aaction%3Dlightbox%26settings%3DeyJpZCI6MTc4OTgsInVybCI6Imh0dHBzOlwvXC9hcnRhcGFydGFtZW50by5jb21cL3dwLWNvbnRlbnRcL3VwbG9hZHNcLzIwMjVcLzEyXC8zMy1pbWFnZS0yLXNjYWxlZC5qcGcud2VicCIsInNsaWRlc2hvdyI6IjE1MTEzMDRlIn0%3D\" href=\"https:\/\/artapartamento.com\/wp-content\/uploads\/2025\/12\/33-image-2-scaled.jpg.webp\"><figure class=\"swiper-slide-inner\"><img decoding=\"async\" class=\"swiper-slide-image\" src=\"https:\/\/artapartamento.com\/wp-content\/uploads\/2025\/12\/33-image-2-scaled.jpg.webp\" alt=\"Ariamna Contino\" \/><\/figure><\/a><\/div><div class=\"swiper-slide\" role=\"group\" aria-roledescription=\"slide\" aria-label=\"4 de 8\" data-no-translation-aria-label=\"\"><a data-elementor-open-lightbox=\"yes\" data-elementor-lightbox-slideshow=\"1511304e\" data-e-action-hash=\"#elementor-action%3Aaction%3Dlightbox%26settings%3DeyJpZCI6MTc4OTYsInVybCI6Imh0dHBzOlwvXC9hcnRhcGFydGFtZW50by5jb21cL3dwLWNvbnRlbnRcL3VwbG9hZHNcLzIwMjVcLzEyXC8zMy1pbWFnZS00LXNjYWxlZC5qcGcud2VicCIsInNsaWRlc2hvdyI6IjE1MTEzMDRlIn0%3D\" href=\"https:\/\/artapartamento.com\/wp-content\/uploads\/2025\/12\/33-image-4-scaled.jpg.webp\"><figure class=\"swiper-slide-inner\"><img decoding=\"async\" class=\"swiper-slide-image\" src=\"https:\/\/artapartamento.com\/wp-content\/uploads\/2025\/12\/33-image-4-scaled.jpg.webp\" alt=\"Ariamna Contino\" \/><\/figure><\/a><\/div><div class=\"swiper-slide\" role=\"group\" aria-roledescription=\"slide\" aria-label=\"5 de 8\" data-no-translation-aria-label=\"\"><a data-elementor-open-lightbox=\"yes\" data-elementor-lightbox-slideshow=\"1511304e\" data-e-action-hash=\"#elementor-action%3Aaction%3Dlightbox%26settings%3DeyJpZCI6MTc4OTUsInVybCI6Imh0dHBzOlwvXC9hcnRhcGFydGFtZW50by5jb21cL3dwLWNvbnRlbnRcL3VwbG9hZHNcLzIwMjVcLzEyXC8zMy1pbWFnZS01LXNjYWxlZC5qcGcud2VicCIsInNsaWRlc2hvdyI6IjE1MTEzMDRlIn0%3D\" href=\"https:\/\/artapartamento.com\/wp-content\/uploads\/2025\/12\/33-image-5-scaled.jpg.webp\"><figure class=\"swiper-slide-inner\"><img decoding=\"async\" class=\"swiper-slide-image\" src=\"https:\/\/artapartamento.com\/wp-content\/uploads\/2025\/12\/33-image-5-scaled.jpg.webp\" alt=\"Ariamna Contino\" \/><\/figure><\/a><\/div><div class=\"swiper-slide\" role=\"group\" aria-roledescription=\"slide\" aria-label=\"6 de 8\" data-no-translation-aria-label=\"\"><a data-elementor-open-lightbox=\"yes\" data-elementor-lightbox-slideshow=\"1511304e\" data-e-action-hash=\"#elementor-action%3Aaction%3Dlightbox%26settings%3DeyJpZCI6MTc4OTQsInVybCI6Imh0dHBzOlwvXC9hcnRhcGFydGFtZW50by5jb21cL3dwLWNvbnRlbnRcL3VwbG9hZHNcLzIwMjVcLzEyXC8zMy1pbWFnZS02LXNjYWxlZC5qcGcud2VicCIsInNsaWRlc2hvdyI6IjE1MTEzMDRlIn0%3D\" href=\"https:\/\/artapartamento.com\/wp-content\/uploads\/2025\/12\/33-image-6-scaled.jpg.webp\"><figure class=\"swiper-slide-inner\"><img decoding=\"async\" class=\"swiper-slide-image\" src=\"https:\/\/artapartamento.com\/wp-content\/uploads\/2025\/12\/33-image-6-scaled.jpg.webp\" alt=\"Ariamna Contino\" \/><\/figure><\/a><\/div><div class=\"swiper-slide\" role=\"group\" aria-roledescription=\"slide\" aria-label=\"7 de 8\" data-no-translation-aria-label=\"\"><a data-elementor-open-lightbox=\"yes\" data-elementor-lightbox-slideshow=\"1511304e\" data-e-action-hash=\"#elementor-action%3Aaction%3Dlightbox%26settings%3DeyJpZCI6MTc4OTIsInVybCI6Imh0dHBzOlwvXC9hcnRhcGFydGFtZW50by5jb21cL3dwLWNvbnRlbnRcL3VwbG9hZHNcLzIwMjVcLzEyXC8zMy1pbWFnZS04LXNjYWxlZC5qcGcud2VicCIsInNsaWRlc2hvdyI6IjE1MTEzMDRlIn0%3D\" href=\"https:\/\/artapartamento.com\/wp-content\/uploads\/2025\/12\/33-image-8-scaled.jpg.webp\"><figure class=\"swiper-slide-inner\"><img decoding=\"async\" class=\"swiper-slide-image\" src=\"https:\/\/artapartamento.com\/wp-content\/uploads\/2025\/12\/33-image-8-scaled.jpg.webp\" alt=\"Ariamna Contino\" \/><\/figure><\/a><\/div><div class=\"swiper-slide\" role=\"group\" aria-roledescription=\"slide\" aria-label=\"8 de 8\" data-no-translation-aria-label=\"\"><a data-elementor-open-lightbox=\"yes\" data-elementor-lightbox-slideshow=\"1511304e\" data-e-action-hash=\"#elementor-action%3Aaction%3Dlightbox%26settings%3DeyJpZCI6MTc4OTEsInVybCI6Imh0dHBzOlwvXC9hcnRhcGFydGFtZW50by5jb21cL3dwLWNvbnRlbnRcL3VwbG9hZHNcLzIwMjVcLzEyXC8zMy1pbWFnZS05LXNjYWxlZC5qcGcud2VicCIsInNsaWRlc2hvdyI6IjE1MTEzMDRlIn0%3D\" href=\"https:\/\/artapartamento.com\/wp-content\/uploads\/2025\/12\/33-image-9-scaled.jpg.webp\"><figure class=\"swiper-slide-inner\"><img decoding=\"async\" class=\"swiper-slide-image\" src=\"https:\/\/artapartamento.com\/wp-content\/uploads\/2025\/12\/33-image-9-scaled.jpg.webp\" alt=\"Ariamna Contino\" \/><\/figure><\/a><\/div>\t\t\t<\/div>\n\t\t\t\t\t\t\t\n\t\t\t\t\t\t\t\t\t<\/div>\n\t\t\t\t\t\t<\/div>\n\t\t\t\t<\/div>\n\t\t\t\t<\/div>\n\t\t<div class=\"elementor-element elementor-element-1088b309 e-con-full e-flex e-con e-child\" data-id=\"1088b309\" data-element_type=\"container\" data-e-type=\"container\">\n\t\t\t\t<div class=\"elementor-element elementor-element-71934b96 elementor-widget elementor-widget-heading\" data-id=\"71934b96\" data-element_type=\"widget\" data-e-type=\"widget\" data-widget_type=\"heading.default\">\n\t\t\t\t<div class=\"elementor-widget-container\">\n\t\t\t\t\t<h2 class=\"elementor-heading-title elementor-size-default\"><a href=\"https:\/\/artapartamento.com\/pt\/category\/artistas\/ariamna-contino\/\" rel=\"tag\">Ariamna Contino<\/a><\/h2>\t\t\t\t<\/div>\n\t\t\t\t<\/div>\n\t\t\t\t<div class=\"elementor-element elementor-element-59afde49 elementor-widget elementor-widget-text-editor\" data-id=\"59afde49\" data-element_type=\"widget\" data-e-type=\"widget\" data-widget_type=\"text-editor.default\">\n\t\t\t\t<div class=\"elementor-widget-container\">\n\t\t\t\t\t\t\t\t\t<p><i>Cheia do lago<\/i>da s\u00e9rie <i>Manigua<\/i>, 2025<\/p><p>Papel cortado \u00e0 m\u00e3o \/ Fabriano 300 g Cold Press<\/p><p>cartolina sem \u00e1cido para aguarela e vidro museu<\/p><p>205 x 155 cm (80,7 x 61 pol.)<\/p>\t\t\t\t\t\t\t\t<\/div>\n\t\t\t\t<\/div>\n\t\t\t\t<div class=\"elementor-element elementor-element-97a4ba0 elementor-widget elementor-widget-text-editor\" data-id=\"97a4ba0\" data-element_type=\"widget\" data-e-type=\"widget\" data-widget_type=\"text-editor.default\">\n\t\t\t\t<div class=\"elementor-widget-container\">\n\t\t\t\t\t\t\t\t\t<p data-start=\"112\" data-end=\"470\">Do ponto de vista etimol\u00f3gico, a origem da palavra <em data-start=\"173\" data-end=\"182\">manigua<\/em> pode ser rastreado at\u00e9 \u00e0 l\u00edngua dos ta\u00ednos. Refere-se a um habitat onde a natureza \u00e9 selvagem, abundante, exuberante \u2014 at\u00e9 mesmo impenetr\u00e1vel \u2014 e est\u00e1 associada a um conjunto de cren\u00e7as sobrenaturais. Culturalmente, <em data-start=\"406\" data-end=\"415\">manigua<\/em> \u00e9 ritual, sincretismo, rebeldia, cura e liberdade.<\/p><p data-start=\"472\" data-end=\"1047\">No manguezal, os primeiros habitantes das Antilhas desenvolveram a sua vida quotidiana e, mais tarde, os escravos africanos recordaram e praticaram as cren\u00e7as religiosas dos seus povos. Durante as guerras em Cuba, ofereceu ref\u00fagio \u00e0queles que procuravam prote\u00e7\u00e3o, e o conhecimento das plantas que ali cresciam foi usado para curar os feridos. Toda essa sabedoria ancestral foi preservada na cultura popular, nas m\u00e3os de erboristas e fitoterapeutas que defendem com zelo o potencial curativo e ritual das plantas que antigamente eram colhidas na mata cubana.<\/p><p data-start=\"1049\" data-end=\"1418\">Para mim, <em data-start=\"1058\" data-end=\"1067\">manigua<\/em> \u00c9 mais do que um ambiente natural: \u00e9 um conceito, um conjunto de conhecimentos que me acompanha para onde quer que eu v\u00e1 e sustenta a minha pr\u00e1tica di\u00e1ria. A sua complexidade \u00e9 tal que s\u00f3 na intersec\u00e7\u00e3o entre imagina\u00e7\u00e3o, escrita, ci\u00eancia, arte e tradi\u00e7\u00e3o encontro a sua representa\u00e7\u00e3o mais fiel. S\u00f3 tra\u00e7ando um \u201cmapa cognitivo\u201d posso realmente repens\u00e1-la.<\/p><p data-start=\"1420\" data-end=\"1771\">Para este projeto, recorri ao livro de Jos\u00e9 Seoane Gallo, que \u2014\u00e0 beira de uma mudan\u00e7a social dr\u00e1stica no in\u00edcio da d\u00e9cada de 1960\u2014 compilou uma s\u00e9rie de testemunhos sobre o uso de rem\u00e9dios derivados de plantas medicinais presentes no campo cubano. O seu objetivo era preservar essa sabedoria popular, que parecia destinada a desaparecer.<\/p><p data-start=\"1773\" data-end=\"1792\"><strong data-start=\"1773\" data-end=\"1792\">Ariamna Contino<\/strong><\/p>\t\t\t\t\t\t\t\t<\/div>\n\t\t\t\t<\/div>\n\t\t\t\t<div class=\"elementor-element elementor-element-3b7c57a5 elementor-align-left elementor-widget elementor-widget-button\" data-id=\"3b7c57a5\" data-element_type=\"widget\" data-e-type=\"widget\" data-widget_type=\"button.default\">\n\t\t\t\t<div class=\"elementor-widget-container\">\n\t\t\t\t\t\t\t\t\t<div class=\"elementor-button-wrapper\">\n\t\t\t\t\t<a class=\"elementor-button elementor-size-sm\" role=\"button\">\n\t\t\t\t\t\t<span class=\"elementor-button-content-wrapper\">\n\t\t\t\t\t\t\t\t\t<span class=\"elementor-button-text\">Inqu\u00e9rito<\/span>\n\t\t\t\t\t<\/span>\n\t\t\t\t\t<\/a>\n\t\t\t\t<\/div>\n\t\t\t\t\t\t\t\t<\/div>\n\t\t\t\t<\/div>\n\t\t\t\t<\/div>\n\t\t\t\t<\/div>\n\t\t\t\t<\/div>","protected":false},"excerpt":{"rendered":"<p>Crecida del pantano, de la serie Manigua, 2025 Papel cortado a mano \/ Fabriano 300 g Cold Press acid-free watercolor cardboard y cristal museo 205 x 155 cm (80.7 x 61 in) Desde un punto de vista etimol\u00f3gico, el origen de la palabra manigua puede rastrearse hasta la lengua de los ta\u00ednos. Se refiere a [&hellip;]<\/p>\n","protected":false},"author":1,"featured_media":17900,"parent":0,"menu_order":0,"comment_status":"closed","ping_status":"closed","template":"","meta":{"_acf_changed":false,"footnotes":"","_links_to":"","_links_to_target":""},"categories":[41],"tags":[65],"class_list":["post-17933","page","type-page","status-publish","has-post-thumbnail","hentry","category-ariamna-contino","tag-obra","post","post-with-thumbnail","post-with-thumbnail-large"],"acf":[],"aioseo_notices":[],"_links":{"self":[{"href":"https:\/\/artapartamento.com\/pt\/wp-json\/wp\/v2\/pages\/17933","targetHints":{"allow":["GET"]}}],"collection":[{"href":"https:\/\/artapartamento.com\/pt\/wp-json\/wp\/v2\/pages"}],"about":[{"href":"https:\/\/artapartamento.com\/pt\/wp-json\/wp\/v2\/types\/page"}],"author":[{"embeddable":true,"href":"https:\/\/artapartamento.com\/pt\/wp-json\/wp\/v2\/users\/1"}],"replies":[{"embeddable":true,"href":"https:\/\/artapartamento.com\/pt\/wp-json\/wp\/v2\/comments?post=17933"}],"version-history":[{"count":0,"href":"https:\/\/artapartamento.com\/pt\/wp-json\/wp\/v2\/pages\/17933\/revisions"}],"wp:featuredmedia":[{"embeddable":true,"href":"https:\/\/artapartamento.com\/pt\/wp-json\/wp\/v2\/media\/17900"}],"wp:attachment":[{"href":"https:\/\/artapartamento.com\/pt\/wp-json\/wp\/v2\/media?parent=17933"}],"wp:term":[{"taxonomy":"category","embeddable":true,"href":"https:\/\/artapartamento.com\/pt\/wp-json\/wp\/v2\/categories?post=17933"},{"taxonomy":"post_tag","embeddable":true,"href":"https:\/\/artapartamento.com\/pt\/wp-json\/wp\/v2\/tags?post=17933"}],"curies":[{"name":"wp","href":"https:\/\/api.w.org\/{rel}","templated":true}]}}