{"id":17646,"date":"2025-11-29T15:22:38","date_gmt":"2025-11-29T14:22:38","guid":{"rendered":"https:\/\/artapartamento.com\/?page_id=17646"},"modified":"2025-12-13T12:28:45","modified_gmt":"2025-12-13T11:28:45","slug":"taticas-globais-para-memorizar","status":"publish","type":"page","link":"https:\/\/artapartamento.com\/pt\/global-spotlight-tactics-for-remembering\/","title":{"rendered":"DESTAQUE GLOBAL: T\u00c1TICAS PARA LEMBRAR"},"content":{"rendered":"\t\t<div data-elementor-type=\"wp-page\" data-elementor-id=\"17646\" class=\"elementor elementor-17646\" data-elementor-post-type=\"page\">\n\t\t\t\t<div class=\"elementor-element elementor-element-7b20dac e-con-full e-flex e-con e-parent\" data-id=\"7b20dac\" data-element_type=\"container\" data-e-type=\"container\" data-settings=\"{&quot;background_background&quot;:&quot;classic&quot;}\">\n\t\t<div class=\"elementor-element elementor-element-2297915 e-con-full e-flex e-con e-child\" data-id=\"2297915\" data-element_type=\"container\" data-e-type=\"container\">\n\t\t\t\t<div class=\"elementor-element elementor-element-03db13e elementor-invisible elementor-widget elementor-widget-heading\" data-id=\"03db13e\" data-element_type=\"widget\" data-e-type=\"widget\" data-settings=\"{&quot;_animation&quot;:&quot;fadeInUp&quot;}\" data-widget_type=\"heading.default\">\n\t\t\t\t<div class=\"elementor-widget-container\">\n\t\t\t\t\t<h2 class=\"elementor-heading-title elementor-size-default\">GLOBAL SPOTLIGHT: <br>TACTICS FOR REMEMBERING<\/h2>\t\t\t\t<\/div>\n\t\t\t\t<\/div>\n\t\t\t\t<div class=\"elementor-element elementor-element-96328e0 elementor-invisible elementor-widget elementor-widget-heading\" data-id=\"96328e0\" data-element_type=\"widget\" data-e-type=\"widget\" data-settings=\"{&quot;_animation&quot;:&quot;fadeInUp&quot;}\" data-widget_type=\"heading.default\">\n\t\t\t\t<div class=\"elementor-widget-container\">\n\t\t\t\t\t<h2 class=\"elementor-heading-title elementor-size-default\"><a href=\"https:\/\/mocaarlington.org\/exhibits\/2025\/global-spotlight-tactics-for-remembering\/\">Reynier Leyva Novo<\/a><\/h2>\t\t\t\t<\/div>\n\t\t\t\t<\/div>\n\t\t\t\t<div class=\"elementor-element elementor-element-8b93e91 elementor-invisible elementor-widget elementor-widget-text-editor\" data-id=\"8b93e91\" data-element_type=\"widget\" data-e-type=\"widget\" data-settings=\"{&quot;_animation&quot;:&quot;fadeInUp&quot;}\" data-widget_type=\"text-editor.default\">\n\t\t\t\t<div class=\"elementor-widget-container\">\n\t\t\t\t\t\t\t\t\t<p>27 de septiembre, 2025 &#8211; 25 de enero, 2026<\/p><p class=\"title-place\">Museum of Contemporary Art Arlington, Virginia, USA<\/p>\t\t\t\t\t\t\t\t<\/div>\n\t\t\t\t<\/div>\n\t\t\t\t<\/div>\n\t\t\t\t<\/div>\n\t\t<div class=\"elementor-element elementor-element-e805433 e-con-full e-flex e-con e-parent\" data-id=\"e805433\" data-element_type=\"container\" data-e-type=\"container\" data-settings=\"{&quot;background_background&quot;:&quot;classic&quot;}\">\n\t\t\t\t<div class=\"elementor-element elementor-element-668fa43 animated-slow elementor-invisible elementor-widget elementor-widget-image-carousel\" data-id=\"668fa43\" data-element_type=\"widget\" data-e-type=\"widget\" data-settings=\"{&quot;slides_to_show&quot;:&quot;1&quot;,&quot;navigation&quot;:&quot;none&quot;,&quot;_animation&quot;:&quot;fadeInUp&quot;,&quot;pause_on_hover&quot;:&quot;no&quot;,&quot;pause_on_interaction&quot;:&quot;no&quot;,&quot;autoplay_speed&quot;:4000,&quot;effect&quot;:&quot;fade&quot;,&quot;autoplay&quot;:&quot;yes&quot;,&quot;infinite&quot;:&quot;yes&quot;,&quot;speed&quot;:500}\" data-widget_type=\"image-carousel.default\">\n\t\t\t\t<div class=\"elementor-widget-container\">\n\t\t\t\t\t\t\t<div class=\"elementor-image-carousel-wrapper swiper\" role=\"region\" aria-roledescription=\"carousel\" aria-label=\"Carrusel de im\u00e1genes\" dir=\"ltr\">\n\t\t\t<div class=\"elementor-image-carousel swiper-wrapper\" aria-live=\"off\">\n\t\t\t\t\t\t\t\t<div class=\"swiper-slide\" role=\"group\" aria-roledescription=\"slide\" aria-label=\"1 de 3\"><a data-elementor-open-lightbox=\"yes\" data-elementor-lightbox-slideshow=\"668fa43\" data-e-action-hash=\"#elementor-action%3Aaction%3Dlightbox%26settings%3DeyJpZCI6MTc2NTYsInVybCI6Imh0dHBzOlwvXC9hcnRhcGFydGFtZW50by5jb21cL3dwLWNvbnRlbnRcL3VwbG9hZHNcLzIwMjVcLzExXC9Nb0NBQXJsaW5ndG9uXzEwLjAzLjI1LTMxLXNjYWxlZC5qcGcud2VicCIsInNsaWRlc2hvdyI6IjY2OGZhNDMifQ%3D%3D\" href=\"https:\/\/artapartamento.com\/wp-content\/uploads\/2025\/11\/MoCAArlington_10.03.25-31-scaled.jpg.webp\"><figure class=\"swiper-slide-inner\"><img decoding=\"async\" class=\"swiper-slide-image\" src=\"https:\/\/artapartamento.com\/wp-content\/uploads\/2025\/11\/MoCAArlington_10.03.25-31-scaled.jpg.webp\" alt=\"Novo Arlington\" \/><\/figure><\/a><\/div><div class=\"swiper-slide\" role=\"group\" aria-roledescription=\"slide\" aria-label=\"2 de 3\"><a data-elementor-open-lightbox=\"yes\" data-elementor-lightbox-slideshow=\"668fa43\" data-e-action-hash=\"#elementor-action%3Aaction%3Dlightbox%26settings%3DeyJpZCI6MTc2NTgsInVybCI6Imh0dHBzOlwvXC9hcnRhcGFydGFtZW50by5jb21cL3dwLWNvbnRlbnRcL3VwbG9hZHNcLzIwMjVcLzExXC9Nb0NBQXJsaW5ndG9uXzEwLjAzLjI1LTQwLXNjYWxlZC5qcGcud2VicCIsInNsaWRlc2hvdyI6IjY2OGZhNDMifQ%3D%3D\" href=\"https:\/\/artapartamento.com\/wp-content\/uploads\/2025\/11\/MoCAArlington_10.03.25-40-scaled.jpg.webp\"><figure class=\"swiper-slide-inner\"><img decoding=\"async\" class=\"swiper-slide-image\" src=\"https:\/\/artapartamento.com\/wp-content\/uploads\/2025\/11\/MoCAArlington_10.03.25-40-scaled.jpg.webp\" alt=\"Novo Arlington\" \/><\/figure><\/a><\/div><div class=\"swiper-slide\" role=\"group\" aria-roledescription=\"slide\" aria-label=\"3 de 3\"><a data-elementor-open-lightbox=\"yes\" data-elementor-lightbox-slideshow=\"668fa43\" data-e-action-hash=\"#elementor-action%3Aaction%3Dlightbox%26settings%3DeyJpZCI6MTc2NTksInVybCI6Imh0dHBzOlwvXC9hcnRhcGFydGFtZW50by5jb21cL3dwLWNvbnRlbnRcL3VwbG9hZHNcLzIwMjVcLzExXC9Nb0NBQXJsaW5ndG9uXzEwLjAzLjI1LTMwLXNjYWxlZC5qcGVnLndlYnAiLCJzbGlkZXNob3ciOiI2NjhmYTQzIn0%3D\" href=\"https:\/\/artapartamento.com\/wp-content\/uploads\/2025\/11\/MoCAArlington_10.03.25-30-scaled.jpeg.webp\"><figure class=\"swiper-slide-inner\"><img decoding=\"async\" class=\"swiper-slide-image\" src=\"https:\/\/artapartamento.com\/wp-content\/uploads\/2025\/11\/MoCAArlington_10.03.25-30-scaled.jpeg.webp\" alt=\"Novo Arlington\" \/><\/figure><\/a><\/div>\t\t\t<\/div>\n\t\t\t\t\t\t\t\n\t\t\t\t\t\t\t\t\t<\/div>\n\t\t\t\t\t\t<\/div>\n\t\t\t\t<\/div>\n\t\t\t\t<\/div>\n\t\t<div class=\"elementor-element elementor-element-ac816ea e-con-full e-flex e-con e-parent\" data-id=\"ac816ea\" data-element_type=\"container\" data-e-type=\"container\" data-settings=\"{&quot;background_background&quot;:&quot;classic&quot;}\">\n\t\t<div class=\"elementor-element elementor-element-ec78295 elementor-hidden-mobile e-flex e-con-boxed e-con e-child\" data-id=\"ec78295\" data-element_type=\"container\" data-e-type=\"container\">\n\t\t\t\t\t<div class=\"e-con-inner\">\n\t\t\t\t<div class=\"elementor-element elementor-element-5e8db9a elementor-widget elementor-widget-image\" data-id=\"5e8db9a\" data-element_type=\"widget\" data-e-type=\"widget\" data-settings=\"{&quot;motion_fx_motion_fx_scrolling&quot;:&quot;yes&quot;,&quot;motion_fx_translateX_effect&quot;:&quot;yes&quot;,&quot;motion_fx_translateX_direction&quot;:&quot;negative&quot;,&quot;motion_fx_translateX_speed&quot;:{&quot;unit&quot;:&quot;px&quot;,&quot;size&quot;:1.5,&quot;sizes&quot;:[]},&quot;motion_fx_translateX_affectedRange&quot;:{&quot;unit&quot;:&quot;%&quot;,&quot;size&quot;:&quot;&quot;,&quot;sizes&quot;:{&quot;start&quot;:0,&quot;end&quot;:50}},&quot;sticky&quot;:&quot;top&quot;,&quot;sticky_on&quot;:[&quot;desktop&quot;,&quot;tablet&quot;],&quot;sticky_offset_tablet&quot;:70,&quot;sticky_parent&quot;:&quot;yes&quot;,&quot;sticky_offset&quot;:100,&quot;motion_fx_devices&quot;:[&quot;desktop&quot;,&quot;tablet&quot;,&quot;mobile&quot;],&quot;sticky_effects_offset&quot;:0,&quot;sticky_anchor_link_offset&quot;:0}\" data-widget_type=\"image.default\">\n\t\t\t\t<div class=\"elementor-widget-container\">\n\t\t\t\t\t\t\t\t\t\t\t\t\t\t\t<img fetchpriority=\"high\" decoding=\"async\" width=\"1707\" height=\"2560\" src=\"https:\/\/artapartamento.com\/wp-content\/uploads\/2025\/11\/MoCAArlington_10.03.25-41-scaled.jpg.webp\" class=\"attachment-full size-full wp-image-17668\" alt=\"Novo Arlington\" srcset=\"https:\/\/artapartamento.com\/wp-content\/uploads\/2025\/11\/MoCAArlington_10.03.25-41-scaled.jpg.webp 1707w, https:\/\/artapartamento.com\/wp-content\/uploads\/2025\/11\/MoCAArlington_10.03.25-41-200x300.jpg.webp 200w, https:\/\/artapartamento.com\/wp-content\/uploads\/2025\/11\/MoCAArlington_10.03.25-41-683x1024.jpg.webp 683w, https:\/\/artapartamento.com\/wp-content\/uploads\/2025\/11\/MoCAArlington_10.03.25-41-768x1152.jpg.webp 768w, https:\/\/artapartamento.com\/wp-content\/uploads\/2025\/11\/MoCAArlington_10.03.25-41-1024x1536.jpg.webp 1024w, https:\/\/artapartamento.com\/wp-content\/uploads\/2025\/11\/MoCAArlington_10.03.25-41-1365x2048.jpg.webp 1365w, https:\/\/artapartamento.com\/wp-content\/uploads\/2025\/11\/MoCAArlington_10.03.25-41-8x12.jpg.webp 8w\" sizes=\"(max-width: 1707px) 100vw, 1707px\" \/>\t\t\t\t\t\t\t\t\t\t\t\t\t\t\t<\/div>\n\t\t\t\t<\/div>\n\t\t\t\t\t<\/div>\n\t\t\t\t<\/div>\n\t\t<div class=\"elementor-element elementor-element-02d4225 e-flex e-con-boxed e-con e-child\" data-id=\"02d4225\" data-element_type=\"container\" data-e-type=\"container\">\n\t\t\t\t\t<div class=\"e-con-inner\">\n\t\t\t\t<div class=\"elementor-element elementor-element-442b35f elementor-widget elementor-widget-text-editor\" data-id=\"442b35f\" data-element_type=\"widget\" data-e-type=\"widget\" data-widget_type=\"text-editor.default\">\n\t\t\t\t<div class=\"elementor-widget-container\">\n\t\t\t\t\t\t\t\t\t<p class=\"p1\">Ante la migraci\u00f3n, la ruptura pol\u00edtica y el borrado cultural, <i>Tactics for Remembering<\/i> invita al espectador a reflexionar sobre la noci\u00f3n de hogar como un espacio fluido y emocional\u2014configurado por la memoria, por el cuerpo y por la ausencia. Reflexiona sobre c\u00f3mo nos anclamos al mundo mediante la repetici\u00f3n de gestos, la intimidad de los objetos y los espacios que intentamos recrear incluso cuando estamos lejos de nuestro punto de partida.<\/p><p class=\"p1\">Concebida como parte de la serie <i>Global Spotlight<\/i> del MoCA Arlington, la exposici\u00f3n \u201cdobla el marco\u201d de manera intencional, ampliando la mirada m\u00e1s all\u00e1 de las fronteras nacionales hacia una geograf\u00eda afectiva: Cuba-Zuela. Usado de forma interna, y a menudo con connotaciones peyorativas, este h\u00edbrido ling\u00fc\u00edstico es aqu\u00ed reclamado como un acto de solidaridad, que afirma la afinidad hist\u00f3rica y cultural entre Cuba y Venezuela. Dos naciones unidas por el mar Caribe, marcadas por luchas paralelas y vinculadas por dos di\u00e1sporas hermanas.<\/p><p class=\"p1\">El mar\u2014un cuerpo que conecta y separa a la vez\u2014se convierte en un eje simb\u00f3lico en la exposici\u00f3n: conecta a las personas \u201cal otro lado del agua\u201d y contiene en el vaiv\u00e9n de sus mareas las historias de poder, migraci\u00f3n, supervivencia y renacimiento. A trav\u00e9s de este agrupamiento, la exposici\u00f3n resiste modelos curatoriales estrictamente nacionales y, en su lugar, honra la porosidad de la identidad caribe\u00f1a y las solidaridades nacidas de la necesidad y la generosidad.<\/p><p class=\"p1\">Los artistas presentes en la exposici\u00f3n construyen un lenguaje visual arraigado en las dimensiones materiales e inmateriales de la memoria. Trabajan con archivos personales, objetos dom\u00e9sticos, referencias arquitect\u00f3nicas y gestos encarnados para evocar su propio sentido de identidad. La memoria aqu\u00ed no es est\u00e1tica, sino vulnerable y en movimiento. Vive en la t\u00e9cnica de tejido de una abuela, en un edificio imaginado, en un jarr\u00f3n que recuerda la forma de su vac\u00edo. Juntos, trazan territorios emocionales que trascienden fronteras y nociones de estado, y abrazan la ternura radical que implica mantener viva la memoria. Los artistas insisten en la presencia, compartiendo, en \u00faltima instancia, historias no de lo que hemos perdido, sino de lo que llevamos con nosotros.<\/p><p>\u00a0<\/p><p class=\"p1\"><i>Global Spotlight: Tactics for Remembering<\/i> est\u00e1 organizada por Fabiola R. Delgado, curadora invitada.<\/p><p class=\"p1\">Artistas participantes: Amalia Caputo, Reynier Leyva Novo y Lisu Vega en colaboraci\u00f3n con Carlos Pedrea\u00f1ez<\/p><p class=\"p1\">\u00a0<\/p>\t\t\t\t\t\t\t\t<\/div>\n\t\t\t\t<\/div>\n\t\t\t\t<div class=\"elementor-element elementor-element-00250d8 elementor-hidden-desktop elementor-hidden-tablet elementor-widget elementor-widget-image\" data-id=\"00250d8\" data-element_type=\"widget\" data-e-type=\"widget\" data-settings=\"{&quot;motion_fx_motion_fx_scrolling&quot;:&quot;yes&quot;,&quot;motion_fx_translateX_effect&quot;:&quot;yes&quot;,&quot;motion_fx_translateX_direction&quot;:&quot;negative&quot;,&quot;motion_fx_translateX_speed&quot;:{&quot;unit&quot;:&quot;px&quot;,&quot;size&quot;:1.5,&quot;sizes&quot;:[]},&quot;motion_fx_translateX_affectedRange&quot;:{&quot;unit&quot;:&quot;%&quot;,&quot;size&quot;:&quot;&quot;,&quot;sizes&quot;:{&quot;start&quot;:0,&quot;end&quot;:50}},&quot;motion_fx_devices&quot;:[&quot;desktop&quot;]}\" data-widget_type=\"image.default\">\n\t\t\t\t<div class=\"elementor-widget-container\">\n\t\t\t\t\t\t\t\t\t\t\t\t\t\t\t<img fetchpriority=\"high\" decoding=\"async\" width=\"1707\" height=\"2560\" src=\"https:\/\/artapartamento.com\/wp-content\/uploads\/2025\/11\/MoCAArlington_10.03.25-41-scaled.jpg.webp\" class=\"attachment-full size-full wp-image-17668\" alt=\"Novo Arlington\" srcset=\"https:\/\/artapartamento.com\/wp-content\/uploads\/2025\/11\/MoCAArlington_10.03.25-41-scaled.jpg.webp 1707w, https:\/\/artapartamento.com\/wp-content\/uploads\/2025\/11\/MoCAArlington_10.03.25-41-200x300.jpg.webp 200w, https:\/\/artapartamento.com\/wp-content\/uploads\/2025\/11\/MoCAArlington_10.03.25-41-683x1024.jpg.webp 683w, https:\/\/artapartamento.com\/wp-content\/uploads\/2025\/11\/MoCAArlington_10.03.25-41-768x1152.jpg.webp 768w, https:\/\/artapartamento.com\/wp-content\/uploads\/2025\/11\/MoCAArlington_10.03.25-41-1024x1536.jpg.webp 1024w, https:\/\/artapartamento.com\/wp-content\/uploads\/2025\/11\/MoCAArlington_10.03.25-41-1365x2048.jpg.webp 1365w, https:\/\/artapartamento.com\/wp-content\/uploads\/2025\/11\/MoCAArlington_10.03.25-41-8x12.jpg.webp 8w\" sizes=\"(max-width: 1707px) 100vw, 1707px\" \/>\t\t\t\t\t\t\t\t\t\t\t\t\t\t\t<\/div>\n\t\t\t\t<\/div>\n\t\t\t\t\t<\/div>\n\t\t\t\t<\/div>\n\t\t\t\t<\/div>\n\t\t<div class=\"elementor-element elementor-element-2306be7 e-con-full e-flex e-con e-parent\" data-id=\"2306be7\" data-element_type=\"container\" data-e-type=\"container\" data-settings=\"{&quot;background_background&quot;:&quot;classic&quot;}\">\n\t\t\t\t<div class=\"elementor-element elementor-element-759c13c animated-slow elementor-invisible elementor-widget elementor-widget-image-carousel\" data-id=\"759c13c\" data-element_type=\"widget\" data-e-type=\"widget\" data-settings=\"{&quot;slides_to_show&quot;:&quot;1&quot;,&quot;navigation&quot;:&quot;none&quot;,&quot;_animation&quot;:&quot;fadeInUp&quot;,&quot;pause_on_hover&quot;:&quot;no&quot;,&quot;pause_on_interaction&quot;:&quot;no&quot;,&quot;autoplay_speed&quot;:4000,&quot;effect&quot;:&quot;fade&quot;,&quot;autoplay&quot;:&quot;yes&quot;,&quot;infinite&quot;:&quot;yes&quot;,&quot;speed&quot;:500}\" data-widget_type=\"image-carousel.default\">\n\t\t\t\t<div class=\"elementor-widget-container\">\n\t\t\t\t\t\t\t<div class=\"elementor-image-carousel-wrapper swiper\" role=\"region\" aria-roledescription=\"carousel\" aria-label=\"Carrusel de im\u00e1genes\" dir=\"ltr\">\n\t\t\t<div class=\"elementor-image-carousel swiper-wrapper\" aria-live=\"off\">\n\t\t\t\t\t\t\t\t<div class=\"swiper-slide\" role=\"group\" aria-roledescription=\"slide\" aria-label=\"1 de 1\"><a data-elementor-open-lightbox=\"yes\" data-elementor-lightbox-slideshow=\"759c13c\" data-e-action-hash=\"#elementor-action%3Aaction%3Dlightbox%26settings%3DeyJpZCI6MTc2NjMsInVybCI6Imh0dHBzOlwvXC9hcnRhcGFydGFtZW50by5jb21cL3dwLWNvbnRlbnRcL3VwbG9hZHNcLzIwMjVcLzExXC9Nb0NBQXJsaW5ndG9uXzEwLjAzLjI1LTM2LXNjYWxlZC5qcGcud2VicCIsInNsaWRlc2hvdyI6Ijc1OWMxM2MifQ%3D%3D\" href=\"https:\/\/artapartamento.com\/wp-content\/uploads\/2025\/11\/MoCAArlington_10.03.25-36-scaled.jpg.webp\"><figure class=\"swiper-slide-inner\"><img decoding=\"async\" class=\"swiper-slide-image\" src=\"https:\/\/artapartamento.com\/wp-content\/uploads\/2025\/11\/MoCAArlington_10.03.25-36-scaled.jpg.webp\" alt=\"Novo Arlington\" \/><\/figure><\/a><\/div>\t\t\t<\/div>\n\t\t\t\t\t<\/div>\n\t\t\t\t\t\t<\/div>\n\t\t\t\t<\/div>\n\t\t\t\t<div class=\"elementor-element elementor-element-4425cdd animated-slow elementor-invisible elementor-widget elementor-widget-image-carousel\" data-id=\"4425cdd\" data-element_type=\"widget\" data-e-type=\"widget\" data-settings=\"{&quot;slides_to_show&quot;:&quot;1&quot;,&quot;navigation&quot;:&quot;none&quot;,&quot;_animation&quot;:&quot;fadeInUp&quot;,&quot;pause_on_hover&quot;:&quot;no&quot;,&quot;pause_on_interaction&quot;:&quot;no&quot;,&quot;autoplay_speed&quot;:4000,&quot;effect&quot;:&quot;fade&quot;,&quot;autoplay&quot;:&quot;yes&quot;,&quot;infinite&quot;:&quot;yes&quot;,&quot;speed&quot;:500}\" data-widget_type=\"image-carousel.default\">\n\t\t\t\t<div class=\"elementor-widget-container\">\n\t\t\t\t\t\t\t<div class=\"elementor-image-carousel-wrapper swiper\" role=\"region\" aria-roledescription=\"carousel\" aria-label=\"Carrusel de im\u00e1genes\" dir=\"ltr\">\n\t\t\t<div class=\"elementor-image-carousel swiper-wrapper\" aria-live=\"off\">\n\t\t\t\t\t\t\t\t<div class=\"swiper-slide\" role=\"group\" aria-roledescription=\"slide\" aria-label=\"1 de 1\"><a data-elementor-open-lightbox=\"yes\" data-elementor-lightbox-slideshow=\"4425cdd\" data-e-action-hash=\"#elementor-action%3Aaction%3Dlightbox%26settings%3DeyJpZCI6MTc2NjQsInVybCI6Imh0dHBzOlwvXC9hcnRhcGFydGFtZW50by5jb21cL3dwLWNvbnRlbnRcL3VwbG9hZHNcLzIwMjVcLzExXC9Nb0NBQXJsaW5ndG9uXzEwLjAzLjI1LTM3LXNjYWxlZC5qcGcud2VicCIsInNsaWRlc2hvdyI6IjQ0MjVjZGQifQ%3D%3D\" href=\"https:\/\/artapartamento.com\/wp-content\/uploads\/2025\/11\/MoCAArlington_10.03.25-37-scaled.jpg.webp\"><figure class=\"swiper-slide-inner\"><img decoding=\"async\" class=\"swiper-slide-image\" src=\"https:\/\/artapartamento.com\/wp-content\/uploads\/2025\/11\/MoCAArlington_10.03.25-37-scaled.jpg.webp\" alt=\"Novo Arlington\" \/><\/figure><\/a><\/div>\t\t\t<\/div>\n\t\t\t\t\t<\/div>\n\t\t\t\t\t\t<\/div>\n\t\t\t\t<\/div>\n\t\t\t\t<\/div>\n\t\t<div class=\"elementor-element elementor-element-943975d e-con-full e-flex e-con e-parent\" data-id=\"943975d\" data-element_type=\"container\" data-e-type=\"container\" data-settings=\"{&quot;background_background&quot;:&quot;classic&quot;}\">\n\t\t\t\t<div class=\"elementor-element elementor-element-535b9b6 animated-slow elementor-invisible elementor-widget elementor-widget-image-carousel\" data-id=\"535b9b6\" data-element_type=\"widget\" data-e-type=\"widget\" data-settings=\"{&quot;slides_to_show&quot;:&quot;1&quot;,&quot;navigation&quot;:&quot;none&quot;,&quot;_animation&quot;:&quot;fadeInUp&quot;,&quot;pause_on_hover&quot;:&quot;no&quot;,&quot;pause_on_interaction&quot;:&quot;no&quot;,&quot;autoplay_speed&quot;:4000,&quot;effect&quot;:&quot;fade&quot;,&quot;autoplay&quot;:&quot;yes&quot;,&quot;infinite&quot;:&quot;yes&quot;,&quot;speed&quot;:500}\" data-widget_type=\"image-carousel.default\">\n\t\t\t\t<div class=\"elementor-widget-container\">\n\t\t\t\t\t\t\t<div class=\"elementor-image-carousel-wrapper swiper\" role=\"region\" aria-roledescription=\"carousel\" aria-label=\"Carrusel de im\u00e1genes\" dir=\"ltr\">\n\t\t\t<div class=\"elementor-image-carousel swiper-wrapper\" aria-live=\"off\">\n\t\t\t\t\t\t\t\t<div class=\"swiper-slide\" role=\"group\" aria-roledescription=\"slide\" aria-label=\"1 de 1\"><a data-elementor-open-lightbox=\"yes\" data-elementor-lightbox-slideshow=\"535b9b6\" data-e-action-hash=\"#elementor-action%3Aaction%3Dlightbox%26settings%3DeyJpZCI6MTc2NjcsInVybCI6Imh0dHBzOlwvXC9hcnRhcGFydGFtZW50by5jb21cL3dwLWNvbnRlbnRcL3VwbG9hZHNcLzIwMjVcLzExXC9Nb0NBQXJsaW5ndG9uXzEwLjAzLjI1LTM5LXNjYWxlZC5qcGcud2VicCIsInNsaWRlc2hvdyI6IjUzNWI5YjYifQ%3D%3D\" href=\"https:\/\/artapartamento.com\/wp-content\/uploads\/2025\/11\/MoCAArlington_10.03.25-39-scaled.jpg.webp\"><figure class=\"swiper-slide-inner\"><img decoding=\"async\" class=\"swiper-slide-image\" src=\"https:\/\/artapartamento.com\/wp-content\/uploads\/2025\/11\/MoCAArlington_10.03.25-39-scaled.jpg.webp\" alt=\"Novo Arlington\" \/><\/figure><\/a><\/div>\t\t\t<\/div>\n\t\t\t\t\t<\/div>\n\t\t\t\t\t\t<\/div>\n\t\t\t\t<\/div>\n\t\t\t\t<\/div>\n\t\t<div class=\"elementor-element elementor-element-540d3f0 e-con-full e-flex e-con e-parent\" data-id=\"540d3f0\" data-element_type=\"container\" data-e-type=\"container\" data-settings=\"{&quot;background_background&quot;:&quot;classic&quot;}\">\n\t\t\t\t<div class=\"elementor-element elementor-element-4bb34ec animated-slow elementor-invisible elementor-widget elementor-widget-image-carousel\" data-id=\"4bb34ec\" data-element_type=\"widget\" data-e-type=\"widget\" data-settings=\"{&quot;slides_to_show&quot;:&quot;1&quot;,&quot;navigation&quot;:&quot;none&quot;,&quot;_animation&quot;:&quot;fadeInUp&quot;,&quot;pause_on_hover&quot;:&quot;no&quot;,&quot;pause_on_interaction&quot;:&quot;no&quot;,&quot;autoplay_speed&quot;:4000,&quot;effect&quot;:&quot;fade&quot;,&quot;autoplay&quot;:&quot;yes&quot;,&quot;infinite&quot;:&quot;yes&quot;,&quot;speed&quot;:500}\" data-widget_type=\"image-carousel.default\">\n\t\t\t\t<div class=\"elementor-widget-container\">\n\t\t\t\t\t\t\t<div class=\"elementor-image-carousel-wrapper swiper\" role=\"region\" aria-roledescription=\"carousel\" aria-label=\"Carrusel de im\u00e1genes\" dir=\"ltr\">\n\t\t\t<div class=\"elementor-image-carousel swiper-wrapper\" aria-live=\"off\">\n\t\t\t\t\t\t\t\t<div class=\"swiper-slide\" role=\"group\" aria-roledescription=\"slide\" aria-label=\"1 de 1\"><a data-elementor-open-lightbox=\"yes\" data-elementor-lightbox-slideshow=\"4bb34ec\" data-e-action-hash=\"#elementor-action%3Aaction%3Dlightbox%26settings%3DeyJpZCI6MTc2NjksInVybCI6Imh0dHBzOlwvXC9hcnRhcGFydGFtZW50by5jb21cL3dwLWNvbnRlbnRcL3VwbG9hZHNcLzIwMjVcLzExXC9Nb0NBQXJsaW5ndG9uXzEwLjAzLjI1LTQyLXNjYWxlZC5qcGcud2VicCIsInNsaWRlc2hvdyI6IjRiYjM0ZWMifQ%3D%3D\" href=\"https:\/\/artapartamento.com\/wp-content\/uploads\/2025\/11\/MoCAArlington_10.03.25-42-scaled.jpg.webp\"><figure class=\"swiper-slide-inner\"><img decoding=\"async\" class=\"swiper-slide-image\" src=\"https:\/\/artapartamento.com\/wp-content\/uploads\/2025\/11\/MoCAArlington_10.03.25-42-scaled.jpg.webp\" alt=\"Novo Arlington\" \/><\/figure><\/a><\/div>\t\t\t<\/div>\n\t\t\t\t\t<\/div>\n\t\t\t\t\t\t<\/div>\n\t\t\t\t<\/div>\n\t\t\t\t<\/div>\n\t\t\t\t<\/div>\n\t\t","protected":false},"excerpt":{"rendered":"<p><strong>Reynier Leyva Novo<\/strong><br \/>Museu de Arte Contempor\u00e2nea de Arlignton<br \/> Septiembre de 2025 &#8211; Enero de 2026 <\/p>","protected":false},"author":1,"featured_media":17651,"parent":0,"menu_order":0,"comment_status":"closed","ping_status":"closed","template":"","meta":{"_acf_changed":false,"footnotes":"","_links_to":"","_links_to_target":""},"categories":[18,26],"tags":[93],"class_list":["post-17646","page","type-page","status-publish","has-post-thumbnail","hentry","category-exposicion","category-otras","tag-institucionales","post","post-with-thumbnail","post-with-thumbnail-large"],"acf":[],"aioseo_notices":[],"_links":{"self":[{"href":"https:\/\/artapartamento.com\/pt\/wp-json\/wp\/v2\/pages\/17646","targetHints":{"allow":["GET"]}}],"collection":[{"href":"https:\/\/artapartamento.com\/pt\/wp-json\/wp\/v2\/pages"}],"about":[{"href":"https:\/\/artapartamento.com\/pt\/wp-json\/wp\/v2\/types\/page"}],"author":[{"embeddable":true,"href":"https:\/\/artapartamento.com\/pt\/wp-json\/wp\/v2\/users\/1"}],"replies":[{"embeddable":true,"href":"https:\/\/artapartamento.com\/pt\/wp-json\/wp\/v2\/comments?post=17646"}],"version-history":[{"count":0,"href":"https:\/\/artapartamento.com\/pt\/wp-json\/wp\/v2\/pages\/17646\/revisions"}],"wp:featuredmedia":[{"embeddable":true,"href":"https:\/\/artapartamento.com\/pt\/wp-json\/wp\/v2\/media\/17651"}],"wp:attachment":[{"href":"https:\/\/artapartamento.com\/pt\/wp-json\/wp\/v2\/media?parent=17646"}],"wp:term":[{"taxonomy":"category","embeddable":true,"href":"https:\/\/artapartamento.com\/pt\/wp-json\/wp\/v2\/categories?post=17646"},{"taxonomy":"post_tag","embeddable":true,"href":"https:\/\/artapartamento.com\/pt\/wp-json\/wp\/v2\/tags?post=17646"}],"curies":[{"name":"wp","href":"https:\/\/api.w.org\/{rel}","templated":true}]}}