{"id":12344,"date":"2024-07-30T17:31:15","date_gmt":"2024-07-30T15:31:15","guid":{"rendered":"https:\/\/artapartamento.com\/?page_id=12344"},"modified":"2024-07-30T17:34:13","modified_gmt":"2024-07-30T15:34:13","slug":"10-de-outubro-da-serie-puzzle","status":"publish","type":"page","link":"https:\/\/artapartamento.com\/pt\/10-de-octubre-de-la-serie-puzzles\/","title":{"rendered":"10 de outubro, da cole\u00e7\u00e3o Puzzles"},"content":{"rendered":"<div data-elementor-type=\"wp-page\" data-elementor-id=\"12344\" class=\"elementor elementor-12344\" data-elementor-post-type=\"page\">\n\t\t\t\t<div class=\"elementor-element elementor-element-2b4f66ac e-con-full e-flex e-con e-parent\" data-id=\"2b4f66ac\" data-element_type=\"container\" data-e-type=\"container\" data-settings=\"{&quot;background_background&quot;:&quot;classic&quot;}\">\n\t\t<div class=\"elementor-element elementor-element-72ad283e e-con-full e-flex e-con e-child\" data-id=\"72ad283e\" data-element_type=\"container\" data-e-type=\"container\">\n\t\t\t\t<div class=\"elementor-element elementor-element-23cc3412 elementor-widget elementor-widget-image-carousel\" data-id=\"23cc3412\" data-element_type=\"widget\" data-e-type=\"widget\" data-settings=\"{&quot;slides_to_show&quot;:&quot;1&quot;,&quot;navigation&quot;:&quot;none&quot;,&quot;autoplay&quot;:&quot;yes&quot;,&quot;pause_on_hover&quot;:&quot;yes&quot;,&quot;pause_on_interaction&quot;:&quot;yes&quot;,&quot;autoplay_speed&quot;:5000,&quot;infinite&quot;:&quot;yes&quot;,&quot;effect&quot;:&quot;slide&quot;,&quot;speed&quot;:500}\" data-widget_type=\"image-carousel.default\">\n\t\t\t\t<div class=\"elementor-widget-container\">\n\t\t\t\t\t\t\t<div class=\"elementor-image-carousel-wrapper swiper\" role=\"region\" aria-roledescription=\"carousel\" aria-label=\"\u56fe\u50cf\u8f6e\u64ad\" dir=\"ltr\">\n\t\t\t<div class=\"elementor-image-carousel swiper-wrapper swiper-image-stretch\" aria-live=\"off\">\n\t\t\t\t\t\t\t\t<div class=\"swiper-slide\" role=\"group\" aria-roledescription=\"slide\" aria-label=\"4 \u7684 1\" data-no-translation-aria-label=\"\"><a data-elementor-open-lightbox=\"yes\" data-elementor-lightbox-slideshow=\"23cc3412\" data-e-action-hash=\"#elementor-action%3Aaction%3Dlightbox%26settings%3DeyJpZCI6MTIzMzMsInVybCI6Imh0dHBzOlwvXC9hcnRhcGFydGFtZW50by5jb21cL3dwLWNvbnRlbnRcL3VwbG9hZHNcLzIwMjRcLzA3XC9QdXp6bGUtMTAtZGUtb2N0dWJyZV9PQUstc2NhbGVkLmpwZy53ZWJwIiwic2xpZGVzaG93IjoiMjNjYzM0MTIifQ%3D%3D\" href=\"https:\/\/artapartamento.com\/wp-content\/uploads\/2024\/07\/Puzzle-10-de-octubre_OAK-scaled.jpg.webp\"><figure class=\"swiper-slide-inner\"><img decoding=\"async\" class=\"swiper-slide-image\" src=\"https:\/\/artapartamento.com\/wp-content\/uploads\/2024\/07\/Puzzle-10-de-octubre_OAK-scaled.jpg.webp\" alt=\"Carlos Garaicoa\" \/><\/figure><\/a><\/div><div class=\"swiper-slide\" role=\"group\" aria-roledescription=\"slide\" aria-label=\"4 \u7684 2\" data-no-translation-aria-label=\"\"><a data-elementor-open-lightbox=\"yes\" data-elementor-lightbox-slideshow=\"23cc3412\" data-e-action-hash=\"#elementor-action%3Aaction%3Dlightbox%26settings%3DeyJpZCI6MTIzMzAsInVybCI6Imh0dHBzOlwvXC9hcnRhcGFydGFtZW50by5jb21cL3dwLWNvbnRlbnRcL3VwbG9hZHNcLzIwMjRcLzA3XC9QdXp6bGUtMTAtZGUtb2N0dWJyZV9EZXRhbGxlLTFfT0FLLV9zbS5qcGcud2VicCIsInNsaWRlc2hvdyI6IjIzY2MzNDEyIn0%3D\" href=\"https:\/\/artapartamento.com\/wp-content\/uploads\/2024\/07\/Puzzle-10-de-octubre_Detalle-1_OAK-_sm.jpg.webp\"><figure class=\"swiper-slide-inner\"><img decoding=\"async\" class=\"swiper-slide-image\" src=\"https:\/\/artapartamento.com\/wp-content\/uploads\/2024\/07\/Puzzle-10-de-octubre_Detalle-1_OAK-_sm.jpg.webp\" alt=\"Carlos Garaicoa\" \/><\/figure><\/a><\/div><div class=\"swiper-slide\" role=\"group\" aria-roledescription=\"slide\" aria-label=\"4 \u7684 3\" data-no-translation-aria-label=\"\"><a data-elementor-open-lightbox=\"yes\" data-elementor-lightbox-slideshow=\"23cc3412\" data-e-action-hash=\"#elementor-action%3Aaction%3Dlightbox%26settings%3DeyJpZCI6MTIzMjksInVybCI6Imh0dHBzOlwvXC9hcnRhcGFydGFtZW50by5jb21cL3dwLWNvbnRlbnRcL3VwbG9hZHNcLzIwMjRcLzA3XC8xNy5qcGcud2VicCIsInNsaWRlc2hvdyI6IjIzY2MzNDEyIn0%3D\" href=\"https:\/\/artapartamento.com\/wp-content\/uploads\/2024\/07\/17.jpg.webp\"><figure class=\"swiper-slide-inner\"><img decoding=\"async\" class=\"swiper-slide-image\" src=\"https:\/\/artapartamento.com\/wp-content\/uploads\/2024\/07\/17.jpg.webp\" alt=\"Carlos Garaicoa\" \/><\/figure><\/a><\/div><div class=\"swiper-slide\" role=\"group\" aria-roledescription=\"slide\" aria-label=\"4 \u7684 4\" data-no-translation-aria-label=\"\"><a data-elementor-open-lightbox=\"yes\" data-elementor-lightbox-slideshow=\"23cc3412\" data-e-action-hash=\"#elementor-action%3Aaction%3Dlightbox%26settings%3DeyJpZCI6MTIzMjgsInVybCI6Imh0dHBzOlwvXC9hcnRhcGFydGFtZW50by5jb21cL3dwLWNvbnRlbnRcL3VwbG9hZHNcLzIwMjRcLzA3XC8xNi5qcGcud2VicCIsInNsaWRlc2hvdyI6IjIzY2MzNDEyIn0%3D\" href=\"https:\/\/artapartamento.com\/wp-content\/uploads\/2024\/07\/16.jpg.webp\"><figure class=\"swiper-slide-inner\"><img decoding=\"async\" class=\"swiper-slide-image\" src=\"https:\/\/artapartamento.com\/wp-content\/uploads\/2024\/07\/16.jpg.webp\" alt=\"Carlos Garaicoa\" \/><\/figure><\/a><\/div>\t\t\t<\/div>\n\t\t\t\t\t\t\t\n\t\t\t\t\t\t\t\t\t<\/div>\n\t\t\t\t\t\t<\/div>\n\t\t\t\t<\/div>\n\t\t\t\t<\/div>\n\t\t<div class=\"elementor-element elementor-element-2e0e4b0c e-con-full e-flex e-con e-child\" data-id=\"2e0e4b0c\" data-element_type=\"container\" data-e-type=\"container\">\n\t\t\t\t<div class=\"elementor-element elementor-element-5ff64cbf elementor-widget elementor-widget-heading\" data-id=\"5ff64cbf\" data-element_type=\"widget\" data-e-type=\"widget\" data-widget_type=\"heading.default\">\n\t\t\t\t<div class=\"elementor-widget-container\">\n\t\t\t\t\t<h2 class=\"elementor-heading-title elementor-size-default\"><a href=\"https:\/\/artapartamento.com\/pt\/category\/artistas\/carlos-garaicoa\/\" rel=\"tag\">Carlos Garaicoa<\/a><\/h2>\t\t\t\t<\/div>\n\t\t\t\t<\/div>\n\t\t\t\t<div class=\"elementor-element elementor-element-5a0f2493 elementor-widget elementor-widget-text-editor\" data-id=\"5a0f2493\" data-element_type=\"widget\" data-e-type=\"widget\" data-widget_type=\"text-editor.default\">\n\t\t\t\t<div class=\"elementor-widget-container\">\n\t\t\t\t\t\t\t\t\t<p>10 de outubro, da s\u00e9rie Puzzles, 2022<br \/>Fotografia a preto e branco impressa em puzzle, fotografia laminada em Dibond, madeira, plexiglass.<br \/>\u00a068 x 96 x 12,5 cm (26,8 x 37,8 x 5 pol.)<\/p>\t\t\t\t\t\t\t\t<\/div>\n\t\t\t\t<\/div>\n\t\t\t\t<div class=\"elementor-element elementor-element-7bec31aa elementor-widget elementor-widget-text-editor\" data-id=\"7bec31aa\" data-element_type=\"widget\" data-e-type=\"widget\" data-widget_type=\"text-editor.default\">\n\t\t\t\t<div class=\"elementor-widget-container\">\n\t\t\t\t\t\t\t\t\t<p>O trabalho de Carlos Garaicoa desenvolve um di\u00e1logo entre a arte e o espa\u00e7o urbano, atrav\u00e9s do qual investiga a estrutura das cidades contempor\u00e2neas. A partir de uma abordagem multidisciplinar, Garaicoa aborda quest\u00f5es culturais e pol\u00edticas atrav\u00e9s do estudo da arquitetura, do planeamento urbano e da hist\u00f3ria. Um dos seus principais centros tem\u00e1ticos foi sempre a Havana p\u00f3s-revolucion\u00e1ria, onde desenvolveu grande parte do seu trabalho e cuja deteriora\u00e7\u00e3o urbana testemunhou em primeira m\u00e3o. Atrav\u00e9s da escultura, do desenho, do v\u00eddeo, da fotografia e da instala\u00e7\u00e3o, o artista tem abordado, de forma narrativa e cr\u00edtica, a arquitetura ut\u00f3pica modernista e o colapso das principais ideologias do s\u00e9culo XX.<\/p>\t\t\t\t\t\t\t\t<\/div>\n\t\t\t\t<\/div>\n\t\t\t\t<div class=\"elementor-element elementor-element-4530038b elementor-align-left elementor-widget elementor-widget-button\" data-id=\"4530038b\" data-element_type=\"widget\" data-e-type=\"widget\" data-widget_type=\"button.default\">\n\t\t\t\t<div class=\"elementor-widget-container\">\n\t\t\t\t\t\t\t\t\t<div class=\"elementor-button-wrapper\">\n\t\t\t\t\t<a class=\"elementor-button elementor-size-sm\" role=\"button\">\n\t\t\t\t\t\t<span class=\"elementor-button-content-wrapper\">\n\t\t\t\t\t\t\t\t\t<span class=\"elementor-button-text\">Inqu\u00e9rito<\/span>\n\t\t\t\t\t<\/span>\n\t\t\t\t\t<\/a>\n\t\t\t\t<\/div>\n\t\t\t\t\t\t\t\t<\/div>\n\t\t\t\t<\/div>\n\t\t\t\t<\/div>\n\t\t\t\t<\/div>\n\t\t\t\t<\/div>","protected":false},"excerpt":{"rendered":"<p>10 de octubre, de la serie Puzzles, 2022Foto B\/N impresa en puzzle, foto laminada en Dibond, madera, plexigl\u00e1s.\u00a068 x 96 x 12.5 cm (26.8 x 37.8 x 5 in) La obra de Carlos Garaicoa desarrolla un di\u00e1logo entre arte y espacio urbano a trav\u00e9s del cual investiga la estructura de las ciudades contempor\u00e1neas. Desde un [&hellip;]<\/p>\n","protected":false},"author":1,"featured_media":12333,"parent":0,"menu_order":0,"comment_status":"closed","ping_status":"closed","template":"","meta":{"_acf_changed":false,"footnotes":"","_links_to":"","_links_to_target":""},"categories":[87],"tags":[65],"class_list":["post-12344","page","type-page","status-publish","has-post-thumbnail","hentry","category-carlos-garaicoa","tag-obra","post","post-with-thumbnail","post-with-thumbnail-large"],"acf":[],"aioseo_notices":[],"_links":{"self":[{"href":"https:\/\/artapartamento.com\/pt\/wp-json\/wp\/v2\/pages\/12344","targetHints":{"allow":["GET"]}}],"collection":[{"href":"https:\/\/artapartamento.com\/pt\/wp-json\/wp\/v2\/pages"}],"about":[{"href":"https:\/\/artapartamento.com\/pt\/wp-json\/wp\/v2\/types\/page"}],"author":[{"embeddable":true,"href":"https:\/\/artapartamento.com\/pt\/wp-json\/wp\/v2\/users\/1"}],"replies":[{"embeddable":true,"href":"https:\/\/artapartamento.com\/pt\/wp-json\/wp\/v2\/comments?post=12344"}],"version-history":[{"count":0,"href":"https:\/\/artapartamento.com\/pt\/wp-json\/wp\/v2\/pages\/12344\/revisions"}],"wp:featuredmedia":[{"embeddable":true,"href":"https:\/\/artapartamento.com\/pt\/wp-json\/wp\/v2\/media\/12333"}],"wp:attachment":[{"href":"https:\/\/artapartamento.com\/pt\/wp-json\/wp\/v2\/media?parent=12344"}],"wp:term":[{"taxonomy":"category","embeddable":true,"href":"https:\/\/artapartamento.com\/pt\/wp-json\/wp\/v2\/categories?post=12344"},{"taxonomy":"post_tag","embeddable":true,"href":"https:\/\/artapartamento.com\/pt\/wp-json\/wp\/v2\/tags?post=12344"}],"curies":[{"name":"wp","href":"https:\/\/api.w.org\/{rel}","templated":true}]}}