{"id":12326,"date":"2024-07-30T17:01:53","date_gmt":"2024-07-30T15:01:53","guid":{"rendered":"https:\/\/artapartamento.com\/?page_id=12326"},"modified":"2024-07-30T18:13:46","modified_gmt":"2024-07-30T16:13:46","slug":"carlos-garaicoa","status":"publish","type":"page","link":"https:\/\/artapartamento.com\/pt\/artistas\/carlos-garaicoa\/","title":{"rendered":"Carlos Garaicoa"},"content":{"rendered":"\t\t<div data-elementor-type=\"wp-page\" data-elementor-id=\"12326\" class=\"elementor elementor-12326\" data-elementor-post-type=\"page\">\n\t\t\t\t<div class=\"elementor-element elementor-element-2a6ebd46 e-con-full e-flex e-con e-parent\" data-id=\"2a6ebd46\" data-element_type=\"container\" data-e-type=\"container\" data-settings=\"{&quot;background_background&quot;:&quot;classic&quot;}\">\n\t\t<div class=\"elementor-element elementor-element-2851e3fa e-con-full e-flex e-con e-child\" data-id=\"2851e3fa\" data-element_type=\"container\" data-e-type=\"container\">\n\t\t\t\t<div class=\"elementor-element elementor-element-2cb3ae9 elementor-invisible elementor-widget elementor-widget-heading\" data-id=\"2cb3ae9\" data-element_type=\"widget\" data-e-type=\"widget\" data-settings=\"{&quot;_animation&quot;:&quot;fadeInUp&quot;}\" data-widget_type=\"heading.default\">\n\t\t\t\t<div class=\"elementor-widget-container\">\n\t\t\t\t\t<h2 class=\"elementor-heading-title elementor-size-default\">carlos garaicoa<\/h2>\t\t\t\t<\/div>\n\t\t\t\t<\/div>\n\t\t\t\t<\/div>\n\t\t\t\t<\/div>\n\t\t<div class=\"elementor-element elementor-element-3e541ba e-con-full e-flex e-con e-parent\" data-id=\"3e541ba\" data-element_type=\"container\" data-e-type=\"container\" data-settings=\"{&quot;background_background&quot;:&quot;classic&quot;}\">\n\t\t\t\t<div class=\"elementor-element elementor-element-789e85d0 animated-slow elementor-invisible elementor-widget elementor-widget-image\" data-id=\"789e85d0\" data-element_type=\"widget\" data-e-type=\"widget\" data-settings=\"{&quot;_animation&quot;:&quot;fadeInUp&quot;}\" data-widget_type=\"image.default\">\n\t\t\t\t<div class=\"elementor-widget-container\">\n\t\t\t\t\t\t\t\t\t\t\t\t\t\t\t<img fetchpriority=\"high\" decoding=\"async\" width=\"1500\" height=\"1133\" src=\"https:\/\/artapartamento.com\/wp-content\/uploads\/2024\/07\/15.jpg.webp\" class=\"attachment-full size-full wp-image-12324\" alt=\"Carlos Garaicoa\" srcset=\"https:\/\/artapartamento.com\/wp-content\/uploads\/2024\/07\/15.jpg.webp 1500w, https:\/\/artapartamento.com\/wp-content\/uploads\/2024\/07\/15-300x227.jpg.webp 300w, https:\/\/artapartamento.com\/wp-content\/uploads\/2024\/07\/15-1024x773.jpg.webp 1024w, https:\/\/artapartamento.com\/wp-content\/uploads\/2024\/07\/15-768x580.jpg.webp 768w, https:\/\/artapartamento.com\/wp-content\/uploads\/2024\/07\/15-16x12.jpg.webp 16w\" sizes=\"(max-width: 1500px) 100vw, 1500px\" \/>\t\t\t\t\t\t\t\t\t\t\t\t\t\t\t<\/div>\n\t\t\t\t<\/div>\n\t\t\t\t<\/div>\n\t\t<div class=\"elementor-element elementor-element-17e6b128 e-con-full e-flex e-con e-parent\" data-id=\"17e6b128\" data-element_type=\"container\" data-e-type=\"container\" data-settings=\"{&quot;background_background&quot;:&quot;classic&quot;}\">\n\t\t<div class=\"elementor-element elementor-element-2d7026c1 elementor-hidden-mobile e-flex e-con-boxed e-con e-child\" data-id=\"2d7026c1\" data-element_type=\"container\" data-e-type=\"container\">\n\t\t\t\t\t<div class=\"e-con-inner\">\n\t\t\t\t<div class=\"elementor-element elementor-element-3ad437da elementor-widget elementor-widget-image\" data-id=\"3ad437da\" data-element_type=\"widget\" data-e-type=\"widget\" data-settings=\"{&quot;motion_fx_motion_fx_scrolling&quot;:&quot;yes&quot;,&quot;motion_fx_translateX_effect&quot;:&quot;yes&quot;,&quot;motion_fx_translateX_direction&quot;:&quot;negative&quot;,&quot;motion_fx_translateX_speed&quot;:{&quot;unit&quot;:&quot;px&quot;,&quot;size&quot;:1.5,&quot;sizes&quot;:[]},&quot;motion_fx_translateX_affectedRange&quot;:{&quot;unit&quot;:&quot;%&quot;,&quot;size&quot;:&quot;&quot;,&quot;sizes&quot;:{&quot;start&quot;:0,&quot;end&quot;:50}},&quot;motion_fx_devices&quot;:[&quot;desktop&quot;],&quot;sticky&quot;:&quot;top&quot;,&quot;sticky_on&quot;:[&quot;desktop&quot;],&quot;sticky_parent&quot;:&quot;yes&quot;,&quot;sticky_offset&quot;:70,&quot;sticky_offset_tablet&quot;:70,&quot;sticky_effects_offset&quot;:0,&quot;sticky_anchor_link_offset&quot;:0}\" data-widget_type=\"image.default\">\n\t\t\t\t<div class=\"elementor-widget-container\">\n\t\t\t\t\t\t\t\t\t\t\t\t\t\t\t<img decoding=\"async\" width=\"720\" height=\"843\" src=\"https:\/\/artapartamento.com\/wp-content\/uploads\/2024\/07\/18.Carlos-Garaicoa-by-Oak-Taylor-Smith-875x1024.jpg.webp\" class=\"attachment-large size-large wp-image-12340\" alt=\"Carlos Garaicoa\" srcset=\"https:\/\/artapartamento.com\/wp-content\/uploads\/2024\/07\/18.Carlos-Garaicoa-by-Oak-Taylor-Smith-875x1024.jpg.webp 875w, https:\/\/artapartamento.com\/wp-content\/uploads\/2024\/07\/18.Carlos-Garaicoa-by-Oak-Taylor-Smith-256x300.jpg.webp 256w, https:\/\/artapartamento.com\/wp-content\/uploads\/2024\/07\/18.Carlos-Garaicoa-by-Oak-Taylor-Smith-768x899.jpg.webp 768w, https:\/\/artapartamento.com\/wp-content\/uploads\/2024\/07\/18.Carlos-Garaicoa-by-Oak-Taylor-Smith-1313x1536.jpg.webp 1313w, https:\/\/artapartamento.com\/wp-content\/uploads\/2024\/07\/18.Carlos-Garaicoa-by-Oak-Taylor-Smith-1750x2048.jpg.webp 1750w, https:\/\/artapartamento.com\/wp-content\/uploads\/2024\/07\/18.Carlos-Garaicoa-by-Oak-Taylor-Smith-10x12.jpg.webp 10w\" sizes=\"(max-width: 720px) 100vw, 720px\" \/>\t\t\t\t\t\t\t\t\t\t\t\t\t\t\t<\/div>\n\t\t\t\t<\/div>\n\t\t\t\t\t<\/div>\n\t\t\t\t<\/div>\n\t\t<div class=\"elementor-element elementor-element-10287c68 e-flex e-con-boxed e-con e-child\" data-id=\"10287c68\" data-element_type=\"container\" data-e-type=\"container\">\n\t\t\t\t\t<div class=\"e-con-inner\">\n\t\t\t\t<div class=\"elementor-element elementor-element-d0316e5 elementor-widget__width-inherit elementor-invisible elementor-widget elementor-widget-heading\" data-id=\"d0316e5\" data-element_type=\"widget\" data-e-type=\"widget\" data-settings=\"{&quot;_animation&quot;:&quot;fadeIn&quot;}\" data-widget_type=\"heading.default\">\n\t\t\t\t<div class=\"elementor-widget-container\">\n\t\t\t\t\t<h2 class=\"elementor-heading-title elementor-size-default\">La Habana, Cuba, 1967<\/h2>\t\t\t\t<\/div>\n\t\t\t\t<\/div>\n\t\t\t\t<div class=\"elementor-element elementor-element-4870f1ca elementor-invisible elementor-widget elementor-widget-text-editor\" data-id=\"4870f1ca\" data-element_type=\"widget\" data-e-type=\"widget\" data-settings=\"{&quot;_animation&quot;:&quot;fadeIn&quot;}\" data-widget_type=\"text-editor.default\">\n\t\t\t\t<div class=\"elementor-widget-container\">\n\t\t\t\t\t\t\t\t\t<p>Carlos Garaicoa, naci\u00f3 en La Habana (Cuba) en 1967, estudi\u00f3 termodin\u00e1mica y posteriormente pintura en el Instituto Superior de Arte de La Habana (1989 &#8211; 1994). Actualmente vive y trabaja entre La Habana y Madrid. Junto a su esposa fund\u00f3 el proyecto de residencias art\u00edsticas Artista x Artista en La Habana.<\/p><p>Garaicoa ha desarrollado un di\u00e1logo entre el arte y el espacio urbano a trav\u00e9s del cual investiga la estructura social de nuestras ciudades en t\u00e9rminos de su arquitectura. Utiliza un enfoque multidisciplinar para abordar cuestiones culturales y pol\u00edticas, especialmente cubanas, a trav\u00e9s del estudio de la arquitectura, el urbanismo y la historia. Su tema principal siempre ha sido la ciudad de La Habana. Jugando con esculturas, dibujos, v\u00eddeos y fotograf\u00edas en torno a la iron\u00eda y la desesperanza, Garaicoa ha encontrado en sus instalaciones, para las que suele utilizar materiales muy diversos, una forma de criticar la arquitectura ut\u00f3pica modernista y el derrumbe de las ideolog\u00edas del siglo XX, profundizando en el concepto de la ciudad como espacio simb\u00f3lico.<\/p><p>Entre sus exposiciones individuales m\u00e1s importantes destacan: Ascoltare il volo degli uccelli, Rocca Maggiore, Assisi, Italia (2024); GOQA, Goodman Gallery, Johannesburgo, Sud\u00e1frica (2023); La Ville. Guide Espirituel et Mondaine, Brownstone Foundation, Par\u00eds, Francia (2022); Contrapeso, Galeria Filomena Soares, Lisboa, Portugal (2022); Oratorio, Oratorio San Filippo Neri, Bolonia, Italia (instalaci\u00f3n) (2022);\u00a0 So\u00f1amos en la superficie rayada de un cristal, Wellbeing Summit Week, Bilbao, Espa\u00f1a (instalaci\u00f3n) (2022); Para transformar la palabra pol\u00edtica en hechos, finalmente, Galer\u00eda Guillermina Caicoya, Asturias, Espa\u00f1a (2021); L\u00ednea rota de horizonte, MadBlue Summit, Centro de Cultura Contempor\u00e1nea Condeduque, Madrid, Espa\u00f1a. Itinerancia: DIDAC, Santiago de Compostela, Espa\u00f1a; Goodman Gallery, Londres, Reino Unido (2021); L\u00edneas Ocultas, Galleria Continua, San Gimignano, Italia (online); Carlos Garaicoa: Partitura, PEM Peadoby Essex Museum, Salem, Estados Unidos (2021), SCAD Museum of Art, Savannah (2020); Lunds Konsthall and Skissernass Museum, Lund (2019); Parasol Unit Foundation, Londres (2018); Fondazione Merz, Tur\u00edn (2017); MAAT, Lisboa (2017); Azkuna Zentroa, Bilbao (2017); Museum Villa Stuck, M\u00fanich (2016); Nasjonalmuseet, Oslo (2015); CA2M Centro de Arte Dos de Mayo, M\u00f3stoles, Madrid (2014); Fundaci\u00f3n Bot\u00edn, Santander (2014); NC-Arte y FLORA ars + natura, Bogot\u00e1 (2014); Kunsthaus Baselland Muttenz, Basilea(2012); Kunstverein Braunschweig, Brunswick, Alemania (2012); Contemporary Art Museum, Institute for Research in Art, Tampa (2007); H. F. Johnson Museum of Art, Cornell University, Ithaca, Nueva York (2011); Stedelijk Museum Bureau Amsterdam (SMBA), \u00c1msterdam (2010); Centre d&#8217;Art la Panera, L\u00e9rida (2011); Centro de Arte Contempor\u00e1neo de Caja de Burgos (CAB), Burgos (2011); Museo Nacional de Arte Contempor\u00e1neo (EMST), Atenas (2011); Inhotim Instituto de Arte Contempor\u00e1neo, Brumadinho (2012); Caixa Cultural, R\u00edo de Janeiro (2008); Museo ICO (2012) y Matadero (2010), Madrid; IMMA, Dubl\u00edn (2010); Palau de la Virreina, Barcelona (2006); Museo de Arte Contempor\u00e1neo (M. O.C. A), Los \u00c1ngeles (2005); Biblioteca Luis \u00c1ngel Arango, Bogot\u00e1 (2000). Ha participado en prestigiosos eventos internacionales como: las Bienales de La Habana (1991, 1994, 1997, 2000, 2003, 2009, 2012, 2015), Shangh\u00e1i (2010), S\u00e3o Paulo (1998, 2004), Venecia (2009, 2005), Johannesburgo (1995), Liverpool (2006) y Mosc\u00fa (2005), las Trienales de Auckland (2007), San Juan (2004), Yokohama (2001) y Echigo-Tsumari (2012); Documenta 11 (2003) y 14 (2017) y PhotoEspa\u00f1a 12 (2012). Recientemente ha recibido el Premio PEM 2021 (Peabody Essex Museum, Salem, EE.UU.). En 2005 recibi\u00f3 el XXXIX Premio Internacional de Arte Contempor\u00e1neo &#8211; Fundaci\u00f3n Pr\u00edncipe Pierre de M\u00f3naco, y el Premio Katherine S. Marmor en Los \u00c1ngeles.<\/p>\t\t\t\t\t\t\t\t<\/div>\n\t\t\t\t<\/div>\n\t\t\t\t<div class=\"elementor-element elementor-element-2a8edb0 elementor-hidden-desktop elementor-hidden-tablet elementor-widget elementor-widget-image\" data-id=\"2a8edb0\" data-element_type=\"widget\" data-e-type=\"widget\" data-widget_type=\"image.default\">\n\t\t\t\t<div class=\"elementor-widget-container\">\n\t\t\t\t\t\t\t\t\t\t\t\t\t\t\t<img decoding=\"async\" width=\"720\" height=\"843\" src=\"https:\/\/artapartamento.com\/wp-content\/uploads\/2024\/07\/18.Carlos-Garaicoa-by-Oak-Taylor-Smith-875x1024.jpg.webp\" class=\"attachment-large size-large wp-image-12340\" alt=\"Carlos Garaicoa\" srcset=\"https:\/\/artapartamento.com\/wp-content\/uploads\/2024\/07\/18.Carlos-Garaicoa-by-Oak-Taylor-Smith-875x1024.jpg.webp 875w, https:\/\/artapartamento.com\/wp-content\/uploads\/2024\/07\/18.Carlos-Garaicoa-by-Oak-Taylor-Smith-256x300.jpg.webp 256w, https:\/\/artapartamento.com\/wp-content\/uploads\/2024\/07\/18.Carlos-Garaicoa-by-Oak-Taylor-Smith-768x899.jpg.webp 768w, https:\/\/artapartamento.com\/wp-content\/uploads\/2024\/07\/18.Carlos-Garaicoa-by-Oak-Taylor-Smith-1313x1536.jpg.webp 1313w, https:\/\/artapartamento.com\/wp-content\/uploads\/2024\/07\/18.Carlos-Garaicoa-by-Oak-Taylor-Smith-1750x2048.jpg.webp 1750w, https:\/\/artapartamento.com\/wp-content\/uploads\/2024\/07\/18.Carlos-Garaicoa-by-Oak-Taylor-Smith-10x12.jpg.webp 10w\" sizes=\"(max-width: 720px) 100vw, 720px\" \/>\t\t\t\t\t\t\t\t\t\t\t\t\t\t\t<\/div>\n\t\t\t\t<\/div>\n\t\t\t\t\t<\/div>\n\t\t\t\t<\/div>\n\t\t\t\t<\/div>\n\t\t<div class=\"elementor-element elementor-element-f330e79 e-con-full e-flex e-con e-parent\" data-id=\"f330e79\" data-element_type=\"container\" data-e-type=\"container\" data-settings=\"{&quot;background_background&quot;:&quot;classic&quot;}\">\n\t\t\t\t<div class=\"elementor-element elementor-element-621aa8a2 elementor-invisible elementor-widget elementor-widget-heading\" data-id=\"621aa8a2\" data-element_type=\"widget\" data-e-type=\"widget\" data-settings=\"{&quot;_animation&quot;:&quot;fadeInUp&quot;}\" data-widget_type=\"heading.default\">\n\t\t\t\t<div class=\"elementor-widget-container\">\n\t\t\t\t\t<h2 class=\"elementor-heading-title elementor-size-default\">obras<\/h2>\t\t\t\t<\/div>\n\t\t\t\t<\/div>\n\t\t\t\t<\/div>\n\t\t<div class=\"elementor-element elementor-element-12fba08 e-con-full e-flex e-con e-parent\" data-id=\"12fba08\" data-element_type=\"container\" data-e-type=\"container\" data-settings=\"{&quot;background_background&quot;:&quot;classic&quot;}\">\n\t\t<div class=\"elementor-element elementor-element-c0fe858 e-flex e-con-boxed elementor-invisible e-con e-child\" data-id=\"c0fe858\" data-element_type=\"container\" data-e-type=\"container\" data-settings=\"{&quot;animation&quot;:&quot;fadeInUp&quot;}\">\n\t\t\t\t\t<div class=\"e-con-inner\">\n\t\t\t\t<div class=\"elementor-element elementor-element-7ffabf5 elementor-widget elementor-widget-image\" data-id=\"7ffabf5\" data-element_type=\"widget\" data-e-type=\"widget\" data-widget_type=\"image.default\">\n\t\t\t\t<div class=\"elementor-widget-container\">\n\t\t\t\t\t\t\t\t\t\t\t\t\t\t\t\t<a href=\"https:\/\/artapartamento.com\/10-de-octubre-de-la-serie-puzzles\/\">\n\t\t\t\t\t\t\t<img decoding=\"async\" width=\"2560\" height=\"1706\" src=\"https:\/\/artapartamento.com\/wp-content\/uploads\/2024\/07\/Puzzle-10-de-octubre_OAK-scaled.jpg.webp\" class=\"elementor-animation-grow attachment-full size-full wp-image-12333\" alt=\"Carlos Garaicoa\" srcset=\"https:\/\/artapartamento.com\/wp-content\/uploads\/2024\/07\/Puzzle-10-de-octubre_OAK-scaled.jpg.webp 2560w, https:\/\/artapartamento.com\/wp-content\/uploads\/2024\/07\/Puzzle-10-de-octubre_OAK-300x200.jpg.webp 300w, https:\/\/artapartamento.com\/wp-content\/uploads\/2024\/07\/Puzzle-10-de-octubre_OAK-1024x683.jpg.webp 1024w, https:\/\/artapartamento.com\/wp-content\/uploads\/2024\/07\/Puzzle-10-de-octubre_OAK-768x512.jpg.webp 768w, https:\/\/artapartamento.com\/wp-content\/uploads\/2024\/07\/Puzzle-10-de-octubre_OAK-1536x1024.jpg.webp 1536w, https:\/\/artapartamento.com\/wp-content\/uploads\/2024\/07\/Puzzle-10-de-octubre_OAK-2048x1365.jpg.webp 2048w, https:\/\/artapartamento.com\/wp-content\/uploads\/2024\/07\/Puzzle-10-de-octubre_OAK-18x12.jpg.webp 18w, https:\/\/artapartamento.com\/wp-content\/uploads\/2024\/07\/Puzzle-10-de-octubre_OAK-272x182.jpg.webp 272w\" sizes=\"(max-width: 2560px) 100vw, 2560px\" \/>\t\t\t\t\t\t\t\t<\/a>\n\t\t\t\t\t\t\t\t\t\t\t\t\t\t\t<\/div>\n\t\t\t\t<\/div>\n\t\t\t\t<div class=\"elementor-element elementor-element-9007345 elementor-hidden-desktop elementor-hidden-tablet elementor-widget elementor-widget-text-editor\" data-id=\"9007345\" data-element_type=\"widget\" data-e-type=\"widget\" data-widget_type=\"text-editor.default\">\n\t\t\t\t<div class=\"elementor-widget-container\">\n\t\t\t\t\t\t\t\t\t<p>Carlos Garaicoa<br \/>10 de octubre, de la serie Puzzles, 2022<br \/>Foto B\/N impresa en puzzle, foto laminada en Dibond, madera, plexigl\u00e1s.<br \/>68 x 96 x 12.5 cm (26.8 x 37.8 x 5 in)<\/p>\t\t\t\t\t\t\t\t<\/div>\n\t\t\t\t<\/div>\n\t\t\t\t\t<\/div>\n\t\t\t\t<\/div>\n\t\t<div class=\"elementor-element elementor-element-1bc3cfe e-flex e-con-boxed elementor-invisible e-con e-child\" data-id=\"1bc3cfe\" data-element_type=\"container\" data-e-type=\"container\" data-settings=\"{&quot;animation&quot;:&quot;fadeInUp&quot;}\">\n\t\t\t\t\t<div class=\"e-con-inner\">\n\t\t\t\t<div class=\"elementor-element elementor-element-16abf13 elementor-widget elementor-widget-image\" data-id=\"16abf13\" data-element_type=\"widget\" data-e-type=\"widget\" data-widget_type=\"image.default\">\n\t\t\t\t<div class=\"elementor-widget-container\">\n\t\t\t\t\t\t\t\t\t\t\t\t\t\t\t\t<a href=\"https:\/\/artapartamento.com\/two-brothers-de-la-serie-puzzles\/\">\n\t\t\t\t\t\t\t<img loading=\"lazy\" decoding=\"async\" width=\"801\" height=\"1200\" src=\"https:\/\/artapartamento.com\/wp-content\/uploads\/2024\/07\/Two-Brotherssm.jpg.webp\" class=\"elementor-animation-grow attachment-full size-full wp-image-12354\" alt=\"Carlos Garaicoa\" srcset=\"https:\/\/artapartamento.com\/wp-content\/uploads\/2024\/07\/Two-Brotherssm.jpg.webp 801w, https:\/\/artapartamento.com\/wp-content\/uploads\/2024\/07\/Two-Brotherssm-200x300.jpg.webp 200w, https:\/\/artapartamento.com\/wp-content\/uploads\/2024\/07\/Two-Brotherssm-684x1024.jpg.webp 684w, https:\/\/artapartamento.com\/wp-content\/uploads\/2024\/07\/Two-Brotherssm-768x1151.jpg.webp 768w, https:\/\/artapartamento.com\/wp-content\/uploads\/2024\/07\/Two-Brotherssm-8x12.jpg.webp 8w\" sizes=\"(max-width: 801px) 100vw, 801px\" \/>\t\t\t\t\t\t\t\t<\/a>\n\t\t\t\t\t\t\t\t\t\t\t\t\t\t\t<\/div>\n\t\t\t\t<\/div>\n\t\t\t\t<div class=\"elementor-element elementor-element-6271e2d elementor-hidden-desktop elementor-hidden-tablet elementor-widget elementor-widget-text-editor\" data-id=\"6271e2d\" data-element_type=\"widget\" data-e-type=\"widget\" data-widget_type=\"text-editor.default\">\n\t\t\t\t<div class=\"elementor-widget-container\">\n\t\t\t\t\t\t\t\t\t<p>Carlos Garaicoa<br \/>Two Brothers, de la serie Puzzles, 2022<br \/>Foto B\/N impresa en puzzle, foto laminada en Dibond, madera, plexigl\u00e1s.<br \/>\u00a049.5 \u00d7 39.5 \u00d7 9.5 cm (19.5 x 15.6 x 3.7 in)<\/p>\t\t\t\t\t\t\t\t<\/div>\n\t\t\t\t<\/div>\n\t\t\t\t\t<\/div>\n\t\t\t\t<\/div>\n\t\t<div class=\"elementor-element elementor-element-57aea44 e-flex e-con-boxed elementor-invisible e-con e-child\" data-id=\"57aea44\" data-element_type=\"container\" data-e-type=\"container\" data-settings=\"{&quot;animation&quot;:&quot;fadeInUp&quot;}\">\n\t\t\t\t\t<div class=\"e-con-inner\">\n\t\t\t\t<div class=\"elementor-element elementor-element-a64d072 elementor-widget elementor-widget-image\" data-id=\"a64d072\" data-element_type=\"widget\" data-e-type=\"widget\" data-widget_type=\"image.default\">\n\t\t\t\t<div class=\"elementor-widget-container\">\n\t\t\t\t\t\t\t\t\t\t\t\t\t\t\t\t<a href=\"https:\/\/artapartamento.com\/calle-juan-delgado-de-la-serie-puzzles\/\">\n\t\t\t\t\t\t\t<img loading=\"lazy\" decoding=\"async\" width=\"1699\" height=\"2560\" src=\"https:\/\/artapartamento.com\/wp-content\/uploads\/2024\/07\/21-scaled.jpg.webp\" class=\"elementor-animation-grow attachment-full size-full wp-image-12367\" alt=\"Carlos Garaicoa\" srcset=\"https:\/\/artapartamento.com\/wp-content\/uploads\/2024\/07\/21-scaled.jpg.webp 1699w, https:\/\/artapartamento.com\/wp-content\/uploads\/2024\/07\/21-199x300.jpg.webp 199w, https:\/\/artapartamento.com\/wp-content\/uploads\/2024\/07\/21-680x1024.jpg.webp 680w, https:\/\/artapartamento.com\/wp-content\/uploads\/2024\/07\/21-768x1157.jpg.webp 768w, https:\/\/artapartamento.com\/wp-content\/uploads\/2024\/07\/21-1019x1536.jpg.webp 1019w, https:\/\/artapartamento.com\/wp-content\/uploads\/2024\/07\/21-1359x2048.jpg.webp 1359w, https:\/\/artapartamento.com\/wp-content\/uploads\/2024\/07\/21-8x12.jpg.webp 8w\" sizes=\"(max-width: 1699px) 100vw, 1699px\" \/>\t\t\t\t\t\t\t\t<\/a>\n\t\t\t\t\t\t\t\t\t\t\t\t\t\t\t<\/div>\n\t\t\t\t<\/div>\n\t\t\t\t<div class=\"elementor-element elementor-element-203583a elementor-hidden-desktop elementor-hidden-tablet elementor-widget elementor-widget-text-editor\" data-id=\"203583a\" data-element_type=\"widget\" data-e-type=\"widget\" data-widget_type=\"text-editor.default\">\n\t\t\t\t<div class=\"elementor-widget-container\">\n\t\t\t\t\t\t\t\t\t<p>Carlos Garaicoa<br \/>Calle Juan Delgado, de la serie Puzzles, 2022<br \/>Foto B\/N impresa en puzzle, foto laminada en Dibond, madera, plexigl\u00e1s.<br \/>49.5 \u00d7 39.5 \u00d7 9.5 cm (19.5 x 15.6 x 3.7 in)<\/p>\t\t\t\t\t\t\t\t<\/div>\n\t\t\t\t<\/div>\n\t\t\t\t\t<\/div>\n\t\t\t\t<\/div>\n\t\t\t\t<\/div>\n\t\t<div class=\"elementor-element elementor-element-2a12d9b e-con-full elementor-hidden-mobile e-flex e-con e-parent\" data-id=\"2a12d9b\" data-element_type=\"container\" data-e-type=\"container\" data-settings=\"{&quot;background_background&quot;:&quot;classic&quot;}\">\n\t\t<div class=\"elementor-element elementor-element-8c8962e e-flex e-con-boxed elementor-invisible e-con e-child\" data-id=\"8c8962e\" data-element_type=\"container\" data-e-type=\"container\" data-settings=\"{&quot;animation&quot;:&quot;fadeIn&quot;}\">\n\t\t\t\t\t<div class=\"e-con-inner\">\n\t\t\t\t<div class=\"elementor-element elementor-element-5082ade elementor-widget elementor-widget-text-editor\" data-id=\"5082ade\" data-element_type=\"widget\" data-e-type=\"widget\" data-widget_type=\"text-editor.default\">\n\t\t\t\t<div class=\"elementor-widget-container\">\n\t\t\t\t\t\t\t\t\t<p>Carlos Garaicoa<br \/>10 de octubre, de la serie Puzzles, 2022<br \/>Foto B\/N impresa en puzzle, foto laminada en Dibond, madera, plexigl\u00e1s.<br \/>68 x 96 x 12.5 cm (26.8 x 37.8 x 5 in)<\/p>\t\t\t\t\t\t\t\t<\/div>\n\t\t\t\t<\/div>\n\t\t\t\t\t<\/div>\n\t\t\t\t<\/div>\n\t\t<div class=\"elementor-element elementor-element-02f7abb e-flex e-con-boxed elementor-invisible e-con e-child\" data-id=\"02f7abb\" data-element_type=\"container\" data-e-type=\"container\" data-settings=\"{&quot;animation&quot;:&quot;fadeIn&quot;}\">\n\t\t\t\t\t<div class=\"e-con-inner\">\n\t\t\t\t<div class=\"elementor-element elementor-element-9c3e4f9 elementor-widget elementor-widget-text-editor\" data-id=\"9c3e4f9\" data-element_type=\"widget\" data-e-type=\"widget\" data-widget_type=\"text-editor.default\">\n\t\t\t\t<div class=\"elementor-widget-container\">\n\t\t\t\t\t\t\t\t\t<p>Carlos Garaicoa<br \/>Two Brothers, de la serie Puzzles, 2022<br \/>Foto B\/N impresa en puzzle, foto laminada en Dibond, madera, plexigl\u00e1s.<br \/>\u00a049.5 \u00d7 39.5 \u00d7 9.5 cm (19.5 x 15.6 x 3.7 in)<\/p>\t\t\t\t\t\t\t\t<\/div>\n\t\t\t\t<\/div>\n\t\t\t\t\t<\/div>\n\t\t\t\t<\/div>\n\t\t<div class=\"elementor-element elementor-element-aacd506 e-flex e-con-boxed elementor-invisible e-con e-child\" data-id=\"aacd506\" data-element_type=\"container\" data-e-type=\"container\" data-settings=\"{&quot;animation&quot;:&quot;fadeIn&quot;}\">\n\t\t\t\t\t<div class=\"e-con-inner\">\n\t\t\t\t<div class=\"elementor-element elementor-element-68871cb elementor-widget elementor-widget-text-editor\" data-id=\"68871cb\" data-element_type=\"widget\" data-e-type=\"widget\" data-widget_type=\"text-editor.default\">\n\t\t\t\t<div class=\"elementor-widget-container\">\n\t\t\t\t\t\t\t\t\t<p>Carlos Garaicoa<br \/>Calle Juan Delgado, de la serie Puzzles, 2022<br \/>Foto B\/N impresa en puzzle, foto laminada en Dibond, madera, plexigl\u00e1s.<br \/>49.5 \u00d7 39.5 \u00d7 9.5 cm (19.5 x 15.6 x 3.7 in)<\/p>\t\t\t\t\t\t\t\t<\/div>\n\t\t\t\t<\/div>\n\t\t\t\t\t<\/div>\n\t\t\t\t<\/div>\n\t\t\t\t<\/div>\n\t\t\t\t<\/div>\n\t\t","protected":false},"excerpt":{"rendered":"<p>carlos garaicoa La Habana, Cuba, 1967 Carlos Garaicoa, naci\u00f3 en La Habana (Cuba) en 1967, estudi\u00f3 termodin\u00e1mica y posteriormente pintura en el Instituto Superior de Arte de La Habana (1989 &#8211; 1994). Actualmente vive y trabaja entre La Habana y Madrid. Junto a su esposa fund\u00f3 el proyecto de residencias art\u00edsticas Artista x Artista en [&hellip;]<\/p>\n","protected":false},"author":1,"featured_media":12324,"parent":23,"menu_order":0,"comment_status":"closed","ping_status":"closed","template":"","meta":{"_acf_changed":false,"footnotes":"","_links_to":"","_links_to_target":""},"categories":[87,67],"tags":[],"class_list":["post-12326","page","type-page","status-publish","has-post-thumbnail","hentry","category-carlos-garaicoa","category-colaborador","post","post-with-thumbnail","post-with-thumbnail-large"],"acf":[],"aioseo_notices":[],"_links":{"self":[{"href":"https:\/\/artapartamento.com\/pt\/wp-json\/wp\/v2\/pages\/12326","targetHints":{"allow":["GET"]}}],"collection":[{"href":"https:\/\/artapartamento.com\/pt\/wp-json\/wp\/v2\/pages"}],"about":[{"href":"https:\/\/artapartamento.com\/pt\/wp-json\/wp\/v2\/types\/page"}],"author":[{"embeddable":true,"href":"https:\/\/artapartamento.com\/pt\/wp-json\/wp\/v2\/users\/1"}],"replies":[{"embeddable":true,"href":"https:\/\/artapartamento.com\/pt\/wp-json\/wp\/v2\/comments?post=12326"}],"version-history":[{"count":0,"href":"https:\/\/artapartamento.com\/pt\/wp-json\/wp\/v2\/pages\/12326\/revisions"}],"up":[{"embeddable":true,"href":"https:\/\/artapartamento.com\/pt\/wp-json\/wp\/v2\/pages\/23"}],"wp:featuredmedia":[{"embeddable":true,"href":"https:\/\/artapartamento.com\/pt\/wp-json\/wp\/v2\/media\/12324"}],"wp:attachment":[{"href":"https:\/\/artapartamento.com\/pt\/wp-json\/wp\/v2\/media?parent=12326"}],"wp:term":[{"taxonomy":"category","embeddable":true,"href":"https:\/\/artapartamento.com\/pt\/wp-json\/wp\/v2\/categories?post=12326"},{"taxonomy":"post_tag","embeddable":true,"href":"https:\/\/artapartamento.com\/pt\/wp-json\/wp\/v2\/tags?post=12326"}],"curies":[{"name":"wp","href":"https:\/\/api.w.org\/{rel}","templated":true}]}}