{"id":12078,"date":"2024-06-15T15:44:30","date_gmt":"2024-06-15T13:44:30","guid":{"rendered":"https:\/\/artapartamento.com\/?page_id=12078"},"modified":"2024-06-15T15:53:08","modified_gmt":"2024-06-15T13:53:08","slug":"atravessar-as-aguas-agitadas","status":"publish","type":"page","link":"https:\/\/artapartamento.com\/pt\/artistas\/los-bravu\/cruzando-las-aguas-revueltas\/","title":{"rendered":"Atravessar \u00e1guas agitadas"},"content":{"rendered":"<div data-elementor-type=\"wp-page\" data-elementor-id=\"12078\" class=\"elementor elementor-12078\" data-elementor-post-type=\"page\">\n\t\t\t\t<div class=\"elementor-element elementor-element-9198e6e e-con-full e-flex e-con e-parent\" data-id=\"9198e6e\" data-element_type=\"container\" data-e-type=\"container\" data-settings=\"{&quot;background_background&quot;:&quot;classic&quot;}\">\n\t\t<div class=\"elementor-element elementor-element-69ffa627 e-con-full e-flex e-con e-child\" data-id=\"69ffa627\" data-element_type=\"container\" data-e-type=\"container\">\n\t\t\t\t<div class=\"elementor-element elementor-element-2b710b00 elementor-widget elementor-widget-image-carousel\" data-id=\"2b710b00\" data-element_type=\"widget\" data-e-type=\"widget\" data-settings=\"{&quot;slides_to_show&quot;:&quot;1&quot;,&quot;navigation&quot;:&quot;none&quot;,&quot;autoplay&quot;:&quot;yes&quot;,&quot;pause_on_hover&quot;:&quot;yes&quot;,&quot;pause_on_interaction&quot;:&quot;yes&quot;,&quot;autoplay_speed&quot;:5000,&quot;infinite&quot;:&quot;yes&quot;,&quot;effect&quot;:&quot;slide&quot;,&quot;speed&quot;:500}\" data-widget_type=\"image-carousel.default\">\n\t\t\t\t<div class=\"elementor-widget-container\">\n\t\t\t\t\t\t\t<div class=\"elementor-image-carousel-wrapper swiper\" role=\"region\" aria-roledescription=\"carousel\" aria-label=\"Carrossel de imagens\" dir=\"ltr\">\n\t\t\t<div class=\"elementor-image-carousel swiper-wrapper swiper-image-stretch\" aria-live=\"off\">\n\t\t\t\t\t\t\t\t<div class=\"swiper-slide\" role=\"group\" aria-roledescription=\"slide\" aria-label=\"1 de 15\"><a data-elementor-open-lightbox=\"yes\" data-elementor-lightbox-slideshow=\"2b710b00\" data-e-action-hash=\"#elementor-action%3Aaction%3Dlightbox%26settings%3DeyJpZCI6MTIwODQsInVybCI6Imh0dHBzOlwvXC9hcnRhcGFydGFtZW50by5jb21cL3dwLWNvbnRlbnRcL3VwbG9hZHNcLzIwMjRcLzA2XC8wLkxPUy1CUkFWVV9WQUxMQURPTElEX1BST0pFQ1RTLmpwZyIsInNsaWRlc2hvdyI6IjJiNzEwYjAwIn0%3D\" href=\"https:\/\/artapartamento.com\/wp-content\/uploads\/2024\/06\/0.LOS-BRAVU_VALLADOLID_PROJECTS.jpg\"><figure class=\"swiper-slide-inner\"><img decoding=\"async\" class=\"swiper-slide-image\" src=\"https:\/\/artapartamento.com\/wp-content\/uploads\/2024\/06\/0.LOS-BRAVU_VALLADOLID_PROJECTS.jpg\" alt=\"0.O BRAVU_VALLADOLID_PROJECTOS\" \/><\/figure><\/a><\/div><div class=\"swiper-slide\" role=\"group\" aria-roledescription=\"slide\" aria-label=\"2 de 15\"><a data-elementor-open-lightbox=\"yes\" data-elementor-lightbox-slideshow=\"2b710b00\" data-e-action-hash=\"#elementor-action%3Aaction%3Dlightbox%26settings%3DeyJpZCI6MTIwODUsInVybCI6Imh0dHBzOlwvXC9hcnRhcGFydGFtZW50by5jb21cL3dwLWNvbnRlbnRcL3VwbG9hZHNcLzIwMjRcLzA2XC8xLkxPUy1CUkFWVV9WQUxMQURPTElEX1BST0pFQ1RTLmpwZy53ZWJwIiwic2xpZGVzaG93IjoiMmI3MTBiMDAifQ%3D%3D\" href=\"https:\/\/artapartamento.com\/wp-content\/uploads\/2024\/06\/1.LOS-BRAVU_VALLADOLID_PROJECTS.jpg.webp\"><figure class=\"swiper-slide-inner\"><img decoding=\"async\" class=\"swiper-slide-image\" src=\"https:\/\/artapartamento.com\/wp-content\/uploads\/2024\/06\/1.LOS-BRAVU_VALLADOLID_PROJECTS.jpg.webp\" alt=\"O PROJECTO BRAV\u00da_VALLADOLID_PROJECT\" \/><\/figure><\/a><\/div><div class=\"swiper-slide\" role=\"group\" aria-roledescription=\"slide\" aria-label=\"3 de 15\"><a data-elementor-open-lightbox=\"yes\" data-elementor-lightbox-slideshow=\"2b710b00\" data-e-action-hash=\"#elementor-action%3Aaction%3Dlightbox%26settings%3DeyJpZCI6MTIwODYsInVybCI6Imh0dHBzOlwvXC9hcnRhcGFydGFtZW50by5jb21cL3dwLWNvbnRlbnRcL3VwbG9hZHNcLzIwMjRcLzA2XC8yLkxPUy1CUkFWVV9WQUxMQURPTElEX1BST0pFQ1RTLmpwZy53ZWJwIiwic2xpZGVzaG93IjoiMmI3MTBiMDAifQ%3D%3D\" href=\"https:\/\/artapartamento.com\/wp-content\/uploads\/2024\/06\/2.LOS-BRAVU_VALLADOLID_PROJECTS.jpg.webp\"><figure class=\"swiper-slide-inner\"><img decoding=\"async\" class=\"swiper-slide-image\" src=\"https:\/\/artapartamento.com\/wp-content\/uploads\/2024\/06\/2.LOS-BRAVU_VALLADOLID_PROJECTS.jpg.webp\" alt=\"O PROJECTO BRAV\u00da_VALLADOLID_PROJECT\" \/><\/figure><\/a><\/div><div class=\"swiper-slide\" role=\"group\" aria-roledescription=\"slide\" aria-label=\"4 de 15\"><a data-elementor-open-lightbox=\"yes\" data-elementor-lightbox-slideshow=\"2b710b00\" data-e-action-hash=\"#elementor-action%3Aaction%3Dlightbox%26settings%3DeyJpZCI6MTIwODcsInVybCI6Imh0dHBzOlwvXC9hcnRhcGFydGFtZW50by5jb21cL3dwLWNvbnRlbnRcL3VwbG9hZHNcLzIwMjRcLzA2XC8zLkxPUy1CUkFWVV9WQUxMQURPTElEX1BST0pFQ1RTLmpwZy53ZWJwIiwic2xpZGVzaG93IjoiMmI3MTBiMDAifQ%3D%3D\" href=\"https:\/\/artapartamento.com\/wp-content\/uploads\/2024\/06\/3.LOS-BRAVU_VALLADOLID_PROJECTS.jpg.webp\"><figure class=\"swiper-slide-inner\"><img decoding=\"async\" class=\"swiper-slide-image\" src=\"https:\/\/artapartamento.com\/wp-content\/uploads\/2024\/06\/3.LOS-BRAVU_VALLADOLID_PROJECTS.jpg.webp\" alt=\"O PROJECTO BRAV\u00da_VALLADOLID_PROJECT\" \/><\/figure><\/a><\/div><div class=\"swiper-slide\" role=\"group\" aria-roledescription=\"slide\" aria-label=\"5 de 15\"><a data-elementor-open-lightbox=\"yes\" data-elementor-lightbox-slideshow=\"2b710b00\" data-e-action-hash=\"#elementor-action%3Aaction%3Dlightbox%26settings%3DeyJpZCI6MTIwODgsInVybCI6Imh0dHBzOlwvXC9hcnRhcGFydGFtZW50by5jb21cL3dwLWNvbnRlbnRcL3VwbG9hZHNcLzIwMjRcLzA2XC80LkxPUy1CUkFWVV9WQUxMQURPTElEX1BST0pFQ1RTLmpwZy53ZWJwIiwic2xpZGVzaG93IjoiMmI3MTBiMDAifQ%3D%3D\" href=\"https:\/\/artapartamento.com\/wp-content\/uploads\/2024\/06\/4.LOS-BRAVU_VALLADOLID_PROJECTS.jpg.webp\"><figure class=\"swiper-slide-inner\"><img decoding=\"async\" class=\"swiper-slide-image\" src=\"https:\/\/artapartamento.com\/wp-content\/uploads\/2024\/06\/4.LOS-BRAVU_VALLADOLID_PROJECTS.jpg.webp\" alt=\"O PROJECTO BRAV\u00da_VALLADOLID_PROJECT\" \/><\/figure><\/a><\/div><div class=\"swiper-slide\" role=\"group\" aria-roledescription=\"slide\" aria-label=\"6 de 15\"><a data-elementor-open-lightbox=\"yes\" data-elementor-lightbox-slideshow=\"2b710b00\" data-e-action-hash=\"#elementor-action%3Aaction%3Dlightbox%26settings%3DeyJpZCI6MTIwODksInVybCI6Imh0dHBzOlwvXC9hcnRhcGFydGFtZW50by5jb21cL3dwLWNvbnRlbnRcL3VwbG9hZHNcLzIwMjRcLzA2XC81LkxPUy1CUkFWVV9WQUxMQURPTElEX1BST0pFQ1RTLmpwZyIsInNsaWRlc2hvdyI6IjJiNzEwYjAwIn0%3D\" href=\"https:\/\/artapartamento.com\/wp-content\/uploads\/2024\/06\/5.LOS-BRAVU_VALLADOLID_PROJECTS.jpg\"><figure class=\"swiper-slide-inner\"><img decoding=\"async\" class=\"swiper-slide-image\" src=\"https:\/\/artapartamento.com\/wp-content\/uploads\/2024\/06\/5.LOS-BRAVU_VALLADOLID_PROJECTS.jpg\" alt=\"O PROJECTO BRAV\u00da_VALLADOLID_PROJECT\" \/><\/figure><\/a><\/div><div class=\"swiper-slide\" role=\"group\" aria-roledescription=\"slide\" aria-label=\"7 de 15\"><a data-elementor-open-lightbox=\"yes\" data-elementor-lightbox-slideshow=\"2b710b00\" data-e-action-hash=\"#elementor-action%3Aaction%3Dlightbox%26settings%3DeyJpZCI6MTIwOTAsInVybCI6Imh0dHBzOlwvXC9hcnRhcGFydGFtZW50by5jb21cL3dwLWNvbnRlbnRcL3VwbG9hZHNcLzIwMjRcLzA2XC82LkxPUy1CUkFWVV9WQUxMQURPTElEX1BST0pFQ1RTLmpwZy53ZWJwIiwic2xpZGVzaG93IjoiMmI3MTBiMDAifQ%3D%3D\" href=\"https:\/\/artapartamento.com\/wp-content\/uploads\/2024\/06\/6.LOS-BRAVU_VALLADOLID_PROJECTS.jpg.webp\"><figure class=\"swiper-slide-inner\"><img decoding=\"async\" class=\"swiper-slide-image\" src=\"https:\/\/artapartamento.com\/wp-content\/uploads\/2024\/06\/6.LOS-BRAVU_VALLADOLID_PROJECTS.jpg.webp\" alt=\"O PROJECTO BRAV\u00da_VALLADOLID_PROJECT\" \/><\/figure><\/a><\/div><div class=\"swiper-slide\" role=\"group\" aria-roledescription=\"slide\" aria-label=\"8 de 15\"><a data-elementor-open-lightbox=\"yes\" data-elementor-lightbox-slideshow=\"2b710b00\" data-e-action-hash=\"#elementor-action%3Aaction%3Dlightbox%26settings%3DeyJpZCI6MTIwOTEsInVybCI6Imh0dHBzOlwvXC9hcnRhcGFydGFtZW50by5jb21cL3dwLWNvbnRlbnRcL3VwbG9hZHNcLzIwMjRcLzA2XC83LkxPUy1CUkFWVV9WQUxMQURPTElEX1BST0pFQ1RTLmpwZy53ZWJwIiwic2xpZGVzaG93IjoiMmI3MTBiMDAifQ%3D%3D\" href=\"https:\/\/artapartamento.com\/wp-content\/uploads\/2024\/06\/7.LOS-BRAVU_VALLADOLID_PROJECTS.jpg.webp\"><figure class=\"swiper-slide-inner\"><img decoding=\"async\" class=\"swiper-slide-image\" src=\"https:\/\/artapartamento.com\/wp-content\/uploads\/2024\/06\/7.LOS-BRAVU_VALLADOLID_PROJECTS.jpg.webp\" alt=\"O PROJECTO BRAV\u00da_VALLADOLID_PROJECT\" \/><\/figure><\/a><\/div><div class=\"swiper-slide\" role=\"group\" aria-roledescription=\"slide\" aria-label=\"9 de 15\"><a data-elementor-open-lightbox=\"yes\" data-elementor-lightbox-slideshow=\"2b710b00\" data-e-action-hash=\"#elementor-action%3Aaction%3Dlightbox%26settings%3DeyJpZCI6MTIwOTIsInVybCI6Imh0dHBzOlwvXC9hcnRhcGFydGFtZW50by5jb21cL3dwLWNvbnRlbnRcL3VwbG9hZHNcLzIwMjRcLzA2XC84LkxPUy1CUkFWVV9WQUxMQURPTElEX1BST0pFQ1RTLmpwZyIsInNsaWRlc2hvdyI6IjJiNzEwYjAwIn0%3D\" href=\"https:\/\/artapartamento.com\/wp-content\/uploads\/2024\/06\/8.LOS-BRAVU_VALLADOLID_PROJECTS.jpg\"><figure class=\"swiper-slide-inner\"><img decoding=\"async\" class=\"swiper-slide-image\" src=\"https:\/\/artapartamento.com\/wp-content\/uploads\/2024\/06\/8.LOS-BRAVU_VALLADOLID_PROJECTS.jpg\" alt=\"O PROJECTO BRAV\u00da_VALLADOLID_PROJECT\" \/><\/figure><\/a><\/div><div class=\"swiper-slide\" role=\"group\" aria-roledescription=\"slide\" aria-label=\"10 de 15\"><a data-elementor-open-lightbox=\"yes\" data-elementor-lightbox-slideshow=\"2b710b00\" data-e-action-hash=\"#elementor-action%3Aaction%3Dlightbox%26settings%3DeyJpZCI6MTIwOTMsInVybCI6Imh0dHBzOlwvXC9hcnRhcGFydGFtZW50by5jb21cL3dwLWNvbnRlbnRcL3VwbG9hZHNcLzIwMjRcLzA2XC85LkxPUy1CUkFWVV9WQUxMQURPTElEX1BST0pFQ1RTLmpwZy53ZWJwIiwic2xpZGVzaG93IjoiMmI3MTBiMDAifQ%3D%3D\" href=\"https:\/\/artapartamento.com\/wp-content\/uploads\/2024\/06\/9.LOS-BRAVU_VALLADOLID_PROJECTS.jpg.webp\"><figure class=\"swiper-slide-inner\"><img decoding=\"async\" class=\"swiper-slide-image\" src=\"https:\/\/artapartamento.com\/wp-content\/uploads\/2024\/06\/9.LOS-BRAVU_VALLADOLID_PROJECTS.jpg.webp\" alt=\"O PROJECTO BRAV\u00da_VALLADOLID_PROJECT\" \/><\/figure><\/a><\/div><div class=\"swiper-slide\" role=\"group\" aria-roledescription=\"slide\" aria-label=\"11 de 15\"><a data-elementor-open-lightbox=\"yes\" data-elementor-lightbox-slideshow=\"2b710b00\" data-e-action-hash=\"#elementor-action%3Aaction%3Dlightbox%26settings%3DeyJpZCI6MTIwOTQsInVybCI6Imh0dHBzOlwvXC9hcnRhcGFydGFtZW50by5jb21cL3dwLWNvbnRlbnRcL3VwbG9hZHNcLzIwMjRcLzA2XC8xMC5MT1MtQlJBVlVfVkFMTEFET0xJRF9QUk9KRUNUUy5qcGciLCJzbGlkZXNob3ciOiIyYjcxMGIwMCJ9\" href=\"https:\/\/artapartamento.com\/wp-content\/uploads\/2024\/06\/10.LOS-BRAVU_VALLADOLID_PROJECTS.jpg\"><figure class=\"swiper-slide-inner\"><img decoding=\"async\" class=\"swiper-slide-image\" src=\"https:\/\/artapartamento.com\/wp-content\/uploads\/2024\/06\/10.LOS-BRAVU_VALLADOLID_PROJECTS.jpg\" alt=\"O PROJECTO BRAV\u00da_VALLADOLID_PROJECT\" \/><\/figure><\/a><\/div><div class=\"swiper-slide\" role=\"group\" aria-roledescription=\"slide\" aria-label=\"12 de 15\"><a data-elementor-open-lightbox=\"yes\" data-elementor-lightbox-slideshow=\"2b710b00\" data-e-action-hash=\"#elementor-action%3Aaction%3Dlightbox%26settings%3DeyJpZCI6MTIwOTUsInVybCI6Imh0dHBzOlwvXC9hcnRhcGFydGFtZW50by5jb21cL3dwLWNvbnRlbnRcL3VwbG9hZHNcLzIwMjRcLzA2XC8xMS5MT1MtQlJBVlVfVkFMTEFET0xJRF9QUk9KRUNUUy5qcGcud2VicCIsInNsaWRlc2hvdyI6IjJiNzEwYjAwIn0%3D\" href=\"https:\/\/artapartamento.com\/wp-content\/uploads\/2024\/06\/11.LOS-BRAVU_VALLADOLID_PROJECTS.jpg.webp\"><figure class=\"swiper-slide-inner\"><img decoding=\"async\" class=\"swiper-slide-image\" src=\"https:\/\/artapartamento.com\/wp-content\/uploads\/2024\/06\/11.LOS-BRAVU_VALLADOLID_PROJECTS.jpg.webp\" alt=\"O PROJECTO BRAV\u00da_VALLADOLID_PROJECT\" \/><\/figure><\/a><\/div><div class=\"swiper-slide\" role=\"group\" aria-roledescription=\"slide\" aria-label=\"13 de 15\"><a data-elementor-open-lightbox=\"yes\" data-elementor-lightbox-slideshow=\"2b710b00\" data-e-action-hash=\"#elementor-action%3Aaction%3Dlightbox%26settings%3DeyJpZCI6MTIwOTYsInVybCI6Imh0dHBzOlwvXC9hcnRhcGFydGFtZW50by5jb21cL3dwLWNvbnRlbnRcL3VwbG9hZHNcLzIwMjRcLzA2XC8xMi5MT1MtQlJBVlVfVkFMTEFET0xJRF9QUk9KRUNUUy5qcGciLCJzbGlkZXNob3ciOiIyYjcxMGIwMCJ9\" href=\"https:\/\/artapartamento.com\/wp-content\/uploads\/2024\/06\/12.LOS-BRAVU_VALLADOLID_PROJECTS.jpg\"><figure class=\"swiper-slide-inner\"><img decoding=\"async\" class=\"swiper-slide-image\" src=\"https:\/\/artapartamento.com\/wp-content\/uploads\/2024\/06\/12.LOS-BRAVU_VALLADOLID_PROJECTS.jpg\" alt=\"O PROJECTO BRAV\u00da_VALLADOLID_PROJECT\" \/><\/figure><\/a><\/div><div class=\"swiper-slide\" role=\"group\" aria-roledescription=\"slide\" aria-label=\"14 de 15\"><a data-elementor-open-lightbox=\"yes\" data-elementor-lightbox-slideshow=\"2b710b00\" data-e-action-hash=\"#elementor-action%3Aaction%3Dlightbox%26settings%3DeyJpZCI6MTIwOTcsInVybCI6Imh0dHBzOlwvXC9hcnRhcGFydGFtZW50by5jb21cL3dwLWNvbnRlbnRcL3VwbG9hZHNcLzIwMjRcLzA2XC8xMy5MT1MtQlJBVlVfVkFMTEFET0xJRF9QUk9KRUNUUy5qcGcud2VicCIsInNsaWRlc2hvdyI6IjJiNzEwYjAwIn0%3D\" href=\"https:\/\/artapartamento.com\/wp-content\/uploads\/2024\/06\/13.LOS-BRAVU_VALLADOLID_PROJECTS.jpg.webp\"><figure class=\"swiper-slide-inner\"><img decoding=\"async\" class=\"swiper-slide-image\" src=\"https:\/\/artapartamento.com\/wp-content\/uploads\/2024\/06\/13.LOS-BRAVU_VALLADOLID_PROJECTS.jpg.webp\" alt=\"O PROJECTO BRAV\u00da_VALLADOLID_PROJECT\" \/><\/figure><\/a><\/div><div class=\"swiper-slide\" role=\"group\" aria-roledescription=\"slide\" aria-label=\"15 de 15\"><a data-elementor-open-lightbox=\"yes\" data-elementor-lightbox-slideshow=\"2b710b00\" data-e-action-hash=\"#elementor-action%3Aaction%3Dlightbox%26settings%3DeyJpZCI6MTIwOTgsInVybCI6Imh0dHBzOlwvXC9hcnRhcGFydGFtZW50by5jb21cL3dwLWNvbnRlbnRcL3VwbG9hZHNcLzIwMjRcLzA2XC8xNC5MT1MtQlJBVlVfVkFMTEFET0xJRF9QUk9KRUNUUy5qcGcud2VicCIsInNsaWRlc2hvdyI6IjJiNzEwYjAwIn0%3D\" href=\"https:\/\/artapartamento.com\/wp-content\/uploads\/2024\/06\/14.LOS-BRAVU_VALLADOLID_PROJECTS.jpg.webp\"><figure class=\"swiper-slide-inner\"><img decoding=\"async\" class=\"swiper-slide-image\" src=\"https:\/\/artapartamento.com\/wp-content\/uploads\/2024\/06\/14.LOS-BRAVU_VALLADOLID_PROJECTS.jpg.webp\" alt=\"O PROJECTO BRAV\u00da_VALLADOLID_PROJECT\" \/><\/figure><\/a><\/div>\t\t\t<\/div>\n\t\t\t\t\t\t\t\n\t\t\t\t\t\t\t\t\t<\/div>\n\t\t\t\t\t\t<\/div>\n\t\t\t\t<\/div>\n\t\t\t\t<\/div>\n\t\t<div class=\"elementor-element elementor-element-5a00ce5c e-con-full e-flex e-con e-child\" data-id=\"5a00ce5c\" data-element_type=\"container\" data-e-type=\"container\">\n\t\t\t\t<div class=\"elementor-element elementor-element-339bed46 elementor-widget elementor-widget-heading\" data-id=\"339bed46\" data-element_type=\"widget\" data-e-type=\"widget\" data-widget_type=\"heading.default\">\n\t\t\t\t<div class=\"elementor-widget-container\">\n\t\t\t\t\t<h2 class=\"elementor-heading-title elementor-size-default\"><a href=\"https:\/\/artapartamento.com\/pt\/category\/artistas\/los-bravu\/\" rel=\"tag\">O Brav\u00fa<\/a><\/h2>\t\t\t\t<\/div>\n\t\t\t\t<\/div>\n\t\t\t\t<div class=\"elementor-element elementor-element-747e44d8 elementor-widget elementor-widget-text-editor\" data-id=\"747e44d8\" data-element_type=\"widget\" data-e-type=\"widget\" data-widget_type=\"text-editor.default\">\n\t\t\t\t<div class=\"elementor-widget-container\">\n\t\t\t\t\t\t\t\t\t<p>Atravessar \u00e1guas turbulentas,\u00a0<br \/>Interven\u00e7\u00e3o urbana (cer\u00e2mica)<br \/>\u00c1trio de San Felipe Neri, Valladolid.<br \/>Projeto EPHEMERA PHESTIVAL 2023.<\/p>\t\t\t\t\t\t\t\t<\/div>\n\t\t\t\t<\/div>\n\t\t\t\t<div class=\"elementor-element elementor-element-7b281aeb elementor-widget elementor-widget-text-editor\" data-id=\"7b281aeb\" data-element_type=\"widget\" data-e-type=\"widget\" data-widget_type=\"text-editor.default\">\n\t\t\t\t<div class=\"elementor-widget-container\">\n\t\t\t\t\t\t\t\t\t<p>Azulejo produzido nas oficinas do centro cer\u00e2mico de Talavera de la Reina, de acordo com a tradi\u00e7\u00e3o artesanal desta cidade. A imagem \u00e9 inspirada em Crist\u00f3v\u00e3o, padroeiro dos viajantes, a quem ajudou a atravessar um rio perigoso de uma margem \u00e0 outra. O Ephemera Phestival III percorreu as ruas da cidade com uma sele\u00e7\u00e3o de projectos ef\u00e9meros site-specific, interven\u00e7\u00f5es murais inovadoras e projectos ef\u00e9meros sobre mobili\u00e1rio urbano. Ephemera Phestival \u00e9 um projeto organizado por CreArt e FMC, sob a dire\u00e7\u00e3o art\u00edstica de Cless.<\/p>\t\t\t\t\t\t\t\t<\/div>\n\t\t\t\t<\/div>\n\t\t\t\t<div class=\"elementor-element elementor-element-1fcc8e83 elementor-align-left elementor-widget elementor-widget-button\" data-id=\"1fcc8e83\" data-element_type=\"widget\" data-e-type=\"widget\" data-widget_type=\"button.default\">\n\t\t\t\t<div class=\"elementor-widget-container\">\n\t\t\t\t\t\t\t\t\t<div class=\"elementor-button-wrapper\">\n\t\t\t\t\t<a class=\"elementor-button elementor-size-sm\" role=\"button\">\n\t\t\t\t\t\t<span class=\"elementor-button-content-wrapper\">\n\t\t\t\t\t\t\t\t\t<span class=\"elementor-button-text\">Inqu\u00e9rito<\/span>\n\t\t\t\t\t<\/span>\n\t\t\t\t\t<\/a>\n\t\t\t\t<\/div>\n\t\t\t\t\t\t\t\t<\/div>\n\t\t\t\t<\/div>\n\t\t\t\t<\/div>\n\t\t\t\t<\/div>\n\t\t\t\t<\/div>","protected":false},"excerpt":{"rendered":"<p>Cruzando las aguas revueltas,\u00a0Intervenci\u00f3n urbana (cer\u00e1mica)Atr\u00edo de San Felipe Neri, Valladolid.Proyecto EPHEMERA PHESTIVAL 2023. Azulejado en cer\u00e1mica producido en los talleres del centro cer\u00e1mico de Talavera de la Reina, seg\u00fan la tradici\u00f3n artesanal de esta ciudad. La imagen est\u00e1 inspirada en Crist\u00f3bal, patr\u00f3n de los viajeros, a los que ayudaba a cruzar un peligroso rio [&hellip;]<\/p>\n","protected":false},"author":1,"featured_media":12035,"parent":5816,"menu_order":0,"comment_status":"closed","ping_status":"closed","template":"","meta":{"_acf_changed":false,"footnotes":"","_links_to":"","_links_to_target":""},"categories":[63],"tags":[65],"class_list":["post-12078","page","type-page","status-publish","has-post-thumbnail","hentry","category-los-bravu","tag-obra","post","post-with-thumbnail","post-with-thumbnail-large"],"acf":[],"aioseo_notices":[],"_links":{"self":[{"href":"https:\/\/artapartamento.com\/pt\/wp-json\/wp\/v2\/pages\/12078","targetHints":{"allow":["GET"]}}],"collection":[{"href":"https:\/\/artapartamento.com\/pt\/wp-json\/wp\/v2\/pages"}],"about":[{"href":"https:\/\/artapartamento.com\/pt\/wp-json\/wp\/v2\/types\/page"}],"author":[{"embeddable":true,"href":"https:\/\/artapartamento.com\/pt\/wp-json\/wp\/v2\/users\/1"}],"replies":[{"embeddable":true,"href":"https:\/\/artapartamento.com\/pt\/wp-json\/wp\/v2\/comments?post=12078"}],"version-history":[{"count":0,"href":"https:\/\/artapartamento.com\/pt\/wp-json\/wp\/v2\/pages\/12078\/revisions"}],"up":[{"embeddable":true,"href":"https:\/\/artapartamento.com\/pt\/wp-json\/wp\/v2\/pages\/5816"}],"wp:featuredmedia":[{"embeddable":true,"href":"https:\/\/artapartamento.com\/pt\/wp-json\/wp\/v2\/media\/12035"}],"wp:attachment":[{"href":"https:\/\/artapartamento.com\/pt\/wp-json\/wp\/v2\/media?parent=12078"}],"wp:term":[{"taxonomy":"category","embeddable":true,"href":"https:\/\/artapartamento.com\/pt\/wp-json\/wp\/v2\/categories?post=12078"},{"taxonomy":"post_tag","embeddable":true,"href":"https:\/\/artapartamento.com\/pt\/wp-json\/wp\/v2\/tags?post=12078"}],"curies":[{"name":"wp","href":"https:\/\/api.w.org\/{rel}","templated":true}]}}