{"id":10585,"date":"2024-04-20T17:51:01","date_gmt":"2024-04-20T15:51:01","guid":{"rendered":"https:\/\/artapartamento.com\/?page_id=10585"},"modified":"2024-06-15T15:41:08","modified_gmt":"2024-06-15T13:41:08","slug":"o-palacio-da-musica","status":"publish","type":"page","link":"https:\/\/artapartamento.com\/pt\/artistas\/los-bravu\/el-palacio-de-la-musica\/","title":{"rendered":"O Pal\u00e1cio da M\u00fasica"},"content":{"rendered":"<div data-elementor-type=\"wp-page\" data-elementor-id=\"10585\" class=\"elementor elementor-10585\" data-elementor-post-type=\"page\">\n\t\t\t\t<div class=\"elementor-element elementor-element-9198e6e e-con-full e-flex e-con e-parent\" data-id=\"9198e6e\" data-element_type=\"container\" data-e-type=\"container\" data-settings=\"{&quot;background_background&quot;:&quot;classic&quot;}\">\n\t\t<div class=\"elementor-element elementor-element-69ffa627 e-con-full e-flex e-con e-child\" data-id=\"69ffa627\" data-element_type=\"container\" data-e-type=\"container\">\n\t\t\t\t<div class=\"elementor-element elementor-element-2b710b00 elementor-widget elementor-widget-image-carousel\" data-id=\"2b710b00\" data-element_type=\"widget\" data-e-type=\"widget\" data-settings=\"{&quot;slides_to_show&quot;:&quot;1&quot;,&quot;navigation&quot;:&quot;none&quot;,&quot;autoplay&quot;:&quot;yes&quot;,&quot;pause_on_hover&quot;:&quot;yes&quot;,&quot;pause_on_interaction&quot;:&quot;yes&quot;,&quot;autoplay_speed&quot;:5000,&quot;infinite&quot;:&quot;yes&quot;,&quot;effect&quot;:&quot;slide&quot;,&quot;speed&quot;:500}\" data-widget_type=\"image-carousel.default\">\n\t\t\t\t<div class=\"elementor-widget-container\">\n\t\t\t\t\t\t\t<div class=\"elementor-image-carousel-wrapper swiper\" role=\"region\" aria-roledescription=\"carousel\" aria-label=\"Carrossel de imagens\" dir=\"ltr\">\n\t\t\t<div class=\"elementor-image-carousel swiper-wrapper swiper-image-stretch\" aria-live=\"off\">\n\t\t\t\t\t\t\t\t<div class=\"swiper-slide\" role=\"group\" aria-roledescription=\"slide\" aria-label=\"1 de 21\"><a data-elementor-open-lightbox=\"yes\" data-elementor-lightbox-slideshow=\"2b710b00\" data-e-action-hash=\"#elementor-action%3Aaction%3Dlightbox%26settings%3DeyJpZCI6MTIwNTEsInVybCI6Imh0dHBzOlwvXC9hcnRhcGFydGFtZW50by5jb21cL3dwLWNvbnRlbnRcL3VwbG9hZHNcLzIwMjRcLzA2XC9MT0EtQlJBVlUtUFJPSkVDVC5qcGcud2VicCIsInNsaWRlc2hvdyI6IjJiNzEwYjAwIn0%3D\" href=\"https:\/\/artapartamento.com\/wp-content\/uploads\/2024\/06\/LOA-BRAVU-PROJECT.jpg.webp\"><figure class=\"swiper-slide-inner\"><img decoding=\"async\" class=\"swiper-slide-image\" src=\"https:\/\/artapartamento.com\/wp-content\/uploads\/2024\/06\/LOA-BRAVU-PROJECT.jpg.webp\" alt=\"O PROJECTO BRAV\u00da_GRAN V\u00cdA_PROJECT\" \/><\/figure><\/a><\/div><div class=\"swiper-slide\" role=\"group\" aria-roledescription=\"slide\" aria-label=\"2 de 21\"><a data-elementor-open-lightbox=\"yes\" data-elementor-lightbox-slideshow=\"2b710b00\" data-e-action-hash=\"#elementor-action%3Aaction%3Dlightbox%26settings%3DeyJpZCI6MTIwNTIsInVybCI6Imh0dHBzOlwvXC9hcnRhcGFydGFtZW50by5jb21cL3dwLWNvbnRlbnRcL3VwbG9hZHNcLzIwMjRcLzA2XC9MT0EtQlJBVlUtUFJPSkVDVF8yLmpwZy53ZWJwIiwic2xpZGVzaG93IjoiMmI3MTBiMDAifQ%3D%3D\" href=\"https:\/\/artapartamento.com\/wp-content\/uploads\/2024\/06\/LOA-BRAVU-PROJECT_2.jpg.webp\"><figure class=\"swiper-slide-inner\"><img decoding=\"async\" class=\"swiper-slide-image\" src=\"https:\/\/artapartamento.com\/wp-content\/uploads\/2024\/06\/LOA-BRAVU-PROJECT_2.jpg.webp\" alt=\"O PROJECTO BRAV\u00da_GRAN V\u00cdA_PROJECT\" \/><\/figure><\/a><\/div><div class=\"swiper-slide\" role=\"group\" aria-roledescription=\"slide\" aria-label=\"3 de 21\"><a data-elementor-open-lightbox=\"yes\" data-elementor-lightbox-slideshow=\"2b710b00\" data-e-action-hash=\"#elementor-action%3Aaction%3Dlightbox%26settings%3DeyJpZCI6MTIwNTMsInVybCI6Imh0dHBzOlwvXC9hcnRhcGFydGFtZW50by5jb21cL3dwLWNvbnRlbnRcL3VwbG9hZHNcLzIwMjRcLzA2XC9MT0EtQlJBVlUtUFJPSkVDVF8zLmpwZy53ZWJwIiwic2xpZGVzaG93IjoiMmI3MTBiMDAifQ%3D%3D\" href=\"https:\/\/artapartamento.com\/wp-content\/uploads\/2024\/06\/LOA-BRAVU-PROJECT_3.jpg.webp\"><figure class=\"swiper-slide-inner\"><img decoding=\"async\" class=\"swiper-slide-image\" src=\"https:\/\/artapartamento.com\/wp-content\/uploads\/2024\/06\/LOA-BRAVU-PROJECT_3.jpg.webp\" alt=\"O PROJECTO BRAV\u00da_GRAN V\u00cdA_PROJECT\" \/><\/figure><\/a><\/div><div class=\"swiper-slide\" role=\"group\" aria-roledescription=\"slide\" aria-label=\"4 de 21\"><a data-elementor-open-lightbox=\"yes\" data-elementor-lightbox-slideshow=\"2b710b00\" data-e-action-hash=\"#elementor-action%3Aaction%3Dlightbox%26settings%3DeyJpZCI6MTIwNTQsInVybCI6Imh0dHBzOlwvXC9hcnRhcGFydGFtZW50by5jb21cL3dwLWNvbnRlbnRcL3VwbG9hZHNcLzIwMjRcLzA2XC9MT0EtQlJBVlUtUFJPSkVDVF80LmpwZy53ZWJwIiwic2xpZGVzaG93IjoiMmI3MTBiMDAifQ%3D%3D\" href=\"https:\/\/artapartamento.com\/wp-content\/uploads\/2024\/06\/LOA-BRAVU-PROJECT_4.jpg.webp\"><figure class=\"swiper-slide-inner\"><img decoding=\"async\" class=\"swiper-slide-image\" src=\"https:\/\/artapartamento.com\/wp-content\/uploads\/2024\/06\/LOA-BRAVU-PROJECT_4.jpg.webp\" alt=\"O PROJECTO BRAV\u00da_GRAN V\u00cdA_PROJECT\" \/><\/figure><\/a><\/div><div class=\"swiper-slide\" role=\"group\" aria-roledescription=\"slide\" aria-label=\"5 de 21\"><a data-elementor-open-lightbox=\"yes\" data-elementor-lightbox-slideshow=\"2b710b00\" data-e-action-hash=\"#elementor-action%3Aaction%3Dlightbox%26settings%3DeyJpZCI6MTIwNTUsInVybCI6Imh0dHBzOlwvXC9hcnRhcGFydGFtZW50by5jb21cL3dwLWNvbnRlbnRcL3VwbG9hZHNcLzIwMjRcLzA2XC9MT0EtQlJBVlUtUFJPSkVDVF81LmpwZy53ZWJwIiwic2xpZGVzaG93IjoiMmI3MTBiMDAifQ%3D%3D\" href=\"https:\/\/artapartamento.com\/wp-content\/uploads\/2024\/06\/LOA-BRAVU-PROJECT_5.jpg.webp\"><figure class=\"swiper-slide-inner\"><img decoding=\"async\" class=\"swiper-slide-image\" src=\"https:\/\/artapartamento.com\/wp-content\/uploads\/2024\/06\/LOA-BRAVU-PROJECT_5.jpg.webp\" alt=\"O PROJECTO BRAV\u00da_GRAN V\u00cdA_PROJECT\" \/><\/figure><\/a><\/div><div class=\"swiper-slide\" role=\"group\" aria-roledescription=\"slide\" aria-label=\"6 de 21\"><a data-elementor-open-lightbox=\"yes\" data-elementor-lightbox-slideshow=\"2b710b00\" data-e-action-hash=\"#elementor-action%3Aaction%3Dlightbox%26settings%3DeyJpZCI6MTIwNTYsInVybCI6Imh0dHBzOlwvXC9hcnRhcGFydGFtZW50by5jb21cL3dwLWNvbnRlbnRcL3VwbG9hZHNcLzIwMjRcLzA2XC9MT0EtQlJBVlUtUFJPSkVDVF82LmpwZy53ZWJwIiwic2xpZGVzaG93IjoiMmI3MTBiMDAifQ%3D%3D\" href=\"https:\/\/artapartamento.com\/wp-content\/uploads\/2024\/06\/LOA-BRAVU-PROJECT_6.jpg.webp\"><figure class=\"swiper-slide-inner\"><img decoding=\"async\" class=\"swiper-slide-image\" src=\"https:\/\/artapartamento.com\/wp-content\/uploads\/2024\/06\/LOA-BRAVU-PROJECT_6.jpg.webp\" alt=\"O PROJECTO BRAV\u00da_GRAN V\u00cdA_PROJECT\" \/><\/figure><\/a><\/div><div class=\"swiper-slide\" role=\"group\" aria-roledescription=\"slide\" aria-label=\"7 de 21\"><a data-elementor-open-lightbox=\"yes\" data-elementor-lightbox-slideshow=\"2b710b00\" data-e-action-hash=\"#elementor-action%3Aaction%3Dlightbox%26settings%3DeyJpZCI6MTIwNTcsInVybCI6Imh0dHBzOlwvXC9hcnRhcGFydGFtZW50by5jb21cL3dwLWNvbnRlbnRcL3VwbG9hZHNcLzIwMjRcLzA2XC9MT0EtQlJBVlUtUFJPSkVDVF83LmpwZy53ZWJwIiwic2xpZGVzaG93IjoiMmI3MTBiMDAifQ%3D%3D\" href=\"https:\/\/artapartamento.com\/wp-content\/uploads\/2024\/06\/LOA-BRAVU-PROJECT_7.jpg.webp\"><figure class=\"swiper-slide-inner\"><img decoding=\"async\" class=\"swiper-slide-image\" src=\"https:\/\/artapartamento.com\/wp-content\/uploads\/2024\/06\/LOA-BRAVU-PROJECT_7.jpg.webp\" alt=\"O PROJECTO BRAV\u00da_GRAN V\u00cdA_PROJECT\" \/><\/figure><\/a><\/div><div class=\"swiper-slide\" role=\"group\" aria-roledescription=\"slide\" aria-label=\"8 de 21\"><a data-elementor-open-lightbox=\"yes\" data-elementor-lightbox-slideshow=\"2b710b00\" data-e-action-hash=\"#elementor-action%3Aaction%3Dlightbox%26settings%3DeyJpZCI6MTIwNTgsInVybCI6Imh0dHBzOlwvXC9hcnRhcGFydGFtZW50by5jb21cL3dwLWNvbnRlbnRcL3VwbG9hZHNcLzIwMjRcLzA2XC9MT0EtQlJBVlUtUFJPSkVDVF84LmpwZy53ZWJwIiwic2xpZGVzaG93IjoiMmI3MTBiMDAifQ%3D%3D\" href=\"https:\/\/artapartamento.com\/wp-content\/uploads\/2024\/06\/LOA-BRAVU-PROJECT_8.jpg.webp\"><figure class=\"swiper-slide-inner\"><img decoding=\"async\" class=\"swiper-slide-image\" src=\"https:\/\/artapartamento.com\/wp-content\/uploads\/2024\/06\/LOA-BRAVU-PROJECT_8.jpg.webp\" alt=\"O PROJECTO BRAV\u00da_GRAN V\u00cdA_PROJECT\" \/><\/figure><\/a><\/div><div class=\"swiper-slide\" role=\"group\" aria-roledescription=\"slide\" aria-label=\"9 de 21\"><a data-elementor-open-lightbox=\"yes\" data-elementor-lightbox-slideshow=\"2b710b00\" data-e-action-hash=\"#elementor-action%3Aaction%3Dlightbox%26settings%3DeyJpZCI6MTIwNTksInVybCI6Imh0dHBzOlwvXC9hcnRhcGFydGFtZW50by5jb21cL3dwLWNvbnRlbnRcL3VwbG9hZHNcLzIwMjRcLzA2XC9MT0EtQlJBVlUtUFJPSkVDVF85LmpwZyIsInNsaWRlc2hvdyI6IjJiNzEwYjAwIn0%3D\" href=\"https:\/\/artapartamento.com\/wp-content\/uploads\/2024\/06\/LOA-BRAVU-PROJECT_9.jpg\"><figure class=\"swiper-slide-inner\"><img decoding=\"async\" class=\"swiper-slide-image\" src=\"https:\/\/artapartamento.com\/wp-content\/uploads\/2024\/06\/LOA-BRAVU-PROJECT_9.jpg\" alt=\"O PROJECTO BRAV\u00da_GRAN V\u00cdA_PROJECT\" \/><\/figure><\/a><\/div><div class=\"swiper-slide\" role=\"group\" aria-roledescription=\"slide\" aria-label=\"10 de 21\"><a data-elementor-open-lightbox=\"yes\" data-elementor-lightbox-slideshow=\"2b710b00\" data-e-action-hash=\"#elementor-action%3Aaction%3Dlightbox%26settings%3DeyJpZCI6MTIwNjAsInVybCI6Imh0dHBzOlwvXC9hcnRhcGFydGFtZW50by5jb21cL3dwLWNvbnRlbnRcL3VwbG9hZHNcLzIwMjRcLzA2XC9MT0EtQlJBVlUtUFJPSkVDVF8xMC5qcGcud2VicCIsInNsaWRlc2hvdyI6IjJiNzEwYjAwIn0%3D\" href=\"https:\/\/artapartamento.com\/wp-content\/uploads\/2024\/06\/LOA-BRAVU-PROJECT_10.jpg.webp\"><figure class=\"swiper-slide-inner\"><img decoding=\"async\" class=\"swiper-slide-image\" src=\"https:\/\/artapartamento.com\/wp-content\/uploads\/2024\/06\/LOA-BRAVU-PROJECT_10.jpg.webp\" alt=\"O PROJECTO BRAV\u00da_GRAN V\u00cdA_PROJECT\" \/><\/figure><\/a><\/div><div class=\"swiper-slide\" role=\"group\" aria-roledescription=\"slide\" aria-label=\"11 de 21\"><a data-elementor-open-lightbox=\"yes\" data-elementor-lightbox-slideshow=\"2b710b00\" data-e-action-hash=\"#elementor-action%3Aaction%3Dlightbox%26settings%3DeyJpZCI6MTIwNjEsInVybCI6Imh0dHBzOlwvXC9hcnRhcGFydGFtZW50by5jb21cL3dwLWNvbnRlbnRcL3VwbG9hZHNcLzIwMjRcLzA2XC9MT0EtQlJBVlUtUFJPSkVDVF8xMS5qcGciLCJzbGlkZXNob3ciOiIyYjcxMGIwMCJ9\" href=\"https:\/\/artapartamento.com\/wp-content\/uploads\/2024\/06\/LOA-BRAVU-PROJECT_11.jpg\"><figure class=\"swiper-slide-inner\"><img decoding=\"async\" class=\"swiper-slide-image\" src=\"https:\/\/artapartamento.com\/wp-content\/uploads\/2024\/06\/LOA-BRAVU-PROJECT_11.jpg\" alt=\"O PROJECTO BRAV\u00da_GRAN V\u00cdA_PROJECT\" \/><\/figure><\/a><\/div><div class=\"swiper-slide\" role=\"group\" aria-roledescription=\"slide\" aria-label=\"12 de 21\"><a data-elementor-open-lightbox=\"yes\" data-elementor-lightbox-slideshow=\"2b710b00\" data-e-action-hash=\"#elementor-action%3Aaction%3Dlightbox%26settings%3DeyJpZCI6MTIwNjIsInVybCI6Imh0dHBzOlwvXC9hcnRhcGFydGFtZW50by5jb21cL3dwLWNvbnRlbnRcL3VwbG9hZHNcLzIwMjRcLzA2XC9MT0EtQlJBVlUtUFJPSkVDVF8xMi5qcGcud2VicCIsInNsaWRlc2hvdyI6IjJiNzEwYjAwIn0%3D\" href=\"https:\/\/artapartamento.com\/wp-content\/uploads\/2024\/06\/LOA-BRAVU-PROJECT_12.jpg.webp\"><figure class=\"swiper-slide-inner\"><img decoding=\"async\" class=\"swiper-slide-image\" src=\"https:\/\/artapartamento.com\/wp-content\/uploads\/2024\/06\/LOA-BRAVU-PROJECT_12.jpg.webp\" alt=\"O PROJECTO BRAV\u00da_GRAN V\u00cdA_PROJECT\" \/><\/figure><\/a><\/div><div class=\"swiper-slide\" role=\"group\" aria-roledescription=\"slide\" aria-label=\"13 de 21\"><a data-elementor-open-lightbox=\"yes\" data-elementor-lightbox-slideshow=\"2b710b00\" data-e-action-hash=\"#elementor-action%3Aaction%3Dlightbox%26settings%3DeyJpZCI6MTIwNjMsInVybCI6Imh0dHBzOlwvXC9hcnRhcGFydGFtZW50by5jb21cL3dwLWNvbnRlbnRcL3VwbG9hZHNcLzIwMjRcLzA2XC9MT0EtQlJBVlUtUFJPSkVDVF8xMy5qcGcud2VicCIsInNsaWRlc2hvdyI6IjJiNzEwYjAwIn0%3D\" href=\"https:\/\/artapartamento.com\/wp-content\/uploads\/2024\/06\/LOA-BRAVU-PROJECT_13.jpg.webp\"><figure class=\"swiper-slide-inner\"><img decoding=\"async\" class=\"swiper-slide-image\" src=\"https:\/\/artapartamento.com\/wp-content\/uploads\/2024\/06\/LOA-BRAVU-PROJECT_13.jpg.webp\" alt=\"O PROJECTO BRAV\u00da_GRAN V\u00cdA_PROJECT\" \/><\/figure><\/a><\/div><div class=\"swiper-slide\" role=\"group\" aria-roledescription=\"slide\" aria-label=\"14 de 21\"><a data-elementor-open-lightbox=\"yes\" data-elementor-lightbox-slideshow=\"2b710b00\" data-e-action-hash=\"#elementor-action%3Aaction%3Dlightbox%26settings%3DeyJpZCI6MTIwNjQsInVybCI6Imh0dHBzOlwvXC9hcnRhcGFydGFtZW50by5jb21cL3dwLWNvbnRlbnRcL3VwbG9hZHNcLzIwMjRcLzA2XC9MT0EtQlJBVlUtUFJPSkVDVF8xNC5qcGcud2VicCIsInNsaWRlc2hvdyI6IjJiNzEwYjAwIn0%3D\" href=\"https:\/\/artapartamento.com\/wp-content\/uploads\/2024\/06\/LOA-BRAVU-PROJECT_14.jpg.webp\"><figure class=\"swiper-slide-inner\"><img decoding=\"async\" class=\"swiper-slide-image\" src=\"https:\/\/artapartamento.com\/wp-content\/uploads\/2024\/06\/LOA-BRAVU-PROJECT_14.jpg.webp\" alt=\"O PROJECTO BRAV\u00da_GRAN V\u00cdA_PROJECT\" \/><\/figure><\/a><\/div><div class=\"swiper-slide\" role=\"group\" aria-roledescription=\"slide\" aria-label=\"15 de 21\"><a data-elementor-open-lightbox=\"yes\" data-elementor-lightbox-slideshow=\"2b710b00\" data-e-action-hash=\"#elementor-action%3Aaction%3Dlightbox%26settings%3DeyJpZCI6MTIwNjUsInVybCI6Imh0dHBzOlwvXC9hcnRhcGFydGFtZW50by5jb21cL3dwLWNvbnRlbnRcL3VwbG9hZHNcLzIwMjRcLzA2XC9MT0EtQlJBVlUtUFJPSkVDVF8xNS5qcGcud2VicCIsInNsaWRlc2hvdyI6IjJiNzEwYjAwIn0%3D\" href=\"https:\/\/artapartamento.com\/wp-content\/uploads\/2024\/06\/LOA-BRAVU-PROJECT_15.jpg.webp\"><figure class=\"swiper-slide-inner\"><img decoding=\"async\" class=\"swiper-slide-image\" src=\"https:\/\/artapartamento.com\/wp-content\/uploads\/2024\/06\/LOA-BRAVU-PROJECT_15.jpg.webp\" alt=\"O PROJECTO BRAV\u00da_GRAN V\u00cdA_PROJECT\" \/><\/figure><\/a><\/div><div class=\"swiper-slide\" role=\"group\" aria-roledescription=\"slide\" aria-label=\"16 de 21\"><a data-elementor-open-lightbox=\"yes\" data-elementor-lightbox-slideshow=\"2b710b00\" data-e-action-hash=\"#elementor-action%3Aaction%3Dlightbox%26settings%3DeyJpZCI6MTIwNjYsInVybCI6Imh0dHBzOlwvXC9hcnRhcGFydGFtZW50by5jb21cL3dwLWNvbnRlbnRcL3VwbG9hZHNcLzIwMjRcLzA2XC9MT0EtQlJBVlUtUFJPSkVDVF8xNi5qcGciLCJzbGlkZXNob3ciOiIyYjcxMGIwMCJ9\" href=\"https:\/\/artapartamento.com\/wp-content\/uploads\/2024\/06\/LOA-BRAVU-PROJECT_16.jpg\"><figure class=\"swiper-slide-inner\"><img decoding=\"async\" class=\"swiper-slide-image\" src=\"https:\/\/artapartamento.com\/wp-content\/uploads\/2024\/06\/LOA-BRAVU-PROJECT_16.jpg\" alt=\"O PROJECTO BRAV\u00da_GRAN V\u00cdA_PROJECT\" \/><\/figure><\/a><\/div><div class=\"swiper-slide\" role=\"group\" aria-roledescription=\"slide\" aria-label=\"17 de 21\"><a data-elementor-open-lightbox=\"yes\" data-elementor-lightbox-slideshow=\"2b710b00\" data-e-action-hash=\"#elementor-action%3Aaction%3Dlightbox%26settings%3DeyJpZCI6MTIwNjcsInVybCI6Imh0dHBzOlwvXC9hcnRhcGFydGFtZW50by5jb21cL3dwLWNvbnRlbnRcL3VwbG9hZHNcLzIwMjRcLzA2XC9MT0EtQlJBVlUtUFJPSkVDVF8xNy5qcGciLCJzbGlkZXNob3ciOiIyYjcxMGIwMCJ9\" href=\"https:\/\/artapartamento.com\/wp-content\/uploads\/2024\/06\/LOA-BRAVU-PROJECT_17.jpg\"><figure class=\"swiper-slide-inner\"><img decoding=\"async\" class=\"swiper-slide-image\" src=\"https:\/\/artapartamento.com\/wp-content\/uploads\/2024\/06\/LOA-BRAVU-PROJECT_17.jpg\" alt=\"O PROJECTO BRAV\u00da_GRAN V\u00cdA_PROJECT\" \/><\/figure><\/a><\/div><div class=\"swiper-slide\" role=\"group\" aria-roledescription=\"slide\" aria-label=\"18 de 21\"><a data-elementor-open-lightbox=\"yes\" data-elementor-lightbox-slideshow=\"2b710b00\" data-e-action-hash=\"#elementor-action%3Aaction%3Dlightbox%26settings%3DeyJpZCI6MTIwNjgsInVybCI6Imh0dHBzOlwvXC9hcnRhcGFydGFtZW50by5jb21cL3dwLWNvbnRlbnRcL3VwbG9hZHNcLzIwMjRcLzA2XC9MT0EtQlJBVlUtUFJPSkVDVF8xOC5qcGcud2VicCIsInNsaWRlc2hvdyI6IjJiNzEwYjAwIn0%3D\" href=\"https:\/\/artapartamento.com\/wp-content\/uploads\/2024\/06\/LOA-BRAVU-PROJECT_18.jpg.webp\"><figure class=\"swiper-slide-inner\"><img decoding=\"async\" class=\"swiper-slide-image\" src=\"https:\/\/artapartamento.com\/wp-content\/uploads\/2024\/06\/LOA-BRAVU-PROJECT_18.jpg.webp\" alt=\"O PROJECTO BRAV\u00da_GRAN V\u00cdA_PROJECT\" \/><\/figure><\/a><\/div><div class=\"swiper-slide\" role=\"group\" aria-roledescription=\"slide\" aria-label=\"19 de 21\"><a data-elementor-open-lightbox=\"yes\" data-elementor-lightbox-slideshow=\"2b710b00\" data-e-action-hash=\"#elementor-action%3Aaction%3Dlightbox%26settings%3DeyJpZCI6MTIwNjksInVybCI6Imh0dHBzOlwvXC9hcnRhcGFydGFtZW50by5jb21cL3dwLWNvbnRlbnRcL3VwbG9hZHNcLzIwMjRcLzA2XC9MT0EtQlJBVlUtUFJPSkVDVF8xOS5qcGcud2VicCIsInNsaWRlc2hvdyI6IjJiNzEwYjAwIn0%3D\" href=\"https:\/\/artapartamento.com\/wp-content\/uploads\/2024\/06\/LOA-BRAVU-PROJECT_19.jpg.webp\"><figure class=\"swiper-slide-inner\"><img decoding=\"async\" class=\"swiper-slide-image\" src=\"https:\/\/artapartamento.com\/wp-content\/uploads\/2024\/06\/LOA-BRAVU-PROJECT_19.jpg.webp\" alt=\"O PROJECTO BRAV\u00da_GRAN V\u00cdA_PROJECT\" \/><\/figure><\/a><\/div><div class=\"swiper-slide\" role=\"group\" aria-roledescription=\"slide\" aria-label=\"20 de 21\"><a data-elementor-open-lightbox=\"yes\" data-elementor-lightbox-slideshow=\"2b710b00\" data-e-action-hash=\"#elementor-action%3Aaction%3Dlightbox%26settings%3DeyJpZCI6MTIwNzAsInVybCI6Imh0dHBzOlwvXC9hcnRhcGFydGFtZW50by5jb21cL3dwLWNvbnRlbnRcL3VwbG9hZHNcLzIwMjRcLzA2XC9MT0EtQlJBVlUtUFJPSkVDVF8yMC5qcGcud2VicCIsInNsaWRlc2hvdyI6IjJiNzEwYjAwIn0%3D\" href=\"https:\/\/artapartamento.com\/wp-content\/uploads\/2024\/06\/LOA-BRAVU-PROJECT_20.jpg.webp\"><figure class=\"swiper-slide-inner\"><img decoding=\"async\" class=\"swiper-slide-image\" src=\"https:\/\/artapartamento.com\/wp-content\/uploads\/2024\/06\/LOA-BRAVU-PROJECT_20.jpg.webp\" alt=\"O PROJECTO BRAV\u00da_GRAN V\u00cdA_PROJECT\" \/><\/figure><\/a><\/div><div class=\"swiper-slide\" role=\"group\" aria-roledescription=\"slide\" aria-label=\"21 de 21\"><a data-elementor-open-lightbox=\"yes\" data-elementor-lightbox-slideshow=\"2b710b00\" data-e-action-hash=\"#elementor-action%3Aaction%3Dlightbox%26settings%3DeyJpZCI6MTIwNzEsInVybCI6Imh0dHBzOlwvXC9hcnRhcGFydGFtZW50by5jb21cL3dwLWNvbnRlbnRcL3VwbG9hZHNcLzIwMjRcLzA2XC9MT0EtQlJBVlUtUFJPSkVDVF8yMS5qcGcud2VicCIsInNsaWRlc2hvdyI6IjJiNzEwYjAwIn0%3D\" href=\"https:\/\/artapartamento.com\/wp-content\/uploads\/2024\/06\/LOA-BRAVU-PROJECT_21.jpg.webp\"><figure class=\"swiper-slide-inner\"><img decoding=\"async\" class=\"swiper-slide-image\" src=\"https:\/\/artapartamento.com\/wp-content\/uploads\/2024\/06\/LOA-BRAVU-PROJECT_21.jpg.webp\" alt=\"O PROJECTO BRAV\u00da_GRAN V\u00cdA_PROJECT\" \/><\/figure><\/a><\/div>\t\t\t<\/div>\n\t\t\t\t\t\t\t\n\t\t\t\t\t\t\t\t\t<\/div>\n\t\t\t\t\t\t<\/div>\n\t\t\t\t<\/div>\n\t\t\t\t<\/div>\n\t\t<div class=\"elementor-element elementor-element-5a00ce5c e-con-full e-flex e-con e-child\" data-id=\"5a00ce5c\" data-element_type=\"container\" data-e-type=\"container\">\n\t\t\t\t<div class=\"elementor-element elementor-element-339bed46 elementor-widget elementor-widget-heading\" data-id=\"339bed46\" data-element_type=\"widget\" data-e-type=\"widget\" data-widget_type=\"heading.default\">\n\t\t\t\t<div class=\"elementor-widget-container\">\n\t\t\t\t\t<h2 class=\"elementor-heading-title elementor-size-default\"><a href=\"https:\/\/artapartamento.com\/pt\/category\/artistas\/los-bravu\/\" rel=\"tag\">O Brav\u00fa<\/a><\/h2>\t\t\t\t<\/div>\n\t\t\t\t<\/div>\n\t\t\t\t<div class=\"elementor-element elementor-element-747e44d8 elementor-widget elementor-widget-text-editor\" data-id=\"747e44d8\" data-element_type=\"widget\" data-e-type=\"widget\" data-widget_type=\"text-editor.default\">\n\t\t\t\t<div class=\"elementor-widget-container\">\n\t\t\t\t\t\t\t\t\tPal\u00e1cio da M\u00fasica,\u00a0<br>Interven\u00e7\u00e3o urbana (cer\u00e2mica)<br>Gran V\u00eda, Madrid.<br>Projeto em colabora\u00e7\u00e3o com La Casa Encendida, Fundaci\u00f3n Montemadrid e Azulejos Pe\u00f1a.\t\t\t\t\t\t\t\t<\/div>\n\t\t\t\t<\/div>\n\t\t\t\t<div class=\"elementor-element elementor-element-7b281aeb elementor-widget elementor-widget-text-editor\" data-id=\"7b281aeb\" data-element_type=\"widget\" data-e-type=\"widget\" data-widget_type=\"text-editor.default\">\n\t\t\t\t<div class=\"elementor-widget-container\">\n\t\t\t\t\t\t\t\t\t<p>O Palacio de la M\u00fasica \u00e9 um projeto cultural da Funda\u00e7\u00e3o Montemadrid, cujas obras de reabilita\u00e7\u00e3o come\u00e7aram em 2021.  Entretanto, a Funda\u00e7\u00e3o quis trazer La Casa Encendida, outro dos seus centros culturais emblem\u00e1ticos na cidade, para a Gran V\u00eda com um mural de azulejos de Los Brav\u00fa. Uma alegoria da cultura e do meio ambiente no s\u00e9culo XXI, a partir da qual se partilham conte\u00fados culturais e sociais de livre acesso a todos os cidad\u00e3os.\u00a0<\/p>\t\t\t\t\t\t\t\t<\/div>\n\t\t\t\t<\/div>\n\t\t\t\t<div class=\"elementor-element elementor-element-1fcc8e83 elementor-align-left elementor-widget elementor-widget-button\" data-id=\"1fcc8e83\" data-element_type=\"widget\" data-e-type=\"widget\" data-widget_type=\"button.default\">\n\t\t\t\t<div class=\"elementor-widget-container\">\n\t\t\t\t\t\t\t\t\t<div class=\"elementor-button-wrapper\">\n\t\t\t\t\t<a class=\"elementor-button elementor-size-sm\" role=\"button\">\n\t\t\t\t\t\t<span class=\"elementor-button-content-wrapper\">\n\t\t\t\t\t\t\t\t\t<span class=\"elementor-button-text\">Inqu\u00e9rito<\/span>\n\t\t\t\t\t<\/span>\n\t\t\t\t\t<\/a>\n\t\t\t\t<\/div>\n\t\t\t\t\t\t\t\t<\/div>\n\t\t\t\t<\/div>\n\t\t\t\t<\/div>\n\t\t\t\t<\/div>\n\t\t\t\t<\/div>","protected":false},"excerpt":{"rendered":"<p>Palacio de la M\u00fasica,\u00a0Intervenci\u00f3n urbana (cer\u00e1mica)Gran V\u00eda, Madrid.Proyecto en colaboraci\u00f3n con La Casa Encendida, Fundaci\u00f3n Montemadrid y Azulejos Pe\u00f1a. El Palacio de la M\u00fasica es un proyecto cultural de la Fundaci\u00f3n Montemadrid, cuyas obras de rehabilitaci\u00f3n se iniciaron en 2021.\u00a0 Mientras tanto desde la Fundaci\u00f3n han querido acercar La Casa Encendida, otro de sus centros [&hellip;]<\/p>\n","protected":false},"author":1,"featured_media":10558,"parent":5816,"menu_order":0,"comment_status":"closed","ping_status":"closed","template":"","meta":{"_acf_changed":false,"footnotes":"","_links_to":"","_links_to_target":""},"categories":[63],"tags":[65],"class_list":["post-10585","page","type-page","status-publish","has-post-thumbnail","hentry","category-los-bravu","tag-obra","post","post-with-thumbnail","post-with-thumbnail-large"],"acf":[],"aioseo_notices":[],"_links":{"self":[{"href":"https:\/\/artapartamento.com\/pt\/wp-json\/wp\/v2\/pages\/10585","targetHints":{"allow":["GET"]}}],"collection":[{"href":"https:\/\/artapartamento.com\/pt\/wp-json\/wp\/v2\/pages"}],"about":[{"href":"https:\/\/artapartamento.com\/pt\/wp-json\/wp\/v2\/types\/page"}],"author":[{"embeddable":true,"href":"https:\/\/artapartamento.com\/pt\/wp-json\/wp\/v2\/users\/1"}],"replies":[{"embeddable":true,"href":"https:\/\/artapartamento.com\/pt\/wp-json\/wp\/v2\/comments?post=10585"}],"version-history":[{"count":0,"href":"https:\/\/artapartamento.com\/pt\/wp-json\/wp\/v2\/pages\/10585\/revisions"}],"up":[{"embeddable":true,"href":"https:\/\/artapartamento.com\/pt\/wp-json\/wp\/v2\/pages\/5816"}],"wp:featuredmedia":[{"embeddable":true,"href":"https:\/\/artapartamento.com\/pt\/wp-json\/wp\/v2\/media\/10558"}],"wp:attachment":[{"href":"https:\/\/artapartamento.com\/pt\/wp-json\/wp\/v2\/media?parent=10585"}],"wp:term":[{"taxonomy":"category","embeddable":true,"href":"https:\/\/artapartamento.com\/pt\/wp-json\/wp\/v2\/categories?post=10585"},{"taxonomy":"post_tag","embeddable":true,"href":"https:\/\/artapartamento.com\/pt\/wp-json\/wp\/v2\/tags?post=10585"}],"curies":[{"name":"wp","href":"https:\/\/api.w.org\/{rel}","templated":true}]}}