{"id":7504,"date":"2024-01-05T16:11:00","date_gmt":"2024-01-05T15:11:00","guid":{"rendered":"https:\/\/artapartamento.com\/?page_id=7504"},"modified":"2024-01-08T20:10:58","modified_gmt":"2024-01-08T19:10:58","slug":"riflesso-condizionato-2","status":"publish","type":"page","link":"https:\/\/artapartamento.com\/it\/artistas\/alex-hernandez-2\/reflejo-condicionado-2\/","title":{"rendered":"Riflesso condizionato #2"},"content":{"rendered":"<div data-elementor-type=\"wp-page\" data-elementor-id=\"7504\" class=\"elementor elementor-7504\" data-elementor-post-type=\"page\">\n\t\t\t\t<div class=\"elementor-element elementor-element-2fbb6519 e-con-full e-flex e-con e-parent\" data-id=\"2fbb6519\" data-element_type=\"container\" data-e-type=\"container\" data-settings=\"{&quot;background_background&quot;:&quot;classic&quot;}\">\n\t\t<div class=\"elementor-element elementor-element-77b8ce46 e-con-full e-flex e-con e-child\" data-id=\"77b8ce46\" data-element_type=\"container\" data-e-type=\"container\">\n\t\t\t\t<div class=\"elementor-element elementor-element-3e40e7b4 elementor-widget elementor-widget-image-carousel\" data-id=\"3e40e7b4\" data-element_type=\"widget\" data-e-type=\"widget\" data-settings=\"{&quot;slides_to_show&quot;:&quot;1&quot;,&quot;navigation&quot;:&quot;none&quot;,&quot;autoplay&quot;:&quot;yes&quot;,&quot;pause_on_hover&quot;:&quot;yes&quot;,&quot;pause_on_interaction&quot;:&quot;yes&quot;,&quot;autoplay_speed&quot;:5000,&quot;infinite&quot;:&quot;yes&quot;,&quot;effect&quot;:&quot;slide&quot;,&quot;speed&quot;:500}\" data-widget_type=\"image-carousel.default\">\n\t\t\t\t<div class=\"elementor-widget-container\">\n\t\t\t\t\t\t\t<div class=\"elementor-image-carousel-wrapper swiper\" role=\"region\" aria-roledescription=\"carousel\" aria-label=\"Carosello di immagini\" dir=\"ltr\">\n\t\t\t<div class=\"elementor-image-carousel swiper-wrapper swiper-image-stretch\" aria-live=\"off\">\n\t\t\t\t\t\t\t\t<div class=\"swiper-slide\" role=\"group\" aria-roledescription=\"slide\" aria-label=\"1 di 4\"><a data-elementor-open-lightbox=\"yes\" data-elementor-lightbox-slideshow=\"3e40e7b4\" data-e-action-hash=\"#elementor-action%3Aaction%3Dlightbox%26settings%3DeyJpZCI6NzUxMiwidXJsIjoiaHR0cHM6XC9cL2FydGFwYXJ0YW1lbnRvLmNvbVwvd3AtY29udGVudFwvdXBsb2Fkc1wvMjAyNFwvMDFcLzIxLkFsZXgtSGVybmFuZGV6LmpwZy53ZWJwIiwic2xpZGVzaG93IjoiM2U0MGU3YjQifQ%3D%3D\" href=\"https:\/\/artapartamento.com\/wp-content\/uploads\/2024\/01\/21.Alex-Hernandez.jpg.webp\"><figure class=\"swiper-slide-inner\"><img decoding=\"async\" class=\"swiper-slide-image\" src=\"https:\/\/artapartamento.com\/wp-content\/uploads\/2024\/01\/21.Alex-Hernandez.jpg.webp\" alt=\"Alex Hernandez\" \/><\/figure><\/a><\/div><div class=\"swiper-slide\" role=\"group\" aria-roledescription=\"slide\" aria-label=\"2 di 4\"><a data-elementor-open-lightbox=\"yes\" data-elementor-lightbox-slideshow=\"3e40e7b4\" data-e-action-hash=\"#elementor-action%3Aaction%3Dlightbox%26settings%3DeyJpZCI6NzUxMywidXJsIjoiaHR0cHM6XC9cL2FydGFwYXJ0YW1lbnRvLmNvbVwvd3AtY29udGVudFwvdXBsb2Fkc1wvMjAyNFwvMDFcLzIyLkFsZXgtSGVybmFuZGV6LmpwZy53ZWJwIiwic2xpZGVzaG93IjoiM2U0MGU3YjQifQ%3D%3D\" href=\"https:\/\/artapartamento.com\/wp-content\/uploads\/2024\/01\/22.Alex-Hernandez.jpg.webp\"><figure class=\"swiper-slide-inner\"><img decoding=\"async\" class=\"swiper-slide-image\" src=\"https:\/\/artapartamento.com\/wp-content\/uploads\/2024\/01\/22.Alex-Hernandez.jpg.webp\" alt=\"Alex Hernandez\" \/><\/figure><\/a><\/div><div class=\"swiper-slide\" role=\"group\" aria-roledescription=\"slide\" aria-label=\"3 di 4\"><a data-elementor-open-lightbox=\"yes\" data-elementor-lightbox-slideshow=\"3e40e7b4\" data-e-action-hash=\"#elementor-action%3Aaction%3Dlightbox%26settings%3DeyJpZCI6NzUwMCwidXJsIjoiaHR0cHM6XC9cL2FydGFwYXJ0YW1lbnRvLmNvbVwvd3AtY29udGVudFwvdXBsb2Fkc1wvMjAyNFwvMDFcLzIwLkFsZXgtSGVybmFuZGV6LmpwZy53ZWJwIiwic2xpZGVzaG93IjoiM2U0MGU3YjQifQ%3D%3D\" href=\"https:\/\/artapartamento.com\/wp-content\/uploads\/2024\/01\/20.Alex-Hernandez.jpg.webp\"><figure class=\"swiper-slide-inner\"><img decoding=\"async\" class=\"swiper-slide-image\" src=\"https:\/\/artapartamento.com\/wp-content\/uploads\/2024\/01\/20.Alex-Hernandez.jpg.webp\" alt=\"Alex Hernandez\" \/><\/figure><\/a><\/div><div class=\"swiper-slide\" role=\"group\" aria-roledescription=\"slide\" aria-label=\"4 di 4\"><a data-elementor-open-lightbox=\"yes\" data-elementor-lightbox-slideshow=\"3e40e7b4\" data-e-action-hash=\"#elementor-action%3Aaction%3Dlightbox%26settings%3DeyJpZCI6NzQ5NSwidXJsIjoiaHR0cHM6XC9cL2FydGFwYXJ0YW1lbnRvLmNvbVwvd3AtY29udGVudFwvdXBsb2Fkc1wvMjAyNFwvMDFcLzE3LkFsZXgtSGVybmFuZGV6LmpwZy53ZWJwIiwic2xpZGVzaG93IjoiM2U0MGU3YjQifQ%3D%3D\" href=\"https:\/\/artapartamento.com\/wp-content\/uploads\/2024\/01\/17.Alex-Hernandez.jpg.webp\"><figure class=\"swiper-slide-inner\"><img decoding=\"async\" class=\"swiper-slide-image\" src=\"https:\/\/artapartamento.com\/wp-content\/uploads\/2024\/01\/17.Alex-Hernandez.jpg.webp\" alt=\"Alex Hernandez\" \/><\/figure><\/a><\/div>\t\t\t<\/div>\n\t\t\t\t\t\t\t\n\t\t\t\t\t\t\t\t\t<\/div>\n\t\t\t\t\t\t<\/div>\n\t\t\t\t<\/div>\n\t\t\t\t<\/div>\n\t\t<div class=\"elementor-element elementor-element-36e8f0bf e-con-full e-flex e-con e-child\" data-id=\"36e8f0bf\" data-element_type=\"container\" data-e-type=\"container\">\n\t\t\t\t<div class=\"elementor-element elementor-element-7a369640 elementor-widget elementor-widget-heading\" data-id=\"7a369640\" data-element_type=\"widget\" data-e-type=\"widget\" data-widget_type=\"heading.default\">\n\t\t\t\t<div class=\"elementor-widget-container\">\n\t\t\t\t\t<h2 class=\"elementor-heading-title elementor-size-default\"><a href=\"https:\/\/artapartamento.com\/it\/category\/artistas\/alex-hernandez\/\" rel=\"tag\">Alex Hernandez<\/a><\/h2>\t\t\t\t<\/div>\n\t\t\t\t<\/div>\n\t\t\t\t<div class=\"elementor-element elementor-element-cf39e29 elementor-widget elementor-widget-text-editor\" data-id=\"cf39e29\" data-element_type=\"widget\" data-e-type=\"widget\" data-widget_type=\"text-editor.default\">\n\t\t\t\t<div class=\"elementor-widget-container\">\n\t\t\t\t\t\t\t\t\tAlex Hernandez<br>\n\nRiflesso condizionato #2,<br>\n\n2023, legno di balsa, vernice industriale e acciaio,<br>\n30 x 30 cm (12 x 12 pollici)\t\t\t\t\t\t\t\t<\/div>\n\t\t\t\t<\/div>\n\t\t\t\t<div class=\"elementor-element elementor-element-30c5cba8 elementor-widget elementor-widget-text-editor\" data-id=\"30c5cba8\" data-element_type=\"widget\" data-e-type=\"widget\" data-widget_type=\"text-editor.default\">\n\t\t\t\t<div class=\"elementor-widget-container\">\n\t\t\t\t\t\t\t\t\t<p>In un'epoca segnata dalla volutt\u00e0 dell'informazione, Alex Hern\u00e1ndez riflette sul lassismo della nostra coscienza. Reflejo Condicionado \u00e8 un saggio para-scientifico che, tra gli altri argomenti, analizza l'uso dell'ingegneria sociale nel mondo contemporaneo. La selezione di annotazioni, immagini, dispositivi e sottili esperimenti sensoriali che presenta ruota attorno alla biopolitica della conoscenza e dei sensi. Alex disloca e mette a dura prova i linguaggi dell'arte, attinge ancora una volta all'interdisciplinariet\u00e0, si muove in ambito ludico e performativo. Schiva la pratica del cinismo e dell'incertezza; e senza menare il can per l'aia, con uno sguardo oggettivo e <br \/>Il front-end ci invita a prendere posizione in difesa delle nostre percezioni, della nostra individualit\u00e0 e della nostra coscienza.<\/p>\t\t\t\t\t\t\t\t<\/div>\n\t\t\t\t<\/div>\n\t\t\t\t<div class=\"elementor-element elementor-element-706dd8cf elementor-align-left elementor-widget elementor-widget-button\" data-id=\"706dd8cf\" data-element_type=\"widget\" data-e-type=\"widget\" data-widget_type=\"button.default\">\n\t\t\t\t<div class=\"elementor-widget-container\">\n\t\t\t\t\t\t\t\t\t<div class=\"elementor-button-wrapper\">\n\t\t\t\t\t<a class=\"elementor-button elementor-button-link elementor-size-sm\" href=\"mailto:info@artapartamento.com?subject=Inquiry%3A%20Alex%20Hern%C3%A1ndez%20(AH-202308)\">\n\t\t\t\t\t\t<span class=\"elementor-button-content-wrapper\">\n\t\t\t\t\t\t\t\t\t<span class=\"elementor-button-text\">Richiesta di informazioni<\/span>\n\t\t\t\t\t<\/span>\n\t\t\t\t\t<\/a>\n\t\t\t\t<\/div>\n\t\t\t\t\t\t\t\t<\/div>\n\t\t\t\t<\/div>\n\t\t\t\t<\/div>\n\t\t\t\t<\/div>\n\t\t\t\t<\/div>","protected":false},"excerpt":{"rendered":"<p>Alex Hern\u00e1ndez Reflejo condicionado #2, 2023, madera de balsa, pintura industrial y acero, 30 x 30 cm (12 x 12 in) En una \u00e9poca marcada por la voluptuosidad de la informaci\u00f3n, Alex Hern\u00e1ndez reflexiona sobre la laxitud de nuestra conciencia. Reflejo Condicionado es un ensayo paracient\u00edfico que, entre otros temas, analiza el uso de la [&hellip;]<\/p>\n","protected":false},"author":1,"featured_media":7450,"parent":3183,"menu_order":0,"comment_status":"closed","ping_status":"closed","template":"","meta":{"_acf_changed":false,"footnotes":"","_links_to":"","_links_to_target":""},"categories":[40],"tags":[65],"class_list":["post-7504","page","type-page","status-publish","has-post-thumbnail","hentry","category-alex-hernandez","tag-obra","post","post-with-thumbnail","post-with-thumbnail-large"],"acf":[],"aioseo_notices":[],"_links":{"self":[{"href":"https:\/\/artapartamento.com\/it\/wp-json\/wp\/v2\/pages\/7504","targetHints":{"allow":["GET"]}}],"collection":[{"href":"https:\/\/artapartamento.com\/it\/wp-json\/wp\/v2\/pages"}],"about":[{"href":"https:\/\/artapartamento.com\/it\/wp-json\/wp\/v2\/types\/page"}],"author":[{"embeddable":true,"href":"https:\/\/artapartamento.com\/it\/wp-json\/wp\/v2\/users\/1"}],"replies":[{"embeddable":true,"href":"https:\/\/artapartamento.com\/it\/wp-json\/wp\/v2\/comments?post=7504"}],"version-history":[{"count":0,"href":"https:\/\/artapartamento.com\/it\/wp-json\/wp\/v2\/pages\/7504\/revisions"}],"up":[{"embeddable":true,"href":"https:\/\/artapartamento.com\/it\/wp-json\/wp\/v2\/pages\/3183"}],"wp:featuredmedia":[{"embeddable":true,"href":"https:\/\/artapartamento.com\/it\/wp-json\/wp\/v2\/media\/7450"}],"wp:attachment":[{"href":"https:\/\/artapartamento.com\/it\/wp-json\/wp\/v2\/media?parent=7504"}],"wp:term":[{"taxonomy":"category","embeddable":true,"href":"https:\/\/artapartamento.com\/it\/wp-json\/wp\/v2\/categories?post=7504"},{"taxonomy":"post_tag","embeddable":true,"href":"https:\/\/artapartamento.com\/it\/wp-json\/wp\/v2\/tags?post=7504"}],"curies":[{"name":"wp","href":"https:\/\/api.w.org\/{rel}","templated":true}]}}