{"id":20535,"date":"2026-05-16T18:06:31","date_gmt":"2026-05-16T16:06:31","guid":{"rendered":"https:\/\/artapartamento.com\/?page_id=20535"},"modified":"2026-05-16T18:28:53","modified_gmt":"2026-05-16T16:28:53","slug":"miren-doiz-algunas-posibilidades-a-partir-de-basura-y-simulacro","status":"publish","type":"page","link":"https:\/\/artapartamento.com\/it\/miren-doiz-algunas-posibilidades-a-partir-de-basura-y-simulacro\/","title":{"rendered":"Miren Doiz: Algunas posibilidades (a partir de basura y simulacro)"},"content":{"rendered":"\t\t<div data-elementor-type=\"wp-page\" data-elementor-id=\"20535\" class=\"elementor elementor-20535\" data-elementor-post-type=\"page\">\n\t\t\t\t<div class=\"elementor-element elementor-element-546f96f2 e-con-full e-flex e-con e-parent\" data-id=\"546f96f2\" data-element_type=\"container\" data-e-type=\"container\" data-settings=\"{&quot;background_background&quot;:&quot;classic&quot;}\">\n\t\t<div class=\"elementor-element elementor-element-79249b0d e-con-full e-flex e-con e-child\" data-id=\"79249b0d\" data-element_type=\"container\" data-e-type=\"container\">\n\t\t\t\t<div class=\"elementor-element elementor-element-699d8237 elementor-invisible elementor-widget elementor-widget-heading\" data-id=\"699d8237\" data-element_type=\"widget\" data-e-type=\"widget\" data-settings=\"{&quot;_animation&quot;:&quot;fadeInUp&quot;}\" data-widget_type=\"heading.default\">\n\t\t\t\t<div class=\"elementor-widget-container\">\n\t\t\t\t\t<h2 class=\"elementor-heading-title elementor-size-default\">Algunas posibilidades (a partir de basura y simulacro)<\/h2>\t\t\t\t<\/div>\n\t\t\t\t<\/div>\n\t\t\t\t<div class=\"elementor-element elementor-element-6a201528 elementor-invisible elementor-widget elementor-widget-heading\" data-id=\"6a201528\" data-element_type=\"widget\" data-e-type=\"widget\" data-settings=\"{&quot;_animation&quot;:&quot;fadeInUp&quot;}\" data-widget_type=\"heading.default\">\n\t\t\t\t<div class=\"elementor-widget-container\">\n\t\t\t\t\t<h2 class=\"elementor-heading-title elementor-size-default\">Miren Doiz<\/h2>\t\t\t\t<\/div>\n\t\t\t\t<\/div>\n\t\t\t\t<div class=\"elementor-element elementor-element-4a083ebe elementor-invisible elementor-widget elementor-widget-text-editor\" data-id=\"4a083ebe\" data-element_type=\"widget\" data-e-type=\"widget\" data-settings=\"{&quot;_animation&quot;:&quot;fadeInUp&quot;}\" data-widget_type=\"text-editor.default\">\n\t\t\t\t<div class=\"elementor-widget-container\">\n\t\t\t\t\t\t\t\t\t<p>17 de Abril &#8211; 31 de Mayo, 2026<\/p><p class=\"title-place\">Fundaci\u00f3n Bilbao Arte<\/p>\t\t\t\t\t\t\t\t<\/div>\n\t\t\t\t<\/div>\n\t\t\t\t<\/div>\n\t\t\t\t<\/div>\n\t\t<div class=\"elementor-element elementor-element-56f82f5c e-con-full e-flex e-con e-parent\" data-id=\"56f82f5c\" data-element_type=\"container\" data-e-type=\"container\" data-settings=\"{&quot;background_background&quot;:&quot;classic&quot;}\">\n\t\t\t\t<div class=\"elementor-element elementor-element-1a6e56e1 animated-slow elementor-invisible elementor-widget elementor-widget-image\" data-id=\"1a6e56e1\" data-element_type=\"widget\" data-e-type=\"widget\" data-settings=\"{&quot;_animation&quot;:&quot;fadeInUp&quot;}\" data-widget_type=\"image.default\">\n\t\t\t\t<div class=\"elementor-widget-container\">\n\t\t\t\t\t\t\t\t\t\t\t\t\t\t\t<img decoding=\"async\" src=\"https:\/\/artapartamento.com\/wp-content\/uploads\/2023\/10\/Periodo-Especial.webp\" title=\"\" alt=\"Per\u00edodo Especial\" loading=\"lazy\" \/>\t\t\t\t\t\t\t\t\t\t\t\t\t\t\t<\/div>\n\t\t\t\t<\/div>\n\t\t\t\t<\/div>\n\t\t<div class=\"elementor-element elementor-element-40dd62bf e-con-full e-flex e-con e-parent\" data-id=\"40dd62bf\" data-element_type=\"container\" data-e-type=\"container\" data-settings=\"{&quot;background_background&quot;:&quot;classic&quot;}\">\n\t\t<div class=\"elementor-element elementor-element-7f5456b4 elementor-hidden-mobile e-flex e-con-boxed e-con e-child\" data-id=\"7f5456b4\" data-element_type=\"container\" data-e-type=\"container\">\n\t\t\t\t\t<div class=\"e-con-inner\">\n\t\t\t\t<div class=\"elementor-element elementor-element-17d29153 elementor-widget elementor-widget-image\" data-id=\"17d29153\" data-element_type=\"widget\" data-e-type=\"widget\" data-settings=\"{&quot;motion_fx_motion_fx_scrolling&quot;:&quot;yes&quot;,&quot;motion_fx_translateX_effect&quot;:&quot;yes&quot;,&quot;motion_fx_translateX_direction&quot;:&quot;negative&quot;,&quot;motion_fx_translateX_speed&quot;:{&quot;unit&quot;:&quot;px&quot;,&quot;size&quot;:1.5,&quot;sizes&quot;:[]},&quot;motion_fx_translateX_affectedRange&quot;:{&quot;unit&quot;:&quot;%&quot;,&quot;size&quot;:&quot;&quot;,&quot;sizes&quot;:{&quot;start&quot;:0,&quot;end&quot;:50}},&quot;sticky&quot;:&quot;top&quot;,&quot;sticky_on&quot;:[&quot;desktop&quot;,&quot;tablet&quot;],&quot;sticky_offset_tablet&quot;:70,&quot;sticky_parent&quot;:&quot;yes&quot;,&quot;sticky_offset&quot;:100,&quot;motion_fx_devices&quot;:[&quot;desktop&quot;,&quot;tablet&quot;,&quot;mobile&quot;],&quot;sticky_effects_offset&quot;:0,&quot;sticky_anchor_link_offset&quot;:0}\" data-widget_type=\"image.default\">\n\t\t\t\t<div class=\"elementor-widget-container\">\n\t\t\t\t\t\t\t\t\t\t\t\t\t\t\t<img fetchpriority=\"high\" decoding=\"async\" width=\"1200\" height=\"1600\" src=\"https:\/\/artapartamento.com\/wp-content\/uploads\/2026\/05\/WhatsApp-Image-2026-04-18-at-15.48.18-1.jpeg.webp\" class=\"attachment-full size-full wp-image-20544\" alt=\"\" srcset=\"https:\/\/artapartamento.com\/wp-content\/uploads\/2026\/05\/WhatsApp-Image-2026-04-18-at-15.48.18-1.jpeg.webp 1200w, https:\/\/artapartamento.com\/wp-content\/uploads\/2026\/05\/WhatsApp-Image-2026-04-18-at-15.48.18-1-225x300.jpeg.webp 225w, https:\/\/artapartamento.com\/wp-content\/uploads\/2026\/05\/WhatsApp-Image-2026-04-18-at-15.48.18-1-768x1024.jpeg.webp 768w, https:\/\/artapartamento.com\/wp-content\/uploads\/2026\/05\/WhatsApp-Image-2026-04-18-at-15.48.18-1-1152x1536.jpeg.webp 1152w, https:\/\/artapartamento.com\/wp-content\/uploads\/2026\/05\/WhatsApp-Image-2026-04-18-at-15.48.18-1-9x12.jpeg.webp 9w\" sizes=\"(max-width: 1200px) 100vw, 1200px\" \/>\t\t\t\t\t\t\t\t\t\t\t\t\t\t\t<\/div>\n\t\t\t\t<\/div>\n\t\t\t\t\t<\/div>\n\t\t\t\t<\/div>\n\t\t<div class=\"elementor-element elementor-element-37c7bf5a e-flex e-con-boxed e-con e-child\" data-id=\"37c7bf5a\" data-element_type=\"container\" data-e-type=\"container\">\n\t\t\t\t\t<div class=\"e-con-inner\">\n\t\t\t\t<div class=\"elementor-element elementor-element-711906c1 elementor-widget elementor-widget-text-editor\" data-id=\"711906c1\" data-element_type=\"widget\" data-e-type=\"widget\" data-widget_type=\"text-editor.default\">\n\t\t\t\t<div class=\"elementor-widget-container\">\n\t\t\t\t\t\t\t\t\t<p><em>\u00abAlgunas posibilidades (a partir de basura y simulacro)\u00bb <\/em>toma como punto de partida las obras resultantes de la residencia en BilbaoArte entre los a\u00f1os 2024 y 2025, en las cuales part\u00eda de las preocupaciones desde su posici\u00f3n personal como artista precaria en relaci\u00f3n a lo que acontece en el mundo en cuanto a un punto de vista pol\u00edtico, social y ecol\u00f3gico. De este modo, vali\u00e9ndose de material encontrado (Objet trouv\u00e9) y recuperado en la calle, habla sobre la especulaci\u00f3n con la vivienda, las reformas, los desahucios y la generaci\u00f3n de residuos, as\u00ed como de la simulaci\u00f3n y nuestro impacto en el entorno.\u00a0 \u00a0_Texto curatorial (extracto)<\/p>\t\t\t\t\t\t\t\t<\/div>\n\t\t\t\t<\/div>\n\t\t\t\t<div class=\"elementor-element elementor-element-1ab66986 elementor-hidden-desktop elementor-hidden-tablet elementor-widget elementor-widget-image\" data-id=\"1ab66986\" data-element_type=\"widget\" data-e-type=\"widget\" data-settings=\"{&quot;motion_fx_motion_fx_scrolling&quot;:&quot;yes&quot;,&quot;motion_fx_translateX_effect&quot;:&quot;yes&quot;,&quot;motion_fx_translateX_direction&quot;:&quot;negative&quot;,&quot;motion_fx_translateX_speed&quot;:{&quot;unit&quot;:&quot;px&quot;,&quot;size&quot;:1.5,&quot;sizes&quot;:[]},&quot;motion_fx_translateX_affectedRange&quot;:{&quot;unit&quot;:&quot;%&quot;,&quot;size&quot;:&quot;&quot;,&quot;sizes&quot;:{&quot;start&quot;:0,&quot;end&quot;:50}},&quot;motion_fx_devices&quot;:[&quot;desktop&quot;]}\" data-widget_type=\"image.default\">\n\t\t\t\t<div class=\"elementor-widget-container\">\n\t\t\t\t\t\t\t\t\t\t\t\t\t\t\t<img fetchpriority=\"high\" decoding=\"async\" width=\"1200\" height=\"1600\" src=\"https:\/\/artapartamento.com\/wp-content\/uploads\/2026\/05\/WhatsApp-Image-2026-04-18-at-15.48.18-1.jpeg.webp\" class=\"attachment-full size-full wp-image-20544\" alt=\"\" srcset=\"https:\/\/artapartamento.com\/wp-content\/uploads\/2026\/05\/WhatsApp-Image-2026-04-18-at-15.48.18-1.jpeg.webp 1200w, https:\/\/artapartamento.com\/wp-content\/uploads\/2026\/05\/WhatsApp-Image-2026-04-18-at-15.48.18-1-225x300.jpeg.webp 225w, https:\/\/artapartamento.com\/wp-content\/uploads\/2026\/05\/WhatsApp-Image-2026-04-18-at-15.48.18-1-768x1024.jpeg.webp 768w, https:\/\/artapartamento.com\/wp-content\/uploads\/2026\/05\/WhatsApp-Image-2026-04-18-at-15.48.18-1-1152x1536.jpeg.webp 1152w, https:\/\/artapartamento.com\/wp-content\/uploads\/2026\/05\/WhatsApp-Image-2026-04-18-at-15.48.18-1-9x12.jpeg.webp 9w\" sizes=\"(max-width: 1200px) 100vw, 1200px\" \/>\t\t\t\t\t\t\t\t\t\t\t\t\t\t\t<\/div>\n\t\t\t\t<\/div>\n\t\t\t\t\t<\/div>\n\t\t\t\t<\/div>\n\t\t\t\t<\/div>\n\t\t<div class=\"elementor-element elementor-element-2e9856a5 e-con-full e-flex e-con e-parent\" data-id=\"2e9856a5\" data-element_type=\"container\" data-e-type=\"container\" data-settings=\"{&quot;background_background&quot;:&quot;classic&quot;}\">\n\t\t\t\t<div class=\"elementor-element elementor-element-3e44b89d elementor-invisible elementor-widget elementor-widget-heading\" data-id=\"3e44b89d\" data-element_type=\"widget\" data-e-type=\"widget\" data-settings=\"{&quot;_animation&quot;:&quot;fadeInUp&quot;}\" data-widget_type=\"heading.default\">\n\t\t\t\t<div class=\"elementor-widget-container\">\n\t\t\t\t\t<h2 class=\"elementor-heading-title elementor-size-default\">vistas de la exposici\u00f3n<\/h2>\t\t\t\t<\/div>\n\t\t\t\t<\/div>\n\t\t\t\t<div class=\"elementor-element elementor-element-22184754 animated-slow elementor-invisible elementor-widget elementor-widget-image-carousel\" data-id=\"22184754\" data-element_type=\"widget\" data-e-type=\"widget\" data-settings=\"{&quot;slides_to_show&quot;:&quot;1&quot;,&quot;navigation&quot;:&quot;none&quot;,&quot;_animation&quot;:&quot;fadeInUp&quot;,&quot;pause_on_hover&quot;:&quot;no&quot;,&quot;pause_on_interaction&quot;:&quot;no&quot;,&quot;autoplay_speed&quot;:4000,&quot;effect&quot;:&quot;fade&quot;,&quot;autoplay&quot;:&quot;yes&quot;,&quot;infinite&quot;:&quot;yes&quot;,&quot;speed&quot;:500}\" data-widget_type=\"image-carousel.default\">\n\t\t\t\t<div class=\"elementor-widget-container\">\n\t\t\t\t\t\t\t<div class=\"elementor-image-carousel-wrapper swiper\" role=\"region\" aria-roledescription=\"carousel\" aria-label=\"Carrusel de im\u00e1genes\" dir=\"ltr\">\n\t\t\t<div class=\"elementor-image-carousel swiper-wrapper\" aria-live=\"off\">\n\t\t\t\t\t\t\t\t<div class=\"swiper-slide\" role=\"group\" aria-roledescription=\"slide\" aria-label=\"1 of 7\"><a data-elementor-open-lightbox=\"yes\" data-elementor-lightbox-slideshow=\"22184754\" data-e-action-hash=\"#elementor-action%3Aaction%3Dlightbox%26settings%3DeyJpZCI6MjA1NDYsInVybCI6Imh0dHBzOlwvXC9hcnRhcGFydGFtZW50by5jb21cL3dwLWNvbnRlbnRcL3VwbG9hZHNcLzIwMjZcLzA1XC9kc2NmMDE0MV81NTIxMjYzODY5Ml9vLXNjYWxlZC5qcGcud2VicCIsInNsaWRlc2hvdyI6IjIyMTg0NzU0In0%3D\" href=\"https:\/\/artapartamento.com\/wp-content\/uploads\/2026\/05\/dscf0141_55212638692_o-scaled.jpg.webp\"><figure class=\"swiper-slide-inner\"><img decoding=\"async\" class=\"swiper-slide-image\" src=\"https:\/\/artapartamento.com\/wp-content\/uploads\/2026\/05\/dscf0141_55212638692_o-scaled.jpg.webp\" alt=\"dscf0141_55212638692_o\" \/><\/figure><\/a><\/div><div class=\"swiper-slide\" role=\"group\" aria-roledescription=\"slide\" aria-label=\"2 of 7\"><a data-elementor-open-lightbox=\"yes\" data-elementor-lightbox-slideshow=\"22184754\" data-e-action-hash=\"#elementor-action%3Aaction%3Dlightbox%26settings%3DeyJpZCI6MjA1NDcsInVybCI6Imh0dHBzOlwvXC9hcnRhcGFydGFtZW50by5jb21cL3dwLWNvbnRlbnRcL3VwbG9hZHNcLzIwMjZcLzA1XC9kc2NmMDI0MV81NTIxMjYzOTQxN19vLXNjYWxlZC5qcGcud2VicCIsInNsaWRlc2hvdyI6IjIyMTg0NzU0In0%3D\" href=\"https:\/\/artapartamento.com\/wp-content\/uploads\/2026\/05\/dscf0241_55212639417_o-scaled.jpg.webp\"><figure class=\"swiper-slide-inner\"><img decoding=\"async\" class=\"swiper-slide-image\" src=\"https:\/\/artapartamento.com\/wp-content\/uploads\/2026\/05\/dscf0241_55212639417_o-scaled.jpg.webp\" alt=\"dscf0241_55212639417_o\" \/><\/figure><\/a><\/div><div class=\"swiper-slide\" role=\"group\" aria-roledescription=\"slide\" aria-label=\"3 of 7\"><a data-elementor-open-lightbox=\"yes\" data-elementor-lightbox-slideshow=\"22184754\" data-e-action-hash=\"#elementor-action%3Aaction%3Dlightbox%26settings%3DeyJpZCI6MjA1NDgsInVybCI6Imh0dHBzOlwvXC9hcnRhcGFydGFtZW50by5jb21cL3dwLWNvbnRlbnRcL3VwbG9hZHNcLzIwMjZcLzA1XC9kc2NmMDM0MV81NTIxMzc4NjU2NF9vLXNjYWxlZC5qcGcud2VicCIsInNsaWRlc2hvdyI6IjIyMTg0NzU0In0%3D\" href=\"https:\/\/artapartamento.com\/wp-content\/uploads\/2026\/05\/dscf0341_55213786564_o-scaled.jpg.webp\"><figure class=\"swiper-slide-inner\"><img decoding=\"async\" class=\"swiper-slide-image\" src=\"https:\/\/artapartamento.com\/wp-content\/uploads\/2026\/05\/dscf0341_55213786564_o-scaled.jpg.webp\" alt=\"dscf0341_55213786564_o\" \/><\/figure><\/a><\/div><div class=\"swiper-slide\" role=\"group\" aria-roledescription=\"slide\" aria-label=\"4 of 7\"><a data-elementor-open-lightbox=\"yes\" data-elementor-lightbox-slideshow=\"22184754\" data-e-action-hash=\"#elementor-action%3Aaction%3Dlightbox%26settings%3DeyJpZCI6MjA1NDksInVybCI6Imh0dHBzOlwvXC9hcnRhcGFydGFtZW50by5jb21cL3dwLWNvbnRlbnRcL3VwbG9hZHNcLzIwMjZcLzA1XC9kc2NmMDM5Ml81NTIxMjYzOTQwMl9vLXNjYWxlZC5qcGcud2VicCIsInNsaWRlc2hvdyI6IjIyMTg0NzU0In0%3D\" href=\"https:\/\/artapartamento.com\/wp-content\/uploads\/2026\/05\/dscf0392_55212639402_o-scaled.jpg.webp\"><figure class=\"swiper-slide-inner\"><img decoding=\"async\" class=\"swiper-slide-image\" src=\"https:\/\/artapartamento.com\/wp-content\/uploads\/2026\/05\/dscf0392_55212639402_o-scaled.jpg.webp\" alt=\"dscf0392_55212639402_o\" \/><\/figure><\/a><\/div><div class=\"swiper-slide\" role=\"group\" aria-roledescription=\"slide\" aria-label=\"5 of 7\"><a data-elementor-open-lightbox=\"yes\" data-elementor-lightbox-slideshow=\"22184754\" data-e-action-hash=\"#elementor-action%3Aaction%3Dlightbox%26settings%3DeyJpZCI6MjA1NTAsInVybCI6Imh0dHBzOlwvXC9hcnRhcGFydGFtZW50by5jb21cL3dwLWNvbnRlbnRcL3VwbG9hZHNcLzIwMjZcLzA1XC9kc2NmMDE4N181NTIxMzc4NjIwNF9vLXNjYWxlZC5qcGcud2VicCIsInNsaWRlc2hvdyI6IjIyMTg0NzU0In0%3D\" href=\"https:\/\/artapartamento.com\/wp-content\/uploads\/2026\/05\/dscf0187_55213786204_o-scaled.jpg.webp\"><figure class=\"swiper-slide-inner\"><img decoding=\"async\" class=\"swiper-slide-image\" src=\"https:\/\/artapartamento.com\/wp-content\/uploads\/2026\/05\/dscf0187_55213786204_o-scaled.jpg.webp\" alt=\"dscf0187_55213786204_o\" \/><\/figure><\/a><\/div><div class=\"swiper-slide\" role=\"group\" aria-roledescription=\"slide\" aria-label=\"6 of 7\"><a data-elementor-open-lightbox=\"yes\" data-elementor-lightbox-slideshow=\"22184754\" data-e-action-hash=\"#elementor-action%3Aaction%3Dlightbox%26settings%3DeyJpZCI6MjA1NTEsInVybCI6Imh0dHBzOlwvXC9hcnRhcGFydGFtZW50by5jb21cL3dwLWNvbnRlbnRcL3VwbG9hZHNcLzIwMjZcLzA1XC9kc2NmMDE3NV81NTIxMzc4NjE3NF9vLXNjYWxlZC5qcGcud2VicCIsInNsaWRlc2hvdyI6IjIyMTg0NzU0In0%3D\" href=\"https:\/\/artapartamento.com\/wp-content\/uploads\/2026\/05\/dscf0175_55213786174_o-scaled.jpg.webp\"><figure class=\"swiper-slide-inner\"><img decoding=\"async\" class=\"swiper-slide-image\" src=\"https:\/\/artapartamento.com\/wp-content\/uploads\/2026\/05\/dscf0175_55213786174_o-scaled.jpg.webp\" alt=\"dscf0175_55213786174_o\" \/><\/figure><\/a><\/div><div class=\"swiper-slide\" role=\"group\" aria-roledescription=\"slide\" aria-label=\"7 of 7\"><a data-elementor-open-lightbox=\"yes\" data-elementor-lightbox-slideshow=\"22184754\" data-e-action-hash=\"#elementor-action%3Aaction%3Dlightbox%26settings%3DeyJpZCI6MjA1NTIsInVybCI6Imh0dHBzOlwvXC9hcnRhcGFydGFtZW50by5jb21cL3dwLWNvbnRlbnRcL3VwbG9hZHNcLzIwMjZcLzA1XC9kc2NmMDMzMV81NTIxMzk0MTE2MF9vLXNjYWxlZC5qcGcud2VicCIsInNsaWRlc2hvdyI6IjIyMTg0NzU0In0%3D\" href=\"https:\/\/artapartamento.com\/wp-content\/uploads\/2026\/05\/dscf0331_55213941160_o-scaled.jpg.webp\"><figure class=\"swiper-slide-inner\"><img decoding=\"async\" class=\"swiper-slide-image\" src=\"https:\/\/artapartamento.com\/wp-content\/uploads\/2026\/05\/dscf0331_55213941160_o-scaled.jpg.webp\" alt=\"dscf0331_55213941160_o\" \/><\/figure><\/a><\/div>\t\t\t<\/div>\n\t\t\t\t\t\t\t\n\t\t\t\t\t\t\t\t\t<\/div>\n\t\t\t\t\t\t<\/div>\n\t\t\t\t<\/div>\n\t\t\t\t<\/div>\n\t\t\t\t<\/div>\n\t\t","protected":false},"excerpt":{"rendered":"<p><strong>Miren Doiz<\/strong><br \/>Fundaci\u00f3n Bilbao Arte<br \/> Abril &#8211; Agosto, 2026 <\/p>","protected":false},"author":1,"featured_media":20538,"parent":0,"menu_order":0,"comment_status":"closed","ping_status":"closed","template":"","meta":{"_acf_changed":false,"footnotes":"","_links_to":"","_links_to_target":""},"categories":[18,12,89],"tags":[93],"class_list":["post-20535","page","type-page","status-publish","has-post-thumbnail","hentry","category-exposicion","category-madrid","category-miren-doiz","tag-institucionales","post","post-with-thumbnail","post-with-thumbnail-large"],"acf":[],"aioseo_notices":[],"_links":{"self":[{"href":"https:\/\/artapartamento.com\/it\/wp-json\/wp\/v2\/pages\/20535","targetHints":{"allow":["GET"]}}],"collection":[{"href":"https:\/\/artapartamento.com\/it\/wp-json\/wp\/v2\/pages"}],"about":[{"href":"https:\/\/artapartamento.com\/it\/wp-json\/wp\/v2\/types\/page"}],"author":[{"embeddable":true,"href":"https:\/\/artapartamento.com\/it\/wp-json\/wp\/v2\/users\/1"}],"replies":[{"embeddable":true,"href":"https:\/\/artapartamento.com\/it\/wp-json\/wp\/v2\/comments?post=20535"}],"version-history":[{"count":11,"href":"https:\/\/artapartamento.com\/it\/wp-json\/wp\/v2\/pages\/20535\/revisions"}],"predecessor-version":[{"id":20558,"href":"https:\/\/artapartamento.com\/it\/wp-json\/wp\/v2\/pages\/20535\/revisions\/20558"}],"wp:featuredmedia":[{"embeddable":true,"href":"https:\/\/artapartamento.com\/it\/wp-json\/wp\/v2\/media\/20538"}],"wp:attachment":[{"href":"https:\/\/artapartamento.com\/it\/wp-json\/wp\/v2\/media?parent=20535"}],"wp:term":[{"taxonomy":"category","embeddable":true,"href":"https:\/\/artapartamento.com\/it\/wp-json\/wp\/v2\/categories?post=20535"},{"taxonomy":"post_tag","embeddable":true,"href":"https:\/\/artapartamento.com\/it\/wp-json\/wp\/v2\/tags?post=20535"}],"curies":[{"name":"wp","href":"https:\/\/api.w.org\/{rel}","templated":true}]}}