{"id":19767,"date":"2026-04-21T13:43:46","date_gmt":"2026-04-21T11:43:46","guid":{"rendered":"https:\/\/artapartamento.com\/?page_id=19767"},"modified":"2026-04-22T18:28:09","modified_gmt":"2026-04-22T16:28:09","slug":"in-depth-orestes-hernandez","status":"publish","type":"page","link":"https:\/\/artapartamento.com\/it\/in-depth-orestes-hernandez\/","title":{"rendered":"In Depth &#8211; Orestes Hern\u00e1ndez"},"content":{"rendered":"\t\t<div data-elementor-type=\"wp-page\" data-elementor-id=\"19767\" class=\"elementor elementor-19767\" data-elementor-post-type=\"page\">\n\t\t\t\t<div class=\"elementor-element elementor-element-57384fbb e-con-full e-flex e-con e-parent\" data-id=\"57384fbb\" data-element_type=\"container\" data-e-type=\"container\" data-settings=\"{&quot;background_background&quot;:&quot;classic&quot;}\">\n\t\t<div class=\"elementor-element elementor-element-452e6d82 e-con-full e-flex e-con e-child\" data-id=\"452e6d82\" data-element_type=\"container\" data-e-type=\"container\">\n\t\t\t\t<div class=\"elementor-element elementor-element-6ac660ce elementor-invisible elementor-widget elementor-widget-heading\" data-id=\"6ac660ce\" data-element_type=\"widget\" data-e-type=\"widget\" data-settings=\"{&quot;_animation&quot;:&quot;fadeInUp&quot;}\" data-widget_type=\"heading.default\">\n\t\t\t\t<div class=\"elementor-widget-container\">\n\t\t\t\t\t<h2 class=\"elementor-heading-title elementor-size-default\">IN DEPTH - <BR>ORESTES HERN\u00c1NDEZ<\/h2>\t\t\t\t<\/div>\n\t\t\t\t<\/div>\n\t\t\t\t<div class=\"elementor-element elementor-element-3d8ceab9 elementor-invisible elementor-widget elementor-widget-text-editor\" data-id=\"3d8ceab9\" data-element_type=\"widget\" data-e-type=\"widget\" data-settings=\"{&quot;_animation&quot;:&quot;fadeInUp&quot;}\" data-widget_type=\"text-editor.default\">\n\t\t\t\t<div class=\"elementor-widget-container\">\n\t\t\t\t\t\t\t\t\t<p>\u00a0<\/p><p>\u00a0<\/p><p>Abril &#8211; Julio, 2026<\/p><p class=\"title-place\">El Apartamento, Miami<\/p>\t\t\t\t\t\t\t\t<\/div>\n\t\t\t\t<\/div>\n\t\t\t\t<\/div>\n\t\t\t\t<\/div>\n\t\t<div class=\"elementor-element elementor-element-b2d9017 e-con-full e-flex e-con e-parent\" data-id=\"b2d9017\" data-element_type=\"container\" data-e-type=\"container\" data-settings=\"{&quot;background_background&quot;:&quot;classic&quot;}\">\n\t\t\t\t<div class=\"elementor-element elementor-element-64f5d15e animated-slow elementor-invisible elementor-widget elementor-widget-image\" data-id=\"64f5d15e\" data-element_type=\"widget\" data-e-type=\"widget\" data-settings=\"{&quot;_animation&quot;:&quot;fadeInUp&quot;}\" data-widget_type=\"image.default\">\n\t\t\t\t<div class=\"elementor-widget-container\">\n\t\t\t\t\t\t\t\t\t\t\t\t\t\t\t<img fetchpriority=\"high\" decoding=\"async\" width=\"1200\" height=\"800\" src=\"https:\/\/artapartamento.com\/wp-content\/uploads\/2026\/04\/A_Invitacion_IN-DEPTH_Orestes-Hernandez_01.jpg\" class=\"attachment-full size-full wp-image-19774\" alt=\"Orestes Hern\u00e1ndez\" srcset=\"https:\/\/artapartamento.com\/wp-content\/uploads\/2026\/04\/A_Invitacion_IN-DEPTH_Orestes-Hernandez_01.jpg 1200w, https:\/\/artapartamento.com\/wp-content\/uploads\/2026\/04\/A_Invitacion_IN-DEPTH_Orestes-Hernandez_01-300x200.jpg 300w, https:\/\/artapartamento.com\/wp-content\/uploads\/2026\/04\/A_Invitacion_IN-DEPTH_Orestes-Hernandez_01-1024x683.jpg 1024w, https:\/\/artapartamento.com\/wp-content\/uploads\/2026\/04\/A_Invitacion_IN-DEPTH_Orestes-Hernandez_01-768x512.jpg 768w, https:\/\/artapartamento.com\/wp-content\/uploads\/2026\/04\/A_Invitacion_IN-DEPTH_Orestes-Hernandez_01-18x12.jpg 18w, https:\/\/artapartamento.com\/wp-content\/uploads\/2026\/04\/A_Invitacion_IN-DEPTH_Orestes-Hernandez_01-272x182.jpg 272w\" sizes=\"(max-width: 1200px) 100vw, 1200px\" \/>\t\t\t\t\t\t\t\t\t\t\t\t\t\t\t<\/div>\n\t\t\t\t<\/div>\n\t\t\t\t<\/div>\n\t\t<div class=\"elementor-element elementor-element-4be7c96e e-con-full e-flex e-con e-parent\" data-id=\"4be7c96e\" data-element_type=\"container\" data-e-type=\"container\" data-settings=\"{&quot;background_background&quot;:&quot;classic&quot;}\">\n\t\t<div class=\"elementor-element elementor-element-66dc7c0d elementor-hidden-mobile e-flex e-con-boxed e-con e-child\" data-id=\"66dc7c0d\" data-element_type=\"container\" data-e-type=\"container\">\n\t\t\t\t\t<div class=\"e-con-inner\">\n\t\t\t\t<div class=\"elementor-element elementor-element-b611926 elementor-widget elementor-widget-image\" data-id=\"b611926\" data-element_type=\"widget\" data-e-type=\"widget\" data-settings=\"{&quot;motion_fx_motion_fx_scrolling&quot;:&quot;yes&quot;,&quot;motion_fx_translateX_effect&quot;:&quot;yes&quot;,&quot;motion_fx_translateX_direction&quot;:&quot;negative&quot;,&quot;motion_fx_translateX_speed&quot;:{&quot;unit&quot;:&quot;px&quot;,&quot;size&quot;:1.5,&quot;sizes&quot;:[]},&quot;motion_fx_translateX_affectedRange&quot;:{&quot;unit&quot;:&quot;%&quot;,&quot;size&quot;:&quot;&quot;,&quot;sizes&quot;:{&quot;start&quot;:0,&quot;end&quot;:50}},&quot;sticky&quot;:&quot;top&quot;,&quot;sticky_on&quot;:[&quot;desktop&quot;,&quot;tablet&quot;],&quot;sticky_offset_tablet&quot;:70,&quot;sticky_parent&quot;:&quot;yes&quot;,&quot;sticky_offset&quot;:100,&quot;motion_fx_devices&quot;:[&quot;desktop&quot;,&quot;tablet&quot;,&quot;mobile&quot;],&quot;sticky_effects_offset&quot;:0,&quot;sticky_anchor_link_offset&quot;:0}\" data-widget_type=\"image.default\">\n\t\t\t\t<div class=\"elementor-widget-container\">\n\t\t\t\t\t\t\t\t\t\t\t\t\t\t\t<img decoding=\"async\" width=\"2439\" height=\"2560\" src=\"https:\/\/artapartamento.com\/wp-content\/uploads\/2026\/04\/069fb510-aabe-4ed4-8918-6a4e1b049f37.jpg.webp\" class=\"attachment-full size-full wp-image-19775\" alt=\"Orestes Hern\u00e1ndez\" srcset=\"https:\/\/artapartamento.com\/wp-content\/uploads\/2026\/04\/069fb510-aabe-4ed4-8918-6a4e1b049f37.jpg.webp 2439w, https:\/\/artapartamento.com\/wp-content\/uploads\/2026\/04\/069fb510-aabe-4ed4-8918-6a4e1b049f37-286x300.jpg.webp 286w, https:\/\/artapartamento.com\/wp-content\/uploads\/2026\/04\/069fb510-aabe-4ed4-8918-6a4e1b049f37-976x1024.jpg.webp 976w, https:\/\/artapartamento.com\/wp-content\/uploads\/2026\/04\/069fb510-aabe-4ed4-8918-6a4e1b049f37-768x806.jpg.webp 768w, https:\/\/artapartamento.com\/wp-content\/uploads\/2026\/04\/069fb510-aabe-4ed4-8918-6a4e1b049f37-1463x1536.jpg.webp 1463w, https:\/\/artapartamento.com\/wp-content\/uploads\/2026\/04\/069fb510-aabe-4ed4-8918-6a4e1b049f37-1951x2048.jpg.webp 1951w, https:\/\/artapartamento.com\/wp-content\/uploads\/2026\/04\/069fb510-aabe-4ed4-8918-6a4e1b049f37-11x12.jpg.webp 11w\" sizes=\"(max-width: 2439px) 100vw, 2439px\" \/>\t\t\t\t\t\t\t\t\t\t\t\t\t\t\t<\/div>\n\t\t\t\t<\/div>\n\t\t\t\t\t<\/div>\n\t\t\t\t<\/div>\n\t\t<div class=\"elementor-element elementor-element-58bee918 e-flex e-con-boxed e-con e-child\" data-id=\"58bee918\" data-element_type=\"container\" data-e-type=\"container\">\n\t\t\t\t\t<div class=\"e-con-inner\">\n\t\t\t\t<div class=\"elementor-element elementor-element-d19ee64 elementor-widget elementor-widget-text-editor\" data-id=\"d19ee64\" data-element_type=\"widget\" data-e-type=\"widget\" data-widget_type=\"text-editor.default\">\n\t\t\t\t<div class=\"elementor-widget-container\">\n\t\t\t\t\t\t\t\t\t<p style=\"font-weight: 400;\">Con la obra de Orestes Hern\u00e1ndez sucede algo sorprendente: luego de algunos a\u00f1os d\u00e1ndole vueltas creemos conocerla, entenderla, calibrarla, pero la verdad es que no conocemos nada. Se trata de una deficiencia que no es necesariamente nuestra, sino de eso que podr\u00edamos denominar \u201cfalla de origen\u201d. Cuando hablo de falla, enti\u00e9ndase, estoy refiri\u00e9ndome a trampas, a desajustes cognitivos y sem\u00e1nticos deliberados. Porque es eso lo que m\u00e1s interesa a Orestes: volver sobre el funcionamiento de las cosas (nuestra percepci\u00f3n de las cosas) e insistir en \u00e9l. Estirarlo, torcerlo, llevarlo al l\u00edmite hasta que el hueso del artificio se manifieste en su rabiosa materialidad. Y luego irse y dejarnos en tierra de nadie, pregunt\u00e1ndonos qui\u00e9nes son todos esos seres imposibles con los que nos abandon\u00f3. De esos personajes, por supuesto, tampoco sabemos nada, salvo que hablan su misma lengua y desde\u00f1an categor\u00edas tan preciadas para el arte como la representaci\u00f3n, la met\u00e1fora, la coherencia. En esa realidad sin asideros discursivos al uso, \u201cel secreto\u201d de una bestia alada no es otra cosa que eso: un secreto. \u00bfY de qu\u00e9 modo podr\u00edamos llegar a conocer lo que es, por naturaleza, incognoscible?<\/p><p style=\"font-weight: 400;\">En esta exposici\u00f3n nos toca lidiar de nuevo con el tanteo, aplicar una metodolog\u00eda de la improvisaci\u00f3n a la hora de aproximarnos a sus pinturas y esculturas. Las piezas aqu\u00ed reunidas, que trazan un arco de poco m\u00e1s de diez a\u00f1os dentro de su trabajo, nos permiten saltarnos las formalidades cronol\u00f3gicas, las etapas, los an\u00e1lisis coyunturales y adentrarnos en el cuerpo a cuerpo con esas criaturas que Orestes no para de producir. Es una buena oportunidad para seguirle dando vueltas a la tuerca inagotable de la ilusi\u00f3n y el desasosiego. \u201cProbar otra vez. Fallar otra vez. Fallar mejor.\u201d<\/p><p style=\"font-weight: 400;\">\u00a0 \u00a0 \u00a0 \u00a0 \u00a0 \u00a0 \u00a0 \u00a0 \u00a0 \u00a0 \u00a0 \u00a0 \u00a0 \u00a0 \u00a0 \u00a0 \u00a0 \u00a0 \u00a0 \u00a0 \u00a0 \u00a0 \u00a0 \u00a0 \u00a0 \u00a0 \u00a0 \u00a0 \u00a0 \u00a0 \u00a0 \u00a0 \u00a0 \u00a0 \u00a0 \u00a0 \u00a0 \u00a0 \u00a0 \u00a0 \u00a0 \u00a0 \u00a0 \u00a0 \u00a0 \u00a0 \u00a0 \u00a0 \u00a0 \u00a0 \u00a0 \u00a0 \u00a0 \u00a0Daleysi Moya \u00a0\u00a0\u00a0\u00a0\u00a0\u00a0\u00a0\u00a0\u00a0<\/p><p style=\"font-weight: 400;\">\u00a0<\/p>\t\t\t\t\t\t\t\t<\/div>\n\t\t\t\t<\/div>\n\t\t\t\t<div class=\"elementor-element elementor-element-57552ffb elementor-hidden-desktop elementor-hidden-tablet elementor-widget elementor-widget-image\" data-id=\"57552ffb\" data-element_type=\"widget\" data-e-type=\"widget\" data-settings=\"{&quot;motion_fx_motion_fx_scrolling&quot;:&quot;yes&quot;,&quot;motion_fx_translateX_effect&quot;:&quot;yes&quot;,&quot;motion_fx_translateX_direction&quot;:&quot;negative&quot;,&quot;motion_fx_translateX_speed&quot;:{&quot;unit&quot;:&quot;px&quot;,&quot;size&quot;:1.5,&quot;sizes&quot;:[]},&quot;motion_fx_translateX_affectedRange&quot;:{&quot;unit&quot;:&quot;%&quot;,&quot;size&quot;:&quot;&quot;,&quot;sizes&quot;:{&quot;start&quot;:0,&quot;end&quot;:50}},&quot;motion_fx_devices&quot;:[&quot;desktop&quot;]}\" data-widget_type=\"image.default\">\n\t\t\t\t<div class=\"elementor-widget-container\">\n\t\t\t\t\t\t\t\t\t\t\t\t\t\t\t<img decoding=\"async\" width=\"2439\" height=\"2560\" src=\"https:\/\/artapartamento.com\/wp-content\/uploads\/2026\/04\/069fb510-aabe-4ed4-8918-6a4e1b049f37.jpg.webp\" class=\"attachment-full size-full wp-image-19775\" alt=\"Orestes Hern\u00e1ndez\" srcset=\"https:\/\/artapartamento.com\/wp-content\/uploads\/2026\/04\/069fb510-aabe-4ed4-8918-6a4e1b049f37.jpg.webp 2439w, https:\/\/artapartamento.com\/wp-content\/uploads\/2026\/04\/069fb510-aabe-4ed4-8918-6a4e1b049f37-286x300.jpg.webp 286w, https:\/\/artapartamento.com\/wp-content\/uploads\/2026\/04\/069fb510-aabe-4ed4-8918-6a4e1b049f37-976x1024.jpg.webp 976w, https:\/\/artapartamento.com\/wp-content\/uploads\/2026\/04\/069fb510-aabe-4ed4-8918-6a4e1b049f37-768x806.jpg.webp 768w, https:\/\/artapartamento.com\/wp-content\/uploads\/2026\/04\/069fb510-aabe-4ed4-8918-6a4e1b049f37-1463x1536.jpg.webp 1463w, https:\/\/artapartamento.com\/wp-content\/uploads\/2026\/04\/069fb510-aabe-4ed4-8918-6a4e1b049f37-1951x2048.jpg.webp 1951w, https:\/\/artapartamento.com\/wp-content\/uploads\/2026\/04\/069fb510-aabe-4ed4-8918-6a4e1b049f37-11x12.jpg.webp 11w\" sizes=\"(max-width: 2439px) 100vw, 2439px\" \/>\t\t\t\t\t\t\t\t\t\t\t\t\t\t\t<\/div>\n\t\t\t\t<\/div>\n\t\t\t\t\t<\/div>\n\t\t\t\t<\/div>\n\t\t\t\t<\/div>\n\t\t<div class=\"elementor-element elementor-element-1589dde e-con-full e-flex e-con e-parent\" data-id=\"1589dde\" data-element_type=\"container\" data-e-type=\"container\" data-settings=\"{&quot;background_background&quot;:&quot;classic&quot;}\">\n\t\t<div class=\"elementor-element elementor-element-40932fee e-con-full e-flex e-con e-child\" data-id=\"40932fee\" data-element_type=\"container\" data-e-type=\"container\" data-settings=\"{&quot;background_background&quot;:&quot;classic&quot;}\">\n\t\t\t\t<div class=\"elementor-element elementor-element-653887a0 elementor-invisible elementor-widget elementor-widget-heading\" data-id=\"653887a0\" data-element_type=\"widget\" data-e-type=\"widget\" data-settings=\"{&quot;_animation&quot;:&quot;fadeInUp&quot;}\" data-widget_type=\"heading.default\">\n\t\t\t\t<div class=\"elementor-widget-container\">\n\t\t\t\t\t<h2 class=\"elementor-heading-title elementor-size-default\">obras<\/h2>\t\t\t\t<\/div>\n\t\t\t\t<\/div>\n\t\t\t\t<\/div>\n\t\t\t\t<\/div>\n\t\t<div class=\"elementor-element elementor-element-3646f5ba e-con-full e-flex e-con e-parent\" data-id=\"3646f5ba\" data-element_type=\"container\" data-e-type=\"container\" data-settings=\"{&quot;background_background&quot;:&quot;classic&quot;}\">\n\t\t<div class=\"elementor-element elementor-element-5fdc6e61 e-flex e-con-boxed elementor-invisible e-con e-child\" data-id=\"5fdc6e61\" data-element_type=\"container\" data-e-type=\"container\" data-settings=\"{&quot;animation&quot;:&quot;fadeInUp&quot;}\">\n\t\t\t\t\t<div class=\"e-con-inner\">\n\t\t\t\t<div class=\"elementor-element elementor-element-730031ab elementor-widget elementor-widget-image\" data-id=\"730031ab\" data-element_type=\"widget\" data-e-type=\"widget\" data-widget_type=\"image.default\">\n\t\t\t\t<div class=\"elementor-widget-container\">\n\t\t\t\t\t\t\t\t\t\t\t\t\t\t\t\t<a href=\"https:\/\/artapartamento.com\/wp-content\/uploads\/2026\/04\/176-image-scaled.jpg.webp\" data-elementor-open-lightbox=\"yes\" data-e-action-hash=\"#elementor-action%3Aaction%3Dlightbox%26settings%3DeyJpZCI6MTk3NzksInVybCI6Imh0dHBzOlwvXC9hcnRhcGFydGFtZW50by5jb21cL3dwLWNvbnRlbnRcL3VwbG9hZHNcLzIwMjZcLzA0XC8xNzYtaW1hZ2Utc2NhbGVkLmpwZy53ZWJwIn0%3D\">\n\t\t\t\t\t\t\t<img decoding=\"async\" width=\"2560\" height=\"1852\" src=\"https:\/\/artapartamento.com\/wp-content\/uploads\/2026\/04\/176-image-scaled.jpg.webp\" class=\"elementor-animation-grow attachment-full size-full wp-image-19779\" alt=\"Orestes Hern\u00e1ndez\" srcset=\"https:\/\/artapartamento.com\/wp-content\/uploads\/2026\/04\/176-image-scaled.jpg.webp 2560w, https:\/\/artapartamento.com\/wp-content\/uploads\/2026\/04\/176-image-300x217.jpg.webp 300w, https:\/\/artapartamento.com\/wp-content\/uploads\/2026\/04\/176-image-1024x741.jpg.webp 1024w, https:\/\/artapartamento.com\/wp-content\/uploads\/2026\/04\/176-image-768x556.jpg.webp 768w, https:\/\/artapartamento.com\/wp-content\/uploads\/2026\/04\/176-image-1536x1111.jpg.webp 1536w, https:\/\/artapartamento.com\/wp-content\/uploads\/2026\/04\/176-image-2048x1482.jpg.webp 2048w, https:\/\/artapartamento.com\/wp-content\/uploads\/2026\/04\/176-image-18x12.jpg.webp 18w\" sizes=\"(max-width: 2560px) 100vw, 2560px\" \/>\t\t\t\t\t\t\t\t<\/a>\n\t\t\t\t\t\t\t\t\t\t\t\t\t\t\t<\/div>\n\t\t\t\t<\/div>\n\t\t\t\t<div class=\"elementor-element elementor-element-72c50cc8 elementor-hidden-desktop elementor-hidden-tablet elementor-widget elementor-widget-text-editor\" data-id=\"72c50cc8\" data-element_type=\"widget\" data-e-type=\"widget\" data-widget_type=\"text-editor.default\">\n\t\t\t\t<div class=\"elementor-widget-container\">\n\t\t\t\t\t\t\t\t\t<div class=\"artist\"><strong>Orestes Hern\u00e1ndez<\/strong><\/div><div class=\"title\"><em>El secreto<\/em>, 2017<\/div><div class=\"dimensions\">162.8 x 183.9 x 69.8 cm<br \/>64 \u215b x 72 \u215c x 27 \u00bd in<\/div>\t\t\t\t\t\t\t\t<\/div>\n\t\t\t\t<\/div>\n\t\t\t\t\t<\/div>\n\t\t\t\t<\/div>\n\t\t<div class=\"elementor-element elementor-element-7dfa2e4c e-flex e-con-boxed elementor-invisible e-con e-child\" data-id=\"7dfa2e4c\" data-element_type=\"container\" data-e-type=\"container\" data-settings=\"{&quot;animation&quot;:&quot;fadeInUp&quot;}\">\n\t\t\t\t\t<div class=\"e-con-inner\">\n\t\t\t\t<div class=\"elementor-element elementor-element-349ee090 elementor-widget elementor-widget-image\" data-id=\"349ee090\" data-element_type=\"widget\" data-e-type=\"widget\" data-widget_type=\"image.default\">\n\t\t\t\t<div class=\"elementor-widget-container\">\n\t\t\t\t\t\t\t\t\t\t\t\t\t\t\t\t<a href=\"https:\/\/artapartamento.com\/wp-content\/uploads\/2026\/04\/2d9905af56de97c2922dce2aeff2ae3ej.jpg.webp\" data-elementor-open-lightbox=\"yes\" data-e-action-hash=\"#elementor-action%3Aaction%3Dlightbox%26settings%3DeyJpZCI6MTk3ODAsInVybCI6Imh0dHBzOlwvXC9hcnRhcGFydGFtZW50by5jb21cL3dwLWNvbnRlbnRcL3VwbG9hZHNcLzIwMjZcLzA0XC8yZDk5MDVhZjU2ZGU5N2MyOTIyZGNlMmFlZmYyYWUzZWouanBnLndlYnAifQ%3D%3D\">\n\t\t\t\t\t\t\t<img loading=\"lazy\" decoding=\"async\" width=\"584\" height=\"600\" src=\"https:\/\/artapartamento.com\/wp-content\/uploads\/2026\/04\/2d9905af56de97c2922dce2aeff2ae3ej.jpg.webp\" class=\"elementor-animation-grow attachment-full size-full wp-image-19780\" alt=\"Orestes Hern\u00e1ndez\" srcset=\"https:\/\/artapartamento.com\/wp-content\/uploads\/2026\/04\/2d9905af56de97c2922dce2aeff2ae3ej.jpg.webp 584w, https:\/\/artapartamento.com\/wp-content\/uploads\/2026\/04\/2d9905af56de97c2922dce2aeff2ae3ej.jpg-292x300.webp 292w, https:\/\/artapartamento.com\/wp-content\/uploads\/2026\/04\/2d9905af56de97c2922dce2aeff2ae3ej.jpg-12x12.webp 12w\" sizes=\"(max-width: 584px) 100vw, 584px\" \/>\t\t\t\t\t\t\t\t<\/a>\n\t\t\t\t\t\t\t\t\t\t\t\t\t\t\t<\/div>\n\t\t\t\t<\/div>\n\t\t\t\t<div class=\"elementor-element elementor-element-1ab2cbe6 elementor-hidden-desktop elementor-hidden-tablet elementor-widget elementor-widget-text-editor\" data-id=\"1ab2cbe6\" data-element_type=\"widget\" data-e-type=\"widget\" data-widget_type=\"text-editor.default\">\n\t\t\t\t<div class=\"elementor-widget-container\">\n\t\t\t\t\t\t\t\t\t<div class=\"artist\"><strong>Orestes Hern\u00e1ndez<\/strong><\/div><div class=\"title\"><em>Caminante a lo lejos<\/em>, 2025<\/div><div class=\"medium\">Acrylic paint on assembled wooden sculpture<\/div><div class=\"dimensions\">158 x 57 x 48 cm<br \/>62 \u00bc x 22 \u00bd x 18 \u215e in<\/div>\t\t\t\t\t\t\t\t<\/div>\n\t\t\t\t<\/div>\n\t\t\t\t\t<\/div>\n\t\t\t\t<\/div>\n\t\t<div class=\"elementor-element elementor-element-cdda147 e-flex e-con-boxed elementor-invisible e-con e-child\" data-id=\"cdda147\" data-element_type=\"container\" data-e-type=\"container\" data-settings=\"{&quot;animation&quot;:&quot;fadeInUp&quot;}\">\n\t\t\t\t\t<div class=\"e-con-inner\">\n\t\t\t\t<div class=\"elementor-element elementor-element-52517953 elementor-widget elementor-widget-image\" data-id=\"52517953\" data-element_type=\"widget\" data-e-type=\"widget\" data-widget_type=\"image.default\">\n\t\t\t\t<div class=\"elementor-widget-container\">\n\t\t\t\t\t\t\t\t\t\t\t\t\t\t\t\t<a href=\"https:\/\/artapartamento.com\/wp-content\/uploads\/2026\/04\/166-image-scaled.jpg.webp\" data-elementor-open-lightbox=\"yes\" data-e-action-hash=\"#elementor-action%3Aaction%3Dlightbox%26settings%3DeyJpZCI6MTk3ODIsInVybCI6Imh0dHBzOlwvXC9hcnRhcGFydGFtZW50by5jb21cL3dwLWNvbnRlbnRcL3VwbG9hZHNcLzIwMjZcLzA0XC8xNjYtaW1hZ2Utc2NhbGVkLmpwZy53ZWJwIn0%3D\">\n\t\t\t\t\t\t\t<img loading=\"lazy\" decoding=\"async\" width=\"2492\" height=\"2560\" src=\"https:\/\/artapartamento.com\/wp-content\/uploads\/2026\/04\/166-image-scaled.jpg.webp\" class=\"elementor-animation-grow attachment-full size-full wp-image-19782\" alt=\"Orestes Hern\u00e1ndez\" srcset=\"https:\/\/artapartamento.com\/wp-content\/uploads\/2026\/04\/166-image-scaled.jpg.webp 2492w, https:\/\/artapartamento.com\/wp-content\/uploads\/2026\/04\/166-image-292x300.jpg.webp 292w, https:\/\/artapartamento.com\/wp-content\/uploads\/2026\/04\/166-image-997x1024.jpg.webp 997w, https:\/\/artapartamento.com\/wp-content\/uploads\/2026\/04\/166-image-768x789.jpg.webp 768w, https:\/\/artapartamento.com\/wp-content\/uploads\/2026\/04\/166-image-1495x1536.jpg.webp 1495w, https:\/\/artapartamento.com\/wp-content\/uploads\/2026\/04\/166-image-1994x2048.jpg.webp 1994w, https:\/\/artapartamento.com\/wp-content\/uploads\/2026\/04\/166-image-12x12.jpg.webp 12w\" sizes=\"(max-width: 2492px) 100vw, 2492px\" \/>\t\t\t\t\t\t\t\t<\/a>\n\t\t\t\t\t\t\t\t\t\t\t\t\t\t\t<\/div>\n\t\t\t\t<\/div>\n\t\t\t\t<div class=\"elementor-element elementor-element-4f507ed6 elementor-hidden-desktop elementor-hidden-tablet elementor-widget elementor-widget-text-editor\" data-id=\"4f507ed6\" data-element_type=\"widget\" data-e-type=\"widget\" data-widget_type=\"text-editor.default\">\n\t\t\t\t<div class=\"elementor-widget-container\">\n\t\t\t\t\t\t\t\t\t<div class=\"artist\"><strong>Orestes Hern\u00e1ndez<\/strong><\/div><div class=\"title\"><em>Coraz\u00f3n<\/em>, 2025<\/div><div class=\"medium\">Acrylic paint on assembled wooden sculpture<\/div><div class=\"dimensions\">148 x 82 x 71 cm<br \/>58 \u00bc x 32 \u00bc x 28 in<\/div>\t\t\t\t\t\t\t\t<\/div>\n\t\t\t\t<\/div>\n\t\t\t\t\t<\/div>\n\t\t\t\t<\/div>\n\t\t\t\t<\/div>\n\t\t<div class=\"elementor-element elementor-element-1e87b2f5 e-con-full elementor-hidden-mobile e-flex e-con e-parent\" data-id=\"1e87b2f5\" data-element_type=\"container\" data-e-type=\"container\" data-settings=\"{&quot;background_background&quot;:&quot;classic&quot;}\">\n\t\t<div class=\"elementor-element elementor-element-780a7a7e e-flex e-con-boxed elementor-invisible e-con e-child\" data-id=\"780a7a7e\" data-element_type=\"container\" data-e-type=\"container\" data-settings=\"{&quot;animation&quot;:&quot;fadeIn&quot;}\">\n\t\t\t\t\t<div class=\"e-con-inner\">\n\t\t\t\t<div class=\"elementor-element elementor-element-246622a6 elementor-widget elementor-widget-text-editor\" data-id=\"246622a6\" data-element_type=\"widget\" data-e-type=\"widget\" data-widget_type=\"text-editor.default\">\n\t\t\t\t<div class=\"elementor-widget-container\">\n\t\t\t\t\t\t\t\t\t<div class=\"artist\"><strong>Orestes Hern\u00e1ndez<\/strong><\/div><div class=\"title\"><em>El secreto<\/em>, 2017<\/div><div class=\"dimensions\">162.8 x 183.9 x 69.8 cm<br \/>64 \u215b x 72 \u215c x 27 \u00bd in<\/div>\t\t\t\t\t\t\t\t<\/div>\n\t\t\t\t<\/div>\n\t\t\t\t\t<\/div>\n\t\t\t\t<\/div>\n\t\t<div class=\"elementor-element elementor-element-6ce0d6b5 e-flex e-con-boxed elementor-invisible e-con e-child\" data-id=\"6ce0d6b5\" data-element_type=\"container\" data-e-type=\"container\" data-settings=\"{&quot;animation&quot;:&quot;fadeIn&quot;}\">\n\t\t\t\t\t<div class=\"e-con-inner\">\n\t\t\t\t<div class=\"elementor-element elementor-element-3c45b056 elementor-widget elementor-widget-text-editor\" data-id=\"3c45b056\" data-element_type=\"widget\" data-e-type=\"widget\" data-widget_type=\"text-editor.default\">\n\t\t\t\t<div class=\"elementor-widget-container\">\n\t\t\t\t\t\t\t\t\t<div class=\"artist\"><strong>Orestes Hern\u00e1ndez<\/strong><\/div><div class=\"title\"><em>Caminante a lo lejos<\/em>, 2025<\/div><div class=\"medium\">Acrylic paint on assembled wooden sculpture<\/div><div class=\"dimensions\">158 x 57 x 48 cm<br \/>62 \u00bc x 22 \u00bd x 18 \u215e in<\/div>\t\t\t\t\t\t\t\t<\/div>\n\t\t\t\t<\/div>\n\t\t\t\t\t<\/div>\n\t\t\t\t<\/div>\n\t\t<div class=\"elementor-element elementor-element-5deaa56d e-flex e-con-boxed elementor-invisible e-con e-child\" data-id=\"5deaa56d\" data-element_type=\"container\" data-e-type=\"container\" data-settings=\"{&quot;animation&quot;:&quot;fadeIn&quot;}\">\n\t\t\t\t\t<div class=\"e-con-inner\">\n\t\t\t\t<div class=\"elementor-element elementor-element-652bbbcb elementor-widget elementor-widget-text-editor\" data-id=\"652bbbcb\" data-element_type=\"widget\" data-e-type=\"widget\" data-widget_type=\"text-editor.default\">\n\t\t\t\t<div class=\"elementor-widget-container\">\n\t\t\t\t\t\t\t\t\t<div class=\"artist\"><strong>Orestes Hern\u00e1ndez<\/strong><\/div><div class=\"title\"><em>Coraz\u00f3n<\/em>, 2025<\/div><div class=\"medium\">Acrylic paint on assembled wooden sculpture<\/div><div class=\"dimensions\">148 x 82 x 71 cm<br \/>58 \u00bc x 32 \u00bc x 28 in<\/div>\t\t\t\t\t\t\t\t<\/div>\n\t\t\t\t<\/div>\n\t\t\t\t\t<\/div>\n\t\t\t\t<\/div>\n\t\t\t\t<\/div>\n\t\t\t\t<\/div>\n\t\t","protected":false},"excerpt":{"rendered":"<p><strong>Orestes Hern\u00e1ndez<\/strong><br \/>Miami <br \/> Abril &#8211; Junio, 2026<\/p>","protected":false},"author":1,"featured_media":0,"parent":0,"menu_order":0,"comment_status":"closed","ping_status":"closed","template":"","meta":{"_acf_changed":false,"footnotes":"","_links_to":"","_links_to_target":""},"categories":[18],"tags":[],"class_list":["post-19767","page","type-page","status-publish","hentry","category-exposicion","post"],"acf":[],"aioseo_notices":[],"_links":{"self":[{"href":"https:\/\/artapartamento.com\/it\/wp-json\/wp\/v2\/pages\/19767","targetHints":{"allow":["GET"]}}],"collection":[{"href":"https:\/\/artapartamento.com\/it\/wp-json\/wp\/v2\/pages"}],"about":[{"href":"https:\/\/artapartamento.com\/it\/wp-json\/wp\/v2\/types\/page"}],"author":[{"embeddable":true,"href":"https:\/\/artapartamento.com\/it\/wp-json\/wp\/v2\/users\/1"}],"replies":[{"embeddable":true,"href":"https:\/\/artapartamento.com\/it\/wp-json\/wp\/v2\/comments?post=19767"}],"version-history":[{"count":16,"href":"https:\/\/artapartamento.com\/it\/wp-json\/wp\/v2\/pages\/19767\/revisions"}],"predecessor-version":[{"id":19794,"href":"https:\/\/artapartamento.com\/it\/wp-json\/wp\/v2\/pages\/19767\/revisions\/19794"}],"wp:attachment":[{"href":"https:\/\/artapartamento.com\/it\/wp-json\/wp\/v2\/media?parent=19767"}],"wp:term":[{"taxonomy":"category","embeddable":true,"href":"https:\/\/artapartamento.com\/it\/wp-json\/wp\/v2\/categories?post=19767"},{"taxonomy":"post_tag","embeddable":true,"href":"https:\/\/artapartamento.com\/it\/wp-json\/wp\/v2\/tags?post=19767"}],"curies":[{"name":"wp","href":"https:\/\/api.w.org\/{rel}","templated":true}]}}